{"id":33946,"date":"2023-08-08T13:29:34","date_gmt":"2023-08-08T13:29:34","guid":{"rendered":"https:\/\/evolve-fitness.eu\/product\/evolve-cpu-urethane-curl-fast-vaegtstang\/"},"modified":"2026-04-09T15:53:53","modified_gmt":"2026-04-09T12:53:53","slug":"evolve-cpu-urethane-curl-fast-vaegtstang","status":"publish","type":"product","link":"https:\/\/evolve-fitness.eu\/da\/vare\/evolve-cpu-urethane-curl-fast-vaegtstang\/","title":{"rendered":"Evolve CPU Urethane Curl fast v\u00e6gtstang (FB-UC)"},"content":{"rendered":"\n<section class=\"wp-block-group alignfull has-lightgray-background-color has-background is-layout-constrained wp-block-group-is-layout-constrained\">\n<div class=\"wp-block-columns alignwide is-layout-flex wp-container-core-columns-is-layout-2edb0647 wp-block-columns-is-layout-flex\" style=\"margin-top:0;margin-bottom:0\">\n<div class=\"wp-block-column is-layout-flow wp-block-column-is-layout-flow\" style=\"flex-basis:33.33%\"><\/div>\n\n\n\n<div class=\"wp-block-column is-layout-flow wp-block-column-is-layout-flow\" style=\"flex-basis:66.66%\"><\/div>\n<\/div>\n<\/section>\n\n<section class=\"wp-block-group alignfull black-content has-white-color has-darkgray-background-color has-text-color has-background is-layout-constrained wp-block-group-is-layout-constrained\" style=\"padding-top:var(--wp--preset--spacing--section-bottom);padding-bottom:var(--wp--preset--spacing--section-bottom)\">\n<div class=\"wp-block-columns alignwide is-layout-flex wp-container-core-columns-is-layout-c45ee707 wp-block-columns-is-layout-flex\" style=\"margin-bottom:var(--wp--preset--spacing--side-padding);padding-top:var(--wp--preset--spacing--side-padding)\">\n<div class=\"wp-block-column is-vertically-aligned-center is-layout-flow wp-block-column-is-layout-flow\">\n<h3 class=\"wp-block-heading\" style=\"margin-bottom:var(--wp--preset--spacing--h-3-bottom)\">L\u00f8ft dit fitnesscenter med Evolve<\/h3>\n\n\n\n<p><em><strong>Holdbar ydeevne og tilpasning til ejere af fitnesscentre<\/strong><\/em><\/p>\n\n\n\n<p style=\"margin-bottom:var(--wp--preset--spacing--tb-section-padding)\">F\u00e5 et nyt niveau af holdbarhed og alsidighed med Evolve Urethane Straight eller Curled Fixed Weight Barbell Set. Dette s\u00e6t er designet til at opfylde kravene fra kommercielle fitnesscentre og fitnessentusiaster i hjemmet og omdefinerer udholdenhed med f\u00f8rsteklasses urethanmateriale. Du beh\u00f8ver ikke bekymre dig om slitage, afskalning eller sk\u00e5r, da disse v\u00e6gtst\u00e6nger bevarer deres up\u00e5klagelige udseende over tid og er en omkostningseffektiv l\u00f8sning, der g\u00f8r det un\u00f8dvendigt at udskifte dem ofte.<\/p>\n<\/div>\n\n\n\n<div class=\"wp-block-column is-vertically-aligned-center is-layout-flow wp-block-column-is-layout-flow\">\n<div class=\"wp-block-columns is-layout-flex wp-container-core-columns-is-layout-9d6595d7 wp-block-columns-is-layout-flex\">\n<div class=\"wp-block-column is-layout-flow wp-block-column-is-layout-flow\">\n<figure class=\"wp-block-video\"><video height=\"2160\" style=\"aspect-ratio: 3840 \/ 2160;\" width=\"3840\" autoplay=\"\" controls=\"\" loop=\"\" muted=\"\" src=\"https:\/\/evolve-fitness.eu\/wp-content\/uploads\/2023\/12\/2-5.mp4\"><\/video><\/figure>\n<\/div>\n<\/div>\n<\/div>\n<\/div>\n\n\n\n<div class=\"wp-block-columns alignwide is-layout-flex wp-container-core-columns-is-layout-c45ee707 wp-block-columns-is-layout-flex\" style=\"margin-bottom:var(--wp--preset--spacing--side-padding);padding-top:var(--wp--preset--spacing--side-padding)\">\n<div class=\"wp-block-column is-vertically-aligned-center is-layout-flow wp-block-column-is-layout-flow\">\n<figure class=\"wp-block-image alignright size-large is-style-rounded\"><img loading=\"lazy\" decoding=\"async\" width=\"1024\" height=\"481\" src=\"https:\/\/evolve-fitness.eu\/wp-content\/uploads\/2023\/08\/Dizainas-be-pavadinimo-1024x481.png\" alt=\"\" class=\"wp-image-988\" srcset=\"https:\/\/evolve-fitness.eu\/wp-content\/uploads\/2023\/08\/Dizainas-be-pavadinimo-1024x481.png 1024w, https:\/\/evolve-fitness.eu\/wp-content\/uploads\/2023\/08\/Dizainas-be-pavadinimo-300x141.png 300w, https:\/\/evolve-fitness.eu\/wp-content\/uploads\/2023\/08\/Dizainas-be-pavadinimo-320x150.png 320w, https:\/\/evolve-fitness.eu\/wp-content\/uploads\/2023\/08\/Dizainas-be-pavadinimo-600x282.png 600w, https:\/\/evolve-fitness.eu\/wp-content\/uploads\/2023\/08\/Dizainas-be-pavadinimo-150x70.png 150w, https:\/\/evolve-fitness.eu\/wp-content\/uploads\/2023\/08\/Dizainas-be-pavadinimo-768x361.png 768w, https:\/\/evolve-fitness.eu\/wp-content\/uploads\/2023\/08\/Dizainas-be-pavadinimo.png 1080w\" sizes=\"auto, (max-width: 1024px) 100vw, 1024px\" \/><\/figure>\n<\/div>\n\n\n\n<div class=\"wp-block-column is-vertically-aligned-center is-layout-constrained wp-block-column-is-layout-constrained\">\n<h3 class=\"wp-block-heading\" style=\"margin-bottom:var(--wp--preset--spacing--h-3-bottom)\">Kan tilpasses og er stilfuld<\/h3>\n\n\n\n<p><strong><em><strong><em>L\u00f8ft dit fitnesscenters branding<\/em><\/strong><\/em><\/strong><\/p>\n\n\n\n<p style=\"margin-bottom:var(--wp--preset--spacing--tb-section-padding)\">Ud over deres enest\u00e5ende holdbarhed giver Evolve Urethane Straight eller Curled Fixed Weight Barbells mulighed for personlig tilpasning, s\u00e5 du kan \u00f8ge dit fitnesscenters unikke branding og visuelle effekt. Indarbejd dit fitnesscenters logo, og v\u00e6lg tilpassede farver, s\u00e5 dit fitnesscenter skiller sig ud og g\u00f8r et varigt indtryk p\u00e5 dine medlemmer.<\/p>\n<\/div>\n<\/div>\n\n\n\n<div class=\"wp-block-columns alignwide is-layout-flex wp-container-core-columns-is-layout-c45ee707 wp-block-columns-is-layout-flex\" style=\"margin-bottom:var(--wp--preset--spacing--side-padding);padding-top:var(--wp--preset--spacing--side-padding)\">\n<div class=\"wp-block-column is-vertically-aligned-center is-layout-flow wp-block-column-is-layout-flow\">\n<h3 class=\"wp-block-heading\" style=\"margin-bottom:var(--wp--preset--spacing--h-3-bottom)\">Lasersk\u00e5rne og urethan-infunderede logoer<\/h3>\n\n\n\n<p><strong><em>L\u00f8ft \u00e6stetikken uden at g\u00e5 p\u00e5 kompromis med ydeevnen<\/em><\/strong><\/p>\n\n\n\n<p style=\"margin-bottom:var(--wp--preset--spacing--tb-section-padding)\">Evolve Urethane Straight or Curled Fixed Weight Barbells er prydet med lasersk\u00e5rne logoer og holdbare v\u00e6gtangivelser i urethan og blander \u00e6stetisk appel med praktisk anvendelighed. Skift ubesv\u00e6ret mellem v\u00e6gtene under tr\u00e6ningen med disse tydelige markeringer, s\u00e5 dine medlemmer f\u00e5r en problemfri og effektiv tr\u00e6ningsoplevelse.<\/p>\n<\/div>\n\n\n\n<div class=\"wp-block-column is-vertically-aligned-center is-layout-flow wp-block-column-is-layout-flow\">\n<div class=\"wp-block-columns is-layout-flex wp-container-core-columns-is-layout-9d6595d7 wp-block-columns-is-layout-flex\">\n<div class=\"wp-block-column is-layout-flow wp-block-column-is-layout-flow\">\n<figure class=\"wp-block-image size-full is-style-rounded\"><img loading=\"lazy\" decoding=\"async\" width=\"606\" height=\"595\" src=\"https:\/\/evolve-fitness.eu\/wp-content\/uploads\/2023\/08\/TPU-fixed-barbells-edited.jpg\" alt=\"\" class=\"wp-image-1010\" srcset=\"https:\/\/evolve-fitness.eu\/wp-content\/uploads\/2023\/08\/TPU-fixed-barbells-edited.jpg 606w, https:\/\/evolve-fitness.eu\/wp-content\/uploads\/2023\/08\/TPU-fixed-barbells-edited-300x295.jpg 300w, https:\/\/evolve-fitness.eu\/wp-content\/uploads\/2023\/08\/TPU-fixed-barbells-edited-153x150.jpg 153w, https:\/\/evolve-fitness.eu\/wp-content\/uploads\/2023\/08\/TPU-fixed-barbells-edited-600x589.jpg 600w, https:\/\/evolve-fitness.eu\/wp-content\/uploads\/2023\/08\/TPU-fixed-barbells-edited-150x147.jpg 150w\" sizes=\"auto, (max-width: 606px) 100vw, 606px\" \/><\/figure>\n<\/div>\n<\/div>\n<\/div>\n<\/div>\n\n\n\n<div class=\"wp-block-columns alignwide is-layout-flex wp-container-core-columns-is-layout-c45ee707 wp-block-columns-is-layout-flex\" style=\"margin-bottom:var(--wp--preset--spacing--side-padding);padding-top:var(--wp--preset--spacing--side-padding)\">\n<div class=\"wp-block-column is-vertically-aligned-center is-layout-flow wp-block-column-is-layout-flow\">\n<figure class=\"wp-block-image size-full is-style-rounded\"><img loading=\"lazy\" decoding=\"async\" width=\"926\" height=\"1000\" src=\"https:\/\/evolve-fitness.eu\/wp-content\/uploads\/2023\/08\/grip.png\" alt=\"\" class=\"wp-image-1000\" srcset=\"https:\/\/evolve-fitness.eu\/wp-content\/uploads\/2023\/08\/grip.png 926w, https:\/\/evolve-fitness.eu\/wp-content\/uploads\/2023\/08\/grip-300x324.png 300w, https:\/\/evolve-fitness.eu\/wp-content\/uploads\/2023\/08\/grip-139x150.png 139w, https:\/\/evolve-fitness.eu\/wp-content\/uploads\/2023\/08\/grip-600x648.png 600w, https:\/\/evolve-fitness.eu\/wp-content\/uploads\/2023\/08\/grip-278x300.png 278w, https:\/\/evolve-fitness.eu\/wp-content\/uploads\/2023\/08\/grip-768x829.png 768w\" sizes=\"auto, (max-width: 926px) 100vw, 926px\" \/><\/figure>\n<\/div>\n\n\n\n<div class=\"wp-block-column is-vertically-aligned-center is-layout-flow wp-block-column-is-layout-flow\">\n<h3 class=\"wp-block-heading\" style=\"margin-bottom:var(--wp--preset--spacing--h-3-bottom)\">H\u00e5rdt forkromede riflede h\u00e5ndtag<\/h3>\n\n\n\n<p><strong><em>Et greb, der holder<\/em><\/strong><\/p>\n\n\n\n<p>Oplev uovertruffen greb og ydeevne med Evolve Urethane Fixed Weight Barbells. Disse v\u00e6gtst\u00e6nger har h\u00e5rdt forkromede, riflede h\u00e5ndtag og giver et urokkeligt greb selv under de mest kr\u00e6vende \u00f8velser. Det riflede design sikrer et solidt greb og suppleres af forkromning, der ikke kun forbedrer grebet, men ogs\u00e5 tilf\u00f8jer et elegant strejf af holdbarhed.<\/p>\n<\/div>\n<\/div>\n\n\n\n<div class=\"wp-block-columns alignwide is-layout-flex wp-container-core-columns-is-layout-c45ee707 wp-block-columns-is-layout-flex\" style=\"margin-bottom:var(--wp--preset--spacing--side-padding);padding-top:var(--wp--preset--spacing--side-padding)\">\n<div class=\"wp-block-column is-vertically-aligned-center is-layout-flow wp-block-column-is-layout-flow\">\n<h3 class=\"wp-block-heading\" style=\"margin-bottom:var(--wp--preset--spacing--h-3-bottom)\">Pr\u00e6cisionsfremstillet<\/h3>\n\n\n\n<p><strong><em>Konsekvent ekspertise<\/em><\/strong><\/p>\n\n\n\n<p style=\"margin-bottom:var(--wp--preset--spacing--tb-section-padding)\">V\u00e6r sikker p\u00e5 konsekvent ekspertise med Evolve Urethane Fixed Weight Barbells, der er pr\u00e6cisionsfremstillede. Gennem omhyggelig konstruktion leverer disse v\u00e6gtst\u00e6nger ensartet v\u00e6gt og urokkelig ydeevne, hvilket overg\u00e5r standardalternativer, der kan udvise v\u00e6gtforskelle.<\/p>\n\n\n\n<h3 class=\"wp-block-heading\" style=\"margin-bottom:var(--wp--preset--spacing--h-3-bottom)\">Sikkerhed og p\u00e5lidelighed<\/h3>\n\n\n\n<p><strong><em>En konsekvent tr\u00e6ningsoplevelse<\/em><\/strong><\/p>\n\n\n\n<p>Sikkerhed og p\u00e5lidelighed er altafg\u00f8rende, og Evolve Urethane Straight or Curled Fixed Weight Barbell Set lever op til denne forpligtelse. Disse v\u00e6gtst\u00e6nger best\u00e5r af et giftfrit og lugtfrit urethanmateriale af h\u00f8j kvalitet og skaber et sikkert og sundhedsbevidst tr\u00e6ningsmilj\u00f8. Den robuste konstruktion minimerer risikoen for brud eller sk\u00e5r, hvilket reducerer risikoen for skader under intense tr\u00e6ningspas.<\/p>\n<\/div>\n\n\n\n<div class=\"wp-block-column is-vertically-aligned-center is-layout-flow wp-block-column-is-layout-flow\">\n<div class=\"wp-block-columns is-layout-flex wp-container-core-columns-is-layout-9d6595d7 wp-block-columns-is-layout-flex\">\n<div class=\"wp-block-column is-layout-flow wp-block-column-is-layout-flow\">\n<figure class=\"wp-block-image size-full is-style-rounded\"><img loading=\"lazy\" decoding=\"async\" width=\"1000\" height=\"665\" src=\"https:\/\/evolve-fitness.eu\/wp-content\/uploads\/2023\/08\/Fixed-barbells-3.jpg\" alt=\"\" class=\"wp-image-992\" srcset=\"https:\/\/evolve-fitness.eu\/wp-content\/uploads\/2023\/08\/Fixed-barbells-3.jpg 1000w, https:\/\/evolve-fitness.eu\/wp-content\/uploads\/2023\/08\/Fixed-barbells-3-300x200.jpg 300w, https:\/\/evolve-fitness.eu\/wp-content\/uploads\/2023\/08\/Fixed-barbells-3-226x150.jpg 226w, https:\/\/evolve-fitness.eu\/wp-content\/uploads\/2023\/08\/Fixed-barbells-3-600x399.jpg 600w, https:\/\/evolve-fitness.eu\/wp-content\/uploads\/2023\/08\/Fixed-barbells-3-150x100.jpg 150w, https:\/\/evolve-fitness.eu\/wp-content\/uploads\/2023\/08\/Fixed-barbells-3-768x511.jpg 768w\" sizes=\"auto, (max-width: 1000px) 100vw, 1000px\" \/><\/figure>\n<\/div>\n<\/div>\n<\/div>\n<\/div>\n<\/section>\n","protected":false},"excerpt":{"rendered":"<p>L\u00f8ft kvaliteten i dit fitnesscenter med det holdbare og alsidige Evolve Urethane Straight or Curled Fixed Weight Barbell Set. Disse v\u00e6gtst\u00e6nger er fremstillet af f\u00f8rsteklasses urethanmateriale og er designet til at modst\u00e5 slid og bevare deres udseende. Du kan personligg\u00f8re dit fitnesscenters identitet med dit logo og dine farver, s\u00e5 dit sted skiller sig ud. Sikkerhed er en prioritet, da disse v\u00e6gtst\u00e6nger er fremstillet af sikker, lugtfri urethan. S\u00e6ttet f\u00e5s i forskellige v\u00e6gtvarianter fra 10 kg til 55 kg, som passer til forskellige fitnessniveauer. Du kan stole p\u00e5 deres konstante v\u00e6gt og ydeevne, og de klare logoer tilf\u00f8jer et strejf af stil. Opgrader dit fitnesscenter med det p\u00e5lidelige Evolve Urethane Straight or Curled Fixed Weight Barbell Set, der udstr\u00e5ler kvalitet og personlig ekspertise.      <\/p>\n","protected":false},"featured_media":33963,"template":"","meta":{"_acf_changed":false,"inline_featured_image":false},"product_brand":[],"product_cat":[1462,4141],"product_tag":[4149,4188,1125,4155,4181,4172,1492,1859,4163,4144],"class_list":{"0":"post-33946","1":"product","2":"type-product","3":"status-publish","4":"has-post-thumbnail","6":"product_cat-frie-vaegte","7":"product_cat-vaegtstaenger-med-fast-vaegt","8":"product_tag-fast-vaegtstang","9":"product_tag-hardt-forkromede-riflede-handtag","10":"product_tag-hjemmefitness","11":"product_tag-holdbarhed","12":"product_tag-infunderede-logoer","13":"product_tag-kommercielle-fitnesscentre","14":"product_tag-laserskaret","15":"product_tag-praecision","16":"product_tag-saet","17":"product_tag-urethane-krolle","19":"first","20":"instock","21":"shipping-taxable","22":"purchasable","23":"product-type-variable"},"acf":{"long_title":"Evolve CPU Urethane Curl fast v\u00e6gtstang (FB-UC)","subtitle":"","specifications":[{"label":"VARENUMMER","text_value":"EV-FB-UC","icon":"x"},{"label":"Interval for v\u00e6gtfor\u00f8gelse","text_value":"5 kg","icon":"x"},{"label":"Faste v\u00e6gtst\u00e6nger med en st\u00e5lkerne og en yderside, der er belagt med en flydende polyuretanmasse","text_value":"","icon":"v"},{"label":"V\u00e6gten er markeret p\u00e5 begge sider af hver fastmonteret v\u00e6gtstang.","text_value":"","icon":"v"},{"label":"Tilpasningsmuligheder","text_value":"Valg af logo og talfarver \/ Tilpasning til den \u00f8nskede indvendige identitet \/ Mulighed for at indgravere et brugerdefineret logo","icon":"x"},{"label":"Garanti","text_value":"5 \u00e5r","icon":"x"}]},"yoast_head":"<!-- This site is optimized with the Yoast SEO plugin v26.6 - https:\/\/yoast.com\/wordpress\/plugins\/seo\/ -->\n<title>Evolve CPU Urethane Curl fast v\u00e6gtstang (FB-UC) - Evolve<\/title>\n<meta name=\"robots\" content=\"index, follow, max-snippet:-1, max-image-preview:large, max-video-preview:-1\" \/>\n<link rel=\"canonical\" href=\"https:\/\/evolve-fitness.eu\/da\/vare\/evolve-cpu-urethane-curl-fast-vaegtstang\/\" \/>\n<meta property=\"og:locale\" content=\"da_DK\" \/>\n<meta property=\"og:type\" content=\"article\" \/>\n<meta property=\"og:title\" content=\"Evolve CPU Urethane Curl fast v\u00e6gtstang (FB-UC) - Evolve\" \/>\n<meta property=\"og:url\" content=\"https:\/\/evolve-fitness.eu\/da\/vare\/evolve-cpu-urethane-curl-fast-vaegtstang\/\" \/>\n<meta property=\"og:site_name\" content=\"Evolve\" \/>\n<meta property=\"article:publisher\" content=\"https:\/\/www.facebook.com\/EvolveFitnessEurope\" \/>\n<meta property=\"article:modified_time\" content=\"2026-04-09T12:53:53+00:00\" \/>\n<meta property=\"og:image\" content=\"https:\/\/evolve-fitness.eu\/wp-content\/uploads\/2023\/11\/Evolve-CPU-Urethane-Curl-Fixed-Barbells-2.png\" \/>\n\t<meta property=\"og:image:width\" content=\"680\" \/>\n\t<meta property=\"og:image:height\" content=\"600\" \/>\n\t<meta property=\"og:image:type\" content=\"image\/png\" \/>\n<meta name=\"twitter:card\" content=\"summary_large_image\" \/>\n<script type=\"application\/ld+json\" class=\"yoast-schema-graph\">{\"@context\":\"https:\/\/schema.org\",\"@graph\":[{\"@type\":\"WebPage\",\"@id\":\"https:\/\/evolve-fitness.eu\/da\/vare\/evolve-cpu-urethane-curl-fast-vaegtstang\/\",\"url\":\"https:\/\/evolve-fitness.eu\/da\/vare\/evolve-cpu-urethane-curl-fast-vaegtstang\/\",\"name\":\"Evolve CPU Urethane Curl fast v\u00e6gtstang (FB-UC) - Evolve\",\"isPartOf\":{\"@id\":\"https:\/\/evolve-fitness.eu\/da\/#website\"},\"primaryImageOfPage\":{\"@id\":\"https:\/\/evolve-fitness.eu\/da\/vare\/evolve-cpu-urethane-curl-fast-vaegtstang\/#primaryimage\"},\"image\":{\"@id\":\"https:\/\/evolve-fitness.eu\/da\/vare\/evolve-cpu-urethane-curl-fast-vaegtstang\/#primaryimage\"},\"thumbnailUrl\":\"https:\/\/evolve-fitness.eu\/wp-content\/uploads\/2023\/11\/Evolve-CPU-Urethane-Curl-Fixed-Barbells-2.png\",\"datePublished\":\"2023-08-08T13:29:34+00:00\",\"dateModified\":\"2026-04-09T12:53:53+00:00\",\"breadcrumb\":{\"@id\":\"https:\/\/evolve-fitness.eu\/da\/vare\/evolve-cpu-urethane-curl-fast-vaegtstang\/#breadcrumb\"},\"inLanguage\":\"da-DK\",\"potentialAction\":[{\"@type\":\"ReadAction\",\"target\":[\"https:\/\/evolve-fitness.eu\/da\/vare\/evolve-cpu-urethane-curl-fast-vaegtstang\/\"]}]},{\"@type\":\"ImageObject\",\"inLanguage\":\"da-DK\",\"@id\":\"https:\/\/evolve-fitness.eu\/da\/vare\/evolve-cpu-urethane-curl-fast-vaegtstang\/#primaryimage\",\"url\":\"https:\/\/evolve-fitness.eu\/wp-content\/uploads\/2023\/11\/Evolve-CPU-Urethane-Curl-Fixed-Barbells-2.png\",\"contentUrl\":\"https:\/\/evolve-fitness.eu\/wp-content\/uploads\/2023\/11\/Evolve-CPU-Urethane-Curl-Fixed-Barbells-2.png\",\"width\":680,\"height\":600,\"caption\":\"EV-FB-US\"},{\"@type\":\"BreadcrumbList\",\"@id\":\"https:\/\/evolve-fitness.eu\/da\/vare\/evolve-cpu-urethane-curl-fast-vaegtstang\/#breadcrumb\",\"itemListElement\":[{\"@type\":\"ListItem\",\"position\":1,\"name\":\"Home\",\"item\":\"https:\/\/evolve-fitness.eu\/da\/\"},{\"@type\":\"ListItem\",\"position\":2,\"name\":\"Produkter\",\"item\":\"https:\/\/evolve-fitness.eu\/da\/shop\/\"},{\"@type\":\"ListItem\",\"position\":3,\"name\":\"Evolve CPU Urethane Curl fast v\u00e6gtstang (FB-UC)\"}]},{\"@type\":\"WebSite\",\"@id\":\"https:\/\/evolve-fitness.eu\/da\/#website\",\"url\":\"https:\/\/evolve-fitness.eu\/da\/\",\"name\":\"Evolve\",\"description\":\"Your Evolved Gear Arrived\",\"publisher\":{\"@id\":\"https:\/\/evolve-fitness.eu\/da\/#organization\"},\"potentialAction\":[{\"@type\":\"SearchAction\",\"target\":{\"@type\":\"EntryPoint\",\"urlTemplate\":\"https:\/\/evolve-fitness.eu\/da\/?s={search_term_string}\"},\"query-input\":{\"@type\":\"PropertyValueSpecification\",\"valueRequired\":true,\"valueName\":\"search_term_string\"}}],\"inLanguage\":\"da-DK\"},{\"@type\":\"Organization\",\"@id\":\"https:\/\/evolve-fitness.eu\/da\/#organization\",\"name\":\"Evolve\",\"url\":\"https:\/\/evolve-fitness.eu\/da\/\",\"logo\":{\"@type\":\"ImageObject\",\"inLanguage\":\"da-DK\",\"@id\":\"https:\/\/evolve-fitness.eu\/da\/#\/schema\/logo\/image\/\",\"url\":\"https:\/\/evolve-fitness.eu\/wp-content\/uploads\/2023\/05\/Evolve-logo.svg\",\"contentUrl\":\"https:\/\/evolve-fitness.eu\/wp-content\/uploads\/2023\/05\/Evolve-logo.svg\",\"width\":176,\"height\":20,\"caption\":\"Evolve\"},\"image\":{\"@id\":\"https:\/\/evolve-fitness.eu\/da\/#\/schema\/logo\/image\/\"},\"sameAs\":[\"https:\/\/www.facebook.com\/EvolveFitnessEurope\"]}]}<\/script>\n<!-- \/ Yoast SEO plugin. -->","yoast_head_json":{"title":"Evolve CPU Urethane Curl fast v\u00e6gtstang (FB-UC) - Evolve","robots":{"index":"index","follow":"follow","max-snippet":"max-snippet:-1","max-image-preview":"max-image-preview:large","max-video-preview":"max-video-preview:-1"},"canonical":"https:\/\/evolve-fitness.eu\/da\/vare\/evolve-cpu-urethane-curl-fast-vaegtstang\/","og_locale":"da_DK","og_type":"article","og_title":"Evolve CPU Urethane Curl fast v\u00e6gtstang (FB-UC) - Evolve","og_url":"https:\/\/evolve-fitness.eu\/da\/vare\/evolve-cpu-urethane-curl-fast-vaegtstang\/","og_site_name":"Evolve","article_publisher":"https:\/\/www.facebook.com\/EvolveFitnessEurope","article_modified_time":"2026-04-09T12:53:53+00:00","og_image":[{"width":680,"height":600,"url":"https:\/\/evolve-fitness.eu\/wp-content\/uploads\/2023\/11\/Evolve-CPU-Urethane-Curl-Fixed-Barbells-2.png","type":"image\/png"}],"twitter_card":"summary_large_image","schema":{"@context":"https:\/\/schema.org","@graph":[{"@type":"WebPage","@id":"https:\/\/evolve-fitness.eu\/da\/vare\/evolve-cpu-urethane-curl-fast-vaegtstang\/","url":"https:\/\/evolve-fitness.eu\/da\/vare\/evolve-cpu-urethane-curl-fast-vaegtstang\/","name":"Evolve CPU Urethane Curl fast v\u00e6gtstang (FB-UC) - Evolve","isPartOf":{"@id":"https:\/\/evolve-fitness.eu\/da\/#website"},"primaryImageOfPage":{"@id":"https:\/\/evolve-fitness.eu\/da\/vare\/evolve-cpu-urethane-curl-fast-vaegtstang\/#primaryimage"},"image":{"@id":"https:\/\/evolve-fitness.eu\/da\/vare\/evolve-cpu-urethane-curl-fast-vaegtstang\/#primaryimage"},"thumbnailUrl":"https:\/\/evolve-fitness.eu\/wp-content\/uploads\/2023\/11\/Evolve-CPU-Urethane-Curl-Fixed-Barbells-2.png","datePublished":"2023-08-08T13:29:34+00:00","dateModified":"2026-04-09T12:53:53+00:00","breadcrumb":{"@id":"https:\/\/evolve-fitness.eu\/da\/vare\/evolve-cpu-urethane-curl-fast-vaegtstang\/#breadcrumb"},"inLanguage":"da-DK","potentialAction":[{"@type":"ReadAction","target":["https:\/\/evolve-fitness.eu\/da\/vare\/evolve-cpu-urethane-curl-fast-vaegtstang\/"]}]},{"@type":"ImageObject","inLanguage":"da-DK","@id":"https:\/\/evolve-fitness.eu\/da\/vare\/evolve-cpu-urethane-curl-fast-vaegtstang\/#primaryimage","url":"https:\/\/evolve-fitness.eu\/wp-content\/uploads\/2023\/11\/Evolve-CPU-Urethane-Curl-Fixed-Barbells-2.png","contentUrl":"https:\/\/evolve-fitness.eu\/wp-content\/uploads\/2023\/11\/Evolve-CPU-Urethane-Curl-Fixed-Barbells-2.png","width":680,"height":600,"caption":"EV-FB-US"},{"@type":"BreadcrumbList","@id":"https:\/\/evolve-fitness.eu\/da\/vare\/evolve-cpu-urethane-curl-fast-vaegtstang\/#breadcrumb","itemListElement":[{"@type":"ListItem","position":1,"name":"Home","item":"https:\/\/evolve-fitness.eu\/da\/"},{"@type":"ListItem","position":2,"name":"Produkter","item":"https:\/\/evolve-fitness.eu\/da\/shop\/"},{"@type":"ListItem","position":3,"name":"Evolve CPU Urethane Curl fast v\u00e6gtstang (FB-UC)"}]},{"@type":"WebSite","@id":"https:\/\/evolve-fitness.eu\/da\/#website","url":"https:\/\/evolve-fitness.eu\/da\/","name":"Evolve","description":"Your Evolved Gear Arrived","publisher":{"@id":"https:\/\/evolve-fitness.eu\/da\/#organization"},"potentialAction":[{"@type":"SearchAction","target":{"@type":"EntryPoint","urlTemplate":"https:\/\/evolve-fitness.eu\/da\/?s={search_term_string}"},"query-input":{"@type":"PropertyValueSpecification","valueRequired":true,"valueName":"search_term_string"}}],"inLanguage":"da-DK"},{"@type":"Organization","@id":"https:\/\/evolve-fitness.eu\/da\/#organization","name":"Evolve","url":"https:\/\/evolve-fitness.eu\/da\/","logo":{"@type":"ImageObject","inLanguage":"da-DK","@id":"https:\/\/evolve-fitness.eu\/da\/#\/schema\/logo\/image\/","url":"https:\/\/evolve-fitness.eu\/wp-content\/uploads\/2023\/05\/Evolve-logo.svg","contentUrl":"https:\/\/evolve-fitness.eu\/wp-content\/uploads\/2023\/05\/Evolve-logo.svg","width":176,"height":20,"caption":"Evolve"},"image":{"@id":"https:\/\/evolve-fitness.eu\/da\/#\/schema\/logo\/image\/"},"sameAs":["https:\/\/www.facebook.com\/EvolveFitnessEurope"]}]}},"_links":{"self":[{"href":"https:\/\/evolve-fitness.eu\/da\/wp-json\/wp\/v2\/product\/33946","targetHints":{"allow":["GET"]}}],"collection":[{"href":"https:\/\/evolve-fitness.eu\/da\/wp-json\/wp\/v2\/product"}],"about":[{"href":"https:\/\/evolve-fitness.eu\/da\/wp-json\/wp\/v2\/types\/product"}],"wp:featuredmedia":[{"embeddable":true,"href":"https:\/\/evolve-fitness.eu\/da\/wp-json\/wp\/v2\/media\/33963"}],"wp:attachment":[{"href":"https:\/\/evolve-fitness.eu\/da\/wp-json\/wp\/v2\/media?parent=33946"}],"wp:term":[{"taxonomy":"product_brand","embeddable":true,"href":"https:\/\/evolve-fitness.eu\/da\/wp-json\/wp\/v2\/product_brand?post=33946"},{"taxonomy":"product_cat","embeddable":true,"href":"https:\/\/evolve-fitness.eu\/da\/wp-json\/wp\/v2\/product_cat?post=33946"},{"taxonomy":"product_tag","embeddable":true,"href":"https:\/\/evolve-fitness.eu\/da\/wp-json\/wp\/v2\/product_tag?post=33946"}],"curies":[{"name":"wp","href":"https:\/\/api.w.org\/{rel}","templated":true}]}}