{"id":36267,"date":"2023-10-05T09:48:28","date_gmt":"2023-10-05T09:48:28","guid":{"rendered":"https:\/\/evolve-fitness.eu\/product\/evolve-cpu-kofangerplade-i-urethan-5-25-kg\/"},"modified":"2026-03-27T08:35:34","modified_gmt":"2026-03-27T06:35:34","slug":"evolve-cpu-kofangerplade-i-urethan-5-25-kg","status":"publish","type":"product","link":"https:\/\/evolve-fitness.eu\/da\/vare\/evolve-cpu-kofangerplade-i-urethan-5-25-kg\/","title":{"rendered":"CPU-kofangerplade i urethan 5-25 kg"},"content":{"rendered":"\n<section class=\"wp-block-group alignfull has-lightgray-background-color has-background is-layout-constrained wp-block-group-is-layout-constrained\">\n<div class=\"wp-block-columns alignwide is-layout-flex wp-container-core-columns-is-layout-2edb0647 wp-block-columns-is-layout-flex\" style=\"margin-top:0;margin-bottom:0\">\n<div class=\"wp-block-column is-layout-flow wp-block-column-is-layout-flow\" style=\"flex-basis:33.33%\"><\/div>\n\n\n\n<div class=\"wp-block-column is-layout-flow wp-block-column-is-layout-flow\" style=\"flex-basis:66.66%\"><\/div>\n<\/div>\n<\/section>\n\n<section class=\"wp-block-group alignfull black-content has-white-color has-darkgray-background-color has-text-color has-background is-layout-constrained wp-block-group-is-layout-constrained\" style=\"padding-top:var(--wp--preset--spacing--section-bottom);padding-bottom:var(--wp--preset--spacing--section-bottom)\">\n<h3 class=\"wp-block-heading has-text-align-center\" style=\"margin-bottom:var(--wp--preset--spacing--tb-section-padding)\">Teknisk kort<\/h3>\n\n\n\n<div class=\"wp-block-columns alignwide mobile-reverse is-layout-flex wp-container-core-columns-is-layout-ca64bf2d wp-block-columns-is-layout-flex\" style=\"margin-bottom:var(--wp--preset--spacing--side-padding)\">\n<div class=\"wp-block-column is-layout-flow wp-block-column-is-layout-flow\">\n<figure class=\"wp-block-image aligncenter size-large\"><img loading=\"lazy\" decoding=\"async\" width=\"1024\" height=\"683\" src=\"https:\/\/evolve-fitness.eu\/wp-content\/uploads\/2023\/10\/Tehcnical-card-EV-WP-UB-1-1024x683.jpg\" alt=\"\" class=\"wp-image-196422\" srcset=\"https:\/\/evolve-fitness.eu\/wp-content\/uploads\/2023\/10\/Tehcnical-card-EV-WP-UB-1-1024x683.jpg 1024w, https:\/\/evolve-fitness.eu\/wp-content\/uploads\/2023\/10\/Tehcnical-card-EV-WP-UB-1-300x200.jpg 300w, https:\/\/evolve-fitness.eu\/wp-content\/uploads\/2023\/10\/Tehcnical-card-EV-WP-UB-1-150x100.jpg 150w, https:\/\/evolve-fitness.eu\/wp-content\/uploads\/2023\/10\/Tehcnical-card-EV-WP-UB-1-768x512.jpg 768w, https:\/\/evolve-fitness.eu\/wp-content\/uploads\/2023\/10\/Tehcnical-card-EV-WP-UB-1-1536x1024.jpg 1536w, https:\/\/evolve-fitness.eu\/wp-content\/uploads\/2023\/10\/Tehcnical-card-EV-WP-UB-1-2048x1365.jpg 2048w, https:\/\/evolve-fitness.eu\/wp-content\/uploads\/2023\/10\/Tehcnical-card-EV-WP-UB-1-600x400.jpg 600w, https:\/\/evolve-fitness.eu\/wp-content\/uploads\/2023\/10\/Tehcnical-card-EV-WP-UB-1-225x150.jpg 225w\" sizes=\"auto, (max-width: 1024px) 100vw, 1024px\" \/><\/figure>\n<\/div>\n<\/div>\n\n\n\n<div class=\"wp-block-columns alignwide is-layout-flex wp-container-core-columns-is-layout-c45ee707 wp-block-columns-is-layout-flex\" style=\"margin-bottom:var(--wp--preset--spacing--side-padding);padding-top:var(--wp--preset--spacing--side-padding)\">\n<div class=\"wp-block-column is-vertically-aligned-center is-layout-flow wp-block-column-is-layout-flow\">\n<figure class=\"wp-block-image size-large is-resized is-style-rounded\"><img loading=\"lazy\" decoding=\"async\" width=\"1024\" height=\"1024\" src=\"https:\/\/evolve-fitness.eu\/wp-content\/uploads\/2023\/10\/Evolve-CPU-Urethane-Bumpers-2-1024x1024.png\" alt=\"\" class=\"wp-image-4285\" style=\"object-fit:cover;width:680px;height:600px\" srcset=\"https:\/\/evolve-fitness.eu\/wp-content\/uploads\/2023\/10\/Evolve-CPU-Urethane-Bumpers-2-1024x1024.png 1024w, https:\/\/evolve-fitness.eu\/wp-content\/uploads\/2023\/10\/Evolve-CPU-Urethane-Bumpers-2-300x300.png 300w, https:\/\/evolve-fitness.eu\/wp-content\/uploads\/2023\/10\/Evolve-CPU-Urethane-Bumpers-2-150x150.png 150w, https:\/\/evolve-fitness.eu\/wp-content\/uploads\/2023\/10\/Evolve-CPU-Urethane-Bumpers-2-600x600.png 600w, https:\/\/evolve-fitness.eu\/wp-content\/uploads\/2023\/10\/Evolve-CPU-Urethane-Bumpers-2-768x768.png 768w, https:\/\/evolve-fitness.eu\/wp-content\/uploads\/2023\/10\/Evolve-CPU-Urethane-Bumpers-2-1536x1536.png 1536w, https:\/\/evolve-fitness.eu\/wp-content\/uploads\/2023\/10\/Evolve-CPU-Urethane-Bumpers-2-2048x2048.png 2048w\" sizes=\"auto, (max-width: 1024px) 100vw, 1024px\" \/><\/figure>\n<\/div>\n\n\n\n<div class=\"wp-block-column is-vertically-aligned-center is-layout-constrained wp-block-column-is-layout-constrained\">\n<h3 class=\"wp-block-heading\" style=\"margin-bottom:var(--wp--preset--spacing--h-3-bottom)\">CPU-urethan-bel\u00e6gning  <\/h3>\n\n\n\n<p><strong><em><strong><em>Ultimativ holdbarhed<\/em><\/strong><\/em><\/strong><\/p>\n\n\n\n<p style=\"margin-bottom:var(--wp--preset--spacing--tb-section-padding)\">Oplev den enest\u00e5ende holdbarhed af CPU Urethane-bel\u00e6gning til fitnessudstyr. I mods\u00e6tning til gummi forbliver CPU Urethane u\u00e6ndret i udseende, selv efter mange \u00e5rs konstant brug, takket v\u00e6re dets UV-, brud-, varme- og slidstyrke. Den lugtfri sammens\u00e6tning og enest\u00e5ende styrke g\u00f8r det til et ideelt valg til at beskytte gulvet i fitnesscentre, reducere tr\u00e6ningsst\u00f8j og give en langsigtet, omkostningseffektiv l\u00f8sning til b\u00e5de private og kommercielle fitnesscentre. Invester i kvalitet, der holder, med CPU Urethane.<\/p>\n<\/div>\n<\/div>\n\n\n\n<div class=\"wp-block-columns alignwide is-layout-flex wp-container-core-columns-is-layout-c45ee707 wp-block-columns-is-layout-flex\" style=\"margin-bottom:var(--wp--preset--spacing--side-padding);padding-top:var(--wp--preset--spacing--side-padding)\">\n<div class=\"wp-block-column is-vertically-aligned-center is-layout-flow wp-block-column-is-layout-flow\">\n<h3 class=\"wp-block-heading\" style=\"margin-bottom:var(--wp--preset--spacing--h-3-bottom)\">Logo og v\u00e6gtangivelse<\/h3>\n\n\n\n<p><em><strong>Pr\u00e6cisionsfremstillet<\/strong><\/em><\/p>\n\n\n\n<p>Vores v\u00e6gtnumre er omhyggeligt lasersk\u00e5ret og ekspertst\u00f8bt, hvilket sikrer et rent og splintfrit udseende, der udstr\u00e5ler h\u00e5ndv\u00e6rk og pr\u00e6cision. Vi g\u00e5r en ekstra mil for at garantere varig kvalitet ved at tilf\u00f8re b\u00e5de tal og logoer urethan af h\u00f8jeste kvalitet. Denne innovative proces skaber ikke kun st\u00e6rke og levende farver, men sikrer ogs\u00e5, at de holder i lang tid og ikke falmer eller slides.<\/p>\n<\/div>\n\n\n\n<div class=\"wp-block-column is-vertically-aligned-center is-layout-flow wp-block-column-is-layout-flow\">\n<div class=\"wp-block-columns is-layout-flex wp-container-core-columns-is-layout-9d6595d7 wp-block-columns-is-layout-flex\">\n<div class=\"wp-block-column is-layout-flow wp-block-column-is-layout-flow\">\n<figure class=\"wp-block-image size-large is-resized is-style-rounded\"><img loading=\"lazy\" decoding=\"async\" width=\"2560\" height=\"1916\" src=\"https:\/\/evolve-fitness.eu\/wp-content\/uploads\/2023\/10\/Bumper-plate-1-edited-scaled.jpg\" alt=\"\" class=\"wp-image-4289\" style=\"object-fit:cover;width:680px;height:600px\" srcset=\"https:\/\/evolve-fitness.eu\/wp-content\/uploads\/2023\/10\/Bumper-plate-1-edited-scaled.jpg 2560w, https:\/\/evolve-fitness.eu\/wp-content\/uploads\/2023\/10\/Bumper-plate-1-edited-300x224.jpg 300w, https:\/\/evolve-fitness.eu\/wp-content\/uploads\/2023\/10\/Bumper-plate-1-edited-scaled-200x150.jpg 200w, https:\/\/evolve-fitness.eu\/wp-content\/uploads\/2023\/10\/Bumper-plate-1-edited-scaled-600x449.jpg 600w, https:\/\/evolve-fitness.eu\/wp-content\/uploads\/2023\/10\/Bumper-plate-1-edited-1024x766.jpg 1024w, https:\/\/evolve-fitness.eu\/wp-content\/uploads\/2023\/10\/Bumper-plate-1-edited-150x112.jpg 150w, https:\/\/evolve-fitness.eu\/wp-content\/uploads\/2023\/10\/Bumper-plate-1-edited-768x575.jpg 768w, https:\/\/evolve-fitness.eu\/wp-content\/uploads\/2023\/10\/Bumper-plate-1-edited-1536x1149.jpg 1536w, https:\/\/evolve-fitness.eu\/wp-content\/uploads\/2023\/10\/Bumper-plate-1-edited-2048x1532.jpg 2048w\" sizes=\"auto, (max-width: 2560px) 100vw, 2560px\" \/><\/figure>\n<\/div>\n<\/div>\n<\/div>\n<\/div>\n\n\n\n<div class=\"wp-block-columns alignwide is-layout-flex wp-container-core-columns-is-layout-c45ee707 wp-block-columns-is-layout-flex\" style=\"margin-bottom:var(--wp--preset--spacing--side-padding);padding-top:var(--wp--preset--spacing--side-padding)\">\n<div class=\"wp-block-column is-vertically-aligned-center is-layout-flow wp-block-column-is-layout-flow\">\n<figure class=\"wp-block-image size-large is-resized is-style-rounded\"><img loading=\"lazy\" decoding=\"async\" width=\"1024\" height=\"863\" src=\"https:\/\/evolve-fitness.eu\/wp-content\/uploads\/2023\/10\/Barbell-1024x863.png\" alt=\"\" class=\"wp-image-4279\" style=\"object-fit:cover;width:671px;height:592px\" srcset=\"https:\/\/evolve-fitness.eu\/wp-content\/uploads\/2023\/10\/Barbell-1024x863.png 1024w, https:\/\/evolve-fitness.eu\/wp-content\/uploads\/2023\/10\/Barbell-300x253.png 300w, https:\/\/evolve-fitness.eu\/wp-content\/uploads\/2023\/10\/Barbell-178x150.png 178w, https:\/\/evolve-fitness.eu\/wp-content\/uploads\/2023\/10\/Barbell-600x505.png 600w, https:\/\/evolve-fitness.eu\/wp-content\/uploads\/2023\/10\/Barbell-150x126.png 150w, https:\/\/evolve-fitness.eu\/wp-content\/uploads\/2023\/10\/Barbell-768x647.png 768w, https:\/\/evolve-fitness.eu\/wp-content\/uploads\/2023\/10\/Barbell-1536x1294.png 1536w, https:\/\/evolve-fitness.eu\/wp-content\/uploads\/2023\/10\/Barbell-2048x1725.png 2048w\" sizes=\"auto, (max-width: 1024px) 100vw, 1024px\" \/><\/figure>\n<\/div>\n\n\n\n<div class=\"wp-block-column is-vertically-aligned-center is-layout-flow wp-block-column-is-layout-flow\">\n<h3 class=\"wp-block-heading\" style=\"margin-bottom:var(--wp--preset--spacing--h-3-bottom)\"><strong>Perfektioneret pr\u00e6cision<\/strong><\/h3>\n\n\n\n<p><strong><em><strong>CPU-kofangere i urethan<\/strong><\/em><\/strong><\/p>\n\n\n\n<p>Oplev uovertruffen pr\u00e6cision med Evolve CPU Urethane Bumpers. Vores bumpere er omhyggeligt kalibrerede og har en bem\u00e6rkelsesv\u00e6rdig v\u00e6gt-tolerance p\u00e5 kun +\/- 2 gram &#8211; hvilket s\u00e6tter standarden for n\u00e6sten fejlfri pr\u00e6cision i fitnessudstyrets verden. L\u00f8ft din tr\u00e6ning med selvtillid takket v\u00e6re vores pr\u00e6cisionsudviklede bumpere.<\/p>\n<\/div>\n<\/div>\n<\/section>\n","protected":false},"excerpt":{"rendered":"<p>Evolve CPU kofangerplader i urethan. Disse f\u00f8rsteklasses plader har en enest\u00e5ende holdbarhed med en UV- og slidst\u00e6rk urethanbel\u00e6gning. De er pr\u00e6cisions-kalibrerede med en n\u00f8jagtighed p\u00e5 +\/- 2 gram og har lasersk\u00e5rne v\u00e6gtnumre og logoer, der er tilf\u00f8rt urethan for at holde liv i dem. Evolve CPU Urethane Bumper Plates er ideelle til b\u00e5de private og kommercielle fitnesscentre og er en \u00f8konomisk, langsigtet investering i ydeevne og holdbarhed.<\/p>\n","protected":false},"featured_media":126997,"template":"","meta":{"_acf_changed":false,"inline_featured_image":false},"product_brand":[],"product_cat":[13036,1462,1467],"product_tag":[],"class_list":{"0":"post-36267","1":"product","2":"type-product","3":"status-publish","4":"has-post-thumbnail","6":"product_cat-hyrox-gear","7":"product_cat-frie-vaegte","8":"product_cat-vaegtskiver","10":"first","11":"instock","12":"shipping-taxable","13":"purchasable","14":"product-type-variable"},"acf":{"long_title":"Evolve CPU kofangerplade i urethan 5-25 kg","subtitle":"","specifications":[{"label":"VARENUMMER","text_value":"EV-WP-UB","icon":"x"},{"label":"5 kg tykkelse","text_value":"21 mm","icon":"x"},{"label":"10 kg tykkelse","text_value":"39 mm","icon":"x"},{"label":"15 kg tykkelse","text_value":"47 mm","icon":"x"},{"label":"20 kg tykkelse","text_value":"52 mm","icon":"x"},{"label":"25 kg tykkelse","text_value":"59 mm","icon":"x"},{"label":"Indvendig muffe af st\u00e5l med en diameter","text_value":"51 mm","icon":"x"},{"label":"Diameter (h\u00f8jde) p\u00e5 alle v\u00e6gte","text_value":"450 mm","icon":"x"},{"label":"Lasersk\u00e5ret, urethan-infunderet logo og v\u00e6gtangivelse","text_value":"","icon":"v"},{"label":"St\u00e5lnav i \u00e9t stykke uden bolte eller svejsninger","text_value":"","icon":"v"},{"label":"Urethanbel\u00e6gning for maksimal holdbarhed","text_value":"","icon":"v"},{"label":"V\u00e6gtkernen er lavet af st\u00e5l, mens ydersiden er belagt ved at st\u00f8be en flydende polyuretanforbindelse","text_value":"3%","icon":"v"},{"label":"Tolerance for v\u00e6gt","text_value":"3 %","icon":"x"},{"label":"V\u00e6gten er markeret p\u00e5 begge sider","text_value":"Valg af logo og talfarver \/ Tilpasning til den \u00f8nskede indvendige identitet \/ Mulighed for at indgravere et brugerdefineret logo","icon":"v"},{"label":"Tilpasningsmuligheder","text_value":"Valg af logo og talfarver \/ Tilpasning til den \u00f8nskede indvendige identitet \/ Mulighed for at indgravere et brugerdefineret logo","icon":"x"},{"label":"Garanti","text_value":"3 \u00e5r","icon":"x"}]},"yoast_head":"<!-- This site is optimized with the Yoast SEO plugin v26.6 - https:\/\/yoast.com\/wordpress\/plugins\/seo\/ -->\n<title>Urethane Bumper Plate 5-25 kg til fitnesscenter og hjemmet - Evolve<\/title>\n<meta name=\"description\" content=\"Urethan kofangerplader 5-25 kg: Holdbare, UV-bestandige og pr\u00e6cisionskalibrerede. Perfekt til hjemmet eller kommercielle fitnesscentre, bygget til varig ydeevne.\" \/>\n<meta name=\"robots\" content=\"index, follow, max-snippet:-1, max-image-preview:large, max-video-preview:-1\" \/>\n<link rel=\"canonical\" href=\"https:\/\/evolve-fitness.eu\/da\/vare\/evolve-cpu-kofangerplade-i-urethan-5-25-kg\/\" \/>\n<meta property=\"og:locale\" content=\"da_DK\" \/>\n<meta property=\"og:type\" content=\"article\" \/>\n<meta property=\"og:title\" content=\"Urethane Bumper Plate 5-25 kg til fitnesscenter og hjemmet - Evolve\" \/>\n<meta property=\"og:description\" content=\"Urethan kofangerplader 5-25 kg: Holdbare, UV-bestandige og pr\u00e6cisionskalibrerede. Perfekt til hjemmet eller kommercielle fitnesscentre, bygget til varig ydeevne.\" \/>\n<meta property=\"og:url\" content=\"https:\/\/evolve-fitness.eu\/da\/vare\/evolve-cpu-kofangerplade-i-urethan-5-25-kg\/\" \/>\n<meta property=\"og:site_name\" content=\"Evolve\" \/>\n<meta property=\"article:publisher\" content=\"https:\/\/www.facebook.com\/EvolveFitnessEurope\" \/>\n<meta property=\"article:modified_time\" content=\"2026-03-27T06:35:34+00:00\" \/>\n<meta property=\"og:image\" content=\"https:\/\/evolve-fitness.eu\/wp-content\/uploads\/2023\/10\/Evolve-CPU-Urethane-Bumper-Plate-5-25-kg.png\" \/>\n\t<meta property=\"og:image:width\" content=\"680\" \/>\n\t<meta property=\"og:image:height\" content=\"600\" \/>\n\t<meta property=\"og:image:type\" content=\"image\/png\" \/>\n<meta name=\"twitter:card\" content=\"summary_large_image\" \/>\n<script type=\"application\/ld+json\" class=\"yoast-schema-graph\">{\"@context\":\"https:\/\/schema.org\",\"@graph\":[{\"@type\":\"WebPage\",\"@id\":\"https:\/\/evolve-fitness.eu\/da\/vare\/evolve-cpu-kofangerplade-i-urethan-5-25-kg\/\",\"url\":\"https:\/\/evolve-fitness.eu\/da\/vare\/evolve-cpu-kofangerplade-i-urethan-5-25-kg\/\",\"name\":\"Urethane Bumper Plate 5-25 kg til fitnesscenter og hjemmet - Evolve\",\"isPartOf\":{\"@id\":\"https:\/\/evolve-fitness.eu\/da\/#website\"},\"primaryImageOfPage\":{\"@id\":\"https:\/\/evolve-fitness.eu\/da\/vare\/evolve-cpu-kofangerplade-i-urethan-5-25-kg\/#primaryimage\"},\"image\":{\"@id\":\"https:\/\/evolve-fitness.eu\/da\/vare\/evolve-cpu-kofangerplade-i-urethan-5-25-kg\/#primaryimage\"},\"thumbnailUrl\":\"https:\/\/evolve-fitness.eu\/wp-content\/uploads\/2023\/10\/Evolve-CPU-Urethane-Bumper-Plate-5-25-kg.png\",\"datePublished\":\"2023-10-05T09:48:28+00:00\",\"dateModified\":\"2026-03-27T06:35:34+00:00\",\"description\":\"Urethan kofangerplader 5-25 kg: Holdbare, UV-bestandige og pr\u00e6cisionskalibrerede. Perfekt til hjemmet eller kommercielle fitnesscentre, bygget til varig ydeevne.\",\"breadcrumb\":{\"@id\":\"https:\/\/evolve-fitness.eu\/da\/vare\/evolve-cpu-kofangerplade-i-urethan-5-25-kg\/#breadcrumb\"},\"inLanguage\":\"da-DK\",\"potentialAction\":[{\"@type\":\"ReadAction\",\"target\":[\"https:\/\/evolve-fitness.eu\/da\/vare\/evolve-cpu-kofangerplade-i-urethan-5-25-kg\/\"]}]},{\"@type\":\"ImageObject\",\"inLanguage\":\"da-DK\",\"@id\":\"https:\/\/evolve-fitness.eu\/da\/vare\/evolve-cpu-kofangerplade-i-urethan-5-25-kg\/#primaryimage\",\"url\":\"https:\/\/evolve-fitness.eu\/wp-content\/uploads\/2023\/10\/Evolve-CPU-Urethane-Bumper-Plate-5-25-kg.png\",\"contentUrl\":\"https:\/\/evolve-fitness.eu\/wp-content\/uploads\/2023\/10\/Evolve-CPU-Urethane-Bumper-Plate-5-25-kg.png\",\"width\":680,\"height\":600},{\"@type\":\"BreadcrumbList\",\"@id\":\"https:\/\/evolve-fitness.eu\/da\/vare\/evolve-cpu-kofangerplade-i-urethan-5-25-kg\/#breadcrumb\",\"itemListElement\":[{\"@type\":\"ListItem\",\"position\":1,\"name\":\"Home\",\"item\":\"https:\/\/evolve-fitness.eu\/da\/\"},{\"@type\":\"ListItem\",\"position\":2,\"name\":\"Produkter\",\"item\":\"https:\/\/evolve-fitness.eu\/da\/shop\/\"},{\"@type\":\"ListItem\",\"position\":3,\"name\":\"CPU-kofangerplade i urethan 5-25 kg\"}]},{\"@type\":\"WebSite\",\"@id\":\"https:\/\/evolve-fitness.eu\/da\/#website\",\"url\":\"https:\/\/evolve-fitness.eu\/da\/\",\"name\":\"Evolve\",\"description\":\"Your Evolved Gear Arrived\",\"publisher\":{\"@id\":\"https:\/\/evolve-fitness.eu\/da\/#organization\"},\"potentialAction\":[{\"@type\":\"SearchAction\",\"target\":{\"@type\":\"EntryPoint\",\"urlTemplate\":\"https:\/\/evolve-fitness.eu\/da\/?s={search_term_string}\"},\"query-input\":{\"@type\":\"PropertyValueSpecification\",\"valueRequired\":true,\"valueName\":\"search_term_string\"}}],\"inLanguage\":\"da-DK\"},{\"@type\":\"Organization\",\"@id\":\"https:\/\/evolve-fitness.eu\/da\/#organization\",\"name\":\"Evolve\",\"url\":\"https:\/\/evolve-fitness.eu\/da\/\",\"logo\":{\"@type\":\"ImageObject\",\"inLanguage\":\"da-DK\",\"@id\":\"https:\/\/evolve-fitness.eu\/da\/#\/schema\/logo\/image\/\",\"url\":\"https:\/\/evolve-fitness.eu\/wp-content\/uploads\/2023\/05\/Evolve-logo.svg\",\"contentUrl\":\"https:\/\/evolve-fitness.eu\/wp-content\/uploads\/2023\/05\/Evolve-logo.svg\",\"width\":176,\"height\":20,\"caption\":\"Evolve\"},\"image\":{\"@id\":\"https:\/\/evolve-fitness.eu\/da\/#\/schema\/logo\/image\/\"},\"sameAs\":[\"https:\/\/www.facebook.com\/EvolveFitnessEurope\"]}]}<\/script>\n<!-- \/ Yoast SEO plugin. -->","yoast_head_json":{"title":"Urethane Bumper Plate 5-25 kg til fitnesscenter og hjemmet - Evolve","description":"Urethan kofangerplader 5-25 kg: Holdbare, UV-bestandige og pr\u00e6cisionskalibrerede. Perfekt til hjemmet eller kommercielle fitnesscentre, bygget til varig ydeevne.","robots":{"index":"index","follow":"follow","max-snippet":"max-snippet:-1","max-image-preview":"max-image-preview:large","max-video-preview":"max-video-preview:-1"},"canonical":"https:\/\/evolve-fitness.eu\/da\/vare\/evolve-cpu-kofangerplade-i-urethan-5-25-kg\/","og_locale":"da_DK","og_type":"article","og_title":"Urethane Bumper Plate 5-25 kg til fitnesscenter og hjemmet - Evolve","og_description":"Urethan kofangerplader 5-25 kg: Holdbare, UV-bestandige og pr\u00e6cisionskalibrerede. Perfekt til hjemmet eller kommercielle fitnesscentre, bygget til varig ydeevne.","og_url":"https:\/\/evolve-fitness.eu\/da\/vare\/evolve-cpu-kofangerplade-i-urethan-5-25-kg\/","og_site_name":"Evolve","article_publisher":"https:\/\/www.facebook.com\/EvolveFitnessEurope","article_modified_time":"2026-03-27T06:35:34+00:00","og_image":[{"width":680,"height":600,"url":"https:\/\/evolve-fitness.eu\/wp-content\/uploads\/2023\/10\/Evolve-CPU-Urethane-Bumper-Plate-5-25-kg.png","type":"image\/png"}],"twitter_card":"summary_large_image","schema":{"@context":"https:\/\/schema.org","@graph":[{"@type":"WebPage","@id":"https:\/\/evolve-fitness.eu\/da\/vare\/evolve-cpu-kofangerplade-i-urethan-5-25-kg\/","url":"https:\/\/evolve-fitness.eu\/da\/vare\/evolve-cpu-kofangerplade-i-urethan-5-25-kg\/","name":"Urethane Bumper Plate 5-25 kg til fitnesscenter og hjemmet - Evolve","isPartOf":{"@id":"https:\/\/evolve-fitness.eu\/da\/#website"},"primaryImageOfPage":{"@id":"https:\/\/evolve-fitness.eu\/da\/vare\/evolve-cpu-kofangerplade-i-urethan-5-25-kg\/#primaryimage"},"image":{"@id":"https:\/\/evolve-fitness.eu\/da\/vare\/evolve-cpu-kofangerplade-i-urethan-5-25-kg\/#primaryimage"},"thumbnailUrl":"https:\/\/evolve-fitness.eu\/wp-content\/uploads\/2023\/10\/Evolve-CPU-Urethane-Bumper-Plate-5-25-kg.png","datePublished":"2023-10-05T09:48:28+00:00","dateModified":"2026-03-27T06:35:34+00:00","description":"Urethan kofangerplader 5-25 kg: Holdbare, UV-bestandige og pr\u00e6cisionskalibrerede. Perfekt til hjemmet eller kommercielle fitnesscentre, bygget til varig ydeevne.","breadcrumb":{"@id":"https:\/\/evolve-fitness.eu\/da\/vare\/evolve-cpu-kofangerplade-i-urethan-5-25-kg\/#breadcrumb"},"inLanguage":"da-DK","potentialAction":[{"@type":"ReadAction","target":["https:\/\/evolve-fitness.eu\/da\/vare\/evolve-cpu-kofangerplade-i-urethan-5-25-kg\/"]}]},{"@type":"ImageObject","inLanguage":"da-DK","@id":"https:\/\/evolve-fitness.eu\/da\/vare\/evolve-cpu-kofangerplade-i-urethan-5-25-kg\/#primaryimage","url":"https:\/\/evolve-fitness.eu\/wp-content\/uploads\/2023\/10\/Evolve-CPU-Urethane-Bumper-Plate-5-25-kg.png","contentUrl":"https:\/\/evolve-fitness.eu\/wp-content\/uploads\/2023\/10\/Evolve-CPU-Urethane-Bumper-Plate-5-25-kg.png","width":680,"height":600},{"@type":"BreadcrumbList","@id":"https:\/\/evolve-fitness.eu\/da\/vare\/evolve-cpu-kofangerplade-i-urethan-5-25-kg\/#breadcrumb","itemListElement":[{"@type":"ListItem","position":1,"name":"Home","item":"https:\/\/evolve-fitness.eu\/da\/"},{"@type":"ListItem","position":2,"name":"Produkter","item":"https:\/\/evolve-fitness.eu\/da\/shop\/"},{"@type":"ListItem","position":3,"name":"CPU-kofangerplade i urethan 5-25 kg"}]},{"@type":"WebSite","@id":"https:\/\/evolve-fitness.eu\/da\/#website","url":"https:\/\/evolve-fitness.eu\/da\/","name":"Evolve","description":"Your Evolved Gear Arrived","publisher":{"@id":"https:\/\/evolve-fitness.eu\/da\/#organization"},"potentialAction":[{"@type":"SearchAction","target":{"@type":"EntryPoint","urlTemplate":"https:\/\/evolve-fitness.eu\/da\/?s={search_term_string}"},"query-input":{"@type":"PropertyValueSpecification","valueRequired":true,"valueName":"search_term_string"}}],"inLanguage":"da-DK"},{"@type":"Organization","@id":"https:\/\/evolve-fitness.eu\/da\/#organization","name":"Evolve","url":"https:\/\/evolve-fitness.eu\/da\/","logo":{"@type":"ImageObject","inLanguage":"da-DK","@id":"https:\/\/evolve-fitness.eu\/da\/#\/schema\/logo\/image\/","url":"https:\/\/evolve-fitness.eu\/wp-content\/uploads\/2023\/05\/Evolve-logo.svg","contentUrl":"https:\/\/evolve-fitness.eu\/wp-content\/uploads\/2023\/05\/Evolve-logo.svg","width":176,"height":20,"caption":"Evolve"},"image":{"@id":"https:\/\/evolve-fitness.eu\/da\/#\/schema\/logo\/image\/"},"sameAs":["https:\/\/www.facebook.com\/EvolveFitnessEurope"]}]}},"_links":{"self":[{"href":"https:\/\/evolve-fitness.eu\/da\/wp-json\/wp\/v2\/product\/36267","targetHints":{"allow":["GET"]}}],"collection":[{"href":"https:\/\/evolve-fitness.eu\/da\/wp-json\/wp\/v2\/product"}],"about":[{"href":"https:\/\/evolve-fitness.eu\/da\/wp-json\/wp\/v2\/types\/product"}],"wp:featuredmedia":[{"embeddable":true,"href":"https:\/\/evolve-fitness.eu\/da\/wp-json\/wp\/v2\/media\/126997"}],"wp:attachment":[{"href":"https:\/\/evolve-fitness.eu\/da\/wp-json\/wp\/v2\/media?parent=36267"}],"wp:term":[{"taxonomy":"product_brand","embeddable":true,"href":"https:\/\/evolve-fitness.eu\/da\/wp-json\/wp\/v2\/product_brand?post=36267"},{"taxonomy":"product_cat","embeddable":true,"href":"https:\/\/evolve-fitness.eu\/da\/wp-json\/wp\/v2\/product_cat?post=36267"},{"taxonomy":"product_tag","embeddable":true,"href":"https:\/\/evolve-fitness.eu\/da\/wp-json\/wp\/v2\/product_tag?post=36267"}],"curies":[{"name":"wp","href":"https:\/\/api.w.org\/{rel}","templated":true}]}}