{"id":39794,"date":"2023-11-28T12:33:13","date_gmt":"2023-11-28T12:33:13","guid":{"rendered":"https:\/\/evolve-fitness.eu\/product\/evolve-hr-208-halvt-stativ\/"},"modified":"2026-03-31T15:59:39","modified_gmt":"2026-03-31T12:59:39","slug":"evolve-hr-208-halvt-stativ","status":"publish","type":"product","link":"https:\/\/evolve-fitness.eu\/da\/vare\/evolve-hr-208-halvt-stativ\/","title":{"rendered":"Evolve HR-208 halvt stativ"},"content":{"rendered":"\n<section class=\"wp-block-group alignfull has-lightgray-background-color has-background is-layout-constrained wp-block-group-is-layout-constrained\">\n<div class=\"wp-block-columns alignwide is-layout-flex wp-container-core-columns-is-layout-2edb0647 wp-block-columns-is-layout-flex\" style=\"margin-top:0;margin-bottom:0\">\n<div class=\"wp-block-column is-layout-flow wp-block-column-is-layout-flow\" style=\"flex-basis:33.33%\"><\/div>\n\n\n\n<div class=\"wp-block-column is-layout-flow wp-block-column-is-layout-flow\" style=\"flex-basis:66.66%\"><\/div>\n<\/div>\n<\/section>\n\n<section class=\"wp-block-group alignfull black-content has-white-color has-darkgray-background-color has-text-color has-background is-layout-constrained wp-block-group-is-layout-constrained\" style=\"padding-top:var(--wp--preset--spacing--section-bottom);padding-bottom:var(--wp--preset--spacing--section-bottom)\">\n<div class=\"wp-block-columns alignwide mobile-reverse is-layout-flex wp-container-core-columns-is-layout-ca64bf2d wp-block-columns-is-layout-flex\" style=\"margin-bottom:var(--wp--preset--spacing--side-padding)\">\n<div class=\"wp-block-column is-vertically-aligned-center is-layout-flow wp-block-column-is-layout-flow\">\n<h3 class=\"wp-block-heading\" style=\"margin-bottom:var(--wp--preset--spacing--h-3-bottom)\"><strong><strong><strong><strong><strong><strong><strong>robust og alsidig konstruktion<\/strong><\/strong><\/strong><\/strong><\/strong><\/strong><\/strong><\/h3>\n\n\n\n<p>Evolve HR-208 Half Rack er et robust og alsidigt styrketr\u00e6ningsudstyr, der er ideelt til kommercielle fitnesscentre. Disse funktioner g\u00f8r den til et fremragende valg til en r\u00e6kke styrke\u00f8velser, der underst\u00f8tter forskellige tr\u00e6ningsrutiner med fokus p\u00e5 langsigtet p\u00e5lidelighed. Evolve HR-208 Half Rack er designet til at rumme en bred vifte af styrketr\u00e6nings\u00f8velser. De justerbare funktioner, herunder J-kroge og sikkerhedsst\u00e6nger, giver alsidighed til \u00f8velser som squat, b\u00e6nkpres og d\u00f8dl\u00f8ft. Dette stativ har ogs\u00e5 en pull-up-stang med flere greb, hvilket forbedrer tr\u00e6ningsmulighederne for overkroppen.<\/p>\n<\/div>\n\n\n\n<div class=\"wp-block-column is-vertically-aligned-center is-layout-flow wp-block-column-is-layout-flow\">\n<figure class=\"wp-block-video\"><video height=\"2160\" style=\"aspect-ratio: 3840 \/ 2160;\" width=\"3840\" autoplay=\"\" controls=\"\" loop=\"\" muted=\"\" src=\"https:\/\/evolve-fitness.eu\/wp-content\/uploads\/2023\/12\/3.mp4\"><\/video><\/figure>\n<\/div>\n<\/div>\n\n\n\n<div class=\"wp-block-columns alignwide mobile-reverse is-layout-flex wp-container-core-columns-is-layout-ca64bf2d wp-block-columns-is-layout-flex\" style=\"margin-bottom:var(--wp--preset--spacing--side-padding)\">\n<div class=\"wp-block-column is-vertically-aligned-center is-layout-flow wp-block-column-is-layout-flow\">\n<figure class=\"wp-block-video\"><video height=\"1080\" style=\"aspect-ratio: 1920 \/ 1080;\" width=\"1920\" autoplay=\"\" controls=\"\" loop=\"\" muted=\"\" src=\"https:\/\/evolve-fitness.eu\/wp-content\/uploads\/2024\/02\/ER-PR-HR-208-3D.mp4\"><\/video><\/figure>\n<\/div>\n\n\n\n<div class=\"wp-block-column is-vertically-aligned-center is-layout-flow wp-block-column-is-layout-flow\">\n<h3 class=\"wp-block-heading\" style=\"margin-bottom:var(--wp--preset--spacing--h-3-bottom)\"><strong><strong><strong><strong><strong><strong><strong>3D-monteringsvideo til Evolve HR-208 Half Rack<\/strong><\/strong><\/strong><\/strong><\/strong><\/strong><\/strong><\/h3>\n\n\n\n<p>I denne 3D-samlevideo giver vi dig en unik mulighed for virkelig at forst\u00e5 og visualisere, hvordan dit Evolve HR-208 Half Rack samles fra individuelle komponenter til sin endelige, robuste form. Vores avancerede 3D-renderingsteknologi giver dig et uovertruffent perspektiv, s\u00e5 du kan se pr\u00e6cist, hvordan hver del h\u00e6nger sammen og bidrager til den overordnede struktur. Efterh\u00e5nden som samlingen skrider frem, vil du se dit half rack forvandle sig lige for \u00f8jnene af dig, og ved slutningen af videoen vil du have en omfattende forst\u00e5else af dets endelige udseende, hvilket sikrer, at det passer problemfrit ind i dit fitnessrum, samtidig med at det leverer f\u00f8rsteklasses ydeevne.<\/p>\n<\/div>\n<\/div>\n\n\n\n<div class=\"wp-block-columns alignwide is-layout-flex wp-container-core-columns-is-layout-c45ee707 wp-block-columns-is-layout-flex\" style=\"margin-bottom:var(--wp--preset--spacing--side-padding);padding-top:var(--wp--preset--spacing--side-padding)\">\n<div class=\"wp-block-column is-vertically-aligned-center is-layout-constrained wp-block-column-is-layout-constrained\">\n<h3 class=\"wp-block-heading\" style=\"margin-bottom:var(--wp--preset--spacing--h-3-bottom)\"><strong><strong><strong><strong><strong><strong><strong><strong>KOMPAKT <\/strong><\/strong><\/strong><\/strong><\/strong><\/strong><\/strong><\/strong>og stabilt design<\/h3>\n\n\n\n<p>Den har et robust 3 mm tykt pulverlakeret stel, der kan b\u00e6re op til 1000 kg, hvilket sikrer holdbarhed og sikkerhed. Det kompakte design g\u00f8r den velegnet til mindre rum, mens den stadig giver den robusthed, der er n\u00f8dvendig til tunge l\u00f8ft. Stativets design er optimeret til stabilitet, hvilket sikrer, at det forbliver sikkert under intens tr\u00e6ning. Det g\u00f8r den til et sikkert og p\u00e5lideligt valg for b\u00e5de nybegyndere og erfarne l\u00f8ftere, hvilket bidrager til et effektivt tr\u00e6ningsmilj\u00f8. Det integrerede v\u00e6gtopbevaringssystem hj\u00e6lper med at holde tr\u00e6ningsomr\u00e5det ryddeligt og sikkert.<\/p>\n<\/div>\n\n\n\n<div class=\"wp-block-column is-vertically-aligned-center is-layout-flow wp-block-column-is-layout-flow\">\n<figure class=\"wp-block-image size-large\"><img loading=\"lazy\" decoding=\"async\" width=\"683\" height=\"1024\" src=\"https:\/\/evolve-fitness.eu\/wp-content\/uploads\/2023\/11\/A7_06155-683x1024.jpg\" alt=\"\" class=\"wp-image-8010\" srcset=\"https:\/\/evolve-fitness.eu\/wp-content\/uploads\/2023\/11\/A7_06155-683x1024.jpg 683w, https:\/\/evolve-fitness.eu\/wp-content\/uploads\/2023\/11\/A7_06155-300x450.jpg 300w, https:\/\/evolve-fitness.eu\/wp-content\/uploads\/2023\/11\/A7_06155-100x150.jpg 100w, https:\/\/evolve-fitness.eu\/wp-content\/uploads\/2023\/11\/A7_06155-600x900.jpg 600w, https:\/\/evolve-fitness.eu\/wp-content\/uploads\/2023\/11\/A7_06155-200x300.jpg 200w, https:\/\/evolve-fitness.eu\/wp-content\/uploads\/2023\/11\/A7_06155-768x1152.jpg 768w, https:\/\/evolve-fitness.eu\/wp-content\/uploads\/2023\/11\/A7_06155-1024x1536.jpg 1024w, https:\/\/evolve-fitness.eu\/wp-content\/uploads\/2023\/11\/A7_06155.jpg 1280w\" sizes=\"auto, (max-width: 683px) 100vw, 683px\" \/><\/figure>\n<\/div>\n<\/div>\n\n\n\n<div class=\"wp-block-columns alignwide is-layout-flex wp-container-core-columns-is-layout-c45ee707 wp-block-columns-is-layout-flex\" style=\"margin-bottom:var(--wp--preset--spacing--side-padding);padding-top:var(--wp--preset--spacing--side-padding)\">\n<div class=\"wp-block-column is-vertically-aligned-center is-layout-flow wp-block-column-is-layout-flow\">\n<figure class=\"wp-block-video\"><video height=\"2160\" style=\"aspect-ratio: 3840 \/ 2160;\" width=\"3840\" autoplay=\"\" controls=\"\" loop=\"\" muted=\"\" src=\"https:\/\/evolve-fitness.eu\/wp-content\/uploads\/2023\/12\/2-6.mp4\"><\/video><\/figure>\n<\/div>\n\n\n\n<div class=\"wp-block-column is-vertically-aligned-center is-layout-constrained wp-block-column-is-layout-constrained\">\n<h3 class=\"wp-block-heading\" style=\"margin-bottom:var(--wp--preset--spacing--h-3-bottom)\"><strong><strong><strong><strong><strong><strong><strong>pr\u00e6cision og funktionalitet<\/strong><\/strong><\/strong><\/strong><\/strong><\/strong><\/strong><\/h3>\n\n\n\n<p>De pr\u00e6cisionslasersk\u00e5rne huller og numre p\u00e5 Evolve HR-208 Half Rack \u00f8ger funktionaliteten og brugervenligheden. Disse funktioner giver mulighed for hurtig og pr\u00e6cis justering af J-kroge og sikkerhedsb\u00f8jler, hvilket sikrer effektiv ops\u00e6tning til forskellige \u00f8velser. De tydeligt markerede tal hj\u00e6lper ogs\u00e5 med at sikre symmetri i stangplaceringen, hvilket er afg\u00f8rende for afbalanceret tr\u00e6ning og skadesforebyggelse.<\/p>\n<\/div>\n<\/div>\n<\/section>\n","protected":false},"excerpt":{"rendered":"<p>L\u00f8ft din styrketr\u00e6ning til nye h\u00f8jder med Evolve Half Rack, der er designet til kommerciel brug. Dette robuste stativ har en 3 mm tyk pulverlakeret ramme, der sikrer holdbarhed og en maksimal belastningskapacitet p\u00e5 op til 1000 kg. Lasersk\u00e5rne huller og numre samt robotsvejsede s\u00f8mme garanterer pr\u00e6cision og lang levetid. Pakken indeholder otte v\u00e6gtholdere, sikkerhedsst\u00e6nger til squat, en vandret v\u00e6gtstangsholder, en lodret v\u00e6gtstangsholder og en tv\u00e6rstang. Bem\u00e6rk venligst, at den viste v\u00e6gtstang ikke er inkluderet i pakken. Oplev intens styrketr\u00e6ning med Evolve Half Rack, hvor der ikke kun er lagt v\u00e6gt p\u00e5 effektivitet, men ogs\u00e5 p\u00e5 langsigtet p\u00e5lidelighed.<\/p>\n","protected":false},"featured_media":39795,"template":"","meta":{"_acf_changed":false,"inline_featured_image":false},"product_brand":[],"product_cat":[2963,3514],"product_tag":[],"class_list":{"0":"post-39794","1":"product","2":"type-product","3":"status-publish","4":"has-post-thumbnail","6":"product_cat-tvaergaende-og-funktionel","7":"product_cat-power-racks-da","9":"first","10":"instock","11":"shipping-taxable","12":"purchasable","13":"product-type-simple"},"acf":{"long_title":"Evolve HR-208 halvt stativ","subtitle":"","specifications":[{"label":"VARENUMMER","text_value":"EV-PR-HR-208","icon":"x"},{"label":"Dimensioner","text_value":"1480 x 1600 x 2380 mm","icon":"x"},{"label":"V\u00e6gt","text_value":"200 kg","icon":"x"},{"label":"Maksimal belastning","text_value":"1000 kg","icon":"x"},{"label":"Huldiameter","text_value":"21 mm","icon":"x"},{"label":"Afstand mellem huller","text_value":"50 mm","icon":"x"},{"label":"Ramme-m\u00e5linger","text_value":"75 x 75 mm","icon":"x"},{"label":"Ramme tykkelse","text_value":"3 mm","icon":"x"},{"label":"Knager til opbevaring af v\u00e6gtskiver","text_value":"8 (designet til at holde v\u00e6gtskiver med en \u00e5bning p\u00e5 51 mm)","icon":"v"},{"label":"Lasersk\u00e5rne tal","text_value":"","icon":"v"},{"label":"Anti-korrosionsmaling","text_value":"3 \u00e5r","icon":"v"},{"label":"Inkluderet i s\u00e6ttet: sikkerhedsspotterarme til squat med justerbar h\u00f8jde, vandrette v\u00e6gtstangsholdere med justerbar h\u00f8jde (J-cups) og en pull-up-stang","text_value":"","icon":"v"},{"label":"Overfladen p\u00e5 v\u00e6gtstangsholderne og squat safety spotter-armene er belagt med plast med h\u00f8j densitet for at beskytte stangen mod skader.","text_value":"","icon":"v"},{"label":"Holdbare gulvbeskyttere","text_value":"","icon":"v"},{"label":"Garanti","text_value":"3 \u00e5r","icon":"x"}]},"yoast_head":"<!-- This site is optimized with the Yoast SEO plugin v26.6 - https:\/\/yoast.com\/wordpress\/plugins\/seo\/ -->\n<title>Evolve HR-208 halvt stativ - Evolve<\/title>\n<meta name=\"robots\" content=\"index, follow, max-snippet:-1, max-image-preview:large, max-video-preview:-1\" \/>\n<link rel=\"canonical\" href=\"https:\/\/evolve-fitness.eu\/da\/vare\/evolve-hr-208-halvt-stativ\/\" \/>\n<meta property=\"og:locale\" content=\"da_DK\" \/>\n<meta property=\"og:type\" content=\"article\" \/>\n<meta property=\"og:title\" content=\"Evolve HR-208 halvt stativ - Evolve\" \/>\n<meta property=\"og:url\" content=\"https:\/\/evolve-fitness.eu\/da\/vare\/evolve-hr-208-halvt-stativ\/\" \/>\n<meta property=\"og:site_name\" content=\"Evolve\" \/>\n<meta property=\"article:publisher\" content=\"https:\/\/www.facebook.com\/EvolveFitnessEurope\" \/>\n<meta property=\"article:modified_time\" content=\"2026-03-31T12:59:39+00:00\" \/>\n<meta property=\"og:image\" content=\"https:\/\/evolve-fitness.eu\/wp-content\/uploads\/2023\/11\/Evolve-208-HALF-RACK.png\" \/>\n\t<meta property=\"og:image:width\" content=\"680\" \/>\n\t<meta property=\"og:image:height\" content=\"600\" \/>\n\t<meta property=\"og:image:type\" content=\"image\/png\" \/>\n<meta name=\"twitter:card\" content=\"summary_large_image\" \/>\n<script type=\"application\/ld+json\" class=\"yoast-schema-graph\">{\"@context\":\"https:\/\/schema.org\",\"@graph\":[{\"@type\":\"WebPage\",\"@id\":\"https:\/\/evolve-fitness.eu\/da\/vare\/evolve-hr-208-halvt-stativ\/\",\"url\":\"https:\/\/evolve-fitness.eu\/da\/vare\/evolve-hr-208-halvt-stativ\/\",\"name\":\"Evolve HR-208 halvt stativ - Evolve\",\"isPartOf\":{\"@id\":\"https:\/\/evolve-fitness.eu\/da\/#website\"},\"primaryImageOfPage\":{\"@id\":\"https:\/\/evolve-fitness.eu\/da\/vare\/evolve-hr-208-halvt-stativ\/#primaryimage\"},\"image\":{\"@id\":\"https:\/\/evolve-fitness.eu\/da\/vare\/evolve-hr-208-halvt-stativ\/#primaryimage\"},\"thumbnailUrl\":\"https:\/\/evolve-fitness.eu\/wp-content\/uploads\/2023\/11\/Evolve-208-HALF-RACK.png\",\"datePublished\":\"2023-11-28T12:33:13+00:00\",\"dateModified\":\"2026-03-31T12:59:39+00:00\",\"breadcrumb\":{\"@id\":\"https:\/\/evolve-fitness.eu\/da\/vare\/evolve-hr-208-halvt-stativ\/#breadcrumb\"},\"inLanguage\":\"da-DK\",\"potentialAction\":[{\"@type\":\"ReadAction\",\"target\":[\"https:\/\/evolve-fitness.eu\/da\/vare\/evolve-hr-208-halvt-stativ\/\"]}]},{\"@type\":\"ImageObject\",\"inLanguage\":\"da-DK\",\"@id\":\"https:\/\/evolve-fitness.eu\/da\/vare\/evolve-hr-208-halvt-stativ\/#primaryimage\",\"url\":\"https:\/\/evolve-fitness.eu\/wp-content\/uploads\/2023\/11\/Evolve-208-HALF-RACK.png\",\"contentUrl\":\"https:\/\/evolve-fitness.eu\/wp-content\/uploads\/2023\/11\/Evolve-208-HALF-RACK.png\",\"width\":680,\"height\":600,\"caption\":\"ER-PR-HR-208\"},{\"@type\":\"BreadcrumbList\",\"@id\":\"https:\/\/evolve-fitness.eu\/da\/vare\/evolve-hr-208-halvt-stativ\/#breadcrumb\",\"itemListElement\":[{\"@type\":\"ListItem\",\"position\":1,\"name\":\"Home\",\"item\":\"https:\/\/evolve-fitness.eu\/da\/\"},{\"@type\":\"ListItem\",\"position\":2,\"name\":\"Produkter\",\"item\":\"https:\/\/evolve-fitness.eu\/da\/shop\/\"},{\"@type\":\"ListItem\",\"position\":3,\"name\":\"Evolve HR-208 halvt stativ\"}]},{\"@type\":\"WebSite\",\"@id\":\"https:\/\/evolve-fitness.eu\/da\/#website\",\"url\":\"https:\/\/evolve-fitness.eu\/da\/\",\"name\":\"Evolve\",\"description\":\"Your Evolved Gear Arrived\",\"publisher\":{\"@id\":\"https:\/\/evolve-fitness.eu\/da\/#organization\"},\"potentialAction\":[{\"@type\":\"SearchAction\",\"target\":{\"@type\":\"EntryPoint\",\"urlTemplate\":\"https:\/\/evolve-fitness.eu\/da\/?s={search_term_string}\"},\"query-input\":{\"@type\":\"PropertyValueSpecification\",\"valueRequired\":true,\"valueName\":\"search_term_string\"}}],\"inLanguage\":\"da-DK\"},{\"@type\":\"Organization\",\"@id\":\"https:\/\/evolve-fitness.eu\/da\/#organization\",\"name\":\"Evolve\",\"url\":\"https:\/\/evolve-fitness.eu\/da\/\",\"logo\":{\"@type\":\"ImageObject\",\"inLanguage\":\"da-DK\",\"@id\":\"https:\/\/evolve-fitness.eu\/da\/#\/schema\/logo\/image\/\",\"url\":\"https:\/\/evolve-fitness.eu\/wp-content\/uploads\/2023\/05\/Evolve-logo.svg\",\"contentUrl\":\"https:\/\/evolve-fitness.eu\/wp-content\/uploads\/2023\/05\/Evolve-logo.svg\",\"width\":176,\"height\":20,\"caption\":\"Evolve\"},\"image\":{\"@id\":\"https:\/\/evolve-fitness.eu\/da\/#\/schema\/logo\/image\/\"},\"sameAs\":[\"https:\/\/www.facebook.com\/EvolveFitnessEurope\"]}]}<\/script>\n<!-- \/ Yoast SEO plugin. -->","yoast_head_json":{"title":"Evolve HR-208 halvt stativ - Evolve","robots":{"index":"index","follow":"follow","max-snippet":"max-snippet:-1","max-image-preview":"max-image-preview:large","max-video-preview":"max-video-preview:-1"},"canonical":"https:\/\/evolve-fitness.eu\/da\/vare\/evolve-hr-208-halvt-stativ\/","og_locale":"da_DK","og_type":"article","og_title":"Evolve HR-208 halvt stativ - Evolve","og_url":"https:\/\/evolve-fitness.eu\/da\/vare\/evolve-hr-208-halvt-stativ\/","og_site_name":"Evolve","article_publisher":"https:\/\/www.facebook.com\/EvolveFitnessEurope","article_modified_time":"2026-03-31T12:59:39+00:00","og_image":[{"width":680,"height":600,"url":"https:\/\/evolve-fitness.eu\/wp-content\/uploads\/2023\/11\/Evolve-208-HALF-RACK.png","type":"image\/png"}],"twitter_card":"summary_large_image","schema":{"@context":"https:\/\/schema.org","@graph":[{"@type":"WebPage","@id":"https:\/\/evolve-fitness.eu\/da\/vare\/evolve-hr-208-halvt-stativ\/","url":"https:\/\/evolve-fitness.eu\/da\/vare\/evolve-hr-208-halvt-stativ\/","name":"Evolve HR-208 halvt stativ - Evolve","isPartOf":{"@id":"https:\/\/evolve-fitness.eu\/da\/#website"},"primaryImageOfPage":{"@id":"https:\/\/evolve-fitness.eu\/da\/vare\/evolve-hr-208-halvt-stativ\/#primaryimage"},"image":{"@id":"https:\/\/evolve-fitness.eu\/da\/vare\/evolve-hr-208-halvt-stativ\/#primaryimage"},"thumbnailUrl":"https:\/\/evolve-fitness.eu\/wp-content\/uploads\/2023\/11\/Evolve-208-HALF-RACK.png","datePublished":"2023-11-28T12:33:13+00:00","dateModified":"2026-03-31T12:59:39+00:00","breadcrumb":{"@id":"https:\/\/evolve-fitness.eu\/da\/vare\/evolve-hr-208-halvt-stativ\/#breadcrumb"},"inLanguage":"da-DK","potentialAction":[{"@type":"ReadAction","target":["https:\/\/evolve-fitness.eu\/da\/vare\/evolve-hr-208-halvt-stativ\/"]}]},{"@type":"ImageObject","inLanguage":"da-DK","@id":"https:\/\/evolve-fitness.eu\/da\/vare\/evolve-hr-208-halvt-stativ\/#primaryimage","url":"https:\/\/evolve-fitness.eu\/wp-content\/uploads\/2023\/11\/Evolve-208-HALF-RACK.png","contentUrl":"https:\/\/evolve-fitness.eu\/wp-content\/uploads\/2023\/11\/Evolve-208-HALF-RACK.png","width":680,"height":600,"caption":"ER-PR-HR-208"},{"@type":"BreadcrumbList","@id":"https:\/\/evolve-fitness.eu\/da\/vare\/evolve-hr-208-halvt-stativ\/#breadcrumb","itemListElement":[{"@type":"ListItem","position":1,"name":"Home","item":"https:\/\/evolve-fitness.eu\/da\/"},{"@type":"ListItem","position":2,"name":"Produkter","item":"https:\/\/evolve-fitness.eu\/da\/shop\/"},{"@type":"ListItem","position":3,"name":"Evolve HR-208 halvt stativ"}]},{"@type":"WebSite","@id":"https:\/\/evolve-fitness.eu\/da\/#website","url":"https:\/\/evolve-fitness.eu\/da\/","name":"Evolve","description":"Your Evolved Gear Arrived","publisher":{"@id":"https:\/\/evolve-fitness.eu\/da\/#organization"},"potentialAction":[{"@type":"SearchAction","target":{"@type":"EntryPoint","urlTemplate":"https:\/\/evolve-fitness.eu\/da\/?s={search_term_string}"},"query-input":{"@type":"PropertyValueSpecification","valueRequired":true,"valueName":"search_term_string"}}],"inLanguage":"da-DK"},{"@type":"Organization","@id":"https:\/\/evolve-fitness.eu\/da\/#organization","name":"Evolve","url":"https:\/\/evolve-fitness.eu\/da\/","logo":{"@type":"ImageObject","inLanguage":"da-DK","@id":"https:\/\/evolve-fitness.eu\/da\/#\/schema\/logo\/image\/","url":"https:\/\/evolve-fitness.eu\/wp-content\/uploads\/2023\/05\/Evolve-logo.svg","contentUrl":"https:\/\/evolve-fitness.eu\/wp-content\/uploads\/2023\/05\/Evolve-logo.svg","width":176,"height":20,"caption":"Evolve"},"image":{"@id":"https:\/\/evolve-fitness.eu\/da\/#\/schema\/logo\/image\/"},"sameAs":["https:\/\/www.facebook.com\/EvolveFitnessEurope"]}]}},"_links":{"self":[{"href":"https:\/\/evolve-fitness.eu\/da\/wp-json\/wp\/v2\/product\/39794","targetHints":{"allow":["GET"]}}],"collection":[{"href":"https:\/\/evolve-fitness.eu\/da\/wp-json\/wp\/v2\/product"}],"about":[{"href":"https:\/\/evolve-fitness.eu\/da\/wp-json\/wp\/v2\/types\/product"}],"wp:featuredmedia":[{"embeddable":true,"href":"https:\/\/evolve-fitness.eu\/da\/wp-json\/wp\/v2\/media\/39795"}],"wp:attachment":[{"href":"https:\/\/evolve-fitness.eu\/da\/wp-json\/wp\/v2\/media?parent=39794"}],"wp:term":[{"taxonomy":"product_brand","embeddable":true,"href":"https:\/\/evolve-fitness.eu\/da\/wp-json\/wp\/v2\/product_brand?post=39794"},{"taxonomy":"product_cat","embeddable":true,"href":"https:\/\/evolve-fitness.eu\/da\/wp-json\/wp\/v2\/product_cat?post=39794"},{"taxonomy":"product_tag","embeddable":true,"href":"https:\/\/evolve-fitness.eu\/da\/wp-json\/wp\/v2\/product_tag?post=39794"}],"curies":[{"name":"wp","href":"https:\/\/api.w.org\/{rel}","templated":true}]}}