{"id":39851,"date":"2023-11-22T07:18:34","date_gmt":"2023-11-22T07:18:34","guid":{"rendered":"https:\/\/evolve-fitness.eu\/product\/evolve-lodret-opbevaringsbeslag-til-enkelt-dobbelt-haandvaegt-til-5-par\/"},"modified":"2026-04-08T15:21:26","modified_gmt":"2026-04-08T12:21:26","slug":"evolve-lodret-opbevaringsbeslag-til-enkelt-dobbelt-haandvaegt-til-5-par","status":"publish","type":"product","link":"https:\/\/evolve-fitness.eu\/da\/vare\/evolve-lodret-opbevaringsbeslag-til-enkelt-dobbelt-haandvaegt-til-5-par\/","title":{"rendered":"Evolve enkelt\/dobbelt lodret opbevaringsbeslag til h\u00e5ndv\u00e6gte til 5 par (ST-DS)"},"content":{"rendered":"\n<section class=\"wp-block-group alignfull has-lightgray-background-color has-background is-layout-constrained wp-block-group-is-layout-constrained\">\n<div class=\"wp-block-columns alignwide is-layout-flex wp-container-core-columns-is-layout-2edb0647 wp-block-columns-is-layout-flex\" style=\"margin-top:0;margin-bottom:0\">\n<div class=\"wp-block-column is-layout-flow wp-block-column-is-layout-flow\" style=\"flex-basis:33.33%\"><\/div>\n\n\n\n<div class=\"wp-block-column is-layout-flow wp-block-column-is-layout-flow\" style=\"flex-basis:66.66%\"><\/div>\n<\/div>\n<\/section>\n","protected":false},"excerpt":{"rendered":"<p>Maksimer effektiviteten i dit fitnesscenter med Evolve Single \/ Double Vertical Dumbbell Storage Attachment, der er designet til 5 par. Denne pladsbesparende l\u00f8sning er en game-changer for organiseret og tilg\u00e6ngelig opbevaring af h\u00e5ndv\u00e6gte. Det lodrette design optimerer ikke kun gulvpladsen, men giver ogs\u00e5 hurtig og nem adgang til dine h\u00e5ndv\u00e6gte. Dette tilbeh\u00f8r, der er fremstillet med henblik p\u00e5 holdbarhed og brugervenlighed, integreres problemfrit med dit Evolve-gym. L\u00f8ft din tr\u00e6ningsoplevelse ved at holde dine h\u00e5ndv\u00e6gte p\u00e6nt opbevaret og let tilg\u00e6ngelige til dit n\u00e6ste s\u00e6t, hvilket g\u00f8r hver session glat og effektiv. Opgrader din tr\u00e6ningsorganisation med Evolve Single \/ Double Vertical Dumbbell Storage Attachment, og oplev bekvemmeligheden ved et tr\u00e6ningsrum uden rod.     <\/p>\n","protected":false},"featured_media":39868,"template":"","meta":{"_acf_changed":false,"inline_featured_image":false},"product_brand":[],"product_cat":[2964,3602,2963],"product_tag":[],"class_list":{"0":"post-39851","1":"product","2":"type-product","3":"status-publish","4":"has-post-thumbnail","6":"product_cat-komponenter-til-riggen","7":"product_cat-opbevaring","8":"product_cat-tvaergaende-og-funktionel","10":"first","11":"instock","12":"shipping-taxable","13":"purchasable","14":"product-type-variable"},"acf":{"long_title":"Evolve enkelt\/dobbelt lodret opbevaringsbeslag til h\u00e5ndv\u00e6gte til 5 par (ST-DS)","subtitle":"","specifications":[{"label":"VARENUMMER","text_value":"EV-ST-DS","icon":"x"},{"label":"Garanti","text_value":"2 \u00e5r","icon":"x"}],"product_frequently_asked_questions":null},"yoast_head":"<!-- This site is optimized with the Yoast SEO plugin v27.4 - https:\/\/yoast.com\/product\/yoast-seo-wordpress\/ -->\n<title>Evolve enkelt\/dobbelt lodret opbevaringsbeslag til h\u00e5ndv\u00e6gte til 5 par (ST-DS) - Evolve<\/title>\n<meta name=\"robots\" content=\"index, follow, max-snippet:-1, max-image-preview:large, max-video-preview:-1\" \/>\n<link rel=\"canonical\" href=\"https:\/\/evolve-fitness.eu\/da\/vare\/evolve-lodret-opbevaringsbeslag-til-enkelt-dobbelt-haandvaegt-til-5-par\/\" \/>\n<meta property=\"og:locale\" content=\"da_DK\" \/>\n<meta property=\"og:type\" content=\"article\" \/>\n<meta property=\"og:title\" content=\"Evolve enkelt\/dobbelt lodret opbevaringsbeslag til h\u00e5ndv\u00e6gte til 5 par (ST-DS) - Evolve\" \/>\n<meta property=\"og:url\" content=\"https:\/\/evolve-fitness.eu\/da\/vare\/evolve-lodret-opbevaringsbeslag-til-enkelt-dobbelt-haandvaegt-til-5-par\/\" \/>\n<meta property=\"og:site_name\" content=\"Evolve\" \/>\n<meta property=\"article:publisher\" content=\"https:\/\/www.facebook.com\/EvolveFitnessEurope\" \/>\n<meta property=\"article:modified_time\" content=\"2026-04-08T12:21:26+00:00\" \/>\n<meta property=\"og:image\" content=\"https:\/\/evolve-fitness.eu\/wp-content\/uploads\/2023\/11\/Evolve-Double-Vertical-Dumbbell-Storage-Attachment-for-5-pairs-.png\" \/>\n\t<meta property=\"og:image:width\" content=\"680\" \/>\n\t<meta property=\"og:image:height\" content=\"600\" \/>\n\t<meta property=\"og:image:type\" content=\"image\/png\" \/>\n<meta name=\"twitter:card\" content=\"summary_large_image\" \/>\n<script type=\"application\/ld+json\" class=\"yoast-schema-graph\">{\"@context\":\"https:\\\/\\\/schema.org\",\"@graph\":[{\"@type\":\"WebPage\",\"@id\":\"https:\\\/\\\/evolve-fitness.eu\\\/da\\\/vare\\\/evolve-lodret-opbevaringsbeslag-til-enkelt-dobbelt-haandvaegt-til-5-par\\\/\",\"url\":\"https:\\\/\\\/evolve-fitness.eu\\\/da\\\/vare\\\/evolve-lodret-opbevaringsbeslag-til-enkelt-dobbelt-haandvaegt-til-5-par\\\/\",\"name\":\"Evolve enkelt\\\/dobbelt lodret opbevaringsbeslag til h\u00e5ndv\u00e6gte til 5 par (ST-DS) - Evolve\",\"isPartOf\":{\"@id\":\"https:\\\/\\\/evolve-fitness.eu\\\/da\\\/#website\"},\"primaryImageOfPage\":{\"@id\":\"https:\\\/\\\/evolve-fitness.eu\\\/da\\\/vare\\\/evolve-lodret-opbevaringsbeslag-til-enkelt-dobbelt-haandvaegt-til-5-par\\\/#primaryimage\"},\"image\":{\"@id\":\"https:\\\/\\\/evolve-fitness.eu\\\/da\\\/vare\\\/evolve-lodret-opbevaringsbeslag-til-enkelt-dobbelt-haandvaegt-til-5-par\\\/#primaryimage\"},\"thumbnailUrl\":\"https:\\\/\\\/evolve-fitness.eu\\\/wp-content\\\/uploads\\\/2023\\\/11\\\/Evolve-Double-Vertical-Dumbbell-Storage-Attachment-for-5-pairs-.png\",\"datePublished\":\"2023-11-22T07:18:34+00:00\",\"dateModified\":\"2026-04-08T12:21:26+00:00\",\"breadcrumb\":{\"@id\":\"https:\\\/\\\/evolve-fitness.eu\\\/da\\\/vare\\\/evolve-lodret-opbevaringsbeslag-til-enkelt-dobbelt-haandvaegt-til-5-par\\\/#breadcrumb\"},\"inLanguage\":\"da-DK\",\"potentialAction\":[{\"@type\":\"ReadAction\",\"target\":[\"https:\\\/\\\/evolve-fitness.eu\\\/da\\\/vare\\\/evolve-lodret-opbevaringsbeslag-til-enkelt-dobbelt-haandvaegt-til-5-par\\\/\"]}]},{\"@type\":\"ImageObject\",\"inLanguage\":\"da-DK\",\"@id\":\"https:\\\/\\\/evolve-fitness.eu\\\/da\\\/vare\\\/evolve-lodret-opbevaringsbeslag-til-enkelt-dobbelt-haandvaegt-til-5-par\\\/#primaryimage\",\"url\":\"https:\\\/\\\/evolve-fitness.eu\\\/wp-content\\\/uploads\\\/2023\\\/11\\\/Evolve-Double-Vertical-Dumbbell-Storage-Attachment-for-5-pairs-.png\",\"contentUrl\":\"https:\\\/\\\/evolve-fitness.eu\\\/wp-content\\\/uploads\\\/2023\\\/11\\\/Evolve-Double-Vertical-Dumbbell-Storage-Attachment-for-5-pairs-.png\",\"width\":680,\"height\":600,\"caption\":\"ER-ST-DS\"},{\"@type\":\"BreadcrumbList\",\"@id\":\"https:\\\/\\\/evolve-fitness.eu\\\/da\\\/vare\\\/evolve-lodret-opbevaringsbeslag-til-enkelt-dobbelt-haandvaegt-til-5-par\\\/#breadcrumb\",\"itemListElement\":[{\"@type\":\"ListItem\",\"position\":1,\"name\":\"Home\",\"item\":\"https:\\\/\\\/evolve-fitness.eu\\\/da\\\/\"},{\"@type\":\"ListItem\",\"position\":2,\"name\":\"Produkter\",\"item\":\"https:\\\/\\\/evolve-fitness.eu\\\/da\\\/shop\\\/\"},{\"@type\":\"ListItem\",\"position\":3,\"name\":\"Evolve enkelt\\\/dobbelt lodret opbevaringsbeslag til h\u00e5ndv\u00e6gte til 5 par (ST-DS)\"}]},{\"@type\":\"WebSite\",\"@id\":\"https:\\\/\\\/evolve-fitness.eu\\\/da\\\/#website\",\"url\":\"https:\\\/\\\/evolve-fitness.eu\\\/da\\\/\",\"name\":\"Evolve\",\"description\":\"Your Evolved Gear Arrived\",\"publisher\":{\"@id\":\"https:\\\/\\\/evolve-fitness.eu\\\/da\\\/#organization\"},\"potentialAction\":[{\"@type\":\"SearchAction\",\"target\":{\"@type\":\"EntryPoint\",\"urlTemplate\":\"https:\\\/\\\/evolve-fitness.eu\\\/da\\\/?s={search_term_string}\"},\"query-input\":{\"@type\":\"PropertyValueSpecification\",\"valueRequired\":true,\"valueName\":\"search_term_string\"}}],\"inLanguage\":\"da-DK\"},{\"@type\":\"Organization\",\"@id\":\"https:\\\/\\\/evolve-fitness.eu\\\/da\\\/#organization\",\"name\":\"Evolve\",\"url\":\"https:\\\/\\\/evolve-fitness.eu\\\/da\\\/\",\"logo\":{\"@type\":\"ImageObject\",\"inLanguage\":\"da-DK\",\"@id\":\"https:\\\/\\\/evolve-fitness.eu\\\/da\\\/#\\\/schema\\\/logo\\\/image\\\/\",\"url\":\"https:\\\/\\\/evolve-fitness.eu\\\/wp-content\\\/uploads\\\/2023\\\/05\\\/Evolve-logo.svg\",\"contentUrl\":\"https:\\\/\\\/evolve-fitness.eu\\\/wp-content\\\/uploads\\\/2023\\\/05\\\/Evolve-logo.svg\",\"width\":176,\"height\":20,\"caption\":\"Evolve\"},\"image\":{\"@id\":\"https:\\\/\\\/evolve-fitness.eu\\\/da\\\/#\\\/schema\\\/logo\\\/image\\\/\"},\"sameAs\":[\"https:\\\/\\\/www.facebook.com\\\/EvolveFitnessEurope\"]}]}<\/script>\n<!-- \/ Yoast SEO plugin. -->","yoast_head_json":{"title":"Evolve enkelt\/dobbelt lodret opbevaringsbeslag til h\u00e5ndv\u00e6gte til 5 par (ST-DS) - Evolve","robots":{"index":"index","follow":"follow","max-snippet":"max-snippet:-1","max-image-preview":"max-image-preview:large","max-video-preview":"max-video-preview:-1"},"canonical":"https:\/\/evolve-fitness.eu\/da\/vare\/evolve-lodret-opbevaringsbeslag-til-enkelt-dobbelt-haandvaegt-til-5-par\/","og_locale":"da_DK","og_type":"article","og_title":"Evolve enkelt\/dobbelt lodret opbevaringsbeslag til h\u00e5ndv\u00e6gte til 5 par (ST-DS) - Evolve","og_url":"https:\/\/evolve-fitness.eu\/da\/vare\/evolve-lodret-opbevaringsbeslag-til-enkelt-dobbelt-haandvaegt-til-5-par\/","og_site_name":"Evolve","article_publisher":"https:\/\/www.facebook.com\/EvolveFitnessEurope","article_modified_time":"2026-04-08T12:21:26+00:00","og_image":[{"width":680,"height":600,"url":"https:\/\/evolve-fitness.eu\/wp-content\/uploads\/2023\/11\/Evolve-Double-Vertical-Dumbbell-Storage-Attachment-for-5-pairs-.png","type":"image\/png"}],"twitter_card":"summary_large_image","schema":{"@context":"https:\/\/schema.org","@graph":[{"@type":"WebPage","@id":"https:\/\/evolve-fitness.eu\/da\/vare\/evolve-lodret-opbevaringsbeslag-til-enkelt-dobbelt-haandvaegt-til-5-par\/","url":"https:\/\/evolve-fitness.eu\/da\/vare\/evolve-lodret-opbevaringsbeslag-til-enkelt-dobbelt-haandvaegt-til-5-par\/","name":"Evolve enkelt\/dobbelt lodret opbevaringsbeslag til h\u00e5ndv\u00e6gte til 5 par (ST-DS) - Evolve","isPartOf":{"@id":"https:\/\/evolve-fitness.eu\/da\/#website"},"primaryImageOfPage":{"@id":"https:\/\/evolve-fitness.eu\/da\/vare\/evolve-lodret-opbevaringsbeslag-til-enkelt-dobbelt-haandvaegt-til-5-par\/#primaryimage"},"image":{"@id":"https:\/\/evolve-fitness.eu\/da\/vare\/evolve-lodret-opbevaringsbeslag-til-enkelt-dobbelt-haandvaegt-til-5-par\/#primaryimage"},"thumbnailUrl":"https:\/\/evolve-fitness.eu\/wp-content\/uploads\/2023\/11\/Evolve-Double-Vertical-Dumbbell-Storage-Attachment-for-5-pairs-.png","datePublished":"2023-11-22T07:18:34+00:00","dateModified":"2026-04-08T12:21:26+00:00","breadcrumb":{"@id":"https:\/\/evolve-fitness.eu\/da\/vare\/evolve-lodret-opbevaringsbeslag-til-enkelt-dobbelt-haandvaegt-til-5-par\/#breadcrumb"},"inLanguage":"da-DK","potentialAction":[{"@type":"ReadAction","target":["https:\/\/evolve-fitness.eu\/da\/vare\/evolve-lodret-opbevaringsbeslag-til-enkelt-dobbelt-haandvaegt-til-5-par\/"]}]},{"@type":"ImageObject","inLanguage":"da-DK","@id":"https:\/\/evolve-fitness.eu\/da\/vare\/evolve-lodret-opbevaringsbeslag-til-enkelt-dobbelt-haandvaegt-til-5-par\/#primaryimage","url":"https:\/\/evolve-fitness.eu\/wp-content\/uploads\/2023\/11\/Evolve-Double-Vertical-Dumbbell-Storage-Attachment-for-5-pairs-.png","contentUrl":"https:\/\/evolve-fitness.eu\/wp-content\/uploads\/2023\/11\/Evolve-Double-Vertical-Dumbbell-Storage-Attachment-for-5-pairs-.png","width":680,"height":600,"caption":"ER-ST-DS"},{"@type":"BreadcrumbList","@id":"https:\/\/evolve-fitness.eu\/da\/vare\/evolve-lodret-opbevaringsbeslag-til-enkelt-dobbelt-haandvaegt-til-5-par\/#breadcrumb","itemListElement":[{"@type":"ListItem","position":1,"name":"Home","item":"https:\/\/evolve-fitness.eu\/da\/"},{"@type":"ListItem","position":2,"name":"Produkter","item":"https:\/\/evolve-fitness.eu\/da\/shop\/"},{"@type":"ListItem","position":3,"name":"Evolve enkelt\/dobbelt lodret opbevaringsbeslag til h\u00e5ndv\u00e6gte til 5 par (ST-DS)"}]},{"@type":"WebSite","@id":"https:\/\/evolve-fitness.eu\/da\/#website","url":"https:\/\/evolve-fitness.eu\/da\/","name":"Evolve","description":"Your Evolved Gear Arrived","publisher":{"@id":"https:\/\/evolve-fitness.eu\/da\/#organization"},"potentialAction":[{"@type":"SearchAction","target":{"@type":"EntryPoint","urlTemplate":"https:\/\/evolve-fitness.eu\/da\/?s={search_term_string}"},"query-input":{"@type":"PropertyValueSpecification","valueRequired":true,"valueName":"search_term_string"}}],"inLanguage":"da-DK"},{"@type":"Organization","@id":"https:\/\/evolve-fitness.eu\/da\/#organization","name":"Evolve","url":"https:\/\/evolve-fitness.eu\/da\/","logo":{"@type":"ImageObject","inLanguage":"da-DK","@id":"https:\/\/evolve-fitness.eu\/da\/#\/schema\/logo\/image\/","url":"https:\/\/evolve-fitness.eu\/wp-content\/uploads\/2023\/05\/Evolve-logo.svg","contentUrl":"https:\/\/evolve-fitness.eu\/wp-content\/uploads\/2023\/05\/Evolve-logo.svg","width":176,"height":20,"caption":"Evolve"},"image":{"@id":"https:\/\/evolve-fitness.eu\/da\/#\/schema\/logo\/image\/"},"sameAs":["https:\/\/www.facebook.com\/EvolveFitnessEurope"]}]}},"_links":{"self":[{"href":"https:\/\/evolve-fitness.eu\/da\/wp-json\/wp\/v2\/product\/39851","targetHints":{"allow":["GET"]}}],"collection":[{"href":"https:\/\/evolve-fitness.eu\/da\/wp-json\/wp\/v2\/product"}],"about":[{"href":"https:\/\/evolve-fitness.eu\/da\/wp-json\/wp\/v2\/types\/product"}],"wp:featuredmedia":[{"embeddable":true,"href":"https:\/\/evolve-fitness.eu\/da\/wp-json\/wp\/v2\/media\/39868"}],"wp:attachment":[{"href":"https:\/\/evolve-fitness.eu\/da\/wp-json\/wp\/v2\/media?parent=39851"}],"wp:term":[{"taxonomy":"product_brand","embeddable":true,"href":"https:\/\/evolve-fitness.eu\/da\/wp-json\/wp\/v2\/product_brand?post=39851"},{"taxonomy":"product_cat","embeddable":true,"href":"https:\/\/evolve-fitness.eu\/da\/wp-json\/wp\/v2\/product_cat?post=39851"},{"taxonomy":"product_tag","embeddable":true,"href":"https:\/\/evolve-fitness.eu\/da\/wp-json\/wp\/v2\/product_tag?post=39851"}],"curies":[{"name":"wp","href":"https:\/\/api.w.org\/{rel}","templated":true}]}}