{"id":48277,"date":"2023-11-15T10:26:35","date_gmt":"2023-11-15T10:26:35","guid":{"rendered":"https:\/\/evolve-fitness.eu\/product\/evolve-vaegtskiver-trae\/"},"modified":"2026-04-09T15:57:39","modified_gmt":"2026-04-09T12:57:39","slug":"evolve-vaegtskiver-trae","status":"publish","type":"product","link":"https:\/\/evolve-fitness.eu\/da\/vare\/evolve-vaegtskiver-trae\/","title":{"rendered":"Evolve tr\u00e6 til v\u00e6gtskiver (TR-266)"},"content":{"rendered":"\n<section class=\"wp-block-group alignfull black-content has-white-color has-darkgray-background-color has-text-color has-background is-layout-constrained wp-block-group-is-layout-constrained\" style=\"padding-top:var(--wp--preset--spacing--section-bottom);padding-bottom:var(--wp--preset--spacing--section-bottom)\">\n<p class=\"has-text-align-center has-medium-2-font-size\"><strong>Maksimer pladsen i dit fitnesscenter<\/strong> &#8211; <strong>den ultimative opbevaringsl\u00f8sning<\/strong><\/p>\n\n\n\n<p class=\"has-text-align-center has-medium-font-size\">Velkommen til en verden af effektiv og organiseret v\u00e6gtl\u00f8ftning med Evolve Weight Plate Tree. Denne lodrette ramme er designet til olympiske v\u00e6gtskiver og er ikke kun pladsbesparende, men ogs\u00e5 et bevis p\u00e5 holdbarhed og sikkerhed.<\/p>\n\n\n\n<div class=\"wp-block-columns alignwide mobile-reverse is-layout-flex wp-container-core-columns-is-layout-ca64bf2d wp-block-columns-is-layout-flex\" style=\"margin-bottom:var(--wp--preset--spacing--side-padding)\">\n<div class=\"wp-block-column is-vertically-aligned-center is-layout-flow wp-block-column-is-layout-flow\">\n<h3 class=\"wp-block-heading\" style=\"margin-bottom:var(--wp--preset--spacing--h-3-bottom)\"><strong><strong><strong><strong><strong><strong><strong><strong><strong>Holdbar og langtidsholdbar konstruktion<\/strong><\/strong><\/strong><\/strong><\/strong><\/strong><\/strong><\/strong><\/strong><\/h3>\n\n\n\n<p>Evolve-v\u00e6gtskivetr\u00e6et er skabt til lang levetid og har en robust svejset ramme, der kombinerer \u230076 x 2,5 mm cirkul\u00e6re og 50 x 100 x 3 mm rektangul\u00e6re r\u00f8r. M\u00f8trikker og bolte i rustfrit st\u00e5l forst\u00e6rker stabiliteten, hvilket g\u00f8r den ideel til kommercielle fitnesscentre med h\u00f8j trafik, milit\u00e6re faciliteter, kontorfitnesscentre og kurbade. Den pulverlakerede finish tilf\u00f8rer en fed \u00e6stetik, samtidig med at den beskytter mod ridser og rust.<\/p>\n<\/div>\n\n\n\n<div class=\"wp-block-column is-vertically-aligned-center is-layout-flow wp-block-column-is-layout-flow\">\n<figure class=\"wp-block-image alignright size-full is-resized is-style-rounded\"><img loading=\"lazy\" decoding=\"async\" width=\"1000\" height=\"1000\" src=\"https:\/\/evolve-fitness.eu\/wp-content\/uploads\/2023\/11\/EV-RS-TR-266-dim.png\" alt=\"\" class=\"wp-image-223246\" style=\"object-fit:cover;width:680px;height:600px\" srcset=\"https:\/\/evolve-fitness.eu\/wp-content\/uploads\/2023\/11\/EV-RS-TR-266-dim.png 1000w, https:\/\/evolve-fitness.eu\/wp-content\/uploads\/2023\/11\/EV-RS-TR-266-dim-300x300.png 300w, https:\/\/evolve-fitness.eu\/wp-content\/uploads\/2023\/11\/EV-RS-TR-266-dim-150x150.png 150w, https:\/\/evolve-fitness.eu\/wp-content\/uploads\/2023\/11\/EV-RS-TR-266-dim-768x768.png 768w, https:\/\/evolve-fitness.eu\/wp-content\/uploads\/2023\/11\/EV-RS-TR-266-dim-600x600.png 600w\" sizes=\"auto, (max-width: 1000px) 100vw, 1000px\" \/><\/figure>\n<\/div>\n<\/div>\n\n\n\n<div class=\"wp-block-columns alignwide is-layout-flex wp-container-core-columns-is-layout-c45ee707 wp-block-columns-is-layout-flex\" style=\"margin-bottom:var(--wp--preset--spacing--side-padding);padding-top:var(--wp--preset--spacing--side-padding)\">\n<div class=\"wp-block-column is-vertically-aligned-center is-layout-flow wp-block-column-is-layout-flow\">\n<figure class=\"wp-block-image size-full is-resized is-style-rounded\"><img loading=\"lazy\" decoding=\"async\" width=\"1707\" height=\"2560\" src=\"https:\/\/evolve-fitness.eu\/wp-content\/uploads\/2023\/11\/A7_03115-1-scaled.jpg\" alt=\"\" class=\"wp-image-222607\" style=\"aspect-ratio:1;object-fit:cover;width:680px\" srcset=\"https:\/\/evolve-fitness.eu\/wp-content\/uploads\/2023\/11\/A7_03115-1-scaled.jpg 1707w, https:\/\/evolve-fitness.eu\/wp-content\/uploads\/2023\/11\/A7_03115-1-200x300.jpg 200w, https:\/\/evolve-fitness.eu\/wp-content\/uploads\/2023\/11\/A7_03115-1-683x1024.jpg 683w, https:\/\/evolve-fitness.eu\/wp-content\/uploads\/2023\/11\/A7_03115-1-100x150.jpg 100w, https:\/\/evolve-fitness.eu\/wp-content\/uploads\/2023\/11\/A7_03115-1-768x1152.jpg 768w, https:\/\/evolve-fitness.eu\/wp-content\/uploads\/2023\/11\/A7_03115-1-1024x1536.jpg 1024w, https:\/\/evolve-fitness.eu\/wp-content\/uploads\/2023\/11\/A7_03115-1-1365x2048.jpg 1365w, https:\/\/evolve-fitness.eu\/wp-content\/uploads\/2023\/11\/A7_03115-1-300x450.jpg 300w, https:\/\/evolve-fitness.eu\/wp-content\/uploads\/2023\/11\/A7_03115-1-600x900.jpg 600w\" sizes=\"auto, (max-width: 1707px) 100vw, 1707px\" \/><\/figure>\n<\/div>\n\n\n\n<div class=\"wp-block-column is-vertically-aligned-center is-layout-constrained wp-block-column-is-layout-constrained\">\n<h3 class=\"wp-block-heading\" style=\"margin-bottom:var(--wp--preset--spacing--h-3-bottom)\"><strong><strong><strong><strong><strong><strong><strong><strong><strong>Praktisk og pladsbesparende design<\/strong><\/strong><\/strong><\/strong><\/strong><\/strong><\/strong><\/strong><\/strong><\/h3>\n\n\n\n<p>Det kompakte, lodrette design er ikke bare pladsbesparende, men ogs\u00e5 en dr\u00f8m for den, der vil organisere. Stativet er let tilg\u00e6ngeligt og p\u00e6nt arrangeret og g\u00f8r det nemt at v\u00e6lge v\u00e6gte. Det er en perfekt tilf\u00f8jelse til ethvert tr\u00e6ningscenter i hjemmet eller kommercielle omgivelser og sikrer, at dit tr\u00e6ningsomr\u00e5de forbliver ryddeligt.<\/p>\n<\/div>\n<\/div>\n\n\n\n<div class=\"wp-block-columns alignwide is-layout-flex wp-container-core-columns-is-layout-c45ee707 wp-block-columns-is-layout-flex\" style=\"margin-bottom:var(--wp--preset--spacing--side-padding);padding-top:var(--wp--preset--spacing--side-padding)\">\n<div class=\"wp-block-column is-vertically-aligned-center is-layout-constrained wp-block-column-is-layout-constrained\">\n<h3 class=\"wp-block-heading\" style=\"margin-bottom:var(--wp--preset--spacing--h-3-bottom)\"><strong><strong><strong><strong><strong><strong><strong><strong><strong><strong>Kompromisl\u00f8s sikkerhed og stabilitet<\/strong><\/strong><\/strong><\/strong><\/strong><\/strong><\/strong><\/strong><\/strong><\/strong><\/h3>\n\n\n\n<p>For at prioritere din sikkerhed er v\u00e6gtskivest\u00e6ngerne bekl\u00e6dt med slidst\u00e6rkt materiale med h\u00f8j styrke, der overholder GB 17498-2008 og EU EN2057-standarderne. Med certificeringer fra ROSH og REACH kan du v\u00e6re sikker p\u00e5 kvaliteten. De bl\u00f8de PVC-fodbetr\u00e6k beskytter dine gulve og sikrer stabilitet under intense tr\u00e6ningssessioner.<\/p>\n<\/div>\n\n\n\n<div class=\"wp-block-column is-vertically-aligned-center is-layout-flow wp-block-column-is-layout-flow\">\n<figure class=\"wp-block-image size-full is-resized is-style-rounded\"><img loading=\"lazy\" decoding=\"async\" width=\"973\" height=\"973\" src=\"https:\/\/evolve-fitness.eu\/wp-content\/uploads\/2023\/11\/Dizainas-be-pavadinimo-hgh-edited-1.png\" alt=\"\" class=\"wp-image-6002\" style=\"object-fit:cover;width:680px;height:600px\" srcset=\"https:\/\/evolve-fitness.eu\/wp-content\/uploads\/2023\/11\/Dizainas-be-pavadinimo-hgh-edited-1.png 973w, https:\/\/evolve-fitness.eu\/wp-content\/uploads\/2023\/11\/Dizainas-be-pavadinimo-hgh-edited-1-300x300.png 300w, https:\/\/evolve-fitness.eu\/wp-content\/uploads\/2023\/11\/Dizainas-be-pavadinimo-hgh-edited-1-150x150.png 150w, https:\/\/evolve-fitness.eu\/wp-content\/uploads\/2023\/11\/Dizainas-be-pavadinimo-hgh-edited-1-600x600.png 600w, https:\/\/evolve-fitness.eu\/wp-content\/uploads\/2023\/11\/Dizainas-be-pavadinimo-hgh-edited-1-768x768.png 768w\" sizes=\"auto, (max-width: 973px) 100vw, 973px\" \/><\/figure>\n<\/div>\n<\/div>\n<\/section>\n","protected":false},"excerpt":{"rendered":"<p>Vi pr\u00e6senterer Evolve Weight Plate Tree, et h\u00f8jdepunkt inden for organisering og holdbarhed i fitnesscentre. Denne vertikale opbevaringsl\u00f8sning er designet specielt til olympiske v\u00e6gtskiver og er fuldt kompatibel med olympiske standardv\u00e6gte, der bruges i professionelle og private fitnesscentre. Den har en robust ramme, der er fagligt svejset af h\u00f8jstyrkematerialer og afsluttet med en elegant, ridsefast pulverlakering. Den er ideel til b\u00e5de travle kommercielle fitnesscentre og hjemmefitness-entusiaster og s\u00f8rger for sikkerhed med sine slidst\u00e6rke beskyttelsesst\u00e6nger og gulvvenlige PVC-f\u00f8dder.  <\/p>\n<p>Det kompakte design sparer ikke kun plads, men holder ogs\u00e5 dine olympiske skiver p\u00e6nt organiseret og let tilg\u00e6ngelige. Med en maksimal belastningskapacitet p\u00e5 600 kg og en solid to\u00e5rig garanti er Evolve Weight Plate Tree en vigtig tilf\u00f8jelse til ethvert fitnessrum, der tilbyder enest\u00e5ende stabilitet og et rodfrit milj\u00f8. L\u00f8ft dit tr\u00e6ningsomr\u00e5de med denne stilfulde, effektive og langtidsholdbare opbevaringsl\u00f8sning.  <\/p>\n","protected":false},"featured_media":48282,"template":"","meta":{"_acf_changed":false,"inline_featured_image":false},"product_brand":[],"product_cat":[1462,3823],"product_tag":[],"class_list":{"0":"post-48277","1":"product","2":"type-product","3":"status-publish","4":"has-post-thumbnail","6":"product_cat-frie-vaegte","7":"product_cat-reoler-og-opbevaringslosninger","9":"first","10":"instock","11":"shipping-taxable","12":"purchasable","13":"product-type-simple"},"acf":{"long_title":"Evolve tr\u00e6 til v\u00e6gtskiver (TR-266)","subtitle":"","specifications":[{"label":"VARENUMMER","text_value":"EV-RS-TR-266","icon":"x"},{"label":"Dimensioner","text_value":"808 x 667 x 1319 mm","icon":"v"},{"label":"V\u00e6gt","text_value":"24 kg","icon":"v"},{"label":"Maksimal belastning","text_value":"600 kg","icon":"v"},{"label":"Garanti","text_value":"2 \u00e5r","icon":"v"},{"label":"Pulverlakeret ramme i h\u00f8j kvalitet for holdbarhed og \u00e6stetisk appel","text_value":"","icon":"v"},{"label":"Forbedret sikkerhed med beskyttelsesmaterialer med h\u00f8j styrke","text_value":"","icon":"v"},{"label":"Gulvvenlige PVC-fodbetr\u00e6k.","text_value":"","icon":"v"},{"label":"Pladsbesparende lodret design til optimal organisering","text_value":"","icon":"v"}]},"yoast_head":"<!-- This site is optimized with the Yoast SEO plugin v27.4 - https:\/\/yoast.com\/product\/yoast-seo-wordpress\/ -->\n<title>Evolve tr\u00e6 til v\u00e6gtskiver (TR-266) - Evolve<\/title>\n<meta name=\"robots\" content=\"index, follow, max-snippet:-1, max-image-preview:large, max-video-preview:-1\" \/>\n<link rel=\"canonical\" href=\"https:\/\/evolve-fitness.eu\/da\/vare\/evolve-vaegtskiver-trae\/\" \/>\n<meta property=\"og:locale\" content=\"da_DK\" \/>\n<meta property=\"og:type\" content=\"article\" \/>\n<meta property=\"og:title\" content=\"Evolve tr\u00e6 til v\u00e6gtskiver (TR-266) - Evolve\" \/>\n<meta property=\"og:url\" content=\"https:\/\/evolve-fitness.eu\/da\/vare\/evolve-vaegtskiver-trae\/\" \/>\n<meta property=\"og:site_name\" content=\"Evolve\" \/>\n<meta property=\"article:publisher\" content=\"https:\/\/www.facebook.com\/EvolveFitnessEurope\" \/>\n<meta property=\"article:modified_time\" content=\"2026-04-09T12:57:39+00:00\" \/>\n<meta property=\"og:image\" content=\"https:\/\/evolve-fitness.eu\/wp-content\/uploads\/2023\/11\/Evolve-Weight-Plates-Tree1.1.png\" \/>\n\t<meta property=\"og:image:width\" content=\"680\" \/>\n\t<meta property=\"og:image:height\" content=\"600\" \/>\n\t<meta property=\"og:image:type\" content=\"image\/png\" \/>\n<meta name=\"twitter:card\" content=\"summary_large_image\" \/>\n<script type=\"application\/ld+json\" class=\"yoast-schema-graph\">{\"@context\":\"https:\\\/\\\/schema.org\",\"@graph\":[{\"@type\":\"WebPage\",\"@id\":\"https:\\\/\\\/evolve-fitness.eu\\\/da\\\/vare\\\/evolve-vaegtskiver-trae\\\/\",\"url\":\"https:\\\/\\\/evolve-fitness.eu\\\/da\\\/vare\\\/evolve-vaegtskiver-trae\\\/\",\"name\":\"Evolve tr\u00e6 til v\u00e6gtskiver (TR-266) - Evolve\",\"isPartOf\":{\"@id\":\"https:\\\/\\\/evolve-fitness.eu\\\/da\\\/#website\"},\"primaryImageOfPage\":{\"@id\":\"https:\\\/\\\/evolve-fitness.eu\\\/da\\\/vare\\\/evolve-vaegtskiver-trae\\\/#primaryimage\"},\"image\":{\"@id\":\"https:\\\/\\\/evolve-fitness.eu\\\/da\\\/vare\\\/evolve-vaegtskiver-trae\\\/#primaryimage\"},\"thumbnailUrl\":\"https:\\\/\\\/evolve-fitness.eu\\\/wp-content\\\/uploads\\\/2023\\\/11\\\/Evolve-Weight-Plates-Tree1.1.png\",\"datePublished\":\"2023-11-15T10:26:35+00:00\",\"dateModified\":\"2026-04-09T12:57:39+00:00\",\"breadcrumb\":{\"@id\":\"https:\\\/\\\/evolve-fitness.eu\\\/da\\\/vare\\\/evolve-vaegtskiver-trae\\\/#breadcrumb\"},\"inLanguage\":\"da-DK\",\"potentialAction\":[{\"@type\":\"ReadAction\",\"target\":[\"https:\\\/\\\/evolve-fitness.eu\\\/da\\\/vare\\\/evolve-vaegtskiver-trae\\\/\"]}]},{\"@type\":\"ImageObject\",\"inLanguage\":\"da-DK\",\"@id\":\"https:\\\/\\\/evolve-fitness.eu\\\/da\\\/vare\\\/evolve-vaegtskiver-trae\\\/#primaryimage\",\"url\":\"https:\\\/\\\/evolve-fitness.eu\\\/wp-content\\\/uploads\\\/2023\\\/11\\\/Evolve-Weight-Plates-Tree1.1.png\",\"contentUrl\":\"https:\\\/\\\/evolve-fitness.eu\\\/wp-content\\\/uploads\\\/2023\\\/11\\\/Evolve-Weight-Plates-Tree1.1.png\",\"width\":680,\"height\":600,\"caption\":\"EV-RS-TR-266\"},{\"@type\":\"BreadcrumbList\",\"@id\":\"https:\\\/\\\/evolve-fitness.eu\\\/da\\\/vare\\\/evolve-vaegtskiver-trae\\\/#breadcrumb\",\"itemListElement\":[{\"@type\":\"ListItem\",\"position\":1,\"name\":\"Home\",\"item\":\"https:\\\/\\\/evolve-fitness.eu\\\/da\\\/\"},{\"@type\":\"ListItem\",\"position\":2,\"name\":\"Produkter\",\"item\":\"https:\\\/\\\/evolve-fitness.eu\\\/da\\\/shop\\\/\"},{\"@type\":\"ListItem\",\"position\":3,\"name\":\"Evolve tr\u00e6 til v\u00e6gtskiver (TR-266)\"}]},{\"@type\":\"WebSite\",\"@id\":\"https:\\\/\\\/evolve-fitness.eu\\\/da\\\/#website\",\"url\":\"https:\\\/\\\/evolve-fitness.eu\\\/da\\\/\",\"name\":\"Evolve\",\"description\":\"Your Evolved Gear Arrived\",\"publisher\":{\"@id\":\"https:\\\/\\\/evolve-fitness.eu\\\/da\\\/#organization\"},\"potentialAction\":[{\"@type\":\"SearchAction\",\"target\":{\"@type\":\"EntryPoint\",\"urlTemplate\":\"https:\\\/\\\/evolve-fitness.eu\\\/da\\\/?s={search_term_string}\"},\"query-input\":{\"@type\":\"PropertyValueSpecification\",\"valueRequired\":true,\"valueName\":\"search_term_string\"}}],\"inLanguage\":\"da-DK\"},{\"@type\":\"Organization\",\"@id\":\"https:\\\/\\\/evolve-fitness.eu\\\/da\\\/#organization\",\"name\":\"Evolve\",\"url\":\"https:\\\/\\\/evolve-fitness.eu\\\/da\\\/\",\"logo\":{\"@type\":\"ImageObject\",\"inLanguage\":\"da-DK\",\"@id\":\"https:\\\/\\\/evolve-fitness.eu\\\/da\\\/#\\\/schema\\\/logo\\\/image\\\/\",\"url\":\"https:\\\/\\\/evolve-fitness.eu\\\/wp-content\\\/uploads\\\/2023\\\/05\\\/Evolve-logo.svg\",\"contentUrl\":\"https:\\\/\\\/evolve-fitness.eu\\\/wp-content\\\/uploads\\\/2023\\\/05\\\/Evolve-logo.svg\",\"width\":176,\"height\":20,\"caption\":\"Evolve\"},\"image\":{\"@id\":\"https:\\\/\\\/evolve-fitness.eu\\\/da\\\/#\\\/schema\\\/logo\\\/image\\\/\"},\"sameAs\":[\"https:\\\/\\\/www.facebook.com\\\/EvolveFitnessEurope\"]}]}<\/script>\n<!-- \/ Yoast SEO plugin. -->","yoast_head_json":{"title":"Evolve tr\u00e6 til v\u00e6gtskiver (TR-266) - Evolve","robots":{"index":"index","follow":"follow","max-snippet":"max-snippet:-1","max-image-preview":"max-image-preview:large","max-video-preview":"max-video-preview:-1"},"canonical":"https:\/\/evolve-fitness.eu\/da\/vare\/evolve-vaegtskiver-trae\/","og_locale":"da_DK","og_type":"article","og_title":"Evolve tr\u00e6 til v\u00e6gtskiver (TR-266) - Evolve","og_url":"https:\/\/evolve-fitness.eu\/da\/vare\/evolve-vaegtskiver-trae\/","og_site_name":"Evolve","article_publisher":"https:\/\/www.facebook.com\/EvolveFitnessEurope","article_modified_time":"2026-04-09T12:57:39+00:00","og_image":[{"width":680,"height":600,"url":"https:\/\/evolve-fitness.eu\/wp-content\/uploads\/2023\/11\/Evolve-Weight-Plates-Tree1.1.png","type":"image\/png"}],"twitter_card":"summary_large_image","schema":{"@context":"https:\/\/schema.org","@graph":[{"@type":"WebPage","@id":"https:\/\/evolve-fitness.eu\/da\/vare\/evolve-vaegtskiver-trae\/","url":"https:\/\/evolve-fitness.eu\/da\/vare\/evolve-vaegtskiver-trae\/","name":"Evolve tr\u00e6 til v\u00e6gtskiver (TR-266) - Evolve","isPartOf":{"@id":"https:\/\/evolve-fitness.eu\/da\/#website"},"primaryImageOfPage":{"@id":"https:\/\/evolve-fitness.eu\/da\/vare\/evolve-vaegtskiver-trae\/#primaryimage"},"image":{"@id":"https:\/\/evolve-fitness.eu\/da\/vare\/evolve-vaegtskiver-trae\/#primaryimage"},"thumbnailUrl":"https:\/\/evolve-fitness.eu\/wp-content\/uploads\/2023\/11\/Evolve-Weight-Plates-Tree1.1.png","datePublished":"2023-11-15T10:26:35+00:00","dateModified":"2026-04-09T12:57:39+00:00","breadcrumb":{"@id":"https:\/\/evolve-fitness.eu\/da\/vare\/evolve-vaegtskiver-trae\/#breadcrumb"},"inLanguage":"da-DK","potentialAction":[{"@type":"ReadAction","target":["https:\/\/evolve-fitness.eu\/da\/vare\/evolve-vaegtskiver-trae\/"]}]},{"@type":"ImageObject","inLanguage":"da-DK","@id":"https:\/\/evolve-fitness.eu\/da\/vare\/evolve-vaegtskiver-trae\/#primaryimage","url":"https:\/\/evolve-fitness.eu\/wp-content\/uploads\/2023\/11\/Evolve-Weight-Plates-Tree1.1.png","contentUrl":"https:\/\/evolve-fitness.eu\/wp-content\/uploads\/2023\/11\/Evolve-Weight-Plates-Tree1.1.png","width":680,"height":600,"caption":"EV-RS-TR-266"},{"@type":"BreadcrumbList","@id":"https:\/\/evolve-fitness.eu\/da\/vare\/evolve-vaegtskiver-trae\/#breadcrumb","itemListElement":[{"@type":"ListItem","position":1,"name":"Home","item":"https:\/\/evolve-fitness.eu\/da\/"},{"@type":"ListItem","position":2,"name":"Produkter","item":"https:\/\/evolve-fitness.eu\/da\/shop\/"},{"@type":"ListItem","position":3,"name":"Evolve tr\u00e6 til v\u00e6gtskiver (TR-266)"}]},{"@type":"WebSite","@id":"https:\/\/evolve-fitness.eu\/da\/#website","url":"https:\/\/evolve-fitness.eu\/da\/","name":"Evolve","description":"Your Evolved Gear Arrived","publisher":{"@id":"https:\/\/evolve-fitness.eu\/da\/#organization"},"potentialAction":[{"@type":"SearchAction","target":{"@type":"EntryPoint","urlTemplate":"https:\/\/evolve-fitness.eu\/da\/?s={search_term_string}"},"query-input":{"@type":"PropertyValueSpecification","valueRequired":true,"valueName":"search_term_string"}}],"inLanguage":"da-DK"},{"@type":"Organization","@id":"https:\/\/evolve-fitness.eu\/da\/#organization","name":"Evolve","url":"https:\/\/evolve-fitness.eu\/da\/","logo":{"@type":"ImageObject","inLanguage":"da-DK","@id":"https:\/\/evolve-fitness.eu\/da\/#\/schema\/logo\/image\/","url":"https:\/\/evolve-fitness.eu\/wp-content\/uploads\/2023\/05\/Evolve-logo.svg","contentUrl":"https:\/\/evolve-fitness.eu\/wp-content\/uploads\/2023\/05\/Evolve-logo.svg","width":176,"height":20,"caption":"Evolve"},"image":{"@id":"https:\/\/evolve-fitness.eu\/da\/#\/schema\/logo\/image\/"},"sameAs":["https:\/\/www.facebook.com\/EvolveFitnessEurope"]}]}},"_links":{"self":[{"href":"https:\/\/evolve-fitness.eu\/da\/wp-json\/wp\/v2\/product\/48277","targetHints":{"allow":["GET"]}}],"collection":[{"href":"https:\/\/evolve-fitness.eu\/da\/wp-json\/wp\/v2\/product"}],"about":[{"href":"https:\/\/evolve-fitness.eu\/da\/wp-json\/wp\/v2\/types\/product"}],"wp:featuredmedia":[{"embeddable":true,"href":"https:\/\/evolve-fitness.eu\/da\/wp-json\/wp\/v2\/media\/48282"}],"wp:attachment":[{"href":"https:\/\/evolve-fitness.eu\/da\/wp-json\/wp\/v2\/media?parent=48277"}],"wp:term":[{"taxonomy":"product_brand","embeddable":true,"href":"https:\/\/evolve-fitness.eu\/da\/wp-json\/wp\/v2\/product_brand?post=48277"},{"taxonomy":"product_cat","embeddable":true,"href":"https:\/\/evolve-fitness.eu\/da\/wp-json\/wp\/v2\/product_cat?post=48277"},{"taxonomy":"product_tag","embeddable":true,"href":"https:\/\/evolve-fitness.eu\/da\/wp-json\/wp\/v2\/product_tag?post=48277"}],"curies":[{"name":"wp","href":"https:\/\/api.w.org\/{rel}","templated":true}]}}