{"id":54718,"date":"2024-01-17T11:14:00","date_gmt":"2024-01-17T11:14:00","guid":{"rendered":"https:\/\/evolve-fitness.eu\/product\/evolve-stativ-til-vaegbolde-og-powerbags\/"},"modified":"2026-03-27T10:51:13","modified_gmt":"2026-03-27T08:51:13","slug":"evolve-stativ-til-vaegbolde-og-powerbags","status":"publish","type":"product","link":"https:\/\/evolve-fitness.eu\/da\/vare\/evolve-stativ-til-vaegbolde-og-powerbags\/","title":{"rendered":"Evolve stativ til v\u00e6gbolde og powerbags (WR-100)"},"content":{"rendered":"","protected":false},"excerpt":{"rendered":"<p>L\u00f8ft dit fitnesscenters organisering og tilg\u00e6ngelighed med Evolve Wall Balls and Powerbags Rack, en elegant og robust opbevaringsl\u00f8sning designet til det moderne fitnesscenter. Dette stativ er lavet af eksperter til at opbevare og udstille en r\u00e6kke v\u00e6gkugler og powerbags, s\u00e5 de er let tilg\u00e6ngelige og effektivt organiseret. Evolve Rack er ideel til b\u00e5de kommercielle fitnesscentre og hjemmetr\u00e6ningsomr\u00e5der og sikrer, at dit tr\u00e6ningsrum forbliver ryddeligt og sikkert. Den robuste konstruktion og det gennemt\u00e6nkte design passer til flere st\u00f8rrelser og v\u00e6gte og viser Evolves engagement i holdbarhed og funktionalitet. Reolens kompakte fodaftryk maksimerer gulvpladsen og forbedrer samtidig det \u00e6stetiske udtryk i dit fitnesscenter. Ved at integrere Evolve Wall Balls og Powerbags Rack i dit fitnessmilj\u00f8 investerer du ikke kun i overlegen udstyrsorganisation, men fremmer ogs\u00e5 en mere produktiv og str\u00f8mlinet tr\u00e6ningsoplevelse.<\/p>\n","protected":false},"featured_media":54719,"template":"","meta":{"_acf_changed":true,"inline_featured_image":false},"product_brand":[],"product_cat":[2963,3882],"product_tag":[],"class_list":{"0":"post-54718","1":"product","2":"type-product","3":"status-publish","4":"has-post-thumbnail","6":"product_cat-tvaergaende-og-funktionel","7":"product_cat-funktionelt-udstyr","9":"first","10":"instock","11":"shipping-taxable","12":"purchasable","13":"product-type-simple"},"acf":{"long_title":"Evolve stativ til v\u00e6gbolde og powerbags (WR-100)","subtitle":"","specifications":[{"label":"VARENUMMER","text_value":"EV-RS-WR-100","icon":"x"},{"label":"V\u00e6gt","text_value":"20,5 kg","icon":"x"},{"label":"Maks. belastning","text_value":"200 kg","icon":"x"},{"label":"Stativet har plads til 5 powerbags eller bolde","text_value":"","icon":"v"},{"label":"Stabilt st\u00e5lstel med pulverlakeret finish","text_value":"","icon":"v"},{"label":"Maskinens b\u00e6rende dele, der kommer i kontakt med gulvet, er d\u00e6kket af gummi-\/plastikbeskyttere.","text_value":"","icon":"v"},{"label":"Garanti","text_value":"2 \u00e5r","icon":"x"}]},"yoast_head":"<!-- This site is optimized with the Yoast SEO plugin v26.6 - https:\/\/yoast.com\/wordpress\/plugins\/seo\/ -->\n<title>Evolve stativ til v\u00e6gbolde og powerbags (WR-100) - Evolve<\/title>\n<meta name=\"robots\" content=\"index, follow, max-snippet:-1, max-image-preview:large, max-video-preview:-1\" \/>\n<link rel=\"canonical\" href=\"https:\/\/evolve-fitness.eu\/da\/vare\/evolve-stativ-til-vaegbolde-og-powerbags\/\" \/>\n<meta property=\"og:locale\" content=\"da_DK\" \/>\n<meta property=\"og:type\" content=\"article\" \/>\n<meta property=\"og:title\" content=\"Evolve stativ til v\u00e6gbolde og powerbags (WR-100) - Evolve\" \/>\n<meta property=\"og:url\" content=\"https:\/\/evolve-fitness.eu\/da\/vare\/evolve-stativ-til-vaegbolde-og-powerbags\/\" \/>\n<meta property=\"og:site_name\" content=\"Evolve\" \/>\n<meta property=\"article:publisher\" content=\"https:\/\/www.facebook.com\/EvolveFitnessEurope\" \/>\n<meta property=\"article:modified_time\" content=\"2026-03-27T08:51:13+00:00\" \/>\n<meta property=\"og:image\" content=\"https:\/\/evolve-fitness.eu\/wp-content\/uploads\/2024\/01\/EV-RS-WR-100-PNG.png\" \/>\n\t<meta property=\"og:image:width\" content=\"680\" \/>\n\t<meta property=\"og:image:height\" content=\"600\" \/>\n\t<meta property=\"og:image:type\" content=\"image\/png\" \/>\n<meta name=\"twitter:card\" content=\"summary_large_image\" \/>\n<script type=\"application\/ld+json\" class=\"yoast-schema-graph\">{\"@context\":\"https:\/\/schema.org\",\"@graph\":[{\"@type\":\"WebPage\",\"@id\":\"https:\/\/evolve-fitness.eu\/da\/vare\/evolve-stativ-til-vaegbolde-og-powerbags\/\",\"url\":\"https:\/\/evolve-fitness.eu\/da\/vare\/evolve-stativ-til-vaegbolde-og-powerbags\/\",\"name\":\"Evolve stativ til v\u00e6gbolde og powerbags (WR-100) - Evolve\",\"isPartOf\":{\"@id\":\"https:\/\/evolve-fitness.eu\/da\/#website\"},\"primaryImageOfPage\":{\"@id\":\"https:\/\/evolve-fitness.eu\/da\/vare\/evolve-stativ-til-vaegbolde-og-powerbags\/#primaryimage\"},\"image\":{\"@id\":\"https:\/\/evolve-fitness.eu\/da\/vare\/evolve-stativ-til-vaegbolde-og-powerbags\/#primaryimage\"},\"thumbnailUrl\":\"https:\/\/evolve-fitness.eu\/wp-content\/uploads\/2024\/01\/EV-RS-WR-100-PNG.png\",\"datePublished\":\"2024-01-17T11:14:00+00:00\",\"dateModified\":\"2026-03-27T08:51:13+00:00\",\"breadcrumb\":{\"@id\":\"https:\/\/evolve-fitness.eu\/da\/vare\/evolve-stativ-til-vaegbolde-og-powerbags\/#breadcrumb\"},\"inLanguage\":\"da-DK\",\"potentialAction\":[{\"@type\":\"ReadAction\",\"target\":[\"https:\/\/evolve-fitness.eu\/da\/vare\/evolve-stativ-til-vaegbolde-og-powerbags\/\"]}]},{\"@type\":\"ImageObject\",\"inLanguage\":\"da-DK\",\"@id\":\"https:\/\/evolve-fitness.eu\/da\/vare\/evolve-stativ-til-vaegbolde-og-powerbags\/#primaryimage\",\"url\":\"https:\/\/evolve-fitness.eu\/wp-content\/uploads\/2024\/01\/EV-RS-WR-100-PNG.png\",\"contentUrl\":\"https:\/\/evolve-fitness.eu\/wp-content\/uploads\/2024\/01\/EV-RS-WR-100-PNG.png\",\"width\":680,\"height\":600,\"caption\":\"EV-RS-WR-100\"},{\"@type\":\"BreadcrumbList\",\"@id\":\"https:\/\/evolve-fitness.eu\/da\/vare\/evolve-stativ-til-vaegbolde-og-powerbags\/#breadcrumb\",\"itemListElement\":[{\"@type\":\"ListItem\",\"position\":1,\"name\":\"Home\",\"item\":\"https:\/\/evolve-fitness.eu\/da\/\"},{\"@type\":\"ListItem\",\"position\":2,\"name\":\"Produkter\",\"item\":\"https:\/\/evolve-fitness.eu\/da\/shop\/\"},{\"@type\":\"ListItem\",\"position\":3,\"name\":\"Evolve stativ til v\u00e6gbolde og powerbags (WR-100)\"}]},{\"@type\":\"WebSite\",\"@id\":\"https:\/\/evolve-fitness.eu\/da\/#website\",\"url\":\"https:\/\/evolve-fitness.eu\/da\/\",\"name\":\"Evolve\",\"description\":\"Your Evolved Gear Arrived\",\"publisher\":{\"@id\":\"https:\/\/evolve-fitness.eu\/da\/#organization\"},\"potentialAction\":[{\"@type\":\"SearchAction\",\"target\":{\"@type\":\"EntryPoint\",\"urlTemplate\":\"https:\/\/evolve-fitness.eu\/da\/?s={search_term_string}\"},\"query-input\":{\"@type\":\"PropertyValueSpecification\",\"valueRequired\":true,\"valueName\":\"search_term_string\"}}],\"inLanguage\":\"da-DK\"},{\"@type\":\"Organization\",\"@id\":\"https:\/\/evolve-fitness.eu\/da\/#organization\",\"name\":\"Evolve\",\"url\":\"https:\/\/evolve-fitness.eu\/da\/\",\"logo\":{\"@type\":\"ImageObject\",\"inLanguage\":\"da-DK\",\"@id\":\"https:\/\/evolve-fitness.eu\/da\/#\/schema\/logo\/image\/\",\"url\":\"https:\/\/evolve-fitness.eu\/wp-content\/uploads\/2023\/05\/Evolve-logo.svg\",\"contentUrl\":\"https:\/\/evolve-fitness.eu\/wp-content\/uploads\/2023\/05\/Evolve-logo.svg\",\"width\":176,\"height\":20,\"caption\":\"Evolve\"},\"image\":{\"@id\":\"https:\/\/evolve-fitness.eu\/da\/#\/schema\/logo\/image\/\"},\"sameAs\":[\"https:\/\/www.facebook.com\/EvolveFitnessEurope\"]}]}<\/script>\n<!-- \/ Yoast SEO plugin. -->","yoast_head_json":{"title":"Evolve stativ til v\u00e6gbolde og powerbags (WR-100) - Evolve","robots":{"index":"index","follow":"follow","max-snippet":"max-snippet:-1","max-image-preview":"max-image-preview:large","max-video-preview":"max-video-preview:-1"},"canonical":"https:\/\/evolve-fitness.eu\/da\/vare\/evolve-stativ-til-vaegbolde-og-powerbags\/","og_locale":"da_DK","og_type":"article","og_title":"Evolve stativ til v\u00e6gbolde og powerbags (WR-100) - Evolve","og_url":"https:\/\/evolve-fitness.eu\/da\/vare\/evolve-stativ-til-vaegbolde-og-powerbags\/","og_site_name":"Evolve","article_publisher":"https:\/\/www.facebook.com\/EvolveFitnessEurope","article_modified_time":"2026-03-27T08:51:13+00:00","og_image":[{"width":680,"height":600,"url":"https:\/\/evolve-fitness.eu\/wp-content\/uploads\/2024\/01\/EV-RS-WR-100-PNG.png","type":"image\/png"}],"twitter_card":"summary_large_image","schema":{"@context":"https:\/\/schema.org","@graph":[{"@type":"WebPage","@id":"https:\/\/evolve-fitness.eu\/da\/vare\/evolve-stativ-til-vaegbolde-og-powerbags\/","url":"https:\/\/evolve-fitness.eu\/da\/vare\/evolve-stativ-til-vaegbolde-og-powerbags\/","name":"Evolve stativ til v\u00e6gbolde og powerbags (WR-100) - Evolve","isPartOf":{"@id":"https:\/\/evolve-fitness.eu\/da\/#website"},"primaryImageOfPage":{"@id":"https:\/\/evolve-fitness.eu\/da\/vare\/evolve-stativ-til-vaegbolde-og-powerbags\/#primaryimage"},"image":{"@id":"https:\/\/evolve-fitness.eu\/da\/vare\/evolve-stativ-til-vaegbolde-og-powerbags\/#primaryimage"},"thumbnailUrl":"https:\/\/evolve-fitness.eu\/wp-content\/uploads\/2024\/01\/EV-RS-WR-100-PNG.png","datePublished":"2024-01-17T11:14:00+00:00","dateModified":"2026-03-27T08:51:13+00:00","breadcrumb":{"@id":"https:\/\/evolve-fitness.eu\/da\/vare\/evolve-stativ-til-vaegbolde-og-powerbags\/#breadcrumb"},"inLanguage":"da-DK","potentialAction":[{"@type":"ReadAction","target":["https:\/\/evolve-fitness.eu\/da\/vare\/evolve-stativ-til-vaegbolde-og-powerbags\/"]}]},{"@type":"ImageObject","inLanguage":"da-DK","@id":"https:\/\/evolve-fitness.eu\/da\/vare\/evolve-stativ-til-vaegbolde-og-powerbags\/#primaryimage","url":"https:\/\/evolve-fitness.eu\/wp-content\/uploads\/2024\/01\/EV-RS-WR-100-PNG.png","contentUrl":"https:\/\/evolve-fitness.eu\/wp-content\/uploads\/2024\/01\/EV-RS-WR-100-PNG.png","width":680,"height":600,"caption":"EV-RS-WR-100"},{"@type":"BreadcrumbList","@id":"https:\/\/evolve-fitness.eu\/da\/vare\/evolve-stativ-til-vaegbolde-og-powerbags\/#breadcrumb","itemListElement":[{"@type":"ListItem","position":1,"name":"Home","item":"https:\/\/evolve-fitness.eu\/da\/"},{"@type":"ListItem","position":2,"name":"Produkter","item":"https:\/\/evolve-fitness.eu\/da\/shop\/"},{"@type":"ListItem","position":3,"name":"Evolve stativ til v\u00e6gbolde og powerbags (WR-100)"}]},{"@type":"WebSite","@id":"https:\/\/evolve-fitness.eu\/da\/#website","url":"https:\/\/evolve-fitness.eu\/da\/","name":"Evolve","description":"Your Evolved Gear Arrived","publisher":{"@id":"https:\/\/evolve-fitness.eu\/da\/#organization"},"potentialAction":[{"@type":"SearchAction","target":{"@type":"EntryPoint","urlTemplate":"https:\/\/evolve-fitness.eu\/da\/?s={search_term_string}"},"query-input":{"@type":"PropertyValueSpecification","valueRequired":true,"valueName":"search_term_string"}}],"inLanguage":"da-DK"},{"@type":"Organization","@id":"https:\/\/evolve-fitness.eu\/da\/#organization","name":"Evolve","url":"https:\/\/evolve-fitness.eu\/da\/","logo":{"@type":"ImageObject","inLanguage":"da-DK","@id":"https:\/\/evolve-fitness.eu\/da\/#\/schema\/logo\/image\/","url":"https:\/\/evolve-fitness.eu\/wp-content\/uploads\/2023\/05\/Evolve-logo.svg","contentUrl":"https:\/\/evolve-fitness.eu\/wp-content\/uploads\/2023\/05\/Evolve-logo.svg","width":176,"height":20,"caption":"Evolve"},"image":{"@id":"https:\/\/evolve-fitness.eu\/da\/#\/schema\/logo\/image\/"},"sameAs":["https:\/\/www.facebook.com\/EvolveFitnessEurope"]}]}},"_links":{"self":[{"href":"https:\/\/evolve-fitness.eu\/da\/wp-json\/wp\/v2\/product\/54718","targetHints":{"allow":["GET"]}}],"collection":[{"href":"https:\/\/evolve-fitness.eu\/da\/wp-json\/wp\/v2\/product"}],"about":[{"href":"https:\/\/evolve-fitness.eu\/da\/wp-json\/wp\/v2\/types\/product"}],"wp:featuredmedia":[{"embeddable":true,"href":"https:\/\/evolve-fitness.eu\/da\/wp-json\/wp\/v2\/media\/54719"}],"wp:attachment":[{"href":"https:\/\/evolve-fitness.eu\/da\/wp-json\/wp\/v2\/media?parent=54718"}],"wp:term":[{"taxonomy":"product_brand","embeddable":true,"href":"https:\/\/evolve-fitness.eu\/da\/wp-json\/wp\/v2\/product_brand?post=54718"},{"taxonomy":"product_cat","embeddable":true,"href":"https:\/\/evolve-fitness.eu\/da\/wp-json\/wp\/v2\/product_cat?post=54718"},{"taxonomy":"product_tag","embeddable":true,"href":"https:\/\/evolve-fitness.eu\/da\/wp-json\/wp\/v2\/product_tag?post=54718"}],"curies":[{"name":"wp","href":"https:\/\/api.w.org\/{rel}","templated":true}]}}