{"id":54725,"date":"2024-01-18T14:45:11","date_gmt":"2024-01-18T14:45:11","guid":{"rendered":"https:\/\/evolve-fitness.eu\/product\/evolve-ultra-series-cpu-haandvaegte-af-urethan-10-60-kg\/"},"modified":"2026-04-09T15:44:54","modified_gmt":"2026-04-09T12:44:54","slug":"evolve-ultra-series-cpu-haandvaegte-af-urethan-10-60-kg","status":"publish","type":"product","link":"https:\/\/evolve-fitness.eu\/da\/vare\/evolve-ultra-series-cpu-haandvaegte-af-urethan-10-60-kg\/","title":{"rendered":"Evolve Ultra Series CPU Urethane h\u00e5ndv\u00e6gte s\u00e6t 10-60 kg (CP-10-60)"},"content":{"rendered":"\n<section class=\"wp-block-group alignfull has-lightgray-background-color has-background is-layout-constrained wp-block-group-is-layout-constrained\">\n<div class=\"wp-block-columns alignwide is-layout-flex wp-container-core-columns-is-layout-2edb0647 wp-block-columns-is-layout-flex\" style=\"margin-top:0;margin-bottom:0\">\n<div class=\"wp-block-column is-layout-flow wp-block-column-is-layout-flow\" style=\"flex-basis:33.33%\"><\/div>\n\n\n\n<div class=\"wp-block-column is-layout-flow wp-block-column-is-layout-flow\" style=\"flex-basis:66.66%\"><\/div>\n<\/div>\n<\/section>\n\n<section class=\"wp-block-group alignfull black-content has-white-color has-darkgray-background-color has-text-color has-background is-layout-constrained wp-block-group-is-layout-constrained\" style=\"padding-top:var(--wp--preset--spacing--section-bottom);padding-bottom:var(--wp--preset--spacing--section-bottom)\">\n<div class=\"wp-block-columns alignwide mobile-reverse is-layout-flex wp-container-core-columns-is-layout-ca64bf2d wp-block-columns-is-layout-flex\" style=\"margin-bottom:var(--wp--preset--spacing--side-padding)\">\n<div class=\"wp-block-column is-vertically-aligned-center is-layout-flow wp-block-column-is-layout-flow\">\n<h3 class=\"wp-block-heading\" style=\"margin-bottom:var(--wp--preset--spacing--h-3-bottom)\">Kan tilpasses og er stilfuld<\/h3>\n\n\n\n<p><strong><em><strong><em>L\u00f8ft dit fitnesscenters branding<\/em><\/strong><\/em><\/strong><\/p>\n\n\n\n<p style=\"margin-bottom:var(--wp--preset--spacing--tb-section-padding)\">Ud over exceptionel holdbarhed giver Evolve Urethane h\u00e5ndv\u00e6gte tilpasningsmuligheder, der l\u00f8fter dit fitnesscenters branding og \u00e6stetik. Tilf\u00f8j dit logo, og v\u00e6lg tilpassede farver for at skabe en unik tr\u00e6ningsoplevelse, der adskiller dit fitnesscenter fra konkurrenterne og efterlader et varigt indtryk p\u00e5 dine medlemmer.<\/p>\n<\/div>\n\n\n\n<div class=\"wp-block-column is-vertically-aligned-center is-layout-flow wp-block-column-is-layout-flow\">\n<figure class=\"wp-block-video\"><video height=\"1080\" style=\"aspect-ratio: 1920 \/ 1080;\" width=\"1920\" autoplay=\"\" controls=\"\" loop=\"\" muted=\"\" src=\"https:\/\/evolve-fitness.eu\/wp-content\/uploads\/2024\/01\/EV-DB-CP-10-60-Evolve-Ultra-Series-CPU-Urethane-Dumbbells-3D.mp4\"><\/video><\/figure>\n<\/div>\n<\/div>\n\n\n\n<div class=\"wp-block-columns alignwide is-layout-flex wp-container-core-columns-is-layout-c45ee707 wp-block-columns-is-layout-flex\" style=\"margin-bottom:var(--wp--preset--spacing--side-padding);padding-top:var(--wp--preset--spacing--side-padding)\">\n<div class=\"wp-block-column is-vertically-aligned-center is-layout-flow wp-block-column-is-layout-flow\">\n<figure class=\"wp-block-image size-large\"><img loading=\"lazy\" decoding=\"async\" width=\"1024\" height=\"1024\" src=\"https:\/\/evolve-fitness.eu\/wp-content\/uploads\/2024\/01\/EV-DB-CP-10-60-Evolve-Ultra-Series-CPU-Urethane-Dumbbells-PNG-Full-3-1024x1024.png\" alt=\"EV-DB-CP-10-60\" class=\"wp-image-10469\" srcset=\"https:\/\/evolve-fitness.eu\/wp-content\/uploads\/2024\/01\/EV-DB-CP-10-60-Evolve-Ultra-Series-CPU-Urethane-Dumbbells-PNG-Full-3-1024x1024.png 1024w, https:\/\/evolve-fitness.eu\/wp-content\/uploads\/2024\/01\/EV-DB-CP-10-60-Evolve-Ultra-Series-CPU-Urethane-Dumbbells-PNG-Full-3-300x300.png 300w, https:\/\/evolve-fitness.eu\/wp-content\/uploads\/2024\/01\/EV-DB-CP-10-60-Evolve-Ultra-Series-CPU-Urethane-Dumbbells-PNG-Full-3-150x150.png 150w, https:\/\/evolve-fitness.eu\/wp-content\/uploads\/2024\/01\/EV-DB-CP-10-60-Evolve-Ultra-Series-CPU-Urethane-Dumbbells-PNG-Full-3-600x600.png 600w, https:\/\/evolve-fitness.eu\/wp-content\/uploads\/2024\/01\/EV-DB-CP-10-60-Evolve-Ultra-Series-CPU-Urethane-Dumbbells-PNG-Full-3-768x768.png 768w, https:\/\/evolve-fitness.eu\/wp-content\/uploads\/2024\/01\/EV-DB-CP-10-60-Evolve-Ultra-Series-CPU-Urethane-Dumbbells-PNG-Full-3-1536x1536.png 1536w, https:\/\/evolve-fitness.eu\/wp-content\/uploads\/2024\/01\/EV-DB-CP-10-60-Evolve-Ultra-Series-CPU-Urethane-Dumbbells-PNG-Full-3.png 1600w\" sizes=\"auto, (max-width: 1024px) 100vw, 1024px\" \/><\/figure>\n<\/div>\n\n\n\n<div class=\"wp-block-column is-vertically-aligned-center is-layout-constrained wp-block-column-is-layout-constrained\">\n<h3 class=\"wp-block-heading\" style=\"margin-bottom:var(--wp--preset--spacing--h-3-bottom)\"><strong>Hvorfor urethan er det bedste<\/strong><\/h3>\n\n\n\n<p><em><strong>Det p\u00e5lidelige valg for ejere af fitnesscentre<\/strong><\/em><\/p>\n\n\n\n<p style=\"margin-bottom:var(--wp--preset--spacing--tb-section-padding)\">Som ejer af et fitnesscenter, der s\u00f8ger p\u00e5lideligt og langtidsholdbart udstyr, er Evolve Urethane h\u00e5ndv\u00e6gte din ultimative l\u00f8sning. Disse h\u00e5ndv\u00e6gte er fremstillet af f\u00f8rsteklasses urethanmateriale og har en uovertruffen holdbarhed, hvilket g\u00f8r dem ideelle til kravene i kommercielle fitnesscentre. Sig farvel til bekymringer om ridser, sk\u00e5r eller afskalning &#8211; disse h\u00e5ndv\u00e6gte bevarer deres uber\u00f8rte udseende i \u00e5revis og tilbyder en omkostningseffektiv l\u00f8sning, der eliminerer behovet for hyppige udskiftninger.<\/p>\n<\/div>\n<\/div>\n\n\n\n<div class=\"wp-block-columns alignwide is-layout-flex wp-container-core-columns-is-layout-c45ee707 wp-block-columns-is-layout-flex\" style=\"margin-bottom:var(--wp--preset--spacing--side-padding);padding-top:var(--wp--preset--spacing--side-padding)\">\n<div class=\"wp-block-column is-vertically-aligned-center is-layout-flow wp-block-column-is-layout-flow\">\n<h3 class=\"wp-block-heading\" style=\"margin-bottom:var(--wp--preset--spacing--h-3-bottom)\">Pr\u00e6cisionsst\u00f8bt<\/h3>\n\n\n\n<p><strong><em>Konsekvent ydeevne<\/em><\/strong><\/p>\n\n\n\n<p>Hos Evolve prioriterer vi pr\u00e6cisionsst\u00f8bning for at garantere ensartet v\u00e6gt og urokkelig ydeevne for hver h\u00e5ndv\u00e6gt. I mods\u00e6tning til standardh\u00e5ndv\u00e6gte med uensartet v\u00e6gt er Evolves h\u00e5ndv\u00e6gte omhyggeligt udformet efter n\u00f8jagtige specifikationer, hvilket giver en ensartet v\u00e6gt og fornemmelse for forbedret tr\u00e6ningsn\u00f8jagtighed.<\/p>\n\n\n\n<p><\/p>\n\n\n\n<h3 class=\"wp-block-heading\" style=\"margin-bottom:var(--wp--preset--spacing--h-3-bottom)\">Bredt udvalg af v\u00e6gte<\/h3>\n\n\n\n<p><strong><em>Kan tilpasses til alle fitnessniveauer<\/em><\/strong><\/p>\n\n\n\n<p style=\"margin-bottom:var(--wp--preset--spacing--tb-section-padding)\">Evolve Urethane Dumbbells, der sp\u00e6nder fra 10 kg til 60 kg, henvender sig til alle fitnessniveauer og im\u00f8dekommer forskellige tr\u00e6ningsbehov. Disse h\u00e5ndv\u00e6gte giver pr\u00e6cise og gradvise v\u00e6gtstigninger, hvilket sikrer en problemfri progression for dine medlemmers fitnessrejser.<\/p>\n<\/div>\n\n\n\n<div class=\"wp-block-column is-vertically-aligned-center is-layout-flow wp-block-column-is-layout-flow\">\n<div class=\"wp-block-columns is-layout-flex wp-container-core-columns-is-layout-9d6595d7 wp-block-columns-is-layout-flex\">\n<div class=\"wp-block-column is-layout-flow wp-block-column-is-layout-flow\">\n<figure class=\"wp-block-image size-large\"><img loading=\"lazy\" decoding=\"async\" width=\"1024\" height=\"1024\" src=\"https:\/\/evolve-fitness.eu\/wp-content\/uploads\/2024\/01\/Dumbell-Handle-Dimenions-1024x1024.jpg\" alt=\"EV-DB-CP-10-60\" class=\"wp-image-10505\" srcset=\"https:\/\/evolve-fitness.eu\/wp-content\/uploads\/2024\/01\/Dumbell-Handle-Dimenions-1024x1024.jpg 1024w, https:\/\/evolve-fitness.eu\/wp-content\/uploads\/2024\/01\/Dumbell-Handle-Dimenions-300x300.jpg 300w, https:\/\/evolve-fitness.eu\/wp-content\/uploads\/2024\/01\/Dumbell-Handle-Dimenions-150x150.jpg 150w, https:\/\/evolve-fitness.eu\/wp-content\/uploads\/2024\/01\/Dumbell-Handle-Dimenions-600x600.jpg 600w, https:\/\/evolve-fitness.eu\/wp-content\/uploads\/2024\/01\/Dumbell-Handle-Dimenions-768x768.jpg 768w, https:\/\/evolve-fitness.eu\/wp-content\/uploads\/2024\/01\/Dumbell-Handle-Dimenions.jpg 1500w\" sizes=\"auto, (max-width: 1024px) 100vw, 1024px\" \/><\/figure>\n<\/div>\n<\/div>\n<\/div>\n<\/div>\n<\/section>\n","protected":false},"excerpt":{"rendered":"<p>Oplev det ypperste inden for styrketr\u00e6ning med Evolve Fitness&#8217; Ultra Series CPU Urethane Dumbbells, der sp\u00e6nder fra 10 til 60 kg. Disse f\u00f8rsteklasses urethanh\u00e5ndv\u00e6gte er designet til b\u00e5de fitnessentusiaster og professionelle atleter og giver uovertruffen holdbarhed og pr\u00e6cis balance. Evolve Ultra Series h\u00e5ndv\u00e6gte er fremstillet med en unik CPU-formulering (Compound Polyurethane), der sikrer langvarig ydeevne i ethvert tr\u00e6ningscenter eller hjemmetr\u00e6ning. Hver h\u00e5ndv\u00e6gt er omhyggeligt konstrueret til ergonomisk h\u00e5ndtering, hvilket giver et behageligt og sikkert greb til dine daglige styrketr\u00e6ningsrutiner. Opgrader dit tr\u00e6ningsudstyr med Evolve Ultra Series h\u00e5ndv\u00e6gte, og tag din fitnessrejse til det n\u00e6ste niveau. Disse urethanh\u00e5ndv\u00e6gte er perfekte til en bred vifte af \u00f8velser, fra grundl\u00e6ggende v\u00e6gtl\u00f8ftning til mere komplekse tr\u00e6ningsrutiner, og er en alsidig tilf\u00f8jelse til ethvert fitnessprogram.<\/p>\n","protected":false},"featured_media":54726,"template":"","meta":{"_acf_changed":false,"inline_featured_image":false},"product_brand":[],"product_cat":[1462,2531],"product_tag":[],"class_list":{"0":"post-54725","1":"product","2":"type-product","3":"status-publish","4":"has-post-thumbnail","6":"product_cat-frie-vaegte","7":"product_cat-handvaegte","9":"first","10":"instock","11":"shipping-taxable","12":"purchasable","13":"product-type-simple"},"acf":{"long_title":"Evolve Ultra Series CPU Urethane h\u00e5ndv\u00e6gte s\u00e6t 10-60 kg (CP-10-60)","subtitle":"","specifications":[{"label":"VARENUMMER","text_value":"EV-DB-CP-10-60","icon":"x"},{"label":"V\u00e6gtomr\u00e5de","text_value":"10 kg - 60 kg","icon":"x"},{"label":"Greb","text_value":"H\u00e5rdt forkromede riflede h\u00e5ndtag","icon":"x"},{"label":"Materiale","text_value":"  CPU-urethan af h\u00f8j kvalitet","icon":"x"},{"label":"Pr\u00e6cisionsst\u00f8bt","text_value":"Sikrer ensartet v\u00e6gt og ensartet ydelse","icon":"x"},{"label":"Tilpasning","text_value":"Mulighed for branding af fitnesscentret, herunder lasersk\u00e5rne logoer og farver","icon":"x"}]},"yoast_head":"<!-- This site is optimized with the Yoast SEO plugin v26.6 - https:\/\/yoast.com\/wordpress\/plugins\/seo\/ -->\n<title>Evolve Ultra Series CPU Urethane h\u00e5ndv\u00e6gte s\u00e6t 10-60 kg (CP-10-60) - Evolve<\/title>\n<meta name=\"robots\" content=\"index, follow, max-snippet:-1, max-image-preview:large, max-video-preview:-1\" \/>\n<link rel=\"canonical\" href=\"https:\/\/evolve-fitness.eu\/da\/vare\/evolve-ultra-series-cpu-haandvaegte-af-urethan-10-60-kg\/\" \/>\n<meta property=\"og:locale\" content=\"da_DK\" \/>\n<meta property=\"og:type\" content=\"article\" \/>\n<meta property=\"og:title\" content=\"Evolve Ultra Series CPU Urethane h\u00e5ndv\u00e6gte s\u00e6t 10-60 kg (CP-10-60) - Evolve\" \/>\n<meta property=\"og:url\" content=\"https:\/\/evolve-fitness.eu\/da\/vare\/evolve-ultra-series-cpu-haandvaegte-af-urethan-10-60-kg\/\" \/>\n<meta property=\"og:site_name\" content=\"Evolve\" \/>\n<meta property=\"article:publisher\" content=\"https:\/\/www.facebook.com\/EvolveFitnessEurope\" \/>\n<meta property=\"article:modified_time\" content=\"2026-04-09T12:44:54+00:00\" \/>\n<meta property=\"og:image\" content=\"https:\/\/evolve-fitness.eu\/wp-content\/uploads\/2024\/01\/EV-DB-CP-10-60-Evolve-Ultra-Series-CPU-Urethane-Dumbbells-PNG.png\" \/>\n\t<meta property=\"og:image:width\" content=\"680\" \/>\n\t<meta property=\"og:image:height\" content=\"600\" \/>\n\t<meta property=\"og:image:type\" content=\"image\/png\" \/>\n<meta name=\"twitter:card\" content=\"summary_large_image\" \/>\n<script type=\"application\/ld+json\" class=\"yoast-schema-graph\">{\"@context\":\"https:\/\/schema.org\",\"@graph\":[{\"@type\":\"WebPage\",\"@id\":\"https:\/\/evolve-fitness.eu\/da\/vare\/evolve-ultra-series-cpu-haandvaegte-af-urethan-10-60-kg\/\",\"url\":\"https:\/\/evolve-fitness.eu\/da\/vare\/evolve-ultra-series-cpu-haandvaegte-af-urethan-10-60-kg\/\",\"name\":\"Evolve Ultra Series CPU Urethane h\u00e5ndv\u00e6gte s\u00e6t 10-60 kg (CP-10-60) - Evolve\",\"isPartOf\":{\"@id\":\"https:\/\/evolve-fitness.eu\/da\/#website\"},\"primaryImageOfPage\":{\"@id\":\"https:\/\/evolve-fitness.eu\/da\/vare\/evolve-ultra-series-cpu-haandvaegte-af-urethan-10-60-kg\/#primaryimage\"},\"image\":{\"@id\":\"https:\/\/evolve-fitness.eu\/da\/vare\/evolve-ultra-series-cpu-haandvaegte-af-urethan-10-60-kg\/#primaryimage\"},\"thumbnailUrl\":\"https:\/\/evolve-fitness.eu\/wp-content\/uploads\/2024\/01\/EV-DB-CP-10-60-Evolve-Ultra-Series-CPU-Urethane-Dumbbells-PNG.png\",\"datePublished\":\"2024-01-18T14:45:11+00:00\",\"dateModified\":\"2026-04-09T12:44:54+00:00\",\"breadcrumb\":{\"@id\":\"https:\/\/evolve-fitness.eu\/da\/vare\/evolve-ultra-series-cpu-haandvaegte-af-urethan-10-60-kg\/#breadcrumb\"},\"inLanguage\":\"da-DK\",\"potentialAction\":[{\"@type\":\"ReadAction\",\"target\":[\"https:\/\/evolve-fitness.eu\/da\/vare\/evolve-ultra-series-cpu-haandvaegte-af-urethan-10-60-kg\/\"]}]},{\"@type\":\"ImageObject\",\"inLanguage\":\"da-DK\",\"@id\":\"https:\/\/evolve-fitness.eu\/da\/vare\/evolve-ultra-series-cpu-haandvaegte-af-urethan-10-60-kg\/#primaryimage\",\"url\":\"https:\/\/evolve-fitness.eu\/wp-content\/uploads\/2024\/01\/EV-DB-CP-10-60-Evolve-Ultra-Series-CPU-Urethane-Dumbbells-PNG.png\",\"contentUrl\":\"https:\/\/evolve-fitness.eu\/wp-content\/uploads\/2024\/01\/EV-DB-CP-10-60-Evolve-Ultra-Series-CPU-Urethane-Dumbbells-PNG.png\",\"width\":680,\"height\":600,\"caption\":\"EV-DB-CP-10-60\"},{\"@type\":\"BreadcrumbList\",\"@id\":\"https:\/\/evolve-fitness.eu\/da\/vare\/evolve-ultra-series-cpu-haandvaegte-af-urethan-10-60-kg\/#breadcrumb\",\"itemListElement\":[{\"@type\":\"ListItem\",\"position\":1,\"name\":\"Home\",\"item\":\"https:\/\/evolve-fitness.eu\/da\/\"},{\"@type\":\"ListItem\",\"position\":2,\"name\":\"Produkter\",\"item\":\"https:\/\/evolve-fitness.eu\/da\/shop\/\"},{\"@type\":\"ListItem\",\"position\":3,\"name\":\"Evolve Ultra Series CPU Urethane h\u00e5ndv\u00e6gte s\u00e6t 10-60 kg (CP-10-60)\"}]},{\"@type\":\"WebSite\",\"@id\":\"https:\/\/evolve-fitness.eu\/da\/#website\",\"url\":\"https:\/\/evolve-fitness.eu\/da\/\",\"name\":\"Evolve\",\"description\":\"Your Evolved Gear Arrived\",\"publisher\":{\"@id\":\"https:\/\/evolve-fitness.eu\/da\/#organization\"},\"potentialAction\":[{\"@type\":\"SearchAction\",\"target\":{\"@type\":\"EntryPoint\",\"urlTemplate\":\"https:\/\/evolve-fitness.eu\/da\/?s={search_term_string}\"},\"query-input\":{\"@type\":\"PropertyValueSpecification\",\"valueRequired\":true,\"valueName\":\"search_term_string\"}}],\"inLanguage\":\"da-DK\"},{\"@type\":\"Organization\",\"@id\":\"https:\/\/evolve-fitness.eu\/da\/#organization\",\"name\":\"Evolve\",\"url\":\"https:\/\/evolve-fitness.eu\/da\/\",\"logo\":{\"@type\":\"ImageObject\",\"inLanguage\":\"da-DK\",\"@id\":\"https:\/\/evolve-fitness.eu\/da\/#\/schema\/logo\/image\/\",\"url\":\"https:\/\/evolve-fitness.eu\/wp-content\/uploads\/2023\/05\/Evolve-logo.svg\",\"contentUrl\":\"https:\/\/evolve-fitness.eu\/wp-content\/uploads\/2023\/05\/Evolve-logo.svg\",\"width\":176,\"height\":20,\"caption\":\"Evolve\"},\"image\":{\"@id\":\"https:\/\/evolve-fitness.eu\/da\/#\/schema\/logo\/image\/\"},\"sameAs\":[\"https:\/\/www.facebook.com\/EvolveFitnessEurope\"]}]}<\/script>\n<!-- \/ Yoast SEO plugin. -->","yoast_head_json":{"title":"Evolve Ultra Series CPU Urethane h\u00e5ndv\u00e6gte s\u00e6t 10-60 kg (CP-10-60) - Evolve","robots":{"index":"index","follow":"follow","max-snippet":"max-snippet:-1","max-image-preview":"max-image-preview:large","max-video-preview":"max-video-preview:-1"},"canonical":"https:\/\/evolve-fitness.eu\/da\/vare\/evolve-ultra-series-cpu-haandvaegte-af-urethan-10-60-kg\/","og_locale":"da_DK","og_type":"article","og_title":"Evolve Ultra Series CPU Urethane h\u00e5ndv\u00e6gte s\u00e6t 10-60 kg (CP-10-60) - Evolve","og_url":"https:\/\/evolve-fitness.eu\/da\/vare\/evolve-ultra-series-cpu-haandvaegte-af-urethan-10-60-kg\/","og_site_name":"Evolve","article_publisher":"https:\/\/www.facebook.com\/EvolveFitnessEurope","article_modified_time":"2026-04-09T12:44:54+00:00","og_image":[{"width":680,"height":600,"url":"https:\/\/evolve-fitness.eu\/wp-content\/uploads\/2024\/01\/EV-DB-CP-10-60-Evolve-Ultra-Series-CPU-Urethane-Dumbbells-PNG.png","type":"image\/png"}],"twitter_card":"summary_large_image","schema":{"@context":"https:\/\/schema.org","@graph":[{"@type":"WebPage","@id":"https:\/\/evolve-fitness.eu\/da\/vare\/evolve-ultra-series-cpu-haandvaegte-af-urethan-10-60-kg\/","url":"https:\/\/evolve-fitness.eu\/da\/vare\/evolve-ultra-series-cpu-haandvaegte-af-urethan-10-60-kg\/","name":"Evolve Ultra Series CPU Urethane h\u00e5ndv\u00e6gte s\u00e6t 10-60 kg (CP-10-60) - Evolve","isPartOf":{"@id":"https:\/\/evolve-fitness.eu\/da\/#website"},"primaryImageOfPage":{"@id":"https:\/\/evolve-fitness.eu\/da\/vare\/evolve-ultra-series-cpu-haandvaegte-af-urethan-10-60-kg\/#primaryimage"},"image":{"@id":"https:\/\/evolve-fitness.eu\/da\/vare\/evolve-ultra-series-cpu-haandvaegte-af-urethan-10-60-kg\/#primaryimage"},"thumbnailUrl":"https:\/\/evolve-fitness.eu\/wp-content\/uploads\/2024\/01\/EV-DB-CP-10-60-Evolve-Ultra-Series-CPU-Urethane-Dumbbells-PNG.png","datePublished":"2024-01-18T14:45:11+00:00","dateModified":"2026-04-09T12:44:54+00:00","breadcrumb":{"@id":"https:\/\/evolve-fitness.eu\/da\/vare\/evolve-ultra-series-cpu-haandvaegte-af-urethan-10-60-kg\/#breadcrumb"},"inLanguage":"da-DK","potentialAction":[{"@type":"ReadAction","target":["https:\/\/evolve-fitness.eu\/da\/vare\/evolve-ultra-series-cpu-haandvaegte-af-urethan-10-60-kg\/"]}]},{"@type":"ImageObject","inLanguage":"da-DK","@id":"https:\/\/evolve-fitness.eu\/da\/vare\/evolve-ultra-series-cpu-haandvaegte-af-urethan-10-60-kg\/#primaryimage","url":"https:\/\/evolve-fitness.eu\/wp-content\/uploads\/2024\/01\/EV-DB-CP-10-60-Evolve-Ultra-Series-CPU-Urethane-Dumbbells-PNG.png","contentUrl":"https:\/\/evolve-fitness.eu\/wp-content\/uploads\/2024\/01\/EV-DB-CP-10-60-Evolve-Ultra-Series-CPU-Urethane-Dumbbells-PNG.png","width":680,"height":600,"caption":"EV-DB-CP-10-60"},{"@type":"BreadcrumbList","@id":"https:\/\/evolve-fitness.eu\/da\/vare\/evolve-ultra-series-cpu-haandvaegte-af-urethan-10-60-kg\/#breadcrumb","itemListElement":[{"@type":"ListItem","position":1,"name":"Home","item":"https:\/\/evolve-fitness.eu\/da\/"},{"@type":"ListItem","position":2,"name":"Produkter","item":"https:\/\/evolve-fitness.eu\/da\/shop\/"},{"@type":"ListItem","position":3,"name":"Evolve Ultra Series CPU Urethane h\u00e5ndv\u00e6gte s\u00e6t 10-60 kg (CP-10-60)"}]},{"@type":"WebSite","@id":"https:\/\/evolve-fitness.eu\/da\/#website","url":"https:\/\/evolve-fitness.eu\/da\/","name":"Evolve","description":"Your Evolved Gear Arrived","publisher":{"@id":"https:\/\/evolve-fitness.eu\/da\/#organization"},"potentialAction":[{"@type":"SearchAction","target":{"@type":"EntryPoint","urlTemplate":"https:\/\/evolve-fitness.eu\/da\/?s={search_term_string}"},"query-input":{"@type":"PropertyValueSpecification","valueRequired":true,"valueName":"search_term_string"}}],"inLanguage":"da-DK"},{"@type":"Organization","@id":"https:\/\/evolve-fitness.eu\/da\/#organization","name":"Evolve","url":"https:\/\/evolve-fitness.eu\/da\/","logo":{"@type":"ImageObject","inLanguage":"da-DK","@id":"https:\/\/evolve-fitness.eu\/da\/#\/schema\/logo\/image\/","url":"https:\/\/evolve-fitness.eu\/wp-content\/uploads\/2023\/05\/Evolve-logo.svg","contentUrl":"https:\/\/evolve-fitness.eu\/wp-content\/uploads\/2023\/05\/Evolve-logo.svg","width":176,"height":20,"caption":"Evolve"},"image":{"@id":"https:\/\/evolve-fitness.eu\/da\/#\/schema\/logo\/image\/"},"sameAs":["https:\/\/www.facebook.com\/EvolveFitnessEurope"]}]}},"_links":{"self":[{"href":"https:\/\/evolve-fitness.eu\/da\/wp-json\/wp\/v2\/product\/54725","targetHints":{"allow":["GET"]}}],"collection":[{"href":"https:\/\/evolve-fitness.eu\/da\/wp-json\/wp\/v2\/product"}],"about":[{"href":"https:\/\/evolve-fitness.eu\/da\/wp-json\/wp\/v2\/types\/product"}],"wp:featuredmedia":[{"embeddable":true,"href":"https:\/\/evolve-fitness.eu\/da\/wp-json\/wp\/v2\/media\/54726"}],"wp:attachment":[{"href":"https:\/\/evolve-fitness.eu\/da\/wp-json\/wp\/v2\/media?parent=54725"}],"wp:term":[{"taxonomy":"product_brand","embeddable":true,"href":"https:\/\/evolve-fitness.eu\/da\/wp-json\/wp\/v2\/product_brand?post=54725"},{"taxonomy":"product_cat","embeddable":true,"href":"https:\/\/evolve-fitness.eu\/da\/wp-json\/wp\/v2\/product_cat?post=54725"},{"taxonomy":"product_tag","embeddable":true,"href":"https:\/\/evolve-fitness.eu\/da\/wp-json\/wp\/v2\/product_tag?post=54725"}],"curies":[{"name":"wp","href":"https:\/\/api.w.org\/{rel}","templated":true}]}}