{"id":55660,"date":"2024-01-24T11:42:55","date_gmt":"2024-01-24T09:42:55","guid":{"rendered":"https:\/\/evolve-fitness.eu\/product\/evolve-vinklet-glute-box\/"},"modified":"2024-10-29T14:04:06","modified_gmt":"2024-10-29T14:04:06","slug":"evolve-vinklet-glute-box","status":"publish","type":"product","link":"https:\/\/evolve-fitness.eu\/da\/vare\/evolve-vinklet-glute-box\/","title":{"rendered":"Evolve vinklet glute box"},"content":{"rendered":"\n<section class=\"wp-block-group alignfull has-lightgray-background-color has-background is-layout-constrained wp-block-group-is-layout-constrained\">\n<div class=\"wp-block-columns alignwide is-layout-flex wp-container-core-columns-is-layout-2edb0647 wp-block-columns-is-layout-flex\" style=\"margin-top:0;margin-bottom:0\">\n<div class=\"wp-block-column is-layout-flow wp-block-column-is-layout-flow\" style=\"flex-basis:33.33%\"><\/div>\n\n\n\n<div class=\"wp-block-column is-layout-flow wp-block-column-is-layout-flow\" style=\"flex-basis:66.66%\"><\/div>\n<\/div>\n<\/section>\n\n<section class=\"wp-block-group alignfull black-content has-white-color has-darkgray-background-color has-text-color has-background is-layout-constrained wp-block-group-is-layout-constrained\" style=\"padding-top:var(--wp--preset--spacing--section-bottom);padding-bottom:var(--wp--preset--spacing--section-bottom)\">\n<div class=\"wp-block-columns alignwide mobile-reverse is-layout-flex wp-container-core-columns-is-layout-ca64bf2d wp-block-columns-is-layout-flex\" style=\"margin-bottom:var(--wp--preset--spacing--side-padding)\">\n<div class=\"wp-block-column is-vertically-aligned-center is-layout-flow wp-block-column-is-layout-flow\">\n<h3 class=\"wp-block-heading\" style=\"margin-bottom:var(--wp--preset--spacing--h-3-bottom)\"><strong>Innovativt vinklet design<\/strong><\/h3>\n\n\n\n<p><strong><em>Forbedrer muskelaktivering, hj\u00e6lper ogs\u00e5 med at opretholde korrekt form og reducerer risikoen for skader.<\/em><\/strong><\/p>\n\n\n\n<p style=\"margin-bottom:var(--wp--preset--spacing--tb-section-padding)\">Forvandl din balle-tr\u00e6ning med Evolve Angled Glute Box, GB-050. Dette unikke design er konstrueret til at optimere aktiveringen af ballemusklerne, hvilket sikrer maksimal effektivitet i hver tr\u00e6ning. Den kan bruges til en r\u00e6kke forskellige \u00f8velser, hvilket giver mulighed for m\u00e5lrettet tr\u00e6ning, der giver bedre resultater. Denne glute box er perfekt til b\u00e5de fitnesscenter og hjemmebrug og er et must-have for dem, der er seri\u00f8se omkring deres underkropstr\u00e6ning.<\/p>\n<\/div>\n\n\n\n<div class=\"wp-block-column is-vertically-aligned-center is-layout-flow wp-block-column-is-layout-flow\">\n<figure class=\"wp-block-image size-large\"><img loading=\"lazy\" decoding=\"async\" width=\"1024\" height=\"683\" src=\"https:\/\/evolve-fitness.eu\/wp-content\/uploads\/2024\/01\/Evolve-Angled-Glute-Box-C1-1024x683.jpg\" alt=\"EV-PF-GB-050\" class=\"wp-image-10669\" srcset=\"https:\/\/evolve-fitness.eu\/wp-content\/uploads\/2024\/01\/Evolve-Angled-Glute-Box-C1-1024x683.jpg 1024w, https:\/\/evolve-fitness.eu\/wp-content\/uploads\/2024\/01\/Evolve-Angled-Glute-Box-C1-300x200.jpg 300w, https:\/\/evolve-fitness.eu\/wp-content\/uploads\/2024\/01\/Evolve-Angled-Glute-Box-C1-225x150.jpg 225w, https:\/\/evolve-fitness.eu\/wp-content\/uploads\/2024\/01\/Evolve-Angled-Glute-Box-C1-600x400.jpg 600w, https:\/\/evolve-fitness.eu\/wp-content\/uploads\/2024\/01\/Evolve-Angled-Glute-Box-C1-150x100.jpg 150w, https:\/\/evolve-fitness.eu\/wp-content\/uploads\/2024\/01\/Evolve-Angled-Glute-Box-C1-768x512.jpg 768w, https:\/\/evolve-fitness.eu\/wp-content\/uploads\/2024\/01\/Evolve-Angled-Glute-Box-C1-1536x1024.jpg 1536w, https:\/\/evolve-fitness.eu\/wp-content\/uploads\/2024\/01\/Evolve-Angled-Glute-Box-C1-2048x1365.jpg 2048w\" sizes=\"auto, (max-width: 1024px) 100vw, 1024px\" \/><\/figure>\n<\/div>\n<\/div>\n\n\n\n<div class=\"wp-block-columns alignwide is-layout-flex wp-container-core-columns-is-layout-c45ee707 wp-block-columns-is-layout-flex\" style=\"margin-bottom:var(--wp--preset--spacing--side-padding);padding-top:var(--wp--preset--spacing--side-padding)\">\n<div class=\"wp-block-column is-vertically-aligned-center is-layout-flow wp-block-column-is-layout-flow\">\n<figure class=\"wp-block-image size-large\"><img loading=\"lazy\" decoding=\"async\" width=\"1024\" height=\"683\" src=\"https:\/\/evolve-fitness.eu\/wp-content\/uploads\/2024\/01\/Evolve-Angled-Glute-Box-C2-1024x683.jpg\" alt=\"EV-PF-GB-050\" class=\"wp-image-10671\" srcset=\"https:\/\/evolve-fitness.eu\/wp-content\/uploads\/2024\/01\/Evolve-Angled-Glute-Box-C2-1024x683.jpg 1024w, https:\/\/evolve-fitness.eu\/wp-content\/uploads\/2024\/01\/Evolve-Angled-Glute-Box-C2-300x200.jpg 300w, https:\/\/evolve-fitness.eu\/wp-content\/uploads\/2024\/01\/Evolve-Angled-Glute-Box-C2-225x150.jpg 225w, https:\/\/evolve-fitness.eu\/wp-content\/uploads\/2024\/01\/Evolve-Angled-Glute-Box-C2-600x400.jpg 600w, https:\/\/evolve-fitness.eu\/wp-content\/uploads\/2024\/01\/Evolve-Angled-Glute-Box-C2-150x100.jpg 150w, https:\/\/evolve-fitness.eu\/wp-content\/uploads\/2024\/01\/Evolve-Angled-Glute-Box-C2-768x512.jpg 768w, https:\/\/evolve-fitness.eu\/wp-content\/uploads\/2024\/01\/Evolve-Angled-Glute-Box-C2-1536x1024.jpg 1536w, https:\/\/evolve-fitness.eu\/wp-content\/uploads\/2024\/01\/Evolve-Angled-Glute-Box-C2-2048x1365.jpg 2048w\" sizes=\"auto, (max-width: 1024px) 100vw, 1024px\" \/><\/figure>\n<\/div>\n\n\n\n<div class=\"wp-block-column is-vertically-aligned-center is-layout-flow wp-block-column-is-layout-flow\">\n<h3 class=\"wp-block-heading\" style=\"margin-bottom:var(--wp--preset--spacing--h-3-bottom)\"><strong>Holdbarhed og kvalitet<\/strong><\/h3>\n\n\n\n<p><strong><em>  Fremstillet af materialer af h\u00f8j kvalitet<\/em><\/strong><\/p>\n\n\n\n<p>Evolve Angled Glute Box holder til intens tr\u00e6ning og sikrer lang levetid og konstant ydeevne. Dette robuste fitnessredskab kan holde til at blive brugt meget, hvilket g\u00f8r det ideelt til b\u00e5de kommercielle fitnesscentre og private hjemmetr\u00e6ningscentre. Den robuste konstruktion giver en stabil platform til alle former for balle\u00f8velser og sikrer, at din tr\u00e6ning er b\u00e5de sikker og effektiv.<\/p>\n<\/div>\n<\/div>\n\n\n\n<div class=\"wp-block-columns alignwide is-layout-flex wp-container-core-columns-is-layout-c45ee707 wp-block-columns-is-layout-flex\" style=\"margin-bottom:var(--wp--preset--spacing--side-padding);padding-top:var(--wp--preset--spacing--side-padding)\">\n<div class=\"wp-block-column is-vertically-aligned-center is-layout-flow wp-block-column-is-layout-flow\">\n<h3 class=\"wp-block-heading\" style=\"margin-bottom:var(--wp--preset--spacing--h-3-bottom)\"><strong>Komfort og sikkerhed<\/strong><\/h3>\n\n\n\n<p><strong><em>Designet med brugerens velbefindende i tankerne<\/em><\/strong><\/p>\n\n\n\n<p style=\"margin-bottom:var(--wp--preset--spacing--tb-section-padding)\">Den behagelige polstring reducerer belastningen p\u00e5 dine ben og hofter under \u00f8velserne, s\u00e5 du kan holde l\u00e6ngere og mere produktive sessioner. Den skridsikre overflade sikrer stabilitet og sikkerhed, selv under de mest intense tr\u00e6ningspas. Denne glute box er perfekt til brugere p\u00e5 alle niveauer, fra begyndere til avancerede atleter, og giver en sikker og behagelig tr\u00e6ningsoplevelse.<\/p>\n<\/div>\n\n\n\n<div class=\"wp-block-column is-vertically-aligned-center is-layout-flow wp-block-column-is-layout-flow\">\n<figure class=\"wp-block-video\"><video height=\"1080\" style=\"aspect-ratio: 1920 \/ 1080;\" width=\"1920\" autoplay=\"\" controls=\"\" loop=\"\" muted=\"\" src=\"https:\/\/evolve-fitness.eu\/wp-content\/uploads\/2024\/07\/6.mp4\"><\/video><\/figure>\n<\/div>\n<\/div>\n\n\n\n<div class=\"wp-block-columns alignwide is-layout-flex wp-container-core-columns-is-layout-c45ee707 wp-block-columns-is-layout-flex\" style=\"margin-bottom:var(--wp--preset--spacing--side-padding);padding-top:var(--wp--preset--spacing--side-padding)\">\n<div class=\"wp-block-column is-vertically-aligned-center is-layout-flow wp-block-column-is-layout-flow\">\n<figure class=\"wp-block-video\"><video height=\"1080\" style=\"aspect-ratio: 1920 \/ 1080;\" width=\"1920\" autoplay=\"\" controls=\"\" loop=\"\" muted=\"\" src=\"https:\/\/evolve-fitness.eu\/wp-content\/uploads\/2024\/07\/2-1.mp4\"><\/video><\/figure>\n<\/div>\n\n\n\n<div class=\"wp-block-column is-vertically-aligned-center is-layout-flow wp-block-column-is-layout-flow\">\n<h3 class=\"wp-block-heading\" style=\"margin-bottom:var(--wp--preset--spacing--h-3-bottom)\"><strong><strong><strong><strong>Alsidigt tr\u00e6ningsv\u00e6rkt\u00f8j<\/strong><\/strong><\/strong><\/strong><\/h3>\n\n\n\n<p><strong><em>Giv din tr\u00e6ning en ny dimension<\/em><\/strong><\/p>\n\n\n\n<p>G\u00f8r din tr\u00e6ning mere alsidig med Evolve Angled Glute Box. Dens tilpasningsdygtige design g\u00f8r den velegnet til en lang r\u00e6kke \u00f8velser, ikke kun begr\u00e6nset til balle-tr\u00e6ning. Fra hoftest\u00f8d til step-ups og meget mere &#8211; dette redskab giver variation i din tr\u00e6ningsrutine og hj\u00e6lper dig med at undg\u00e5 plateau og fastholde fremskridt.<\/p>\n<\/div>\n<\/div>\n\n\n\n<div class=\"wp-block-columns alignwide is-layout-flex wp-container-core-columns-is-layout-c45ee707 wp-block-columns-is-layout-flex\" style=\"margin-bottom:var(--wp--preset--spacing--side-padding);padding-top:var(--wp--preset--spacing--side-padding)\">\n<div class=\"wp-block-column is-vertically-aligned-center is-layout-flow wp-block-column-is-layout-flow\">\n<h3 class=\"wp-block-heading\" style=\"margin-bottom:var(--wp--preset--spacing--h-3-bottom)\"><strong>Pladsbesparende og nem at opbevare<\/strong><\/h3>\n\n\n\n<p><strong><em>Kraftfuldt tr\u00e6ningsredskab, der ikke fylder for meget<\/em><\/strong><\/p>\n\n\n\n<p style=\"margin-bottom:var(--wp--preset--spacing--tb-section-padding)\">Evolve Angled Glute Box er ideel til pladsbevidste fitnessentusiaster og er designet til nem opbevaring og pladseffektivitet. Den kompakte st\u00f8rrelse g\u00f8r, at den passer perfekt til mindre tr\u00e6ningsomr\u00e5der, herunder hjemmegym. P\u00e5 trods af det pladsbesparende design er den ikke g\u00e5et p\u00e5 kompromis med funktionaliteten, og den giver mulighed for tr\u00e6ning i fuld skala.<\/p>\n<\/div>\n\n\n\n<div class=\"wp-block-column is-vertically-aligned-center is-layout-flow wp-block-column-is-layout-flow\">\n<figure class=\"wp-block-image size-large\"><img loading=\"lazy\" decoding=\"async\" width=\"1024\" height=\"683\" src=\"https:\/\/evolve-fitness.eu\/wp-content\/uploads\/2024\/01\/Evolve-Angled-Glute-Box-C5-1024x683.jpg\" alt=\"EV-PF-GB-050\" class=\"wp-image-10677\" srcset=\"https:\/\/evolve-fitness.eu\/wp-content\/uploads\/2024\/01\/Evolve-Angled-Glute-Box-C5-1024x683.jpg 1024w, https:\/\/evolve-fitness.eu\/wp-content\/uploads\/2024\/01\/Evolve-Angled-Glute-Box-C5-300x200.jpg 300w, https:\/\/evolve-fitness.eu\/wp-content\/uploads\/2024\/01\/Evolve-Angled-Glute-Box-C5-225x150.jpg 225w, https:\/\/evolve-fitness.eu\/wp-content\/uploads\/2024\/01\/Evolve-Angled-Glute-Box-C5-600x400.jpg 600w, https:\/\/evolve-fitness.eu\/wp-content\/uploads\/2024\/01\/Evolve-Angled-Glute-Box-C5-150x100.jpg 150w, https:\/\/evolve-fitness.eu\/wp-content\/uploads\/2024\/01\/Evolve-Angled-Glute-Box-C5-768x512.jpg 768w, https:\/\/evolve-fitness.eu\/wp-content\/uploads\/2024\/01\/Evolve-Angled-Glute-Box-C5-1536x1024.jpg 1536w, https:\/\/evolve-fitness.eu\/wp-content\/uploads\/2024\/01\/Evolve-Angled-Glute-Box-C5-2048x1365.jpg 2048w\" sizes=\"auto, (max-width: 1024px) 100vw, 1024px\" \/><\/figure>\n<\/div>\n<\/div>\n<\/section>\n","protected":false},"excerpt":{"rendered":"<p>Intensiver din tr\u00e6ning af underkroppen med den innovative Evolve Angled Glute Box, GB-050. Dette f\u00f8rsteklasses fitnesstilbeh\u00f8r er specielt designet til at m\u00e5lrette og forbedre din glute-tr\u00e6ning og giver uovertruffen st\u00f8tte og effektivitet. Det unikke vinklede design maksimerer muskelinddragelsen og sikrer korrekt kropsholdning, hvilket g\u00f8r det til en game-changer for atleter og fitnessentusiaster, der \u00f8nsker at opn\u00e5 optimal styrke og definition i underkroppen. Evolve Angled Glute Box er bygget med holdbarhed og brugerkomfort for \u00f8je og er den perfekte tilf\u00f8jelse til ethvert tr\u00e6ningscenter eller hjemmetr\u00e6ningsrum. L\u00f8ft dit fitnessprogram med dette topmoderne glute-tr\u00e6ningsredskab, og oplev et nyt niveau af tr\u00e6ningsintensitet og -effektivitet.<\/p>\n","protected":false},"featured_media":55664,"template":"","meta":{"_acf_changed":false,"inline_featured_image":false},"product_brand":[],"product_cat":[2963,3882],"product_tag":[],"class_list":{"0":"post-55660","1":"product","2":"type-product","3":"status-publish","4":"has-post-thumbnail","6":"product_cat-tvaergaende-og-funktionel","7":"product_cat-funktionelt-udstyr","9":"first","10":"instock","11":"shipping-taxable","12":"purchasable","13":"product-type-simple"},"acf":{"long_title":"Evolve vinklet glute box","subtitle":"","specifications":[{"label":"VARENUMMER","text_value":"EV-PF-GB-050","icon":"x"},{"label":"L\u00e6ngde","text_value":"620 mm","icon":"x"},{"label":"Bredde","text_value":"570 mm","icon":"x"},{"label":"H\u00f8jde","text_value":"430 mm","icon":"x"},{"label":"V\u00e6gt","text_value":"16 kg","icon":"x"}]},"yoast_head":"<!-- This site is optimized with the Yoast SEO plugin v26.6 - https:\/\/yoast.com\/wordpress\/plugins\/seo\/ -->\n<title>Evolve vinklet glute box - Evolve<\/title>\n<meta name=\"robots\" content=\"index, follow, max-snippet:-1, max-image-preview:large, max-video-preview:-1\" \/>\n<link rel=\"canonical\" href=\"https:\/\/evolve-fitness.eu\/da\/vare\/evolve-vinklet-glute-box\/\" \/>\n<meta property=\"og:locale\" content=\"da_DK\" \/>\n<meta property=\"og:type\" content=\"article\" \/>\n<meta property=\"og:title\" content=\"Evolve vinklet glute box - Evolve\" \/>\n<meta property=\"og:url\" content=\"https:\/\/evolve-fitness.eu\/da\/vare\/evolve-vinklet-glute-box\/\" \/>\n<meta property=\"og:site_name\" content=\"Evolve\" \/>\n<meta property=\"article:publisher\" content=\"https:\/\/www.facebook.com\/EvolveFitnessEurope\" \/>\n<meta property=\"article:modified_time\" content=\"2024-10-29T14:04:06+00:00\" \/>\n<meta property=\"og:image\" content=\"https:\/\/evolve-fitness.eu\/wp-content\/uploads\/2024\/01\/Evolve-Angled-Glute-Box-EV-PF-GB-050-1.png\" \/>\n\t<meta property=\"og:image:width\" content=\"680\" \/>\n\t<meta property=\"og:image:height\" content=\"600\" \/>\n\t<meta property=\"og:image:type\" content=\"image\/png\" \/>\n<meta name=\"twitter:card\" content=\"summary_large_image\" \/>\n<script type=\"application\/ld+json\" class=\"yoast-schema-graph\">{\"@context\":\"https:\/\/schema.org\",\"@graph\":[{\"@type\":\"WebPage\",\"@id\":\"https:\/\/evolve-fitness.eu\/da\/vare\/evolve-vinklet-glute-box\/\",\"url\":\"https:\/\/evolve-fitness.eu\/da\/vare\/evolve-vinklet-glute-box\/\",\"name\":\"Evolve vinklet glute box - Evolve\",\"isPartOf\":{\"@id\":\"https:\/\/evolve-fitness.eu\/da\/#website\"},\"primaryImageOfPage\":{\"@id\":\"https:\/\/evolve-fitness.eu\/da\/vare\/evolve-vinklet-glute-box\/#primaryimage\"},\"image\":{\"@id\":\"https:\/\/evolve-fitness.eu\/da\/vare\/evolve-vinklet-glute-box\/#primaryimage\"},\"thumbnailUrl\":\"https:\/\/evolve-fitness.eu\/wp-content\/uploads\/2024\/01\/Evolve-Angled-Glute-Box-EV-PF-GB-050-1.png\",\"datePublished\":\"2024-01-24T09:42:55+00:00\",\"dateModified\":\"2024-10-29T14:04:06+00:00\",\"breadcrumb\":{\"@id\":\"https:\/\/evolve-fitness.eu\/da\/vare\/evolve-vinklet-glute-box\/#breadcrumb\"},\"inLanguage\":\"da-DK\",\"potentialAction\":[{\"@type\":\"ReadAction\",\"target\":[\"https:\/\/evolve-fitness.eu\/da\/vare\/evolve-vinklet-glute-box\/\"]}]},{\"@type\":\"ImageObject\",\"inLanguage\":\"da-DK\",\"@id\":\"https:\/\/evolve-fitness.eu\/da\/vare\/evolve-vinklet-glute-box\/#primaryimage\",\"url\":\"https:\/\/evolve-fitness.eu\/wp-content\/uploads\/2024\/01\/Evolve-Angled-Glute-Box-EV-PF-GB-050-1.png\",\"contentUrl\":\"https:\/\/evolve-fitness.eu\/wp-content\/uploads\/2024\/01\/Evolve-Angled-Glute-Box-EV-PF-GB-050-1.png\",\"width\":680,\"height\":600,\"caption\":\"EV-PF-GB-050\"},{\"@type\":\"BreadcrumbList\",\"@id\":\"https:\/\/evolve-fitness.eu\/da\/vare\/evolve-vinklet-glute-box\/#breadcrumb\",\"itemListElement\":[{\"@type\":\"ListItem\",\"position\":1,\"name\":\"Home\",\"item\":\"https:\/\/evolve-fitness.eu\/da\/\"},{\"@type\":\"ListItem\",\"position\":2,\"name\":\"Produkter\",\"item\":\"https:\/\/evolve-fitness.eu\/da\/shop\/\"},{\"@type\":\"ListItem\",\"position\":3,\"name\":\"Evolve vinklet glute box\"}]},{\"@type\":\"WebSite\",\"@id\":\"https:\/\/evolve-fitness.eu\/da\/#website\",\"url\":\"https:\/\/evolve-fitness.eu\/da\/\",\"name\":\"Evolve\",\"description\":\"Your Evolved Gear Arrived\",\"publisher\":{\"@id\":\"https:\/\/evolve-fitness.eu\/da\/#organization\"},\"potentialAction\":[{\"@type\":\"SearchAction\",\"target\":{\"@type\":\"EntryPoint\",\"urlTemplate\":\"https:\/\/evolve-fitness.eu\/da\/?s={search_term_string}\"},\"query-input\":{\"@type\":\"PropertyValueSpecification\",\"valueRequired\":true,\"valueName\":\"search_term_string\"}}],\"inLanguage\":\"da-DK\"},{\"@type\":\"Organization\",\"@id\":\"https:\/\/evolve-fitness.eu\/da\/#organization\",\"name\":\"Evolve\",\"url\":\"https:\/\/evolve-fitness.eu\/da\/\",\"logo\":{\"@type\":\"ImageObject\",\"inLanguage\":\"da-DK\",\"@id\":\"https:\/\/evolve-fitness.eu\/da\/#\/schema\/logo\/image\/\",\"url\":\"https:\/\/evolve-fitness.eu\/wp-content\/uploads\/2023\/05\/Evolve-logo.svg\",\"contentUrl\":\"https:\/\/evolve-fitness.eu\/wp-content\/uploads\/2023\/05\/Evolve-logo.svg\",\"width\":176,\"height\":20,\"caption\":\"Evolve\"},\"image\":{\"@id\":\"https:\/\/evolve-fitness.eu\/da\/#\/schema\/logo\/image\/\"},\"sameAs\":[\"https:\/\/www.facebook.com\/EvolveFitnessEurope\"]}]}<\/script>\n<!-- \/ Yoast SEO plugin. -->","yoast_head_json":{"title":"Evolve vinklet glute box - Evolve","robots":{"index":"index","follow":"follow","max-snippet":"max-snippet:-1","max-image-preview":"max-image-preview:large","max-video-preview":"max-video-preview:-1"},"canonical":"https:\/\/evolve-fitness.eu\/da\/vare\/evolve-vinklet-glute-box\/","og_locale":"da_DK","og_type":"article","og_title":"Evolve vinklet glute box - Evolve","og_url":"https:\/\/evolve-fitness.eu\/da\/vare\/evolve-vinklet-glute-box\/","og_site_name":"Evolve","article_publisher":"https:\/\/www.facebook.com\/EvolveFitnessEurope","article_modified_time":"2024-10-29T14:04:06+00:00","og_image":[{"width":680,"height":600,"url":"https:\/\/evolve-fitness.eu\/wp-content\/uploads\/2024\/01\/Evolve-Angled-Glute-Box-EV-PF-GB-050-1.png","type":"image\/png"}],"twitter_card":"summary_large_image","schema":{"@context":"https:\/\/schema.org","@graph":[{"@type":"WebPage","@id":"https:\/\/evolve-fitness.eu\/da\/vare\/evolve-vinklet-glute-box\/","url":"https:\/\/evolve-fitness.eu\/da\/vare\/evolve-vinklet-glute-box\/","name":"Evolve vinklet glute box - Evolve","isPartOf":{"@id":"https:\/\/evolve-fitness.eu\/da\/#website"},"primaryImageOfPage":{"@id":"https:\/\/evolve-fitness.eu\/da\/vare\/evolve-vinklet-glute-box\/#primaryimage"},"image":{"@id":"https:\/\/evolve-fitness.eu\/da\/vare\/evolve-vinklet-glute-box\/#primaryimage"},"thumbnailUrl":"https:\/\/evolve-fitness.eu\/wp-content\/uploads\/2024\/01\/Evolve-Angled-Glute-Box-EV-PF-GB-050-1.png","datePublished":"2024-01-24T09:42:55+00:00","dateModified":"2024-10-29T14:04:06+00:00","breadcrumb":{"@id":"https:\/\/evolve-fitness.eu\/da\/vare\/evolve-vinklet-glute-box\/#breadcrumb"},"inLanguage":"da-DK","potentialAction":[{"@type":"ReadAction","target":["https:\/\/evolve-fitness.eu\/da\/vare\/evolve-vinklet-glute-box\/"]}]},{"@type":"ImageObject","inLanguage":"da-DK","@id":"https:\/\/evolve-fitness.eu\/da\/vare\/evolve-vinklet-glute-box\/#primaryimage","url":"https:\/\/evolve-fitness.eu\/wp-content\/uploads\/2024\/01\/Evolve-Angled-Glute-Box-EV-PF-GB-050-1.png","contentUrl":"https:\/\/evolve-fitness.eu\/wp-content\/uploads\/2024\/01\/Evolve-Angled-Glute-Box-EV-PF-GB-050-1.png","width":680,"height":600,"caption":"EV-PF-GB-050"},{"@type":"BreadcrumbList","@id":"https:\/\/evolve-fitness.eu\/da\/vare\/evolve-vinklet-glute-box\/#breadcrumb","itemListElement":[{"@type":"ListItem","position":1,"name":"Home","item":"https:\/\/evolve-fitness.eu\/da\/"},{"@type":"ListItem","position":2,"name":"Produkter","item":"https:\/\/evolve-fitness.eu\/da\/shop\/"},{"@type":"ListItem","position":3,"name":"Evolve vinklet glute box"}]},{"@type":"WebSite","@id":"https:\/\/evolve-fitness.eu\/da\/#website","url":"https:\/\/evolve-fitness.eu\/da\/","name":"Evolve","description":"Your Evolved Gear Arrived","publisher":{"@id":"https:\/\/evolve-fitness.eu\/da\/#organization"},"potentialAction":[{"@type":"SearchAction","target":{"@type":"EntryPoint","urlTemplate":"https:\/\/evolve-fitness.eu\/da\/?s={search_term_string}"},"query-input":{"@type":"PropertyValueSpecification","valueRequired":true,"valueName":"search_term_string"}}],"inLanguage":"da-DK"},{"@type":"Organization","@id":"https:\/\/evolve-fitness.eu\/da\/#organization","name":"Evolve","url":"https:\/\/evolve-fitness.eu\/da\/","logo":{"@type":"ImageObject","inLanguage":"da-DK","@id":"https:\/\/evolve-fitness.eu\/da\/#\/schema\/logo\/image\/","url":"https:\/\/evolve-fitness.eu\/wp-content\/uploads\/2023\/05\/Evolve-logo.svg","contentUrl":"https:\/\/evolve-fitness.eu\/wp-content\/uploads\/2023\/05\/Evolve-logo.svg","width":176,"height":20,"caption":"Evolve"},"image":{"@id":"https:\/\/evolve-fitness.eu\/da\/#\/schema\/logo\/image\/"},"sameAs":["https:\/\/www.facebook.com\/EvolveFitnessEurope"]}]}},"_links":{"self":[{"href":"https:\/\/evolve-fitness.eu\/da\/wp-json\/wp\/v2\/product\/55660","targetHints":{"allow":["GET"]}}],"collection":[{"href":"https:\/\/evolve-fitness.eu\/da\/wp-json\/wp\/v2\/product"}],"about":[{"href":"https:\/\/evolve-fitness.eu\/da\/wp-json\/wp\/v2\/types\/product"}],"wp:featuredmedia":[{"embeddable":true,"href":"https:\/\/evolve-fitness.eu\/da\/wp-json\/wp\/v2\/media\/55664"}],"wp:attachment":[{"href":"https:\/\/evolve-fitness.eu\/da\/wp-json\/wp\/v2\/media?parent=55660"}],"wp:term":[{"taxonomy":"product_brand","embeddable":true,"href":"https:\/\/evolve-fitness.eu\/da\/wp-json\/wp\/v2\/product_brand?post=55660"},{"taxonomy":"product_cat","embeddable":true,"href":"https:\/\/evolve-fitness.eu\/da\/wp-json\/wp\/v2\/product_cat?post=55660"},{"taxonomy":"product_tag","embeddable":true,"href":"https:\/\/evolve-fitness.eu\/da\/wp-json\/wp\/v2\/product_tag?post=55660"}],"curies":[{"name":"wp","href":"https:\/\/api.w.org\/{rel}","templated":true}]}}