{"id":78362,"date":"2023-09-15T08:13:23","date_gmt":"2023-09-15T08:13:23","guid":{"rendered":"https:\/\/evolve-fitness.eu\/product\/evolve-carbon-series-powerbags-5-25-kg\/"},"modified":"2026-03-27T10:47:34","modified_gmt":"2026-03-27T08:47:34","slug":"evolve-carbon-series-powerbags-5-25-kg","status":"publish","type":"product","link":"https:\/\/evolve-fitness.eu\/da\/vare\/evolve-carbon-series-powerbags-5-25-kg\/","title":{"rendered":"Evolve Carbon Series Powerbags 5-25 kg"},"content":{"rendered":"\n<section class=\"wp-block-group alignfull has-lightgray-background-color has-background is-layout-constrained wp-block-group-is-layout-constrained\">\n<div class=\"wp-block-columns alignwide is-layout-flex wp-container-core-columns-is-layout-2edb0647 wp-block-columns-is-layout-flex\" style=\"margin-top:0;margin-bottom:0\">\n<div class=\"wp-block-column is-layout-flow wp-block-column-is-layout-flow\" style=\"flex-basis:33.33%\"><\/div>\n\n\n\n<div class=\"wp-block-column is-layout-flow wp-block-column-is-layout-flow\" style=\"flex-basis:66.66%\"><\/div>\n<\/div>\n<\/section>\n\n<div class=\"wp-block-columns alignfull mobile-reverse has-black-background-color has-background is-layout-flex wp-container-core-columns-is-layout-ca64bf2d wp-block-columns-is-layout-flex\" style=\"margin-bottom:var(--wp--preset--spacing--side-padding)\">\n<div class=\"wp-block-column is-vertically-aligned-center is-layout-flow wp-block-column-is-layout-flow\">\n<figure class=\"wp-block-video\"><video height=\"1080\" style=\"aspect-ratio: 1920 \/ 1080;\" width=\"1920\" controls=\"\" src=\"https:\/\/evolve-fitness.eu\/wp-content\/uploads\/2023\/09\/8.mp4\"><\/video><\/figure>\n<\/div>\n\n\n\n<div class=\"wp-block-column is-vertically-aligned-center is-layout-flow wp-block-column-is-layout-flow\">\n<h3 class=\"wp-block-heading has-white-color has-text-color\" style=\"margin-bottom:var(--wp--preset--spacing--h-3-bottom)\"><strong><strong><strong><strong><strong><strong><strong>TV\u00c6RG\u00c5ENDE &amp; FUNKTIONEL<\/strong><\/strong><\/strong><\/strong><\/strong><\/strong><\/strong><\/h3>\n\n\n\n<p>ALSIDIG OG HOLDBAR<\/p>\n\n\n\n<ul style=\"font-size:1.1rem;letter-spacing:0.02em\" class=\"wp-block-list has-white-color has-text-color\">\n<li><strong>Holdbart tv\u00e6rfunktionelt udstyr:<\/strong> Vores omhyggeligt konstruerede tv\u00e6rfunktionelle udstyr er bygget til at modst\u00e5 kravene fra daglige, intensive tr\u00e6ningssessioner.<\/li>\n\n\n\n<li><strong>Det ideelle tr\u00e6ningsrum:<\/strong> L\u00f8ft din fitnessrejse ved at inkorporere vores mangfoldige udvalg af tilbeh\u00f8r i dit tr\u00e6ningsrum og g\u00f8re det til et knudepunkt for sp\u00e6ndende helkropstr\u00e6ning.<\/li>\n\n\n\n<li><strong>Brugercentreret design:<\/strong> Oplev forskellen med udstyr, der er omhyggeligt udformet med brugeren i tankerne, hvilket sikrer, at dine tr\u00e6ningssessioner er effektive, komfortable og sikre.<\/li>\n\n\n\n<li><strong>Udstyrspakker:<\/strong> Udforsk vores omfattende udstyrspakker, der forenkler processen med at etablere dit eget fitnesscenter. Med alt, hvad du har brug for til cross training eller funktionel tr\u00e6ning, har det aldrig v\u00e6ret nemmere at n\u00e5 dine fitnessm\u00e5l.<\/li>\n<\/ul>\n\n\n\n<p><\/p>\n\n\n\n<p class=\"has-white-color has-text-color\"><strong>Forny dit tr\u00e6ningsrum, og opn\u00e5 et nyt fitnessniveau med vores robuste og brugervenlige tv\u00e6rfunktionelle udstyr.<\/strong><\/p>\n<\/div>\n<\/div>\n","protected":false},"excerpt":{"rendered":"<p>L\u00f8ft din tr\u00e6ningsrutine med Evolve Carbon Series Powerbags, der f\u00e5s i en r\u00e6kke v\u00e6gte fra 5 kg til 25 kg. Disse Powerbags er mere end bare almindeligt tr\u00e6ningsudstyr; de er designet til at bringe stil og funktionalitet til dit fitnessprogram. Med en banebrydende PVC Carbon-overflade, der ikke bare er nem at reng\u00f8re, men ogs\u00e5 giver et sikkert greb, har disse Powerbags et slankt og moderne design, der passer ind i ethvert fitnesscenter. Indvendigt er der en bl\u00f8d foring, som d\u00e6mper st\u00f8d under \u00f8velserne og sikrer b\u00e5de sikkerhed og formfastholdelse. Disse Powerbags er velegnede til intens, kommerciel brug og er alsidige, s\u00e5 de passer til brugere p\u00e5 alle fitnessniveauer til cardio, funktionel tr\u00e6ning, crossfit og meget mere. Med forst\u00e6rkede syninger, skridsikre h\u00e5ndtag og ventilations\u00e5bninger er disse Powerbags bygget til at holde, hvilket g\u00f8r dem til det ideelle valg for b\u00e5de hjemmebrugere og professionelle fitnesscentre. L\u00f8ft dit fitnessspil med Evolve Carbon Series Powerbags, og oplev fordelene ved alsidigt tr\u00e6ningsudstyr af h\u00f8j kvalitet.<\/p>\n","protected":false},"featured_media":78378,"template":"","meta":{"_acf_changed":false,"inline_featured_image":false},"product_brand":[],"product_cat":[13036,2963,3882],"product_tag":[],"class_list":{"0":"post-78362","1":"product","2":"type-product","3":"status-publish","4":"has-post-thumbnail","6":"product_cat-hyrox-gear","7":"product_cat-tvaergaende-og-funktionel","8":"product_cat-funktionelt-udstyr","10":"first","11":"instock","12":"shipping-taxable","13":"purchasable","14":"product-type-variable"},"acf":{"long_title":"Evolve Carbon Series Powerbags 5-25 kg","subtitle":"","specifications":[{"label":"VARENUMMER","text_value":"EV-PB-CS","icon":"x"},{"label":"Tilg\u00e6ngelig i","text_value":"5 kg \/ 10 kg \/ 15 kg \/ 20 kg \/ 25 kg","icon":"x"},{"label":"Luftventiler reducerer det indre tryk","text_value":"","icon":"v"},{"label":"Lynl\u00e5s og 3 velcrostropper for holdbarhed","text_value":"","icon":"v"},{"label":"\u00c5ndbart skumfor med h\u00f8j densitet bevarer formen","text_value":"","icon":"v"},{"label":"H\u00f8jteknologisk, slidst\u00e6rk og reng\u00f8ringsvenlig overflade i kulstoflook","text_value":"","icon":"v"},{"label":"3 bl\u00f8de, skridsikre h\u00e5ndtag til forskellige \u00f8velser","text_value":"","icon":"v"},{"label":"Forst\u00e6rkede s\u00f8mme med dobbelte syninger","text_value":"","icon":"v"},{"label":"Indersiden af posen er fyldt med sand","text_value":"","icon":"v"},{"label":"Kulstofmateriale","text_value":"","icon":"v"},{"label":"Garanti","text_value":"2 \u00e5r","icon":"x"}]},"yoast_head":"<!-- This site is optimized with the Yoast SEO plugin v26.6 - https:\/\/yoast.com\/wordpress\/plugins\/seo\/ -->\n<title>Evolve Carbon Series Powerbags 5-25 kg - Evolve<\/title>\n<meta name=\"robots\" content=\"index, follow, max-snippet:-1, max-image-preview:large, max-video-preview:-1\" \/>\n<link rel=\"canonical\" href=\"https:\/\/evolve-fitness.eu\/da\/vare\/evolve-carbon-series-powerbags-5-25-kg\/\" \/>\n<meta property=\"og:locale\" content=\"da_DK\" \/>\n<meta property=\"og:type\" content=\"article\" \/>\n<meta property=\"og:title\" content=\"Evolve Carbon Series Powerbags 5-25 kg - Evolve\" \/>\n<meta property=\"og:url\" content=\"https:\/\/evolve-fitness.eu\/da\/vare\/evolve-carbon-series-powerbags-5-25-kg\/\" \/>\n<meta property=\"og:site_name\" content=\"Evolve\" \/>\n<meta property=\"article:publisher\" content=\"https:\/\/www.facebook.com\/EvolveFitnessEurope\" \/>\n<meta property=\"article:modified_time\" content=\"2026-03-27T08:47:34+00:00\" \/>\n<meta property=\"og:image\" content=\"https:\/\/evolve-fitness.eu\/wp-content\/uploads\/2023\/09\/Evolve-Carbon-Series-Powerbags.png\" \/>\n\t<meta property=\"og:image:width\" content=\"680\" \/>\n\t<meta property=\"og:image:height\" content=\"600\" \/>\n\t<meta property=\"og:image:type\" content=\"image\/png\" \/>\n<meta name=\"twitter:card\" content=\"summary_large_image\" \/>\n<script type=\"application\/ld+json\" class=\"yoast-schema-graph\">{\"@context\":\"https:\/\/schema.org\",\"@graph\":[{\"@type\":\"WebPage\",\"@id\":\"https:\/\/evolve-fitness.eu\/da\/vare\/evolve-carbon-series-powerbags-5-25-kg\/\",\"url\":\"https:\/\/evolve-fitness.eu\/da\/vare\/evolve-carbon-series-powerbags-5-25-kg\/\",\"name\":\"Evolve Carbon Series Powerbags 5-25 kg - Evolve\",\"isPartOf\":{\"@id\":\"https:\/\/evolve-fitness.eu\/da\/#website\"},\"primaryImageOfPage\":{\"@id\":\"https:\/\/evolve-fitness.eu\/da\/vare\/evolve-carbon-series-powerbags-5-25-kg\/#primaryimage\"},\"image\":{\"@id\":\"https:\/\/evolve-fitness.eu\/da\/vare\/evolve-carbon-series-powerbags-5-25-kg\/#primaryimage\"},\"thumbnailUrl\":\"https:\/\/evolve-fitness.eu\/wp-content\/uploads\/2023\/09\/Evolve-Carbon-Series-Powerbags.png\",\"datePublished\":\"2023-09-15T08:13:23+00:00\",\"dateModified\":\"2026-03-27T08:47:34+00:00\",\"breadcrumb\":{\"@id\":\"https:\/\/evolve-fitness.eu\/da\/vare\/evolve-carbon-series-powerbags-5-25-kg\/#breadcrumb\"},\"inLanguage\":\"da-DK\",\"potentialAction\":[{\"@type\":\"ReadAction\",\"target\":[\"https:\/\/evolve-fitness.eu\/da\/vare\/evolve-carbon-series-powerbags-5-25-kg\/\"]}]},{\"@type\":\"ImageObject\",\"inLanguage\":\"da-DK\",\"@id\":\"https:\/\/evolve-fitness.eu\/da\/vare\/evolve-carbon-series-powerbags-5-25-kg\/#primaryimage\",\"url\":\"https:\/\/evolve-fitness.eu\/wp-content\/uploads\/2023\/09\/Evolve-Carbon-Series-Powerbags.png\",\"contentUrl\":\"https:\/\/evolve-fitness.eu\/wp-content\/uploads\/2023\/09\/Evolve-Carbon-Series-Powerbags.png\",\"width\":680,\"height\":600,\"caption\":\"EV-PB-CS\"},{\"@type\":\"BreadcrumbList\",\"@id\":\"https:\/\/evolve-fitness.eu\/da\/vare\/evolve-carbon-series-powerbags-5-25-kg\/#breadcrumb\",\"itemListElement\":[{\"@type\":\"ListItem\",\"position\":1,\"name\":\"Home\",\"item\":\"https:\/\/evolve-fitness.eu\/da\/\"},{\"@type\":\"ListItem\",\"position\":2,\"name\":\"Produkter\",\"item\":\"https:\/\/evolve-fitness.eu\/da\/shop\/\"},{\"@type\":\"ListItem\",\"position\":3,\"name\":\"Evolve Carbon Series Powerbags 5-25 kg\"}]},{\"@type\":\"WebSite\",\"@id\":\"https:\/\/evolve-fitness.eu\/da\/#website\",\"url\":\"https:\/\/evolve-fitness.eu\/da\/\",\"name\":\"Evolve\",\"description\":\"Your Evolved Gear Arrived\",\"publisher\":{\"@id\":\"https:\/\/evolve-fitness.eu\/da\/#organization\"},\"potentialAction\":[{\"@type\":\"SearchAction\",\"target\":{\"@type\":\"EntryPoint\",\"urlTemplate\":\"https:\/\/evolve-fitness.eu\/da\/?s={search_term_string}\"},\"query-input\":{\"@type\":\"PropertyValueSpecification\",\"valueRequired\":true,\"valueName\":\"search_term_string\"}}],\"inLanguage\":\"da-DK\"},{\"@type\":\"Organization\",\"@id\":\"https:\/\/evolve-fitness.eu\/da\/#organization\",\"name\":\"Evolve\",\"url\":\"https:\/\/evolve-fitness.eu\/da\/\",\"logo\":{\"@type\":\"ImageObject\",\"inLanguage\":\"da-DK\",\"@id\":\"https:\/\/evolve-fitness.eu\/da\/#\/schema\/logo\/image\/\",\"url\":\"https:\/\/evolve-fitness.eu\/wp-content\/uploads\/2023\/05\/Evolve-logo.svg\",\"contentUrl\":\"https:\/\/evolve-fitness.eu\/wp-content\/uploads\/2023\/05\/Evolve-logo.svg\",\"width\":176,\"height\":20,\"caption\":\"Evolve\"},\"image\":{\"@id\":\"https:\/\/evolve-fitness.eu\/da\/#\/schema\/logo\/image\/\"},\"sameAs\":[\"https:\/\/www.facebook.com\/EvolveFitnessEurope\"]}]}<\/script>\n<!-- \/ Yoast SEO plugin. -->","yoast_head_json":{"title":"Evolve Carbon Series Powerbags 5-25 kg - Evolve","robots":{"index":"index","follow":"follow","max-snippet":"max-snippet:-1","max-image-preview":"max-image-preview:large","max-video-preview":"max-video-preview:-1"},"canonical":"https:\/\/evolve-fitness.eu\/da\/vare\/evolve-carbon-series-powerbags-5-25-kg\/","og_locale":"da_DK","og_type":"article","og_title":"Evolve Carbon Series Powerbags 5-25 kg - Evolve","og_url":"https:\/\/evolve-fitness.eu\/da\/vare\/evolve-carbon-series-powerbags-5-25-kg\/","og_site_name":"Evolve","article_publisher":"https:\/\/www.facebook.com\/EvolveFitnessEurope","article_modified_time":"2026-03-27T08:47:34+00:00","og_image":[{"width":680,"height":600,"url":"https:\/\/evolve-fitness.eu\/wp-content\/uploads\/2023\/09\/Evolve-Carbon-Series-Powerbags.png","type":"image\/png"}],"twitter_card":"summary_large_image","schema":{"@context":"https:\/\/schema.org","@graph":[{"@type":"WebPage","@id":"https:\/\/evolve-fitness.eu\/da\/vare\/evolve-carbon-series-powerbags-5-25-kg\/","url":"https:\/\/evolve-fitness.eu\/da\/vare\/evolve-carbon-series-powerbags-5-25-kg\/","name":"Evolve Carbon Series Powerbags 5-25 kg - Evolve","isPartOf":{"@id":"https:\/\/evolve-fitness.eu\/da\/#website"},"primaryImageOfPage":{"@id":"https:\/\/evolve-fitness.eu\/da\/vare\/evolve-carbon-series-powerbags-5-25-kg\/#primaryimage"},"image":{"@id":"https:\/\/evolve-fitness.eu\/da\/vare\/evolve-carbon-series-powerbags-5-25-kg\/#primaryimage"},"thumbnailUrl":"https:\/\/evolve-fitness.eu\/wp-content\/uploads\/2023\/09\/Evolve-Carbon-Series-Powerbags.png","datePublished":"2023-09-15T08:13:23+00:00","dateModified":"2026-03-27T08:47:34+00:00","breadcrumb":{"@id":"https:\/\/evolve-fitness.eu\/da\/vare\/evolve-carbon-series-powerbags-5-25-kg\/#breadcrumb"},"inLanguage":"da-DK","potentialAction":[{"@type":"ReadAction","target":["https:\/\/evolve-fitness.eu\/da\/vare\/evolve-carbon-series-powerbags-5-25-kg\/"]}]},{"@type":"ImageObject","inLanguage":"da-DK","@id":"https:\/\/evolve-fitness.eu\/da\/vare\/evolve-carbon-series-powerbags-5-25-kg\/#primaryimage","url":"https:\/\/evolve-fitness.eu\/wp-content\/uploads\/2023\/09\/Evolve-Carbon-Series-Powerbags.png","contentUrl":"https:\/\/evolve-fitness.eu\/wp-content\/uploads\/2023\/09\/Evolve-Carbon-Series-Powerbags.png","width":680,"height":600,"caption":"EV-PB-CS"},{"@type":"BreadcrumbList","@id":"https:\/\/evolve-fitness.eu\/da\/vare\/evolve-carbon-series-powerbags-5-25-kg\/#breadcrumb","itemListElement":[{"@type":"ListItem","position":1,"name":"Home","item":"https:\/\/evolve-fitness.eu\/da\/"},{"@type":"ListItem","position":2,"name":"Produkter","item":"https:\/\/evolve-fitness.eu\/da\/shop\/"},{"@type":"ListItem","position":3,"name":"Evolve Carbon Series Powerbags 5-25 kg"}]},{"@type":"WebSite","@id":"https:\/\/evolve-fitness.eu\/da\/#website","url":"https:\/\/evolve-fitness.eu\/da\/","name":"Evolve","description":"Your Evolved Gear Arrived","publisher":{"@id":"https:\/\/evolve-fitness.eu\/da\/#organization"},"potentialAction":[{"@type":"SearchAction","target":{"@type":"EntryPoint","urlTemplate":"https:\/\/evolve-fitness.eu\/da\/?s={search_term_string}"},"query-input":{"@type":"PropertyValueSpecification","valueRequired":true,"valueName":"search_term_string"}}],"inLanguage":"da-DK"},{"@type":"Organization","@id":"https:\/\/evolve-fitness.eu\/da\/#organization","name":"Evolve","url":"https:\/\/evolve-fitness.eu\/da\/","logo":{"@type":"ImageObject","inLanguage":"da-DK","@id":"https:\/\/evolve-fitness.eu\/da\/#\/schema\/logo\/image\/","url":"https:\/\/evolve-fitness.eu\/wp-content\/uploads\/2023\/05\/Evolve-logo.svg","contentUrl":"https:\/\/evolve-fitness.eu\/wp-content\/uploads\/2023\/05\/Evolve-logo.svg","width":176,"height":20,"caption":"Evolve"},"image":{"@id":"https:\/\/evolve-fitness.eu\/da\/#\/schema\/logo\/image\/"},"sameAs":["https:\/\/www.facebook.com\/EvolveFitnessEurope"]}]}},"_links":{"self":[{"href":"https:\/\/evolve-fitness.eu\/da\/wp-json\/wp\/v2\/product\/78362","targetHints":{"allow":["GET"]}}],"collection":[{"href":"https:\/\/evolve-fitness.eu\/da\/wp-json\/wp\/v2\/product"}],"about":[{"href":"https:\/\/evolve-fitness.eu\/da\/wp-json\/wp\/v2\/types\/product"}],"wp:featuredmedia":[{"embeddable":true,"href":"https:\/\/evolve-fitness.eu\/da\/wp-json\/wp\/v2\/media\/78378"}],"wp:attachment":[{"href":"https:\/\/evolve-fitness.eu\/da\/wp-json\/wp\/v2\/media?parent=78362"}],"wp:term":[{"taxonomy":"product_brand","embeddable":true,"href":"https:\/\/evolve-fitness.eu\/da\/wp-json\/wp\/v2\/product_brand?post=78362"},{"taxonomy":"product_cat","embeddable":true,"href":"https:\/\/evolve-fitness.eu\/da\/wp-json\/wp\/v2\/product_cat?post=78362"},{"taxonomy":"product_tag","embeddable":true,"href":"https:\/\/evolve-fitness.eu\/da\/wp-json\/wp\/v2\/product_tag?post=78362"}],"curies":[{"name":"wp","href":"https:\/\/api.w.org\/{rel}","templated":true}]}}