{"id":78575,"date":"2023-09-15T08:02:53","date_gmt":"2023-09-15T08:02:53","guid":{"rendered":"https:\/\/evolve-fitness.eu\/product\/evolve-carbon-series-bloed-plyo-boks-saet\/"},"modified":"2024-07-19T04:56:22","modified_gmt":"2024-07-19T04:56:22","slug":"evolve-carbon-series-bloed-plyo-boks-saet","status":"publish","type":"product","link":"https:\/\/evolve-fitness.eu\/da\/vare\/evolve-carbon-series-bloed-plyo-boks-saet\/","title":{"rendered":"Evolve Carbon Series Bl\u00f8d Plyo Boks S\u00e6t"},"content":{"rendered":"\n<section class=\"wp-block-group alignfull has-lightgray-background-color has-background is-layout-constrained wp-block-group-is-layout-constrained\">\n<div class=\"wp-block-columns alignwide is-layout-flex wp-container-core-columns-is-layout-2edb0647 wp-block-columns-is-layout-flex\" style=\"margin-top:0;margin-bottom:0\">\n<div class=\"wp-block-column is-layout-flow wp-block-column-is-layout-flow\" style=\"flex-basis:33.33%\"><\/div>\n\n\n\n<div class=\"wp-block-column is-layout-flow wp-block-column-is-layout-flow\" style=\"flex-basis:66.66%\"><\/div>\n<\/div>\n<\/section>\n\n<section class=\"wp-block-group alignfull black-content has-white-color has-darkgray-background-color has-text-color has-background is-layout-constrained wp-block-group-is-layout-constrained\" style=\"padding-top:var(--wp--preset--spacing--section-bottom);padding-bottom:var(--wp--preset--spacing--section-bottom)\">\n<div class=\"wp-block-columns alignwide mobile-reverse is-layout-flex wp-container-core-columns-is-layout-ca64bf2d wp-block-columns-is-layout-flex\" style=\"margin-bottom:var(--wp--preset--spacing--side-padding)\">\n<div class=\"wp-block-column is-vertically-aligned-center is-layout-flow wp-block-column-is-layout-flow\">\n<h3 class=\"wp-block-heading\" style=\"margin-bottom:var(--wp--preset--spacing--h-3-bottom)\"><strong>Uovertruffen kvalitet, uovertruffen ydeevne<\/strong><\/h3>\n\n\n\n<p><strong><em>Vi pr\u00e6senterer Evolve Carbon Series Soft Plyo Box Set<\/em><\/strong><\/p>\n\n\n\n<p style=\"margin-bottom:var(--wp--preset--spacing--tb-section-padding)\">Den ultimative tilf\u00f8jelse til dit fitness-arsenal! Dette s\u00e6t er udviklet til atleter og fitnessentusiaster og er designet til at bringe din tr\u00e6ningsrutine til nye h\u00f8jder.<\/p>\n\n\n\n<h3 class=\"wp-block-heading\" style=\"margin-bottom:var(--wp--preset--spacing--h-3-bottom)\"><strong>Sikker, bl\u00f8d og robust<\/strong><\/h3>\n\n\n\n<p><a href=\"https:\/\/www.merriam-webster.com\/dictionary\/down%20to%20the%20smallest\/last\/tiniest%20detail\" target=\"_blank\" rel=\"noreferrer noopener\">Ned til den mindste detalje<\/a><\/p>\n\n\n\n<p>Vores Plyo Boxes er konstrueret med en unik bl\u00f8d skumkerne, der sikrer maksimal sikkerhed under h\u00f8jintensive \u00f8velser. Sig farvel til frygten for skrammer og skader!<\/p>\n<\/div>\n\n\n\n<div class=\"wp-block-column is-vertically-aligned-center is-layout-flow wp-block-column-is-layout-flow\">\n<figure class=\"wp-block-video\"><video height=\"2160\" style=\"aspect-ratio: 3840 \/ 2160;\" width=\"3840\" autoplay=\"\" controls=\"\" loop=\"\" muted=\"\" src=\"https:\/\/evolve-fitness.eu\/wp-content\/uploads\/2023\/12\/1-17.mp4\"><\/video><\/figure>\n<\/div>\n<\/div>\n\n\n\n<div class=\"wp-block-columns alignwide is-layout-flex wp-container-core-columns-is-layout-c45ee707 wp-block-columns-is-layout-flex\" style=\"margin-bottom:var(--wp--preset--spacing--side-padding);padding-top:var(--wp--preset--spacing--side-padding)\">\n<div class=\"wp-block-column is-vertically-aligned-center is-layout-flow wp-block-column-is-layout-flow\">\n<figure class=\"wp-block-video\"><video height=\"2160\" style=\"aspect-ratio: 3840 \/ 2160;\" width=\"3840\" autoplay=\"\" controls=\"\" loop=\"\" muted=\"\" src=\"https:\/\/evolve-fitness.eu\/wp-content\/uploads\/2023\/12\/3-4.mp4\"><\/video><\/figure>\n<\/div>\n\n\n\n<div class=\"wp-block-column is-vertically-aligned-center is-layout-flow wp-block-column-is-layout-flow\">\n<h3 class=\"wp-block-heading\" style=\"margin-bottom:var(--wp--preset--spacing--h-3-bottom)\"><strong>Alsidig og funktionel<\/strong><\/h3>\n\n\n\n<p><strong><em>med varierende h\u00f8jder<\/em><\/strong><\/p>\n\n\n\n<p style=\"margin-bottom:var(--wp--preset--spacing--tb-section-padding)\">Dette s\u00e6t er perfekt til en bred vifte af \u00f8velser og henvender sig til b\u00e5de begyndere og professionelle. Uanset om det er box jumps, step-ups eller plyometriske \u00f8velser, er du d\u00e6kket ind med disse bokse.<\/p>\n\n\n\n<h3 class=\"wp-block-heading\" style=\"margin-bottom:var(--wp--preset--spacing--h-3-bottom)\"><strong>Holdbar kulstoffinish<\/strong><\/h3>\n\n\n\n<p><strong><em><strong><em>Bygget til at modst\u00e5 de h\u00e5rdeste tr\u00e6ninger<\/em><\/strong><\/em><\/strong><\/p>\n\n\n\n<p>Oplev den slanke og stilfulde carbonfinish, der ikke bare ser godt ud, men ogs\u00e5 giver uovertruffen holdbarhed.<\/p>\n<\/div>\n<\/div>\n\n\n\n<div class=\"wp-block-columns alignwide are-vertically-aligned-center mobile-reverse is-layout-flex wp-container-core-columns-is-layout-e8158c2f wp-block-columns-is-layout-flex\" style=\"padding-top:var(--wp--preset--spacing--side-padding)\">\n<div class=\"wp-block-column is-vertically-aligned-center is-layout-flow wp-block-column-is-layout-flow\">\n<h3 class=\"wp-block-heading\" style=\"margin-bottom:var(--wp--preset--spacing--h-3-bottom)\"><strong>Let at reng\u00f8re og vedligeholde<\/strong><\/h3>\n\n\n\n<p><strong><em>I kompakt karrosseridesign<\/em><\/strong><\/p>\n\n\n\n<p style=\"margin-bottom:var(--wp--preset--spacing--tb-section-padding)\">Den reng\u00f8ringsvenlige overflade sikrer, at dit s\u00e6t forbliver hygiejnisk og i topklasse, selv ved den mest kr\u00e6vende brug. Evolve Carbon-serien er kompakt og nem at stable og passer perfekt ind i dit hjemmegym eller professionelle tr\u00e6ningscenter uden at optage un\u00f8dvendig plads.<\/p>\n<\/div>\n\n\n\n<div class=\"wp-block-column is-vertically-aligned-center is-layout-flow wp-block-column-is-layout-flow\">\n<figure class=\"wp-block-video\"><video height=\"2160\" style=\"aspect-ratio: 3840 \/ 2160;\" width=\"3840\" autoplay=\"\" controls=\"\" loop=\"\" muted=\"\" src=\"https:\/\/evolve-fitness.eu\/wp-content\/uploads\/2023\/12\/4-2.mp4\"><\/video><\/figure>\n<\/div>\n<\/div>\n\n\n\n<div class=\"wp-block-columns alignwide are-vertically-aligned-center mobile-reverse is-layout-flex wp-container-core-columns-is-layout-e8158c2f wp-block-columns-is-layout-flex\" style=\"padding-top:var(--wp--preset--spacing--side-padding)\">\n<div class=\"wp-block-column is-vertically-aligned-center is-layout-flow wp-block-column-is-layout-flow\">\n<figure class=\"wp-block-video\"><video height=\"2160\" style=\"aspect-ratio: 3840 \/ 2160;\" width=\"3840\" autoplay=\"\" controls=\"\" loop=\"\" muted=\"\" src=\"https:\/\/evolve-fitness.eu\/wp-content\/uploads\/2023\/12\/2-11.mp4\"><\/video><\/figure>\n<\/div>\n\n\n\n<div class=\"wp-block-column is-vertically-aligned-center is-layout-flow wp-block-column-is-layout-flow\">\n<h3 class=\"wp-block-heading\" style=\"margin-bottom:var(--wp--preset--spacing--h-3-bottom)\">S\u00e6t skub i dit spil<\/h3>\n\n\n\n<p><strong><em><strong><em>med <strong>Evolve Carbon Series Soft Plyo Box Set<\/strong><\/em><\/strong><\/em><\/strong><\/p>\n\n\n\n<p style=\"margin-bottom:var(--wp--preset--spacing--tb-section-padding)\">Perfekt til CrossFit, HIIT, styrketr\u00e6ning og meget mere. Bestil nu, og tag det f\u00f8rste skridt mod at udvikle din fitnessrejse!<\/p>\n<\/div>\n<\/div>\n<\/section>\n","protected":false},"excerpt":{"rendered":"<p>Opgrader din tr\u00e6ningsrutine med Evolve Carbon Series Soft Plyo Box Set. Disse slanke PVC Carbon-designede kasser er holdbare og nemme at vedligeholde. Med en bl\u00f8d inderforing, der reducerer st\u00f8d under tr\u00e6ning, og en h\u00f8jde, der kan tilpasses fra 7,5 cm til 157,5 cm, er de perfekte til dynamisk tr\u00e6ning og fysioterapi. De er designet med henblik p\u00e5 sikkerhed og har skum med h\u00f8j densitet, der giver en sikker landingsoverflade, og de har forst\u00e6rkede s\u00f8mme, skridsikre overflader og velcrob\u00e5nd, der kan stables. Uanset om du er hjemmebruger eller driver et professionelt fitnesscenter, vil disse plyo-bokse tilf\u00f8je alsidighed og stil til dit tr\u00e6ningsrum. L\u00f8ft din tr\u00e6ning med Evolve.<\/p>\n","protected":false},"featured_media":78583,"template":"","meta":{"_acf_changed":false,"inline_featured_image":false},"product_brand":[],"product_cat":[2963,3882],"product_tag":[],"class_list":{"0":"post-78575","1":"product","2":"type-product","3":"status-publish","4":"has-post-thumbnail","6":"product_cat-tvaergaende-og-funktionel","7":"product_cat-funktionelt-udstyr","9":"first","10":"instock","11":"virtual","12":"purchasable","13":"product-type-simple"},"acf":{"long_title":"Evolve Carbon Series Bl\u00f8d Plyo Boks S\u00e6t","subtitle":"","specifications":[{"label":"VARENUMMER","text_value":"EV-PF-CS-500","icon":"x"},{"label":"Indstil v\u00e6gt","text_value":"142 kg","icon":"x"},{"label":"L\u00e6ngde  ","text_value":"90 cm","icon":"x"},{"label":"Bredde","text_value":"75 cm","icon":"x"},{"label":"H\u00f8jde","text_value":"7,5 - 157,5 cm","icon":"x"},{"label":"Forst\u00e6rkede s\u00f8mme med dobbelte syninger","text_value":"","icon":"v"},{"label":"Skridsikker, bl\u00f8d landingsoverflade","text_value":"","icon":"v"},{"label":"H\u00f8jteknologisk, slidst\u00e6rk og reng\u00f8ringsvenlig overflade i kulstoflook","text_value":"","icon":"v"},{"label":"Stabelbart design","text_value":"","icon":"v"},{"label":"Fastgjort med velcrob\u00e5nd","text_value":"","icon":"v"},{"label":"Luftventiler reducerer det indre tryk","text_value":"","icon":"v"}]},"yoast_head":"<!-- This site is optimized with the Yoast SEO plugin v26.6 - https:\/\/yoast.com\/wordpress\/plugins\/seo\/ -->\n<title>Evolve Carbon Series Bl\u00f8d Plyo Boks S\u00e6t - Evolve<\/title>\n<meta name=\"robots\" content=\"index, follow, max-snippet:-1, max-image-preview:large, max-video-preview:-1\" \/>\n<link rel=\"canonical\" href=\"https:\/\/evolve-fitness.eu\/da\/vare\/evolve-carbon-series-bloed-plyo-boks-saet\/\" \/>\n<meta property=\"og:locale\" content=\"da_DK\" \/>\n<meta property=\"og:type\" content=\"article\" \/>\n<meta property=\"og:title\" content=\"Evolve Carbon Series Bl\u00f8d Plyo Boks S\u00e6t - Evolve\" \/>\n<meta property=\"og:url\" content=\"https:\/\/evolve-fitness.eu\/da\/vare\/evolve-carbon-series-bloed-plyo-boks-saet\/\" \/>\n<meta property=\"og:site_name\" content=\"Evolve\" \/>\n<meta property=\"article:publisher\" content=\"https:\/\/www.facebook.com\/EvolveFitnessEurope\" \/>\n<meta property=\"article:modified_time\" content=\"2024-07-19T04:56:22+00:00\" \/>\n<meta property=\"og:image\" content=\"https:\/\/evolve-fitness.eu\/wp-content\/uploads\/2023\/09\/Evolve-Carbon-Series-Soft-Plyo-Box-Set.png\" \/>\n\t<meta property=\"og:image:width\" content=\"680\" \/>\n\t<meta property=\"og:image:height\" content=\"600\" \/>\n\t<meta property=\"og:image:type\" content=\"image\/png\" \/>\n<meta name=\"twitter:card\" content=\"summary_large_image\" \/>\n<script type=\"application\/ld+json\" class=\"yoast-schema-graph\">{\"@context\":\"https:\/\/schema.org\",\"@graph\":[{\"@type\":\"WebPage\",\"@id\":\"https:\/\/evolve-fitness.eu\/da\/vare\/evolve-carbon-series-bloed-plyo-boks-saet\/\",\"url\":\"https:\/\/evolve-fitness.eu\/da\/vare\/evolve-carbon-series-bloed-plyo-boks-saet\/\",\"name\":\"Evolve Carbon Series Bl\u00f8d Plyo Boks S\u00e6t - Evolve\",\"isPartOf\":{\"@id\":\"https:\/\/evolve-fitness.eu\/da\/#website\"},\"primaryImageOfPage\":{\"@id\":\"https:\/\/evolve-fitness.eu\/da\/vare\/evolve-carbon-series-bloed-plyo-boks-saet\/#primaryimage\"},\"image\":{\"@id\":\"https:\/\/evolve-fitness.eu\/da\/vare\/evolve-carbon-series-bloed-plyo-boks-saet\/#primaryimage\"},\"thumbnailUrl\":\"https:\/\/evolve-fitness.eu\/wp-content\/uploads\/2023\/09\/Evolve-Carbon-Series-Soft-Plyo-Box-Set.png\",\"datePublished\":\"2023-09-15T08:02:53+00:00\",\"dateModified\":\"2024-07-19T04:56:22+00:00\",\"breadcrumb\":{\"@id\":\"https:\/\/evolve-fitness.eu\/da\/vare\/evolve-carbon-series-bloed-plyo-boks-saet\/#breadcrumb\"},\"inLanguage\":\"da-DK\",\"potentialAction\":[{\"@type\":\"ReadAction\",\"target\":[\"https:\/\/evolve-fitness.eu\/da\/vare\/evolve-carbon-series-bloed-plyo-boks-saet\/\"]}]},{\"@type\":\"ImageObject\",\"inLanguage\":\"da-DK\",\"@id\":\"https:\/\/evolve-fitness.eu\/da\/vare\/evolve-carbon-series-bloed-plyo-boks-saet\/#primaryimage\",\"url\":\"https:\/\/evolve-fitness.eu\/wp-content\/uploads\/2023\/09\/Evolve-Carbon-Series-Soft-Plyo-Box-Set.png\",\"contentUrl\":\"https:\/\/evolve-fitness.eu\/wp-content\/uploads\/2023\/09\/Evolve-Carbon-Series-Soft-Plyo-Box-Set.png\",\"width\":680,\"height\":600,\"caption\":\"EV-PF-CS-500\"},{\"@type\":\"BreadcrumbList\",\"@id\":\"https:\/\/evolve-fitness.eu\/da\/vare\/evolve-carbon-series-bloed-plyo-boks-saet\/#breadcrumb\",\"itemListElement\":[{\"@type\":\"ListItem\",\"position\":1,\"name\":\"Home\",\"item\":\"https:\/\/evolve-fitness.eu\/da\/\"},{\"@type\":\"ListItem\",\"position\":2,\"name\":\"Produkter\",\"item\":\"https:\/\/evolve-fitness.eu\/da\/shop\/\"},{\"@type\":\"ListItem\",\"position\":3,\"name\":\"Evolve Carbon Series Bl\u00f8d Plyo Boks S\u00e6t\"}]},{\"@type\":\"WebSite\",\"@id\":\"https:\/\/evolve-fitness.eu\/da\/#website\",\"url\":\"https:\/\/evolve-fitness.eu\/da\/\",\"name\":\"Evolve\",\"description\":\"Your Evolved Gear Arrived\",\"publisher\":{\"@id\":\"https:\/\/evolve-fitness.eu\/da\/#organization\"},\"potentialAction\":[{\"@type\":\"SearchAction\",\"target\":{\"@type\":\"EntryPoint\",\"urlTemplate\":\"https:\/\/evolve-fitness.eu\/da\/?s={search_term_string}\"},\"query-input\":{\"@type\":\"PropertyValueSpecification\",\"valueRequired\":true,\"valueName\":\"search_term_string\"}}],\"inLanguage\":\"da-DK\"},{\"@type\":\"Organization\",\"@id\":\"https:\/\/evolve-fitness.eu\/da\/#organization\",\"name\":\"Evolve\",\"url\":\"https:\/\/evolve-fitness.eu\/da\/\",\"logo\":{\"@type\":\"ImageObject\",\"inLanguage\":\"da-DK\",\"@id\":\"https:\/\/evolve-fitness.eu\/da\/#\/schema\/logo\/image\/\",\"url\":\"https:\/\/evolve-fitness.eu\/wp-content\/uploads\/2023\/05\/Evolve-logo.svg\",\"contentUrl\":\"https:\/\/evolve-fitness.eu\/wp-content\/uploads\/2023\/05\/Evolve-logo.svg\",\"width\":176,\"height\":20,\"caption\":\"Evolve\"},\"image\":{\"@id\":\"https:\/\/evolve-fitness.eu\/da\/#\/schema\/logo\/image\/\"},\"sameAs\":[\"https:\/\/www.facebook.com\/EvolveFitnessEurope\"]}]}<\/script>\n<!-- \/ Yoast SEO plugin. -->","yoast_head_json":{"title":"Evolve Carbon Series Bl\u00f8d Plyo Boks S\u00e6t - Evolve","robots":{"index":"index","follow":"follow","max-snippet":"max-snippet:-1","max-image-preview":"max-image-preview:large","max-video-preview":"max-video-preview:-1"},"canonical":"https:\/\/evolve-fitness.eu\/da\/vare\/evolve-carbon-series-bloed-plyo-boks-saet\/","og_locale":"da_DK","og_type":"article","og_title":"Evolve Carbon Series Bl\u00f8d Plyo Boks S\u00e6t - Evolve","og_url":"https:\/\/evolve-fitness.eu\/da\/vare\/evolve-carbon-series-bloed-plyo-boks-saet\/","og_site_name":"Evolve","article_publisher":"https:\/\/www.facebook.com\/EvolveFitnessEurope","article_modified_time":"2024-07-19T04:56:22+00:00","og_image":[{"width":680,"height":600,"url":"https:\/\/evolve-fitness.eu\/wp-content\/uploads\/2023\/09\/Evolve-Carbon-Series-Soft-Plyo-Box-Set.png","type":"image\/png"}],"twitter_card":"summary_large_image","schema":{"@context":"https:\/\/schema.org","@graph":[{"@type":"WebPage","@id":"https:\/\/evolve-fitness.eu\/da\/vare\/evolve-carbon-series-bloed-plyo-boks-saet\/","url":"https:\/\/evolve-fitness.eu\/da\/vare\/evolve-carbon-series-bloed-plyo-boks-saet\/","name":"Evolve Carbon Series Bl\u00f8d Plyo Boks S\u00e6t - Evolve","isPartOf":{"@id":"https:\/\/evolve-fitness.eu\/da\/#website"},"primaryImageOfPage":{"@id":"https:\/\/evolve-fitness.eu\/da\/vare\/evolve-carbon-series-bloed-plyo-boks-saet\/#primaryimage"},"image":{"@id":"https:\/\/evolve-fitness.eu\/da\/vare\/evolve-carbon-series-bloed-plyo-boks-saet\/#primaryimage"},"thumbnailUrl":"https:\/\/evolve-fitness.eu\/wp-content\/uploads\/2023\/09\/Evolve-Carbon-Series-Soft-Plyo-Box-Set.png","datePublished":"2023-09-15T08:02:53+00:00","dateModified":"2024-07-19T04:56:22+00:00","breadcrumb":{"@id":"https:\/\/evolve-fitness.eu\/da\/vare\/evolve-carbon-series-bloed-plyo-boks-saet\/#breadcrumb"},"inLanguage":"da-DK","potentialAction":[{"@type":"ReadAction","target":["https:\/\/evolve-fitness.eu\/da\/vare\/evolve-carbon-series-bloed-plyo-boks-saet\/"]}]},{"@type":"ImageObject","inLanguage":"da-DK","@id":"https:\/\/evolve-fitness.eu\/da\/vare\/evolve-carbon-series-bloed-plyo-boks-saet\/#primaryimage","url":"https:\/\/evolve-fitness.eu\/wp-content\/uploads\/2023\/09\/Evolve-Carbon-Series-Soft-Plyo-Box-Set.png","contentUrl":"https:\/\/evolve-fitness.eu\/wp-content\/uploads\/2023\/09\/Evolve-Carbon-Series-Soft-Plyo-Box-Set.png","width":680,"height":600,"caption":"EV-PF-CS-500"},{"@type":"BreadcrumbList","@id":"https:\/\/evolve-fitness.eu\/da\/vare\/evolve-carbon-series-bloed-plyo-boks-saet\/#breadcrumb","itemListElement":[{"@type":"ListItem","position":1,"name":"Home","item":"https:\/\/evolve-fitness.eu\/da\/"},{"@type":"ListItem","position":2,"name":"Produkter","item":"https:\/\/evolve-fitness.eu\/da\/shop\/"},{"@type":"ListItem","position":3,"name":"Evolve Carbon Series Bl\u00f8d Plyo Boks S\u00e6t"}]},{"@type":"WebSite","@id":"https:\/\/evolve-fitness.eu\/da\/#website","url":"https:\/\/evolve-fitness.eu\/da\/","name":"Evolve","description":"Your Evolved Gear Arrived","publisher":{"@id":"https:\/\/evolve-fitness.eu\/da\/#organization"},"potentialAction":[{"@type":"SearchAction","target":{"@type":"EntryPoint","urlTemplate":"https:\/\/evolve-fitness.eu\/da\/?s={search_term_string}"},"query-input":{"@type":"PropertyValueSpecification","valueRequired":true,"valueName":"search_term_string"}}],"inLanguage":"da-DK"},{"@type":"Organization","@id":"https:\/\/evolve-fitness.eu\/da\/#organization","name":"Evolve","url":"https:\/\/evolve-fitness.eu\/da\/","logo":{"@type":"ImageObject","inLanguage":"da-DK","@id":"https:\/\/evolve-fitness.eu\/da\/#\/schema\/logo\/image\/","url":"https:\/\/evolve-fitness.eu\/wp-content\/uploads\/2023\/05\/Evolve-logo.svg","contentUrl":"https:\/\/evolve-fitness.eu\/wp-content\/uploads\/2023\/05\/Evolve-logo.svg","width":176,"height":20,"caption":"Evolve"},"image":{"@id":"https:\/\/evolve-fitness.eu\/da\/#\/schema\/logo\/image\/"},"sameAs":["https:\/\/www.facebook.com\/EvolveFitnessEurope"]}]}},"_links":{"self":[{"href":"https:\/\/evolve-fitness.eu\/da\/wp-json\/wp\/v2\/product\/78575","targetHints":{"allow":["GET"]}}],"collection":[{"href":"https:\/\/evolve-fitness.eu\/da\/wp-json\/wp\/v2\/product"}],"about":[{"href":"https:\/\/evolve-fitness.eu\/da\/wp-json\/wp\/v2\/types\/product"}],"wp:featuredmedia":[{"embeddable":true,"href":"https:\/\/evolve-fitness.eu\/da\/wp-json\/wp\/v2\/media\/78583"}],"wp:attachment":[{"href":"https:\/\/evolve-fitness.eu\/da\/wp-json\/wp\/v2\/media?parent=78575"}],"wp:term":[{"taxonomy":"product_brand","embeddable":true,"href":"https:\/\/evolve-fitness.eu\/da\/wp-json\/wp\/v2\/product_brand?post=78575"},{"taxonomy":"product_cat","embeddable":true,"href":"https:\/\/evolve-fitness.eu\/da\/wp-json\/wp\/v2\/product_cat?post=78575"},{"taxonomy":"product_tag","embeddable":true,"href":"https:\/\/evolve-fitness.eu\/da\/wp-json\/wp\/v2\/product_tag?post=78575"}],"curies":[{"name":"wp","href":"https:\/\/api.w.org\/{rel}","templated":true}]}}