{"id":83050,"date":"2024-02-23T13:12:06","date_gmt":"2024-02-23T13:12:06","guid":{"rendered":"https:\/\/evolve-fitness.eu\/product\/evolve-vinyl-haandvaegt-1-5-kg\/"},"modified":"2026-04-09T15:31:20","modified_gmt":"2026-04-09T12:31:20","slug":"evolve-vinyl-haandvaegt-1-5-kg","status":"publish","type":"product","link":"https:\/\/evolve-fitness.eu\/da\/vare\/evolve-vinyl-haandvaegt-1-5-kg\/","title":{"rendered":"Evolve Vinyl-h\u00e5ndv\u00e6gt 1-5 kg (VN-1-5)"},"content":{"rendered":"\n<section class=\"wp-block-group alignfull black-content has-white-color has-darkgray-background-color has-text-color has-background is-layout-constrained wp-block-group-is-layout-constrained\" style=\"padding-top:var(--wp--preset--spacing--section-bottom);padding-bottom:var(--wp--preset--spacing--section-bottom)\">\n<div class=\"wp-block-columns alignwide mobile-reverse is-layout-flex wp-container-core-columns-is-layout-ca64bf2d wp-block-columns-is-layout-flex\" style=\"margin-bottom:var(--wp--preset--spacing--side-padding)\">\n<div class=\"wp-block-column is-vertically-aligned-center is-layout-flow wp-block-column-is-layout-flow\">\n<h3 class=\"wp-block-heading\" style=\"margin-bottom:var(--wp--preset--spacing--h-3-bottom)\"><strong>Kommerciel kvalitet  <\/strong><\/h3>\n\n\n\n<p><em><strong><strong><strong>Til daglig brug<\/strong><\/strong><\/strong><\/em><\/p>\n\n\n\n<p>Evolve Vinyl Dumbbells er konstrueret til at v\u00e6re modstandsdygtige og blive brugt ofte. Den robuste vinylbel\u00e6gning sikrer ikke kun et behageligt greb, men g\u00f8r ogs\u00e5 reng\u00f8ringen til en leg. Dette beskyttende lag beskytter dit fitnessudstyr mod slitage og g\u00f8r dem til en langtidsholdbar tilf\u00f8jelse til ethvert fitnesscenter.<\/p>\n<\/div>\n\n\n\n<div class=\"wp-block-column is-vertically-aligned-center is-layout-flow wp-block-column-is-layout-flow\">\n<figure class=\"wp-block-video\"><video height=\"2160\" style=\"aspect-ratio: 3840 \/ 2160;\" width=\"3840\" autoplay=\"\" controls=\"\" loop=\"\" muted=\"\" src=\"https:\/\/evolve-fitness.eu\/wp-content\/uploads\/2023\/12\/1-1.mp4\"><\/video><\/figure>\n<\/div>\n<\/div>\n\n\n\n<div class=\"wp-block-columns alignwide is-layout-flex wp-container-core-columns-is-layout-c45ee707 wp-block-columns-is-layout-flex\" style=\"margin-bottom:var(--wp--preset--spacing--side-padding);padding-top:var(--wp--preset--spacing--side-padding)\">\n<div class=\"wp-block-column is-vertically-aligned-center is-layout-flow wp-block-column-is-layout-flow\">\n<figure class=\"wp-block-image size-large\"><img loading=\"lazy\" decoding=\"async\" width=\"1024\" height=\"683\" src=\"https:\/\/evolve-fitness.eu\/wp-content\/uploads\/2023\/12\/A7_05379-1024x683.jpg\" alt=\"\" class=\"wp-image-7849\" srcset=\"https:\/\/evolve-fitness.eu\/wp-content\/uploads\/2023\/12\/A7_05379-1024x683.jpg 1024w, https:\/\/evolve-fitness.eu\/wp-content\/uploads\/2023\/12\/A7_05379-300x200.jpg 300w, https:\/\/evolve-fitness.eu\/wp-content\/uploads\/2023\/12\/A7_05379-225x150.jpg 225w, https:\/\/evolve-fitness.eu\/wp-content\/uploads\/2023\/12\/A7_05379-600x400.jpg 600w, https:\/\/evolve-fitness.eu\/wp-content\/uploads\/2023\/12\/A7_05379-150x100.jpg 150w, https:\/\/evolve-fitness.eu\/wp-content\/uploads\/2023\/12\/A7_05379-768x512.jpg 768w, https:\/\/evolve-fitness.eu\/wp-content\/uploads\/2023\/12\/A7_05379-1536x1024.jpg 1536w, https:\/\/evolve-fitness.eu\/wp-content\/uploads\/2023\/12\/A7_05379.jpg 1920w\" sizes=\"auto, (max-width: 1024px) 100vw, 1024px\" \/><\/figure>\n<\/div>\n\n\n\n<div class=\"wp-block-column is-vertically-aligned-center is-layout-constrained wp-block-column-is-layout-constrained\">\n<h3 class=\"wp-block-heading\" style=\"margin-bottom:var(--wp--preset--spacing--h-3-bottom)\">Innovativt sekskantet antirulledesign<\/h3>\n\n\n\n<p><strong><em><strong><em>Sikkerhed og bekvemmelighed<\/em><\/strong><\/em><\/strong><\/p>\n\n\n\n<p>Sikkerhed og bekvemmelighed er i h\u00f8js\u00e6det med de unikke sekskantformede hoveder. Dette innovative design forhindrer h\u00e5ndv\u00e6gtene i at rulle v\u00e6k, hvilket sikrer et stabilt og sikkert tr\u00e6ningsmilj\u00f8. Uanset om du er midt i en intens tr\u00e6ning eller opbevarer dine v\u00e6gte, giver anti-roll-funktionen et ekstra lag af sikkerhed.<\/p>\n<\/div>\n<\/div>\n\n\n\n<div class=\"wp-block-columns alignwide is-layout-flex wp-container-core-columns-is-layout-c45ee707 wp-block-columns-is-layout-flex\" style=\"margin-bottom:var(--wp--preset--spacing--side-padding);padding-top:var(--wp--preset--spacing--side-padding)\">\n<div class=\"wp-block-column is-vertically-aligned-center is-layout-flow wp-block-column-is-layout-flow\">\n<h3 class=\"wp-block-heading\" style=\"margin-bottom:var(--wp--preset--spacing--h-3-bottom)\">Alsidige v\u00e6gtmuligheder  <\/h3>\n\n\n\n<p><strong><em><strong><em>Til alle fitnessniveauer<\/em><\/strong><\/em><\/strong><\/p>\n\n\n\n<p>Med v\u00e6gte fra 1 kg til 5 kg henvender Evolve Vinyl Dumbbells sig til alle fitnessniveauer. Begyndere kan starte med lettere v\u00e6gte, mens mere avancerede brugere kan udfordre sig selv med tungere v\u00e6gte. Variationen giver mulighed for en fuldt tilpasselig tr\u00e6ning, der kan tilpasses til din skiftende fitnessrejse.<\/p>\n<\/div>\n\n\n\n<div class=\"wp-block-column is-vertically-aligned-center is-layout-flow wp-block-column-is-layout-flow\">\n<div class=\"wp-block-columns is-layout-flex wp-container-core-columns-is-layout-9d6595d7 wp-block-columns-is-layout-flex\">\n<div class=\"wp-block-column is-layout-flow wp-block-column-is-layout-flow\">\n<figure class=\"wp-block-video\"><video height=\"2160\" style=\"aspect-ratio: 3840 \/ 2160;\" width=\"3840\" autoplay=\"\" controls=\"\" loop=\"\" muted=\"\" src=\"https:\/\/evolve-fitness.eu\/wp-content\/uploads\/2023\/12\/2-1.mp4\"><\/video><\/figure>\n<\/div>\n<\/div>\n<\/div>\n<\/div>\n\n\n\n<div class=\"wp-block-columns alignwide is-layout-flex wp-container-core-columns-is-layout-c45ee707 wp-block-columns-is-layout-flex\" style=\"margin-bottom:var(--wp--preset--spacing--side-padding);padding-top:var(--wp--preset--spacing--side-padding)\">\n<div class=\"wp-block-column is-vertically-aligned-center is-layout-flow wp-block-column-is-layout-flow\">\n<div class=\"wp-block-columns is-layout-flex wp-container-core-columns-is-layout-9d6595d7 wp-block-columns-is-layout-flex\">\n<div class=\"wp-block-column is-layout-flow wp-block-column-is-layout-flow\">\n<figure class=\"wp-block-image size-full is-resized is-style-rounded\"><img loading=\"lazy\" decoding=\"async\" width=\"1600\" height=\"1328\" src=\"https:\/\/evolve-fitness.eu\/wp-content\/uploads\/2023\/11\/Vinyl-Dumbbells.webp\" alt=\"\" class=\"wp-image-7856\" style=\"object-fit:cover;width:680px;height:600px\" srcset=\"https:\/\/evolve-fitness.eu\/wp-content\/uploads\/2023\/11\/Vinyl-Dumbbells.webp 1600w, https:\/\/evolve-fitness.eu\/wp-content\/uploads\/2023\/11\/Vinyl-Dumbbells-300x249.webp 300w, https:\/\/evolve-fitness.eu\/wp-content\/uploads\/2023\/11\/Vinyl-Dumbbells-181x150.webp 181w, https:\/\/evolve-fitness.eu\/wp-content\/uploads\/2023\/11\/Vinyl-Dumbbells-600x498.webp 600w, https:\/\/evolve-fitness.eu\/wp-content\/uploads\/2023\/11\/Vinyl-Dumbbells-1024x850.webp 1024w, https:\/\/evolve-fitness.eu\/wp-content\/uploads\/2023\/11\/Vinyl-Dumbbells-150x125.webp 150w, https:\/\/evolve-fitness.eu\/wp-content\/uploads\/2023\/11\/Vinyl-Dumbbells-768x637.webp 768w, https:\/\/evolve-fitness.eu\/wp-content\/uploads\/2023\/11\/Vinyl-Dumbbells-1536x1275.webp 1536w\" sizes=\"auto, (max-width: 1600px) 100vw, 1600px\" \/><\/figure>\n<\/div>\n<\/div>\n<\/div>\n\n\n\n<div class=\"wp-block-column is-vertically-aligned-center is-layout-flow wp-block-column-is-layout-flow\">\n<h3 class=\"wp-block-heading\" style=\"margin-bottom:var(--wp--preset--spacing--h-3-bottom)\">Hvorfor v\u00e6lge Evolve Vinyl h\u00e5ndv\u00e6gte?<\/h3>\n\n\n\n<ul class=\"wp-block-list\">\n<li><strong>Holdbar vinylbel\u00e6gning<\/strong>: Sikrer lang levetid og et behageligt greb.<\/li>\n\n\n\n<li><strong>Anti-rulle-design<\/strong>: \u00d8ger sikkerheden og bekvemmeligheden under tr\u00e6ningen.<\/li>\n\n\n\n<li><strong>Kommerciel kvalitet<\/strong>: Velegnet til b\u00e5de hjemmet og professionelle fitnesscentre.<\/li>\n\n\n\n<li><strong>Flere v\u00e6gtindstillinger<\/strong>: Passer til alle niveauer af fitnessentusiaster.<\/li>\n\n\n\n<li><strong>Let at reng\u00f8re<\/strong>: Lav vedligeholdelse og hygiejnisk.<\/li>\n<\/ul>\n<\/div>\n<\/div>\n\n\n\n<h5 class=\"wp-block-heading has-text-align-center\">Gennemse vores udvalg, og find dit perfekte par Evolve Vinyl h\u00e5ndv\u00e6gte i dag!<\/h5>\n<\/section>\n","protected":false},"excerpt":{"rendered":"<p>Evolve Vinyl Dumbbells 2 x 1-5 kg er det perfekte valg til alle, der \u00f8nsker at forbedre deres fitnessrutine med p\u00e5lideligt, sikkert og alsidigt udstyr. Oplev forskellen i din tr\u00e6ning med disse f\u00f8rsteklasses h\u00e5ndv\u00e6gte. K\u00f8b nu, og tag det f\u00f8rste skridt mod et mere effektivt og behageligt tr\u00e6ningsprogram.<\/p>\n","protected":false},"featured_media":83051,"template":"","meta":{"_acf_changed":false,"inline_featured_image":false},"product_brand":[],"product_cat":[1462,2531],"product_tag":[],"class_list":{"0":"post-83050","1":"product","2":"type-product","3":"status-publish","4":"has-post-thumbnail","6":"product_cat-frie-vaegte","7":"product_cat-handvaegte","9":"first","10":"instock","11":"shipping-taxable","12":"purchasable","13":"product-type-variable"},"acf":{"long_title":"Evolve Vinyl-h\u00e5ndv\u00e6gt 1-5 kg (VN-1-5)","subtitle":"","specifications":[{"label":"VARENUMMER","text_value":"EV-DB-VN","icon":"x"},{"label":"Holdbar vinylbel\u00e6gning","text_value":"","icon":"v"},{"label":"Anti-rulle-design","text_value":"","icon":"v"},{"label":"Kommerciel kvalitet","text_value":"","icon":"v"},{"label":"Lav vedligeholdelse og hygiejnisk","text_value":"","icon":"v"},{"label":"Flere v\u00e6gtmuligheder","text_value":"","icon":"v"},{"label":"Garanti","text_value":"2 \u00e5r","icon":"x"}],"product_frequently_asked_questions":null},"yoast_head":"<!-- This site is optimized with the Yoast SEO plugin v27.4 - https:\/\/yoast.com\/product\/yoast-seo-wordpress\/ -->\n<title>Evolve Vinyl-h\u00e5ndv\u00e6gt 1-5 kg (VN-1-5) - Evolve<\/title>\n<meta name=\"robots\" content=\"index, follow, max-snippet:-1, max-image-preview:large, max-video-preview:-1\" \/>\n<link rel=\"canonical\" href=\"https:\/\/evolve-fitness.eu\/da\/vare\/evolve-vinyl-haandvaegt-1-5-kg\/\" \/>\n<meta property=\"og:locale\" content=\"da_DK\" \/>\n<meta property=\"og:type\" content=\"article\" \/>\n<meta property=\"og:title\" content=\"Evolve Vinyl-h\u00e5ndv\u00e6gt 1-5 kg (VN-1-5) - Evolve\" \/>\n<meta property=\"og:url\" content=\"https:\/\/evolve-fitness.eu\/da\/vare\/evolve-vinyl-haandvaegt-1-5-kg\/\" \/>\n<meta property=\"og:site_name\" content=\"Evolve\" \/>\n<meta property=\"article:publisher\" content=\"https:\/\/www.facebook.com\/EvolveFitnessEurope\" \/>\n<meta property=\"article:modified_time\" content=\"2026-04-09T12:31:20+00:00\" \/>\n<meta property=\"og:image\" content=\"https:\/\/evolve-fitness.eu\/wp-content\/uploads\/2024\/02\/Evolve-Vinyl-Dumbbell-1-5-kg-1.png\" \/>\n\t<meta property=\"og:image:width\" content=\"680\" \/>\n\t<meta property=\"og:image:height\" content=\"600\" \/>\n\t<meta property=\"og:image:type\" content=\"image\/png\" \/>\n<meta name=\"twitter:card\" content=\"summary_large_image\" \/>\n<script type=\"application\/ld+json\" class=\"yoast-schema-graph\">{\"@context\":\"https:\\\/\\\/schema.org\",\"@graph\":[{\"@type\":\"WebPage\",\"@id\":\"https:\\\/\\\/evolve-fitness.eu\\\/da\\\/vare\\\/evolve-vinyl-haandvaegt-1-5-kg\\\/\",\"url\":\"https:\\\/\\\/evolve-fitness.eu\\\/da\\\/vare\\\/evolve-vinyl-haandvaegt-1-5-kg\\\/\",\"name\":\"Evolve Vinyl-h\u00e5ndv\u00e6gt 1-5 kg (VN-1-5) - Evolve\",\"isPartOf\":{\"@id\":\"https:\\\/\\\/evolve-fitness.eu\\\/da\\\/#website\"},\"primaryImageOfPage\":{\"@id\":\"https:\\\/\\\/evolve-fitness.eu\\\/da\\\/vare\\\/evolve-vinyl-haandvaegt-1-5-kg\\\/#primaryimage\"},\"image\":{\"@id\":\"https:\\\/\\\/evolve-fitness.eu\\\/da\\\/vare\\\/evolve-vinyl-haandvaegt-1-5-kg\\\/#primaryimage\"},\"thumbnailUrl\":\"https:\\\/\\\/evolve-fitness.eu\\\/wp-content\\\/uploads\\\/2024\\\/02\\\/Evolve-Vinyl-Dumbbell-1-5-kg-1.png\",\"datePublished\":\"2024-02-23T13:12:06+00:00\",\"dateModified\":\"2026-04-09T12:31:20+00:00\",\"breadcrumb\":{\"@id\":\"https:\\\/\\\/evolve-fitness.eu\\\/da\\\/vare\\\/evolve-vinyl-haandvaegt-1-5-kg\\\/#breadcrumb\"},\"inLanguage\":\"da-DK\",\"potentialAction\":[{\"@type\":\"ReadAction\",\"target\":[\"https:\\\/\\\/evolve-fitness.eu\\\/da\\\/vare\\\/evolve-vinyl-haandvaegt-1-5-kg\\\/\"]}]},{\"@type\":\"ImageObject\",\"inLanguage\":\"da-DK\",\"@id\":\"https:\\\/\\\/evolve-fitness.eu\\\/da\\\/vare\\\/evolve-vinyl-haandvaegt-1-5-kg\\\/#primaryimage\",\"url\":\"https:\\\/\\\/evolve-fitness.eu\\\/wp-content\\\/uploads\\\/2024\\\/02\\\/Evolve-Vinyl-Dumbbell-1-5-kg-1.png\",\"contentUrl\":\"https:\\\/\\\/evolve-fitness.eu\\\/wp-content\\\/uploads\\\/2024\\\/02\\\/Evolve-Vinyl-Dumbbell-1-5-kg-1.png\",\"width\":680,\"height\":600},{\"@type\":\"BreadcrumbList\",\"@id\":\"https:\\\/\\\/evolve-fitness.eu\\\/da\\\/vare\\\/evolve-vinyl-haandvaegt-1-5-kg\\\/#breadcrumb\",\"itemListElement\":[{\"@type\":\"ListItem\",\"position\":1,\"name\":\"Home\",\"item\":\"https:\\\/\\\/evolve-fitness.eu\\\/da\\\/\"},{\"@type\":\"ListItem\",\"position\":2,\"name\":\"Produkter\",\"item\":\"https:\\\/\\\/evolve-fitness.eu\\\/da\\\/shop\\\/\"},{\"@type\":\"ListItem\",\"position\":3,\"name\":\"Evolve Vinyl-h\u00e5ndv\u00e6gt 1-5 kg (VN-1-5)\"}]},{\"@type\":\"WebSite\",\"@id\":\"https:\\\/\\\/evolve-fitness.eu\\\/da\\\/#website\",\"url\":\"https:\\\/\\\/evolve-fitness.eu\\\/da\\\/\",\"name\":\"Evolve\",\"description\":\"Your Evolved Gear Arrived\",\"publisher\":{\"@id\":\"https:\\\/\\\/evolve-fitness.eu\\\/da\\\/#organization\"},\"potentialAction\":[{\"@type\":\"SearchAction\",\"target\":{\"@type\":\"EntryPoint\",\"urlTemplate\":\"https:\\\/\\\/evolve-fitness.eu\\\/da\\\/?s={search_term_string}\"},\"query-input\":{\"@type\":\"PropertyValueSpecification\",\"valueRequired\":true,\"valueName\":\"search_term_string\"}}],\"inLanguage\":\"da-DK\"},{\"@type\":\"Organization\",\"@id\":\"https:\\\/\\\/evolve-fitness.eu\\\/da\\\/#organization\",\"name\":\"Evolve\",\"url\":\"https:\\\/\\\/evolve-fitness.eu\\\/da\\\/\",\"logo\":{\"@type\":\"ImageObject\",\"inLanguage\":\"da-DK\",\"@id\":\"https:\\\/\\\/evolve-fitness.eu\\\/da\\\/#\\\/schema\\\/logo\\\/image\\\/\",\"url\":\"https:\\\/\\\/evolve-fitness.eu\\\/wp-content\\\/uploads\\\/2023\\\/05\\\/Evolve-logo.svg\",\"contentUrl\":\"https:\\\/\\\/evolve-fitness.eu\\\/wp-content\\\/uploads\\\/2023\\\/05\\\/Evolve-logo.svg\",\"width\":176,\"height\":20,\"caption\":\"Evolve\"},\"image\":{\"@id\":\"https:\\\/\\\/evolve-fitness.eu\\\/da\\\/#\\\/schema\\\/logo\\\/image\\\/\"},\"sameAs\":[\"https:\\\/\\\/www.facebook.com\\\/EvolveFitnessEurope\"]}]}<\/script>\n<!-- \/ Yoast SEO plugin. -->","yoast_head_json":{"title":"Evolve Vinyl-h\u00e5ndv\u00e6gt 1-5 kg (VN-1-5) - Evolve","robots":{"index":"index","follow":"follow","max-snippet":"max-snippet:-1","max-image-preview":"max-image-preview:large","max-video-preview":"max-video-preview:-1"},"canonical":"https:\/\/evolve-fitness.eu\/da\/vare\/evolve-vinyl-haandvaegt-1-5-kg\/","og_locale":"da_DK","og_type":"article","og_title":"Evolve Vinyl-h\u00e5ndv\u00e6gt 1-5 kg (VN-1-5) - Evolve","og_url":"https:\/\/evolve-fitness.eu\/da\/vare\/evolve-vinyl-haandvaegt-1-5-kg\/","og_site_name":"Evolve","article_publisher":"https:\/\/www.facebook.com\/EvolveFitnessEurope","article_modified_time":"2026-04-09T12:31:20+00:00","og_image":[{"width":680,"height":600,"url":"https:\/\/evolve-fitness.eu\/wp-content\/uploads\/2024\/02\/Evolve-Vinyl-Dumbbell-1-5-kg-1.png","type":"image\/png"}],"twitter_card":"summary_large_image","schema":{"@context":"https:\/\/schema.org","@graph":[{"@type":"WebPage","@id":"https:\/\/evolve-fitness.eu\/da\/vare\/evolve-vinyl-haandvaegt-1-5-kg\/","url":"https:\/\/evolve-fitness.eu\/da\/vare\/evolve-vinyl-haandvaegt-1-5-kg\/","name":"Evolve Vinyl-h\u00e5ndv\u00e6gt 1-5 kg (VN-1-5) - Evolve","isPartOf":{"@id":"https:\/\/evolve-fitness.eu\/da\/#website"},"primaryImageOfPage":{"@id":"https:\/\/evolve-fitness.eu\/da\/vare\/evolve-vinyl-haandvaegt-1-5-kg\/#primaryimage"},"image":{"@id":"https:\/\/evolve-fitness.eu\/da\/vare\/evolve-vinyl-haandvaegt-1-5-kg\/#primaryimage"},"thumbnailUrl":"https:\/\/evolve-fitness.eu\/wp-content\/uploads\/2024\/02\/Evolve-Vinyl-Dumbbell-1-5-kg-1.png","datePublished":"2024-02-23T13:12:06+00:00","dateModified":"2026-04-09T12:31:20+00:00","breadcrumb":{"@id":"https:\/\/evolve-fitness.eu\/da\/vare\/evolve-vinyl-haandvaegt-1-5-kg\/#breadcrumb"},"inLanguage":"da-DK","potentialAction":[{"@type":"ReadAction","target":["https:\/\/evolve-fitness.eu\/da\/vare\/evolve-vinyl-haandvaegt-1-5-kg\/"]}]},{"@type":"ImageObject","inLanguage":"da-DK","@id":"https:\/\/evolve-fitness.eu\/da\/vare\/evolve-vinyl-haandvaegt-1-5-kg\/#primaryimage","url":"https:\/\/evolve-fitness.eu\/wp-content\/uploads\/2024\/02\/Evolve-Vinyl-Dumbbell-1-5-kg-1.png","contentUrl":"https:\/\/evolve-fitness.eu\/wp-content\/uploads\/2024\/02\/Evolve-Vinyl-Dumbbell-1-5-kg-1.png","width":680,"height":600},{"@type":"BreadcrumbList","@id":"https:\/\/evolve-fitness.eu\/da\/vare\/evolve-vinyl-haandvaegt-1-5-kg\/#breadcrumb","itemListElement":[{"@type":"ListItem","position":1,"name":"Home","item":"https:\/\/evolve-fitness.eu\/da\/"},{"@type":"ListItem","position":2,"name":"Produkter","item":"https:\/\/evolve-fitness.eu\/da\/shop\/"},{"@type":"ListItem","position":3,"name":"Evolve Vinyl-h\u00e5ndv\u00e6gt 1-5 kg (VN-1-5)"}]},{"@type":"WebSite","@id":"https:\/\/evolve-fitness.eu\/da\/#website","url":"https:\/\/evolve-fitness.eu\/da\/","name":"Evolve","description":"Your Evolved Gear Arrived","publisher":{"@id":"https:\/\/evolve-fitness.eu\/da\/#organization"},"potentialAction":[{"@type":"SearchAction","target":{"@type":"EntryPoint","urlTemplate":"https:\/\/evolve-fitness.eu\/da\/?s={search_term_string}"},"query-input":{"@type":"PropertyValueSpecification","valueRequired":true,"valueName":"search_term_string"}}],"inLanguage":"da-DK"},{"@type":"Organization","@id":"https:\/\/evolve-fitness.eu\/da\/#organization","name":"Evolve","url":"https:\/\/evolve-fitness.eu\/da\/","logo":{"@type":"ImageObject","inLanguage":"da-DK","@id":"https:\/\/evolve-fitness.eu\/da\/#\/schema\/logo\/image\/","url":"https:\/\/evolve-fitness.eu\/wp-content\/uploads\/2023\/05\/Evolve-logo.svg","contentUrl":"https:\/\/evolve-fitness.eu\/wp-content\/uploads\/2023\/05\/Evolve-logo.svg","width":176,"height":20,"caption":"Evolve"},"image":{"@id":"https:\/\/evolve-fitness.eu\/da\/#\/schema\/logo\/image\/"},"sameAs":["https:\/\/www.facebook.com\/EvolveFitnessEurope"]}]}},"_links":{"self":[{"href":"https:\/\/evolve-fitness.eu\/da\/wp-json\/wp\/v2\/product\/83050","targetHints":{"allow":["GET"]}}],"collection":[{"href":"https:\/\/evolve-fitness.eu\/da\/wp-json\/wp\/v2\/product"}],"about":[{"href":"https:\/\/evolve-fitness.eu\/da\/wp-json\/wp\/v2\/types\/product"}],"wp:featuredmedia":[{"embeddable":true,"href":"https:\/\/evolve-fitness.eu\/da\/wp-json\/wp\/v2\/media\/83051"}],"wp:attachment":[{"href":"https:\/\/evolve-fitness.eu\/da\/wp-json\/wp\/v2\/media?parent=83050"}],"wp:term":[{"taxonomy":"product_brand","embeddable":true,"href":"https:\/\/evolve-fitness.eu\/da\/wp-json\/wp\/v2\/product_brand?post=83050"},{"taxonomy":"product_cat","embeddable":true,"href":"https:\/\/evolve-fitness.eu\/da\/wp-json\/wp\/v2\/product_cat?post=83050"},{"taxonomy":"product_tag","embeddable":true,"href":"https:\/\/evolve-fitness.eu\/da\/wp-json\/wp\/v2\/product_tag?post=83050"}],"curies":[{"name":"wp","href":"https:\/\/api.w.org\/{rel}","templated":true}]}}