{"id":87081,"date":"2023-12-13T11:30:08","date_gmt":"2023-12-13T11:30:08","guid":{"rendered":"https:\/\/evolve-fitness.eu\/product\/evolve-krog-til-fastgoerelse-af-baand\/"},"modified":"2026-04-08T14:57:24","modified_gmt":"2026-04-08T11:57:24","slug":"evolve-krog-til-fastgoerelse-af-baand","status":"publish","type":"product","link":"https:\/\/evolve-fitness.eu\/da\/vare\/evolve-krog-til-fastgoerelse-af-baand\/","title":{"rendered":"Evolve Band Hook Attachment (AT-RBA)"},"content":{"rendered":"\n<section class=\"wp-block-group alignfull has-lightgray-background-color has-background is-layout-constrained wp-block-group-is-layout-constrained\">\n<div class=\"wp-block-columns alignwide is-layout-flex wp-container-core-columns-is-layout-2edb0647 wp-block-columns-is-layout-flex\" style=\"margin-top:0;margin-bottom:0\">\n<div class=\"wp-block-column is-layout-flow wp-block-column-is-layout-flow\" style=\"flex-basis:33.33%\"><\/div>\n\n\n\n<div class=\"wp-block-column is-layout-flow wp-block-column-is-layout-flow\" style=\"flex-basis:66.66%\"><\/div>\n<\/div>\n<\/section>\n\n<p><\/p>\n","protected":false},"excerpt":{"rendered":"<p>L\u00f8ft din modstandstr\u00e6ning med &#8220;Evolve Bands Hook Attachment&#8221; &#8211; et vigtigt v\u00e6rkt\u00f8j, der forbedrer alsidigheden i din tr\u00e6ning. Denne krog er designet til problemfri integration med Evolve-systemet og sikrer et sikkert forankringspunkt for modstandsb\u00e5nd, hvilket tilf\u00f8jer en ny dimension til din tr\u00e6ningsrutine. Uanset om du sigter mod styrke, fleksibilitet eller genoptr\u00e6ning, tilbyder dette redskab en dynamisk og tilpasningsdygtig l\u00f8sning. Evolve Bands hook Attachment er bygget til holdbarhed og kompatibilitet og er en p\u00e5lidelig og effektiv m\u00e5de at berige din fitnessrejse p\u00e5. L\u00e5s op for det fulde potentiale i din tr\u00e6ning, og oplev forskellige tr\u00e6ningsmuligheder med dette vigtige tilbeh\u00f8r, der forvandler hver session til en givende og effektfuld fitnessoplevelse.<\/p>\n","protected":false},"featured_media":87085,"template":"","meta":{"_acf_changed":false,"inline_featured_image":false},"product_brand":[],"product_cat":[2963,2964,2965],"product_tag":[],"class_list":{"0":"post-87081","1":"product","2":"type-product","3":"status-publish","4":"has-post-thumbnail","6":"product_cat-tvaergaende-og-funktionel","7":"product_cat-komponenter-til-riggen","8":"product_cat-tilbehor","10":"first","11":"instock","12":"shipping-taxable","13":"purchasable","14":"product-type-simple"},"acf":{"long_title":"Evolve Band Hook Attachment (AT-RBA)","subtitle":"","specifications":[{"label":"VARENUMMER","text_value":"EV-AT-RBA","icon":"x"},{"label":"Garanti","text_value":"2 \u00e5r","icon":"x"}]},"yoast_head":"<!-- This site is optimized with the Yoast SEO plugin v26.6 - https:\/\/yoast.com\/wordpress\/plugins\/seo\/ -->\n<title>Evolve Band Hook Attachment (AT-RBA) - Evolve<\/title>\n<meta name=\"robots\" content=\"index, follow, max-snippet:-1, max-image-preview:large, max-video-preview:-1\" \/>\n<link rel=\"canonical\" href=\"https:\/\/evolve-fitness.eu\/da\/vare\/evolve-krog-til-fastgoerelse-af-baand\/\" \/>\n<meta property=\"og:locale\" content=\"da_DK\" \/>\n<meta property=\"og:type\" content=\"article\" \/>\n<meta property=\"og:title\" content=\"Evolve Band Hook Attachment (AT-RBA) - Evolve\" \/>\n<meta property=\"og:url\" content=\"https:\/\/evolve-fitness.eu\/da\/vare\/evolve-krog-til-fastgoerelse-af-baand\/\" \/>\n<meta property=\"og:site_name\" content=\"Evolve\" \/>\n<meta property=\"article:publisher\" content=\"https:\/\/www.facebook.com\/EvolveFitnessEurope\" \/>\n<meta property=\"article:modified_time\" content=\"2026-04-08T11:57:24+00:00\" \/>\n<meta property=\"og:image\" content=\"https:\/\/evolve-fitness.eu\/wp-content\/uploads\/2023\/12\/Evolve-Band-Hook-Attachment.png\" \/>\n\t<meta property=\"og:image:width\" content=\"680\" \/>\n\t<meta property=\"og:image:height\" content=\"600\" \/>\n\t<meta property=\"og:image:type\" content=\"image\/png\" \/>\n<meta name=\"twitter:card\" content=\"summary_large_image\" \/>\n<script type=\"application\/ld+json\" class=\"yoast-schema-graph\">{\"@context\":\"https:\/\/schema.org\",\"@graph\":[{\"@type\":\"WebPage\",\"@id\":\"https:\/\/evolve-fitness.eu\/da\/vare\/evolve-krog-til-fastgoerelse-af-baand\/\",\"url\":\"https:\/\/evolve-fitness.eu\/da\/vare\/evolve-krog-til-fastgoerelse-af-baand\/\",\"name\":\"Evolve Band Hook Attachment (AT-RBA) - Evolve\",\"isPartOf\":{\"@id\":\"https:\/\/evolve-fitness.eu\/da\/#website\"},\"primaryImageOfPage\":{\"@id\":\"https:\/\/evolve-fitness.eu\/da\/vare\/evolve-krog-til-fastgoerelse-af-baand\/#primaryimage\"},\"image\":{\"@id\":\"https:\/\/evolve-fitness.eu\/da\/vare\/evolve-krog-til-fastgoerelse-af-baand\/#primaryimage\"},\"thumbnailUrl\":\"https:\/\/evolve-fitness.eu\/wp-content\/uploads\/2023\/12\/Evolve-Band-Hook-Attachment.png\",\"datePublished\":\"2023-12-13T11:30:08+00:00\",\"dateModified\":\"2026-04-08T11:57:24+00:00\",\"breadcrumb\":{\"@id\":\"https:\/\/evolve-fitness.eu\/da\/vare\/evolve-krog-til-fastgoerelse-af-baand\/#breadcrumb\"},\"inLanguage\":\"da-DK\",\"potentialAction\":[{\"@type\":\"ReadAction\",\"target\":[\"https:\/\/evolve-fitness.eu\/da\/vare\/evolve-krog-til-fastgoerelse-af-baand\/\"]}]},{\"@type\":\"ImageObject\",\"inLanguage\":\"da-DK\",\"@id\":\"https:\/\/evolve-fitness.eu\/da\/vare\/evolve-krog-til-fastgoerelse-af-baand\/#primaryimage\",\"url\":\"https:\/\/evolve-fitness.eu\/wp-content\/uploads\/2023\/12\/Evolve-Band-Hook-Attachment.png\",\"contentUrl\":\"https:\/\/evolve-fitness.eu\/wp-content\/uploads\/2023\/12\/Evolve-Band-Hook-Attachment.png\",\"width\":680,\"height\":600,\"caption\":\"ER-AT-RBA\"},{\"@type\":\"BreadcrumbList\",\"@id\":\"https:\/\/evolve-fitness.eu\/da\/vare\/evolve-krog-til-fastgoerelse-af-baand\/#breadcrumb\",\"itemListElement\":[{\"@type\":\"ListItem\",\"position\":1,\"name\":\"Home\",\"item\":\"https:\/\/evolve-fitness.eu\/da\/\"},{\"@type\":\"ListItem\",\"position\":2,\"name\":\"Produkter\",\"item\":\"https:\/\/evolve-fitness.eu\/da\/shop\/\"},{\"@type\":\"ListItem\",\"position\":3,\"name\":\"Evolve Band Hook Attachment (AT-RBA)\"}]},{\"@type\":\"WebSite\",\"@id\":\"https:\/\/evolve-fitness.eu\/da\/#website\",\"url\":\"https:\/\/evolve-fitness.eu\/da\/\",\"name\":\"Evolve\",\"description\":\"Your Evolved Gear Arrived\",\"publisher\":{\"@id\":\"https:\/\/evolve-fitness.eu\/da\/#organization\"},\"potentialAction\":[{\"@type\":\"SearchAction\",\"target\":{\"@type\":\"EntryPoint\",\"urlTemplate\":\"https:\/\/evolve-fitness.eu\/da\/?s={search_term_string}\"},\"query-input\":{\"@type\":\"PropertyValueSpecification\",\"valueRequired\":true,\"valueName\":\"search_term_string\"}}],\"inLanguage\":\"da-DK\"},{\"@type\":\"Organization\",\"@id\":\"https:\/\/evolve-fitness.eu\/da\/#organization\",\"name\":\"Evolve\",\"url\":\"https:\/\/evolve-fitness.eu\/da\/\",\"logo\":{\"@type\":\"ImageObject\",\"inLanguage\":\"da-DK\",\"@id\":\"https:\/\/evolve-fitness.eu\/da\/#\/schema\/logo\/image\/\",\"url\":\"https:\/\/evolve-fitness.eu\/wp-content\/uploads\/2023\/05\/Evolve-logo.svg\",\"contentUrl\":\"https:\/\/evolve-fitness.eu\/wp-content\/uploads\/2023\/05\/Evolve-logo.svg\",\"width\":176,\"height\":20,\"caption\":\"Evolve\"},\"image\":{\"@id\":\"https:\/\/evolve-fitness.eu\/da\/#\/schema\/logo\/image\/\"},\"sameAs\":[\"https:\/\/www.facebook.com\/EvolveFitnessEurope\"]}]}<\/script>\n<!-- \/ Yoast SEO plugin. -->","yoast_head_json":{"title":"Evolve Band Hook Attachment (AT-RBA) - Evolve","robots":{"index":"index","follow":"follow","max-snippet":"max-snippet:-1","max-image-preview":"max-image-preview:large","max-video-preview":"max-video-preview:-1"},"canonical":"https:\/\/evolve-fitness.eu\/da\/vare\/evolve-krog-til-fastgoerelse-af-baand\/","og_locale":"da_DK","og_type":"article","og_title":"Evolve Band Hook Attachment (AT-RBA) - Evolve","og_url":"https:\/\/evolve-fitness.eu\/da\/vare\/evolve-krog-til-fastgoerelse-af-baand\/","og_site_name":"Evolve","article_publisher":"https:\/\/www.facebook.com\/EvolveFitnessEurope","article_modified_time":"2026-04-08T11:57:24+00:00","og_image":[{"width":680,"height":600,"url":"https:\/\/evolve-fitness.eu\/wp-content\/uploads\/2023\/12\/Evolve-Band-Hook-Attachment.png","type":"image\/png"}],"twitter_card":"summary_large_image","schema":{"@context":"https:\/\/schema.org","@graph":[{"@type":"WebPage","@id":"https:\/\/evolve-fitness.eu\/da\/vare\/evolve-krog-til-fastgoerelse-af-baand\/","url":"https:\/\/evolve-fitness.eu\/da\/vare\/evolve-krog-til-fastgoerelse-af-baand\/","name":"Evolve Band Hook Attachment (AT-RBA) - Evolve","isPartOf":{"@id":"https:\/\/evolve-fitness.eu\/da\/#website"},"primaryImageOfPage":{"@id":"https:\/\/evolve-fitness.eu\/da\/vare\/evolve-krog-til-fastgoerelse-af-baand\/#primaryimage"},"image":{"@id":"https:\/\/evolve-fitness.eu\/da\/vare\/evolve-krog-til-fastgoerelse-af-baand\/#primaryimage"},"thumbnailUrl":"https:\/\/evolve-fitness.eu\/wp-content\/uploads\/2023\/12\/Evolve-Band-Hook-Attachment.png","datePublished":"2023-12-13T11:30:08+00:00","dateModified":"2026-04-08T11:57:24+00:00","breadcrumb":{"@id":"https:\/\/evolve-fitness.eu\/da\/vare\/evolve-krog-til-fastgoerelse-af-baand\/#breadcrumb"},"inLanguage":"da-DK","potentialAction":[{"@type":"ReadAction","target":["https:\/\/evolve-fitness.eu\/da\/vare\/evolve-krog-til-fastgoerelse-af-baand\/"]}]},{"@type":"ImageObject","inLanguage":"da-DK","@id":"https:\/\/evolve-fitness.eu\/da\/vare\/evolve-krog-til-fastgoerelse-af-baand\/#primaryimage","url":"https:\/\/evolve-fitness.eu\/wp-content\/uploads\/2023\/12\/Evolve-Band-Hook-Attachment.png","contentUrl":"https:\/\/evolve-fitness.eu\/wp-content\/uploads\/2023\/12\/Evolve-Band-Hook-Attachment.png","width":680,"height":600,"caption":"ER-AT-RBA"},{"@type":"BreadcrumbList","@id":"https:\/\/evolve-fitness.eu\/da\/vare\/evolve-krog-til-fastgoerelse-af-baand\/#breadcrumb","itemListElement":[{"@type":"ListItem","position":1,"name":"Home","item":"https:\/\/evolve-fitness.eu\/da\/"},{"@type":"ListItem","position":2,"name":"Produkter","item":"https:\/\/evolve-fitness.eu\/da\/shop\/"},{"@type":"ListItem","position":3,"name":"Evolve Band Hook Attachment (AT-RBA)"}]},{"@type":"WebSite","@id":"https:\/\/evolve-fitness.eu\/da\/#website","url":"https:\/\/evolve-fitness.eu\/da\/","name":"Evolve","description":"Your Evolved Gear Arrived","publisher":{"@id":"https:\/\/evolve-fitness.eu\/da\/#organization"},"potentialAction":[{"@type":"SearchAction","target":{"@type":"EntryPoint","urlTemplate":"https:\/\/evolve-fitness.eu\/da\/?s={search_term_string}"},"query-input":{"@type":"PropertyValueSpecification","valueRequired":true,"valueName":"search_term_string"}}],"inLanguage":"da-DK"},{"@type":"Organization","@id":"https:\/\/evolve-fitness.eu\/da\/#organization","name":"Evolve","url":"https:\/\/evolve-fitness.eu\/da\/","logo":{"@type":"ImageObject","inLanguage":"da-DK","@id":"https:\/\/evolve-fitness.eu\/da\/#\/schema\/logo\/image\/","url":"https:\/\/evolve-fitness.eu\/wp-content\/uploads\/2023\/05\/Evolve-logo.svg","contentUrl":"https:\/\/evolve-fitness.eu\/wp-content\/uploads\/2023\/05\/Evolve-logo.svg","width":176,"height":20,"caption":"Evolve"},"image":{"@id":"https:\/\/evolve-fitness.eu\/da\/#\/schema\/logo\/image\/"},"sameAs":["https:\/\/www.facebook.com\/EvolveFitnessEurope"]}]}},"_links":{"self":[{"href":"https:\/\/evolve-fitness.eu\/da\/wp-json\/wp\/v2\/product\/87081","targetHints":{"allow":["GET"]}}],"collection":[{"href":"https:\/\/evolve-fitness.eu\/da\/wp-json\/wp\/v2\/product"}],"about":[{"href":"https:\/\/evolve-fitness.eu\/da\/wp-json\/wp\/v2\/types\/product"}],"wp:featuredmedia":[{"embeddable":true,"href":"https:\/\/evolve-fitness.eu\/da\/wp-json\/wp\/v2\/media\/87085"}],"wp:attachment":[{"href":"https:\/\/evolve-fitness.eu\/da\/wp-json\/wp\/v2\/media?parent=87081"}],"wp:term":[{"taxonomy":"product_brand","embeddable":true,"href":"https:\/\/evolve-fitness.eu\/da\/wp-json\/wp\/v2\/product_brand?post=87081"},{"taxonomy":"product_cat","embeddable":true,"href":"https:\/\/evolve-fitness.eu\/da\/wp-json\/wp\/v2\/product_cat?post=87081"},{"taxonomy":"product_tag","embeddable":true,"href":"https:\/\/evolve-fitness.eu\/da\/wp-json\/wp\/v2\/product_tag?post=87081"}],"curies":[{"name":"wp","href":"https:\/\/api.w.org\/{rel}","templated":true}]}}