{"id":95925,"date":"2023-08-30T09:18:05","date_gmt":"2023-08-30T09:18:05","guid":{"rendered":"https:\/\/evolve-fitness.eu\/product\/evolve-ultra-series-selectorized-hip-thrust\/"},"modified":"2026-03-30T13:49:22","modified_gmt":"2026-03-30T10:49:22","slug":"evolve-ultra-series-selectorized-hip-thrust","status":"publish","type":"product","link":"https:\/\/evolve-fitness.eu\/da\/vare\/evolve-ultra-series-selectorized-hip-thrust\/","title":{"rendered":"Evolve Ultra Series Selectorized Hip Thrust"},"content":{"rendered":"\n<section class=\"wp-block-group alignfull has-lightgray-background-color has-background is-layout-constrained wp-block-group-is-layout-constrained\">\n<div class=\"wp-block-columns alignwide is-layout-flex wp-container-core-columns-is-layout-2edb0647 wp-block-columns-is-layout-flex\" style=\"margin-top:0;margin-bottom:0\">\n<div class=\"wp-block-column is-layout-flow wp-block-column-is-layout-flow\" style=\"flex-basis:33.33%\"><\/div>\n\n\n\n<div class=\"wp-block-column is-layout-flow wp-block-column-is-layout-flow\" style=\"flex-basis:66.66%\"><\/div>\n<\/div>\n<\/section>\n\n<section class=\"wp-block-group alignfull black-content has-white-color has-darkgray-background-color has-text-color has-background is-layout-constrained wp-block-group-is-layout-constrained\" style=\"padding-top:var(--wp--preset--spacing--section-bottom);padding-bottom:var(--wp--preset--spacing--section-bottom)\">\n<div class=\"wp-block-columns alignwide mobile-reverse is-layout-flex wp-container-core-columns-is-layout-ca64bf2d wp-block-columns-is-layout-flex\" style=\"margin-bottom:var(--wp--preset--spacing--side-padding)\">\n<div class=\"wp-block-column is-vertically-aligned-center is-layout-flow wp-block-column-is-layout-flow\">\n<h3 class=\"wp-block-heading\">Velkommen til Ultra-serien<\/h3>\n\n\n\n<p><strong><em>L\u00e6r vores Ultra Series-udstyr at kende med en topmoderne 3D 360-tur<\/em><\/strong><\/p>\n\n\n\n<p>Evolve Ultra Series Selectorized Leg-Press \/ Hack Squat, en del af Evolve Ultra Series, er bygget til b\u00e5de komfort og ydeevne. Maskinen er designet til alsidig tr\u00e6ning, ergonomisk st\u00f8tte og justeringsmuligheder for forskellige brugerst\u00f8rrelser. Designet er \u00e6stetisk tiltalende med en holdbar, pulverlakeret finish, og brugen af kabler af h\u00f8j kvalitet sikrer problemfri drift.<\/p>\n<\/div>\n\n\n\n<div class=\"wp-block-column is-vertically-aligned-center is-layout-flow wp-block-column-is-layout-flow\">\n<figure class=\"wp-block-video\"><video height=\"1080\" style=\"aspect-ratio: 1920 \/ 1080;\" width=\"1920\" autoplay=\"\" controls=\"\" loop=\"\" muted=\"\" src=\"https:\/\/evolve-fitness.eu\/wp-content\/uploads\/2023\/08\/Abduction-Adduction-Evolve-Ultra-Series-Selectorized-3.mp4\"><\/video><\/figure>\n<\/div>\n<\/div>\n\n\n\n<div class=\"wp-block-columns alignwide mobile-reverse is-layout-flex wp-container-core-columns-is-layout-ca64bf2d wp-block-columns-is-layout-flex\" style=\"margin-bottom:var(--wp--preset--spacing--side-padding)\">\n<div class=\"wp-block-column is-vertically-aligned-center is-layout-flow wp-block-column-is-layout-flow\">\n<figure class=\"wp-block-video\"><video height=\"1080\" style=\"aspect-ratio: 1920 \/ 1080;\" width=\"1920\" autoplay=\"\" controls=\"\" loop=\"\" muted=\"\" src=\"https:\/\/evolve-fitness.eu\/wp-content\/uploads\/2023\/08\/EV-SC-UL-220-Full.mp4\"><\/video><\/figure>\n<\/div>\n\n\n\n<div class=\"wp-block-column is-vertically-aligned-center is-layout-flow wp-block-column-is-layout-flow\">\n<h3 class=\"wp-block-heading\">Velkommen til Ultra-serien<\/h3>\n\n\n\n<p><strong><em>L\u00e6r vores Ultra Series-udstyr at kende med en topmoderne 3D 360-tur<\/em><\/strong><\/p>\n\n\n\n<p>Evolve Ultra Series Selectorized Leg-Press \/ Hack Squat, en del af Evolve Ultra Series, er bygget til b\u00e5de komfort og ydeevne. Maskinen er designet til alsidig tr\u00e6ning, ergonomisk st\u00f8tte og justeringsmuligheder for forskellige brugerst\u00f8rrelser. Designet er \u00e6stetisk tiltalende med en holdbar, pulverlakeret finish, og brugen af kabler af h\u00f8j kvalitet sikrer problemfri drift.<\/p>\n<\/div>\n<\/div>\n\n\n\n<div class=\"wp-block-columns alignwide mobile-reverse is-layout-flex wp-container-core-columns-is-layout-ca64bf2d wp-block-columns-is-layout-flex\" style=\"margin-bottom:var(--wp--preset--spacing--side-padding)\">\n<div class=\"wp-block-column is-vertically-aligned-center is-layout-flow wp-block-column-is-layout-flow\">\n<h3 class=\"wp-block-heading\" style=\"margin-bottom:var(--wp--preset--spacing--h-3-bottom)\">Maksimal komfort<\/h3>\n\n\n\n<p><em><strong>Formst\u00f8bte s\u00e6der til fitnessentusiaster<\/strong><\/em><\/p>\n\n\n\n<p style=\"margin-bottom:var(--wp--preset--spacing--tb-section-padding)\">For ejere af fitnesscentre og fitnessentusiaster er komfort altafg\u00f8rende. Med vores formst\u00f8bte s\u00e6der til fitnessentusiaster vil dine kunder opleve uovertruffen st\u00f8tte og komfort under deres tr\u00e6ning. Disse s\u00e6der handler ikke kun om komfort; de er bygget til holdbarhed, hvilket sikrer, at hver tr\u00e6ning er b\u00e5de effektiv og utrolig behagelig.<\/p>\n<\/div>\n\n\n\n<div class=\"wp-block-column is-vertically-aligned-center is-layout-flow wp-block-column-is-layout-flow\">\n<figure class=\"wp-block-video\"><video height=\"1080\" style=\"aspect-ratio: 1920 \/ 1080;\" width=\"1920\" autoplay=\"\" controls=\"\" loop=\"\" muted=\"\" src=\"https:\/\/evolve-fitness.eu\/wp-content\/uploads\/2024\/01\/EV-SC-UL-220-Seat.mp4\"><\/video><\/figure>\n<\/div>\n<\/div>\n\n\n\n<div class=\"wp-block-columns alignwide is-layout-flex wp-container-core-columns-is-layout-c45ee707 wp-block-columns-is-layout-flex\" style=\"margin-bottom:var(--wp--preset--spacing--side-padding);padding-top:var(--wp--preset--spacing--side-padding)\">\n<div class=\"wp-block-column is-vertically-aligned-center is-layout-flow wp-block-column-is-layout-flow\">\n<figure class=\"wp-block-video\"><video height=\"1080\" style=\"aspect-ratio: 1920 \/ 1080;\" width=\"1920\" autoplay=\"\" controls=\"\" loop=\"\" muted=\"\" src=\"https:\/\/evolve-fitness.eu\/wp-content\/uploads\/2023\/08\/EV-SC-UL-220-Stickers-Storage.mp4\"><\/video><\/figure>\n<\/div>\n\n\n\n<div class=\"wp-block-column is-vertically-aligned-center is-layout-flow wp-block-column-is-layout-flow\">\n<h3 class=\"wp-block-heading\"><strong>Opbevaring af tilbeh\u00f8r<\/strong><\/h3>\n\n\n\n<p><strong><em><strong><em>Sikker og let tilg\u00e6ngelig<\/em><\/strong><\/em><\/strong><\/p>\n\n\n\n<p>Mens du tr\u00e6ner, kan du nemt opbevare din vandflaske, telefon og personlige ejendele i Evolve Ultra-seriens maskiner, der er forsynet med dertil indrettede holdere. Disse specialdesignede rum er der for at sikre, at du har et sikkert og let tilg\u00e6ngeligt sted til dine ejendele under dine tr\u00e6ningspas.<\/p>\n\n\n\n<p><strong>\n  <em>\n    <strong>\n      <em>Tr\u00e6ning<\/em>\n    <\/strong>\n  <\/em>\n<\/strong> Klisterm\u00e6rke <strong>\n  <em>\n    <strong>\n      <em>dit visuelle hj\u00e6lpemiddel<\/em>\n    <\/strong>\n  <\/em>\n<\/strong><\/p>\n\n\n\n<p>Maskinerne i Evolve Ultra-serien har informative klisterm\u00e6rker, der fungerer som visuel hj\u00e6lp og g\u00f8r det nemmere for dig at navigere i maskinens funktioner, hvilket i sidste ende forbedrer din tr\u00e6ningsoplevelse. Derudover giver den v\u00e6rdifuld indsigt i de forskellige muskelgrupper, der effektivt kan tr\u00e6nes p\u00e5 maskinen, s\u00e5 du kan f\u00e5 mest muligt ud af din fitnessrutine ved at m\u00e5lrette mod specifikke interesseomr\u00e5der.<\/p>\n<\/div>\n<\/div>\n\n\n\n<div class=\"wp-block-columns alignwide are-vertically-aligned-center mobile-reverse is-layout-flex wp-container-core-columns-is-layout-9369c7e6 wp-block-columns-is-layout-flex\" style=\"margin-bottom:var(--wp--preset--spacing--tb-section-padding);padding-top:var(--wp--preset--spacing--side-padding)\">\n<div class=\"wp-block-column is-vertically-aligned-center is-layout-flow wp-block-column-is-layout-flow\">\n<h3 class=\"wp-block-heading\" style=\"margin-bottom:var(--wp--preset--spacing--h-3-bottom)\"><strong>Optimale h\u00e5ndgreb<\/strong><\/h3>\n\n\n\n<p><strong><em><strong><em>En bedre fitnessoplevelse<\/em><\/strong><\/em><\/strong><\/p>\n\n\n\n<p style=\"margin-bottom:var(--wp--preset--spacing--tb-section-padding)\">At tiltr\u00e6kke og fastholde kunder er afg\u00f8rende for ejere af fitnesscentre og ledere af fitnessfaciliteter. Omhyggeligt designet til komfort og sikkerhed. L\u00f8ft dine kunders tr\u00e6ningsoplevelse, hold dem engagerede og motiverede til at n\u00e5 deres fitnessm\u00e5l i dit center.<\/p>\n<\/div>\n\n\n\n<div class=\"wp-block-column is-vertically-aligned-center is-layout-flow wp-block-column-is-layout-flow\">\n<figure class=\"wp-block-video\"><video height=\"1080\" style=\"aspect-ratio: 1920 \/ 1080;\" width=\"1920\" autoplay=\"\" controls=\"\" loop=\"\" muted=\"\" src=\"https:\/\/evolve-fitness.eu\/wp-content\/uploads\/2023\/08\/EV-SC-UL-220Easy-Staart.mp4\"><\/video><\/figure>\n<\/div>\n<\/div>\n<\/section>\n","protected":false},"excerpt":{"rendered":"<p>L\u00f8ft tr\u00e6ningen af underkroppen med Evolve Ultra Series Selectorized Hip Thrust (UL-220). Nyd den ultimative komfort med formst\u00f8bte s\u00e6der, oplev muskelaktivering gennem uafh\u00e6ngige armbev\u00e6gelser, og s\u00f8rg for sikkerheden med en overd\u00e6kket v\u00e6gtstangsafsk\u00e6rmning. Med enh\u00e5ndsbetjent s\u00e6dejustering til problemfri tr\u00e6ningsovergange kombinerer denne maskine innovation og fitness problemfrit.<\/p>\n","protected":false},"featured_media":142238,"template":"","meta":{"_acf_changed":false,"inline_featured_image":false},"product_brand":[],"product_cat":[2556,3843],"product_tag":[],"class_list":{"0":"post-95925","1":"product","2":"type-product","3":"status-publish","4":"has-post-thumbnail","6":"product_cat-selekterede-maskiner","7":"product_cat-ultra-series-maskiner-med-valgfri-funktion","9":"first","10":"instock","11":"virtual","12":"purchasable","13":"product-type-simple"},"acf":{"long_title":"Evolve Ultra Series Selectorized Hip Thrust","subtitle":"","specifications":[{"label":"VARENUMMER","text_value":"EV-SC-UL-220","icon":"x"},{"label":"Dimensioner","text_value":"1830 x 1359 x 1602 mm","icon":"x"},{"label":"V\u00e6gt","text_value":"164 kg","icon":"x"},{"label":"V\u00e6gtstabel","text_value":"122,5 kg","icon":"x"},{"label":"\u00d8verste v\u00e6gtskive","text_value":"2 x 2,5 kg","icon":"x"},{"label":"Minimum modstand","text_value":"5 kg","icon":"x"},{"label":"Justerbar vinkel p\u00e5 hoftest\u00f8tten","text_value":"5","icon":"x"},{"label":"Justerbare startvinkelpositioner","text_value":"5","icon":"x"},{"label":"Maks. brugerv\u00e6gt","text_value":"180 kg","icon":"x"},{"label":"Ramme tykkelse","text_value":"3 mm","icon":"x"},{"label":"\u00d8verste v\u00e6gtskive","text_value":"","icon":"v"},{"label":"Justerbar position","text_value":"","icon":"v"},{"label":"Magnetisk v\u00e6gtstang","text_value":"2 \u00e5r","icon":"v"},{"label":"Farvestr\u00e5lende magnetisk v\u00e6gtstang til nem identifikation","text_value":"","icon":"v"},{"label":"Farvestr\u00e5lende justeringsh\u00e5ndtag for nem identifikation","text_value":"","icon":"v"},{"label":"Skilt med tr\u00e6ningsinstruktioner","text_value":"","icon":"v"},{"label":"Indkapslet v\u00e6gtstabel","text_value":"","icon":"v"},{"label":"Holdbare gulvbeskyttere","text_value":"2 \u00e5r","icon":"v"},{"label":"Korrosionsbeskyttende maling","text_value":"","icon":"v"},{"label":"Tyk polstring betrukket med PU-l\u00e6der  ","text_value":"","icon":"v"},{"label":"Nylonkabel","text_value":"","icon":"v"},{"label":"Skridsikker fodst\u00f8tte","text_value":"2 \u00e5r","icon":"v"},{"label":"Skridsikre h\u00e5ndtag","text_value":"2 \u00e5r","icon":"v"},{"label":"Vandflaske og etui til tilbeh\u00f8r","text_value":"","icon":"v"},{"label":"Garanti  ","text_value":"2 \u00e5r","icon":"x"}]},"yoast_head":"<!-- This site is optimized with the Yoast SEO plugin v26.6 - https:\/\/yoast.com\/wordpress\/plugins\/seo\/ -->\n<title>Evolve Ultra Series Selectorized Hip Thrust - Evolve<\/title>\n<meta name=\"robots\" content=\"index, follow, max-snippet:-1, max-image-preview:large, max-video-preview:-1\" \/>\n<link rel=\"canonical\" href=\"https:\/\/evolve-fitness.eu\/da\/vare\/evolve-ultra-series-selectorized-hip-thrust\/\" \/>\n<meta property=\"og:locale\" content=\"da_DK\" \/>\n<meta property=\"og:type\" content=\"article\" \/>\n<meta property=\"og:title\" content=\"Evolve Ultra Series Selectorized Hip Thrust - Evolve\" \/>\n<meta property=\"og:url\" content=\"https:\/\/evolve-fitness.eu\/da\/vare\/evolve-ultra-series-selectorized-hip-thrust\/\" \/>\n<meta property=\"og:site_name\" content=\"Evolve\" \/>\n<meta property=\"article:publisher\" content=\"https:\/\/www.facebook.com\/EvolveFitnessEurope\" \/>\n<meta property=\"article:modified_time\" content=\"2026-03-30T10:49:22+00:00\" \/>\n<meta property=\"og:image\" content=\"https:\/\/evolve-fitness.eu\/wp-content\/uploads\/2023\/08\/EV-SC-UL-220-2-1024x1024.png\" \/>\n\t<meta property=\"og:image:width\" content=\"1024\" \/>\n\t<meta property=\"og:image:height\" content=\"1024\" \/>\n\t<meta property=\"og:image:type\" content=\"image\/png\" \/>\n<meta name=\"twitter:card\" content=\"summary_large_image\" \/>\n<script type=\"application\/ld+json\" class=\"yoast-schema-graph\">{\"@context\":\"https:\/\/schema.org\",\"@graph\":[{\"@type\":\"WebPage\",\"@id\":\"https:\/\/evolve-fitness.eu\/da\/vare\/evolve-ultra-series-selectorized-hip-thrust\/\",\"url\":\"https:\/\/evolve-fitness.eu\/da\/vare\/evolve-ultra-series-selectorized-hip-thrust\/\",\"name\":\"Evolve Ultra Series Selectorized Hip Thrust - Evolve\",\"isPartOf\":{\"@id\":\"https:\/\/evolve-fitness.eu\/da\/#website\"},\"primaryImageOfPage\":{\"@id\":\"https:\/\/evolve-fitness.eu\/da\/vare\/evolve-ultra-series-selectorized-hip-thrust\/#primaryimage\"},\"image\":{\"@id\":\"https:\/\/evolve-fitness.eu\/da\/vare\/evolve-ultra-series-selectorized-hip-thrust\/#primaryimage\"},\"thumbnailUrl\":\"https:\/\/evolve-fitness.eu\/wp-content\/uploads\/2023\/08\/EV-SC-UL-220-2.png\",\"datePublished\":\"2023-08-30T09:18:05+00:00\",\"dateModified\":\"2026-03-30T10:49:22+00:00\",\"breadcrumb\":{\"@id\":\"https:\/\/evolve-fitness.eu\/da\/vare\/evolve-ultra-series-selectorized-hip-thrust\/#breadcrumb\"},\"inLanguage\":\"da-DK\",\"potentialAction\":[{\"@type\":\"ReadAction\",\"target\":[\"https:\/\/evolve-fitness.eu\/da\/vare\/evolve-ultra-series-selectorized-hip-thrust\/\"]}]},{\"@type\":\"ImageObject\",\"inLanguage\":\"da-DK\",\"@id\":\"https:\/\/evolve-fitness.eu\/da\/vare\/evolve-ultra-series-selectorized-hip-thrust\/#primaryimage\",\"url\":\"https:\/\/evolve-fitness.eu\/wp-content\/uploads\/2023\/08\/EV-SC-UL-220-2.png\",\"contentUrl\":\"https:\/\/evolve-fitness.eu\/wp-content\/uploads\/2023\/08\/EV-SC-UL-220-2.png\",\"width\":3000,\"height\":3000},{\"@type\":\"BreadcrumbList\",\"@id\":\"https:\/\/evolve-fitness.eu\/da\/vare\/evolve-ultra-series-selectorized-hip-thrust\/#breadcrumb\",\"itemListElement\":[{\"@type\":\"ListItem\",\"position\":1,\"name\":\"Home\",\"item\":\"https:\/\/evolve-fitness.eu\/da\/\"},{\"@type\":\"ListItem\",\"position\":2,\"name\":\"Produkter\",\"item\":\"https:\/\/evolve-fitness.eu\/da\/shop\/\"},{\"@type\":\"ListItem\",\"position\":3,\"name\":\"Evolve Ultra Series Selectorized Hip Thrust\"}]},{\"@type\":\"WebSite\",\"@id\":\"https:\/\/evolve-fitness.eu\/da\/#website\",\"url\":\"https:\/\/evolve-fitness.eu\/da\/\",\"name\":\"Evolve\",\"description\":\"Your Evolved Gear Arrived\",\"publisher\":{\"@id\":\"https:\/\/evolve-fitness.eu\/da\/#organization\"},\"potentialAction\":[{\"@type\":\"SearchAction\",\"target\":{\"@type\":\"EntryPoint\",\"urlTemplate\":\"https:\/\/evolve-fitness.eu\/da\/?s={search_term_string}\"},\"query-input\":{\"@type\":\"PropertyValueSpecification\",\"valueRequired\":true,\"valueName\":\"search_term_string\"}}],\"inLanguage\":\"da-DK\"},{\"@type\":\"Organization\",\"@id\":\"https:\/\/evolve-fitness.eu\/da\/#organization\",\"name\":\"Evolve\",\"url\":\"https:\/\/evolve-fitness.eu\/da\/\",\"logo\":{\"@type\":\"ImageObject\",\"inLanguage\":\"da-DK\",\"@id\":\"https:\/\/evolve-fitness.eu\/da\/#\/schema\/logo\/image\/\",\"url\":\"https:\/\/evolve-fitness.eu\/wp-content\/uploads\/2023\/05\/Evolve-logo.svg\",\"contentUrl\":\"https:\/\/evolve-fitness.eu\/wp-content\/uploads\/2023\/05\/Evolve-logo.svg\",\"width\":176,\"height\":20,\"caption\":\"Evolve\"},\"image\":{\"@id\":\"https:\/\/evolve-fitness.eu\/da\/#\/schema\/logo\/image\/\"},\"sameAs\":[\"https:\/\/www.facebook.com\/EvolveFitnessEurope\"]}]}<\/script>\n<!-- \/ Yoast SEO plugin. -->","yoast_head_json":{"title":"Evolve Ultra Series Selectorized Hip Thrust - Evolve","robots":{"index":"index","follow":"follow","max-snippet":"max-snippet:-1","max-image-preview":"max-image-preview:large","max-video-preview":"max-video-preview:-1"},"canonical":"https:\/\/evolve-fitness.eu\/da\/vare\/evolve-ultra-series-selectorized-hip-thrust\/","og_locale":"da_DK","og_type":"article","og_title":"Evolve Ultra Series Selectorized Hip Thrust - Evolve","og_url":"https:\/\/evolve-fitness.eu\/da\/vare\/evolve-ultra-series-selectorized-hip-thrust\/","og_site_name":"Evolve","article_publisher":"https:\/\/www.facebook.com\/EvolveFitnessEurope","article_modified_time":"2026-03-30T10:49:22+00:00","og_image":[{"width":1024,"height":1024,"url":"https:\/\/evolve-fitness.eu\/wp-content\/uploads\/2023\/08\/EV-SC-UL-220-2-1024x1024.png","type":"image\/png"}],"twitter_card":"summary_large_image","schema":{"@context":"https:\/\/schema.org","@graph":[{"@type":"WebPage","@id":"https:\/\/evolve-fitness.eu\/da\/vare\/evolve-ultra-series-selectorized-hip-thrust\/","url":"https:\/\/evolve-fitness.eu\/da\/vare\/evolve-ultra-series-selectorized-hip-thrust\/","name":"Evolve Ultra Series Selectorized Hip Thrust - Evolve","isPartOf":{"@id":"https:\/\/evolve-fitness.eu\/da\/#website"},"primaryImageOfPage":{"@id":"https:\/\/evolve-fitness.eu\/da\/vare\/evolve-ultra-series-selectorized-hip-thrust\/#primaryimage"},"image":{"@id":"https:\/\/evolve-fitness.eu\/da\/vare\/evolve-ultra-series-selectorized-hip-thrust\/#primaryimage"},"thumbnailUrl":"https:\/\/evolve-fitness.eu\/wp-content\/uploads\/2023\/08\/EV-SC-UL-220-2.png","datePublished":"2023-08-30T09:18:05+00:00","dateModified":"2026-03-30T10:49:22+00:00","breadcrumb":{"@id":"https:\/\/evolve-fitness.eu\/da\/vare\/evolve-ultra-series-selectorized-hip-thrust\/#breadcrumb"},"inLanguage":"da-DK","potentialAction":[{"@type":"ReadAction","target":["https:\/\/evolve-fitness.eu\/da\/vare\/evolve-ultra-series-selectorized-hip-thrust\/"]}]},{"@type":"ImageObject","inLanguage":"da-DK","@id":"https:\/\/evolve-fitness.eu\/da\/vare\/evolve-ultra-series-selectorized-hip-thrust\/#primaryimage","url":"https:\/\/evolve-fitness.eu\/wp-content\/uploads\/2023\/08\/EV-SC-UL-220-2.png","contentUrl":"https:\/\/evolve-fitness.eu\/wp-content\/uploads\/2023\/08\/EV-SC-UL-220-2.png","width":3000,"height":3000},{"@type":"BreadcrumbList","@id":"https:\/\/evolve-fitness.eu\/da\/vare\/evolve-ultra-series-selectorized-hip-thrust\/#breadcrumb","itemListElement":[{"@type":"ListItem","position":1,"name":"Home","item":"https:\/\/evolve-fitness.eu\/da\/"},{"@type":"ListItem","position":2,"name":"Produkter","item":"https:\/\/evolve-fitness.eu\/da\/shop\/"},{"@type":"ListItem","position":3,"name":"Evolve Ultra Series Selectorized Hip Thrust"}]},{"@type":"WebSite","@id":"https:\/\/evolve-fitness.eu\/da\/#website","url":"https:\/\/evolve-fitness.eu\/da\/","name":"Evolve","description":"Your Evolved Gear Arrived","publisher":{"@id":"https:\/\/evolve-fitness.eu\/da\/#organization"},"potentialAction":[{"@type":"SearchAction","target":{"@type":"EntryPoint","urlTemplate":"https:\/\/evolve-fitness.eu\/da\/?s={search_term_string}"},"query-input":{"@type":"PropertyValueSpecification","valueRequired":true,"valueName":"search_term_string"}}],"inLanguage":"da-DK"},{"@type":"Organization","@id":"https:\/\/evolve-fitness.eu\/da\/#organization","name":"Evolve","url":"https:\/\/evolve-fitness.eu\/da\/","logo":{"@type":"ImageObject","inLanguage":"da-DK","@id":"https:\/\/evolve-fitness.eu\/da\/#\/schema\/logo\/image\/","url":"https:\/\/evolve-fitness.eu\/wp-content\/uploads\/2023\/05\/Evolve-logo.svg","contentUrl":"https:\/\/evolve-fitness.eu\/wp-content\/uploads\/2023\/05\/Evolve-logo.svg","width":176,"height":20,"caption":"Evolve"},"image":{"@id":"https:\/\/evolve-fitness.eu\/da\/#\/schema\/logo\/image\/"},"sameAs":["https:\/\/www.facebook.com\/EvolveFitnessEurope"]}]}},"_links":{"self":[{"href":"https:\/\/evolve-fitness.eu\/da\/wp-json\/wp\/v2\/product\/95925","targetHints":{"allow":["GET"]}}],"collection":[{"href":"https:\/\/evolve-fitness.eu\/da\/wp-json\/wp\/v2\/product"}],"about":[{"href":"https:\/\/evolve-fitness.eu\/da\/wp-json\/wp\/v2\/types\/product"}],"wp:featuredmedia":[{"embeddable":true,"href":"https:\/\/evolve-fitness.eu\/da\/wp-json\/wp\/v2\/media\/142238"}],"wp:attachment":[{"href":"https:\/\/evolve-fitness.eu\/da\/wp-json\/wp\/v2\/media?parent=95925"}],"wp:term":[{"taxonomy":"product_brand","embeddable":true,"href":"https:\/\/evolve-fitness.eu\/da\/wp-json\/wp\/v2\/product_brand?post=95925"},{"taxonomy":"product_cat","embeddable":true,"href":"https:\/\/evolve-fitness.eu\/da\/wp-json\/wp\/v2\/product_cat?post=95925"},{"taxonomy":"product_tag","embeddable":true,"href":"https:\/\/evolve-fitness.eu\/da\/wp-json\/wp\/v2\/product_tag?post=95925"}],"curies":[{"name":"wp","href":"https:\/\/api.w.org\/{rel}","templated":true}]}}