{"id":98356,"date":"2024-02-02T06:30:45","date_gmt":"2024-02-02T06:30:45","guid":{"rendered":"https:\/\/evolve-fitness.eu\/product\/evolve-prime-series-glute-ham-baenk\/"},"modified":"2025-10-03T13:01:37","modified_gmt":"2025-10-03T13:01:37","slug":"evolve-prime-series-glute-ham-baenk","status":"publish","type":"product","link":"https:\/\/evolve-fitness.eu\/da\/vare\/evolve-prime-series-glute-ham-baenk\/","title":{"rendered":"Evolve Prime Series Glute Ham-b\u00e6nk (PR-320)"},"content":{"rendered":"\n<section class=\"wp-block-group alignfull black-content has-white-color has-darkgray-background-color has-text-color has-background is-layout-constrained wp-block-group-is-layout-constrained\" style=\"padding-top:var(--wp--preset--spacing--section-bottom);padding-bottom:var(--wp--preset--spacing--section-bottom)\">\n<div class=\"wp-block-columns alignwide mobile-reverse is-layout-flex wp-container-core-columns-is-layout-ca64bf2d wp-block-columns-is-layout-flex\" style=\"margin-bottom:var(--wp--preset--spacing--side-padding)\">\n<div class=\"wp-block-column is-vertically-aligned-center is-layout-flow wp-block-column-is-layout-flow\">\n<h3 class=\"wp-block-heading\" style=\"margin-bottom:var(--wp--preset--spacing--h-3-bottom)\"><strong><strong><strong><strong><strong><strong><strong>Holdbar og kan tilpasses<\/strong><\/strong><\/strong><\/strong><\/strong><\/strong><\/strong><\/h3>\n\n\n\n<p><strong><em><strong><em><strong><strong><strong><strong><strong>Fitnessb\u00e6nke<\/strong><\/strong><\/strong><\/strong><\/strong><\/em><\/strong><\/em><\/strong><\/p>\n\n\n\n<p style=\"margin-bottom:var(--wp--preset--spacing--tb-section-padding)\">Giv dit fitnessrum et l\u00f8ft med vores Evolve-b\u00e6nke. Disse b\u00e6nke er fremstillet med et solidt metalstel ved hj\u00e6lp af avanceret elektrostatisk spr\u00f8jteteknologi med termoh\u00e6rdende pulver og er bygget til at holde. Det robuste design sikrer, at de kan holde til kravene fra hjemmebrugere, professionelle fitnesscentre og kommercielle fitnessfaciliteter, herunder milit\u00e6rbaser, hoteller, vandrerhjem og rehabiliteringscentre.<\/p>\n\n\n\n<h3 class=\"wp-block-heading\" style=\"margin-bottom:var(--wp--preset--spacing--h-3-bottom)\"><strong>Funktionel<\/strong> <strong>Stabilitet<\/strong><\/h3>\n\n\n\n<p><strong><em><strong><em><strong><strong><strong><strong><strong>PVC-betr\u00e6k<\/strong><\/strong><\/strong><\/strong><\/strong><\/em><\/strong><\/em><\/strong><\/p>\n\n\n\n<p>Vores Evolve-b\u00e6nke har bl\u00f8de PVC-overtr\u00e6k p\u00e5 f\u00f8dderne for at beskytte dine gulve og give exceptionel stabilitet under selv de mest intense tr\u00e6ninger. Du kan regne med, at disse b\u00e6nke giver en helkrops tr\u00e6ningsoplevelse med maksimal stabilitet. Den bl\u00f8de og behagelige polstring er fyldt med t\u00e6t, elastisk skum, der ikke mister formen med tiden. Desuden er den bekl\u00e6dt med kraftigt PU-l\u00e6der af h\u00f8j kvalitet, som giver en lang holdbarhed.<\/p>\n<\/div>\n\n\n\n<div class=\"wp-block-column is-vertically-aligned-center is-layout-flow wp-block-column-is-layout-flow\">\n<figure class=\"wp-block-image size-large\"><img loading=\"lazy\" decoding=\"async\" width=\"683\" height=\"1024\" src=\"https:\/\/evolve-fitness.eu\/wp-content\/uploads\/2023\/09\/A7_07059-683x1024.jpg\" alt=\"\" class=\"wp-image-8273\" srcset=\"https:\/\/evolve-fitness.eu\/wp-content\/uploads\/2023\/09\/A7_07059-683x1024.jpg 683w, https:\/\/evolve-fitness.eu\/wp-content\/uploads\/2023\/09\/A7_07059-300x450.jpg 300w, https:\/\/evolve-fitness.eu\/wp-content\/uploads\/2023\/09\/A7_07059-100x150.jpg 100w, https:\/\/evolve-fitness.eu\/wp-content\/uploads\/2023\/09\/A7_07059-600x900.jpg 600w, https:\/\/evolve-fitness.eu\/wp-content\/uploads\/2023\/09\/A7_07059-200x300.jpg 200w, https:\/\/evolve-fitness.eu\/wp-content\/uploads\/2023\/09\/A7_07059-768x1152.jpg 768w, https:\/\/evolve-fitness.eu\/wp-content\/uploads\/2023\/09\/A7_07059-1024x1536.jpg 1024w, https:\/\/evolve-fitness.eu\/wp-content\/uploads\/2023\/09\/A7_07059.jpg 1280w\" sizes=\"auto, (max-width: 683px) 100vw, 683px\" \/><\/figure>\n<\/div>\n<\/div>\n\n\n\n<div class=\"wp-block-columns alignwide is-layout-flex wp-container-core-columns-is-layout-c45ee707 wp-block-columns-is-layout-flex\" style=\"margin-bottom:var(--wp--preset--spacing--side-padding);padding-top:var(--wp--preset--spacing--side-padding)\">\n<div class=\"wp-block-column is-vertically-aligned-center is-layout-flow wp-block-column-is-layout-flow\">\n<figure class=\"wp-block-image size-large\"><img decoding=\"async\" src=\"https:\/\/store.evolve-fitness.eu\/wp-content\/uploads\/2024\/06\/Dizainas-be-pavadinimo-27-3-1024x1024.png\" alt=\"\" class=\"wp-image-78931\"\/><\/figure>\n<\/div>\n\n\n\n<div class=\"wp-block-column is-vertically-aligned-center is-layout-flow wp-block-column-is-layout-flow\">\n<h3 class=\"wp-block-heading\" style=\"margin-bottom:var(--wp--preset--spacing--h-3-bottom)\"><strong>Skr\u00e6ddersyet til dit brand<\/strong><\/h3>\n\n\n\n<p><strong><em><strong><em>Match din indvendige farvesammens\u00e6tning<\/em><\/strong><\/em><\/strong><\/p>\n\n\n\n<p style=\"margin-bottom:var(--wp--preset--spacing--tb-section-padding)\">Styrk dit fitnesscenters brandimage ved at v\u00e6lge udstyr fra Evolve. Vi tilbyder tilpasningsmuligheder, s\u00e5 de passer til dit interi\u00f8rfarveskema. Du kan endda tilpasse rammens og polstringens farver, s\u00e5 de passer perfekt ind i dit hjems \u00e6stetik. F\u00e5 det fitnessudstyr, du har ventet p\u00e5 &#8211; holdbart, stilfuldt og skr\u00e6ddersyet til dine specifikke behov. V\u00e6lg Evolve for at f\u00e5 f\u00f8rsteklasses fitnessudstyr, der udm\u00e6rker sig i kommercielle milj\u00f8er og supplerer din designvision.<\/p>\n<\/div>\n<\/div>\n<\/section>\n","protected":false},"excerpt":{"rendered":"<p>Evolve Prime Series Glute Ham Bench, et premiumprodukt fra Evolve Fitness, er indbegrebet af b\u00e5de innovation og holdbarhed inden for tr\u00e6ningsudstyr. Denne b\u00e6nk er specielt designet til at forbedre tr\u00e6ningen af underkroppen og rammer effektivt balle- og hasemusklerne. Den robuste konstruktion og det ergonomiske design sikrer b\u00e5de komfort og stabilitet for brugere p\u00e5 alle fitnessniveauer. Evolve Prime Series Glute Ham Bench er ideel til kommercielle fitnesscentre og seri\u00f8se hjemmefitnessentusiaster og er et bevis p\u00e5 Evolve Fitness&#8217; engagement i effektive fitnessl\u00f8sninger af h\u00f8j kvalitet. Dette udstyr er et must-have for dem, der \u00f8nsker at forbedre deres styrketr\u00e6ningsprogram.<\/p>\n","protected":false},"featured_media":98357,"template":"","meta":{"_acf_changed":true,"inline_featured_image":false},"product_brand":[],"product_cat":[1123,1852],"product_tag":[1126,1864,1873,1856,1906,1898,1859,3868,1887,1868,1880,1912],"class_list":{"0":"post-98356","1":"product","2":"type-product","3":"status-publish","4":"has-post-thumbnail","6":"product_cat-baenke","7":"product_cat-prime-series-baenke","8":"product_tag-baenk","9":"product_tag-hoftestod","10":"product_tag-komfort-da","11":"product_tag-kommercielt-fitnesscenter","12":"product_tag-kraftig-da","13":"product_tag-olympisk-baenk","14":"product_tag-praecision","15":"product_tag-sissy-squat-og-curl-baenk","16":"product_tag-skum-med-hoj-densitet","17":"product_tag-styrke","18":"product_tag-styrketraening","19":"product_tag-traeningscenter-til-hjemmebrug","21":"first","22":"instock","23":"shipping-taxable","24":"purchasable","25":"product-type-simple"},"acf":{"long_title":"Evolve Prime Series Glute Ham-b\u00e6nk  (PR-320)","subtitle":"","specifications":[{"label":"VARENUMMER","text_value":"EV-BN-PR-320","icon":"x"},{"label":"L\u00e6ngde","text_value":"1584 mm","icon":"x"},{"label":"Bredde","text_value":"972 mm","icon":"x"},{"label":"H\u00f8jde","text_value":"1477 mm","icon":"x"},{"label":"V\u00e6gt","text_value":"110 kg","icon":"x"},{"label":"Holdbare gulvbeskyttere","text_value":"","icon":"x"},{"label":"Tyk polstring","text_value":"","icon":"x"},{"label":"Garanti  ","text_value":"2 \u00e5r","icon":"x"},{"label":"","text_value":"","icon":"v"},{"label":"","text_value":"","icon":"v"},{"label":"","text_value":"","icon":"x"}]},"yoast_head":"<!-- This site is optimized with the Yoast SEO plugin v26.6 - https:\/\/yoast.com\/wordpress\/plugins\/seo\/ -->\n<title>Evolve Prime Series Glute Ham-b\u00e6nk (PR-320) - Evolve<\/title>\n<meta name=\"robots\" content=\"index, follow, max-snippet:-1, max-image-preview:large, max-video-preview:-1\" \/>\n<link rel=\"canonical\" href=\"https:\/\/evolve-fitness.eu\/da\/vare\/evolve-prime-series-glute-ham-baenk\/\" \/>\n<meta property=\"og:locale\" content=\"da_DK\" \/>\n<meta property=\"og:type\" content=\"article\" \/>\n<meta property=\"og:title\" content=\"Evolve Prime Series Glute Ham-b\u00e6nk (PR-320) - Evolve\" \/>\n<meta property=\"og:url\" content=\"https:\/\/evolve-fitness.eu\/da\/vare\/evolve-prime-series-glute-ham-baenk\/\" \/>\n<meta property=\"og:site_name\" content=\"Evolve\" \/>\n<meta property=\"article:publisher\" content=\"https:\/\/www.facebook.com\/EvolveFitnessEurope\" \/>\n<meta property=\"article:modified_time\" content=\"2025-10-03T13:01:37+00:00\" \/>\n<meta property=\"og:image\" content=\"https:\/\/evolve-fitness.eu\/wp-content\/uploads\/2024\/02\/Evolve-Prime-Series-Glute-Ham-Bench.png\" \/>\n\t<meta property=\"og:image:width\" content=\"680\" \/>\n\t<meta property=\"og:image:height\" content=\"600\" \/>\n\t<meta property=\"og:image:type\" content=\"image\/png\" \/>\n<meta name=\"twitter:card\" content=\"summary_large_image\" \/>\n<script type=\"application\/ld+json\" class=\"yoast-schema-graph\">{\"@context\":\"https:\/\/schema.org\",\"@graph\":[{\"@type\":\"WebPage\",\"@id\":\"https:\/\/evolve-fitness.eu\/da\/vare\/evolve-prime-series-glute-ham-baenk\/\",\"url\":\"https:\/\/evolve-fitness.eu\/da\/vare\/evolve-prime-series-glute-ham-baenk\/\",\"name\":\"Evolve Prime Series Glute Ham-b\u00e6nk (PR-320) - Evolve\",\"isPartOf\":{\"@id\":\"https:\/\/evolve-fitness.eu\/da\/#website\"},\"primaryImageOfPage\":{\"@id\":\"https:\/\/evolve-fitness.eu\/da\/vare\/evolve-prime-series-glute-ham-baenk\/#primaryimage\"},\"image\":{\"@id\":\"https:\/\/evolve-fitness.eu\/da\/vare\/evolve-prime-series-glute-ham-baenk\/#primaryimage\"},\"thumbnailUrl\":\"https:\/\/evolve-fitness.eu\/wp-content\/uploads\/2024\/02\/Evolve-Prime-Series-Glute-Ham-Bench.png\",\"datePublished\":\"2024-02-02T06:30:45+00:00\",\"dateModified\":\"2025-10-03T13:01:37+00:00\",\"breadcrumb\":{\"@id\":\"https:\/\/evolve-fitness.eu\/da\/vare\/evolve-prime-series-glute-ham-baenk\/#breadcrumb\"},\"inLanguage\":\"da-DK\",\"potentialAction\":[{\"@type\":\"ReadAction\",\"target\":[\"https:\/\/evolve-fitness.eu\/da\/vare\/evolve-prime-series-glute-ham-baenk\/\"]}]},{\"@type\":\"ImageObject\",\"inLanguage\":\"da-DK\",\"@id\":\"https:\/\/evolve-fitness.eu\/da\/vare\/evolve-prime-series-glute-ham-baenk\/#primaryimage\",\"url\":\"https:\/\/evolve-fitness.eu\/wp-content\/uploads\/2024\/02\/Evolve-Prime-Series-Glute-Ham-Bench.png\",\"contentUrl\":\"https:\/\/evolve-fitness.eu\/wp-content\/uploads\/2024\/02\/Evolve-Prime-Series-Glute-Ham-Bench.png\",\"width\":680,\"height\":600,\"caption\":\"EV-BN-PR-320\"},{\"@type\":\"BreadcrumbList\",\"@id\":\"https:\/\/evolve-fitness.eu\/da\/vare\/evolve-prime-series-glute-ham-baenk\/#breadcrumb\",\"itemListElement\":[{\"@type\":\"ListItem\",\"position\":1,\"name\":\"Home\",\"item\":\"https:\/\/evolve-fitness.eu\/da\/\"},{\"@type\":\"ListItem\",\"position\":2,\"name\":\"Produkter\",\"item\":\"https:\/\/evolve-fitness.eu\/da\/shop\/\"},{\"@type\":\"ListItem\",\"position\":3,\"name\":\"Evolve Prime Series Glute Ham-b\u00e6nk (PR-320)\"}]},{\"@type\":\"WebSite\",\"@id\":\"https:\/\/evolve-fitness.eu\/da\/#website\",\"url\":\"https:\/\/evolve-fitness.eu\/da\/\",\"name\":\"Evolve\",\"description\":\"Your Evolved Gear Arrived\",\"publisher\":{\"@id\":\"https:\/\/evolve-fitness.eu\/da\/#organization\"},\"potentialAction\":[{\"@type\":\"SearchAction\",\"target\":{\"@type\":\"EntryPoint\",\"urlTemplate\":\"https:\/\/evolve-fitness.eu\/da\/?s={search_term_string}\"},\"query-input\":{\"@type\":\"PropertyValueSpecification\",\"valueRequired\":true,\"valueName\":\"search_term_string\"}}],\"inLanguage\":\"da-DK\"},{\"@type\":\"Organization\",\"@id\":\"https:\/\/evolve-fitness.eu\/da\/#organization\",\"name\":\"Evolve\",\"url\":\"https:\/\/evolve-fitness.eu\/da\/\",\"logo\":{\"@type\":\"ImageObject\",\"inLanguage\":\"da-DK\",\"@id\":\"https:\/\/evolve-fitness.eu\/da\/#\/schema\/logo\/image\/\",\"url\":\"https:\/\/evolve-fitness.eu\/wp-content\/uploads\/2023\/05\/Evolve-logo.svg\",\"contentUrl\":\"https:\/\/evolve-fitness.eu\/wp-content\/uploads\/2023\/05\/Evolve-logo.svg\",\"width\":176,\"height\":20,\"caption\":\"Evolve\"},\"image\":{\"@id\":\"https:\/\/evolve-fitness.eu\/da\/#\/schema\/logo\/image\/\"},\"sameAs\":[\"https:\/\/www.facebook.com\/EvolveFitnessEurope\"]}]}<\/script>\n<!-- \/ Yoast SEO plugin. -->","yoast_head_json":{"title":"Evolve Prime Series Glute Ham-b\u00e6nk (PR-320) - Evolve","robots":{"index":"index","follow":"follow","max-snippet":"max-snippet:-1","max-image-preview":"max-image-preview:large","max-video-preview":"max-video-preview:-1"},"canonical":"https:\/\/evolve-fitness.eu\/da\/vare\/evolve-prime-series-glute-ham-baenk\/","og_locale":"da_DK","og_type":"article","og_title":"Evolve Prime Series Glute Ham-b\u00e6nk (PR-320) - Evolve","og_url":"https:\/\/evolve-fitness.eu\/da\/vare\/evolve-prime-series-glute-ham-baenk\/","og_site_name":"Evolve","article_publisher":"https:\/\/www.facebook.com\/EvolveFitnessEurope","article_modified_time":"2025-10-03T13:01:37+00:00","og_image":[{"width":680,"height":600,"url":"https:\/\/evolve-fitness.eu\/wp-content\/uploads\/2024\/02\/Evolve-Prime-Series-Glute-Ham-Bench.png","type":"image\/png"}],"twitter_card":"summary_large_image","schema":{"@context":"https:\/\/schema.org","@graph":[{"@type":"WebPage","@id":"https:\/\/evolve-fitness.eu\/da\/vare\/evolve-prime-series-glute-ham-baenk\/","url":"https:\/\/evolve-fitness.eu\/da\/vare\/evolve-prime-series-glute-ham-baenk\/","name":"Evolve Prime Series Glute Ham-b\u00e6nk (PR-320) - Evolve","isPartOf":{"@id":"https:\/\/evolve-fitness.eu\/da\/#website"},"primaryImageOfPage":{"@id":"https:\/\/evolve-fitness.eu\/da\/vare\/evolve-prime-series-glute-ham-baenk\/#primaryimage"},"image":{"@id":"https:\/\/evolve-fitness.eu\/da\/vare\/evolve-prime-series-glute-ham-baenk\/#primaryimage"},"thumbnailUrl":"https:\/\/evolve-fitness.eu\/wp-content\/uploads\/2024\/02\/Evolve-Prime-Series-Glute-Ham-Bench.png","datePublished":"2024-02-02T06:30:45+00:00","dateModified":"2025-10-03T13:01:37+00:00","breadcrumb":{"@id":"https:\/\/evolve-fitness.eu\/da\/vare\/evolve-prime-series-glute-ham-baenk\/#breadcrumb"},"inLanguage":"da-DK","potentialAction":[{"@type":"ReadAction","target":["https:\/\/evolve-fitness.eu\/da\/vare\/evolve-prime-series-glute-ham-baenk\/"]}]},{"@type":"ImageObject","inLanguage":"da-DK","@id":"https:\/\/evolve-fitness.eu\/da\/vare\/evolve-prime-series-glute-ham-baenk\/#primaryimage","url":"https:\/\/evolve-fitness.eu\/wp-content\/uploads\/2024\/02\/Evolve-Prime-Series-Glute-Ham-Bench.png","contentUrl":"https:\/\/evolve-fitness.eu\/wp-content\/uploads\/2024\/02\/Evolve-Prime-Series-Glute-Ham-Bench.png","width":680,"height":600,"caption":"EV-BN-PR-320"},{"@type":"BreadcrumbList","@id":"https:\/\/evolve-fitness.eu\/da\/vare\/evolve-prime-series-glute-ham-baenk\/#breadcrumb","itemListElement":[{"@type":"ListItem","position":1,"name":"Home","item":"https:\/\/evolve-fitness.eu\/da\/"},{"@type":"ListItem","position":2,"name":"Produkter","item":"https:\/\/evolve-fitness.eu\/da\/shop\/"},{"@type":"ListItem","position":3,"name":"Evolve Prime Series Glute Ham-b\u00e6nk (PR-320)"}]},{"@type":"WebSite","@id":"https:\/\/evolve-fitness.eu\/da\/#website","url":"https:\/\/evolve-fitness.eu\/da\/","name":"Evolve","description":"Your Evolved Gear Arrived","publisher":{"@id":"https:\/\/evolve-fitness.eu\/da\/#organization"},"potentialAction":[{"@type":"SearchAction","target":{"@type":"EntryPoint","urlTemplate":"https:\/\/evolve-fitness.eu\/da\/?s={search_term_string}"},"query-input":{"@type":"PropertyValueSpecification","valueRequired":true,"valueName":"search_term_string"}}],"inLanguage":"da-DK"},{"@type":"Organization","@id":"https:\/\/evolve-fitness.eu\/da\/#organization","name":"Evolve","url":"https:\/\/evolve-fitness.eu\/da\/","logo":{"@type":"ImageObject","inLanguage":"da-DK","@id":"https:\/\/evolve-fitness.eu\/da\/#\/schema\/logo\/image\/","url":"https:\/\/evolve-fitness.eu\/wp-content\/uploads\/2023\/05\/Evolve-logo.svg","contentUrl":"https:\/\/evolve-fitness.eu\/wp-content\/uploads\/2023\/05\/Evolve-logo.svg","width":176,"height":20,"caption":"Evolve"},"image":{"@id":"https:\/\/evolve-fitness.eu\/da\/#\/schema\/logo\/image\/"},"sameAs":["https:\/\/www.facebook.com\/EvolveFitnessEurope"]}]}},"_links":{"self":[{"href":"https:\/\/evolve-fitness.eu\/da\/wp-json\/wp\/v2\/product\/98356","targetHints":{"allow":["GET"]}}],"collection":[{"href":"https:\/\/evolve-fitness.eu\/da\/wp-json\/wp\/v2\/product"}],"about":[{"href":"https:\/\/evolve-fitness.eu\/da\/wp-json\/wp\/v2\/types\/product"}],"wp:featuredmedia":[{"embeddable":true,"href":"https:\/\/evolve-fitness.eu\/da\/wp-json\/wp\/v2\/media\/98357"}],"wp:attachment":[{"href":"https:\/\/evolve-fitness.eu\/da\/wp-json\/wp\/v2\/media?parent=98356"}],"wp:term":[{"taxonomy":"product_brand","embeddable":true,"href":"https:\/\/evolve-fitness.eu\/da\/wp-json\/wp\/v2\/product_brand?post=98356"},{"taxonomy":"product_cat","embeddable":true,"href":"https:\/\/evolve-fitness.eu\/da\/wp-json\/wp\/v2\/product_cat?post=98356"},{"taxonomy":"product_tag","embeddable":true,"href":"https:\/\/evolve-fitness.eu\/da\/wp-json\/wp\/v2\/product_tag?post=98356"}],"curies":[{"name":"wp","href":"https:\/\/api.w.org\/{rel}","templated":true}]}}