{"id":98369,"date":"2023-11-21T06:39:11","date_gmt":"2023-11-21T06:39:11","guid":{"rendered":"https:\/\/evolve-fitness.eu\/product\/evolve-econ-series-olympisk-stang-220-cm-20-kg\/"},"modified":"2026-04-09T15:28:39","modified_gmt":"2026-04-09T12:28:39","slug":"evolve-econ-series-olympisk-stang-220-cm-20-kg","status":"publish","type":"product","link":"https:\/\/evolve-fitness.eu\/da\/vare\/evolve-econ-series-olympisk-stang-220-cm-20-kg\/","title":{"rendered":"Evolve Econ Series olympisk stang &#8211; 220 cm \/ 20 kg (EC-220)"},"content":{"rendered":"\n<section class=\"wp-block-group alignfull has-lightgray-background-color has-background is-layout-constrained wp-block-group-is-layout-constrained\">\n<div class=\"wp-block-columns alignwide is-layout-flex wp-container-core-columns-is-layout-2edb0647 wp-block-columns-is-layout-flex\" style=\"margin-top:0;margin-bottom:0\">\n<div class=\"wp-block-column is-layout-flow wp-block-column-is-layout-flow\" style=\"flex-basis:33.33%\"><\/div>\n\n\n\n<div class=\"wp-block-column is-layout-flow wp-block-column-is-layout-flow\" style=\"flex-basis:66.66%\"><\/div>\n<\/div>\n<\/section>\n\n<section class=\"wp-block-group alignfull black-content has-white-color has-darkgray-background-color has-text-color has-background is-layout-constrained wp-block-group-is-layout-constrained\" style=\"padding-top:var(--wp--preset--spacing--section-bottom);padding-bottom:var(--wp--preset--spacing--section-bottom)\">\n<h3 class=\"wp-block-heading has-text-align-center\" style=\"margin-bottom:var(--wp--preset--spacing--tb-section-padding)\">Teknisk kort<\/h3>\n\n\n\n<div class=\"wp-block-columns alignwide mobile-reverse is-layout-flex wp-container-core-columns-is-layout-ca64bf2d wp-block-columns-is-layout-flex\" style=\"margin-bottom:var(--wp--preset--spacing--side-padding)\">\n<div class=\"wp-block-column is-layout-flow wp-block-column-is-layout-flow\">\n<figure class=\"wp-block-image aligncenter size-large is-style-rounded\"><img loading=\"lazy\" decoding=\"async\" width=\"1024\" height=\"683\" src=\"https:\/\/evolve-fitness.eu\/wp-content\/uploads\/2023\/11\/EV-OB-EC-220-TC-1024x683.jpg\" alt=\"\" class=\"wp-image-194902\" srcset=\"https:\/\/evolve-fitness.eu\/wp-content\/uploads\/2023\/11\/EV-OB-EC-220-TC-1024x683.jpg 1024w, https:\/\/evolve-fitness.eu\/wp-content\/uploads\/2023\/11\/EV-OB-EC-220-TC-300x200.jpg 300w, https:\/\/evolve-fitness.eu\/wp-content\/uploads\/2023\/11\/EV-OB-EC-220-TC-150x100.jpg 150w, https:\/\/evolve-fitness.eu\/wp-content\/uploads\/2023\/11\/EV-OB-EC-220-TC-768x512.jpg 768w, https:\/\/evolve-fitness.eu\/wp-content\/uploads\/2023\/11\/EV-OB-EC-220-TC-1536x1024.jpg 1536w, https:\/\/evolve-fitness.eu\/wp-content\/uploads\/2023\/11\/EV-OB-EC-220-TC-2048x1365.jpg 2048w, https:\/\/evolve-fitness.eu\/wp-content\/uploads\/2023\/11\/EV-OB-EC-220-TC-600x400.jpg 600w, https:\/\/evolve-fitness.eu\/wp-content\/uploads\/2023\/11\/EV-OB-EC-220-TC-225x150.jpg 225w\" sizes=\"auto, (max-width: 1024px) 100vw, 1024px\" \/><\/figure>\n<\/div>\n<\/div>\n<\/section>\n","protected":false},"excerpt":{"rendered":"<p>Opgrader din v\u00e6gtl\u00f8ftningsoplevelse med Evolve Econ Series Olympic Bar, der m\u00e5ler imponerende 220 cm og vejer 20 kg (varekode: EV-OB-EC-220). Denne f\u00f8rsteklasses olympiske v\u00e6gtstang er fremstillet af eksperter til at opfylde de strenge krav til b\u00e5de tung kommerciel brug og de mest kr\u00e6sne hjemmebrugere. Den robuste konstruktion med n\u00e5le- og kuglelejer sikrer en j\u00e6vn og ensartet rotation, som giver en bedre l\u00f8fteoplevelse. Med en maksimal belastningskapacitet p\u00e5 400 kg og en stangdiameter p\u00e5 \u00d828 mm er denne stang designet til dem, der tager deres tr\u00e6ning alvorligt. Kromfinishen p\u00e5 b\u00e5de den indvendige stang og v\u00e6gtb\u00f8sningens overflader giver holdbarhed og et elegant look. V\u00e6gtskiveb\u00f8sningens diameter p\u00e5 \u00d8 50 mm g\u00f8r den kompatibel med en lang r\u00e6kke v\u00e6gtskiver.     <\/p>\n","protected":false},"featured_media":98370,"template":"","meta":{"_acf_changed":false,"inline_featured_image":false},"product_brand":[],"product_cat":[13036,1462,5008],"product_tag":[],"class_list":{"0":"post-98369","1":"product","2":"type-product","3":"status-publish","4":"has-post-thumbnail","6":"product_cat-hyrox-gear","7":"product_cat-frie-vaegte","8":"product_cat-barer-og-tilbehor","10":"first","11":"instock","12":"shipping-taxable","13":"purchasable","14":"product-type-simple"},"acf":{"long_title":"Evolve Econ Series olympisk stang - 220 cm \/ 20 kg (EC-220)","subtitle":"","specifications":[{"label":"VARENUMMER","text_value":"EV-OB-EC-220","icon":"x"},{"label":"V\u00e6gt","text_value":"20 kg","icon":"v"},{"label":"Garanti","text_value":"2 \u00e5r","icon":"v"},{"label":"Maks. belastning","text_value":"400 kg","icon":"v"},{"label":"Diameter p\u00e5 v\u00e6gtpladens b\u00f8sning","text_value":"\u00d8 50 mm","icon":"v"},{"label":"L\u00e6ngde","text_value":"2200 mm","icon":"v"},{"label":"Indvendig stangdiameter","text_value":"\u00d8 28 mm","icon":"v"},{"label":"Lejer og b\u00f8sninger","text_value":"N\u00e5le- og kuglelejer","icon":"v"},{"label":"Stangens indre overflade","text_value":"Krom","icon":"v"},{"label":"V\u00e6gtstangens overflade","text_value":"Krom","icon":"v"}]},"yoast_head":"<!-- This site is optimized with the Yoast SEO plugin v26.6 - https:\/\/yoast.com\/wordpress\/plugins\/seo\/ -->\n<title>Evolve Econ Series olympisk stang - 220 cm \/ 20 kg (EC-220) - Evolve<\/title>\n<meta name=\"robots\" content=\"index, follow, max-snippet:-1, max-image-preview:large, max-video-preview:-1\" \/>\n<link rel=\"canonical\" href=\"https:\/\/evolve-fitness.eu\/da\/vare\/evolve-econ-series-olympisk-stang-220-cm-20-kg\/\" \/>\n<meta property=\"og:locale\" content=\"da_DK\" \/>\n<meta property=\"og:type\" content=\"article\" \/>\n<meta property=\"og:title\" content=\"Evolve Econ Series olympisk stang - 220 cm \/ 20 kg (EC-220) - Evolve\" \/>\n<meta property=\"og:url\" content=\"https:\/\/evolve-fitness.eu\/da\/vare\/evolve-econ-series-olympisk-stang-220-cm-20-kg\/\" \/>\n<meta property=\"og:site_name\" content=\"Evolve\" \/>\n<meta property=\"article:publisher\" content=\"https:\/\/www.facebook.com\/EvolveFitnessEurope\" \/>\n<meta property=\"article:modified_time\" content=\"2026-04-09T12:28:39+00:00\" \/>\n<meta property=\"og:image\" content=\"https:\/\/evolve-fitness.eu\/wp-content\/uploads\/2023\/11\/Evolve-Econ-Series-Olympic-Bar-220-cm.png\" \/>\n\t<meta property=\"og:image:width\" content=\"680\" \/>\n\t<meta property=\"og:image:height\" content=\"600\" \/>\n\t<meta property=\"og:image:type\" content=\"image\/png\" \/>\n<meta name=\"twitter:card\" content=\"summary_large_image\" \/>\n<script type=\"application\/ld+json\" class=\"yoast-schema-graph\">{\"@context\":\"https:\/\/schema.org\",\"@graph\":[{\"@type\":\"WebPage\",\"@id\":\"https:\/\/evolve-fitness.eu\/da\/vare\/evolve-econ-series-olympisk-stang-220-cm-20-kg\/\",\"url\":\"https:\/\/evolve-fitness.eu\/da\/vare\/evolve-econ-series-olympisk-stang-220-cm-20-kg\/\",\"name\":\"Evolve Econ Series olympisk stang - 220 cm \/ 20 kg (EC-220) - Evolve\",\"isPartOf\":{\"@id\":\"https:\/\/evolve-fitness.eu\/da\/#website\"},\"primaryImageOfPage\":{\"@id\":\"https:\/\/evolve-fitness.eu\/da\/vare\/evolve-econ-series-olympisk-stang-220-cm-20-kg\/#primaryimage\"},\"image\":{\"@id\":\"https:\/\/evolve-fitness.eu\/da\/vare\/evolve-econ-series-olympisk-stang-220-cm-20-kg\/#primaryimage\"},\"thumbnailUrl\":\"https:\/\/evolve-fitness.eu\/wp-content\/uploads\/2023\/11\/Evolve-Econ-Series-Olympic-Bar-220-cm.png\",\"datePublished\":\"2023-11-21T06:39:11+00:00\",\"dateModified\":\"2026-04-09T12:28:39+00:00\",\"breadcrumb\":{\"@id\":\"https:\/\/evolve-fitness.eu\/da\/vare\/evolve-econ-series-olympisk-stang-220-cm-20-kg\/#breadcrumb\"},\"inLanguage\":\"da-DK\",\"potentialAction\":[{\"@type\":\"ReadAction\",\"target\":[\"https:\/\/evolve-fitness.eu\/da\/vare\/evolve-econ-series-olympisk-stang-220-cm-20-kg\/\"]}]},{\"@type\":\"ImageObject\",\"inLanguage\":\"da-DK\",\"@id\":\"https:\/\/evolve-fitness.eu\/da\/vare\/evolve-econ-series-olympisk-stang-220-cm-20-kg\/#primaryimage\",\"url\":\"https:\/\/evolve-fitness.eu\/wp-content\/uploads\/2023\/11\/Evolve-Econ-Series-Olympic-Bar-220-cm.png\",\"contentUrl\":\"https:\/\/evolve-fitness.eu\/wp-content\/uploads\/2023\/11\/Evolve-Econ-Series-Olympic-Bar-220-cm.png\",\"width\":680,\"height\":600,\"caption\":\"EV-OB-EC-220\"},{\"@type\":\"BreadcrumbList\",\"@id\":\"https:\/\/evolve-fitness.eu\/da\/vare\/evolve-econ-series-olympisk-stang-220-cm-20-kg\/#breadcrumb\",\"itemListElement\":[{\"@type\":\"ListItem\",\"position\":1,\"name\":\"Home\",\"item\":\"https:\/\/evolve-fitness.eu\/da\/\"},{\"@type\":\"ListItem\",\"position\":2,\"name\":\"Produkter\",\"item\":\"https:\/\/evolve-fitness.eu\/da\/shop\/\"},{\"@type\":\"ListItem\",\"position\":3,\"name\":\"Evolve Econ Series olympisk stang &#8211; 220 cm \/ 20 kg (EC-220)\"}]},{\"@type\":\"WebSite\",\"@id\":\"https:\/\/evolve-fitness.eu\/da\/#website\",\"url\":\"https:\/\/evolve-fitness.eu\/da\/\",\"name\":\"Evolve\",\"description\":\"Your Evolved Gear Arrived\",\"publisher\":{\"@id\":\"https:\/\/evolve-fitness.eu\/da\/#organization\"},\"potentialAction\":[{\"@type\":\"SearchAction\",\"target\":{\"@type\":\"EntryPoint\",\"urlTemplate\":\"https:\/\/evolve-fitness.eu\/da\/?s={search_term_string}\"},\"query-input\":{\"@type\":\"PropertyValueSpecification\",\"valueRequired\":true,\"valueName\":\"search_term_string\"}}],\"inLanguage\":\"da-DK\"},{\"@type\":\"Organization\",\"@id\":\"https:\/\/evolve-fitness.eu\/da\/#organization\",\"name\":\"Evolve\",\"url\":\"https:\/\/evolve-fitness.eu\/da\/\",\"logo\":{\"@type\":\"ImageObject\",\"inLanguage\":\"da-DK\",\"@id\":\"https:\/\/evolve-fitness.eu\/da\/#\/schema\/logo\/image\/\",\"url\":\"https:\/\/evolve-fitness.eu\/wp-content\/uploads\/2023\/05\/Evolve-logo.svg\",\"contentUrl\":\"https:\/\/evolve-fitness.eu\/wp-content\/uploads\/2023\/05\/Evolve-logo.svg\",\"width\":176,\"height\":20,\"caption\":\"Evolve\"},\"image\":{\"@id\":\"https:\/\/evolve-fitness.eu\/da\/#\/schema\/logo\/image\/\"},\"sameAs\":[\"https:\/\/www.facebook.com\/EvolveFitnessEurope\"]}]}<\/script>\n<!-- \/ Yoast SEO plugin. -->","yoast_head_json":{"title":"Evolve Econ Series olympisk stang - 220 cm \/ 20 kg (EC-220) - Evolve","robots":{"index":"index","follow":"follow","max-snippet":"max-snippet:-1","max-image-preview":"max-image-preview:large","max-video-preview":"max-video-preview:-1"},"canonical":"https:\/\/evolve-fitness.eu\/da\/vare\/evolve-econ-series-olympisk-stang-220-cm-20-kg\/","og_locale":"da_DK","og_type":"article","og_title":"Evolve Econ Series olympisk stang - 220 cm \/ 20 kg (EC-220) - Evolve","og_url":"https:\/\/evolve-fitness.eu\/da\/vare\/evolve-econ-series-olympisk-stang-220-cm-20-kg\/","og_site_name":"Evolve","article_publisher":"https:\/\/www.facebook.com\/EvolveFitnessEurope","article_modified_time":"2026-04-09T12:28:39+00:00","og_image":[{"width":680,"height":600,"url":"https:\/\/evolve-fitness.eu\/wp-content\/uploads\/2023\/11\/Evolve-Econ-Series-Olympic-Bar-220-cm.png","type":"image\/png"}],"twitter_card":"summary_large_image","schema":{"@context":"https:\/\/schema.org","@graph":[{"@type":"WebPage","@id":"https:\/\/evolve-fitness.eu\/da\/vare\/evolve-econ-series-olympisk-stang-220-cm-20-kg\/","url":"https:\/\/evolve-fitness.eu\/da\/vare\/evolve-econ-series-olympisk-stang-220-cm-20-kg\/","name":"Evolve Econ Series olympisk stang - 220 cm \/ 20 kg (EC-220) - Evolve","isPartOf":{"@id":"https:\/\/evolve-fitness.eu\/da\/#website"},"primaryImageOfPage":{"@id":"https:\/\/evolve-fitness.eu\/da\/vare\/evolve-econ-series-olympisk-stang-220-cm-20-kg\/#primaryimage"},"image":{"@id":"https:\/\/evolve-fitness.eu\/da\/vare\/evolve-econ-series-olympisk-stang-220-cm-20-kg\/#primaryimage"},"thumbnailUrl":"https:\/\/evolve-fitness.eu\/wp-content\/uploads\/2023\/11\/Evolve-Econ-Series-Olympic-Bar-220-cm.png","datePublished":"2023-11-21T06:39:11+00:00","dateModified":"2026-04-09T12:28:39+00:00","breadcrumb":{"@id":"https:\/\/evolve-fitness.eu\/da\/vare\/evolve-econ-series-olympisk-stang-220-cm-20-kg\/#breadcrumb"},"inLanguage":"da-DK","potentialAction":[{"@type":"ReadAction","target":["https:\/\/evolve-fitness.eu\/da\/vare\/evolve-econ-series-olympisk-stang-220-cm-20-kg\/"]}]},{"@type":"ImageObject","inLanguage":"da-DK","@id":"https:\/\/evolve-fitness.eu\/da\/vare\/evolve-econ-series-olympisk-stang-220-cm-20-kg\/#primaryimage","url":"https:\/\/evolve-fitness.eu\/wp-content\/uploads\/2023\/11\/Evolve-Econ-Series-Olympic-Bar-220-cm.png","contentUrl":"https:\/\/evolve-fitness.eu\/wp-content\/uploads\/2023\/11\/Evolve-Econ-Series-Olympic-Bar-220-cm.png","width":680,"height":600,"caption":"EV-OB-EC-220"},{"@type":"BreadcrumbList","@id":"https:\/\/evolve-fitness.eu\/da\/vare\/evolve-econ-series-olympisk-stang-220-cm-20-kg\/#breadcrumb","itemListElement":[{"@type":"ListItem","position":1,"name":"Home","item":"https:\/\/evolve-fitness.eu\/da\/"},{"@type":"ListItem","position":2,"name":"Produkter","item":"https:\/\/evolve-fitness.eu\/da\/shop\/"},{"@type":"ListItem","position":3,"name":"Evolve Econ Series olympisk stang &#8211; 220 cm \/ 20 kg (EC-220)"}]},{"@type":"WebSite","@id":"https:\/\/evolve-fitness.eu\/da\/#website","url":"https:\/\/evolve-fitness.eu\/da\/","name":"Evolve","description":"Your Evolved Gear Arrived","publisher":{"@id":"https:\/\/evolve-fitness.eu\/da\/#organization"},"potentialAction":[{"@type":"SearchAction","target":{"@type":"EntryPoint","urlTemplate":"https:\/\/evolve-fitness.eu\/da\/?s={search_term_string}"},"query-input":{"@type":"PropertyValueSpecification","valueRequired":true,"valueName":"search_term_string"}}],"inLanguage":"da-DK"},{"@type":"Organization","@id":"https:\/\/evolve-fitness.eu\/da\/#organization","name":"Evolve","url":"https:\/\/evolve-fitness.eu\/da\/","logo":{"@type":"ImageObject","inLanguage":"da-DK","@id":"https:\/\/evolve-fitness.eu\/da\/#\/schema\/logo\/image\/","url":"https:\/\/evolve-fitness.eu\/wp-content\/uploads\/2023\/05\/Evolve-logo.svg","contentUrl":"https:\/\/evolve-fitness.eu\/wp-content\/uploads\/2023\/05\/Evolve-logo.svg","width":176,"height":20,"caption":"Evolve"},"image":{"@id":"https:\/\/evolve-fitness.eu\/da\/#\/schema\/logo\/image\/"},"sameAs":["https:\/\/www.facebook.com\/EvolveFitnessEurope"]}]}},"_links":{"self":[{"href":"https:\/\/evolve-fitness.eu\/da\/wp-json\/wp\/v2\/product\/98369","targetHints":{"allow":["GET"]}}],"collection":[{"href":"https:\/\/evolve-fitness.eu\/da\/wp-json\/wp\/v2\/product"}],"about":[{"href":"https:\/\/evolve-fitness.eu\/da\/wp-json\/wp\/v2\/types\/product"}],"wp:featuredmedia":[{"embeddable":true,"href":"https:\/\/evolve-fitness.eu\/da\/wp-json\/wp\/v2\/media\/98370"}],"wp:attachment":[{"href":"https:\/\/evolve-fitness.eu\/da\/wp-json\/wp\/v2\/media?parent=98369"}],"wp:term":[{"taxonomy":"product_brand","embeddable":true,"href":"https:\/\/evolve-fitness.eu\/da\/wp-json\/wp\/v2\/product_brand?post=98369"},{"taxonomy":"product_cat","embeddable":true,"href":"https:\/\/evolve-fitness.eu\/da\/wp-json\/wp\/v2\/product_cat?post=98369"},{"taxonomy":"product_tag","embeddable":true,"href":"https:\/\/evolve-fitness.eu\/da\/wp-json\/wp\/v2\/product_tag?post=98369"}],"curies":[{"name":"wp","href":"https:\/\/api.w.org\/{rel}","templated":true}]}}