{"id":98504,"date":"2023-11-21T07:51:21","date_gmt":"2023-11-21T07:51:21","guid":{"rendered":"https:\/\/evolve-fitness.eu\/product\/evolve-prime-series-olympisk-stang-til-kvinder-201-cm-15-kg\/"},"modified":"2026-04-09T15:25:21","modified_gmt":"2026-04-09T12:25:21","slug":"evolve-prime-series-olympisk-stang-til-kvinder-201-cm-15-kg","status":"publish","type":"product","link":"https:\/\/evolve-fitness.eu\/da\/vare\/evolve-prime-series-olympisk-stang-til-kvinder-201-cm-15-kg\/","title":{"rendered":"Evolve Prime Series Olympic Women Bar &#8211; 201 cm \/ 15 kg (PR-201)"},"content":{"rendered":"\n<section class=\"wp-block-group alignfull has-lightgray-background-color has-background is-layout-constrained wp-block-group-is-layout-constrained\">\n<div class=\"wp-block-columns alignwide is-layout-flex wp-container-core-columns-is-layout-2edb0647 wp-block-columns-is-layout-flex\" style=\"margin-top:0;margin-bottom:0\">\n<div class=\"wp-block-column is-layout-flow wp-block-column-is-layout-flow\" style=\"flex-basis:33.33%\"><\/div>\n\n\n\n<div class=\"wp-block-column is-layout-flow wp-block-column-is-layout-flow\" style=\"flex-basis:66.66%\"><\/div>\n<\/div>\n<\/section>\n\n<section class=\"wp-block-group alignfull black-content has-white-color has-darkgray-background-color has-text-color has-background is-layout-constrained wp-block-group-is-layout-constrained\" style=\"padding-top:var(--wp--preset--spacing--section-bottom);padding-bottom:var(--wp--preset--spacing--section-bottom)\">\n<div class=\"wp-block-columns alignwide mobile-reverse is-layout-flex wp-container-core-columns-is-layout-ca64bf2d wp-block-columns-is-layout-flex\" style=\"margin-bottom:var(--wp--preset--spacing--side-padding)\">\n<div class=\"wp-block-column is-vertically-aligned-center is-layout-flow wp-block-column-is-layout-flow\">\n<h3 class=\"wp-block-heading\" style=\"margin-bottom:var(--wp--preset--spacing--h-3-bottom)\"><strong>Innovativt vinklet design<\/strong><\/h3>\n\n\n\n<p><strong><em>H\u00f8jtydende bar<\/em><\/strong><\/p>\n\n\n\n<p style=\"margin-bottom:var(--wp--preset--spacing--tb-section-padding)\">Evolve Prime Series Olympic Women&#8217;s Barbell er designet til h\u00f8jintensiv tr\u00e6ning og kommerciel brug. Den er ideel til \u00f8velser som snatches, cleans og d\u00f8dl\u00f8ft og har en robust konstruktion. Denne v\u00e6gtstang er perfekt til b\u00e5de professionelle atleter og dedikerede fitnessentusiaster og forbedrer styrketr\u00e6ningsrutinerne med p\u00e5lidelighed og pr\u00e6cision.<\/p>\n<\/div>\n\n\n\n<div class=\"wp-block-column is-vertically-aligned-center is-layout-flow wp-block-column-is-layout-flow\">\n<figure class=\"wp-block-video\"><video height=\"1080\" style=\"aspect-ratio: 1920 \/ 1080;\" width=\"1920\" autoplay=\"\" controls=\"\" loop=\"\" muted=\"\" src=\"https:\/\/evolve-fitness.eu\/wp-content\/uploads\/2024\/07\/women-bar.mp4\"><\/video><\/figure>\n<\/div>\n<\/div>\n<\/section>\n","protected":false},"excerpt":{"rendered":"<p>Evolve Prime Series Olympic Women&#8217;s Barbell er med sine 201 cm og 15 kg et mesterv\u00e6rk inden for styrketr\u00e6ningsudstyr. Denne v\u00e6gtstang er specielt konstrueret til b\u00e5de h\u00f8jintensiv hjemmetr\u00e6ning og h\u00e5rd kommerciel brug og skiller sig ud med sin robuste konstruktion med 6 n\u00e5le- og 2 kuglelejer parret med kobberb\u00f8sninger. Dette design sikrer enest\u00e5ende holdbarhed og en j\u00e6vn rotation, der kan h\u00e5ndtere en maksimal belastning p\u00e5 op til 900 kg. Med en diameter p\u00e5 50 mm p\u00e5 v\u00e6gtskivens b\u00f8sning, en skarp IWF-standardknold, der giver et sikkert greb, og en elegant kromfinish p\u00e5 b\u00e5de den indvendige stang og v\u00e6gtb\u00f8sningens overflade, er det et ideelt valg for seri\u00f8se l\u00f8ftere. Derudover leveres v\u00e6gtstangen med en betryggende 2-\u00e5rs garanti. Uanset om du er professionel atlet eller fitnessentusiast, er Evolve Prime Series Olympic Women&#8217;s Barbell bygget til at im\u00f8dekomme alle dine l\u00f8ftebehov.<\/p>\n","protected":false},"featured_media":75946,"template":"","meta":{"_acf_changed":false,"inline_featured_image":false},"product_brand":[],"product_cat":[13036,1462,5008],"product_tag":[],"class_list":{"0":"post-98504","1":"product","2":"type-product","3":"status-publish","4":"has-post-thumbnail","6":"product_cat-hyrox-gear","7":"product_cat-frie-vaegte","8":"product_cat-barer-og-tilbehor","10":"first","11":"instock","12":"shipping-taxable","13":"purchasable","14":"product-type-simple"},"acf":{"long_title":"Evolve Prime Series Olympic Women Bar - 201 cm \/ 15 kg (PR-201)","subtitle":"","specifications":[{"label":"VARENUMMER","text_value":"EV-OB-PR-201","icon":"x"},{"label":"V\u00e6gt","text_value":"15 kg","icon":"v"},{"label":"Garanti","text_value":"2 \u00e5r","icon":"v"},{"label":"Maks. belastning","text_value":"900 kg","icon":"v"},{"label":"Diameter p\u00e5 v\u00e6gtpladens b\u00f8sning","text_value":"\u00d8 51 mm","icon":"v"},{"label":"L\u00e6ngde","text_value":"2010 mm","icon":"v"},{"label":"Indvendig stangdiameter","text_value":"\u00d8 25 mm","icon":"v"},{"label":"Lejer og b\u00f8sninger","text_value":"N\u00e5lelejer og b\u00f8sninger","icon":"v"},{"label":"Stangens indre overflade","text_value":"Krom","icon":"v"},{"label":"V\u00e6gtstangens overflade","text_value":"Krom","icon":"v"},{"label":"B\u00f8sningsl\u00e6ngde til v\u00e6gte","text_value":"320 mm","icon":"v"},{"label":"Dybde p\u00e5 stangens krumning","text_value":"1,5 mm","icon":"v"},{"label":"Type af stangrulle","text_value":"IMF","icon":"v"},{"label":"Skarphed i stangen","text_value":"Skarp","icon":"v"}]},"yoast_head":"<!-- This site is optimized with the Yoast SEO plugin v26.6 - https:\/\/yoast.com\/wordpress\/plugins\/seo\/ -->\n<title>Evolve Prime Series Olympic Women Bar - 201 cm \/ 15 kg (PR-201) - Evolve<\/title>\n<meta name=\"robots\" content=\"index, follow, max-snippet:-1, max-image-preview:large, max-video-preview:-1\" \/>\n<link rel=\"canonical\" href=\"https:\/\/evolve-fitness.eu\/da\/vare\/evolve-prime-series-olympisk-stang-til-kvinder-201-cm-15-kg\/\" \/>\n<meta property=\"og:locale\" content=\"da_DK\" \/>\n<meta property=\"og:type\" content=\"article\" \/>\n<meta property=\"og:title\" content=\"Evolve Prime Series Olympic Women Bar - 201 cm \/ 15 kg (PR-201) - Evolve\" \/>\n<meta property=\"og:url\" content=\"https:\/\/evolve-fitness.eu\/da\/vare\/evolve-prime-series-olympisk-stang-til-kvinder-201-cm-15-kg\/\" \/>\n<meta property=\"og:site_name\" content=\"Evolve\" \/>\n<meta property=\"article:publisher\" content=\"https:\/\/www.facebook.com\/EvolveFitnessEurope\" \/>\n<meta property=\"article:modified_time\" content=\"2026-04-09T12:25:21+00:00\" \/>\n<meta property=\"og:image\" content=\"https:\/\/evolve-fitness.eu\/wp-content\/uploads\/2023\/11\/Evolve-Prime-Series-Olympic-Women-Bar-201-cm-1.png\" \/>\n\t<meta property=\"og:image:width\" content=\"680\" \/>\n\t<meta property=\"og:image:height\" content=\"600\" \/>\n\t<meta property=\"og:image:type\" content=\"image\/png\" \/>\n<meta name=\"twitter:card\" content=\"summary_large_image\" \/>\n<script type=\"application\/ld+json\" class=\"yoast-schema-graph\">{\"@context\":\"https:\/\/schema.org\",\"@graph\":[{\"@type\":\"WebPage\",\"@id\":\"https:\/\/evolve-fitness.eu\/da\/vare\/evolve-prime-series-olympisk-stang-til-kvinder-201-cm-15-kg\/\",\"url\":\"https:\/\/evolve-fitness.eu\/da\/vare\/evolve-prime-series-olympisk-stang-til-kvinder-201-cm-15-kg\/\",\"name\":\"Evolve Prime Series Olympic Women Bar - 201 cm \/ 15 kg (PR-201) - Evolve\",\"isPartOf\":{\"@id\":\"https:\/\/evolve-fitness.eu\/da\/#website\"},\"primaryImageOfPage\":{\"@id\":\"https:\/\/evolve-fitness.eu\/da\/vare\/evolve-prime-series-olympisk-stang-til-kvinder-201-cm-15-kg\/#primaryimage\"},\"image\":{\"@id\":\"https:\/\/evolve-fitness.eu\/da\/vare\/evolve-prime-series-olympisk-stang-til-kvinder-201-cm-15-kg\/#primaryimage\"},\"thumbnailUrl\":\"https:\/\/evolve-fitness.eu\/wp-content\/uploads\/2023\/11\/Evolve-Prime-Series-Olympic-Women-Bar-201-cm-1.png\",\"datePublished\":\"2023-11-21T07:51:21+00:00\",\"dateModified\":\"2026-04-09T12:25:21+00:00\",\"breadcrumb\":{\"@id\":\"https:\/\/evolve-fitness.eu\/da\/vare\/evolve-prime-series-olympisk-stang-til-kvinder-201-cm-15-kg\/#breadcrumb\"},\"inLanguage\":\"da-DK\",\"potentialAction\":[{\"@type\":\"ReadAction\",\"target\":[\"https:\/\/evolve-fitness.eu\/da\/vare\/evolve-prime-series-olympisk-stang-til-kvinder-201-cm-15-kg\/\"]}]},{\"@type\":\"ImageObject\",\"inLanguage\":\"da-DK\",\"@id\":\"https:\/\/evolve-fitness.eu\/da\/vare\/evolve-prime-series-olympisk-stang-til-kvinder-201-cm-15-kg\/#primaryimage\",\"url\":\"https:\/\/evolve-fitness.eu\/wp-content\/uploads\/2023\/11\/Evolve-Prime-Series-Olympic-Women-Bar-201-cm-1.png\",\"contentUrl\":\"https:\/\/evolve-fitness.eu\/wp-content\/uploads\/2023\/11\/Evolve-Prime-Series-Olympic-Women-Bar-201-cm-1.png\",\"width\":680,\"height\":600,\"caption\":\"EV-OB-PR-220\"},{\"@type\":\"BreadcrumbList\",\"@id\":\"https:\/\/evolve-fitness.eu\/da\/vare\/evolve-prime-series-olympisk-stang-til-kvinder-201-cm-15-kg\/#breadcrumb\",\"itemListElement\":[{\"@type\":\"ListItem\",\"position\":1,\"name\":\"Home\",\"item\":\"https:\/\/evolve-fitness.eu\/da\/\"},{\"@type\":\"ListItem\",\"position\":2,\"name\":\"Produkter\",\"item\":\"https:\/\/evolve-fitness.eu\/da\/shop\/\"},{\"@type\":\"ListItem\",\"position\":3,\"name\":\"Evolve Prime Series Olympic Women Bar &#8211; 201 cm \/ 15 kg (PR-201)\"}]},{\"@type\":\"WebSite\",\"@id\":\"https:\/\/evolve-fitness.eu\/da\/#website\",\"url\":\"https:\/\/evolve-fitness.eu\/da\/\",\"name\":\"Evolve\",\"description\":\"Your Evolved Gear Arrived\",\"publisher\":{\"@id\":\"https:\/\/evolve-fitness.eu\/da\/#organization\"},\"potentialAction\":[{\"@type\":\"SearchAction\",\"target\":{\"@type\":\"EntryPoint\",\"urlTemplate\":\"https:\/\/evolve-fitness.eu\/da\/?s={search_term_string}\"},\"query-input\":{\"@type\":\"PropertyValueSpecification\",\"valueRequired\":true,\"valueName\":\"search_term_string\"}}],\"inLanguage\":\"da-DK\"},{\"@type\":\"Organization\",\"@id\":\"https:\/\/evolve-fitness.eu\/da\/#organization\",\"name\":\"Evolve\",\"url\":\"https:\/\/evolve-fitness.eu\/da\/\",\"logo\":{\"@type\":\"ImageObject\",\"inLanguage\":\"da-DK\",\"@id\":\"https:\/\/evolve-fitness.eu\/da\/#\/schema\/logo\/image\/\",\"url\":\"https:\/\/evolve-fitness.eu\/wp-content\/uploads\/2023\/05\/Evolve-logo.svg\",\"contentUrl\":\"https:\/\/evolve-fitness.eu\/wp-content\/uploads\/2023\/05\/Evolve-logo.svg\",\"width\":176,\"height\":20,\"caption\":\"Evolve\"},\"image\":{\"@id\":\"https:\/\/evolve-fitness.eu\/da\/#\/schema\/logo\/image\/\"},\"sameAs\":[\"https:\/\/www.facebook.com\/EvolveFitnessEurope\"]}]}<\/script>\n<!-- \/ Yoast SEO plugin. -->","yoast_head_json":{"title":"Evolve Prime Series Olympic Women Bar - 201 cm \/ 15 kg (PR-201) - Evolve","robots":{"index":"index","follow":"follow","max-snippet":"max-snippet:-1","max-image-preview":"max-image-preview:large","max-video-preview":"max-video-preview:-1"},"canonical":"https:\/\/evolve-fitness.eu\/da\/vare\/evolve-prime-series-olympisk-stang-til-kvinder-201-cm-15-kg\/","og_locale":"da_DK","og_type":"article","og_title":"Evolve Prime Series Olympic Women Bar - 201 cm \/ 15 kg (PR-201) - Evolve","og_url":"https:\/\/evolve-fitness.eu\/da\/vare\/evolve-prime-series-olympisk-stang-til-kvinder-201-cm-15-kg\/","og_site_name":"Evolve","article_publisher":"https:\/\/www.facebook.com\/EvolveFitnessEurope","article_modified_time":"2026-04-09T12:25:21+00:00","og_image":[{"width":680,"height":600,"url":"https:\/\/evolve-fitness.eu\/wp-content\/uploads\/2023\/11\/Evolve-Prime-Series-Olympic-Women-Bar-201-cm-1.png","type":"image\/png"}],"twitter_card":"summary_large_image","schema":{"@context":"https:\/\/schema.org","@graph":[{"@type":"WebPage","@id":"https:\/\/evolve-fitness.eu\/da\/vare\/evolve-prime-series-olympisk-stang-til-kvinder-201-cm-15-kg\/","url":"https:\/\/evolve-fitness.eu\/da\/vare\/evolve-prime-series-olympisk-stang-til-kvinder-201-cm-15-kg\/","name":"Evolve Prime Series Olympic Women Bar - 201 cm \/ 15 kg (PR-201) - Evolve","isPartOf":{"@id":"https:\/\/evolve-fitness.eu\/da\/#website"},"primaryImageOfPage":{"@id":"https:\/\/evolve-fitness.eu\/da\/vare\/evolve-prime-series-olympisk-stang-til-kvinder-201-cm-15-kg\/#primaryimage"},"image":{"@id":"https:\/\/evolve-fitness.eu\/da\/vare\/evolve-prime-series-olympisk-stang-til-kvinder-201-cm-15-kg\/#primaryimage"},"thumbnailUrl":"https:\/\/evolve-fitness.eu\/wp-content\/uploads\/2023\/11\/Evolve-Prime-Series-Olympic-Women-Bar-201-cm-1.png","datePublished":"2023-11-21T07:51:21+00:00","dateModified":"2026-04-09T12:25:21+00:00","breadcrumb":{"@id":"https:\/\/evolve-fitness.eu\/da\/vare\/evolve-prime-series-olympisk-stang-til-kvinder-201-cm-15-kg\/#breadcrumb"},"inLanguage":"da-DK","potentialAction":[{"@type":"ReadAction","target":["https:\/\/evolve-fitness.eu\/da\/vare\/evolve-prime-series-olympisk-stang-til-kvinder-201-cm-15-kg\/"]}]},{"@type":"ImageObject","inLanguage":"da-DK","@id":"https:\/\/evolve-fitness.eu\/da\/vare\/evolve-prime-series-olympisk-stang-til-kvinder-201-cm-15-kg\/#primaryimage","url":"https:\/\/evolve-fitness.eu\/wp-content\/uploads\/2023\/11\/Evolve-Prime-Series-Olympic-Women-Bar-201-cm-1.png","contentUrl":"https:\/\/evolve-fitness.eu\/wp-content\/uploads\/2023\/11\/Evolve-Prime-Series-Olympic-Women-Bar-201-cm-1.png","width":680,"height":600,"caption":"EV-OB-PR-220"},{"@type":"BreadcrumbList","@id":"https:\/\/evolve-fitness.eu\/da\/vare\/evolve-prime-series-olympisk-stang-til-kvinder-201-cm-15-kg\/#breadcrumb","itemListElement":[{"@type":"ListItem","position":1,"name":"Home","item":"https:\/\/evolve-fitness.eu\/da\/"},{"@type":"ListItem","position":2,"name":"Produkter","item":"https:\/\/evolve-fitness.eu\/da\/shop\/"},{"@type":"ListItem","position":3,"name":"Evolve Prime Series Olympic Women Bar &#8211; 201 cm \/ 15 kg (PR-201)"}]},{"@type":"WebSite","@id":"https:\/\/evolve-fitness.eu\/da\/#website","url":"https:\/\/evolve-fitness.eu\/da\/","name":"Evolve","description":"Your Evolved Gear Arrived","publisher":{"@id":"https:\/\/evolve-fitness.eu\/da\/#organization"},"potentialAction":[{"@type":"SearchAction","target":{"@type":"EntryPoint","urlTemplate":"https:\/\/evolve-fitness.eu\/da\/?s={search_term_string}"},"query-input":{"@type":"PropertyValueSpecification","valueRequired":true,"valueName":"search_term_string"}}],"inLanguage":"da-DK"},{"@type":"Organization","@id":"https:\/\/evolve-fitness.eu\/da\/#organization","name":"Evolve","url":"https:\/\/evolve-fitness.eu\/da\/","logo":{"@type":"ImageObject","inLanguage":"da-DK","@id":"https:\/\/evolve-fitness.eu\/da\/#\/schema\/logo\/image\/","url":"https:\/\/evolve-fitness.eu\/wp-content\/uploads\/2023\/05\/Evolve-logo.svg","contentUrl":"https:\/\/evolve-fitness.eu\/wp-content\/uploads\/2023\/05\/Evolve-logo.svg","width":176,"height":20,"caption":"Evolve"},"image":{"@id":"https:\/\/evolve-fitness.eu\/da\/#\/schema\/logo\/image\/"},"sameAs":["https:\/\/www.facebook.com\/EvolveFitnessEurope"]}]}},"_links":{"self":[{"href":"https:\/\/evolve-fitness.eu\/da\/wp-json\/wp\/v2\/product\/98504","targetHints":{"allow":["GET"]}}],"collection":[{"href":"https:\/\/evolve-fitness.eu\/da\/wp-json\/wp\/v2\/product"}],"about":[{"href":"https:\/\/evolve-fitness.eu\/da\/wp-json\/wp\/v2\/types\/product"}],"wp:featuredmedia":[{"embeddable":true,"href":"https:\/\/evolve-fitness.eu\/da\/wp-json\/wp\/v2\/media\/75946"}],"wp:attachment":[{"href":"https:\/\/evolve-fitness.eu\/da\/wp-json\/wp\/v2\/media?parent=98504"}],"wp:term":[{"taxonomy":"product_brand","embeddable":true,"href":"https:\/\/evolve-fitness.eu\/da\/wp-json\/wp\/v2\/product_brand?post=98504"},{"taxonomy":"product_cat","embeddable":true,"href":"https:\/\/evolve-fitness.eu\/da\/wp-json\/wp\/v2\/product_cat?post=98504"},{"taxonomy":"product_tag","embeddable":true,"href":"https:\/\/evolve-fitness.eu\/da\/wp-json\/wp\/v2\/product_tag?post=98504"}],"curies":[{"name":"wp","href":"https:\/\/api.w.org\/{rel}","templated":true}]}}