{"id":99302,"date":"2023-08-31T10:42:23","date_gmt":"2023-08-31T10:42:23","guid":{"rendered":"https:\/\/evolve-fitness.eu\/product\/evolve-ultra-series-selectorized-pulldown-row\/"},"modified":"2026-03-26T10:27:43","modified_gmt":"2026-03-26T08:27:43","slug":"evolve-ultra-series-selectorized-pulldown-row","status":"publish","type":"product","link":"https:\/\/evolve-fitness.eu\/da\/vare\/evolve-ultra-series-selectorized-pulldown-row\/","title":{"rendered":"Evolve Ultra Series Selectorized Pulldown \/ Row (UL-260)"},"content":{"rendered":"\n<section class=\"wp-block-group alignfull has-lightgray-background-color has-background is-layout-constrained wp-block-group-is-layout-constrained\">\n<div class=\"wp-block-columns alignwide is-layout-flex wp-container-core-columns-is-layout-2edb0647 wp-block-columns-is-layout-flex\" style=\"margin-top:0;margin-bottom:0\">\n<div class=\"wp-block-column is-layout-flow wp-block-column-is-layout-flow\" style=\"flex-basis:33.33%\"><\/div>\n\n\n\n<div class=\"wp-block-column is-layout-flow wp-block-column-is-layout-flow\" style=\"flex-basis:66.66%\"><\/div>\n<\/div>\n<\/section>\n\n<section class=\"wp-block-group alignfull black-content has-white-color has-darkgray-background-color has-text-color has-background is-layout-constrained wp-block-group-is-layout-constrained\" style=\"padding-top:var(--wp--preset--spacing--section-bottom);padding-bottom:var(--wp--preset--spacing--section-bottom)\">\n<div class=\"wp-block-columns alignwide mobile-reverse is-layout-flex wp-container-core-columns-is-layout-ca64bf2d wp-block-columns-is-layout-flex\" style=\"margin-bottom:var(--wp--preset--spacing--side-padding)\">\n<div class=\"wp-block-column is-vertically-aligned-center is-layout-flow wp-block-column-is-layout-flow\">\n<h3 class=\"wp-block-heading\">Velkommen til Ultra-serien<\/h3>\n\n\n\n<p><strong><em>L\u00e6r vores Ultra Series-udstyr at kende med en topmoderne 3D 360-tur<\/em><\/strong><\/p>\n\n\n\n<p>Evolve Ultra Series Selectorized Pulldown \/ Row er en f\u00f8rsteklasses kommerciel styrkemaskine designet til komfort, ydeevne og alsidighed i tr\u00e6ningen. Med ergonomisk st\u00f8tte, brugervenlige justeringsmuligheder for brugere i forskellige st\u00f8rrelser, en holdbar pulverlakeret finish og kabler af h\u00f8j kvalitet leverer den problemfri drift og langvarig p\u00e5lidelighed i professionelle tr\u00e6ningsmilj\u00f8er. <\/p>\n<\/div>\n\n\n\n<div class=\"wp-block-column is-vertically-aligned-center is-layout-flow wp-block-column-is-layout-flow\">\n<figure class=\"wp-block-video\"><video height=\"1080\" style=\"aspect-ratio: 1920 \/ 1080;\" width=\"1920\" autoplay=\"\" controls=\"\" loop=\"\" muted=\"\" src=\"https:\/\/evolve-fitness.eu\/wp-content\/uploads\/2023\/08\/Evolve-Ultra-Series-Selectorized-Pulldown-Row.mp4\"><\/video><\/figure>\n<\/div>\n<\/div>\n\n\n\n<div class=\"wp-block-columns alignwide mobile-reverse is-layout-flex wp-container-core-columns-is-layout-ca64bf2d wp-block-columns-is-layout-flex\" style=\"margin-bottom:var(--wp--preset--spacing--side-padding)\">\n<div class=\"wp-block-column is-vertically-aligned-center is-layout-flow wp-block-column-is-layout-flow\">\n<figure class=\"wp-block-image size-large is-style-rounded\"><img loading=\"lazy\" decoding=\"async\" width=\"738\" height=\"1024\" src=\"https:\/\/evolve-fitness.eu\/wp-content\/uploads\/2023\/08\/A7_03083-Copy-738x1024.jpg\" alt=\"\" class=\"wp-image-226000\" srcset=\"https:\/\/evolve-fitness.eu\/wp-content\/uploads\/2023\/08\/A7_03083-Copy-738x1024.jpg 738w, https:\/\/evolve-fitness.eu\/wp-content\/uploads\/2023\/08\/A7_03083-Copy-216x300.jpg 216w, https:\/\/evolve-fitness.eu\/wp-content\/uploads\/2023\/08\/A7_03083-Copy-108x150.jpg 108w, https:\/\/evolve-fitness.eu\/wp-content\/uploads\/2023\/08\/A7_03083-Copy-768x1066.jpg 768w, https:\/\/evolve-fitness.eu\/wp-content\/uploads\/2023\/08\/A7_03083-Copy-1106x1536.jpg 1106w, https:\/\/evolve-fitness.eu\/wp-content\/uploads\/2023\/08\/A7_03083-Copy-1475x2048.jpg 1475w, https:\/\/evolve-fitness.eu\/wp-content\/uploads\/2023\/08\/A7_03083-Copy-300x416.jpg 300w, https:\/\/evolve-fitness.eu\/wp-content\/uploads\/2023\/08\/A7_03083-Copy-600x833.jpg 600w, https:\/\/evolve-fitness.eu\/wp-content\/uploads\/2023\/08\/A7_03083-Copy.jpg 1777w\" sizes=\"auto, (max-width: 738px) 100vw, 738px\" \/><\/figure>\n<\/div>\n\n\n\n<div class=\"wp-block-column is-vertically-aligned-center is-layout-flow wp-block-column-is-layout-flow\">\n<h3 class=\"wp-block-heading\" style=\"margin-bottom:var(--wp--preset--spacing--h-3-bottom)\">Sikkerhed m\u00f8der stil<\/h3>\n\n\n\n<p><strong><em>Fuldt d\u00e6kket v\u00e6gtstangsafsk\u00e6rmning<\/em><\/strong><\/p>\n\n\n\n<p>Sikkerhed og \u00e6stetik er afg\u00f8rende for alle ejere af fitnesscentre og fitnessentrepren\u00f8rer, og Evolve Ultra-serien leverer begge dele med sin fuldt d\u00e6kkede v\u00e6gtstangsafsk\u00e6rmning. Denne funktion er designet til at forbedre brugersikkerheden, hj\u00e6lpe med at forhindre ulykker og opretholde et rent, professionelt tr\u00e6ningsmilj\u00f8, og den forst\u00e6rker ogs\u00e5 maskinens slanke og moderne udseende. Det er en ideel l\u00f8sning til fitnesscentre, der s\u00e6tter pris p\u00e5 f\u00f8rsteklasses design, sikkerhed og langsigtet funktionalitet.  <\/p>\n<\/div>\n<\/div>\n\n\n\n<div class=\"wp-block-columns alignwide is-layout-flex wp-container-core-columns-is-layout-c45ee707 wp-block-columns-is-layout-flex\" style=\"margin-bottom:var(--wp--preset--spacing--side-padding);padding-top:var(--wp--preset--spacing--side-padding)\">\n<div class=\"wp-block-column is-vertically-aligned-center is-layout-flow wp-block-column-is-layout-flow\">\n<h3 class=\"wp-block-heading\" style=\"margin-bottom:var(--wp--preset--spacing--h-3-bottom)\"><strong>Optimale h\u00e5ndgreb<\/strong><\/h3>\n\n\n\n<p><strong><em><strong><em><strong><em>En bedre fitnessoplevelse<\/em><\/strong><\/em><\/strong><\/em><\/strong><\/p>\n\n\n\n<p style=\"margin-bottom:var(--wp--preset--spacing--tb-section-padding)\">At tiltr\u00e6kke og fastholde kunder er en vigtig prioritet for alle ejere og ledere af fitnesscentre. Evolve Ultra-serien er udstyret med ergonomisk designede h\u00e5ndgreb, der giver overlegen komfort og sikkerhed under hele tr\u00e6ningen. Denne forbedrede brugeroplevelse hj\u00e6lper med at holde kunderne engagerede, motiverede og engagerede i at n\u00e5 deres fitnessm\u00e5l i dit center.  <\/p>\n<\/div>\n\n\n\n<div class=\"wp-block-column is-vertically-aligned-center is-layout-flow wp-block-column-is-layout-flow\">\n<figure class=\"wp-block-image size-large\"><img loading=\"lazy\" decoding=\"async\" width=\"1024\" height=\"1024\" src=\"https:\/\/evolve-fitness.eu\/wp-content\/uploads\/2023\/08\/EV-SC-UL-260-Evolve-Ultra-Series-Selectorized-Pulldown-Row_PNG2-1024x1024.png\" alt=\"EV-SC-UL-260\" class=\"wp-image-10174\" srcset=\"https:\/\/evolve-fitness.eu\/wp-content\/uploads\/2023\/08\/EV-SC-UL-260-Evolve-Ultra-Series-Selectorized-Pulldown-Row_PNG2-1024x1024.png 1024w, https:\/\/evolve-fitness.eu\/wp-content\/uploads\/2023\/08\/EV-SC-UL-260-Evolve-Ultra-Series-Selectorized-Pulldown-Row_PNG2-300x300.png 300w, https:\/\/evolve-fitness.eu\/wp-content\/uploads\/2023\/08\/EV-SC-UL-260-Evolve-Ultra-Series-Selectorized-Pulldown-Row_PNG2-150x150.png 150w, https:\/\/evolve-fitness.eu\/wp-content\/uploads\/2023\/08\/EV-SC-UL-260-Evolve-Ultra-Series-Selectorized-Pulldown-Row_PNG2-600x600.png 600w, https:\/\/evolve-fitness.eu\/wp-content\/uploads\/2023\/08\/EV-SC-UL-260-Evolve-Ultra-Series-Selectorized-Pulldown-Row_PNG2-768x768.png 768w, https:\/\/evolve-fitness.eu\/wp-content\/uploads\/2023\/08\/EV-SC-UL-260-Evolve-Ultra-Series-Selectorized-Pulldown-Row_PNG2-1536x1536.png 1536w, https:\/\/evolve-fitness.eu\/wp-content\/uploads\/2023\/08\/EV-SC-UL-260-Evolve-Ultra-Series-Selectorized-Pulldown-Row_PNG2.png 1920w\" sizes=\"auto, (max-width: 1024px) 100vw, 1024px\" \/><\/figure>\n<\/div>\n<\/div>\n\n\n\n<div class=\"wp-block-columns alignwide are-vertically-aligned-center mobile-reverse is-layout-flex wp-container-core-columns-is-layout-e8158c2f wp-block-columns-is-layout-flex\" style=\"padding-top:var(--wp--preset--spacing--side-padding)\">\n<div class=\"wp-block-column is-vertically-aligned-center is-layout-flow wp-block-column-is-layout-flow\">\n<figure class=\"wp-block-video\"><video height=\"1080\" style=\"aspect-ratio: 1920 \/ 1080;\" width=\"1920\" autoplay=\"\" controls=\"\" loop=\"\" muted=\"\" src=\"https:\/\/evolve-fitness.eu\/wp-content\/uploads\/2023\/08\/UL-040-Weight-Stack.mp4\"><\/video><\/figure>\n<\/div>\n\n\n\n<div class=\"wp-block-column is-vertically-aligned-center is-layout-flow wp-block-column-is-layout-flow\">\n<h3 class=\"wp-block-heading\" style=\"margin-bottom:var(--wp--preset--spacing--h-3-bottom)\"><strong>V\u00e6gtstabel<\/strong><\/h3>\n\n\n\n<p><strong><em><strong><em>En bedre fitnessoplevelse<\/em><\/strong><\/em><\/strong><\/p>\n\n\n\n<p style=\"margin-bottom:var(--wp--preset--spacing--tb-section-padding)\">Evolve Ultra Series Selectorized Biceps Curl-maskine har en v\u00e6gtstabel p\u00e5 122,5 kg med mulighed for at opgradere til 152 kg for brugere, der \u00f8nsker st\u00f8rre tr\u00e6ningsintensitet. Den fuldt indkapslede v\u00e6gtstabel \u00f8ger sikkerheden under tr\u00e6ningen og bidrager samtidig til maskinens rene, moderne og professionelle udseende. <br\/><\/p>\n<\/div>\n<\/div>\n\n\n\n<div class=\"wp-block-columns alignwide is-layout-flex wp-container-core-columns-is-layout-c45ee707 wp-block-columns-is-layout-flex\" style=\"margin-bottom:var(--wp--preset--spacing--side-padding);padding-top:var(--wp--preset--spacing--side-padding)\">\n<div class=\"wp-block-column is-vertically-aligned-center is-layout-flow wp-block-column-is-layout-flow\">\n<h3 class=\"wp-block-heading\" style=\"margin-bottom:var(--wp--preset--spacing--h-3-bottom)\">Dobbelt pulverlakeret ramme<\/h3>\n\n\n\n<p><strong><em>Forebyggelse af skader<\/em><\/strong><\/p>\n\n\n\n<p style=\"margin-bottom:var(--wp--preset--spacing--tb-section-padding)\">Evolve Ultra Series styrkemaskiner har en elektrostatisk pulverlakeret perlesort mat ramme, der kombinerer f\u00f8rsteklasses \u00e6stetik med enest\u00e5ende holdbarhed. Den raffinerede matte finish giver hver maskine et slankt, professionelt udseende, mens dens friktions-, korrosions- og ridsefaste egenskaber sikrer p\u00e5lidelig langsigtet ydeevne i kr\u00e6vende fitnessmilj\u00f8er. <br\/><br\/><\/p>\n<\/div>\n\n\n\n<div class=\"wp-block-column is-vertically-aligned-center is-layout-flow wp-block-column-is-layout-flow\">\n<figure class=\"wp-block-video\"><video height=\"720\" style=\"aspect-ratio: 1280 \/ 720;\" width=\"1280\" autoplay=\"\" controls=\"\" loop=\"\" muted=\"\" src=\"https:\/\/evolve-fitness.eu\/wp-content\/uploads\/2023\/10\/Evolve-Double-powder-coated-Frame.mp4\"><\/video><\/figure>\n<\/div>\n<\/div>\n\n\n\n<div class=\"wp-block-columns alignwide is-layout-flex wp-container-core-columns-is-layout-c45ee707 wp-block-columns-is-layout-flex\" style=\"margin-bottom:var(--wp--preset--spacing--side-padding);padding-top:var(--wp--preset--spacing--side-padding)\">\n<div class=\"wp-block-column is-vertically-aligned-center is-layout-flow wp-block-column-is-layout-flow\">\n<figure class=\"wp-block-video\"><video height=\"720\" style=\"aspect-ratio: 1280 \/ 720;\" width=\"1280\" autoplay=\"\" controls=\"\" loop=\"\" muted=\"\" src=\"https:\/\/evolve-fitness.eu\/wp-content\/uploads\/2023\/10\/Evolve-cable.mp4\"><\/video><\/figure>\n<\/div>\n\n\n\n<div class=\"wp-block-column is-vertically-aligned-center is-layout-flow wp-block-column-is-layout-flow\">\n<h3 class=\"wp-block-heading\" style=\"margin-bottom:var(--wp--preset--spacing--h-3-bottom)\">Kabel<\/h3>\n\n\n\n<p><strong><em>Overlegen kvalitet<\/em><\/strong><\/p>\n\n\n\n<p style=\"margin-bottom:var(--wp--preset--spacing--tb-section-padding)\">Evolve Ultra Series-maskiner bruger kabler af h\u00f8j kvalitet, der er konstrueret til enest\u00e5ende styrke, holdbarhed og j\u00e6vn ydelse. Hvert kabel har seks hovedstrenge, hvor hver streng best\u00e5r af 19 snoede tr\u00e5de, en bel\u00e6gning af polyamid 12 (PA12) og en diameter p\u00e5 5 mm. Med en brudstyrke p\u00e5 9000 kN er disse kabler bygget til enest\u00e5ende p\u00e5lidelighed og langvarig ydeevne i kr\u00e6vende fitnessmilj\u00f8er.  <\/p>\n\n\n\n<p style=\"margin-bottom:var(--wp--preset--spacing--tb-section-padding)\">Uanset om du udf\u00f8rer bicepscurls, brystpres, lat pulldowns eller andre styrketr\u00e6nings\u00f8velser, sikrer det h\u00f8jtydende kabelsystem j\u00e6vn bev\u00e6gelse og ensartet modstand gennem hver gentagelse. Det er med til at skabe en tr\u00e6ningsoplevelse, der er kontrolleret, effektiv og behagelig. <\/p>\n<\/div>\n<\/div>\n<\/section>\n","protected":false},"excerpt":{"rendered":"<p>L\u00f8ft din tr\u00e6ningsoplevelse med Evolve Ultra Series Selectorized Pulldown\/Row, UL-260.<br \/>\nNyd uafh\u00e6ngig armbev\u00e6gelse til dynamisk tr\u00e6ning, mens den overd\u00e6kkede v\u00e6gtstangsafsk\u00e6rmning sikrer sikkerhed og stil.<br \/>\nMed brugerorienterede funktioner som enh\u00e5ndsjustering af s\u00e6det og optimale h\u00e5ndgreb giver UL-260 komfort og effektivitet.<br \/>\nForvandl dit fitnesscenter med denne elegante, innovative maskine.   <\/p>\n","protected":false},"featured_media":134932,"template":"","meta":{"_acf_changed":false,"inline_featured_image":false},"product_brand":[],"product_cat":[2556,3843],"product_tag":[],"class_list":{"0":"post-99302","1":"product","2":"type-product","3":"status-publish","4":"has-post-thumbnail","6":"product_cat-selekterede-maskiner","7":"product_cat-ultra-series-maskiner-med-valgfri-funktion","9":"first","10":"instock","11":"virtual","12":"purchasable","13":"product-type-simple"},"acf":{"long_title":"Evolve Ultra Series Selectorized Pulldown \/ Row (UL-260)","subtitle":"","specifications":[{"label":"VARENUMMER","text_value":"EV-SC-UL-260","icon":"x"},{"label":"Dimensioner","text_value":"1985 x 1475 x 2247 mm","icon":"x"},{"label":"V\u00e6gt","text_value":"152 kg","icon":"x"},{"label":"V\u00e6gtstabel","text_value":"122,5 kg","icon":"x"},{"label":"\u00d8verste v\u00e6gtskive","text_value":"2 x 2,5 kg","icon":"x"},{"label":"Maks. brugerv\u00e6gt","text_value":"180 kg","icon":"x"},{"label":"Ramme tykkelse","text_value":"3 mm","icon":"x"},{"label":"\u00d8verste v\u00e6gtskive","text_value":"","icon":"v"},{"label":"Magnetisk v\u00e6gtstang","text_value":"","icon":"v"},{"label":"Skilt med tr\u00e6ningsinstruktioner","text_value":"2 \u00e5r","icon":"v"},{"label":"Indkapslet v\u00e6gtstabel","text_value":"","icon":"v"},{"label":"Holdbare gulvbeskyttere","text_value":"","icon":"v"},{"label":"Korrosionsbeskyttende maling","text_value":"2 \u00e5r","icon":"v"},{"label":"Tyk polstring betrukket med PU-l\u00e6der","text_value":"","icon":"v"},{"label":"Nylonkabel","text_value":"","icon":"v"},{"label":"Skridsikre h\u00e5ndtag  ","text_value":"","icon":"v"},{"label":"Vandflaske og etui til tilbeh\u00f8r","text_value":"","icon":"v"},{"label":"Garanti  ","text_value":"2 \u00e5r","icon":"x"}]},"yoast_head":"<!-- This site is optimized with the Yoast SEO plugin v26.6 - https:\/\/yoast.com\/wordpress\/plugins\/seo\/ -->\n<title>Evolve Ultra Series Selectorized Pulldown \/ Row (UL-260) - Evolve<\/title>\n<meta name=\"description\" content=\"L\u00f8ft din tr\u00e6ningsoplevelse med Evolve Ultra Series Selectorized Pulldown\/Row, UL-260. Nyd uafh\u00e6ngig armbev\u00e6gelse\" \/>\n<meta name=\"robots\" content=\"index, follow, max-snippet:-1, max-image-preview:large, max-video-preview:-1\" \/>\n<link rel=\"canonical\" href=\"https:\/\/evolve-fitness.eu\/da\/vare\/evolve-ultra-series-selectorized-pulldown-row\/\" \/>\n<meta property=\"og:locale\" content=\"da_DK\" \/>\n<meta property=\"og:type\" content=\"article\" \/>\n<meta property=\"og:title\" content=\"Evolve Ultra Series Selectorized Pulldown \/ Row (UL-260) - Evolve\" \/>\n<meta property=\"og:description\" content=\"L\u00f8ft din tr\u00e6ningsoplevelse med Evolve Ultra Series Selectorized Pulldown\/Row, UL-260. Nyd uafh\u00e6ngig armbev\u00e6gelse\" \/>\n<meta property=\"og:url\" content=\"https:\/\/evolve-fitness.eu\/da\/vare\/evolve-ultra-series-selectorized-pulldown-row\/\" \/>\n<meta property=\"og:site_name\" content=\"Evolve\" \/>\n<meta property=\"article:publisher\" content=\"https:\/\/www.facebook.com\/EvolveFitnessEurope\" \/>\n<meta property=\"article:modified_time\" content=\"2026-03-26T08:27:43+00:00\" \/>\n<meta property=\"og:image\" content=\"https:\/\/evolve-fitness.eu\/wp-content\/uploads\/2024\/06\/EV-SC-UL-260-Evolve-Ultra-Series-Selectorized-Pulldown-Row-5-1024x1024.png\" \/>\n\t<meta property=\"og:image:width\" content=\"1024\" \/>\n\t<meta property=\"og:image:height\" content=\"1024\" \/>\n\t<meta property=\"og:image:type\" content=\"image\/png\" \/>\n<meta name=\"twitter:card\" content=\"summary_large_image\" \/>\n<script type=\"application\/ld+json\" class=\"yoast-schema-graph\">{\"@context\":\"https:\/\/schema.org\",\"@graph\":[{\"@type\":\"WebPage\",\"@id\":\"https:\/\/evolve-fitness.eu\/da\/vare\/evolve-ultra-series-selectorized-pulldown-row\/\",\"url\":\"https:\/\/evolve-fitness.eu\/da\/vare\/evolve-ultra-series-selectorized-pulldown-row\/\",\"name\":\"Evolve Ultra Series Selectorized Pulldown \/ Row (UL-260) - Evolve\",\"isPartOf\":{\"@id\":\"https:\/\/evolve-fitness.eu\/da\/#website\"},\"primaryImageOfPage\":{\"@id\":\"https:\/\/evolve-fitness.eu\/da\/vare\/evolve-ultra-series-selectorized-pulldown-row\/#primaryimage\"},\"image\":{\"@id\":\"https:\/\/evolve-fitness.eu\/da\/vare\/evolve-ultra-series-selectorized-pulldown-row\/#primaryimage\"},\"thumbnailUrl\":\"https:\/\/evolve-fitness.eu\/wp-content\/uploads\/2024\/06\/EV-SC-UL-260-Evolve-Ultra-Series-Selectorized-Pulldown-Row-5.png\",\"datePublished\":\"2023-08-31T10:42:23+00:00\",\"dateModified\":\"2026-03-26T08:27:43+00:00\",\"description\":\"L\u00f8ft din tr\u00e6ningsoplevelse med Evolve Ultra Series Selectorized Pulldown\/Row, UL-260. Nyd uafh\u00e6ngig armbev\u00e6gelse\",\"breadcrumb\":{\"@id\":\"https:\/\/evolve-fitness.eu\/da\/vare\/evolve-ultra-series-selectorized-pulldown-row\/#breadcrumb\"},\"inLanguage\":\"da-DK\",\"potentialAction\":[{\"@type\":\"ReadAction\",\"target\":[\"https:\/\/evolve-fitness.eu\/da\/vare\/evolve-ultra-series-selectorized-pulldown-row\/\"]}]},{\"@type\":\"ImageObject\",\"inLanguage\":\"da-DK\",\"@id\":\"https:\/\/evolve-fitness.eu\/da\/vare\/evolve-ultra-series-selectorized-pulldown-row\/#primaryimage\",\"url\":\"https:\/\/evolve-fitness.eu\/wp-content\/uploads\/2024\/06\/EV-SC-UL-260-Evolve-Ultra-Series-Selectorized-Pulldown-Row-5.png\",\"contentUrl\":\"https:\/\/evolve-fitness.eu\/wp-content\/uploads\/2024\/06\/EV-SC-UL-260-Evolve-Ultra-Series-Selectorized-Pulldown-Row-5.png\",\"width\":1920,\"height\":1920},{\"@type\":\"BreadcrumbList\",\"@id\":\"https:\/\/evolve-fitness.eu\/da\/vare\/evolve-ultra-series-selectorized-pulldown-row\/#breadcrumb\",\"itemListElement\":[{\"@type\":\"ListItem\",\"position\":1,\"name\":\"Home\",\"item\":\"https:\/\/evolve-fitness.eu\/da\/\"},{\"@type\":\"ListItem\",\"position\":2,\"name\":\"Produkter\",\"item\":\"https:\/\/evolve-fitness.eu\/da\/shop\/\"},{\"@type\":\"ListItem\",\"position\":3,\"name\":\"Evolve Ultra Series Selectorized Pulldown \/ Row (UL-260)\"}]},{\"@type\":\"WebSite\",\"@id\":\"https:\/\/evolve-fitness.eu\/da\/#website\",\"url\":\"https:\/\/evolve-fitness.eu\/da\/\",\"name\":\"Evolve\",\"description\":\"Your Evolved Gear Arrived\",\"publisher\":{\"@id\":\"https:\/\/evolve-fitness.eu\/da\/#organization\"},\"potentialAction\":[{\"@type\":\"SearchAction\",\"target\":{\"@type\":\"EntryPoint\",\"urlTemplate\":\"https:\/\/evolve-fitness.eu\/da\/?s={search_term_string}\"},\"query-input\":{\"@type\":\"PropertyValueSpecification\",\"valueRequired\":true,\"valueName\":\"search_term_string\"}}],\"inLanguage\":\"da-DK\"},{\"@type\":\"Organization\",\"@id\":\"https:\/\/evolve-fitness.eu\/da\/#organization\",\"name\":\"Evolve\",\"url\":\"https:\/\/evolve-fitness.eu\/da\/\",\"logo\":{\"@type\":\"ImageObject\",\"inLanguage\":\"da-DK\",\"@id\":\"https:\/\/evolve-fitness.eu\/da\/#\/schema\/logo\/image\/\",\"url\":\"https:\/\/evolve-fitness.eu\/wp-content\/uploads\/2023\/05\/Evolve-logo.svg\",\"contentUrl\":\"https:\/\/evolve-fitness.eu\/wp-content\/uploads\/2023\/05\/Evolve-logo.svg\",\"width\":176,\"height\":20,\"caption\":\"Evolve\"},\"image\":{\"@id\":\"https:\/\/evolve-fitness.eu\/da\/#\/schema\/logo\/image\/\"},\"sameAs\":[\"https:\/\/www.facebook.com\/EvolveFitnessEurope\"]}]}<\/script>\n<!-- \/ Yoast SEO plugin. -->","yoast_head_json":{"title":"Evolve Ultra Series Selectorized Pulldown \/ Row (UL-260) - Evolve","description":"L\u00f8ft din tr\u00e6ningsoplevelse med Evolve Ultra Series Selectorized Pulldown\/Row, UL-260. Nyd uafh\u00e6ngig armbev\u00e6gelse","robots":{"index":"index","follow":"follow","max-snippet":"max-snippet:-1","max-image-preview":"max-image-preview:large","max-video-preview":"max-video-preview:-1"},"canonical":"https:\/\/evolve-fitness.eu\/da\/vare\/evolve-ultra-series-selectorized-pulldown-row\/","og_locale":"da_DK","og_type":"article","og_title":"Evolve Ultra Series Selectorized Pulldown \/ Row (UL-260) - Evolve","og_description":"L\u00f8ft din tr\u00e6ningsoplevelse med Evolve Ultra Series Selectorized Pulldown\/Row, UL-260. Nyd uafh\u00e6ngig armbev\u00e6gelse","og_url":"https:\/\/evolve-fitness.eu\/da\/vare\/evolve-ultra-series-selectorized-pulldown-row\/","og_site_name":"Evolve","article_publisher":"https:\/\/www.facebook.com\/EvolveFitnessEurope","article_modified_time":"2026-03-26T08:27:43+00:00","og_image":[{"width":1024,"height":1024,"url":"https:\/\/evolve-fitness.eu\/wp-content\/uploads\/2024\/06\/EV-SC-UL-260-Evolve-Ultra-Series-Selectorized-Pulldown-Row-5-1024x1024.png","type":"image\/png"}],"twitter_card":"summary_large_image","schema":{"@context":"https:\/\/schema.org","@graph":[{"@type":"WebPage","@id":"https:\/\/evolve-fitness.eu\/da\/vare\/evolve-ultra-series-selectorized-pulldown-row\/","url":"https:\/\/evolve-fitness.eu\/da\/vare\/evolve-ultra-series-selectorized-pulldown-row\/","name":"Evolve Ultra Series Selectorized Pulldown \/ Row (UL-260) - Evolve","isPartOf":{"@id":"https:\/\/evolve-fitness.eu\/da\/#website"},"primaryImageOfPage":{"@id":"https:\/\/evolve-fitness.eu\/da\/vare\/evolve-ultra-series-selectorized-pulldown-row\/#primaryimage"},"image":{"@id":"https:\/\/evolve-fitness.eu\/da\/vare\/evolve-ultra-series-selectorized-pulldown-row\/#primaryimage"},"thumbnailUrl":"https:\/\/evolve-fitness.eu\/wp-content\/uploads\/2024\/06\/EV-SC-UL-260-Evolve-Ultra-Series-Selectorized-Pulldown-Row-5.png","datePublished":"2023-08-31T10:42:23+00:00","dateModified":"2026-03-26T08:27:43+00:00","description":"L\u00f8ft din tr\u00e6ningsoplevelse med Evolve Ultra Series Selectorized Pulldown\/Row, UL-260. Nyd uafh\u00e6ngig armbev\u00e6gelse","breadcrumb":{"@id":"https:\/\/evolve-fitness.eu\/da\/vare\/evolve-ultra-series-selectorized-pulldown-row\/#breadcrumb"},"inLanguage":"da-DK","potentialAction":[{"@type":"ReadAction","target":["https:\/\/evolve-fitness.eu\/da\/vare\/evolve-ultra-series-selectorized-pulldown-row\/"]}]},{"@type":"ImageObject","inLanguage":"da-DK","@id":"https:\/\/evolve-fitness.eu\/da\/vare\/evolve-ultra-series-selectorized-pulldown-row\/#primaryimage","url":"https:\/\/evolve-fitness.eu\/wp-content\/uploads\/2024\/06\/EV-SC-UL-260-Evolve-Ultra-Series-Selectorized-Pulldown-Row-5.png","contentUrl":"https:\/\/evolve-fitness.eu\/wp-content\/uploads\/2024\/06\/EV-SC-UL-260-Evolve-Ultra-Series-Selectorized-Pulldown-Row-5.png","width":1920,"height":1920},{"@type":"BreadcrumbList","@id":"https:\/\/evolve-fitness.eu\/da\/vare\/evolve-ultra-series-selectorized-pulldown-row\/#breadcrumb","itemListElement":[{"@type":"ListItem","position":1,"name":"Home","item":"https:\/\/evolve-fitness.eu\/da\/"},{"@type":"ListItem","position":2,"name":"Produkter","item":"https:\/\/evolve-fitness.eu\/da\/shop\/"},{"@type":"ListItem","position":3,"name":"Evolve Ultra Series Selectorized Pulldown \/ Row (UL-260)"}]},{"@type":"WebSite","@id":"https:\/\/evolve-fitness.eu\/da\/#website","url":"https:\/\/evolve-fitness.eu\/da\/","name":"Evolve","description":"Your Evolved Gear Arrived","publisher":{"@id":"https:\/\/evolve-fitness.eu\/da\/#organization"},"potentialAction":[{"@type":"SearchAction","target":{"@type":"EntryPoint","urlTemplate":"https:\/\/evolve-fitness.eu\/da\/?s={search_term_string}"},"query-input":{"@type":"PropertyValueSpecification","valueRequired":true,"valueName":"search_term_string"}}],"inLanguage":"da-DK"},{"@type":"Organization","@id":"https:\/\/evolve-fitness.eu\/da\/#organization","name":"Evolve","url":"https:\/\/evolve-fitness.eu\/da\/","logo":{"@type":"ImageObject","inLanguage":"da-DK","@id":"https:\/\/evolve-fitness.eu\/da\/#\/schema\/logo\/image\/","url":"https:\/\/evolve-fitness.eu\/wp-content\/uploads\/2023\/05\/Evolve-logo.svg","contentUrl":"https:\/\/evolve-fitness.eu\/wp-content\/uploads\/2023\/05\/Evolve-logo.svg","width":176,"height":20,"caption":"Evolve"},"image":{"@id":"https:\/\/evolve-fitness.eu\/da\/#\/schema\/logo\/image\/"},"sameAs":["https:\/\/www.facebook.com\/EvolveFitnessEurope"]}]}},"_links":{"self":[{"href":"https:\/\/evolve-fitness.eu\/da\/wp-json\/wp\/v2\/product\/99302","targetHints":{"allow":["GET"]}}],"collection":[{"href":"https:\/\/evolve-fitness.eu\/da\/wp-json\/wp\/v2\/product"}],"about":[{"href":"https:\/\/evolve-fitness.eu\/da\/wp-json\/wp\/v2\/types\/product"}],"wp:featuredmedia":[{"embeddable":true,"href":"https:\/\/evolve-fitness.eu\/da\/wp-json\/wp\/v2\/media\/134932"}],"wp:attachment":[{"href":"https:\/\/evolve-fitness.eu\/da\/wp-json\/wp\/v2\/media?parent=99302"}],"wp:term":[{"taxonomy":"product_brand","embeddable":true,"href":"https:\/\/evolve-fitness.eu\/da\/wp-json\/wp\/v2\/product_brand?post=99302"},{"taxonomy":"product_cat","embeddable":true,"href":"https:\/\/evolve-fitness.eu\/da\/wp-json\/wp\/v2\/product_cat?post=99302"},{"taxonomy":"product_tag","embeddable":true,"href":"https:\/\/evolve-fitness.eu\/da\/wp-json\/wp\/v2\/product_tag?post=99302"}],"curies":[{"name":"wp","href":"https:\/\/api.w.org\/{rel}","templated":true}]}}