{"id":213192,"date":"2025-07-07T06:44:43","date_gmt":"2025-07-07T03:44:43","guid":{"rendered":"https:\/\/evolve-fitness.eu\/installation\/"},"modified":"2025-11-05T10:23:06","modified_gmt":"2025-11-05T08:23:06","slug":"installation","status":"publish","type":"page","link":"https:\/\/evolve-fitness.eu\/de\/installation\/","title":{"rendered":"Installation"},"content":{"rendered":"\n<div class=\"wp-block-group h-full w-full installations-heroe has-darkgray-background-color has-background is-layout-constrained wp-container-core-group-is-layout-e566ce2e wp-block-group-is-layout-constrained\" style=\"margin-top:0;margin-bottom:0;padding-top:0;padding-right:0;padding-left:0\">\n<div class=\"wp-block-group alignfull h-full w-full flex-nowrap justify-end items-strech is-vertical is-content-justification-stretch is-nowrap is-layout-flex wp-container-core-group-is-layout-1e1e0099 wp-block-group-is-layout-flex\">\n<div class=\"wp-block-cover has-custom-content-position is-position-bottom-center mobile2x wp-container-content-9cfa9a5a\" style=\"min-height:20vw;aspect-ratio:unset;\"><video class=\"wp-block-cover__video-background intrinsic-ignore\" autoplay muted loop playsinline src=\"https:\/\/evolve-fitness.eu\/wp-content\/uploads\/2025\/08\/social-SQUARE-ansanaviciutes-lemong-gym.mp4\" data-object-fit=\"cover\"><\/video><span aria-hidden=\"true\" class=\"wp-block-cover__background has-background-dim-100 has-background-dim wp-block-cover__gradient-background has-background-gradient\" style=\"background:linear-gradient(180deg,rgba(237,237,237,0) 0%,rgb(22,22,23) 92%)\"><\/span><div class=\"wp-block-cover__inner-container is-layout-flow wp-block-cover-is-layout-flow\">\n<div class=\"wp-block-group alignwide is-content-justification-left is-layout-constrained wp-container-core-group-is-layout-8c890d92 wp-block-group-is-layout-constrained\">\n<h1 class=\"wp-block-heading alignwide has-white-color has-text-color has-link-color has-montserrat-font-family has-extra-large-title-font-size wp-elements-d086c4a42ffb365f1c4b44a1b097741c\" style=\"font-style:normal;font-weight:700\">INSTALLATION<\/h1>\n\n\n\n<p>Lieferung &amp; Installation &#8211; Wir haben alles f\u00fcr Sie!<\/p>\n<\/div>\n<\/div><\/div>\n<\/div>\n<\/div>\n\n<section class=\"wp-block-group alignfull black-content has-white-color has-darkgray-background-color has-text-color has-background is-layout-constrained wp-block-group-is-layout-constrained\" style=\"padding-top:var(--wp--preset--spacing--section-title-bottom);padding-bottom:var(--wp--preset--spacing--section-bottom)\">\n<div class=\"wp-block-columns installations-div-p is-layout-flex wp-container-core-columns-is-layout-0bc94483 wp-block-columns-is-layout-flex\" style=\"margin-top:0;margin-bottom:var(--wp--preset--spacing--side-padding);padding-top:0;padding-right:0;padding-bottom:0;padding-left:0\">\n<div class=\"wp-block-column installations-div-inner-col is-layout-flow wp-block-column-is-layout-flow\" style=\"padding-top:0;padding-right:0;padding-bottom:0;padding-left:0\">\n<p style=\"padding-top:0;padding-right:0;padding-bottom:0;padding-left:0\">Wir liefern. Wir installieren. Sie schulen.  <\/p>\n<\/div>\n<\/div>\n\n\n\n<div class=\"wp-block-columns alignwide mobile-reverse is-layout-flex wp-container-core-columns-is-layout-ca64bf2d wp-block-columns-is-layout-flex\" style=\"margin-bottom:var(--wp--preset--spacing--side-padding)\">\n<div class=\"wp-block-column is-vertically-aligned-center is-layout-flow wp-block-column-is-layout-flow\">\n<figure class=\"wp-block-video\"><video height=\"1080\" style=\"aspect-ratio: 1920 \/ 1080;\" width=\"1920\" controls=\"\" src=\"https:\/\/evolve-fitness.eu\/wp-content\/uploads\/2025\/08\/Lemon_GYM_HQ.mp4\"><\/video><\/figure>\n<\/div>\n\n\n\n<div class=\"wp-block-column is-vertically-aligned-center is-layout-flow wp-block-column-is-layout-flow\">\n<h3 class=\"wp-block-heading\" style=\"margin-bottom:var(--wp--preset--spacing--h-3-bottom)\">Komplettl\u00f6sungen f\u00fcr Fitnessstudios in ganz Europa<\/h3>\n\n\n\n<p>Wir bieten professionellen Liefer-, Installations- und Trainingsservice in allen europ\u00e4ischen L\u00e4ndern. Ganz gleich, ob Sie ein einzelnes Ger\u00e4t oder ein komplettes Fitnessstudio ben\u00f6tigen, wir \u00fcbernehmen den Prozess von der Planung bis zur Montage &#8211; damit Sie sich auf das Training konzentrieren k\u00f6nnen. <\/p>\n<\/div>\n<\/div>\n\n\n\n<div class=\"wp-block-columns alignwide is-layout-flex wp-container-core-columns-is-layout-ca64bf2d wp-block-columns-is-layout-flex\" style=\"margin-bottom:var(--wp--preset--spacing--side-padding)\">\n<div class=\"wp-block-column is-vertically-aligned-center is-layout-flow wp-block-column-is-layout-flow\" style=\"padding-top:var(--wp--preset--spacing--side-padding)\">\n<h3 class=\"wp-block-heading\" style=\"margin-bottom:var(--wp--preset--spacing--h-3-bottom)\"><strong><strong><strong><strong><strong><strong><strong>Von der Idee zur Realit\u00e4t<\/strong><\/strong><\/strong><\/strong><\/strong><\/strong><\/strong><\/h3>\n\n\n\n<p>Jedes Projekt beginnt damit, dass wir uns Ihre Bed\u00fcrfnisse anh\u00f6ren. Ganz gleich, ob Sie bereits eine klare Vision oder nur eine Idee haben, wir k\u00f6nnen Skizzen erstellen, technische 2D-Pl\u00e4ne anfertigen und 3D-Visualisierungen anfertigen, damit Sie genau sehen k\u00f6nnen, wie Ihre Einrichtung aussehen wird. Nach der Genehmigung setzt unser Installationsteam den Plan mit Pr\u00e4zision und Liebe zum Detail in die Tat um.  <br\/><\/p>\n<\/div>\n\n\n\n<div class=\"wp-block-column is-vertically-aligned-center is-layout-flow wp-block-column-is-layout-flow\">\n<figure class=\"wp-block-video\"><video height=\"1440\" style=\"aspect-ratio: 2560 \/ 1440;\" width=\"2560\" controls=\"\" src=\"https:\/\/evolve-fitness.eu\/wp-content\/uploads\/2025\/08\/Evolve-Home-Systemss.mp4\"><\/video><\/figure>\n<\/div>\n<\/div>\n\n\n\n<div class=\"wp-block-columns alignwide mobile-reverse is-layout-flex wp-container-core-columns-is-layout-c45ee707 wp-block-columns-is-layout-flex\" style=\"margin-bottom:var(--wp--preset--spacing--side-padding);padding-top:var(--wp--preset--spacing--side-padding)\">\n<div class=\"wp-block-column is-vertically-aligned-center is-layout-flow wp-block-column-is-layout-flow\">\n<figure class=\"wp-block-image size-large is-style-default\"><img loading=\"lazy\" decoding=\"async\" width=\"1024\" height=\"576\" src=\"https:\/\/evolve-fitness.eu\/wp-content\/uploads\/2025\/08\/vlcsnap-2023-06-22-17h40m07s325-1024x576.png\" alt=\"\" class=\"wp-image-201949\" srcset=\"https:\/\/evolve-fitness.eu\/wp-content\/uploads\/2025\/08\/vlcsnap-2023-06-22-17h40m07s325-1024x576.png 1024w, https:\/\/evolve-fitness.eu\/wp-content\/uploads\/2025\/08\/vlcsnap-2023-06-22-17h40m07s325-300x169.png 300w, https:\/\/evolve-fitness.eu\/wp-content\/uploads\/2025\/08\/vlcsnap-2023-06-22-17h40m07s325-150x84.png 150w, https:\/\/evolve-fitness.eu\/wp-content\/uploads\/2025\/08\/vlcsnap-2023-06-22-17h40m07s325-768x432.png 768w, https:\/\/evolve-fitness.eu\/wp-content\/uploads\/2025\/08\/vlcsnap-2023-06-22-17h40m07s325-1536x864.png 1536w, https:\/\/evolve-fitness.eu\/wp-content\/uploads\/2025\/08\/vlcsnap-2023-06-22-17h40m07s325-2048x1152.png 2048w, https:\/\/evolve-fitness.eu\/wp-content\/uploads\/2025\/08\/vlcsnap-2023-06-22-17h40m07s325-600x338.png 600w, https:\/\/evolve-fitness.eu\/wp-content\/uploads\/2025\/08\/vlcsnap-2023-06-22-17h40m07s325-267x150.png 267w\" sizes=\"auto, (max-width: 1024px) 100vw, 1024px\" \/><\/figure>\n<\/div>\n\n\n\n<div class=\"wp-block-column is-vertically-aligned-center is-layout-flow wp-block-column-is-layout-flow\">\n<h3 class=\"wp-block-heading\" style=\"margin-bottom:var(--wp--preset--spacing--h-3-bottom)\"><strong><strong><strong><strong><strong><strong><strong><strong>Wir beherrschen mehr als nur Kardio<\/strong><\/strong><\/strong><\/strong><\/strong><\/strong><\/strong><\/strong><\/h3>\n\n\n\n<p>Sie m\u00f6chten ein Basketballfeld oder eine Basketballkorbanlage installieren? Wir k\u00f6nnen vor Ort kommen und es umsetzen. Ben\u00f6tigen Sie ein komplettes Fitnessstudio von Grund auf? Wir haben die L\u00f6sung f\u00fcr Sie. Unser Fachwissen erstreckt sich auf Fitness-, Sport- und Freizeitger\u00e4te und bietet L\u00f6sungen, die auf Ihre R\u00e4umlichkeiten und Anforderungen zugeschnitten sind.    <\/p>\n<\/div>\n<\/div>\n\n\n\n<div class=\"wp-block-columns alignwide is-layout-flex wp-container-core-columns-is-layout-ca64bf2d wp-block-columns-is-layout-flex\" style=\"margin-bottom:var(--wp--preset--spacing--side-padding)\">\n<div class=\"wp-block-column is-vertically-aligned-center is-layout-flow wp-block-column-is-layout-flow\" style=\"padding-top:var(--wp--preset--spacing--side-padding)\">\n<h3 class=\"wp-block-heading\" style=\"margin-bottom:var(--wp--preset--spacing--h-3-bottom)\"><strong><strong><strong><strong><strong><strong><strong><strong>L\u00f6sungen in ganz Europa<\/strong><\/strong><\/strong><\/strong><\/strong><\/strong><\/strong><\/strong><\/h3>\n\n\n\n<p>Unser Liefer- und Installationsservice deckt alle europ\u00e4ischen L\u00e4nder ab. Von einzelnen Ger\u00e4ten bis hin zu kompletten kommerziellen Fitnessstudios, von privaten Studios bis hin zu Sportkomplexen &#8211; wir stellen sicher, dass jedes Projekt mit dem gleichen Ma\u00df an Professionalit\u00e4t und Sorgfalt behandelt wird. <br\/><\/p>\n<\/div>\n\n\n\n<div class=\"wp-block-column is-vertically-aligned-center is-layout-flow wp-block-column-is-layout-flow\">\n<figure class=\"wp-block-image size-large\"><img loading=\"lazy\" decoding=\"async\" width=\"1024\" height=\"683\" src=\"https:\/\/evolve-fitness.eu\/wp-content\/uploads\/2025\/08\/8-1024x683.jpg\" alt=\"\" class=\"wp-image-201974\" srcset=\"https:\/\/evolve-fitness.eu\/wp-content\/uploads\/2025\/08\/8-1024x683.jpg 1024w, https:\/\/evolve-fitness.eu\/wp-content\/uploads\/2025\/08\/8-300x200.jpg 300w, https:\/\/evolve-fitness.eu\/wp-content\/uploads\/2025\/08\/8-150x100.jpg 150w, https:\/\/evolve-fitness.eu\/wp-content\/uploads\/2025\/08\/8-768x512.jpg 768w, https:\/\/evolve-fitness.eu\/wp-content\/uploads\/2025\/08\/8-1536x1024.jpg 1536w, https:\/\/evolve-fitness.eu\/wp-content\/uploads\/2025\/08\/8-2048x1366.jpg 2048w, https:\/\/evolve-fitness.eu\/wp-content\/uploads\/2025\/08\/8-600x400.jpg 600w, https:\/\/evolve-fitness.eu\/wp-content\/uploads\/2025\/08\/8-225x150.jpg 225w\" sizes=\"auto, (max-width: 1024px) 100vw, 1024px\" \/><\/figure>\n<\/div>\n<\/div>\n\n\n\n<div class=\"wp-block-columns alignwide mobile-reverse is-layout-flex wp-container-core-columns-is-layout-c45ee707 wp-block-columns-is-layout-flex\" style=\"margin-bottom:var(--wp--preset--spacing--side-padding);padding-top:var(--wp--preset--spacing--side-padding)\">\n<div class=\"wp-block-column is-vertically-aligned-center is-layout-flow wp-block-column-is-layout-flow\">\n<figure class=\"wp-block-image size-large is-style-default\"><img loading=\"lazy\" decoding=\"async\" width=\"1024\" height=\"683\" src=\"https:\/\/evolve-fitness.eu\/wp-content\/uploads\/2025\/08\/Gym-Gardino-14-1024x683.jpg\" alt=\"\" class=\"wp-image-202024\" srcset=\"https:\/\/evolve-fitness.eu\/wp-content\/uploads\/2025\/08\/Gym-Gardino-14-1024x683.jpg 1024w, https:\/\/evolve-fitness.eu\/wp-content\/uploads\/2025\/08\/Gym-Gardino-14-300x200.jpg 300w, https:\/\/evolve-fitness.eu\/wp-content\/uploads\/2025\/08\/Gym-Gardino-14-150x100.jpg 150w, https:\/\/evolve-fitness.eu\/wp-content\/uploads\/2025\/08\/Gym-Gardino-14-768x512.jpg 768w, https:\/\/evolve-fitness.eu\/wp-content\/uploads\/2025\/08\/Gym-Gardino-14-1536x1024.jpg 1536w, https:\/\/evolve-fitness.eu\/wp-content\/uploads\/2025\/08\/Gym-Gardino-14-600x400.jpg 600w, https:\/\/evolve-fitness.eu\/wp-content\/uploads\/2025\/08\/Gym-Gardino-14-225x150.jpg 225w, https:\/\/evolve-fitness.eu\/wp-content\/uploads\/2025\/08\/Gym-Gardino-14.jpg 2048w\" sizes=\"auto, (max-width: 1024px) 100vw, 1024px\" \/><\/figure>\n<\/div>\n\n\n\n<div class=\"wp-block-column is-vertically-aligned-center is-layout-flow wp-block-column-is-layout-flow\">\n<h3 class=\"wp-block-heading\" style=\"margin-bottom:var(--wp--preset--spacing--h-3-bottom)\"><strong><strong><strong><strong><strong><strong><strong><strong>Ihr Projekt, unser Engagement<\/strong><\/strong><\/strong><\/strong><\/strong><\/strong><\/strong><\/strong><\/h3>\n\n\n\n<p>Unabh\u00e4ngig von Gr\u00f6\u00dfe und Komplexit\u00e4t sind wir der Meinung, dass jede Installation einen pers\u00f6nlichen Ansatz verdient. Wir kombinieren technisches Fachwissen, moderne Designtools und praktische Erfahrung, um Ergebnisse zu erzielen, die Ihre Erwartungen \u00fcbertreffen. <\/p>\n<\/div>\n<\/div>\n<\/section>\n","protected":false},"excerpt":{"rendered":"<p>Wir liefern. Wir installieren. Sie schulen. Komplettl\u00f6sungen f\u00fcr Fitnessstudios in ganz Europa Wir bieten professionellen Liefer-, Installations- und Trainingsservice in allen europ\u00e4ischen L\u00e4ndern. Ganz gleich, ob Sie ein einzelnes Ger\u00e4t oder ein komplettes Fitnessstudio ben\u00f6tigen, wir \u00fcbernehmen den Prozess von der Planung bis zur Montage &#8211; damit Sie sich auf das Training konzentrieren k\u00f6nnen. Von [&hellip;]<\/p>\n","protected":false},"author":15,"featured_media":0,"parent":0,"menu_order":0,"comment_status":"closed","ping_status":"closed","template":"","meta":{"_acf_changed":false,"inline_featured_image":false,"footnotes":""},"class_list":["post-213192","page","type-page","status-publish","hentry"],"acf":[],"yoast_head":"<!-- This site is optimized with the Yoast SEO plugin v27.4 - https:\/\/yoast.com\/product\/yoast-seo-wordpress\/ -->\n<title>Installation - Evolve<\/title>\n<meta name=\"description\" content=\"Unser Liefer- und Installationsservice deckt alle europ\u00e4ischen L\u00e4nder ab. Von einzelnen Ger\u00e4ten bis hin zu kompletten kommerziellen Fitnessstudios, alle Arten von Fitnessstudios\" \/>\n<meta name=\"robots\" content=\"index, follow, max-snippet:-1, max-image-preview:large, max-video-preview:-1\" \/>\n<link rel=\"canonical\" href=\"https:\/\/evolve-fitness.eu\/de\/installation\/\" \/>\n<meta property=\"og:locale\" content=\"de_DE\" \/>\n<meta property=\"og:type\" content=\"article\" \/>\n<meta property=\"og:title\" content=\"Installation - Evolve\" \/>\n<meta property=\"og:description\" content=\"Unser Liefer- und Installationsservice deckt alle europ\u00e4ischen L\u00e4nder ab. Von einzelnen Ger\u00e4ten bis hin zu kompletten kommerziellen Fitnessstudios, alle Arten von Fitnessstudios\" \/>\n<meta property=\"og:url\" content=\"https:\/\/evolve-fitness.eu\/de\/installation\/\" \/>\n<meta property=\"og:site_name\" content=\"Evolve\" \/>\n<meta property=\"article:publisher\" content=\"https:\/\/www.facebook.com\/EvolveFitnessEurope\" \/>\n<meta property=\"article:modified_time\" content=\"2025-11-05T08:23:06+00:00\" \/>\n<meta property=\"og:image\" content=\"https:\/\/evolve-fitness.eu\/wp-content\/uploads\/2025\/08\/vlcsnap-2023-06-22-17h40m07s325-scaled.png\" \/>\n\t<meta property=\"og:image:width\" content=\"2560\" \/>\n\t<meta property=\"og:image:height\" content=\"1440\" \/>\n\t<meta property=\"og:image:type\" content=\"image\/png\" \/>\n<meta name=\"twitter:card\" content=\"summary_large_image\" \/>\n<script type=\"application\/ld+json\" class=\"yoast-schema-graph\">{\"@context\":\"https:\\\/\\\/schema.org\",\"@graph\":[{\"@type\":\"WebPage\",\"@id\":\"https:\\\/\\\/evolve-fitness.eu\\\/de\\\/installation\\\/\",\"url\":\"https:\\\/\\\/evolve-fitness.eu\\\/de\\\/installation\\\/\",\"name\":\"Installation - Evolve\",\"isPartOf\":{\"@id\":\"https:\\\/\\\/evolve-fitness.eu\\\/de\\\/#website\"},\"primaryImageOfPage\":{\"@id\":\"https:\\\/\\\/evolve-fitness.eu\\\/de\\\/installation\\\/#primaryimage\"},\"image\":{\"@id\":\"https:\\\/\\\/evolve-fitness.eu\\\/de\\\/installation\\\/#primaryimage\"},\"thumbnailUrl\":\"https:\\\/\\\/evolve-fitness.eu\\\/wp-content\\\/uploads\\\/2025\\\/08\\\/vlcsnap-2023-06-22-17h40m07s325-1024x576.png\",\"datePublished\":\"2025-07-07T03:44:43+00:00\",\"dateModified\":\"2025-11-05T08:23:06+00:00\",\"description\":\"Unser Liefer- und Installationsservice deckt alle europ\u00e4ischen L\u00e4nder ab. Von einzelnen Ger\u00e4ten bis hin zu kompletten kommerziellen Fitnessstudios, alle Arten von Fitnessstudios\",\"breadcrumb\":{\"@id\":\"https:\\\/\\\/evolve-fitness.eu\\\/de\\\/installation\\\/#breadcrumb\"},\"inLanguage\":\"de\",\"potentialAction\":[{\"@type\":\"ReadAction\",\"target\":[\"https:\\\/\\\/evolve-fitness.eu\\\/de\\\/installation\\\/\"]}]},{\"@type\":\"ImageObject\",\"inLanguage\":\"de\",\"@id\":\"https:\\\/\\\/evolve-fitness.eu\\\/de\\\/installation\\\/#primaryimage\",\"url\":\"https:\\\/\\\/evolve-fitness.eu\\\/wp-content\\\/uploads\\\/2025\\\/08\\\/vlcsnap-2023-06-22-17h40m07s325-1024x576.png\",\"contentUrl\":\"https:\\\/\\\/evolve-fitness.eu\\\/wp-content\\\/uploads\\\/2025\\\/08\\\/vlcsnap-2023-06-22-17h40m07s325-1024x576.png\"},{\"@type\":\"BreadcrumbList\",\"@id\":\"https:\\\/\\\/evolve-fitness.eu\\\/de\\\/installation\\\/#breadcrumb\",\"itemListElement\":[{\"@type\":\"ListItem\",\"position\":1,\"name\":\"Home\",\"item\":\"https:\\\/\\\/evolve-fitness.eu\\\/de\\\/\"},{\"@type\":\"ListItem\",\"position\":2,\"name\":\"Installation\"}]},{\"@type\":\"WebSite\",\"@id\":\"https:\\\/\\\/evolve-fitness.eu\\\/de\\\/#website\",\"url\":\"https:\\\/\\\/evolve-fitness.eu\\\/de\\\/\",\"name\":\"Evolve\",\"description\":\"Your Evolved Gear Arrived\",\"publisher\":{\"@id\":\"https:\\\/\\\/evolve-fitness.eu\\\/de\\\/#organization\"},\"potentialAction\":[{\"@type\":\"SearchAction\",\"target\":{\"@type\":\"EntryPoint\",\"urlTemplate\":\"https:\\\/\\\/evolve-fitness.eu\\\/de\\\/?s={search_term_string}\"},\"query-input\":{\"@type\":\"PropertyValueSpecification\",\"valueRequired\":true,\"valueName\":\"search_term_string\"}}],\"inLanguage\":\"de\"},{\"@type\":\"Organization\",\"@id\":\"https:\\\/\\\/evolve-fitness.eu\\\/de\\\/#organization\",\"name\":\"Evolve\",\"url\":\"https:\\\/\\\/evolve-fitness.eu\\\/de\\\/\",\"logo\":{\"@type\":\"ImageObject\",\"inLanguage\":\"de\",\"@id\":\"https:\\\/\\\/evolve-fitness.eu\\\/de\\\/#\\\/schema\\\/logo\\\/image\\\/\",\"url\":\"https:\\\/\\\/evolve-fitness.eu\\\/wp-content\\\/uploads\\\/2023\\\/05\\\/Evolve-logo.svg\",\"contentUrl\":\"https:\\\/\\\/evolve-fitness.eu\\\/wp-content\\\/uploads\\\/2023\\\/05\\\/Evolve-logo.svg\",\"width\":176,\"height\":20,\"caption\":\"Evolve\"},\"image\":{\"@id\":\"https:\\\/\\\/evolve-fitness.eu\\\/de\\\/#\\\/schema\\\/logo\\\/image\\\/\"},\"sameAs\":[\"https:\\\/\\\/www.facebook.com\\\/EvolveFitnessEurope\"]}]}<\/script>\n<!-- \/ Yoast SEO plugin. -->","yoast_head_json":{"title":"Installation - Evolve","description":"Unser Liefer- und Installationsservice deckt alle europ\u00e4ischen L\u00e4nder ab. Von einzelnen Ger\u00e4ten bis hin zu kompletten kommerziellen Fitnessstudios, alle Arten von Fitnessstudios","robots":{"index":"index","follow":"follow","max-snippet":"max-snippet:-1","max-image-preview":"max-image-preview:large","max-video-preview":"max-video-preview:-1"},"canonical":"https:\/\/evolve-fitness.eu\/de\/installation\/","og_locale":"de_DE","og_type":"article","og_title":"Installation - Evolve","og_description":"Unser Liefer- und Installationsservice deckt alle europ\u00e4ischen L\u00e4nder ab. Von einzelnen Ger\u00e4ten bis hin zu kompletten kommerziellen Fitnessstudios, alle Arten von Fitnessstudios","og_url":"https:\/\/evolve-fitness.eu\/de\/installation\/","og_site_name":"Evolve","article_publisher":"https:\/\/www.facebook.com\/EvolveFitnessEurope","article_modified_time":"2025-11-05T08:23:06+00:00","og_image":[{"width":2560,"height":1440,"url":"https:\/\/evolve-fitness.eu\/wp-content\/uploads\/2025\/08\/vlcsnap-2023-06-22-17h40m07s325-scaled.png","type":"image\/png"}],"twitter_card":"summary_large_image","schema":{"@context":"https:\/\/schema.org","@graph":[{"@type":"WebPage","@id":"https:\/\/evolve-fitness.eu\/de\/installation\/","url":"https:\/\/evolve-fitness.eu\/de\/installation\/","name":"Installation - Evolve","isPartOf":{"@id":"https:\/\/evolve-fitness.eu\/de\/#website"},"primaryImageOfPage":{"@id":"https:\/\/evolve-fitness.eu\/de\/installation\/#primaryimage"},"image":{"@id":"https:\/\/evolve-fitness.eu\/de\/installation\/#primaryimage"},"thumbnailUrl":"https:\/\/evolve-fitness.eu\/wp-content\/uploads\/2025\/08\/vlcsnap-2023-06-22-17h40m07s325-1024x576.png","datePublished":"2025-07-07T03:44:43+00:00","dateModified":"2025-11-05T08:23:06+00:00","description":"Unser Liefer- und Installationsservice deckt alle europ\u00e4ischen L\u00e4nder ab. Von einzelnen Ger\u00e4ten bis hin zu kompletten kommerziellen Fitnessstudios, alle Arten von Fitnessstudios","breadcrumb":{"@id":"https:\/\/evolve-fitness.eu\/de\/installation\/#breadcrumb"},"inLanguage":"de","potentialAction":[{"@type":"ReadAction","target":["https:\/\/evolve-fitness.eu\/de\/installation\/"]}]},{"@type":"ImageObject","inLanguage":"de","@id":"https:\/\/evolve-fitness.eu\/de\/installation\/#primaryimage","url":"https:\/\/evolve-fitness.eu\/wp-content\/uploads\/2025\/08\/vlcsnap-2023-06-22-17h40m07s325-1024x576.png","contentUrl":"https:\/\/evolve-fitness.eu\/wp-content\/uploads\/2025\/08\/vlcsnap-2023-06-22-17h40m07s325-1024x576.png"},{"@type":"BreadcrumbList","@id":"https:\/\/evolve-fitness.eu\/de\/installation\/#breadcrumb","itemListElement":[{"@type":"ListItem","position":1,"name":"Home","item":"https:\/\/evolve-fitness.eu\/de\/"},{"@type":"ListItem","position":2,"name":"Installation"}]},{"@type":"WebSite","@id":"https:\/\/evolve-fitness.eu\/de\/#website","url":"https:\/\/evolve-fitness.eu\/de\/","name":"Evolve","description":"Your Evolved Gear Arrived","publisher":{"@id":"https:\/\/evolve-fitness.eu\/de\/#organization"},"potentialAction":[{"@type":"SearchAction","target":{"@type":"EntryPoint","urlTemplate":"https:\/\/evolve-fitness.eu\/de\/?s={search_term_string}"},"query-input":{"@type":"PropertyValueSpecification","valueRequired":true,"valueName":"search_term_string"}}],"inLanguage":"de"},{"@type":"Organization","@id":"https:\/\/evolve-fitness.eu\/de\/#organization","name":"Evolve","url":"https:\/\/evolve-fitness.eu\/de\/","logo":{"@type":"ImageObject","inLanguage":"de","@id":"https:\/\/evolve-fitness.eu\/de\/#\/schema\/logo\/image\/","url":"https:\/\/evolve-fitness.eu\/wp-content\/uploads\/2023\/05\/Evolve-logo.svg","contentUrl":"https:\/\/evolve-fitness.eu\/wp-content\/uploads\/2023\/05\/Evolve-logo.svg","width":176,"height":20,"caption":"Evolve"},"image":{"@id":"https:\/\/evolve-fitness.eu\/de\/#\/schema\/logo\/image\/"},"sameAs":["https:\/\/www.facebook.com\/EvolveFitnessEurope"]}]}},"_links":{"self":[{"href":"https:\/\/evolve-fitness.eu\/de\/wp-json\/wp\/v2\/pages\/213192","targetHints":{"allow":["GET"]}}],"collection":[{"href":"https:\/\/evolve-fitness.eu\/de\/wp-json\/wp\/v2\/pages"}],"about":[{"href":"https:\/\/evolve-fitness.eu\/de\/wp-json\/wp\/v2\/types\/page"}],"author":[{"embeddable":true,"href":"https:\/\/evolve-fitness.eu\/de\/wp-json\/wp\/v2\/users\/15"}],"replies":[{"embeddable":true,"href":"https:\/\/evolve-fitness.eu\/de\/wp-json\/wp\/v2\/comments?post=213192"}],"version-history":[{"count":0,"href":"https:\/\/evolve-fitness.eu\/de\/wp-json\/wp\/v2\/pages\/213192\/revisions"}],"wp:attachment":[{"href":"https:\/\/evolve-fitness.eu\/de\/wp-json\/wp\/v2\/media?parent=213192"}],"curies":[{"name":"wp","href":"https:\/\/api.w.org\/{rel}","templated":true}]}}