{"id":11483,"date":"2023-08-03T12:22:43","date_gmt":"2023-08-03T12:22:43","guid":{"rendered":"https:\/\/evolve-fitness.eu\/product\/evolve-powerlifting-kalibrierte-hantelscheibe-025kg-25kg\/"},"modified":"2026-03-12T14:12:32","modified_gmt":"2026-03-12T12:12:32","slug":"evolve-powerlifting-kalibrierte-hantelscheibe-025kg-25kg","status":"publish","type":"product","link":"https:\/\/evolve-fitness.eu\/de\/produkt\/evolve-powerlifting-kalibrierte-hantelscheibe-025kg-25kg\/","title":{"rendered":"Evolve Powerlifting Kalibrierte Hantelscheibe 0,5kg &#8211; 25kg (WP-PP-OLD)"},"content":{"rendered":"\n<section class=\"wp-block-group alignfull has-lightgray-background-color has-background is-layout-constrained wp-block-group-is-layout-constrained\">\n<div class=\"wp-block-columns alignwide is-layout-flex wp-container-core-columns-is-layout-2edb0647 wp-block-columns-is-layout-flex\" style=\"margin-top:0;margin-bottom:0\">\n<div class=\"wp-block-column is-layout-flow wp-block-column-is-layout-flow\" style=\"flex-basis:33.33%\"><\/div>\n\n\n\n<div class=\"wp-block-column is-layout-flow wp-block-column-is-layout-flow\" style=\"flex-basis:66.66%\"><\/div>\n<\/div>\n<\/section>\n\n<section class=\"wp-block-group alignfull black-content has-white-color has-darkgray-background-color has-text-color has-background is-layout-constrained wp-block-group-is-layout-constrained\" style=\"padding-top:var(--wp--preset--spacing--section-bottom);padding-bottom:var(--wp--preset--spacing--section-bottom)\">\n<div class=\"wp-block-columns alignwide mobile-reverse is-layout-flex wp-container-core-columns-is-layout-ca64bf2d wp-block-columns-is-layout-flex\" style=\"margin-bottom:var(--wp--preset--spacing--side-padding)\">\n<div class=\"wp-block-column is-vertically-aligned-center is-layout-flow wp-block-column-is-layout-flow\">\n<h3 class=\"wp-block-heading\" style=\"margin-bottom:var(--wp--preset--spacing--h-3-bottom)\">Einhaltung der IPF-Standards<\/h3>\n\n\n\n<p><em><strong>Unerreichte Leistung garantiert<\/strong><\/em><\/p>\n\n\n\n<p style=\"margin-bottom:var(--wp--preset--spacing--tb-section-padding)\">Evolve Powerlifting Stahlhantelscheiben entsprechen den IPF-Standards und setzen einen neuen Ma\u00dfstab f\u00fcr kompromisslose Qualit\u00e4t und Leistung. Diese Platten wurden streng getestet, um die strengen Anforderungen des Verbandes zu erf\u00fcllen, und gew\u00e4hrleisten, dass Sie den h\u00f6chsten Standard beim Heben erleben. Bei Evolve k\u00f6nnen Sie sich darauf verlassen, dass jede Platte die Kriterien erf\u00fcllt, die von Fachleuten auf der ganzen Welt gefordert werden, und dass sie w\u00e4hrend der gesamten Ausbildungszeit unvergleichliche Konsistenz und Pr\u00e4zision bietet.<\/p>\n<\/div>\n\n\n\n<div class=\"wp-block-column is-vertically-aligned-center is-layout-flow wp-block-column-is-layout-flow\">\n<figure class=\"wp-block-image alignright size-full is-resized is-style-rounded\"><img loading=\"lazy\" decoding=\"async\" width=\"1000\" height=\"750\" src=\"https:\/\/evolve-fitness.eu\/wp-content\/uploads\/2023\/08\/1-2.jpg\" alt=\"\" class=\"wp-image-596\" style=\"object-fit:cover;width:680px;height:600px\" srcset=\"https:\/\/evolve-fitness.eu\/wp-content\/uploads\/2023\/08\/1-2.jpg 1000w, https:\/\/evolve-fitness.eu\/wp-content\/uploads\/2023\/08\/1-2-300x225.jpg 300w, https:\/\/evolve-fitness.eu\/wp-content\/uploads\/2023\/08\/1-2-200x150.jpg 200w, https:\/\/evolve-fitness.eu\/wp-content\/uploads\/2023\/08\/1-2-600x450.jpg 600w, https:\/\/evolve-fitness.eu\/wp-content\/uploads\/2023\/08\/1-2-150x113.jpg 150w, https:\/\/evolve-fitness.eu\/wp-content\/uploads\/2023\/08\/1-2-768x576.jpg 768w\" sizes=\"auto, (max-width: 1000px) 100vw, 1000px\" \/><\/figure>\n<\/div>\n<\/div>\n\n\n\n<div class=\"wp-block-columns alignwide is-layout-flex wp-container-core-columns-is-layout-c45ee707 wp-block-columns-is-layout-flex\" style=\"margin-bottom:var(--wp--preset--spacing--side-padding);padding-top:var(--wp--preset--spacing--side-padding)\">\n<div class=\"wp-block-column is-vertically-aligned-center is-layout-flow wp-block-column-is-layout-flow\">\n<figure class=\"wp-block-video\"><video height=\"720\" style=\"aspect-ratio: 1280 \/ 720;\" width=\"1280\" autoplay=\"\" controls=\"\" loop=\"\" muted=\"\" src=\"https:\/\/evolve-fitness.eu\/wp-content\/uploads\/2023\/10\/Evolve-Powerlifting-Calibrated-Weight-Plate25kg.mp4\"><\/video><\/figure>\n<\/div>\n\n\n\n<div class=\"wp-block-column is-vertically-aligned-center is-layout-constrained wp-block-column-is-layout-constrained\">\n<h3 class=\"wp-block-heading\" style=\"margin-bottom:var(--wp--preset--spacing--h-3-bottom)\">Maximale Kalibrierung, minimale Toleranz<\/h3>\n\n\n\n<p><strong><em><strong><em>Steigern Sie Ihre Leistung<\/em><\/strong><\/em><\/strong><\/p>\n\n\n\n<p style=\"margin-bottom:var(--wp--preset--spacing--tb-section-padding)\">Pr\u00e4zision ist das A und O beim Kraftdreikampf, und die Evolve Powerlifting Stahlhantelscheiben zeichnen sich in dieser Hinsicht aus. Mit h\u00f6chster Pr\u00e4zision und einer minimalen Gewichtstoleranz von \u00b1 10 g kalibriert, gew\u00e4hrleisten diese Platten m\u00f6glichst genaue und zuverl\u00e4ssige Hebungen. Verabschieden Sie sich von Ungereimtheiten und genie\u00dfen Sie das Selbstvertrauen, das sich aus der perfekten Kalibrierung ergibt, denn mit jedem Heben kommen Sie Ihren Kraftzielen n\u00e4her.<\/p>\n<\/div>\n<\/div>\n\n\n\n<div class=\"wp-block-columns alignwide is-layout-flex wp-container-core-columns-is-layout-c45ee707 wp-block-columns-is-layout-flex\" style=\"margin-bottom:var(--wp--preset--spacing--side-padding);padding-top:var(--wp--preset--spacing--side-padding)\">\n<div class=\"wp-block-column is-vertically-aligned-center is-layout-flow wp-block-column-is-layout-flow\">\n<h3 class=\"wp-block-heading\" style=\"margin-bottom:var(--wp--preset--spacing--h-3-bottom)\">Premium-Edelstahl<\/h3>\n\n\n\n<p><strong><em>Umfassen Sie unnachgiebige St\u00e4rke<\/em><\/strong><\/p>\n\n\n\n<p style=\"margin-bottom:var(--wp--preset--spacing--tb-section-padding)\">Evolve Powerlifting Stahlhantelscheiben sind aus hochwertigem Edelstahl geschmiedet, ein Beweis f\u00fcr ihre unersch\u00fctterliche St\u00e4rke und Haltbarkeit. Diese Platten sind so konstruiert, dass sie selbst den intensivsten Trainingsprogrammen standhalten und eine robuste Grundlage f\u00fcr Ihre Hebeversuche bilden. Als vertrauensw\u00fcrdiger Partner auf Ihrem Weg zur Fitness stellt Evolve durch die Verwendung hochwertiger Materialien sicher, dass Sie Ger\u00e4te erhalten, die dem Test der Zeit standhalten.<\/p>\n<\/div>\n\n\n\n<div class=\"wp-block-column is-vertically-aligned-center is-layout-flow wp-block-column-is-layout-flow\">\n<div class=\"wp-block-columns is-layout-flex wp-container-core-columns-is-layout-9d6595d7 wp-block-columns-is-layout-flex\">\n<div class=\"wp-block-column is-layout-flow wp-block-column-is-layout-flow\">\n<figure class=\"wp-block-image size-full is-resized is-style-rounded\"><img loading=\"lazy\" decoding=\"async\" width=\"1000\" height=\"750\" src=\"https:\/\/evolve-fitness.eu\/wp-content\/uploads\/2023\/08\/2-1.jpg\" alt=\"\" class=\"wp-image-598\" style=\"object-fit:cover;width:680px;height:600px\" srcset=\"https:\/\/evolve-fitness.eu\/wp-content\/uploads\/2023\/08\/2-1.jpg 1000w, https:\/\/evolve-fitness.eu\/wp-content\/uploads\/2023\/08\/2-1-300x225.jpg 300w, https:\/\/evolve-fitness.eu\/wp-content\/uploads\/2023\/08\/2-1-200x150.jpg 200w, https:\/\/evolve-fitness.eu\/wp-content\/uploads\/2023\/08\/2-1-600x450.jpg 600w, https:\/\/evolve-fitness.eu\/wp-content\/uploads\/2023\/08\/2-1-150x113.jpg 150w, https:\/\/evolve-fitness.eu\/wp-content\/uploads\/2023\/08\/2-1-768x576.jpg 768w\" sizes=\"auto, (max-width: 1000px) 100vw, 1000px\" \/><\/figure>\n<\/div>\n<\/div>\n<\/div>\n<\/div>\n\n\n\n<div class=\"wp-block-columns alignwide is-layout-flex wp-container-core-columns-is-layout-c45ee707 wp-block-columns-is-layout-flex\" style=\"margin-bottom:var(--wp--preset--spacing--side-padding);padding-top:var(--wp--preset--spacing--side-padding)\">\n<div class=\"wp-block-column is-vertically-aligned-center is-layout-flow wp-block-column-is-layout-flow\">\n<figure class=\"wp-block-image size-full is-resized is-style-rounded\"><img loading=\"lazy\" decoding=\"async\" width=\"1000\" height=\"750\" src=\"https:\/\/evolve-fitness.eu\/wp-content\/uploads\/2023\/08\/0-3.jpg\" alt=\"\" class=\"wp-image-594\" style=\"object-fit:cover;width:680px;height:600px\" srcset=\"https:\/\/evolve-fitness.eu\/wp-content\/uploads\/2023\/08\/0-3.jpg 1000w, https:\/\/evolve-fitness.eu\/wp-content\/uploads\/2023\/08\/0-3-300x225.jpg 300w, https:\/\/evolve-fitness.eu\/wp-content\/uploads\/2023\/08\/0-3-200x150.jpg 200w, https:\/\/evolve-fitness.eu\/wp-content\/uploads\/2023\/08\/0-3-600x450.jpg 600w, https:\/\/evolve-fitness.eu\/wp-content\/uploads\/2023\/08\/0-3-150x113.jpg 150w, https:\/\/evolve-fitness.eu\/wp-content\/uploads\/2023\/08\/0-3-768x576.jpg 768w\" sizes=\"auto, (max-width: 1000px) 100vw, 1000px\" \/><\/figure>\n<\/div>\n\n\n\n<div class=\"wp-block-column is-vertically-aligned-center is-layout-flow wp-block-column-is-layout-flow\">\n<h3 class=\"wp-block-heading\" style=\"margin-bottom:var(--wp--preset--spacing--h-3-bottom)\">Olympische Farbkodierung und Gewichtsvielfalt<\/h3>\n\n\n\n<p><strong><em>Ma\u00dfgeschneidert f\u00fcr Ihre Bed\u00fcrfnisse<\/em><\/strong><\/p>\n\n\n\n<p>Evolve Powerlifting Stahlhantelscheiben bieten Komfort und Vielseitigkeit f\u00fcr Ihr Training. Dank der olympischen Farbcodierung an den Seiten ist die Auswahl des richtigen Gewichts m\u00fchelos und optimiert die Effizienz Ihres Trainings. W\u00e4hlen Sie aus einer Vielzahl von Gewichten, angefangen bei 0,5 kg bis hin zu 25 kg, um Ihre individuellen Kraftziele zu erreichen. Egal, ob Sie Anf\u00e4nger oder erfahrener Heber sind, Evolve bietet die perfekte Auswahl, um Ihr Heberlebnis zu verbessern und Ihr volles Potenzial zu entfalten.<\/p>\n<\/div>\n<\/div>\n\n\n\n<div class=\"wp-block-columns alignwide is-layout-flex wp-container-core-columns-is-layout-c45ee707 wp-block-columns-is-layout-flex\" style=\"margin-bottom:var(--wp--preset--spacing--side-padding);padding-top:var(--wp--preset--spacing--side-padding)\">\n<div class=\"wp-block-column is-vertically-aligned-center is-layout-flow wp-block-column-is-layout-flow\">\n<h3 class=\"wp-block-heading\" style=\"margin-bottom:var(--wp--preset--spacing--h-3-bottom)\">auffallend d\u00fcnnes Profil<\/h3>\n\n\n\n<p><strong><em>Und farbcodiert<\/em><\/strong><\/p>\n\n\n\n<p>Bei der Herstellung dieser Scheiben wird ein Pr\u00e4zisionsschnitt durchgef\u00fchrt, der zu einem bemerkenswert d\u00fcnnen Profil f\u00fchrt. Diese bewusste Entscheidung f\u00fcr ein Design erh\u00f6ht die Belastbarkeit der Scheiben, so dass sie mit einem Gewicht von \u00fcber 900 Kilogramm eine beachtliche Tragf\u00e4higkeit erreichen. Dar\u00fcber hinaus ist jede Disc mit einer durchdachten Farbkodierung versehen, die einen doppelten Zweck erf\u00fcllt. Es verleiht ihnen nicht nur ein optisch ansprechendes Aussehen, sondern erleichtert auch die Identifizierung aus gro\u00dfer Entfernung.<\/p>\n<\/div>\n\n\n\n<div class=\"wp-block-column is-vertically-aligned-center is-layout-flow wp-block-column-is-layout-flow\">\n<figure class=\"wp-block-image size-large is-resized is-style-rounded\"><img loading=\"lazy\" decoding=\"async\" width=\"1024\" height=\"1024\" src=\"https:\/\/evolve-fitness.eu\/wp-content\/uploads\/2023\/08\/EV-WP-PP-1024x1024.png\" alt=\"\" class=\"wp-image-223130\" style=\"object-fit:cover;width:680px;height:600px\" srcset=\"https:\/\/evolve-fitness.eu\/wp-content\/uploads\/2023\/08\/EV-WP-PP-1024x1024.png 1024w, https:\/\/evolve-fitness.eu\/wp-content\/uploads\/2023\/08\/EV-WP-PP-300x300.png 300w, https:\/\/evolve-fitness.eu\/wp-content\/uploads\/2023\/08\/EV-WP-PP-150x150.png 150w, https:\/\/evolve-fitness.eu\/wp-content\/uploads\/2023\/08\/EV-WP-PP-768x768.png 768w, https:\/\/evolve-fitness.eu\/wp-content\/uploads\/2023\/08\/EV-WP-PP-600x600.png 600w, https:\/\/evolve-fitness.eu\/wp-content\/uploads\/2023\/08\/EV-WP-PP.png 1080w\" sizes=\"auto, (max-width: 1024px) 100vw, 1024px\" \/><\/figure>\n<\/div>\n<\/div>\n\n\n\n<div class=\"wp-block-columns alignwide is-layout-flex wp-container-core-columns-is-layout-c45ee707 wp-block-columns-is-layout-flex\" style=\"margin-bottom:var(--wp--preset--spacing--side-padding);padding-top:var(--wp--preset--spacing--side-padding)\">\n<div class=\"wp-block-column is-vertically-aligned-center is-layout-flow wp-block-column-is-layout-flow\">\n<div class=\"wp-block-columns is-layout-flex wp-container-core-columns-is-layout-9d6595d7 wp-block-columns-is-layout-flex\">\n<div class=\"wp-block-column is-layout-flow wp-block-column-is-layout-flow\">\n<figure class=\"wp-block-embed is-type-video is-provider-youtube wp-block-embed-youtube wp-embed-aspect-16-9 wp-has-aspect-ratio\"><div class=\"wp-block-embed__wrapper\">\n<iframe loading=\"lazy\" title=\"Evolve Free Standing Powerlifting Sound &amp; Vibration Absorption Platform\" width=\"500\" height=\"281\" src=\"https:\/\/www.youtube.com\/embed\/0ycTmQD86Mw?feature=oembed\" frameborder=\"0\" allow=\"accelerometer; autoplay; clipboard-write; encrypted-media; gyroscope; picture-in-picture; web-share\" referrerpolicy=\"strict-origin-when-cross-origin\" allowfullscreen><\/iframe>\n<\/div><\/figure>\n<\/div>\n<\/div>\n<\/div>\n<\/div>\n<\/section>\n","protected":false},"excerpt":{"rendered":"<p>Entdecken Sie den Inbegriff von Kraft und Pr\u00e4zision mit den Evolve Powerlifting Steel Weight Plates. Diese sorgf\u00e4ltig aus hochwertigem Edelstahl gefertigten Platten entsprechen den IPF-Normen und gew\u00e4hrleisten eine unvergleichliche Leistung und Haltbarkeit. Dank der Pr\u00e4zisionskalibrierung und einer minimalen Gewichtstoleranz von \u00b1 10 g k\u00f6nnen Sie sich auf konsistente und zuverl\u00e4ssige Hebevorg\u00e4nge verlassen. Der olympische Farbstreifen vereinfacht die Identifizierung der Gewichte, w\u00e4hrend die gro\u00dfe Auswahl an Gewichten, die von 0,5 kg bis 25 kg reichen, f\u00fcr Heber aller Leistungsstufen geeignet ist. Mit der unschlagbaren Qualit\u00e4t und Handwerkskunst von Evolve, die selbst den h\u00e4rtesten Trainingseinheiten standh\u00e4lt, k\u00f6nnen Sie Ihr Training aufwerten. Erleben Sie das Selbstvertrauen, das Sie beim Heben mit den Evolve Powerlifting-Stahlhantelscheiben haben, die perfekte Wahl f\u00fcr Leistung und Fortschritt auf professionellem Niveau.<\/p>\n","protected":false},"featured_media":223219,"template":"","meta":{"_acf_changed":false,"inline_featured_image":false},"product_brand":[],"product_cat":[385,386],"product_tag":[523,522,519,515,516,514,517,521,518,520],"class_list":{"0":"post-11483","1":"product","2":"type-product","3":"status-publish","4":"has-post-thumbnail","6":"product_cat-freie-gewichte","7":"product_cat-hantelscheiben","8":"product_tag-3d-de","9":"product_tag-dunnes-profil","10":"product_tag-farbcodierung","11":"product_tag-hantelscheibe","12":"product_tag-ipf-de","13":"product_tag-kalibriert","14":"product_tag-kraftdreikampf","15":"product_tag-olympisch","16":"product_tag-rostfreier-stahl","17":"product_tag-sorte","19":"first","20":"instock","21":"shipping-taxable","22":"purchasable","23":"product-type-variable","24":"has-default-attributes"},"acf":{"long_title":"Evolve Powerlifting Kalibrierte Hantelscheibe 0,5kg - 25kg (WP-PP-OLD)","subtitle":"","specifications":[{"label":"SKU","text_value":"EV-WP-PP-OLD","icon":"x"},{"label":"Material","text_value":"Premium-Edelstahl","icon":"x"},{"label":"Gewichtstoleranz","text_value":"\u00b1 10 g","icon":"x"},{"label":"Olympische Farbkodierung","text_value":"","icon":"x"},{"label":"Gewichtsbereich","text_value":"0,5 kg bis 25 kg","icon":"v"}]},"yoast_head":"<!-- This site is optimized with the Yoast SEO plugin v26.6 - https:\/\/yoast.com\/wordpress\/plugins\/seo\/ -->\n<title>Evolve Powerlifting Kalibrierte Hantelscheibe 0,5kg - 25kg (WP-PP-OLD) - Evolve<\/title>\n<meta name=\"robots\" content=\"index, follow, max-snippet:-1, max-image-preview:large, max-video-preview:-1\" \/>\n<link rel=\"canonical\" href=\"https:\/\/evolve-fitness.eu\/de\/produkt\/evolve-powerlifting-kalibrierte-hantelscheibe-025kg-25kg\/\" \/>\n<meta property=\"og:locale\" content=\"de_DE\" \/>\n<meta property=\"og:type\" content=\"article\" \/>\n<meta property=\"og:title\" content=\"Evolve Powerlifting Kalibrierte Hantelscheibe 0,5kg - 25kg (WP-PP-OLD) - Evolve\" \/>\n<meta property=\"og:url\" content=\"https:\/\/evolve-fitness.eu\/de\/produkt\/evolve-powerlifting-kalibrierte-hantelscheibe-025kg-25kg\/\" \/>\n<meta property=\"og:site_name\" content=\"Evolve\" \/>\n<meta property=\"article:publisher\" content=\"https:\/\/www.facebook.com\/EvolveFitnessEurope\" \/>\n<meta property=\"article:modified_time\" content=\"2026-03-12T12:12:32+00:00\" \/>\n<meta property=\"og:image\" content=\"https:\/\/evolve-fitness.eu\/wp-content\/uploads\/2023\/08\/2.png\" \/>\n\t<meta property=\"og:image:width\" content=\"1080\" \/>\n\t<meta property=\"og:image:height\" content=\"1080\" \/>\n\t<meta property=\"og:image:type\" content=\"image\/png\" \/>\n<meta name=\"twitter:card\" content=\"summary_large_image\" \/>\n<script type=\"application\/ld+json\" class=\"yoast-schema-graph\">{\"@context\":\"https:\/\/schema.org\",\"@graph\":[{\"@type\":\"WebPage\",\"@id\":\"https:\/\/evolve-fitness.eu\/de\/produkt\/evolve-powerlifting-kalibrierte-hantelscheibe-025kg-25kg\/\",\"url\":\"https:\/\/evolve-fitness.eu\/de\/produkt\/evolve-powerlifting-kalibrierte-hantelscheibe-025kg-25kg\/\",\"name\":\"Evolve Powerlifting Kalibrierte Hantelscheibe 0,5kg - 25kg (WP-PP-OLD) - Evolve\",\"isPartOf\":{\"@id\":\"https:\/\/evolve-fitness.eu\/de\/#website\"},\"primaryImageOfPage\":{\"@id\":\"https:\/\/evolve-fitness.eu\/de\/produkt\/evolve-powerlifting-kalibrierte-hantelscheibe-025kg-25kg\/#primaryimage\"},\"image\":{\"@id\":\"https:\/\/evolve-fitness.eu\/de\/produkt\/evolve-powerlifting-kalibrierte-hantelscheibe-025kg-25kg\/#primaryimage\"},\"thumbnailUrl\":\"https:\/\/evolve-fitness.eu\/wp-content\/uploads\/2023\/08\/2.png\",\"datePublished\":\"2023-08-03T12:22:43+00:00\",\"dateModified\":\"2026-03-12T12:12:32+00:00\",\"breadcrumb\":{\"@id\":\"https:\/\/evolve-fitness.eu\/de\/produkt\/evolve-powerlifting-kalibrierte-hantelscheibe-025kg-25kg\/#breadcrumb\"},\"inLanguage\":\"de\",\"potentialAction\":[{\"@type\":\"ReadAction\",\"target\":[\"https:\/\/evolve-fitness.eu\/de\/produkt\/evolve-powerlifting-kalibrierte-hantelscheibe-025kg-25kg\/\"]}]},{\"@type\":\"ImageObject\",\"inLanguage\":\"de\",\"@id\":\"https:\/\/evolve-fitness.eu\/de\/produkt\/evolve-powerlifting-kalibrierte-hantelscheibe-025kg-25kg\/#primaryimage\",\"url\":\"https:\/\/evolve-fitness.eu\/wp-content\/uploads\/2023\/08\/2.png\",\"contentUrl\":\"https:\/\/evolve-fitness.eu\/wp-content\/uploads\/2023\/08\/2.png\",\"width\":1080,\"height\":1080},{\"@type\":\"BreadcrumbList\",\"@id\":\"https:\/\/evolve-fitness.eu\/de\/produkt\/evolve-powerlifting-kalibrierte-hantelscheibe-025kg-25kg\/#breadcrumb\",\"itemListElement\":[{\"@type\":\"ListItem\",\"position\":1,\"name\":\"Home\",\"item\":\"https:\/\/evolve-fitness.eu\/de\/\"},{\"@type\":\"ListItem\",\"position\":2,\"name\":\"Produkte\",\"item\":\"https:\/\/evolve-fitness.eu\/de\/shop\/\"},{\"@type\":\"ListItem\",\"position\":3,\"name\":\"Evolve Powerlifting Kalibrierte Hantelscheibe 0,5kg &#8211; 25kg (WP-PP-OLD)\"}]},{\"@type\":\"WebSite\",\"@id\":\"https:\/\/evolve-fitness.eu\/de\/#website\",\"url\":\"https:\/\/evolve-fitness.eu\/de\/\",\"name\":\"Evolve\",\"description\":\"Your Evolved Gear Arrived\",\"publisher\":{\"@id\":\"https:\/\/evolve-fitness.eu\/de\/#organization\"},\"potentialAction\":[{\"@type\":\"SearchAction\",\"target\":{\"@type\":\"EntryPoint\",\"urlTemplate\":\"https:\/\/evolve-fitness.eu\/de\/?s={search_term_string}\"},\"query-input\":{\"@type\":\"PropertyValueSpecification\",\"valueRequired\":true,\"valueName\":\"search_term_string\"}}],\"inLanguage\":\"de\"},{\"@type\":\"Organization\",\"@id\":\"https:\/\/evolve-fitness.eu\/de\/#organization\",\"name\":\"Evolve\",\"url\":\"https:\/\/evolve-fitness.eu\/de\/\",\"logo\":{\"@type\":\"ImageObject\",\"inLanguage\":\"de\",\"@id\":\"https:\/\/evolve-fitness.eu\/de\/#\/schema\/logo\/image\/\",\"url\":\"https:\/\/evolve-fitness.eu\/wp-content\/uploads\/2023\/05\/Evolve-logo.svg\",\"contentUrl\":\"https:\/\/evolve-fitness.eu\/wp-content\/uploads\/2023\/05\/Evolve-logo.svg\",\"width\":176,\"height\":20,\"caption\":\"Evolve\"},\"image\":{\"@id\":\"https:\/\/evolve-fitness.eu\/de\/#\/schema\/logo\/image\/\"},\"sameAs\":[\"https:\/\/www.facebook.com\/EvolveFitnessEurope\"]}]}<\/script>\n<!-- \/ Yoast SEO plugin. -->","yoast_head_json":{"title":"Evolve Powerlifting Kalibrierte Hantelscheibe 0,5kg - 25kg (WP-PP-OLD) - Evolve","robots":{"index":"index","follow":"follow","max-snippet":"max-snippet:-1","max-image-preview":"max-image-preview:large","max-video-preview":"max-video-preview:-1"},"canonical":"https:\/\/evolve-fitness.eu\/de\/produkt\/evolve-powerlifting-kalibrierte-hantelscheibe-025kg-25kg\/","og_locale":"de_DE","og_type":"article","og_title":"Evolve Powerlifting Kalibrierte Hantelscheibe 0,5kg - 25kg (WP-PP-OLD) - Evolve","og_url":"https:\/\/evolve-fitness.eu\/de\/produkt\/evolve-powerlifting-kalibrierte-hantelscheibe-025kg-25kg\/","og_site_name":"Evolve","article_publisher":"https:\/\/www.facebook.com\/EvolveFitnessEurope","article_modified_time":"2026-03-12T12:12:32+00:00","og_image":[{"width":1080,"height":1080,"url":"https:\/\/evolve-fitness.eu\/wp-content\/uploads\/2023\/08\/2.png","type":"image\/png"}],"twitter_card":"summary_large_image","schema":{"@context":"https:\/\/schema.org","@graph":[{"@type":"WebPage","@id":"https:\/\/evolve-fitness.eu\/de\/produkt\/evolve-powerlifting-kalibrierte-hantelscheibe-025kg-25kg\/","url":"https:\/\/evolve-fitness.eu\/de\/produkt\/evolve-powerlifting-kalibrierte-hantelscheibe-025kg-25kg\/","name":"Evolve Powerlifting Kalibrierte Hantelscheibe 0,5kg - 25kg (WP-PP-OLD) - Evolve","isPartOf":{"@id":"https:\/\/evolve-fitness.eu\/de\/#website"},"primaryImageOfPage":{"@id":"https:\/\/evolve-fitness.eu\/de\/produkt\/evolve-powerlifting-kalibrierte-hantelscheibe-025kg-25kg\/#primaryimage"},"image":{"@id":"https:\/\/evolve-fitness.eu\/de\/produkt\/evolve-powerlifting-kalibrierte-hantelscheibe-025kg-25kg\/#primaryimage"},"thumbnailUrl":"https:\/\/evolve-fitness.eu\/wp-content\/uploads\/2023\/08\/2.png","datePublished":"2023-08-03T12:22:43+00:00","dateModified":"2026-03-12T12:12:32+00:00","breadcrumb":{"@id":"https:\/\/evolve-fitness.eu\/de\/produkt\/evolve-powerlifting-kalibrierte-hantelscheibe-025kg-25kg\/#breadcrumb"},"inLanguage":"de","potentialAction":[{"@type":"ReadAction","target":["https:\/\/evolve-fitness.eu\/de\/produkt\/evolve-powerlifting-kalibrierte-hantelscheibe-025kg-25kg\/"]}]},{"@type":"ImageObject","inLanguage":"de","@id":"https:\/\/evolve-fitness.eu\/de\/produkt\/evolve-powerlifting-kalibrierte-hantelscheibe-025kg-25kg\/#primaryimage","url":"https:\/\/evolve-fitness.eu\/wp-content\/uploads\/2023\/08\/2.png","contentUrl":"https:\/\/evolve-fitness.eu\/wp-content\/uploads\/2023\/08\/2.png","width":1080,"height":1080},{"@type":"BreadcrumbList","@id":"https:\/\/evolve-fitness.eu\/de\/produkt\/evolve-powerlifting-kalibrierte-hantelscheibe-025kg-25kg\/#breadcrumb","itemListElement":[{"@type":"ListItem","position":1,"name":"Home","item":"https:\/\/evolve-fitness.eu\/de\/"},{"@type":"ListItem","position":2,"name":"Produkte","item":"https:\/\/evolve-fitness.eu\/de\/shop\/"},{"@type":"ListItem","position":3,"name":"Evolve Powerlifting Kalibrierte Hantelscheibe 0,5kg &#8211; 25kg (WP-PP-OLD)"}]},{"@type":"WebSite","@id":"https:\/\/evolve-fitness.eu\/de\/#website","url":"https:\/\/evolve-fitness.eu\/de\/","name":"Evolve","description":"Your Evolved Gear Arrived","publisher":{"@id":"https:\/\/evolve-fitness.eu\/de\/#organization"},"potentialAction":[{"@type":"SearchAction","target":{"@type":"EntryPoint","urlTemplate":"https:\/\/evolve-fitness.eu\/de\/?s={search_term_string}"},"query-input":{"@type":"PropertyValueSpecification","valueRequired":true,"valueName":"search_term_string"}}],"inLanguage":"de"},{"@type":"Organization","@id":"https:\/\/evolve-fitness.eu\/de\/#organization","name":"Evolve","url":"https:\/\/evolve-fitness.eu\/de\/","logo":{"@type":"ImageObject","inLanguage":"de","@id":"https:\/\/evolve-fitness.eu\/de\/#\/schema\/logo\/image\/","url":"https:\/\/evolve-fitness.eu\/wp-content\/uploads\/2023\/05\/Evolve-logo.svg","contentUrl":"https:\/\/evolve-fitness.eu\/wp-content\/uploads\/2023\/05\/Evolve-logo.svg","width":176,"height":20,"caption":"Evolve"},"image":{"@id":"https:\/\/evolve-fitness.eu\/de\/#\/schema\/logo\/image\/"},"sameAs":["https:\/\/www.facebook.com\/EvolveFitnessEurope"]}]}},"_links":{"self":[{"href":"https:\/\/evolve-fitness.eu\/de\/wp-json\/wp\/v2\/product\/11483","targetHints":{"allow":["GET"]}}],"collection":[{"href":"https:\/\/evolve-fitness.eu\/de\/wp-json\/wp\/v2\/product"}],"about":[{"href":"https:\/\/evolve-fitness.eu\/de\/wp-json\/wp\/v2\/types\/product"}],"wp:featuredmedia":[{"embeddable":true,"href":"https:\/\/evolve-fitness.eu\/de\/wp-json\/wp\/v2\/media\/223219"}],"wp:attachment":[{"href":"https:\/\/evolve-fitness.eu\/de\/wp-json\/wp\/v2\/media?parent=11483"}],"wp:term":[{"taxonomy":"product_brand","embeddable":true,"href":"https:\/\/evolve-fitness.eu\/de\/wp-json\/wp\/v2\/product_brand?post=11483"},{"taxonomy":"product_cat","embeddable":true,"href":"https:\/\/evolve-fitness.eu\/de\/wp-json\/wp\/v2\/product_cat?post=11483"},{"taxonomy":"product_tag","embeddable":true,"href":"https:\/\/evolve-fitness.eu\/de\/wp-json\/wp\/v2\/product_tag?post=11483"}],"curies":[{"name":"wp","href":"https:\/\/api.w.org\/{rel}","templated":true}]}}