{"id":12210,"date":"2023-08-28T14:46:19","date_gmt":"2023-08-28T14:46:19","guid":{"rendered":"https:\/\/evolve-fitness.eu\/product\/evolve-econ-serie-selectorized-dual-adjustable-pulley\/"},"modified":"2024-12-06T13:47:50","modified_gmt":"2024-12-06T13:47:50","slug":"evolve-econ-serie-selectorized-dual-adjustable-pulley","status":"publish","type":"product","link":"https:\/\/evolve-fitness.eu\/de\/produkt\/evolve-econ-serie-selectorized-dual-adjustable-pulley\/","title":{"rendered":"Evolve Econ Serie Selectorized Dual Adjustable Pulley"},"content":{"rendered":"\n<section class=\"wp-block-group alignfull has-lightgray-background-color has-background is-layout-constrained wp-block-group-is-layout-constrained\">\n<div class=\"wp-block-columns alignwide is-layout-flex wp-container-core-columns-is-layout-2edb0647 wp-block-columns-is-layout-flex\" style=\"margin-top:0;margin-bottom:0\">\n<div class=\"wp-block-column is-layout-flow wp-block-column-is-layout-flow\" style=\"flex-basis:33.33%\"><\/div>\n\n\n\n<div class=\"wp-block-column is-layout-flow wp-block-column-is-layout-flow\" style=\"flex-basis:66.66%\"><\/div>\n<\/div>\n<\/section>\n\n<section class=\"wp-block-group alignfull black-content has-white-color has-darkgray-background-color has-text-color has-background is-layout-constrained wp-block-group-is-layout-constrained\" style=\"padding-top:var(--wp--preset--spacing--section-bottom);padding-bottom:var(--wp--preset--spacing--section-bottom)\">\n<div class=\"wp-block-columns alignwide mobile-reverse is-layout-flex wp-container-core-columns-is-layout-ca64bf2d wp-block-columns-is-layout-flex\" style=\"margin-bottom:var(--wp--preset--spacing--side-padding)\">\n<div class=\"wp-block-column is-vertically-aligned-center is-layout-flow wp-block-column-is-layout-flow\">\n<h3 class=\"wp-block-heading\" style=\"margin-bottom:var(--wp--preset--spacing--h-3-bottom)\">Evolve Econ Serie<\/h3>\n\n\n\n<p><em><strong><em><strong>Erschwingliche Exzellenz<\/strong><\/em><\/strong><\/em><\/p>\n\n\n\n<p style=\"margin-bottom:var(--wp--preset--spacing--tb-section-padding)\">Willkommen bei der Evolve Econ-Serie, in der wir Spitzenleistungen neu definieren, ohne die Bank zu sprengen. Unsere Econ-Serie wurde f\u00fcr Fitnessstudiobesitzer, potenzielle Fitnessstudiobesitzer und Fitnesseinrichtungen jeder Gr\u00f6\u00dfe entwickelt und bietet eine Reihe kosteng\u00fcnstiger, selektiver Ger\u00e4te, bei denen Qualit\u00e4t und Leistung im Vordergrund stehen. Sehen wir uns die einzigartigen Merkmale an, die die Econ-Serie zu einer au\u00dfergew\u00f6hnlichen Wahl f\u00fcr alle machen, die preisg\u00fcnstige und dennoch hochwertige Fitnessger\u00e4te suchen.<\/p>\n\n\n\n<h3 class=\"wp-block-heading\" style=\"margin-bottom:var(--wp--preset--spacing--h-3-bottom)\">Langlebigkeit und Schutz<\/h3>\n\n\n\n<p><strong><em><strong><em>Der Vorteil von pulverbeschichteten Rahmen<\/em><\/strong><\/em><\/strong><\/p>\n\n\n\n<p>Entdecken Sie die Langlebigkeit unserer Ger\u00e4te mit dem Vorteil der pulverbeschichteten Rahmen. Diese spanabhebenden und rostfreien Rahmen sind auf Langlebigkeit ausgelegt und gew\u00e4hrleisten, dass Ihre Investition den Test der Zeit besteht. F\u00fcr Fitnessstudiobesitzer und budgetbewusste Fitnesseinrichtungen ist diese Eigenschaft von entscheidender Bedeutung, um Ger\u00e4te bereitzustellen, die lange halten, ohne das Budget zu sprengen.<\/p>\n<\/div>\n\n\n\n<div class=\"wp-block-column is-vertically-aligned-center is-layout-flow wp-block-column-is-layout-flow\">\n<figure class=\"wp-block-image alignright size-large is-resized is-style-rounded\"><img loading=\"lazy\" decoding=\"async\" src=\"https:\/\/evolve-fitness.eu\/wp-content\/uploads\/2023\/09\/Dizainas-be-pavadinimo-2-1024x1024.png\" alt=\"\" class=\"wp-image-4150\" style=\"object-fit:cover;width:680px;height:600px\" width=\"680\" height=\"600\"\/><\/figure>\n<\/div>\n<\/div>\n\n\n\n<div class=\"wp-block-columns alignwide is-layout-flex wp-container-core-columns-is-layout-c45ee707 wp-block-columns-is-layout-flex\" style=\"margin-bottom:var(--wp--preset--spacing--side-padding);padding-top:var(--wp--preset--spacing--side-padding)\">\n<div class=\"wp-block-column is-vertically-aligned-center is-layout-flow wp-block-column-is-layout-flow\">\n<figure class=\"wp-block-image size-full is-resized is-style-rounded\"><img loading=\"lazy\" decoding=\"async\" src=\"https:\/\/evolve-fitness.eu\/wp-content\/uploads\/2023\/09\/2655-edited.png\" alt=\"\" class=\"wp-image-4139\" style=\"object-fit:cover;width:660px;height:660px\" width=\"660\" height=\"660\" srcset=\"https:\/\/evolve-fitness.eu\/wp-content\/uploads\/2023\/09\/2655-edited.png 844w, https:\/\/evolve-fitness.eu\/wp-content\/uploads\/2023\/09\/2655-edited-300x300.png 300w, https:\/\/evolve-fitness.eu\/wp-content\/uploads\/2023\/09\/2655-edited-150x150.png 150w, https:\/\/evolve-fitness.eu\/wp-content\/uploads\/2023\/09\/2655-edited-600x600.png 600w, https:\/\/evolve-fitness.eu\/wp-content\/uploads\/2023\/09\/2655-edited-768x768.png 768w\" sizes=\"auto, (max-width: 660px) 100vw, 660px\" \/><\/figure>\n<\/div>\n\n\n\n<div class=\"wp-block-column is-vertically-aligned-center is-layout-flow wp-block-column-is-layout-flow\">\n<h3 class=\"wp-block-heading\" style=\"margin-bottom:var(--wp--preset--spacing--h-3-bottom)\">Sicherheit trifft auf Stil<\/h3>\n\n\n\n<p><strong><em><strong><em>Ummantelte Gewichtsstapel<\/em><\/strong><\/em><\/strong><\/p>\n\n\n\n<p style=\"margin-bottom:var(--wp--preset--spacing--tb-section-padding)\">Die Econ-Serie bietet eine Kombination aus Sicherheit und Stil mit ummantelten Gewichtsstapeln. Undurchsichtige Kunststoffabdeckungen sorgen f\u00fcr mehr Sicherheit beim Training und verleihen Ihrem Fitnessraum einen Hauch von Eleganz. Egal, ob Sie ein Fitnessstudiobesitzer oder ein Fitnessenthusiast sind, Sie werden die optische Attraktivit\u00e4t und die Sicherheit dieser Abdeckungen in Ihrem Fitnessstudio zu sch\u00e4tzen wissen.<\/p>\n\n\n\n<h3 class=\"wp-block-heading\" style=\"margin-bottom:var(--wp--preset--spacing--h-3-bottom)\">Bewahren Sie Ihren Platz<\/h3>\n\n\n\n<p><strong><em><strong><em>Gummipads f\u00fcr Bodenschutz<\/em><\/strong><\/em><\/strong><\/p>\n\n\n\n<p>Sorgen Sie mit Rubber Pads f\u00fcr eine saubere und besch\u00e4digungsfreie Trainingsumgebung. Fitnessstudiobesitzer wissen, wie wichtig es ist, den Boden ihres Studios zu erhalten. Unsere gummibeschichteten F\u00fc\u00dfe sch\u00fctzen Ihren Bodenbelag vor Kratzern und m\u00f6glichen Sch\u00e4den und machen die Econ-Serie zu einer kosteng\u00fcnstigen Wahl f\u00fcr Fitnessstudiobesitzer, die ihren Raum sch\u00fctzen wollen.<\/p>\n<\/div>\n<\/div>\n\n\n\n<div class=\"wp-block-columns alignwide are-vertically-aligned-center mobile-reverse is-layout-flex wp-container-core-columns-is-layout-e8158c2f wp-block-columns-is-layout-flex\" style=\"padding-top:var(--wp--preset--spacing--side-padding)\">\n<div class=\"wp-block-column is-vertically-aligned-center is-layout-flow wp-block-column-is-layout-flow\">\n<h3 class=\"wp-block-heading\" style=\"margin-bottom:var(--wp--preset--spacing--h-3-bottom)\">Intelligente Bequemlichkeit<\/h3>\n\n\n\n<p><strong><em>Integrierter Stauraum f\u00fcr moderne Workouts<\/em><\/strong><\/p>\n\n\n\n<p style=\"margin-bottom:var(--wp--preset--spacing--tb-section-padding)\">In der heutigen Fitnesslandschaft kommt es auf Komfort an. Unser integrierter Stauraum sorgt daf\u00fcr, dass Fitnessstudio-Besitzer und -Enthusiasten Wasserflaschen, Mobiltelefone und anderes Zubeh\u00f6r in Reichweite aufbewahren k\u00f6nnen. Es ist eine kleine, aber wirkungsvolle Funktion, die auf die modernen Fitnessbed\u00fcrfnisse Ihrer Kunden zugeschnitten ist.<\/p>\n\n\n\n<h3 class=\"wp-block-heading\" style=\"margin-bottom:var(--wp--preset--spacing--h-3-bottom)\">Zuversicht und Stabilit\u00e4t<\/h3>\n\n\n\n<p><strong><em>Rutschfeste Griffe f\u00fcr sichere Workouts<\/em><\/strong><\/p>\n\n\n\n<p>Die rutschfesten Griffe sorgen f\u00fcr mehr Sicherheit und Stabilit\u00e4t beim Training. Fitnessstudiobesitzer und Leiter von Fitnesseinrichtungen wissen, wie wichtig eine Ausr\u00fcstung ist, die Vertrauen schafft. Unsere Griffe sind mit rutschfestem Material \u00fcberzogen und geben dem Benutzer die Sicherheit, die er w\u00e4hrend seines Trainings braucht.<\/p>\n<\/div>\n\n\n\n<div class=\"wp-block-column is-vertically-aligned-center is-layout-flow wp-block-column-is-layout-flow\">\n<figure class=\"wp-block-image alignright size-full is-resized is-style-rounded\"><img loading=\"lazy\" decoding=\"async\" src=\"https:\/\/evolve-fitness.eu\/wp-content\/uploads\/2023\/09\/3-edited.png\" alt=\"\" class=\"wp-image-4143\" style=\"width:665px;height:665px\" width=\"665\" height=\"665\" srcset=\"https:\/\/evolve-fitness.eu\/wp-content\/uploads\/2023\/09\/3-edited.png 808w, https:\/\/evolve-fitness.eu\/wp-content\/uploads\/2023\/09\/3-edited-300x300.png 300w, https:\/\/evolve-fitness.eu\/wp-content\/uploads\/2023\/09\/3-edited-150x150.png 150w, https:\/\/evolve-fitness.eu\/wp-content\/uploads\/2023\/09\/3-edited-600x600.png 600w, https:\/\/evolve-fitness.eu\/wp-content\/uploads\/2023\/09\/3-edited-768x768.png 768w\" sizes=\"auto, (max-width: 665px) 100vw, 665px\" \/><\/figure>\n<\/div>\n<\/div>\n\n\n\n<div class=\"wp-block-columns alignwide are-vertically-aligned-center mobile-reverse is-layout-flex wp-container-core-columns-is-layout-e8158c2f wp-block-columns-is-layout-flex\" style=\"padding-top:var(--wp--preset--spacing--side-padding)\">\n<div class=\"wp-block-column is-vertically-aligned-center is-layout-flow wp-block-column-is-layout-flow\">\n<figure class=\"wp-block-image alignright size-full is-resized is-style-rounded\"><img loading=\"lazy\" decoding=\"async\" src=\"https:\/\/evolve-fitness.eu\/wp-content\/uploads\/2023\/09\/4-2.jpg\" alt=\"\" class=\"wp-image-4154\" style=\"width:665px;height:665px\" width=\"665\" height=\"665\" srcset=\"https:\/\/evolve-fitness.eu\/wp-content\/uploads\/2023\/09\/4-2.jpg 945w, https:\/\/evolve-fitness.eu\/wp-content\/uploads\/2023\/09\/4-2-300x300.jpg 300w, https:\/\/evolve-fitness.eu\/wp-content\/uploads\/2023\/09\/4-2-150x150.jpg 150w, https:\/\/evolve-fitness.eu\/wp-content\/uploads\/2023\/09\/4-2-600x600.jpg 600w, https:\/\/evolve-fitness.eu\/wp-content\/uploads\/2023\/09\/4-2-768x768.jpg 768w\" sizes=\"auto, (max-width: 665px) 100vw, 665px\" \/><\/figure>\n<\/div>\n\n\n\n<div class=\"wp-block-column is-vertically-aligned-center is-layout-flow wp-block-column-is-layout-flow\">\n<h3 class=\"wp-block-heading\" style=\"margin-bottom:var(--wp--preset--spacing--h-3-bottom)\">Dauerhafter Komfort<\/h3>\n\n\n\n<p><strong><em><strong><em>Strapazierf\u00e4hige Polsterung f\u00fcr Fitnessbegeisterte<\/em><\/strong><\/em><\/strong><\/p>\n\n\n\n<p style=\"margin-bottom:var(--wp--preset--spacing--tb-section-padding)\">Erleben Sie dauerhaften Komfort mit unserer Heavy-Duty-Polsterung. Er ist bequem und elastisch und passt sich der K\u00f6rperform des Benutzers an, so dass jedes Training nicht nur kosteneffizient, sondern auch komfortabel ist. Fitnessstudiobesitzer k\u00f6nnen ihren Kunden ein komfortables Trainingserlebnis bieten, das sie dazu bringt, immer wieder zu kommen.<\/p>\n\n\n\n<h3 class=\"wp-block-heading\" style=\"margin-bottom:var(--wp--preset--spacing--h-3-bottom)\">Vielseitige Optionen<\/h3>\n\n\n\n<p><strong><em><strong><em>Konvergierende Achsenarme und unilaterale Bewegung <\/em><\/strong><em>(Verf\u00fcgbar f\u00fcr einige Maschinen)<\/em><\/em><\/strong><\/p>\n\n\n\n<p>Erleben Sie dauerhaften Komfort mit unserer Heavy-Duty-Polsterung. Er ist bequem und elastisch und passt sich der K\u00f6rperform des Benutzers an, so dass jedes Training nicht nur kosteneffizient, sondern auch komfortabel ist. Fitnessstudiobesitzer k\u00f6nnen ihren Kunden ein komfortables Trainingserlebnis bieten, das sie dazu bringt, immer wieder zu kommen.<\/p>\n<\/div>\n<\/div>\n<\/section>\n","protected":false},"excerpt":{"rendered":"<p>Verbessern Sie Ihr Training mit dem Evolve Econ Series Dual Adjustable Pulley, EC-100. Es wurde f\u00fcr alle Fitnessniveaus entwickelt und bietet einen 100 kg schweren Gewichtsstapel, ein ergonomisches Design und einen korrosionsbest\u00e4ndigen Rahmen. Die rutschfesten Griffe sorgen f\u00fcr einen sicheren Stand, und die wichtigsten Utensilien lassen sich bequem verstauen. Wechseln Sie m\u00fchelos den Widerstand und trainieren Sie effektiv Ihre Muskeln. Geeignet f\u00fcr den privaten oder gewerblichen Gebrauch, mit 2 Jahren Garantie. Verbessern Sie Ihr Fitnessprogramm mit diesem vielseitigen Flaschenzugsystem.<\/p>\n","protected":false},"featured_media":156023,"template":"","meta":{"_acf_changed":false,"inline_featured_image":false},"product_brand":[],"product_cat":[674,366],"product_tag":[],"class_list":{"0":"post-12210","1":"product","2":"type-product","3":"status-publish","4":"has-post-thumbnail","6":"product_cat-econ-series-selektiert","7":"product_cat-selektierte-maschinen","9":"first","10":"instock","11":"virtual","12":"purchasable","13":"product-type-simple"},"acf":{"long_title":"Evolve Econ Serie Selectorized Dual Adjustable Pulley, EC-100","subtitle":"","specifications":[{"label":"SKU","text_value":"EV-SC-EC-100","icon":"x"},{"label":"Abmessungen","text_value":"2173 x 861 x 2342 mm","icon":"x"},{"label":"Gewicht","text_value":"196 kg","icon":"x"},{"label":"Maximales Benutzergewicht","text_value":"180 kg","icon":"x"},{"label":"Gewichtsstapel","text_value":"2 x 59 kg","icon":"x"},{"label":"Korrosionsschutzfarbe","text_value":"","icon":"v"},{"label":"Plakat mit Schulungsanweisungen","text_value":"","icon":"v"},{"label":"Aufkleber mit Trainingsanweisungen","text_value":"","icon":"v"},{"label":"Einstellbare Position","text_value":"","icon":"v"},{"label":"Langlebige Bodenschoner","text_value":"","icon":"v"},{"label":"Verdeckter Gewichtsstapel","text_value":"","icon":"v"},{"label":"Eingebauter Speicher","text_value":"","icon":"v"},{"label":"Garantie ","text_value":"2 Jahre","icon":"x"}],"product_frequently_asked_questions":null},"yoast_head":"<!-- This site is optimized with the Yoast SEO plugin v27.4 - https:\/\/yoast.com\/product\/yoast-seo-wordpress\/ -->\n<title>Evolve Econ Serie Selectorized Dual Adjustable Pulley - Evolve<\/title>\n<meta name=\"robots\" content=\"index, follow, max-snippet:-1, max-image-preview:large, max-video-preview:-1\" \/>\n<link rel=\"canonical\" href=\"https:\/\/evolve-fitness.eu\/de\/produkt\/evolve-econ-serie-selectorized-dual-adjustable-pulley\/\" \/>\n<meta property=\"og:locale\" content=\"de_DE\" \/>\n<meta property=\"og:type\" content=\"article\" \/>\n<meta property=\"og:title\" content=\"Evolve Econ Serie Selectorized Dual Adjustable Pulley - Evolve\" \/>\n<meta property=\"og:url\" content=\"https:\/\/evolve-fitness.eu\/de\/produkt\/evolve-econ-serie-selectorized-dual-adjustable-pulley\/\" \/>\n<meta property=\"og:site_name\" content=\"Evolve\" \/>\n<meta property=\"article:publisher\" content=\"https:\/\/www.facebook.com\/EvolveFitnessEurope\" \/>\n<meta property=\"article:modified_time\" content=\"2024-12-06T13:47:50+00:00\" \/>\n<meta property=\"og:image\" content=\"https:\/\/evolve-fitness.eu\/wp-content\/uploads\/2023\/08\/Evolve-Selectorized-EC-100-600x529-1.png\" \/>\n\t<meta property=\"og:image:width\" content=\"600\" \/>\n\t<meta property=\"og:image:height\" content=\"529\" \/>\n\t<meta property=\"og:image:type\" content=\"image\/png\" \/>\n<meta name=\"twitter:card\" content=\"summary_large_image\" \/>\n<script type=\"application\/ld+json\" class=\"yoast-schema-graph\">{\"@context\":\"https:\\\/\\\/schema.org\",\"@graph\":[{\"@type\":\"WebPage\",\"@id\":\"https:\\\/\\\/evolve-fitness.eu\\\/de\\\/produkt\\\/evolve-econ-serie-selectorized-dual-adjustable-pulley\\\/\",\"url\":\"https:\\\/\\\/evolve-fitness.eu\\\/de\\\/produkt\\\/evolve-econ-serie-selectorized-dual-adjustable-pulley\\\/\",\"name\":\"Evolve Econ Serie Selectorized Dual Adjustable Pulley - Evolve\",\"isPartOf\":{\"@id\":\"https:\\\/\\\/evolve-fitness.eu\\\/de\\\/#website\"},\"primaryImageOfPage\":{\"@id\":\"https:\\\/\\\/evolve-fitness.eu\\\/de\\\/produkt\\\/evolve-econ-serie-selectorized-dual-adjustable-pulley\\\/#primaryimage\"},\"image\":{\"@id\":\"https:\\\/\\\/evolve-fitness.eu\\\/de\\\/produkt\\\/evolve-econ-serie-selectorized-dual-adjustable-pulley\\\/#primaryimage\"},\"thumbnailUrl\":\"https:\\\/\\\/evolve-fitness.eu\\\/wp-content\\\/uploads\\\/2023\\\/08\\\/Evolve-Selectorized-EC-100-600x529-1.png\",\"datePublished\":\"2023-08-28T14:46:19+00:00\",\"dateModified\":\"2024-12-06T13:47:50+00:00\",\"breadcrumb\":{\"@id\":\"https:\\\/\\\/evolve-fitness.eu\\\/de\\\/produkt\\\/evolve-econ-serie-selectorized-dual-adjustable-pulley\\\/#breadcrumb\"},\"inLanguage\":\"de\",\"potentialAction\":[{\"@type\":\"ReadAction\",\"target\":[\"https:\\\/\\\/evolve-fitness.eu\\\/de\\\/produkt\\\/evolve-econ-serie-selectorized-dual-adjustable-pulley\\\/\"]}]},{\"@type\":\"ImageObject\",\"inLanguage\":\"de\",\"@id\":\"https:\\\/\\\/evolve-fitness.eu\\\/de\\\/produkt\\\/evolve-econ-serie-selectorized-dual-adjustable-pulley\\\/#primaryimage\",\"url\":\"https:\\\/\\\/evolve-fitness.eu\\\/wp-content\\\/uploads\\\/2023\\\/08\\\/Evolve-Selectorized-EC-100-600x529-1.png\",\"contentUrl\":\"https:\\\/\\\/evolve-fitness.eu\\\/wp-content\\\/uploads\\\/2023\\\/08\\\/Evolve-Selectorized-EC-100-600x529-1.png\",\"width\":600,\"height\":529},{\"@type\":\"BreadcrumbList\",\"@id\":\"https:\\\/\\\/evolve-fitness.eu\\\/de\\\/produkt\\\/evolve-econ-serie-selectorized-dual-adjustable-pulley\\\/#breadcrumb\",\"itemListElement\":[{\"@type\":\"ListItem\",\"position\":1,\"name\":\"Home\",\"item\":\"https:\\\/\\\/evolve-fitness.eu\\\/de\\\/\"},{\"@type\":\"ListItem\",\"position\":2,\"name\":\"Produkte\",\"item\":\"https:\\\/\\\/evolve-fitness.eu\\\/de\\\/shop\\\/\"},{\"@type\":\"ListItem\",\"position\":3,\"name\":\"Evolve Econ Serie Selectorized Dual Adjustable Pulley\"}]},{\"@type\":\"WebSite\",\"@id\":\"https:\\\/\\\/evolve-fitness.eu\\\/de\\\/#website\",\"url\":\"https:\\\/\\\/evolve-fitness.eu\\\/de\\\/\",\"name\":\"Evolve\",\"description\":\"Your Evolved Gear Arrived\",\"publisher\":{\"@id\":\"https:\\\/\\\/evolve-fitness.eu\\\/de\\\/#organization\"},\"potentialAction\":[{\"@type\":\"SearchAction\",\"target\":{\"@type\":\"EntryPoint\",\"urlTemplate\":\"https:\\\/\\\/evolve-fitness.eu\\\/de\\\/?s={search_term_string}\"},\"query-input\":{\"@type\":\"PropertyValueSpecification\",\"valueRequired\":true,\"valueName\":\"search_term_string\"}}],\"inLanguage\":\"de\"},{\"@type\":\"Organization\",\"@id\":\"https:\\\/\\\/evolve-fitness.eu\\\/de\\\/#organization\",\"name\":\"Evolve\",\"url\":\"https:\\\/\\\/evolve-fitness.eu\\\/de\\\/\",\"logo\":{\"@type\":\"ImageObject\",\"inLanguage\":\"de\",\"@id\":\"https:\\\/\\\/evolve-fitness.eu\\\/de\\\/#\\\/schema\\\/logo\\\/image\\\/\",\"url\":\"https:\\\/\\\/evolve-fitness.eu\\\/wp-content\\\/uploads\\\/2023\\\/05\\\/Evolve-logo.svg\",\"contentUrl\":\"https:\\\/\\\/evolve-fitness.eu\\\/wp-content\\\/uploads\\\/2023\\\/05\\\/Evolve-logo.svg\",\"width\":176,\"height\":20,\"caption\":\"Evolve\"},\"image\":{\"@id\":\"https:\\\/\\\/evolve-fitness.eu\\\/de\\\/#\\\/schema\\\/logo\\\/image\\\/\"},\"sameAs\":[\"https:\\\/\\\/www.facebook.com\\\/EvolveFitnessEurope\"]}]}<\/script>\n<!-- \/ Yoast SEO plugin. -->","yoast_head_json":{"title":"Evolve Econ Serie Selectorized Dual Adjustable Pulley - Evolve","robots":{"index":"index","follow":"follow","max-snippet":"max-snippet:-1","max-image-preview":"max-image-preview:large","max-video-preview":"max-video-preview:-1"},"canonical":"https:\/\/evolve-fitness.eu\/de\/produkt\/evolve-econ-serie-selectorized-dual-adjustable-pulley\/","og_locale":"de_DE","og_type":"article","og_title":"Evolve Econ Serie Selectorized Dual Adjustable Pulley - Evolve","og_url":"https:\/\/evolve-fitness.eu\/de\/produkt\/evolve-econ-serie-selectorized-dual-adjustable-pulley\/","og_site_name":"Evolve","article_publisher":"https:\/\/www.facebook.com\/EvolveFitnessEurope","article_modified_time":"2024-12-06T13:47:50+00:00","og_image":[{"width":600,"height":529,"url":"https:\/\/evolve-fitness.eu\/wp-content\/uploads\/2023\/08\/Evolve-Selectorized-EC-100-600x529-1.png","type":"image\/png"}],"twitter_card":"summary_large_image","schema":{"@context":"https:\/\/schema.org","@graph":[{"@type":"WebPage","@id":"https:\/\/evolve-fitness.eu\/de\/produkt\/evolve-econ-serie-selectorized-dual-adjustable-pulley\/","url":"https:\/\/evolve-fitness.eu\/de\/produkt\/evolve-econ-serie-selectorized-dual-adjustable-pulley\/","name":"Evolve Econ Serie Selectorized Dual Adjustable Pulley - Evolve","isPartOf":{"@id":"https:\/\/evolve-fitness.eu\/de\/#website"},"primaryImageOfPage":{"@id":"https:\/\/evolve-fitness.eu\/de\/produkt\/evolve-econ-serie-selectorized-dual-adjustable-pulley\/#primaryimage"},"image":{"@id":"https:\/\/evolve-fitness.eu\/de\/produkt\/evolve-econ-serie-selectorized-dual-adjustable-pulley\/#primaryimage"},"thumbnailUrl":"https:\/\/evolve-fitness.eu\/wp-content\/uploads\/2023\/08\/Evolve-Selectorized-EC-100-600x529-1.png","datePublished":"2023-08-28T14:46:19+00:00","dateModified":"2024-12-06T13:47:50+00:00","breadcrumb":{"@id":"https:\/\/evolve-fitness.eu\/de\/produkt\/evolve-econ-serie-selectorized-dual-adjustable-pulley\/#breadcrumb"},"inLanguage":"de","potentialAction":[{"@type":"ReadAction","target":["https:\/\/evolve-fitness.eu\/de\/produkt\/evolve-econ-serie-selectorized-dual-adjustable-pulley\/"]}]},{"@type":"ImageObject","inLanguage":"de","@id":"https:\/\/evolve-fitness.eu\/de\/produkt\/evolve-econ-serie-selectorized-dual-adjustable-pulley\/#primaryimage","url":"https:\/\/evolve-fitness.eu\/wp-content\/uploads\/2023\/08\/Evolve-Selectorized-EC-100-600x529-1.png","contentUrl":"https:\/\/evolve-fitness.eu\/wp-content\/uploads\/2023\/08\/Evolve-Selectorized-EC-100-600x529-1.png","width":600,"height":529},{"@type":"BreadcrumbList","@id":"https:\/\/evolve-fitness.eu\/de\/produkt\/evolve-econ-serie-selectorized-dual-adjustable-pulley\/#breadcrumb","itemListElement":[{"@type":"ListItem","position":1,"name":"Home","item":"https:\/\/evolve-fitness.eu\/de\/"},{"@type":"ListItem","position":2,"name":"Produkte","item":"https:\/\/evolve-fitness.eu\/de\/shop\/"},{"@type":"ListItem","position":3,"name":"Evolve Econ Serie Selectorized Dual Adjustable Pulley"}]},{"@type":"WebSite","@id":"https:\/\/evolve-fitness.eu\/de\/#website","url":"https:\/\/evolve-fitness.eu\/de\/","name":"Evolve","description":"Your Evolved Gear Arrived","publisher":{"@id":"https:\/\/evolve-fitness.eu\/de\/#organization"},"potentialAction":[{"@type":"SearchAction","target":{"@type":"EntryPoint","urlTemplate":"https:\/\/evolve-fitness.eu\/de\/?s={search_term_string}"},"query-input":{"@type":"PropertyValueSpecification","valueRequired":true,"valueName":"search_term_string"}}],"inLanguage":"de"},{"@type":"Organization","@id":"https:\/\/evolve-fitness.eu\/de\/#organization","name":"Evolve","url":"https:\/\/evolve-fitness.eu\/de\/","logo":{"@type":"ImageObject","inLanguage":"de","@id":"https:\/\/evolve-fitness.eu\/de\/#\/schema\/logo\/image\/","url":"https:\/\/evolve-fitness.eu\/wp-content\/uploads\/2023\/05\/Evolve-logo.svg","contentUrl":"https:\/\/evolve-fitness.eu\/wp-content\/uploads\/2023\/05\/Evolve-logo.svg","width":176,"height":20,"caption":"Evolve"},"image":{"@id":"https:\/\/evolve-fitness.eu\/de\/#\/schema\/logo\/image\/"},"sameAs":["https:\/\/www.facebook.com\/EvolveFitnessEurope"]}]}},"_links":{"self":[{"href":"https:\/\/evolve-fitness.eu\/de\/wp-json\/wp\/v2\/product\/12210","targetHints":{"allow":["GET"]}}],"collection":[{"href":"https:\/\/evolve-fitness.eu\/de\/wp-json\/wp\/v2\/product"}],"about":[{"href":"https:\/\/evolve-fitness.eu\/de\/wp-json\/wp\/v2\/types\/product"}],"wp:featuredmedia":[{"embeddable":true,"href":"https:\/\/evolve-fitness.eu\/de\/wp-json\/wp\/v2\/media\/156023"}],"wp:attachment":[{"href":"https:\/\/evolve-fitness.eu\/de\/wp-json\/wp\/v2\/media?parent=12210"}],"wp:term":[{"taxonomy":"product_brand","embeddable":true,"href":"https:\/\/evolve-fitness.eu\/de\/wp-json\/wp\/v2\/product_brand?post=12210"},{"taxonomy":"product_cat","embeddable":true,"href":"https:\/\/evolve-fitness.eu\/de\/wp-json\/wp\/v2\/product_cat?post=12210"},{"taxonomy":"product_tag","embeddable":true,"href":"https:\/\/evolve-fitness.eu\/de\/wp-json\/wp\/v2\/product_tag?post=12210"}],"curies":[{"name":"wp","href":"https:\/\/api.w.org\/{rel}","templated":true}]}}