{"id":12661,"date":"2023-09-11T09:59:51","date_gmt":"2023-09-11T09:59:51","guid":{"rendered":"https:\/\/evolve-fitness.eu\/product\/evolve-ultra-series-plate-loaded-reverse-leg-press\/"},"modified":"2024-03-22T14:21:17","modified_gmt":"2024-03-22T14:21:17","slug":"evolve-ultra-series-plate-loaded-reverse-leg-press","status":"publish","type":"product","link":"https:\/\/evolve-fitness.eu\/de\/produkt\/evolve-ultra-series-plate-loaded-reverse-leg-press\/","title":{"rendered":"Evolve Ultra Series Plate Loaded Reverse Leg Press"},"content":{"rendered":"\n<section class=\"wp-block-group alignfull has-lightgray-background-color has-background is-layout-constrained wp-block-group-is-layout-constrained\">\n<div class=\"wp-block-columns alignwide is-layout-flex wp-container-core-columns-is-layout-2edb0647 wp-block-columns-is-layout-flex\" style=\"margin-top:0;margin-bottom:0\">\n<div class=\"wp-block-column is-layout-flow wp-block-column-is-layout-flow\" style=\"flex-basis:33.33%\"><\/div>\n\n\n\n<div class=\"wp-block-column is-layout-flow wp-block-column-is-layout-flow\" style=\"flex-basis:66.66%\"><\/div>\n<\/div>\n<\/section>\n\n<section class=\"wp-block-group alignfull black-content has-white-color has-darkgray-background-color has-text-color has-background is-layout-constrained wp-block-group-is-layout-constrained\" style=\"padding-top:var(--wp--preset--spacing--section-bottom);padding-bottom:var(--wp--preset--spacing--section-bottom)\">\n<section class=\"wp-block-group alignfull black-content has-white-color has-darkgray-background-color has-text-color has-background is-layout-constrained wp-block-group-is-layout-constrained\" style=\"padding-top:var(--wp--preset--spacing--section-bottom);padding-bottom:var(--wp--preset--spacing--section-bottom)\">\n<div class=\"wp-block-columns alignwide mobile-reverse is-layout-flex wp-container-core-columns-is-layout-ca64bf2d wp-block-columns-is-layout-flex\" style=\"margin-bottom:var(--wp--preset--spacing--side-padding)\">\n<div class=\"wp-block-column is-vertically-aligned-center is-layout-flow wp-block-column-is-layout-flow\">\n<h3 class=\"wp-block-heading\" style=\"margin-bottom:var(--wp--preset--spacing--h-3-bottom)\"><strong><strong><strong><strong><strong>Dick gepolstert<\/strong><\/strong><\/strong><\/strong><\/strong><\/h3>\n\n\n\n<p><strong><em><strong><strong><strong>H\u00f6chster Komfort und Langlebigkeit<\/strong><\/strong><\/strong><\/em><\/strong><\/p>\n\n\n\n<p style=\"margin-bottom:var(--wp--preset--spacing--tb-section-padding)\">Unsere dicke Polsterung bietet un\u00fcbertroffenen Komfort w\u00e4hrend des Trainings und gew\u00e4hrleistet eine lange Lebensdauer. Diese Funktion macht Ihre Trainingseinheiten zu einem angenehmen Erlebnis.<\/p>\n\n\n\n<h3 class=\"wp-block-heading\" style=\"margin-bottom:var(--wp--preset--spacing--h-3-bottom)\"><strong><strong><strong><strong><strong><strong><strong>Gezielter Muskeleinsatz<\/strong><\/strong><\/strong><\/strong><\/strong><\/strong><\/strong><\/h3>\n\n\n\n<p><strong><em>Pr\u00e4zise Muskelaktivierung<\/em><\/strong><\/p>\n\n\n\n<p>Die Evolve Ultra Series Plate Loaded Reverse Leg Press, UL-080, konzentriert sich auf die Beanspruchung von Quadrizeps, Kniesehnen, Ges\u00e4\u00dfmuskeln und Waden. Mit seinem speziellen Design sorgt dieses Ger\u00e4t f\u00fcr eine gezielte Aktivierung der Beinmuskulatur und erm\u00f6glicht eine ausgewogene Entwicklung und St\u00e4rkung.<\/p>\n<\/div>\n\n\n\n<div class=\"wp-block-column is-vertically-aligned-center is-layout-flow wp-block-column-is-layout-flow\">\n<figure class=\"wp-block-image size-large is-resized is-style-rounded\"><img loading=\"lazy\" decoding=\"async\" width=\"1024\" height=\"1024\" src=\"https:\/\/evolve-fitness.eu\/wp-content\/uploads\/2023\/09\/EV-PL-PR-010-Chest-Press-edited-1024x1024.jpg\" alt=\"\" class=\"wp-image-3434\" style=\"width:643px;height:706px\" srcset=\"https:\/\/evolve-fitness.eu\/wp-content\/uploads\/2023\/09\/EV-PL-PR-010-Chest-Press-edited-1024x1024.jpg 1024w, https:\/\/evolve-fitness.eu\/wp-content\/uploads\/2023\/09\/EV-PL-PR-010-Chest-Press-edited-300x300.jpg 300w, https:\/\/evolve-fitness.eu\/wp-content\/uploads\/2023\/09\/EV-PL-PR-010-Chest-Press-edited-150x150.jpg 150w, https:\/\/evolve-fitness.eu\/wp-content\/uploads\/2023\/09\/EV-PL-PR-010-Chest-Press-edited-600x600.jpg 600w, https:\/\/evolve-fitness.eu\/wp-content\/uploads\/2023\/09\/EV-PL-PR-010-Chest-Press-edited-768x768.jpg 768w, https:\/\/evolve-fitness.eu\/wp-content\/uploads\/2023\/09\/EV-PL-PR-010-Chest-Press-edited-1536x1536.jpg 1536w, https:\/\/evolve-fitness.eu\/wp-content\/uploads\/2023\/09\/EV-PL-PR-010-Chest-Press-edited.jpg 1739w\" sizes=\"auto, (max-width: 1024px) 100vw, 1024px\" \/><\/figure>\n<\/div>\n<\/div>\n\n\n\n<div class=\"wp-block-columns alignwide mobile-reverse is-layout-flex wp-container-core-columns-is-layout-ca64bf2d wp-block-columns-is-layout-flex\" style=\"margin-bottom:var(--wp--preset--spacing--side-padding)\">\n<div class=\"wp-block-column is-vertically-aligned-center is-layout-flow wp-block-column-is-layout-flow\">\n<figure class=\"wp-block-image alignleft size-large is-resized is-style-rounded\"><img loading=\"lazy\" decoding=\"async\" width=\"1024\" height=\"1024\" src=\"https:\/\/evolve-fitness.eu\/wp-content\/uploads\/2023\/09\/EV-PL-PR-040-Low-Row-1-1024x1024.jpg\" alt=\"\" class=\"wp-image-3454\" style=\"object-fit:cover;width:590px;height:787px\" srcset=\"https:\/\/evolve-fitness.eu\/wp-content\/uploads\/2023\/09\/EV-PL-PR-040-Low-Row-1-1024x1024.jpg 1024w, https:\/\/evolve-fitness.eu\/wp-content\/uploads\/2023\/09\/EV-PL-PR-040-Low-Row-1-300x300.jpg 300w, https:\/\/evolve-fitness.eu\/wp-content\/uploads\/2023\/09\/EV-PL-PR-040-Low-Row-1-150x150.jpg 150w, https:\/\/evolve-fitness.eu\/wp-content\/uploads\/2023\/09\/EV-PL-PR-040-Low-Row-1-600x600.jpg 600w, https:\/\/evolve-fitness.eu\/wp-content\/uploads\/2023\/09\/EV-PL-PR-040-Low-Row-1-768x768.jpg 768w, https:\/\/evolve-fitness.eu\/wp-content\/uploads\/2023\/09\/EV-PL-PR-040-Low-Row-1-1536x1536.jpg 1536w, https:\/\/evolve-fitness.eu\/wp-content\/uploads\/2023\/09\/EV-PL-PR-040-Low-Row-1.jpg 2000w\" sizes=\"auto, (max-width: 1024px) 100vw, 1024px\" \/><\/figure>\n<\/div>\n\n\n\n<div class=\"wp-block-column is-vertically-aligned-center is-layout-flow wp-block-column-is-layout-flow\">\n<h3 class=\"wp-block-heading\" style=\"margin-bottom:var(--wp--preset--spacing--h-3-bottom)\"><strong><strong><strong><strong>Einstellbare Sitzposition<\/strong><\/strong><\/strong><\/strong><\/h3>\n\n\n\n<p><strong><strong><em>Einfache Anpassung in leuchtendem Gelb<\/em><\/strong><\/strong><\/p>\n\n\n\n<p style=\"margin-bottom:var(--wp--preset--spacing--tb-section-padding)\">Unsere Maschinen verf\u00fcgen \u00fcber eine verstellbare Sitzposition mit Einstellkn\u00f6pfen und Griffen in leuchtendem, gut sichtbarem Gelb. Dieses benutzerfreundliche Design erm\u00f6glicht eine m\u00fchelose Anpassung, damit Ihr Training Ihren W\u00fcnschen entspricht.<\/p>\n\n\n\n<h3 class=\"wp-block-heading\" style=\"margin-bottom:var(--wp--preset--spacing--h-3-bottom)\"><strong><strong><strong><strong><strong><strong><strong><strong>Kompromisslose Langlebigkeit<\/strong><\/strong><\/strong><\/strong><\/strong><\/strong><\/strong><\/strong><\/h3>\n\n\n\n<p><strong><em><strong><strong><strong><strong><strong>Bolzen und Muttern aus rostfreiem Stahl<\/strong><\/strong><\/strong><\/strong><\/strong><\/em><\/strong><\/p>\n\n\n\n<p>Bei der Ultra-Serie z\u00e4hlt jedes Detail. Deshalb sind alle Schrauben und Muttern aus <strong>rostfreiem Stahl<\/strong> gefertigt, um kompromisslose Haltbarkeit und Langlebigkeit zu gew\u00e4hrleisten.<\/p>\n<\/div>\n<\/div>\n\n\n\n<div class=\"wp-block-columns alignwide mobile-reverse is-layout-flex wp-container-core-columns-is-layout-ca64bf2d wp-block-columns-is-layout-flex\" style=\"margin-bottom:var(--wp--preset--spacing--side-padding)\">\n<div class=\"wp-block-column is-vertically-aligned-center is-layout-flow wp-block-column-is-layout-flow\">\n<h3 class=\"wp-block-heading\" style=\"margin-bottom:var(--wp--preset--spacing--h-3-bottom)\"><strong><strong><strong><strong>Rutschfeste Griffe<\/strong><\/strong><\/strong><\/strong><\/h3>\n\n\n\n<p><strong><em><strong><strong><strong><strong><strong><strong><strong>Sicherer Griff f\u00fcr Sicherheit und Zuversicht<\/strong><\/strong><\/strong><\/strong><\/strong><\/strong><\/strong><\/em><\/strong><\/p>\n\n\n\n<p style=\"margin-bottom:var(--wp--preset--spacing--tb-section-padding)\">Einige B\u00e4nke der Econ-Serie bieten eine verstellbare Sitzposition, mit der Sie Ihr Training individuell gestalten k\u00f6nnen, um maximalen Komfort und \u00dcbungsvielfalt zu erreichen.<\/p>\n\n\n\n<h3 class=\"wp-block-heading\" style=\"margin-bottom:var(--wp--preset--spacing--h-3-bottom)\"><strong><strong><strong><strong><strong>Organisiert und effizient<\/strong><\/strong><\/strong><\/strong><\/strong><\/h3>\n\n\n\n<p><strong><em><strong><strong><strong><strong><strong><strong><strong><strong>Stifte f\u00fcr Hantelscheibenlagerung<\/strong><\/strong><\/strong><\/strong><\/strong><\/strong><\/strong><\/strong><\/em><\/strong><\/p>\n\n\n\n<p style=\"margin-bottom:var(--wp--preset--spacing--tb-section-padding)\">Sorgen Sie f\u00fcr Ordnung und Effizienz mit den <strong>Hantelscheibenhalterungen <\/strong>. Halten Sie Ihre Teller in Reichweite, um Ihre Trainingseinheiten zu rationalisieren.<\/p>\n<\/div>\n\n\n\n<div class=\"wp-block-column is-vertically-aligned-center is-layout-flow wp-block-column-is-layout-flow\">\n<figure class=\"wp-block-image size-large is-resized is-style-rounded\"><img loading=\"lazy\" decoding=\"async\" width=\"1024\" height=\"1024\" src=\"https:\/\/evolve-fitness.eu\/wp-content\/uploads\/2023\/09\/EV-PL-PR-100-1-1024x1024.jpg\" alt=\"\" class=\"wp-image-3470\" style=\"object-fit:cover;width:578px;height:771px\" srcset=\"https:\/\/evolve-fitness.eu\/wp-content\/uploads\/2023\/09\/EV-PL-PR-100-1-1024x1024.jpg 1024w, https:\/\/evolve-fitness.eu\/wp-content\/uploads\/2023\/09\/EV-PL-PR-100-1-300x300.jpg 300w, https:\/\/evolve-fitness.eu\/wp-content\/uploads\/2023\/09\/EV-PL-PR-100-1-150x150.jpg 150w, https:\/\/evolve-fitness.eu\/wp-content\/uploads\/2023\/09\/EV-PL-PR-100-1-600x600.jpg 600w, https:\/\/evolve-fitness.eu\/wp-content\/uploads\/2023\/09\/EV-PL-PR-100-1-768x768.jpg 768w, https:\/\/evolve-fitness.eu\/wp-content\/uploads\/2023\/09\/EV-PL-PR-100-1-1536x1536.jpg 1536w, https:\/\/evolve-fitness.eu\/wp-content\/uploads\/2023\/09\/EV-PL-PR-100-1.jpg 2000w\" sizes=\"auto, (max-width: 1024px) 100vw, 1024px\" \/><\/figure>\n<\/div>\n<\/div>\n\n\n\n<div class=\"wp-block-columns alignwide mobile-reverse is-layout-flex wp-container-core-columns-is-layout-ca64bf2d wp-block-columns-is-layout-flex\" style=\"margin-bottom:var(--wp--preset--spacing--side-padding)\">\n<div class=\"wp-block-column is-vertically-aligned-center is-layout-flow wp-block-column-is-layout-flow\">\n<figure class=\"wp-block-image size-large is-resized is-style-rounded\"><img loading=\"lazy\" decoding=\"async\" width=\"1024\" height=\"1024\" src=\"https:\/\/evolve-fitness.eu\/wp-content\/uploads\/2023\/09\/EV-PL-PR-140-Standing-Leg-Curl-1024x1024.jpg\" alt=\"\" class=\"wp-image-3479\" style=\"object-fit:cover;width:630px;height:630px\" srcset=\"https:\/\/evolve-fitness.eu\/wp-content\/uploads\/2023\/09\/EV-PL-PR-140-Standing-Leg-Curl-1024x1024.jpg 1024w, https:\/\/evolve-fitness.eu\/wp-content\/uploads\/2023\/09\/EV-PL-PR-140-Standing-Leg-Curl-300x300.jpg 300w, https:\/\/evolve-fitness.eu\/wp-content\/uploads\/2023\/09\/EV-PL-PR-140-Standing-Leg-Curl-150x150.jpg 150w, https:\/\/evolve-fitness.eu\/wp-content\/uploads\/2023\/09\/EV-PL-PR-140-Standing-Leg-Curl-600x600.jpg 600w, https:\/\/evolve-fitness.eu\/wp-content\/uploads\/2023\/09\/EV-PL-PR-140-Standing-Leg-Curl-768x768.jpg 768w, https:\/\/evolve-fitness.eu\/wp-content\/uploads\/2023\/09\/EV-PL-PR-140-Standing-Leg-Curl-1536x1536.jpg 1536w, https:\/\/evolve-fitness.eu\/wp-content\/uploads\/2023\/09\/EV-PL-PR-140-Standing-Leg-Curl.jpg 2000w\" sizes=\"auto, (max-width: 1024px) 100vw, 1024px\" \/><\/figure>\n<\/div>\n\n\n\n<div class=\"wp-block-column is-vertically-aligned-center is-layout-flow wp-block-column-is-layout-flow\">\n<h3 class=\"wp-block-heading\" style=\"margin-bottom:var(--wp--preset--spacing--h-3-bottom)\"><strong><strong><strong><strong><strong><strong><strong>Langlebige Bodenschoner<\/strong><\/strong><\/strong><\/strong><\/strong><\/strong><\/strong><\/h3>\n\n\n\n<p><strong><em><strong><strong><strong><strong>Erhalten Sie Ihren Fitnessstudio-Bodenbelag<\/strong><\/strong><\/strong><\/strong><\/em><\/strong><\/p>\n\n\n\n<p>Unsere Ger\u00e4te sind mit langlebigen Bodensch\u00fctzern ausgestattet, die Ihr Fitnessstudio auch bei intensivem Training vor Sch\u00e4den und Kratzern sch\u00fctzen.<\/p>\n\n\n\n<p><\/p>\n\n\n\n<h3 class=\"wp-block-heading\" style=\"margin-bottom:var(--wp--preset--spacing--h-3-bottom)\"><strong><strong><strong><strong><strong><strong><strong><strong>Dauerhafte Leistung<\/strong><\/strong><\/strong><\/strong><\/strong><\/strong><\/strong><\/strong><\/h3>\n\n\n\n<p><strong><em><strong><strong><strong><strong><strong>Hochwertiges, strapazierf\u00e4higes PU-Leder<\/strong><\/strong><\/strong><\/strong><\/strong><\/em><\/strong><\/p>\n\n\n\n<p>Erleben Sie au\u00dfergew\u00f6hnlichen Komfort und Leistung mit unserer hochwertigen, strapazierf\u00e4higen PU-Lederpolsterung. Es kombiniert Haltbarkeit mit optischer Attraktivit\u00e4t und bietet so den besten Fitness-Luxus.<\/p>\n\n\n\n<p><\/p>\n\n\n\n<h3 class=\"wp-block-heading\" style=\"margin-bottom:var(--wp--preset--spacing--h-3-bottom)\"><strong><strong><strong><strong><strong><strong><strong><strong><strong>Dauerhaftes Finish<\/strong><\/strong><\/strong><\/strong><\/strong><\/strong><\/strong><\/strong><\/strong><\/h3>\n\n\n\n<p><strong><em><strong><strong><strong><strong><strong><strong>Elektrostatisches Spritzen von duroplastischen Pulvern<\/strong><\/strong><\/strong><\/strong><\/strong><\/strong><\/em><\/strong><\/p>\n\n\n\n<p>Unsere Maschinen verf\u00fcgen \u00fcber eine elektrostatische Duroplast-Pulver-Spr\u00fchtechnologie, die eine dauerhafte Oberfl\u00e4che gew\u00e4hrleistet. Durch diese fortschrittliche Beschichtung bleibt das optische Erscheinungsbild der Ger\u00e4te langfristig erhalten.<\/p>\n<\/div>\n<\/div>\n<\/section>\n<\/section>\n","protected":false},"excerpt":{"rendered":"<p>Verbessern Sie Ihr Bein- und Ges\u00e4\u00dfmuskeltraining mit der Evolve Ultra Series Plate Loaded Reverse Leg Press UL-080. Dieses kommerzielle Fitnessger\u00e4t verf\u00fcgt \u00fcber einen robusten Metallrahmen, eine rostfreie Beschichtung und ein ergonomisches Design mit \u00fcbergro\u00dfen, rutschfesten Fu\u00dfst\u00fctzen und einer verstellbaren R\u00fcckenlehne. Zu den Sicherheitsmerkmalen geh\u00f6rt ein Bremssystem, und Sie k\u00f6nnen die Farben an die \u00c4sthetik Ihrer Sporthalle anpassen. Diese Beinpresse mit Premium-Polsterung und 2 Jahren Garantie ist sowohl elegant als auch zuverl\u00e4ssig. Sie misst 2300 x 1430 x 1400 mm und wiegt 215 kg. Verbessern Sie Ihr Trainingserlebnis mit der Evolve Prime Series Leg Press.  <\/p>\n","protected":false},"featured_media":12670,"template":"","meta":{"_acf_changed":false,"inline_featured_image":false},"product_brand":[],"product_cat":[17],"product_tag":[],"class_list":{"0":"post-12661","1":"product","2":"type-product","3":"status-publish","4":"has-post-thumbnail","6":"product_cat-be-kategorijos","8":"first","9":"instock","10":"virtual","11":"purchasable","12":"product-type-simple"},"acf":{"long_title":"Evolve Ultra Series Plate Loaded Reverse Leg Press, UL-080","subtitle":"","specifications":[{"label":"SKU","text_value":"EV-PL-UL-080","icon":"x"},{"label":"Abmessungen","text_value":"2300 x 1430 x 1400 mm","icon":"x"},{"label":"Gewicht  ","text_value":"215 kg","icon":"x"},{"label":"Garantie ","text_value":"2 Jahre","icon":"x"},{"label":"Leicht zu handhaben, rutschfeste Griffe f\u00fcr einfachen Zugang","text_value":"","icon":"v"},{"label":"Langlebige Bodenschoner","text_value":"","icon":"v"},{"label":"Metallkonstruktion","text_value":"","icon":"v"},{"label":"Verstellbare R\u00fcckenlehne","text_value":"","icon":"v"},{"label":"Mit einem Bremssystem f\u00fcr maximale Sicherheit","text_value":"","icon":"v"},{"label":"Polsteroberfl\u00e4che mit PU-Leder bezogen","text_value":"","icon":"v"},{"label":"Rahmen- und Polsterfarben individuell anpassen","text_value":"","icon":"v"}],"product_frequently_asked_questions":null},"yoast_head":"<!-- This site is optimized with the Yoast SEO plugin v27.4 - https:\/\/yoast.com\/product\/yoast-seo-wordpress\/ -->\n<title>Evolve Ultra Series Plate Loaded Reverse Leg Press - Evolve<\/title>\n<meta name=\"robots\" content=\"index, follow, max-snippet:-1, max-image-preview:large, max-video-preview:-1\" \/>\n<link rel=\"canonical\" href=\"https:\/\/evolve-fitness.eu\/de\/produkt\/evolve-ultra-series-plate-loaded-reverse-leg-press\/\" \/>\n<meta property=\"og:locale\" content=\"de_DE\" \/>\n<meta property=\"og:type\" content=\"article\" \/>\n<meta property=\"og:title\" content=\"Evolve Ultra Series Plate Loaded Reverse Leg Press - Evolve\" \/>\n<meta property=\"og:url\" content=\"https:\/\/evolve-fitness.eu\/de\/produkt\/evolve-ultra-series-plate-loaded-reverse-leg-press\/\" \/>\n<meta property=\"og:site_name\" content=\"Evolve\" \/>\n<meta property=\"article:publisher\" content=\"https:\/\/www.facebook.com\/EvolveFitnessEurope\" \/>\n<meta property=\"article:modified_time\" content=\"2024-03-22T14:21:17+00:00\" \/>\n<meta property=\"og:image\" content=\"https:\/\/evolve-fitness.eu\/wp-content\/uploads\/2023\/09\/EVOLVE-PL-UL-080.png\" \/>\n\t<meta property=\"og:image:width\" content=\"680\" \/>\n\t<meta property=\"og:image:height\" content=\"600\" \/>\n\t<meta property=\"og:image:type\" content=\"image\/png\" \/>\n<meta name=\"twitter:card\" content=\"summary_large_image\" \/>\n<script type=\"application\/ld+json\" class=\"yoast-schema-graph\">{\"@context\":\"https:\\\/\\\/schema.org\",\"@graph\":[{\"@type\":\"WebPage\",\"@id\":\"https:\\\/\\\/evolve-fitness.eu\\\/de\\\/produkt\\\/evolve-ultra-series-plate-loaded-reverse-leg-press\\\/\",\"url\":\"https:\\\/\\\/evolve-fitness.eu\\\/de\\\/produkt\\\/evolve-ultra-series-plate-loaded-reverse-leg-press\\\/\",\"name\":\"Evolve Ultra Series Plate Loaded Reverse Leg Press - Evolve\",\"isPartOf\":{\"@id\":\"https:\\\/\\\/evolve-fitness.eu\\\/de\\\/#website\"},\"primaryImageOfPage\":{\"@id\":\"https:\\\/\\\/evolve-fitness.eu\\\/de\\\/produkt\\\/evolve-ultra-series-plate-loaded-reverse-leg-press\\\/#primaryimage\"},\"image\":{\"@id\":\"https:\\\/\\\/evolve-fitness.eu\\\/de\\\/produkt\\\/evolve-ultra-series-plate-loaded-reverse-leg-press\\\/#primaryimage\"},\"thumbnailUrl\":\"https:\\\/\\\/evolve-fitness.eu\\\/wp-content\\\/uploads\\\/2023\\\/09\\\/EVOLVE-PL-UL-080.png\",\"datePublished\":\"2023-09-11T09:59:51+00:00\",\"dateModified\":\"2024-03-22T14:21:17+00:00\",\"breadcrumb\":{\"@id\":\"https:\\\/\\\/evolve-fitness.eu\\\/de\\\/produkt\\\/evolve-ultra-series-plate-loaded-reverse-leg-press\\\/#breadcrumb\"},\"inLanguage\":\"de\",\"potentialAction\":[{\"@type\":\"ReadAction\",\"target\":[\"https:\\\/\\\/evolve-fitness.eu\\\/de\\\/produkt\\\/evolve-ultra-series-plate-loaded-reverse-leg-press\\\/\"]}]},{\"@type\":\"ImageObject\",\"inLanguage\":\"de\",\"@id\":\"https:\\\/\\\/evolve-fitness.eu\\\/de\\\/produkt\\\/evolve-ultra-series-plate-loaded-reverse-leg-press\\\/#primaryimage\",\"url\":\"https:\\\/\\\/evolve-fitness.eu\\\/wp-content\\\/uploads\\\/2023\\\/09\\\/EVOLVE-PL-UL-080.png\",\"contentUrl\":\"https:\\\/\\\/evolve-fitness.eu\\\/wp-content\\\/uploads\\\/2023\\\/09\\\/EVOLVE-PL-UL-080.png\",\"width\":680,\"height\":600},{\"@type\":\"BreadcrumbList\",\"@id\":\"https:\\\/\\\/evolve-fitness.eu\\\/de\\\/produkt\\\/evolve-ultra-series-plate-loaded-reverse-leg-press\\\/#breadcrumb\",\"itemListElement\":[{\"@type\":\"ListItem\",\"position\":1,\"name\":\"Home\",\"item\":\"https:\\\/\\\/evolve-fitness.eu\\\/de\\\/\"},{\"@type\":\"ListItem\",\"position\":2,\"name\":\"Produkte\",\"item\":\"https:\\\/\\\/evolve-fitness.eu\\\/de\\\/shop\\\/\"},{\"@type\":\"ListItem\",\"position\":3,\"name\":\"Evolve Ultra Series Plate Loaded Reverse Leg Press\"}]},{\"@type\":\"WebSite\",\"@id\":\"https:\\\/\\\/evolve-fitness.eu\\\/de\\\/#website\",\"url\":\"https:\\\/\\\/evolve-fitness.eu\\\/de\\\/\",\"name\":\"Evolve\",\"description\":\"Your Evolved Gear Arrived\",\"publisher\":{\"@id\":\"https:\\\/\\\/evolve-fitness.eu\\\/de\\\/#organization\"},\"potentialAction\":[{\"@type\":\"SearchAction\",\"target\":{\"@type\":\"EntryPoint\",\"urlTemplate\":\"https:\\\/\\\/evolve-fitness.eu\\\/de\\\/?s={search_term_string}\"},\"query-input\":{\"@type\":\"PropertyValueSpecification\",\"valueRequired\":true,\"valueName\":\"search_term_string\"}}],\"inLanguage\":\"de\"},{\"@type\":\"Organization\",\"@id\":\"https:\\\/\\\/evolve-fitness.eu\\\/de\\\/#organization\",\"name\":\"Evolve\",\"url\":\"https:\\\/\\\/evolve-fitness.eu\\\/de\\\/\",\"logo\":{\"@type\":\"ImageObject\",\"inLanguage\":\"de\",\"@id\":\"https:\\\/\\\/evolve-fitness.eu\\\/de\\\/#\\\/schema\\\/logo\\\/image\\\/\",\"url\":\"https:\\\/\\\/evolve-fitness.eu\\\/wp-content\\\/uploads\\\/2023\\\/05\\\/Evolve-logo.svg\",\"contentUrl\":\"https:\\\/\\\/evolve-fitness.eu\\\/wp-content\\\/uploads\\\/2023\\\/05\\\/Evolve-logo.svg\",\"width\":176,\"height\":20,\"caption\":\"Evolve\"},\"image\":{\"@id\":\"https:\\\/\\\/evolve-fitness.eu\\\/de\\\/#\\\/schema\\\/logo\\\/image\\\/\"},\"sameAs\":[\"https:\\\/\\\/www.facebook.com\\\/EvolveFitnessEurope\"]}]}<\/script>\n<!-- \/ Yoast SEO plugin. -->","yoast_head_json":{"title":"Evolve Ultra Series Plate Loaded Reverse Leg Press - Evolve","robots":{"index":"index","follow":"follow","max-snippet":"max-snippet:-1","max-image-preview":"max-image-preview:large","max-video-preview":"max-video-preview:-1"},"canonical":"https:\/\/evolve-fitness.eu\/de\/produkt\/evolve-ultra-series-plate-loaded-reverse-leg-press\/","og_locale":"de_DE","og_type":"article","og_title":"Evolve Ultra Series Plate Loaded Reverse Leg Press - Evolve","og_url":"https:\/\/evolve-fitness.eu\/de\/produkt\/evolve-ultra-series-plate-loaded-reverse-leg-press\/","og_site_name":"Evolve","article_publisher":"https:\/\/www.facebook.com\/EvolveFitnessEurope","article_modified_time":"2024-03-22T14:21:17+00:00","og_image":[{"width":680,"height":600,"url":"https:\/\/evolve-fitness.eu\/wp-content\/uploads\/2023\/09\/EVOLVE-PL-UL-080.png","type":"image\/png"}],"twitter_card":"summary_large_image","schema":{"@context":"https:\/\/schema.org","@graph":[{"@type":"WebPage","@id":"https:\/\/evolve-fitness.eu\/de\/produkt\/evolve-ultra-series-plate-loaded-reverse-leg-press\/","url":"https:\/\/evolve-fitness.eu\/de\/produkt\/evolve-ultra-series-plate-loaded-reverse-leg-press\/","name":"Evolve Ultra Series Plate Loaded Reverse Leg Press - Evolve","isPartOf":{"@id":"https:\/\/evolve-fitness.eu\/de\/#website"},"primaryImageOfPage":{"@id":"https:\/\/evolve-fitness.eu\/de\/produkt\/evolve-ultra-series-plate-loaded-reverse-leg-press\/#primaryimage"},"image":{"@id":"https:\/\/evolve-fitness.eu\/de\/produkt\/evolve-ultra-series-plate-loaded-reverse-leg-press\/#primaryimage"},"thumbnailUrl":"https:\/\/evolve-fitness.eu\/wp-content\/uploads\/2023\/09\/EVOLVE-PL-UL-080.png","datePublished":"2023-09-11T09:59:51+00:00","dateModified":"2024-03-22T14:21:17+00:00","breadcrumb":{"@id":"https:\/\/evolve-fitness.eu\/de\/produkt\/evolve-ultra-series-plate-loaded-reverse-leg-press\/#breadcrumb"},"inLanguage":"de","potentialAction":[{"@type":"ReadAction","target":["https:\/\/evolve-fitness.eu\/de\/produkt\/evolve-ultra-series-plate-loaded-reverse-leg-press\/"]}]},{"@type":"ImageObject","inLanguage":"de","@id":"https:\/\/evolve-fitness.eu\/de\/produkt\/evolve-ultra-series-plate-loaded-reverse-leg-press\/#primaryimage","url":"https:\/\/evolve-fitness.eu\/wp-content\/uploads\/2023\/09\/EVOLVE-PL-UL-080.png","contentUrl":"https:\/\/evolve-fitness.eu\/wp-content\/uploads\/2023\/09\/EVOLVE-PL-UL-080.png","width":680,"height":600},{"@type":"BreadcrumbList","@id":"https:\/\/evolve-fitness.eu\/de\/produkt\/evolve-ultra-series-plate-loaded-reverse-leg-press\/#breadcrumb","itemListElement":[{"@type":"ListItem","position":1,"name":"Home","item":"https:\/\/evolve-fitness.eu\/de\/"},{"@type":"ListItem","position":2,"name":"Produkte","item":"https:\/\/evolve-fitness.eu\/de\/shop\/"},{"@type":"ListItem","position":3,"name":"Evolve Ultra Series Plate Loaded Reverse Leg Press"}]},{"@type":"WebSite","@id":"https:\/\/evolve-fitness.eu\/de\/#website","url":"https:\/\/evolve-fitness.eu\/de\/","name":"Evolve","description":"Your Evolved Gear Arrived","publisher":{"@id":"https:\/\/evolve-fitness.eu\/de\/#organization"},"potentialAction":[{"@type":"SearchAction","target":{"@type":"EntryPoint","urlTemplate":"https:\/\/evolve-fitness.eu\/de\/?s={search_term_string}"},"query-input":{"@type":"PropertyValueSpecification","valueRequired":true,"valueName":"search_term_string"}}],"inLanguage":"de"},{"@type":"Organization","@id":"https:\/\/evolve-fitness.eu\/de\/#organization","name":"Evolve","url":"https:\/\/evolve-fitness.eu\/de\/","logo":{"@type":"ImageObject","inLanguage":"de","@id":"https:\/\/evolve-fitness.eu\/de\/#\/schema\/logo\/image\/","url":"https:\/\/evolve-fitness.eu\/wp-content\/uploads\/2023\/05\/Evolve-logo.svg","contentUrl":"https:\/\/evolve-fitness.eu\/wp-content\/uploads\/2023\/05\/Evolve-logo.svg","width":176,"height":20,"caption":"Evolve"},"image":{"@id":"https:\/\/evolve-fitness.eu\/de\/#\/schema\/logo\/image\/"},"sameAs":["https:\/\/www.facebook.com\/EvolveFitnessEurope"]}]}},"_links":{"self":[{"href":"https:\/\/evolve-fitness.eu\/de\/wp-json\/wp\/v2\/product\/12661","targetHints":{"allow":["GET"]}}],"collection":[{"href":"https:\/\/evolve-fitness.eu\/de\/wp-json\/wp\/v2\/product"}],"about":[{"href":"https:\/\/evolve-fitness.eu\/de\/wp-json\/wp\/v2\/types\/product"}],"wp:featuredmedia":[{"embeddable":true,"href":"https:\/\/evolve-fitness.eu\/de\/wp-json\/wp\/v2\/media\/12670"}],"wp:attachment":[{"href":"https:\/\/evolve-fitness.eu\/de\/wp-json\/wp\/v2\/media?parent=12661"}],"wp:term":[{"taxonomy":"product_brand","embeddable":true,"href":"https:\/\/evolve-fitness.eu\/de\/wp-json\/wp\/v2\/product_brand?post=12661"},{"taxonomy":"product_cat","embeddable":true,"href":"https:\/\/evolve-fitness.eu\/de\/wp-json\/wp\/v2\/product_cat?post=12661"},{"taxonomy":"product_tag","embeddable":true,"href":"https:\/\/evolve-fitness.eu\/de\/wp-json\/wp\/v2\/product_tag?post=12661"}],"curies":[{"name":"wp","href":"https:\/\/api.w.org\/{rel}","templated":true}]}}