{"id":12872,"date":"2023-09-11T12:11:49","date_gmt":"2023-09-11T12:11:49","guid":{"rendered":"https:\/\/evolve-fitness.eu\/product\/evolve-prime-serie-power-rack-pr-204\/"},"modified":"2024-02-28T12:24:14","modified_gmt":"2024-02-28T12:24:14","slug":"evolve-prime-serie-power-rack-pr-204","status":"publish","type":"product","link":"https:\/\/evolve-fitness.eu\/de\/produkt\/evolve-prime-serie-power-rack-pr-204\/","title":{"rendered":"Evolve Prime Serie Power Rack PR-204"},"content":{"rendered":"\n<section class=\"wp-block-group alignfull has-lightgray-background-color has-background is-layout-constrained wp-block-group-is-layout-constrained\">\n<div class=\"wp-block-columns alignwide is-layout-flex wp-container-core-columns-is-layout-2edb0647 wp-block-columns-is-layout-flex\" style=\"margin-top:0;margin-bottom:0\">\n<div class=\"wp-block-column is-layout-flow wp-block-column-is-layout-flow\" style=\"flex-basis:33.33%\"><\/div>\n\n\n\n<div class=\"wp-block-column is-layout-flow wp-block-column-is-layout-flow\" style=\"flex-basis:66.66%\"><\/div>\n<\/div>\n<\/section>\n\n<section class=\"wp-block-group alignfull black-content has-white-color has-darkgray-background-color has-text-color has-background is-layout-constrained wp-block-group-is-layout-constrained\" style=\"padding-top:var(--wp--preset--spacing--section-bottom);padding-bottom:var(--wp--preset--spacing--section-bottom)\">\n<h3 class=\"wp-block-heading has-text-align-center\"><strong><strong>EVOLVE PLATE LOADED PRIME SERIES<\/strong><\/strong><\/h3>\n\n\n\n<p>Bei der Evolve Plate Loaded Prime Serie ist Exzellenz der Standard. Verbessern Sie Ihr Krafttraining mit Ger\u00e4ten, die auf Komfort, Haltbarkeit und Leistung ausgelegt sind. Entdecken Sie noch heute die gesamte Produktlinie und definieren Sie Ihre Fitness neu.<\/p>\n\n\n\n<section class=\"wp-block-group alignfull black-content has-white-color has-darkgray-background-color has-text-color has-background is-layout-constrained wp-block-group-is-layout-constrained\" style=\"padding-top:var(--wp--preset--spacing--section-bottom);padding-bottom:var(--wp--preset--spacing--section-bottom)\">\n<div class=\"wp-block-columns alignwide mobile-reverse is-layout-flex wp-container-core-columns-is-layout-ca64bf2d wp-block-columns-is-layout-flex\" style=\"margin-bottom:var(--wp--preset--spacing--side-padding)\">\n<div class=\"wp-block-column is-vertically-aligned-center is-layout-flow wp-block-column-is-layout-flow\">\n<h3 class=\"wp-block-heading\" style=\"margin-bottom:var(--wp--preset--spacing--h-3-bottom)\"><strong><strong><strong>Exzellenz neu definiert<\/strong><\/strong><\/strong><\/h3>\n\n\n\n<p><strong><em><strong>Einf\u00fchrung der Evolve Plate Loaded Prime Serie<\/strong><\/em><\/strong><\/p>\n\n\n\n<p style=\"margin-bottom:var(--wp--preset--spacing--tb-section-padding)\">Erleben Sie den H\u00f6hepunkt des Krafttrainings mit der Evolve Plate Loaded Prime Series. Jedes Ger\u00e4t dieser Linie wurde sorgf\u00e4ltig entwickelt, um ein \u00fcberragendes Trainingserlebnis zu bieten, und hier ist der Grund daf\u00fcr<\/p>\n\n\n\n<h3 class=\"wp-block-heading\" style=\"margin-bottom:var(--wp--preset--spacing--h-3-bottom)\"><strong><strong><strong><strong><strong>Dick gepolstert<\/strong><\/strong><\/strong><\/strong><\/strong><\/h3>\n\n\n\n<p><strong><em><strong><strong><strong>\u00dcberragender Komfort und Langlebigkeit<\/strong><\/strong><\/strong><\/em><\/strong><\/p>\n\n\n\n<p>Sorgen Sie f\u00fcr Ordnung und maximieren Sie die Raumeffizienz mit den <strong>Hantelscheibenhalterungen<\/strong>. Halten Sie Ihre Teller in Reichweite und sorgen Sie so f\u00fcr eine aufger\u00e4umte Trainingsumgebung.<\/p>\n<\/div>\n\n\n\n<div class=\"wp-block-column is-vertically-aligned-center is-layout-flow wp-block-column-is-layout-flow\">\n<figure class=\"wp-block-image size-large is-resized is-style-rounded\"><img loading=\"lazy\" decoding=\"async\" src=\"https:\/\/evolve-fitness.eu\/wp-content\/uploads\/2023\/08\/EV-PL-EC-001-933x1024.jpg\" alt=\"\" class=\"wp-image-3399\" style=\"width:643px;height:706px\" width=\"643\" height=\"706\" srcset=\"https:\/\/evolve-fitness.eu\/wp-content\/uploads\/2023\/08\/EV-PL-EC-001-933x1024.jpg 933w, https:\/\/evolve-fitness.eu\/wp-content\/uploads\/2023\/08\/EV-PL-EC-001-300x329.jpg 300w, https:\/\/evolve-fitness.eu\/wp-content\/uploads\/2023\/08\/EV-PL-EC-001-137x150.jpg 137w, https:\/\/evolve-fitness.eu\/wp-content\/uploads\/2023\/08\/EV-PL-EC-001-600x659.jpg 600w, https:\/\/evolve-fitness.eu\/wp-content\/uploads\/2023\/08\/EV-PL-EC-001-273x300.jpg 273w, https:\/\/evolve-fitness.eu\/wp-content\/uploads\/2023\/08\/EV-PL-EC-001-768x843.jpg 768w, https:\/\/evolve-fitness.eu\/wp-content\/uploads\/2023\/08\/EV-PL-EC-001-1399x1536.jpg 1399w, https:\/\/evolve-fitness.eu\/wp-content\/uploads\/2023\/08\/EV-PL-EC-001.jpg 1760w\" sizes=\"auto, (max-width: 643px) 100vw, 643px\" \/><\/figure>\n<\/div>\n<\/div>\n\n\n\n<div class=\"wp-block-columns alignwide mobile-reverse is-layout-flex wp-container-core-columns-is-layout-ca64bf2d wp-block-columns-is-layout-flex\" style=\"margin-bottom:var(--wp--preset--spacing--side-padding)\">\n<div class=\"wp-block-column is-vertically-aligned-center is-layout-flow wp-block-column-is-layout-flow\">\n<figure class=\"wp-block-image alignleft size-large is-resized is-style-rounded\"><img loading=\"lazy\" decoding=\"async\" src=\"https:\/\/evolve-fitness.eu\/wp-content\/uploads\/2023\/08\/EV-PL-EC-003-edited.jpg\" alt=\"\" class=\"wp-image-3403\" style=\"width:744px;height:558px\" width=\"744\" height=\"558\" srcset=\"https:\/\/evolve-fitness.eu\/wp-content\/uploads\/2023\/08\/EV-PL-EC-003-edited.jpg 1908w, https:\/\/evolve-fitness.eu\/wp-content\/uploads\/2023\/08\/EV-PL-EC-003-edited-300x225.jpg 300w, https:\/\/evolve-fitness.eu\/wp-content\/uploads\/2023\/08\/EV-PL-EC-003-edited-200x150.jpg 200w, https:\/\/evolve-fitness.eu\/wp-content\/uploads\/2023\/08\/EV-PL-EC-003-edited-600x450.jpg 600w, https:\/\/evolve-fitness.eu\/wp-content\/uploads\/2023\/08\/EV-PL-EC-003-edited-1024x767.jpg 1024w, https:\/\/evolve-fitness.eu\/wp-content\/uploads\/2023\/08\/EV-PL-EC-003-edited-150x112.jpg 150w, https:\/\/evolve-fitness.eu\/wp-content\/uploads\/2023\/08\/EV-PL-EC-003-edited-768x576.jpg 768w, https:\/\/evolve-fitness.eu\/wp-content\/uploads\/2023\/08\/EV-PL-EC-003-edited-1536x1151.jpg 1536w\" sizes=\"auto, (max-width: 744px) 100vw, 744px\" \/><\/figure>\n<\/div>\n\n\n\n<div class=\"wp-block-column is-vertically-aligned-center is-layout-flow wp-block-column-is-layout-flow\">\n<h3 class=\"wp-block-heading\" style=\"margin-bottom:var(--wp--preset--spacing--h-3-bottom)\"><strong><strong>Gezielter Muskeleinsatz<\/strong><\/strong><\/h3>\n\n\n\n<p><strong>Leicht zu bedienende Einstellkn\u00f6pfe in leuchtendem Gelb<\/strong><\/p>\n\n\n\n<p style=\"margin-bottom:var(--wp--preset--spacing--tb-section-padding)\">F\u00fcr diejenigen, die Vielseitigkeit suchen, bieten ausgew\u00e4hlte Ger\u00e4te der Prime Series eine <strong>einseitige Armbewegung<\/strong>. Mit dieser Funktion k\u00f6nnen Sie bestimmte Muskelgruppen effektiv ansprechen und Ihr Trainingsprogramm individuell gestalten.<\/p>\n\n\n\n<h3 class=\"wp-block-heading\" style=\"margin-bottom:var(--wp--preset--spacing--h-3-bottom)\"><strong><strong><strong>Einstellbare Sitzposition<\/strong><\/strong><\/strong><\/h3>\n\n\n\n<p><strong><em><strong><strong>Leicht zu bedienende Einstellkn\u00f6pfe in leuchtendem Gelb<\/strong><\/strong><\/em><\/strong><\/p>\n\n\n\n<p>Unsere Maschinen verf\u00fcgen \u00fcber eine <strong>verstellbare Sitzposition<\/strong> mit Einstellkn\u00f6pfen und Griffen in leuchtendem, gut sichtbarem Gelb. Dieses benutzerfreundliche Design sorgt daf\u00fcr, dass Sie Ihr Ger\u00e4t schnell und pr\u00e4zise einrichten k\u00f6nnen, was Ihr Trainingserlebnis noch verbessert.<\/p>\n<\/div>\n<\/div>\n\n\n\n<div class=\"wp-block-columns alignwide mobile-reverse is-layout-flex wp-container-core-columns-is-layout-ca64bf2d wp-block-columns-is-layout-flex\" style=\"margin-bottom:var(--wp--preset--spacing--side-padding)\">\n<div class=\"wp-block-column is-vertically-aligned-center is-layout-flow wp-block-column-is-layout-flow\">\n<h3 class=\"wp-block-heading\" style=\"margin-bottom:var(--wp--preset--spacing--h-3-bottom)\"><strong><strong>Problemlose Workouts<\/strong><\/strong><\/h3>\n\n\n\n<p><strong><em><strong><strong><strong><strong><strong>Offener Rahmen f\u00fcr einfachen Zugang<\/strong><\/strong><\/strong><\/strong><\/strong><\/em><\/strong><\/p>\n\n\n\n<p style=\"margin-bottom:var(--wp--preset--spacing--tb-section-padding)\">Das Open-Frame-Design unserer Ger\u00e4te gew\u00e4hrleistet einen einfachen Zugang, so dass Sie nahtlos zwischen den \u00dcbungen wechseln k\u00f6nnen. Verabschieden Sie sich von unn\u00f6tigem \u00c4rger und konzentrieren Sie sich auf Ihr Training.<\/p>\n\n\n\n<h3 class=\"wp-block-heading\" style=\"margin-bottom:var(--wp--preset--spacing--h-3-bottom)\"><strong><strong><strong><strong>Rutschfeste Griffe<\/strong><\/strong><\/strong><\/strong><\/h3>\n\n\n\n<p><strong><em><strong><strong>Sicherer Griff f\u00fcr Sicherheit und Zuversicht<\/strong><\/strong><\/em><\/strong><\/p>\n\n\n\n<p>Setzen Sie auf Sicherheit und Vertrauen mit unseren <strong>rutschfesten Griffen<\/strong>. Sie bieten einen sicheren Halt und verringern das Unfallrisiko beim Training.<\/p>\n<\/div>\n\n\n\n<div class=\"wp-block-column is-vertically-aligned-center is-layout-flow wp-block-column-is-layout-flow\">\n<figure class=\"wp-block-image size-large is-resized is-style-rounded\"><img loading=\"lazy\" decoding=\"async\" src=\"https:\/\/evolve-fitness.eu\/wp-content\/uploads\/2023\/09\/EV-PL-PR-100-1024x1024.jpg\" alt=\"\" class=\"wp-image-3436\" style=\"object-fit:cover;width:578px;height:771px\" width=\"578\" height=\"771\"\/><\/figure>\n<\/div>\n<\/div>\n\n\n\n<div class=\"wp-block-columns alignwide mobile-reverse is-layout-flex wp-container-core-columns-is-layout-ca64bf2d wp-block-columns-is-layout-flex\" style=\"margin-bottom:var(--wp--preset--spacing--side-padding)\">\n<div class=\"wp-block-column is-vertically-aligned-center is-layout-flow wp-block-column-is-layout-flow\">\n<figure class=\"wp-block-image size-large is-resized is-style-rounded\"><img loading=\"lazy\" decoding=\"async\" src=\"https:\/\/evolve-fitness.eu\/wp-content\/uploads\/2023\/09\/EV-PL-PR-040-Low-Row-1024x1024.jpg\" alt=\"\" class=\"wp-image-3438\" style=\"object-fit:cover;width:672px;height:672px\" width=\"672\" height=\"672\" srcset=\"https:\/\/evolve-fitness.eu\/wp-content\/uploads\/2023\/09\/EV-PL-PR-040-Low-Row-1024x1024.jpg 1024w, https:\/\/evolve-fitness.eu\/wp-content\/uploads\/2023\/09\/EV-PL-PR-040-Low-Row-300x300.jpg 300w, https:\/\/evolve-fitness.eu\/wp-content\/uploads\/2023\/09\/EV-PL-PR-040-Low-Row-150x150.jpg 150w, https:\/\/evolve-fitness.eu\/wp-content\/uploads\/2023\/09\/EV-PL-PR-040-Low-Row-600x600.jpg 600w, https:\/\/evolve-fitness.eu\/wp-content\/uploads\/2023\/09\/EV-PL-PR-040-Low-Row-768x768.jpg 768w, https:\/\/evolve-fitness.eu\/wp-content\/uploads\/2023\/09\/EV-PL-PR-040-Low-Row-1536x1536.jpg 1536w, https:\/\/evolve-fitness.eu\/wp-content\/uploads\/2023\/09\/EV-PL-PR-040-Low-Row.jpg 2000w\" sizes=\"auto, (max-width: 672px) 100vw, 672px\" \/><\/figure>\n<\/div>\n\n\n\n<div class=\"wp-block-column is-vertically-aligned-center is-layout-flow wp-block-column-is-layout-flow\">\n<h3 class=\"wp-block-heading\" style=\"margin-bottom:var(--wp--preset--spacing--h-3-bottom)\"><strong><strong><strong>Langlebige Leistung<\/strong><\/strong><\/strong><\/h3>\n\n\n\n<p><strong><em><strong><strong>Hochwertiges, strapazierf\u00e4higes PU-Leder<\/strong><\/strong><\/em><\/strong><\/p>\n\n\n\n<p style=\"margin-bottom:var(--wp--preset--spacing--tb-section-padding)\">Unsere Ger\u00e4te sind aus hochwertigem <strong>, strapazierf\u00e4higem PU-Leder<\/strong> gefertigt, das selbst den h\u00e4rtesten Trainingseinheiten standh\u00e4lt. Er sieht nicht nur gut aus, sondern bietet auch dauerhafte Leistung.<\/p>\n\n\n\n<h3 class=\"wp-block-heading\" style=\"margin-bottom:var(--wp--preset--spacing--h-3-bottom)\"><strong><strong><strong><strong><strong><strong><strong>Dauerhaftes Finish<\/strong><\/strong><\/strong><\/strong><\/strong><\/strong><\/strong><\/h3>\n\n\n\n<p><strong><em><strong><strong><strong><strong><strong>Elektrostatisches Spritzen von duroplastischen Pulvern<\/strong><\/strong><\/strong><\/strong><\/strong><\/em><\/strong><\/p>\n\n\n\n<p>Erleben Sie eine dauerhafte Oberfl\u00e4che mit unserer <strong>elektrostatischen Duroplast-Pulver-Spr\u00fchtechnologie<\/strong>. Diese fortschrittliche Beschichtung sorgt daf\u00fcr, dass Ihre Ger\u00e4te ihr optisches Erscheinungsbild \u00fcber lange Zeit beibehalten.<\/p>\n\n\n\n<h3 class=\"wp-block-heading\" style=\"margin-bottom:var(--wp--preset--spacing--h-3-bottom)\"><strong><strong><strong><strong>Gebaut f\u00fcr die Ewigkeit<\/strong><\/strong><\/strong><\/strong><\/h3>\n\n\n\n<p><strong><em><strong><strong><strong>Bolzen und Muttern aus rostfreiem Stahl<\/strong><\/strong><\/strong><\/em><\/strong><\/p>\n\n\n\n<p style=\"margin-bottom:var(--wp--preset--spacing--tb-section-padding)\">Alle Schrauben und Muttern der Prime-Serie sind aus <strong>rostfreiem Stahl<\/strong> und f\u00fcr eine lange Lebensdauer ausgelegt. Diese hochwertige Konstruktion gew\u00e4hrleistet die Langlebigkeit Ihrer Ger\u00e4te.<\/p>\n<\/div>\n<\/div>\n<\/section>\n<\/section>\n","protected":false},"excerpt":{"rendered":"<p>Erh\u00f6hen Sie Ihr kommerzielles Fitnessstudio mit dem Evolve Power Rack PR-204. Der rostfreie Rahmen ist f\u00fcr eine lange Lebensdauer gebaut und bietet Vielseitigkeit und Sicherheit mit verstellbaren J-Haken, Sicherheits-Spotterarmen und einer Klimmzugstange. Au\u00dferdem bietet er eine intelligente Ablage f\u00fcr die Ausr\u00fcstung mit acht Pfl\u00f6cken und Stabilit\u00e4t durch Gummibodenschoner. Mit einer 2-Jahres-Garantie ist dieses Power Rack Ihre Eintrittskarte f\u00fcr ein effizientes und langlebiges Training.<\/p>\n","protected":false},"featured_media":12878,"template":"","meta":{"_acf_changed":false,"inline_featured_image":false},"product_brand":[],"product_cat":[17],"product_tag":[],"class_list":{"0":"post-12872","1":"product","2":"type-product","3":"status-publish","4":"has-post-thumbnail","6":"product_cat-be-kategorijos","8":"first","9":"instock","10":"virtual","11":"purchasable","12":"product-type-simple"},"acf":{"long_title":"Evolve Power Rack PR-204","subtitle":"","specifications":[{"label":"Garantie ","text_value":"2 Jahre","icon":"x"},{"label":"Aufbewahrung von Hantelscheiben  ","text_value":"8 Stifte","icon":"x"},{"label":"H\u00f6henverstellbare J-Haken","text_value":"","icon":"v"},{"label":"Bodenschoner aus Gummi","text_value":"","icon":"v"},{"label":"Arme der Sicherheitsbeobachter","text_value":"","icon":"v"},{"label":"Klimmzugstange mit mehreren Griffen","text_value":"","icon":"v"},{"label":"Pulverbeschichteter Rahmen","text_value":"","icon":"v"}]},"yoast_head":"<!-- This site is optimized with the Yoast SEO plugin v27.4 - https:\/\/yoast.com\/product\/yoast-seo-wordpress\/ -->\n<title>Evolve Prime Serie Power Rack PR-204 - Evolve<\/title>\n<meta name=\"robots\" content=\"index, follow, max-snippet:-1, max-image-preview:large, max-video-preview:-1\" \/>\n<link rel=\"canonical\" href=\"https:\/\/evolve-fitness.eu\/de\/produkt\/evolve-prime-serie-power-rack-pr-204\/\" \/>\n<meta property=\"og:locale\" content=\"de_DE\" \/>\n<meta property=\"og:type\" content=\"article\" \/>\n<meta property=\"og:title\" content=\"Evolve Prime Serie Power Rack PR-204 - Evolve\" \/>\n<meta property=\"og:url\" content=\"https:\/\/evolve-fitness.eu\/de\/produkt\/evolve-prime-serie-power-rack-pr-204\/\" \/>\n<meta property=\"og:site_name\" content=\"Evolve\" \/>\n<meta property=\"article:publisher\" content=\"https:\/\/www.facebook.com\/EvolveFitnessEurope\" \/>\n<meta property=\"article:modified_time\" content=\"2024-02-28T12:24:14+00:00\" \/>\n<meta property=\"og:image\" content=\"https:\/\/evolve-fitness.eu\/wp-content\/uploads\/2023\/09\/EV-PL-PR-204-Evolve-Prime-Series-Plate-Loaded-Power-Rack-.png\" \/>\n\t<meta property=\"og:image:width\" content=\"680\" \/>\n\t<meta property=\"og:image:height\" content=\"600\" \/>\n\t<meta property=\"og:image:type\" content=\"image\/png\" \/>\n<meta name=\"twitter:card\" content=\"summary_large_image\" \/>\n<script type=\"application\/ld+json\" class=\"yoast-schema-graph\">{\"@context\":\"https:\\\/\\\/schema.org\",\"@graph\":[{\"@type\":\"WebPage\",\"@id\":\"https:\\\/\\\/evolve-fitness.eu\\\/de\\\/produkt\\\/evolve-prime-serie-power-rack-pr-204\\\/\",\"url\":\"https:\\\/\\\/evolve-fitness.eu\\\/de\\\/produkt\\\/evolve-prime-serie-power-rack-pr-204\\\/\",\"name\":\"Evolve Prime Serie Power Rack PR-204 - Evolve\",\"isPartOf\":{\"@id\":\"https:\\\/\\\/evolve-fitness.eu\\\/de\\\/#website\"},\"primaryImageOfPage\":{\"@id\":\"https:\\\/\\\/evolve-fitness.eu\\\/de\\\/produkt\\\/evolve-prime-serie-power-rack-pr-204\\\/#primaryimage\"},\"image\":{\"@id\":\"https:\\\/\\\/evolve-fitness.eu\\\/de\\\/produkt\\\/evolve-prime-serie-power-rack-pr-204\\\/#primaryimage\"},\"thumbnailUrl\":\"https:\\\/\\\/evolve-fitness.eu\\\/wp-content\\\/uploads\\\/2023\\\/09\\\/EV-PL-PR-204-Evolve-Prime-Series-Plate-Loaded-Power-Rack-.png\",\"datePublished\":\"2023-09-11T12:11:49+00:00\",\"dateModified\":\"2024-02-28T12:24:14+00:00\",\"breadcrumb\":{\"@id\":\"https:\\\/\\\/evolve-fitness.eu\\\/de\\\/produkt\\\/evolve-prime-serie-power-rack-pr-204\\\/#breadcrumb\"},\"inLanguage\":\"de\",\"potentialAction\":[{\"@type\":\"ReadAction\",\"target\":[\"https:\\\/\\\/evolve-fitness.eu\\\/de\\\/produkt\\\/evolve-prime-serie-power-rack-pr-204\\\/\"]}]},{\"@type\":\"ImageObject\",\"inLanguage\":\"de\",\"@id\":\"https:\\\/\\\/evolve-fitness.eu\\\/de\\\/produkt\\\/evolve-prime-serie-power-rack-pr-204\\\/#primaryimage\",\"url\":\"https:\\\/\\\/evolve-fitness.eu\\\/wp-content\\\/uploads\\\/2023\\\/09\\\/EV-PL-PR-204-Evolve-Prime-Series-Plate-Loaded-Power-Rack-.png\",\"contentUrl\":\"https:\\\/\\\/evolve-fitness.eu\\\/wp-content\\\/uploads\\\/2023\\\/09\\\/EV-PL-PR-204-Evolve-Prime-Series-Plate-Loaded-Power-Rack-.png\",\"width\":680,\"height\":600,\"caption\":\"EV-PL-PR-204\"},{\"@type\":\"BreadcrumbList\",\"@id\":\"https:\\\/\\\/evolve-fitness.eu\\\/de\\\/produkt\\\/evolve-prime-serie-power-rack-pr-204\\\/#breadcrumb\",\"itemListElement\":[{\"@type\":\"ListItem\",\"position\":1,\"name\":\"Home\",\"item\":\"https:\\\/\\\/evolve-fitness.eu\\\/de\\\/\"},{\"@type\":\"ListItem\",\"position\":2,\"name\":\"Produkte\",\"item\":\"https:\\\/\\\/evolve-fitness.eu\\\/de\\\/shop\\\/\"},{\"@type\":\"ListItem\",\"position\":3,\"name\":\"Evolve Prime Serie Power Rack PR-204\"}]},{\"@type\":\"WebSite\",\"@id\":\"https:\\\/\\\/evolve-fitness.eu\\\/de\\\/#website\",\"url\":\"https:\\\/\\\/evolve-fitness.eu\\\/de\\\/\",\"name\":\"Evolve\",\"description\":\"Your Evolved Gear Arrived\",\"publisher\":{\"@id\":\"https:\\\/\\\/evolve-fitness.eu\\\/de\\\/#organization\"},\"potentialAction\":[{\"@type\":\"SearchAction\",\"target\":{\"@type\":\"EntryPoint\",\"urlTemplate\":\"https:\\\/\\\/evolve-fitness.eu\\\/de\\\/?s={search_term_string}\"},\"query-input\":{\"@type\":\"PropertyValueSpecification\",\"valueRequired\":true,\"valueName\":\"search_term_string\"}}],\"inLanguage\":\"de\"},{\"@type\":\"Organization\",\"@id\":\"https:\\\/\\\/evolve-fitness.eu\\\/de\\\/#organization\",\"name\":\"Evolve\",\"url\":\"https:\\\/\\\/evolve-fitness.eu\\\/de\\\/\",\"logo\":{\"@type\":\"ImageObject\",\"inLanguage\":\"de\",\"@id\":\"https:\\\/\\\/evolve-fitness.eu\\\/de\\\/#\\\/schema\\\/logo\\\/image\\\/\",\"url\":\"https:\\\/\\\/evolve-fitness.eu\\\/wp-content\\\/uploads\\\/2023\\\/05\\\/Evolve-logo.svg\",\"contentUrl\":\"https:\\\/\\\/evolve-fitness.eu\\\/wp-content\\\/uploads\\\/2023\\\/05\\\/Evolve-logo.svg\",\"width\":176,\"height\":20,\"caption\":\"Evolve\"},\"image\":{\"@id\":\"https:\\\/\\\/evolve-fitness.eu\\\/de\\\/#\\\/schema\\\/logo\\\/image\\\/\"},\"sameAs\":[\"https:\\\/\\\/www.facebook.com\\\/EvolveFitnessEurope\"]}]}<\/script>\n<!-- \/ Yoast SEO plugin. -->","yoast_head_json":{"title":"Evolve Prime Serie Power Rack PR-204 - Evolve","robots":{"index":"index","follow":"follow","max-snippet":"max-snippet:-1","max-image-preview":"max-image-preview:large","max-video-preview":"max-video-preview:-1"},"canonical":"https:\/\/evolve-fitness.eu\/de\/produkt\/evolve-prime-serie-power-rack-pr-204\/","og_locale":"de_DE","og_type":"article","og_title":"Evolve Prime Serie Power Rack PR-204 - Evolve","og_url":"https:\/\/evolve-fitness.eu\/de\/produkt\/evolve-prime-serie-power-rack-pr-204\/","og_site_name":"Evolve","article_publisher":"https:\/\/www.facebook.com\/EvolveFitnessEurope","article_modified_time":"2024-02-28T12:24:14+00:00","og_image":[{"width":680,"height":600,"url":"https:\/\/evolve-fitness.eu\/wp-content\/uploads\/2023\/09\/EV-PL-PR-204-Evolve-Prime-Series-Plate-Loaded-Power-Rack-.png","type":"image\/png"}],"twitter_card":"summary_large_image","schema":{"@context":"https:\/\/schema.org","@graph":[{"@type":"WebPage","@id":"https:\/\/evolve-fitness.eu\/de\/produkt\/evolve-prime-serie-power-rack-pr-204\/","url":"https:\/\/evolve-fitness.eu\/de\/produkt\/evolve-prime-serie-power-rack-pr-204\/","name":"Evolve Prime Serie Power Rack PR-204 - Evolve","isPartOf":{"@id":"https:\/\/evolve-fitness.eu\/de\/#website"},"primaryImageOfPage":{"@id":"https:\/\/evolve-fitness.eu\/de\/produkt\/evolve-prime-serie-power-rack-pr-204\/#primaryimage"},"image":{"@id":"https:\/\/evolve-fitness.eu\/de\/produkt\/evolve-prime-serie-power-rack-pr-204\/#primaryimage"},"thumbnailUrl":"https:\/\/evolve-fitness.eu\/wp-content\/uploads\/2023\/09\/EV-PL-PR-204-Evolve-Prime-Series-Plate-Loaded-Power-Rack-.png","datePublished":"2023-09-11T12:11:49+00:00","dateModified":"2024-02-28T12:24:14+00:00","breadcrumb":{"@id":"https:\/\/evolve-fitness.eu\/de\/produkt\/evolve-prime-serie-power-rack-pr-204\/#breadcrumb"},"inLanguage":"de","potentialAction":[{"@type":"ReadAction","target":["https:\/\/evolve-fitness.eu\/de\/produkt\/evolve-prime-serie-power-rack-pr-204\/"]}]},{"@type":"ImageObject","inLanguage":"de","@id":"https:\/\/evolve-fitness.eu\/de\/produkt\/evolve-prime-serie-power-rack-pr-204\/#primaryimage","url":"https:\/\/evolve-fitness.eu\/wp-content\/uploads\/2023\/09\/EV-PL-PR-204-Evolve-Prime-Series-Plate-Loaded-Power-Rack-.png","contentUrl":"https:\/\/evolve-fitness.eu\/wp-content\/uploads\/2023\/09\/EV-PL-PR-204-Evolve-Prime-Series-Plate-Loaded-Power-Rack-.png","width":680,"height":600,"caption":"EV-PL-PR-204"},{"@type":"BreadcrumbList","@id":"https:\/\/evolve-fitness.eu\/de\/produkt\/evolve-prime-serie-power-rack-pr-204\/#breadcrumb","itemListElement":[{"@type":"ListItem","position":1,"name":"Home","item":"https:\/\/evolve-fitness.eu\/de\/"},{"@type":"ListItem","position":2,"name":"Produkte","item":"https:\/\/evolve-fitness.eu\/de\/shop\/"},{"@type":"ListItem","position":3,"name":"Evolve Prime Serie Power Rack PR-204"}]},{"@type":"WebSite","@id":"https:\/\/evolve-fitness.eu\/de\/#website","url":"https:\/\/evolve-fitness.eu\/de\/","name":"Evolve","description":"Your Evolved Gear Arrived","publisher":{"@id":"https:\/\/evolve-fitness.eu\/de\/#organization"},"potentialAction":[{"@type":"SearchAction","target":{"@type":"EntryPoint","urlTemplate":"https:\/\/evolve-fitness.eu\/de\/?s={search_term_string}"},"query-input":{"@type":"PropertyValueSpecification","valueRequired":true,"valueName":"search_term_string"}}],"inLanguage":"de"},{"@type":"Organization","@id":"https:\/\/evolve-fitness.eu\/de\/#organization","name":"Evolve","url":"https:\/\/evolve-fitness.eu\/de\/","logo":{"@type":"ImageObject","inLanguage":"de","@id":"https:\/\/evolve-fitness.eu\/de\/#\/schema\/logo\/image\/","url":"https:\/\/evolve-fitness.eu\/wp-content\/uploads\/2023\/05\/Evolve-logo.svg","contentUrl":"https:\/\/evolve-fitness.eu\/wp-content\/uploads\/2023\/05\/Evolve-logo.svg","width":176,"height":20,"caption":"Evolve"},"image":{"@id":"https:\/\/evolve-fitness.eu\/de\/#\/schema\/logo\/image\/"},"sameAs":["https:\/\/www.facebook.com\/EvolveFitnessEurope"]}]}},"_links":{"self":[{"href":"https:\/\/evolve-fitness.eu\/de\/wp-json\/wp\/v2\/product\/12872","targetHints":{"allow":["GET"]}}],"collection":[{"href":"https:\/\/evolve-fitness.eu\/de\/wp-json\/wp\/v2\/product"}],"about":[{"href":"https:\/\/evolve-fitness.eu\/de\/wp-json\/wp\/v2\/types\/product"}],"wp:featuredmedia":[{"embeddable":true,"href":"https:\/\/evolve-fitness.eu\/de\/wp-json\/wp\/v2\/media\/12878"}],"wp:attachment":[{"href":"https:\/\/evolve-fitness.eu\/de\/wp-json\/wp\/v2\/media?parent=12872"}],"wp:term":[{"taxonomy":"product_brand","embeddable":true,"href":"https:\/\/evolve-fitness.eu\/de\/wp-json\/wp\/v2\/product_brand?post=12872"},{"taxonomy":"product_cat","embeddable":true,"href":"https:\/\/evolve-fitness.eu\/de\/wp-json\/wp\/v2\/product_cat?post=12872"},{"taxonomy":"product_tag","embeddable":true,"href":"https:\/\/evolve-fitness.eu\/de\/wp-json\/wp\/v2\/product_tag?post=12872"}],"curies":[{"name":"wp","href":"https:\/\/api.w.org\/{rel}","templated":true}]}}