{"id":13458,"date":"2023-09-19T09:54:11","date_gmt":"2023-09-19T09:54:11","guid":{"rendered":"https:\/\/evolve-fitness.eu\/product\/evolve-prime-serie-verstellbare-bank\/"},"modified":"2026-04-01T09:15:20","modified_gmt":"2026-04-01T06:15:20","slug":"evolve-prime-serie-verstellbare-bank","status":"publish","type":"product","link":"https:\/\/evolve-fitness.eu\/de\/produkt\/evolve-prime-serie-verstellbare-bank\/","title":{"rendered":"Evolve Prime Serie Verstellbare Bank"},"content":{"rendered":"\n<section class=\"wp-block-group alignfull has-lightgray-background-color has-background is-layout-constrained wp-block-group-is-layout-constrained\">\n<div class=\"wp-block-columns alignwide is-layout-flex wp-container-core-columns-is-layout-2edb0647 wp-block-columns-is-layout-flex\" style=\"margin-top:0;margin-bottom:0\">\n<div class=\"wp-block-column is-layout-flow wp-block-column-is-layout-flow\" style=\"flex-basis:33.33%\"><\/div>\n\n\n\n<div class=\"wp-block-column is-layout-flow wp-block-column-is-layout-flow\" style=\"flex-basis:66.66%\"><\/div>\n<\/div>\n<\/section>\n\n<section class=\"wp-block-group alignfull black-content has-white-color has-darkgray-background-color has-text-color has-background is-layout-constrained wp-block-group-is-layout-constrained\" style=\"padding-top:var(--wp--preset--spacing--section-bottom);padding-bottom:var(--wp--preset--spacing--section-bottom)\">\n<div class=\"wp-block-columns alignwide mobile-reverse is-layout-flex wp-container-core-columns-is-layout-ca64bf2d wp-block-columns-is-layout-flex\" style=\"margin-bottom:var(--wp--preset--spacing--side-padding)\">\n<div class=\"wp-block-column is-vertically-aligned-center is-layout-flow wp-block-column-is-layout-flow\">\n<h3 class=\"wp-block-heading\" style=\"margin-bottom:var(--wp--preset--spacing--h-3-bottom)\"><strong><strong><strong><strong><strong><strong><strong>Langlebig und anpassbar<\/strong><\/strong><\/strong><\/strong><\/strong><\/strong><\/strong><\/h3>\n\n\n\n<p><strong><em><strong><em><strong><strong><strong><strong><strong>Fitness-B\u00e4nke<\/strong><\/strong><\/strong><\/strong><\/strong><\/em><\/strong><\/em><\/strong><\/p>\n\n\n\n<p style=\"margin-bottom:var(--wp--preset--spacing--tb-section-padding)\">Werten Sie Ihren Fitnessbereich mit unseren Evolve-B\u00e4nken auf. Diese B\u00e4nke werden mit einem soliden Metallrahmen in modernster elektrostatischer Duroplast-Spritztechnik hergestellt und sind f\u00fcr eine lange Lebensdauer ausgelegt. Die robuste Konstruktion stellt sicher, dass sie den Anforderungen von Privatanwendern, professionellen Fitnessstudios und kommerziellen Fitnesseinrichtungen, einschlie\u00dflich Milit\u00e4rst\u00fctzpunkten, Hotels, Herbergen und Rehabilitationszentren, gerecht werden.<\/p>\n<\/div>\n\n\n\n<div class=\"wp-block-column is-vertically-aligned-center is-layout-flow wp-block-column-is-layout-flow\">\n<figure class=\"wp-block-video\"><video height=\"2160\" style=\"aspect-ratio: 3840 \/ 2160;\" width=\"3840\" autoplay=\"\" controls=\"\" loop=\"\" muted=\"\" src=\"https:\/\/evolve-fitness.eu\/wp-content\/uploads\/2023\/09\/1-2.mp4\"><\/video><\/figure>\n<\/div>\n<\/div>\n\n\n\n<div class=\"wp-block-columns alignwide is-layout-flex wp-container-core-columns-is-layout-c45ee707 wp-block-columns-is-layout-flex\" style=\"margin-bottom:var(--wp--preset--spacing--side-padding);padding-top:var(--wp--preset--spacing--side-padding)\">\n<div class=\"wp-block-column is-vertically-aligned-center is-layout-flow wp-block-column-is-layout-flow\">\n<figure class=\"wp-block-image size-large is-resized is-style-rounded\"><img loading=\"lazy\" decoding=\"async\" width=\"1024\" height=\"768\" src=\"https:\/\/evolve-fitness.eu\/wp-content\/uploads\/2023\/09\/Lemon-Gym-Saharova-15-1024x768.jpg\" alt=\"\" class=\"wp-image-4047\" style=\"object-fit:cover;width:680px;height:600px\" srcset=\"https:\/\/evolve-fitness.eu\/wp-content\/uploads\/2023\/09\/Lemon-Gym-Saharova-15-1024x768.jpg 1024w, https:\/\/evolve-fitness.eu\/wp-content\/uploads\/2023\/09\/Lemon-Gym-Saharova-15-300x225.jpg 300w, https:\/\/evolve-fitness.eu\/wp-content\/uploads\/2023\/09\/Lemon-Gym-Saharova-15-200x150.jpg 200w, https:\/\/evolve-fitness.eu\/wp-content\/uploads\/2023\/09\/Lemon-Gym-Saharova-15-600x450.jpg 600w, https:\/\/evolve-fitness.eu\/wp-content\/uploads\/2023\/09\/Lemon-Gym-Saharova-15-150x113.jpg 150w, https:\/\/evolve-fitness.eu\/wp-content\/uploads\/2023\/09\/Lemon-Gym-Saharova-15-768x576.jpg 768w, https:\/\/evolve-fitness.eu\/wp-content\/uploads\/2023\/09\/Lemon-Gym-Saharova-15-1536x1152.jpg 1536w, https:\/\/evolve-fitness.eu\/wp-content\/uploads\/2023\/09\/Lemon-Gym-Saharova-15.jpg 2048w\" sizes=\"auto, (max-width: 1024px) 100vw, 1024px\" \/><\/figure>\n<\/div>\n\n\n\n<div class=\"wp-block-column is-vertically-aligned-center is-layout-flow wp-block-column-is-layout-flow\">\n<h3 class=\"wp-block-heading\" style=\"margin-bottom:var(--wp--preset--spacing--h-3-bottom)\"><strong>Ma\u00dfgeschneidert f\u00fcr Ihre Marke<\/strong><\/h3>\n\n\n\n<p><strong><em><strong><em>Passend zur Farbgebung Ihrer Einrichtung<\/em><\/strong><\/em><\/strong><\/p>\n\n\n\n<p style=\"margin-bottom:var(--wp--preset--spacing--tb-section-padding)\">Verbessern Sie das Markenimage Ihres Fitnessstudios, indem Sie sich f\u00fcr Ger\u00e4te von Evolve entscheiden. Wir bieten individuelle Anpassungsm\u00f6glichkeiten an Ihr Farbschema f\u00fcr die Inneneinrichtung. Sie k\u00f6nnen sogar die Farben des Rahmens und der Polsterung individuell gestalten, damit sie sich nahtlos in die \u00c4sthetik Ihrer Einrichtung einf\u00fcgen. Holen Sie sich die Fitnessger\u00e4te, auf die Sie gewartet haben &#8211; langlebig, stilvoll und auf Ihre speziellen Bed\u00fcrfnisse zugeschnitten. W\u00e4hlen Sie Evolve f\u00fcr erstklassige Fitnessger\u00e4te, die sich in kommerziellen Umgebungen auszeichnen und Ihre Designvorstellungen erg\u00e4nzen.<\/p>\n<\/div>\n<\/div>\n\n\n\n<div class=\"wp-block-columns alignwide is-layout-flex wp-container-core-columns-is-layout-c45ee707 wp-block-columns-is-layout-flex\" style=\"margin-bottom:var(--wp--preset--spacing--side-padding);padding-top:var(--wp--preset--spacing--side-padding)\">\n<div class=\"wp-block-column is-vertically-aligned-center is-layout-flow wp-block-column-is-layout-flow\">\n<h3 class=\"wp-block-heading\" style=\"margin-bottom:var(--wp--preset--spacing--h-3-bottom)\"><strong><strong><strong><strong><strong><strong><strong><strong>Funktionell<\/strong> <strong>Stabilit\u00e4t<\/strong><\/strong><\/strong><\/strong><\/strong><\/strong><\/strong><\/strong><\/h3>\n\n\n\n<p><strong><em><strong><em><strong><strong><strong><strong><strong><strong><em><strong><em><strong><strong><strong><strong><strong>PVC-Bez\u00fcge<\/strong><\/strong><\/strong><\/strong><\/strong><\/em><\/strong><\/em><\/strong><\/strong><\/strong><\/strong><\/strong><\/strong><\/em><\/strong><\/em><\/strong><\/p>\n\n\n\n<p style=\"margin-bottom:var(--wp--preset--spacing--tb-section-padding)\">Unsere Evolve-B\u00e4nke haben weiche PVC-\u00dcberz\u00fcge an den F\u00fc\u00dfen, um Ihre B\u00f6den zu sch\u00fctzen und selbst bei den intensivsten Trainingseinheiten eine au\u00dfergew\u00f6hnliche Stabilit\u00e4t zu gew\u00e4hrleisten. Sie k\u00f6nnen sich darauf verlassen, dass diese B\u00e4nke ein Ganzk\u00f6rpertraining mit maximaler Stabilit\u00e4t erm\u00f6glichen. Die weiche und bequeme Polsterung ist mit dichtem, elastischem Schaumstoff gef\u00fcllt, der im Laufe der Zeit seine Form nicht verliert. Au\u00dferdem ist er mit hochwertigem, strapazierf\u00e4higem PU-Leder bezogen, das eine lange Lebensdauer garantiert.<\/p>\n<\/div>\n\n\n\n<div class=\"wp-block-column is-vertically-aligned-center is-layout-flow wp-block-column-is-layout-flow\">\n<figure class=\"wp-block-video\"><video height=\"2160\" style=\"aspect-ratio: 3840 \/ 2160;\" width=\"3840\" autoplay=\"\" controls=\"\" loop=\"\" muted=\"\" src=\"https:\/\/evolve-fitness.eu\/wp-content\/uploads\/2023\/09\/2-1.mp4\"><\/video><\/figure>\n<\/div>\n<\/div>\n<\/section>\n","protected":false},"excerpt":{"rendered":"<p>Die Evolve Prime Series Adjustable Bench, PR-204, ist eine hochwertige und langlebige Fitnessbank f\u00fcr den gewerblichen Einsatz. Er verf\u00fcgt \u00fcber einen robusten Metallrahmen mit rostfreier Beschichtung, verstellbare Winkel f\u00fcr maximalen Komfort und eine stabile Konstruktion mit Bodensch\u00fctzern. Die Bank ist kompakt und dank der Transportr\u00e4der und des Griffs leicht zu bewegen. Die komfortable Polsterung ist mit dichtem Schaumstoff gef\u00fcllt und mit strapazierf\u00e4higem PU-Leder bezogen. Sie k\u00f6nnen die Farben sogar an die Einrichtung Ihres Fitnessstudios anpassen. Mit einer 2-Jahres-Garantie und einer Belastbarkeit von 280 kg ist diese Bank eine hervorragende Wahl f\u00fcr professionelle Fitnesseinrichtungen.<\/p>\n","protected":false},"featured_media":13479,"template":"","meta":{"_acf_changed":false,"inline_featured_image":false},"product_brand":[],"product_cat":[787,815],"product_tag":[789,823,820,816,818,765,819,821,558,822,817,833],"class_list":{"0":"post-13458","1":"product","2":"type-product","3":"status-publish","4":"has-post-thumbnail","6":"product_cat-banke","7":"product_cat-banke-der-prime-series","8":"product_tag-bank","9":"product_tag-fitnessstudio-zu-hause","10":"product_tag-hochdichter-schaumstoff","11":"product_tag-huftschwung","12":"product_tag-komfort","13":"product_tag-kommerzielles-fitnessstudio","14":"product_tag-krafttraining","15":"product_tag-olympiabank","16":"product_tag-prazision","17":"product_tag-schwerlastbereich","18":"product_tag-starke","19":"product_tag-verstellbare-bank","21":"first","22":"instock","23":"shipping-taxable","24":"purchasable","25":"product-type-simple"},"acf":{"long_title":"Evolve Prime Serie Verstellbare Bank, PR-204","subtitle":"","specifications":[{"label":"SKU","text_value":"EV-BN-PR-204","icon":"x"},{"label":"Abmessungen","text_value":"1362 x 447 x 415 mm","icon":"x"},{"label":"Gewicht  ","text_value":"37 kg","icon":"v"},{"label":"Max. laden ","text_value":"280 kg","icon":"x"},{"label":"Einstellbare R\u00fcckenlehnenpositionen","text_value":"9","icon":"x"},{"label":"Verstellbare Sitzhalterungen","text_value":"4","icon":"x"},{"label":"Winkel","text_value":"0\u00b0 - 90\u00b0","icon":"x"},{"label":"Dicke des Rahmens","text_value":"3 mm","icon":"x"},{"label":"Dicke des Polstermaterials","text_value":"6 cm","icon":"x"},{"label":"Leicht zu bedienende Einstellmechanismen","text_value":"","icon":"v"},{"label":"Pulverbeschichteter Stahlrahmen mit verschlei\u00dffester und kratzfester Beschichtung","text_value":"","icon":"v"},{"label":"Korrosionsschutzfarbe","text_value":"","icon":"v"},{"label":"Langlebige Bodenschoner","text_value":"","icon":"v"},{"label":"Transport-Handgriff","text_value":"","icon":"v"},{"label":"Transport-R\u00e4der","text_value":"2 Jahre","icon":"v"},{"label":"Garantie ","text_value":"2 Jahre","icon":"x"}],"product_frequently_asked_questions":null},"yoast_head":"<!-- This site is optimized with the Yoast SEO plugin v27.4 - https:\/\/yoast.com\/product\/yoast-seo-wordpress\/ -->\n<title>Evolve Prime Serie Verstellbare Bank - Evolve<\/title>\n<meta name=\"robots\" content=\"index, follow, max-snippet:-1, max-image-preview:large, max-video-preview:-1\" \/>\n<link rel=\"canonical\" href=\"https:\/\/evolve-fitness.eu\/de\/produkt\/evolve-prime-serie-verstellbare-bank\/\" \/>\n<meta property=\"og:locale\" content=\"de_DE\" \/>\n<meta property=\"og:type\" content=\"article\" \/>\n<meta property=\"og:title\" content=\"Evolve Prime Serie Verstellbare Bank - Evolve\" \/>\n<meta property=\"og:url\" content=\"https:\/\/evolve-fitness.eu\/de\/produkt\/evolve-prime-serie-verstellbare-bank\/\" \/>\n<meta property=\"og:site_name\" content=\"Evolve\" \/>\n<meta property=\"article:publisher\" content=\"https:\/\/www.facebook.com\/EvolveFitnessEurope\" \/>\n<meta property=\"article:modified_time\" content=\"2026-04-01T06:15:20+00:00\" \/>\n<meta property=\"og:image\" content=\"https:\/\/evolve-fitness.eu\/wp-content\/uploads\/2023\/09\/EVOLVE-BN-PR-204.png\" \/>\n\t<meta property=\"og:image:width\" content=\"680\" \/>\n\t<meta property=\"og:image:height\" content=\"600\" \/>\n\t<meta property=\"og:image:type\" content=\"image\/png\" \/>\n<meta name=\"twitter:card\" content=\"summary_large_image\" \/>\n<script type=\"application\/ld+json\" class=\"yoast-schema-graph\">{\"@context\":\"https:\\\/\\\/schema.org\",\"@graph\":[{\"@type\":\"WebPage\",\"@id\":\"https:\\\/\\\/evolve-fitness.eu\\\/de\\\/produkt\\\/evolve-prime-serie-verstellbare-bank\\\/\",\"url\":\"https:\\\/\\\/evolve-fitness.eu\\\/de\\\/produkt\\\/evolve-prime-serie-verstellbare-bank\\\/\",\"name\":\"Evolve Prime Serie Verstellbare Bank - Evolve\",\"isPartOf\":{\"@id\":\"https:\\\/\\\/evolve-fitness.eu\\\/de\\\/#website\"},\"primaryImageOfPage\":{\"@id\":\"https:\\\/\\\/evolve-fitness.eu\\\/de\\\/produkt\\\/evolve-prime-serie-verstellbare-bank\\\/#primaryimage\"},\"image\":{\"@id\":\"https:\\\/\\\/evolve-fitness.eu\\\/de\\\/produkt\\\/evolve-prime-serie-verstellbare-bank\\\/#primaryimage\"},\"thumbnailUrl\":\"https:\\\/\\\/evolve-fitness.eu\\\/wp-content\\\/uploads\\\/2023\\\/09\\\/EVOLVE-BN-PR-204.png\",\"datePublished\":\"2023-09-19T09:54:11+00:00\",\"dateModified\":\"2026-04-01T06:15:20+00:00\",\"breadcrumb\":{\"@id\":\"https:\\\/\\\/evolve-fitness.eu\\\/de\\\/produkt\\\/evolve-prime-serie-verstellbare-bank\\\/#breadcrumb\"},\"inLanguage\":\"de\",\"potentialAction\":[{\"@type\":\"ReadAction\",\"target\":[\"https:\\\/\\\/evolve-fitness.eu\\\/de\\\/produkt\\\/evolve-prime-serie-verstellbare-bank\\\/\"]}]},{\"@type\":\"ImageObject\",\"inLanguage\":\"de\",\"@id\":\"https:\\\/\\\/evolve-fitness.eu\\\/de\\\/produkt\\\/evolve-prime-serie-verstellbare-bank\\\/#primaryimage\",\"url\":\"https:\\\/\\\/evolve-fitness.eu\\\/wp-content\\\/uploads\\\/2023\\\/09\\\/EVOLVE-BN-PR-204.png\",\"contentUrl\":\"https:\\\/\\\/evolve-fitness.eu\\\/wp-content\\\/uploads\\\/2023\\\/09\\\/EVOLVE-BN-PR-204.png\",\"width\":680,\"height\":600,\"caption\":\"EV-BN-PR-204\"},{\"@type\":\"BreadcrumbList\",\"@id\":\"https:\\\/\\\/evolve-fitness.eu\\\/de\\\/produkt\\\/evolve-prime-serie-verstellbare-bank\\\/#breadcrumb\",\"itemListElement\":[{\"@type\":\"ListItem\",\"position\":1,\"name\":\"Home\",\"item\":\"https:\\\/\\\/evolve-fitness.eu\\\/de\\\/\"},{\"@type\":\"ListItem\",\"position\":2,\"name\":\"Produkte\",\"item\":\"https:\\\/\\\/evolve-fitness.eu\\\/de\\\/shop\\\/\"},{\"@type\":\"ListItem\",\"position\":3,\"name\":\"Evolve Prime Serie Verstellbare Bank\"}]},{\"@type\":\"WebSite\",\"@id\":\"https:\\\/\\\/evolve-fitness.eu\\\/de\\\/#website\",\"url\":\"https:\\\/\\\/evolve-fitness.eu\\\/de\\\/\",\"name\":\"Evolve\",\"description\":\"Your Evolved Gear Arrived\",\"publisher\":{\"@id\":\"https:\\\/\\\/evolve-fitness.eu\\\/de\\\/#organization\"},\"potentialAction\":[{\"@type\":\"SearchAction\",\"target\":{\"@type\":\"EntryPoint\",\"urlTemplate\":\"https:\\\/\\\/evolve-fitness.eu\\\/de\\\/?s={search_term_string}\"},\"query-input\":{\"@type\":\"PropertyValueSpecification\",\"valueRequired\":true,\"valueName\":\"search_term_string\"}}],\"inLanguage\":\"de\"},{\"@type\":\"Organization\",\"@id\":\"https:\\\/\\\/evolve-fitness.eu\\\/de\\\/#organization\",\"name\":\"Evolve\",\"url\":\"https:\\\/\\\/evolve-fitness.eu\\\/de\\\/\",\"logo\":{\"@type\":\"ImageObject\",\"inLanguage\":\"de\",\"@id\":\"https:\\\/\\\/evolve-fitness.eu\\\/de\\\/#\\\/schema\\\/logo\\\/image\\\/\",\"url\":\"https:\\\/\\\/evolve-fitness.eu\\\/wp-content\\\/uploads\\\/2023\\\/05\\\/Evolve-logo.svg\",\"contentUrl\":\"https:\\\/\\\/evolve-fitness.eu\\\/wp-content\\\/uploads\\\/2023\\\/05\\\/Evolve-logo.svg\",\"width\":176,\"height\":20,\"caption\":\"Evolve\"},\"image\":{\"@id\":\"https:\\\/\\\/evolve-fitness.eu\\\/de\\\/#\\\/schema\\\/logo\\\/image\\\/\"},\"sameAs\":[\"https:\\\/\\\/www.facebook.com\\\/EvolveFitnessEurope\"]}]}<\/script>\n<!-- \/ Yoast SEO plugin. -->","yoast_head_json":{"title":"Evolve Prime Serie Verstellbare Bank - Evolve","robots":{"index":"index","follow":"follow","max-snippet":"max-snippet:-1","max-image-preview":"max-image-preview:large","max-video-preview":"max-video-preview:-1"},"canonical":"https:\/\/evolve-fitness.eu\/de\/produkt\/evolve-prime-serie-verstellbare-bank\/","og_locale":"de_DE","og_type":"article","og_title":"Evolve Prime Serie Verstellbare Bank - Evolve","og_url":"https:\/\/evolve-fitness.eu\/de\/produkt\/evolve-prime-serie-verstellbare-bank\/","og_site_name":"Evolve","article_publisher":"https:\/\/www.facebook.com\/EvolveFitnessEurope","article_modified_time":"2026-04-01T06:15:20+00:00","og_image":[{"width":680,"height":600,"url":"https:\/\/evolve-fitness.eu\/wp-content\/uploads\/2023\/09\/EVOLVE-BN-PR-204.png","type":"image\/png"}],"twitter_card":"summary_large_image","schema":{"@context":"https:\/\/schema.org","@graph":[{"@type":"WebPage","@id":"https:\/\/evolve-fitness.eu\/de\/produkt\/evolve-prime-serie-verstellbare-bank\/","url":"https:\/\/evolve-fitness.eu\/de\/produkt\/evolve-prime-serie-verstellbare-bank\/","name":"Evolve Prime Serie Verstellbare Bank - Evolve","isPartOf":{"@id":"https:\/\/evolve-fitness.eu\/de\/#website"},"primaryImageOfPage":{"@id":"https:\/\/evolve-fitness.eu\/de\/produkt\/evolve-prime-serie-verstellbare-bank\/#primaryimage"},"image":{"@id":"https:\/\/evolve-fitness.eu\/de\/produkt\/evolve-prime-serie-verstellbare-bank\/#primaryimage"},"thumbnailUrl":"https:\/\/evolve-fitness.eu\/wp-content\/uploads\/2023\/09\/EVOLVE-BN-PR-204.png","datePublished":"2023-09-19T09:54:11+00:00","dateModified":"2026-04-01T06:15:20+00:00","breadcrumb":{"@id":"https:\/\/evolve-fitness.eu\/de\/produkt\/evolve-prime-serie-verstellbare-bank\/#breadcrumb"},"inLanguage":"de","potentialAction":[{"@type":"ReadAction","target":["https:\/\/evolve-fitness.eu\/de\/produkt\/evolve-prime-serie-verstellbare-bank\/"]}]},{"@type":"ImageObject","inLanguage":"de","@id":"https:\/\/evolve-fitness.eu\/de\/produkt\/evolve-prime-serie-verstellbare-bank\/#primaryimage","url":"https:\/\/evolve-fitness.eu\/wp-content\/uploads\/2023\/09\/EVOLVE-BN-PR-204.png","contentUrl":"https:\/\/evolve-fitness.eu\/wp-content\/uploads\/2023\/09\/EVOLVE-BN-PR-204.png","width":680,"height":600,"caption":"EV-BN-PR-204"},{"@type":"BreadcrumbList","@id":"https:\/\/evolve-fitness.eu\/de\/produkt\/evolve-prime-serie-verstellbare-bank\/#breadcrumb","itemListElement":[{"@type":"ListItem","position":1,"name":"Home","item":"https:\/\/evolve-fitness.eu\/de\/"},{"@type":"ListItem","position":2,"name":"Produkte","item":"https:\/\/evolve-fitness.eu\/de\/shop\/"},{"@type":"ListItem","position":3,"name":"Evolve Prime Serie Verstellbare Bank"}]},{"@type":"WebSite","@id":"https:\/\/evolve-fitness.eu\/de\/#website","url":"https:\/\/evolve-fitness.eu\/de\/","name":"Evolve","description":"Your Evolved Gear Arrived","publisher":{"@id":"https:\/\/evolve-fitness.eu\/de\/#organization"},"potentialAction":[{"@type":"SearchAction","target":{"@type":"EntryPoint","urlTemplate":"https:\/\/evolve-fitness.eu\/de\/?s={search_term_string}"},"query-input":{"@type":"PropertyValueSpecification","valueRequired":true,"valueName":"search_term_string"}}],"inLanguage":"de"},{"@type":"Organization","@id":"https:\/\/evolve-fitness.eu\/de\/#organization","name":"Evolve","url":"https:\/\/evolve-fitness.eu\/de\/","logo":{"@type":"ImageObject","inLanguage":"de","@id":"https:\/\/evolve-fitness.eu\/de\/#\/schema\/logo\/image\/","url":"https:\/\/evolve-fitness.eu\/wp-content\/uploads\/2023\/05\/Evolve-logo.svg","contentUrl":"https:\/\/evolve-fitness.eu\/wp-content\/uploads\/2023\/05\/Evolve-logo.svg","width":176,"height":20,"caption":"Evolve"},"image":{"@id":"https:\/\/evolve-fitness.eu\/de\/#\/schema\/logo\/image\/"},"sameAs":["https:\/\/www.facebook.com\/EvolveFitnessEurope"]}]}},"_links":{"self":[{"href":"https:\/\/evolve-fitness.eu\/de\/wp-json\/wp\/v2\/product\/13458","targetHints":{"allow":["GET"]}}],"collection":[{"href":"https:\/\/evolve-fitness.eu\/de\/wp-json\/wp\/v2\/product"}],"about":[{"href":"https:\/\/evolve-fitness.eu\/de\/wp-json\/wp\/v2\/types\/product"}],"wp:featuredmedia":[{"embeddable":true,"href":"https:\/\/evolve-fitness.eu\/de\/wp-json\/wp\/v2\/media\/13479"}],"wp:attachment":[{"href":"https:\/\/evolve-fitness.eu\/de\/wp-json\/wp\/v2\/media?parent=13458"}],"wp:term":[{"taxonomy":"product_brand","embeddable":true,"href":"https:\/\/evolve-fitness.eu\/de\/wp-json\/wp\/v2\/product_brand?post=13458"},{"taxonomy":"product_cat","embeddable":true,"href":"https:\/\/evolve-fitness.eu\/de\/wp-json\/wp\/v2\/product_cat?post=13458"},{"taxonomy":"product_tag","embeddable":true,"href":"https:\/\/evolve-fitness.eu\/de\/wp-json\/wp\/v2\/product_tag?post=13458"}],"curies":[{"name":"wp","href":"https:\/\/api.w.org\/{rel}","templated":true}]}}