{"id":13622,"date":"2023-09-18T14:42:03","date_gmt":"2023-09-18T14:42:03","guid":{"rendered":"https:\/\/evolve-fitness.eu\/product\/evolve-econ-serie-ab-bank\/"},"modified":"2024-12-06T13:13:41","modified_gmt":"2024-12-06T13:13:41","slug":"evolve-econ-serie-ab-bank","status":"publish","type":"product","link":"https:\/\/evolve-fitness.eu\/de\/produkt\/evolve-econ-serie-ab-bank\/","title":{"rendered":"Evolve Econ Serie AB Bank"},"content":{"rendered":"\n<section class=\"wp-block-group alignfull has-lightgray-background-color has-background is-layout-constrained wp-block-group-is-layout-constrained\">\n<div class=\"wp-block-columns alignwide is-layout-flex wp-container-core-columns-is-layout-2edb0647 wp-block-columns-is-layout-flex\" style=\"margin-top:0;margin-bottom:0\">\n<div class=\"wp-block-column is-layout-flow wp-block-column-is-layout-flow\" style=\"flex-basis:33.33%\"><\/div>\n\n\n\n<div class=\"wp-block-column is-layout-flow wp-block-column-is-layout-flow\" style=\"flex-basis:66.66%\"><\/div>\n<\/div>\n<\/section>\n\n<section class=\"wp-block-group alignfull black-content has-white-color has-darkgray-background-color has-text-color has-background is-layout-constrained wp-block-group-is-layout-constrained\" style=\"padding-top:var(--wp--preset--spacing--section-bottom);padding-bottom:var(--wp--preset--spacing--section-bottom)\">\n<h3 class=\"wp-block-heading has-text-align-center\" style=\"margin-bottom:var(--wp--preset--spacing--tb-section-padding)\"><strong>\n  <strong>\n    <strong>EVOLVE <\/strong>\n  <\/strong>\n<\/strong>Econ Serie B\u00e4nke<\/h3>\n\n\n\n<div class=\"wp-block-columns alignwide mobile-reverse is-layout-flex wp-container-core-columns-is-layout-ca64bf2d wp-block-columns-is-layout-flex\" style=\"margin-bottom:var(--wp--preset--spacing--side-padding)\">\n<div class=\"wp-block-column is-vertically-aligned-center is-layout-flow wp-block-column-is-layout-flow\">\n<h3 class=\"wp-block-heading\" style=\"margin-bottom:var(--wp--preset--spacing--h-3-bottom)\"><strong><strong><strong><strong><strong><strong>Hochwertige Qualit\u00e4t<\/strong><\/strong><\/strong><\/strong><\/strong><\/strong><\/h3>\n\n\n\n<p><strong><em><strong><strong><strong><strong>Langlebiges Design<\/strong><\/strong><\/strong><\/strong><\/em><\/strong><\/p>\n\n\n\n<p style=\"margin-bottom:var(--wp--preset--spacing--tb-section-padding)\">Unsere Fitnessb\u00e4nke sind mit einem soliden Metallrahmen aus geschwei\u00dften Rundrohren f\u00fcr eine lange Lebensdauer ausgelegt. Die fortschrittliche elektrostatische Spr\u00fchtechnologie f\u00fcr duroplastische Pulver verleiht der Oberfl\u00e4che nicht nur ein glattes Aussehen, sondern bietet auch einen hervorragenden Rostschutz. Ganz gleich, ob Sie zu Hause oder in einem professionellen Fitnessstudio trainieren, unsere Evolve-B\u00e4nke sind auf Ihre Bed\u00fcrfnisse abgestimmt. Sie eignen sich auch hervorragend f\u00fcr kommerzielle Fitnesseinrichtungen in Milit\u00e4rst\u00fctzpunkten, Hotels, Herbergen und Rehabilitationszentren.<\/p>\n\n\n\n<h3 class=\"wp-block-heading\" style=\"margin-bottom:var(--wp--preset--spacing--h-3-bottom)\"><strong><strong><strong><strong><strong><strong><strong><strong>Au\u00dfergew\u00f6hnliche Funktionalit\u00e4t<\/strong><\/strong><\/strong><\/strong><\/strong><\/strong><\/strong><\/strong><\/h3>\n\n\n\n<p><strong><em><strong><strong><strong><strong><strong>PVC-Bez\u00fcge<\/strong><\/strong><\/strong><\/strong><\/strong><\/em><\/strong><\/p>\n\n\n\n<p>Unsere B\u00e4nke sind nicht nur langlebig, sondern auch auf maximale Funktionalit\u00e4t ausgelegt. Weiche PVC-\u00dcberz\u00fcge an den F\u00fc\u00dfen sch\u00fctzen Ihre B\u00f6den und sorgen f\u00fcr Stabilit\u00e4t auch bei intensivsten Trainingseinheiten. Die Evolve Utility Bench bietet eine stabile Plattform f\u00fcr ein Ganzk\u00f6rpertraining. Die weiche und bequeme Polsterung ist mit dichtem, langlebigem Schaumstoff gef\u00fcllt, der seine Form nicht verliert. Au\u00dferdem ist er mit hochwertigem, strapazierf\u00e4higem PU-Leder bezogen, das f\u00fcr zus\u00e4tzliche Haltbarkeit sorgt.<\/p>\n<\/div>\n\n\n\n<div class=\"wp-block-column is-vertically-aligned-center is-layout-flow wp-block-column-is-layout-flow\">\n<figure class=\"wp-block-image size-full is-style-rounded\"><img loading=\"lazy\" decoding=\"async\" width=\"1080\" height=\"1080\" src=\"https:\/\/evolve-fitness.eu\/wp-content\/uploads\/2024\/06\/Dizainas-be-pavadinimo-6-2.png\" alt=\"\" class=\"wp-image-137349\" style=\"object-fit:cover\" srcset=\"https:\/\/evolve-fitness.eu\/wp-content\/uploads\/2024\/06\/Dizainas-be-pavadinimo-6-2.png 1080w, https:\/\/evolve-fitness.eu\/wp-content\/uploads\/2024\/06\/Dizainas-be-pavadinimo-6-2-300x300.png 300w, https:\/\/evolve-fitness.eu\/wp-content\/uploads\/2024\/06\/Dizainas-be-pavadinimo-6-2-150x150.png 150w, https:\/\/evolve-fitness.eu\/wp-content\/uploads\/2024\/06\/Dizainas-be-pavadinimo-6-2-600x600.png 600w, https:\/\/evolve-fitness.eu\/wp-content\/uploads\/2024\/06\/Dizainas-be-pavadinimo-6-2-1024x1024.png 1024w, https:\/\/evolve-fitness.eu\/wp-content\/uploads\/2024\/06\/Dizainas-be-pavadinimo-6-2-768x768.png 768w\" sizes=\"auto, (max-width: 1080px) 100vw, 1080px\" \/><\/figure>\n<\/div>\n<\/div>\n<\/section>\n","protected":false},"excerpt":{"rendered":"<p>Die EC-288 Econ Series AB Bench ist eine kommerzielle, hochbelastbare Trainingsbank f\u00fcr intensive Bauchmuskel\u00fcbungen. Der robuste Metallrahmen mit Korrosionsschutzbeschichtung sorgt f\u00fcr Stabilit\u00e4t und Langlebigkeit. Mit einer maximalen Tragf\u00e4higkeit von 300 kg ist er f\u00fcr Benutzer aller Gr\u00f6\u00dfen geeignet. Die Bank verf\u00fcgt \u00fcber eine bequeme PU-Lederpolsterung und weiche PVC-\u00fcberzogene F\u00fc\u00dfe zum Schutz des Bodens. Es eignet sich perfekt f\u00fcr professionelle Fitnessstudios und Heimanwender und ist mit einer 2-Jahres-Garantie ausgestattet, was es zu einer zuverl\u00e4ssigen Wahl f\u00fcr das Core-Training macht.<\/p>\n","protected":false},"featured_media":13646,"template":"","meta":{"_acf_changed":false,"inline_featured_image":false},"product_brand":[],"product_cat":[787,788],"product_tag":[850,789,587,790,792,795,564,791,796,793,797,794],"class_list":{"0":"post-13622","1":"product","2":"type-product","3":"status-publish","4":"has-post-thumbnail","6":"product_cat-banke","7":"product_cat-banke-der-serie-econ","8":"product_tag-ab-bank","9":"product_tag-bank","10":"product_tag-dauerhaft","11":"product_tag-econ-de","12":"product_tag-elektrostatisches-spruhen-von-pulver","13":"product_tag-funktionalitat","14":"product_tag-heimfitness","15":"product_tag-hochwertige-qualitat","16":"product_tag-komfortable-polsterung","17":"product_tag-professionelles-fitnessstudio","18":"product_tag-pu-leder","19":"product_tag-pvc-bezuge","21":"first","22":"instock","23":"shipping-taxable","24":"purchasable","25":"product-type-simple"},"acf":{"long_title":"Evolve Econ Serie AB Bank, EC-288","subtitle":"","specifications":[{"label":"SKU","text_value":"EV-BN-EC-288","icon":"x"},{"label":"Zweck","text_value":"Kommerziell","icon":"x"},{"label":"Max. laden","text_value":"300 kg","icon":"x"},{"label":"Maximales Benutzergewicht","text_value":"180 kg","icon":"x"},{"label":"Typ des Rahmens","text_value":"Metall ohne scharfe Kanten, 3 mm dick","icon":"x"},{"label":"Polsterm\u00f6bel","text_value":"Mit PU-Leder \u00fcberzogen","icon":"x"},{"label":"Korrosionsschutzfarbe ","text_value":"","icon":"v"},{"label":"Garantie ","text_value":"2 Jahre","icon":"x"}],"product_frequently_asked_questions":null},"yoast_head":"<!-- This site is optimized with the Yoast SEO plugin v27.4 - https:\/\/yoast.com\/product\/yoast-seo-wordpress\/ -->\n<title>Evolve Econ Serie AB Bank - Evolve<\/title>\n<meta name=\"robots\" content=\"index, follow, max-snippet:-1, max-image-preview:large, max-video-preview:-1\" \/>\n<link rel=\"canonical\" href=\"https:\/\/evolve-fitness.eu\/de\/produkt\/evolve-econ-serie-ab-bank\/\" \/>\n<meta property=\"og:locale\" content=\"de_DE\" \/>\n<meta property=\"og:type\" content=\"article\" \/>\n<meta property=\"og:title\" content=\"Evolve Econ Serie AB Bank - Evolve\" \/>\n<meta property=\"og:url\" content=\"https:\/\/evolve-fitness.eu\/de\/produkt\/evolve-econ-serie-ab-bank\/\" \/>\n<meta property=\"og:site_name\" content=\"Evolve\" \/>\n<meta property=\"article:publisher\" content=\"https:\/\/www.facebook.com\/EvolveFitnessEurope\" \/>\n<meta property=\"article:modified_time\" content=\"2024-12-06T13:13:41+00:00\" \/>\n<meta property=\"og:image\" content=\"https:\/\/evolve-fitness.eu\/wp-content\/uploads\/2023\/09\/EVOLVE-BN-EC-288.png\" \/>\n\t<meta property=\"og:image:width\" content=\"680\" \/>\n\t<meta property=\"og:image:height\" content=\"600\" \/>\n\t<meta property=\"og:image:type\" content=\"image\/png\" \/>\n<meta name=\"twitter:card\" content=\"summary_large_image\" \/>\n<script type=\"application\/ld+json\" class=\"yoast-schema-graph\">{\"@context\":\"https:\\\/\\\/schema.org\",\"@graph\":[{\"@type\":\"WebPage\",\"@id\":\"https:\\\/\\\/evolve-fitness.eu\\\/de\\\/produkt\\\/evolve-econ-serie-ab-bank\\\/\",\"url\":\"https:\\\/\\\/evolve-fitness.eu\\\/de\\\/produkt\\\/evolve-econ-serie-ab-bank\\\/\",\"name\":\"Evolve Econ Serie AB Bank - Evolve\",\"isPartOf\":{\"@id\":\"https:\\\/\\\/evolve-fitness.eu\\\/de\\\/#website\"},\"primaryImageOfPage\":{\"@id\":\"https:\\\/\\\/evolve-fitness.eu\\\/de\\\/produkt\\\/evolve-econ-serie-ab-bank\\\/#primaryimage\"},\"image\":{\"@id\":\"https:\\\/\\\/evolve-fitness.eu\\\/de\\\/produkt\\\/evolve-econ-serie-ab-bank\\\/#primaryimage\"},\"thumbnailUrl\":\"https:\\\/\\\/evolve-fitness.eu\\\/wp-content\\\/uploads\\\/2023\\\/09\\\/EVOLVE-BN-EC-288.png\",\"datePublished\":\"2023-09-18T14:42:03+00:00\",\"dateModified\":\"2024-12-06T13:13:41+00:00\",\"breadcrumb\":{\"@id\":\"https:\\\/\\\/evolve-fitness.eu\\\/de\\\/produkt\\\/evolve-econ-serie-ab-bank\\\/#breadcrumb\"},\"inLanguage\":\"de\",\"potentialAction\":[{\"@type\":\"ReadAction\",\"target\":[\"https:\\\/\\\/evolve-fitness.eu\\\/de\\\/produkt\\\/evolve-econ-serie-ab-bank\\\/\"]}]},{\"@type\":\"ImageObject\",\"inLanguage\":\"de\",\"@id\":\"https:\\\/\\\/evolve-fitness.eu\\\/de\\\/produkt\\\/evolve-econ-serie-ab-bank\\\/#primaryimage\",\"url\":\"https:\\\/\\\/evolve-fitness.eu\\\/wp-content\\\/uploads\\\/2023\\\/09\\\/EVOLVE-BN-EC-288.png\",\"contentUrl\":\"https:\\\/\\\/evolve-fitness.eu\\\/wp-content\\\/uploads\\\/2023\\\/09\\\/EVOLVE-BN-EC-288.png\",\"width\":680,\"height\":600,\"caption\":\"EV-BN-EC-288\"},{\"@type\":\"BreadcrumbList\",\"@id\":\"https:\\\/\\\/evolve-fitness.eu\\\/de\\\/produkt\\\/evolve-econ-serie-ab-bank\\\/#breadcrumb\",\"itemListElement\":[{\"@type\":\"ListItem\",\"position\":1,\"name\":\"Home\",\"item\":\"https:\\\/\\\/evolve-fitness.eu\\\/de\\\/\"},{\"@type\":\"ListItem\",\"position\":2,\"name\":\"Produkte\",\"item\":\"https:\\\/\\\/evolve-fitness.eu\\\/de\\\/shop\\\/\"},{\"@type\":\"ListItem\",\"position\":3,\"name\":\"Evolve Econ Serie AB Bank\"}]},{\"@type\":\"WebSite\",\"@id\":\"https:\\\/\\\/evolve-fitness.eu\\\/de\\\/#website\",\"url\":\"https:\\\/\\\/evolve-fitness.eu\\\/de\\\/\",\"name\":\"Evolve\",\"description\":\"Your Evolved Gear Arrived\",\"publisher\":{\"@id\":\"https:\\\/\\\/evolve-fitness.eu\\\/de\\\/#organization\"},\"potentialAction\":[{\"@type\":\"SearchAction\",\"target\":{\"@type\":\"EntryPoint\",\"urlTemplate\":\"https:\\\/\\\/evolve-fitness.eu\\\/de\\\/?s={search_term_string}\"},\"query-input\":{\"@type\":\"PropertyValueSpecification\",\"valueRequired\":true,\"valueName\":\"search_term_string\"}}],\"inLanguage\":\"de\"},{\"@type\":\"Organization\",\"@id\":\"https:\\\/\\\/evolve-fitness.eu\\\/de\\\/#organization\",\"name\":\"Evolve\",\"url\":\"https:\\\/\\\/evolve-fitness.eu\\\/de\\\/\",\"logo\":{\"@type\":\"ImageObject\",\"inLanguage\":\"de\",\"@id\":\"https:\\\/\\\/evolve-fitness.eu\\\/de\\\/#\\\/schema\\\/logo\\\/image\\\/\",\"url\":\"https:\\\/\\\/evolve-fitness.eu\\\/wp-content\\\/uploads\\\/2023\\\/05\\\/Evolve-logo.svg\",\"contentUrl\":\"https:\\\/\\\/evolve-fitness.eu\\\/wp-content\\\/uploads\\\/2023\\\/05\\\/Evolve-logo.svg\",\"width\":176,\"height\":20,\"caption\":\"Evolve\"},\"image\":{\"@id\":\"https:\\\/\\\/evolve-fitness.eu\\\/de\\\/#\\\/schema\\\/logo\\\/image\\\/\"},\"sameAs\":[\"https:\\\/\\\/www.facebook.com\\\/EvolveFitnessEurope\"]}]}<\/script>\n<!-- \/ Yoast SEO plugin. -->","yoast_head_json":{"title":"Evolve Econ Serie AB Bank - Evolve","robots":{"index":"index","follow":"follow","max-snippet":"max-snippet:-1","max-image-preview":"max-image-preview:large","max-video-preview":"max-video-preview:-1"},"canonical":"https:\/\/evolve-fitness.eu\/de\/produkt\/evolve-econ-serie-ab-bank\/","og_locale":"de_DE","og_type":"article","og_title":"Evolve Econ Serie AB Bank - Evolve","og_url":"https:\/\/evolve-fitness.eu\/de\/produkt\/evolve-econ-serie-ab-bank\/","og_site_name":"Evolve","article_publisher":"https:\/\/www.facebook.com\/EvolveFitnessEurope","article_modified_time":"2024-12-06T13:13:41+00:00","og_image":[{"width":680,"height":600,"url":"https:\/\/evolve-fitness.eu\/wp-content\/uploads\/2023\/09\/EVOLVE-BN-EC-288.png","type":"image\/png"}],"twitter_card":"summary_large_image","schema":{"@context":"https:\/\/schema.org","@graph":[{"@type":"WebPage","@id":"https:\/\/evolve-fitness.eu\/de\/produkt\/evolve-econ-serie-ab-bank\/","url":"https:\/\/evolve-fitness.eu\/de\/produkt\/evolve-econ-serie-ab-bank\/","name":"Evolve Econ Serie AB Bank - Evolve","isPartOf":{"@id":"https:\/\/evolve-fitness.eu\/de\/#website"},"primaryImageOfPage":{"@id":"https:\/\/evolve-fitness.eu\/de\/produkt\/evolve-econ-serie-ab-bank\/#primaryimage"},"image":{"@id":"https:\/\/evolve-fitness.eu\/de\/produkt\/evolve-econ-serie-ab-bank\/#primaryimage"},"thumbnailUrl":"https:\/\/evolve-fitness.eu\/wp-content\/uploads\/2023\/09\/EVOLVE-BN-EC-288.png","datePublished":"2023-09-18T14:42:03+00:00","dateModified":"2024-12-06T13:13:41+00:00","breadcrumb":{"@id":"https:\/\/evolve-fitness.eu\/de\/produkt\/evolve-econ-serie-ab-bank\/#breadcrumb"},"inLanguage":"de","potentialAction":[{"@type":"ReadAction","target":["https:\/\/evolve-fitness.eu\/de\/produkt\/evolve-econ-serie-ab-bank\/"]}]},{"@type":"ImageObject","inLanguage":"de","@id":"https:\/\/evolve-fitness.eu\/de\/produkt\/evolve-econ-serie-ab-bank\/#primaryimage","url":"https:\/\/evolve-fitness.eu\/wp-content\/uploads\/2023\/09\/EVOLVE-BN-EC-288.png","contentUrl":"https:\/\/evolve-fitness.eu\/wp-content\/uploads\/2023\/09\/EVOLVE-BN-EC-288.png","width":680,"height":600,"caption":"EV-BN-EC-288"},{"@type":"BreadcrumbList","@id":"https:\/\/evolve-fitness.eu\/de\/produkt\/evolve-econ-serie-ab-bank\/#breadcrumb","itemListElement":[{"@type":"ListItem","position":1,"name":"Home","item":"https:\/\/evolve-fitness.eu\/de\/"},{"@type":"ListItem","position":2,"name":"Produkte","item":"https:\/\/evolve-fitness.eu\/de\/shop\/"},{"@type":"ListItem","position":3,"name":"Evolve Econ Serie AB Bank"}]},{"@type":"WebSite","@id":"https:\/\/evolve-fitness.eu\/de\/#website","url":"https:\/\/evolve-fitness.eu\/de\/","name":"Evolve","description":"Your Evolved Gear Arrived","publisher":{"@id":"https:\/\/evolve-fitness.eu\/de\/#organization"},"potentialAction":[{"@type":"SearchAction","target":{"@type":"EntryPoint","urlTemplate":"https:\/\/evolve-fitness.eu\/de\/?s={search_term_string}"},"query-input":{"@type":"PropertyValueSpecification","valueRequired":true,"valueName":"search_term_string"}}],"inLanguage":"de"},{"@type":"Organization","@id":"https:\/\/evolve-fitness.eu\/de\/#organization","name":"Evolve","url":"https:\/\/evolve-fitness.eu\/de\/","logo":{"@type":"ImageObject","inLanguage":"de","@id":"https:\/\/evolve-fitness.eu\/de\/#\/schema\/logo\/image\/","url":"https:\/\/evolve-fitness.eu\/wp-content\/uploads\/2023\/05\/Evolve-logo.svg","contentUrl":"https:\/\/evolve-fitness.eu\/wp-content\/uploads\/2023\/05\/Evolve-logo.svg","width":176,"height":20,"caption":"Evolve"},"image":{"@id":"https:\/\/evolve-fitness.eu\/de\/#\/schema\/logo\/image\/"},"sameAs":["https:\/\/www.facebook.com\/EvolveFitnessEurope"]}]}},"_links":{"self":[{"href":"https:\/\/evolve-fitness.eu\/de\/wp-json\/wp\/v2\/product\/13622","targetHints":{"allow":["GET"]}}],"collection":[{"href":"https:\/\/evolve-fitness.eu\/de\/wp-json\/wp\/v2\/product"}],"about":[{"href":"https:\/\/evolve-fitness.eu\/de\/wp-json\/wp\/v2\/types\/product"}],"wp:featuredmedia":[{"embeddable":true,"href":"https:\/\/evolve-fitness.eu\/de\/wp-json\/wp\/v2\/media\/13646"}],"wp:attachment":[{"href":"https:\/\/evolve-fitness.eu\/de\/wp-json\/wp\/v2\/media?parent=13622"}],"wp:term":[{"taxonomy":"product_brand","embeddable":true,"href":"https:\/\/evolve-fitness.eu\/de\/wp-json\/wp\/v2\/product_brand?post=13622"},{"taxonomy":"product_cat","embeddable":true,"href":"https:\/\/evolve-fitness.eu\/de\/wp-json\/wp\/v2\/product_cat?post=13622"},{"taxonomy":"product_tag","embeddable":true,"href":"https:\/\/evolve-fitness.eu\/de\/wp-json\/wp\/v2\/product_tag?post=13622"}],"curies":[{"name":"wp","href":"https:\/\/api.w.org\/{rel}","templated":true}]}}