{"id":13826,"date":"2024-01-17T10:03:12","date_gmt":"2024-01-17T10:03:12","guid":{"rendered":"https:\/\/evolve-fitness.eu\/product\/evolve-prime-serie-dip-klimmzug-station\/"},"modified":"2026-04-01T15:05:21","modified_gmt":"2026-04-01T12:05:21","slug":"evolve-prime-serie-dip-klimmzug-station","status":"publish","type":"product","link":"https:\/\/evolve-fitness.eu\/de\/produkt\/evolve-prime-serie-dip-klimmzug-station\/","title":{"rendered":"Evolve Prime Series Dip- und Klimmzugstation (PR-219)"},"content":{"rendered":"\n<section class=\"wp-block-group alignfull black-content has-white-color has-darkgray-background-color has-text-color has-background is-layout-constrained wp-block-group-is-layout-constrained\" style=\"padding-top:var(--wp--preset--spacing--section-bottom);padding-bottom:var(--wp--preset--spacing--section-bottom)\">\n<div class=\"wp-block-columns alignwide is-layout-flex wp-container-core-columns-is-layout-c45ee707 wp-block-columns-is-layout-flex\" style=\"margin-bottom:var(--wp--preset--spacing--side-padding);padding-top:var(--wp--preset--spacing--side-padding)\">\n<div class=\"wp-block-column is-vertically-aligned-center is-layout-constrained wp-block-column-is-layout-constrained\">\n<h3 class=\"wp-block-heading\" style=\"margin-bottom:var(--wp--preset--spacing--h-3-bottom)\"><strong><strong>Multifunktionsstation<\/strong><\/strong><\/h3>\n\n\n\n<p><em>Vielseitiges und robustes Fitnessger\u00e4t<\/em><\/p>\n\n\n\n<p style=\"margin-bottom:var(--wp--preset--spacing--tb-section-padding)\">Die Evolve Prime Series Dip &amp; Pull Up Station ist ein vielseitiges und robustes Fitnessger\u00e4t, das f\u00fcr ein umfassendes Oberk\u00f6rpertraining entwickelt wurde. An dieser multifunktionalen Station k\u00f6nnen Sie Dips, Klimmz\u00fcge, Klimmz\u00fcge und Beinheben ausf\u00fchren und so Arme, Schultern, Brust und R\u00fccken trainieren. Er eignet sich sowohl f\u00fcr private als auch f\u00fcr gewerbliche Fitnessstudios und ist aus strapazierf\u00e4higen Materialien gefertigt, die Langlebigkeit und Stabilit\u00e4t gew\u00e4hrleisten. Sein ergonomisches Design passt sich an verschiedene K\u00f6rpergr\u00f6\u00dfen und Fitnessniveaus an, so dass es f\u00fcr alle Benutzer geeignet ist.<\/p>\n<\/div>\n\n\n\n<div class=\"wp-block-column is-vertically-aligned-center is-layout-flow wp-block-column-is-layout-flow\">\n<figure class=\"wp-block-image size-full\"><img loading=\"lazy\" decoding=\"async\" width=\"1373\" height=\"2060\" src=\"https:\/\/evolve-fitness.eu\/wp-content\/uploads\/2024\/01\/EV-BN-PR-219.jpg\" alt=\"EV-BN-PR-219\" class=\"wp-image-160039\" srcset=\"https:\/\/evolve-fitness.eu\/wp-content\/uploads\/2024\/01\/EV-BN-PR-219.jpg 1373w, https:\/\/evolve-fitness.eu\/wp-content\/uploads\/2024\/01\/EV-BN-PR-219-200x300.jpg 200w, https:\/\/evolve-fitness.eu\/wp-content\/uploads\/2024\/01\/EV-BN-PR-219-683x1024.jpg 683w, https:\/\/evolve-fitness.eu\/wp-content\/uploads\/2024\/01\/EV-BN-PR-219-100x150.jpg 100w, https:\/\/evolve-fitness.eu\/wp-content\/uploads\/2024\/01\/EV-BN-PR-219-768x1152.jpg 768w, https:\/\/evolve-fitness.eu\/wp-content\/uploads\/2024\/01\/EV-BN-PR-219-1024x1536.jpg 1024w, https:\/\/evolve-fitness.eu\/wp-content\/uploads\/2024\/01\/EV-BN-PR-219-1365x2048.jpg 1365w, https:\/\/evolve-fitness.eu\/wp-content\/uploads\/2024\/01\/EV-BN-PR-219-300x450.jpg 300w, https:\/\/evolve-fitness.eu\/wp-content\/uploads\/2024\/01\/EV-BN-PR-219-600x900.jpg 600w\" sizes=\"auto, (max-width: 1373px) 100vw, 1373px\" \/><\/figure>\n<\/div>\n<\/div>\n<\/section>\n","protected":false},"excerpt":{"rendered":"<p>Die Evolve Prime Series Dip &amp; Pull Up Station ist eine unverzichtbare Erg\u00e4nzung f\u00fcr jedes Fitnessprogramm und bietet eine solide Plattform f\u00fcr eine Vielzahl von K\u00f6rpergewichts\u00fcbungen. Das aus hochwertigen Materialien gefertigte Ger\u00e4t bietet Stabilit\u00e4t und Langlebigkeit und sorgt f\u00fcr ein sicheres Training. Ob f\u00fcr den Heimgebrauch oder die gewerbliche Nutzung, diese Ger\u00e4te verbessern die allgemeine Kraft und Kondition und sind somit ein wertvoller Gewinn f\u00fcr Fitnessbegeisterte.<\/p>\n","protected":false},"featured_media":13840,"template":"","meta":{"_acf_changed":false,"inline_featured_image":false},"product_brand":[],"product_cat":[787,815],"product_tag":[789,859,823,820,816,818,765,819,821,558,822,817],"class_list":{"0":"post-13826","1":"product","2":"type-product","3":"status-publish","4":"has-post-thumbnail","6":"product_cat-banke","7":"product_cat-banke-der-prime-series","8":"product_tag-bank","9":"product_tag-dip-klimmzug-station","10":"product_tag-fitnessstudio-zu-hause","11":"product_tag-hochdichter-schaumstoff","12":"product_tag-huftschwung","13":"product_tag-komfort","14":"product_tag-kommerzielles-fitnessstudio","15":"product_tag-krafttraining","16":"product_tag-olympiabank","17":"product_tag-prazision","18":"product_tag-schwerlastbereich","19":"product_tag-starke","21":"first","22":"instock","23":"shipping-taxable","24":"purchasable","25":"product-type-simple"},"acf":{"long_title":"Evolve Prime Series Dip- und Klimmzugstation (PR-219)","subtitle":"","specifications":[{"label":"SKU","text_value":"EV-BN-PR-219","icon":"x"},{"label":"Abmessungen","text_value":"1258 x 1190 x 2295 mm","icon":"x"},{"label":"Gewicht","text_value":"85 kg","icon":"x"},{"label":"Maximale Belastung","text_value":"180 kg","icon":"x"},{"label":"Dicke des Rahmens","text_value":"3 mm","icon":"x"},{"label":"Vertikale und horizontale parallele Griffe","text_value":"","icon":"v"},{"label":"Schmale und breite Griffe f\u00fcr Klimmzugstangen","text_value":"","icon":"v"},{"label":"Zus\u00e4tzliche rutschfeste Trittfl\u00e4chen f\u00fcr einen leichteren Zugang zur Klimmzugstange","text_value":"","icon":"v"},{"label":"Stabiler Stahlrahmen mit pulverbeschichteter Oberfl\u00e4che, \u00fcberzogen mit einer verschlei\u00df- und kratzfesten Beschichtung","text_value":"","icon":"v"},{"label":"Dicke des Polstermaterials","text_value":"6 cm","icon":"x"},{"label":"Anti-Rutsch-Griffe","text_value":"","icon":"v"},{"label":"Langlebige Bodenschoner","text_value":"","icon":"v"},{"label":"Garantie","text_value":"2 Jahre","icon":"x"}],"product_frequently_asked_questions":null},"yoast_head":"<!-- This site is optimized with the Yoast SEO plugin v27.4 - https:\/\/yoast.com\/product\/yoast-seo-wordpress\/ -->\n<title>Evolve Prime Series Dip- und Klimmzugstation (PR-219) - Evolve<\/title>\n<meta name=\"robots\" content=\"index, follow, max-snippet:-1, max-image-preview:large, max-video-preview:-1\" \/>\n<link rel=\"canonical\" href=\"https:\/\/evolve-fitness.eu\/de\/produkt\/evolve-prime-serie-dip-klimmzug-station\/\" \/>\n<meta property=\"og:locale\" content=\"de_DE\" \/>\n<meta property=\"og:type\" content=\"article\" \/>\n<meta property=\"og:title\" content=\"Evolve Prime Series Dip- und Klimmzugstation (PR-219) - Evolve\" \/>\n<meta property=\"og:url\" content=\"https:\/\/evolve-fitness.eu\/de\/produkt\/evolve-prime-serie-dip-klimmzug-station\/\" \/>\n<meta property=\"og:site_name\" content=\"Evolve\" \/>\n<meta property=\"article:publisher\" content=\"https:\/\/www.facebook.com\/EvolveFitnessEurope\" \/>\n<meta property=\"article:modified_time\" content=\"2026-04-01T12:05:21+00:00\" \/>\n<meta property=\"og:image\" content=\"https:\/\/evolve-fitness.eu\/wp-content\/uploads\/2024\/01\/EV-BN-PR-219-PNG.png\" \/>\n\t<meta property=\"og:image:width\" content=\"680\" \/>\n\t<meta property=\"og:image:height\" content=\"600\" \/>\n\t<meta property=\"og:image:type\" content=\"image\/png\" \/>\n<meta name=\"twitter:card\" content=\"summary_large_image\" \/>\n<script type=\"application\/ld+json\" class=\"yoast-schema-graph\">{\"@context\":\"https:\\\/\\\/schema.org\",\"@graph\":[{\"@type\":\"WebPage\",\"@id\":\"https:\\\/\\\/evolve-fitness.eu\\\/de\\\/produkt\\\/evolve-prime-serie-dip-klimmzug-station\\\/\",\"url\":\"https:\\\/\\\/evolve-fitness.eu\\\/de\\\/produkt\\\/evolve-prime-serie-dip-klimmzug-station\\\/\",\"name\":\"Evolve Prime Series Dip- und Klimmzugstation (PR-219) - Evolve\",\"isPartOf\":{\"@id\":\"https:\\\/\\\/evolve-fitness.eu\\\/de\\\/#website\"},\"primaryImageOfPage\":{\"@id\":\"https:\\\/\\\/evolve-fitness.eu\\\/de\\\/produkt\\\/evolve-prime-serie-dip-klimmzug-station\\\/#primaryimage\"},\"image\":{\"@id\":\"https:\\\/\\\/evolve-fitness.eu\\\/de\\\/produkt\\\/evolve-prime-serie-dip-klimmzug-station\\\/#primaryimage\"},\"thumbnailUrl\":\"https:\\\/\\\/evolve-fitness.eu\\\/wp-content\\\/uploads\\\/2024\\\/01\\\/EV-BN-PR-219-PNG.png\",\"datePublished\":\"2024-01-17T10:03:12+00:00\",\"dateModified\":\"2026-04-01T12:05:21+00:00\",\"breadcrumb\":{\"@id\":\"https:\\\/\\\/evolve-fitness.eu\\\/de\\\/produkt\\\/evolve-prime-serie-dip-klimmzug-station\\\/#breadcrumb\"},\"inLanguage\":\"de\",\"potentialAction\":[{\"@type\":\"ReadAction\",\"target\":[\"https:\\\/\\\/evolve-fitness.eu\\\/de\\\/produkt\\\/evolve-prime-serie-dip-klimmzug-station\\\/\"]}]},{\"@type\":\"ImageObject\",\"inLanguage\":\"de\",\"@id\":\"https:\\\/\\\/evolve-fitness.eu\\\/de\\\/produkt\\\/evolve-prime-serie-dip-klimmzug-station\\\/#primaryimage\",\"url\":\"https:\\\/\\\/evolve-fitness.eu\\\/wp-content\\\/uploads\\\/2024\\\/01\\\/EV-BN-PR-219-PNG.png\",\"contentUrl\":\"https:\\\/\\\/evolve-fitness.eu\\\/wp-content\\\/uploads\\\/2024\\\/01\\\/EV-BN-PR-219-PNG.png\",\"width\":680,\"height\":600,\"caption\":\"EV-BN-PR-219\"},{\"@type\":\"BreadcrumbList\",\"@id\":\"https:\\\/\\\/evolve-fitness.eu\\\/de\\\/produkt\\\/evolve-prime-serie-dip-klimmzug-station\\\/#breadcrumb\",\"itemListElement\":[{\"@type\":\"ListItem\",\"position\":1,\"name\":\"Home\",\"item\":\"https:\\\/\\\/evolve-fitness.eu\\\/de\\\/\"},{\"@type\":\"ListItem\",\"position\":2,\"name\":\"Produkte\",\"item\":\"https:\\\/\\\/evolve-fitness.eu\\\/de\\\/shop\\\/\"},{\"@type\":\"ListItem\",\"position\":3,\"name\":\"Evolve Prime Series Dip- und Klimmzugstation (PR-219)\"}]},{\"@type\":\"WebSite\",\"@id\":\"https:\\\/\\\/evolve-fitness.eu\\\/de\\\/#website\",\"url\":\"https:\\\/\\\/evolve-fitness.eu\\\/de\\\/\",\"name\":\"Evolve\",\"description\":\"Your Evolved Gear Arrived\",\"publisher\":{\"@id\":\"https:\\\/\\\/evolve-fitness.eu\\\/de\\\/#organization\"},\"potentialAction\":[{\"@type\":\"SearchAction\",\"target\":{\"@type\":\"EntryPoint\",\"urlTemplate\":\"https:\\\/\\\/evolve-fitness.eu\\\/de\\\/?s={search_term_string}\"},\"query-input\":{\"@type\":\"PropertyValueSpecification\",\"valueRequired\":true,\"valueName\":\"search_term_string\"}}],\"inLanguage\":\"de\"},{\"@type\":\"Organization\",\"@id\":\"https:\\\/\\\/evolve-fitness.eu\\\/de\\\/#organization\",\"name\":\"Evolve\",\"url\":\"https:\\\/\\\/evolve-fitness.eu\\\/de\\\/\",\"logo\":{\"@type\":\"ImageObject\",\"inLanguage\":\"de\",\"@id\":\"https:\\\/\\\/evolve-fitness.eu\\\/de\\\/#\\\/schema\\\/logo\\\/image\\\/\",\"url\":\"https:\\\/\\\/evolve-fitness.eu\\\/wp-content\\\/uploads\\\/2023\\\/05\\\/Evolve-logo.svg\",\"contentUrl\":\"https:\\\/\\\/evolve-fitness.eu\\\/wp-content\\\/uploads\\\/2023\\\/05\\\/Evolve-logo.svg\",\"width\":176,\"height\":20,\"caption\":\"Evolve\"},\"image\":{\"@id\":\"https:\\\/\\\/evolve-fitness.eu\\\/de\\\/#\\\/schema\\\/logo\\\/image\\\/\"},\"sameAs\":[\"https:\\\/\\\/www.facebook.com\\\/EvolveFitnessEurope\"]}]}<\/script>\n<!-- \/ Yoast SEO plugin. -->","yoast_head_json":{"title":"Evolve Prime Series Dip- und Klimmzugstation (PR-219) - Evolve","robots":{"index":"index","follow":"follow","max-snippet":"max-snippet:-1","max-image-preview":"max-image-preview:large","max-video-preview":"max-video-preview:-1"},"canonical":"https:\/\/evolve-fitness.eu\/de\/produkt\/evolve-prime-serie-dip-klimmzug-station\/","og_locale":"de_DE","og_type":"article","og_title":"Evolve Prime Series Dip- und Klimmzugstation (PR-219) - Evolve","og_url":"https:\/\/evolve-fitness.eu\/de\/produkt\/evolve-prime-serie-dip-klimmzug-station\/","og_site_name":"Evolve","article_publisher":"https:\/\/www.facebook.com\/EvolveFitnessEurope","article_modified_time":"2026-04-01T12:05:21+00:00","og_image":[{"width":680,"height":600,"url":"https:\/\/evolve-fitness.eu\/wp-content\/uploads\/2024\/01\/EV-BN-PR-219-PNG.png","type":"image\/png"}],"twitter_card":"summary_large_image","schema":{"@context":"https:\/\/schema.org","@graph":[{"@type":"WebPage","@id":"https:\/\/evolve-fitness.eu\/de\/produkt\/evolve-prime-serie-dip-klimmzug-station\/","url":"https:\/\/evolve-fitness.eu\/de\/produkt\/evolve-prime-serie-dip-klimmzug-station\/","name":"Evolve Prime Series Dip- und Klimmzugstation (PR-219) - Evolve","isPartOf":{"@id":"https:\/\/evolve-fitness.eu\/de\/#website"},"primaryImageOfPage":{"@id":"https:\/\/evolve-fitness.eu\/de\/produkt\/evolve-prime-serie-dip-klimmzug-station\/#primaryimage"},"image":{"@id":"https:\/\/evolve-fitness.eu\/de\/produkt\/evolve-prime-serie-dip-klimmzug-station\/#primaryimage"},"thumbnailUrl":"https:\/\/evolve-fitness.eu\/wp-content\/uploads\/2024\/01\/EV-BN-PR-219-PNG.png","datePublished":"2024-01-17T10:03:12+00:00","dateModified":"2026-04-01T12:05:21+00:00","breadcrumb":{"@id":"https:\/\/evolve-fitness.eu\/de\/produkt\/evolve-prime-serie-dip-klimmzug-station\/#breadcrumb"},"inLanguage":"de","potentialAction":[{"@type":"ReadAction","target":["https:\/\/evolve-fitness.eu\/de\/produkt\/evolve-prime-serie-dip-klimmzug-station\/"]}]},{"@type":"ImageObject","inLanguage":"de","@id":"https:\/\/evolve-fitness.eu\/de\/produkt\/evolve-prime-serie-dip-klimmzug-station\/#primaryimage","url":"https:\/\/evolve-fitness.eu\/wp-content\/uploads\/2024\/01\/EV-BN-PR-219-PNG.png","contentUrl":"https:\/\/evolve-fitness.eu\/wp-content\/uploads\/2024\/01\/EV-BN-PR-219-PNG.png","width":680,"height":600,"caption":"EV-BN-PR-219"},{"@type":"BreadcrumbList","@id":"https:\/\/evolve-fitness.eu\/de\/produkt\/evolve-prime-serie-dip-klimmzug-station\/#breadcrumb","itemListElement":[{"@type":"ListItem","position":1,"name":"Home","item":"https:\/\/evolve-fitness.eu\/de\/"},{"@type":"ListItem","position":2,"name":"Produkte","item":"https:\/\/evolve-fitness.eu\/de\/shop\/"},{"@type":"ListItem","position":3,"name":"Evolve Prime Series Dip- und Klimmzugstation (PR-219)"}]},{"@type":"WebSite","@id":"https:\/\/evolve-fitness.eu\/de\/#website","url":"https:\/\/evolve-fitness.eu\/de\/","name":"Evolve","description":"Your Evolved Gear Arrived","publisher":{"@id":"https:\/\/evolve-fitness.eu\/de\/#organization"},"potentialAction":[{"@type":"SearchAction","target":{"@type":"EntryPoint","urlTemplate":"https:\/\/evolve-fitness.eu\/de\/?s={search_term_string}"},"query-input":{"@type":"PropertyValueSpecification","valueRequired":true,"valueName":"search_term_string"}}],"inLanguage":"de"},{"@type":"Organization","@id":"https:\/\/evolve-fitness.eu\/de\/#organization","name":"Evolve","url":"https:\/\/evolve-fitness.eu\/de\/","logo":{"@type":"ImageObject","inLanguage":"de","@id":"https:\/\/evolve-fitness.eu\/de\/#\/schema\/logo\/image\/","url":"https:\/\/evolve-fitness.eu\/wp-content\/uploads\/2023\/05\/Evolve-logo.svg","contentUrl":"https:\/\/evolve-fitness.eu\/wp-content\/uploads\/2023\/05\/Evolve-logo.svg","width":176,"height":20,"caption":"Evolve"},"image":{"@id":"https:\/\/evolve-fitness.eu\/de\/#\/schema\/logo\/image\/"},"sameAs":["https:\/\/www.facebook.com\/EvolveFitnessEurope"]}]}},"_links":{"self":[{"href":"https:\/\/evolve-fitness.eu\/de\/wp-json\/wp\/v2\/product\/13826","targetHints":{"allow":["GET"]}}],"collection":[{"href":"https:\/\/evolve-fitness.eu\/de\/wp-json\/wp\/v2\/product"}],"about":[{"href":"https:\/\/evolve-fitness.eu\/de\/wp-json\/wp\/v2\/types\/product"}],"wp:featuredmedia":[{"embeddable":true,"href":"https:\/\/evolve-fitness.eu\/de\/wp-json\/wp\/v2\/media\/13840"}],"wp:attachment":[{"href":"https:\/\/evolve-fitness.eu\/de\/wp-json\/wp\/v2\/media?parent=13826"}],"wp:term":[{"taxonomy":"product_brand","embeddable":true,"href":"https:\/\/evolve-fitness.eu\/de\/wp-json\/wp\/v2\/product_brand?post=13826"},{"taxonomy":"product_cat","embeddable":true,"href":"https:\/\/evolve-fitness.eu\/de\/wp-json\/wp\/v2\/product_cat?post=13826"},{"taxonomy":"product_tag","embeddable":true,"href":"https:\/\/evolve-fitness.eu\/de\/wp-json\/wp\/v2\/product_tag?post=13826"}],"curies":[{"name":"wp","href":"https:\/\/api.w.org\/{rel}","templated":true}]}}