{"id":13935,"date":"2024-01-12T06:46:57","date_gmt":"2024-01-12T06:46:57","guid":{"rendered":"https:\/\/evolve-fitness.eu\/product\/evolve-ultra-series-cpu-urethan-hantelscheibe-125-25-kg\/"},"modified":"2026-04-13T10:17:36","modified_gmt":"2026-04-13T07:17:36","slug":"evolve-ultra-series-cpu-urethan-hantelscheibe-125-25-kg","status":"publish","type":"product","link":"https:\/\/evolve-fitness.eu\/de\/produkt\/evolve-ultra-series-cpu-urethan-hantelscheibe-125-25-kg\/","title":{"rendered":"Ultra Series Urethan CPU-Platte 1,25-25 kg (WP-CP)"},"content":{"rendered":"\n<section class=\"wp-block-group alignfull has-lightgray-background-color has-background is-layout-constrained wp-block-group-is-layout-constrained\">\n<div class=\"wp-block-columns alignwide is-layout-flex wp-container-core-columns-is-layout-2edb0647 wp-block-columns-is-layout-flex\" style=\"margin-top:0;margin-bottom:0\">\n<div class=\"wp-block-column is-layout-flow wp-block-column-is-layout-flow\" style=\"flex-basis:33.33%\"><\/div>\n\n\n\n<div class=\"wp-block-column is-layout-flow wp-block-column-is-layout-flow\" style=\"flex-basis:66.66%\"><\/div>\n<\/div>\n<\/section>\n\n<section class=\"wp-block-group alignfull black-content has-white-color has-darkgray-background-color has-text-color has-background is-layout-constrained wp-block-group-is-layout-constrained\" style=\"padding-top:var(--wp--preset--spacing--section-bottom);padding-bottom:var(--wp--preset--spacing--section-bottom)\">\n<div class=\"wp-block-columns alignwide is-layout-flex wp-container-core-columns-is-layout-c45ee707 wp-block-columns-is-layout-flex\" style=\"margin-bottom:var(--wp--preset--spacing--side-padding);padding-top:var(--wp--preset--spacing--side-padding)\">\n<div class=\"wp-block-column is-vertically-aligned-center is-layout-flow wp-block-column-is-layout-flow\">\n<figure class=\"wp-block-video\"><video height=\"1080\" style=\"aspect-ratio: 1920 \/ 1080;\" width=\"1920\" autoplay=\"\" controls=\"\" loop=\"\" muted=\"\" src=\"https:\/\/evolve-fitness.eu\/wp-content\/uploads\/2024\/01\/EV-WP-CP-1.25-25-3D-WEB.mp4\"><\/video><\/figure>\n<\/div>\n\n\n\n<div class=\"wp-block-column is-vertically-aligned-center is-layout-constrained wp-block-column-is-layout-constrained\">\n<h3 class=\"wp-block-heading\" style=\"margin-bottom:var(--wp--preset--spacing--h-3-bottom)\">Personalisierung passend zu Ihrer Marke<\/h3>\n\n\n\n<p><strong><em><strong><em>Aufwertung der Marke und der \u00c4sthetik eines Fitnessstudios<\/em><\/strong><\/em><\/strong><\/p>\n\n\n\n<p style=\"margin-bottom:var(--wp--preset--spacing--tb-section-padding)\">Eines der herausragenden Merkmale dieser Hantelscheiben ist ihre Anpassungsf\u00e4higkeit. Fitnessstudiobesitzer haben die M\u00f6glichkeit, die Ger\u00e4te an ihr Markenimage anzupassen. Dazu geh\u00f6ren Optionen f\u00fcr die Farbanpassung und lasergeschnittene, in Urethan eingebettete Logos, d. h. die Platten k\u00f6nnen mit Logos von Fitnessstudios oder bestimmten Farbschemata personalisiert werden. Diese individuelle Anpassung verbessert nicht nur die \u00c4sthetik der Ger\u00e4te, sondern tr\u00e4gt auch dazu bei, eine einzigartige Markenidentit\u00e4t f\u00fcr das Fitnessstudio zu schaffen.<\/p>\n<\/div>\n<\/div>\n\n\n\n<div class=\"wp-block-columns alignwide is-layout-flex wp-container-core-columns-is-layout-c45ee707 wp-block-columns-is-layout-flex\" style=\"margin-bottom:var(--wp--preset--spacing--side-padding);padding-top:var(--wp--preset--spacing--side-padding)\">\n<div class=\"wp-block-column is-vertically-aligned-center is-layout-flow wp-block-column-is-layout-flow\">\n<h3 class=\"wp-block-heading\" style=\"margin-bottom:var(--wp--preset--spacing--h-3-bottom)\">langlebige Wahl f\u00fcr Fitnessstudios<\/h3>\n\n\n\n<p><em><strong>Kombination aus Langlebigkeit, \u00c4sthetik und individueller Anpassung<\/strong><\/em><\/p>\n\n\n\n<p>Die Evolve Ultra Series CPU Urethane Weight Plates sind bekannt f\u00fcr ihre hochwertige TPU-Urethan-Beschichtung, die maximale Haltbarkeit und Widerstandsf\u00e4higkeit gegen Absplittern, Rissbildung und Abbl\u00e4ttern gew\u00e4hrleistet, was bei Gummibeschichtungen h\u00e4ufig der Fall ist. Dies macht sie zu einer langlebigen Investition, insbesondere f\u00fcr professionelle Einrichtungen, in denen die Ger\u00e4te h\u00e4ufig und intensiv genutzt werden.<\/p>\n<\/div>\n\n\n\n<div class=\"wp-block-column is-vertically-aligned-center is-layout-flow wp-block-column-is-layout-flow\">\n<div class=\"wp-block-columns is-layout-flex wp-container-core-columns-is-layout-9d6595d7 wp-block-columns-is-layout-flex\">\n<div class=\"wp-block-column is-layout-flow wp-block-column-is-layout-flow\">\n<figure data-wp-context=\"{&quot;imageId&quot;:&quot;69ecb195b71f7&quot;}\" data-wp-interactive=\"core\/image\" data-wp-key=\"69ecb195b71f7\" class=\"wp-block-image size-large wp-lightbox-container\"><img loading=\"lazy\" decoding=\"async\" width=\"1024\" height=\"576\" data-wp-class--hide=\"state.isContentHidden\" data-wp-class--show=\"state.isContentVisible\" data-wp-init=\"callbacks.setButtonStyles\" data-wp-on--click=\"actions.showLightbox\" data-wp-on--load=\"callbacks.setButtonStyles\" data-wp-on-window--resize=\"callbacks.setButtonStyles\" src=\"https:\/\/evolve-fitness.eu\/wp-content\/uploads\/2024\/01\/New-Weight-Plate-DesignV2-1024x576.png\" alt=\"EV-WP-CP-1.25-25\" class=\"wp-image-10092\" srcset=\"https:\/\/evolve-fitness.eu\/wp-content\/uploads\/2024\/01\/New-Weight-Plate-DesignV2-1024x576.png 1024w, https:\/\/evolve-fitness.eu\/wp-content\/uploads\/2024\/01\/New-Weight-Plate-DesignV2-300x169.png 300w, https:\/\/evolve-fitness.eu\/wp-content\/uploads\/2024\/01\/New-Weight-Plate-DesignV2-267x150.png 267w, https:\/\/evolve-fitness.eu\/wp-content\/uploads\/2024\/01\/New-Weight-Plate-DesignV2-600x337.png 600w, https:\/\/evolve-fitness.eu\/wp-content\/uploads\/2024\/01\/New-Weight-Plate-DesignV2-150x84.png 150w, https:\/\/evolve-fitness.eu\/wp-content\/uploads\/2024\/01\/New-Weight-Plate-DesignV2-768x432.png 768w, https:\/\/evolve-fitness.eu\/wp-content\/uploads\/2024\/01\/New-Weight-Plate-DesignV2-1536x864.png 1536w, https:\/\/evolve-fitness.eu\/wp-content\/uploads\/2024\/01\/New-Weight-Plate-DesignV2.png 1778w\" sizes=\"auto, (max-width: 1024px) 100vw, 1024px\" \/><button\n\t\t\tclass=\"lightbox-trigger\"\n\t\t\ttype=\"button\"\n\t\t\taria-haspopup=\"dialog\"\n\t\t\taria-label=\"Vergr\u00f6\u00dfern\"\n\t\t\tdata-wp-init=\"callbacks.initTriggerButton\"\n\t\t\tdata-wp-on--click=\"actions.showLightbox\"\n\t\t\tdata-wp-style--right=\"state.imageButtonRight\"\n\t\t\tdata-wp-style--top=\"state.imageButtonTop\"\n\t\t>\n\t\t\t<svg xmlns=\"http:\/\/www.w3.org\/2000\/svg\" width=\"12\" height=\"12\" fill=\"none\" viewBox=\"0 0 12 12\">\n\t\t\t\t<path fill=\"#fff\" d=\"M2 0a2 2 0 0 0-2 2v2h1.5V2a.5.5 0 0 1 .5-.5h2V0H2Zm2 10.5H2a.5.5 0 0 1-.5-.5V8H0v2a2 2 0 0 0 2 2h2v-1.5ZM8 12v-1.5h2a.5.5 0 0 0 .5-.5V8H12v2a2 2 0 0 1-2 2H8Zm2-12a2 2 0 0 1 2 2v2h-1.5V2a.5.5 0 0 0-.5-.5H8V0h2Z\" \/>\n\t\t\t<\/svg>\n\t\t<\/button><\/figure>\n<\/div>\n<\/div>\n<\/div>\n<\/div>\n\n\n\n<div class=\"wp-block-columns alignwide is-layout-flex wp-container-core-columns-is-layout-c45ee707 wp-block-columns-is-layout-flex\" style=\"margin-bottom:var(--wp--preset--spacing--side-padding);padding-top:var(--wp--preset--spacing--side-padding)\">\n<div class=\"wp-block-column is-vertically-aligned-center is-layout-flow wp-block-column-is-layout-flow\">\n<figure data-wp-context=\"{&quot;imageId&quot;:&quot;69ecb195b7a23&quot;}\" data-wp-interactive=\"core\/image\" data-wp-key=\"69ecb195b7a23\" class=\"wp-block-image size-large wp-lightbox-container\"><img loading=\"lazy\" decoding=\"async\" width=\"1024\" height=\"576\" data-wp-class--hide=\"state.isContentHidden\" data-wp-class--show=\"state.isContentVisible\" data-wp-init=\"callbacks.setButtonStyles\" data-wp-on--click=\"actions.showLightbox\" data-wp-on--load=\"callbacks.setButtonStyles\" data-wp-on-window--resize=\"callbacks.setButtonStyles\" src=\"https:\/\/evolve-fitness.eu\/wp-content\/uploads\/2024\/01\/EV-WP-CP-1-25-Evolve-Ultra-Series-CPU-Urethane-Weight-plates-1024x576.jpg\" alt=\"EV-WP-CP-1-25\" class=\"wp-image-10103\" srcset=\"https:\/\/evolve-fitness.eu\/wp-content\/uploads\/2024\/01\/EV-WP-CP-1-25-Evolve-Ultra-Series-CPU-Urethane-Weight-plates-1024x576.jpg 1024w, https:\/\/evolve-fitness.eu\/wp-content\/uploads\/2024\/01\/EV-WP-CP-1-25-Evolve-Ultra-Series-CPU-Urethane-Weight-plates-300x169.jpg 300w, https:\/\/evolve-fitness.eu\/wp-content\/uploads\/2024\/01\/EV-WP-CP-1-25-Evolve-Ultra-Series-CPU-Urethane-Weight-plates-267x150.jpg 267w, https:\/\/evolve-fitness.eu\/wp-content\/uploads\/2024\/01\/EV-WP-CP-1-25-Evolve-Ultra-Series-CPU-Urethane-Weight-plates-600x337.jpg 600w, https:\/\/evolve-fitness.eu\/wp-content\/uploads\/2024\/01\/EV-WP-CP-1-25-Evolve-Ultra-Series-CPU-Urethane-Weight-plates-150x84.jpg 150w, https:\/\/evolve-fitness.eu\/wp-content\/uploads\/2024\/01\/EV-WP-CP-1-25-Evolve-Ultra-Series-CPU-Urethane-Weight-plates-768x432.jpg 768w, https:\/\/evolve-fitness.eu\/wp-content\/uploads\/2024\/01\/EV-WP-CP-1-25-Evolve-Ultra-Series-CPU-Urethane-Weight-plates-1536x863.jpg 1536w, https:\/\/evolve-fitness.eu\/wp-content\/uploads\/2024\/01\/EV-WP-CP-1-25-Evolve-Ultra-Series-CPU-Urethane-Weight-plates.jpg 1779w\" sizes=\"auto, (max-width: 1024px) 100vw, 1024px\" \/><button\n\t\t\tclass=\"lightbox-trigger\"\n\t\t\ttype=\"button\"\n\t\t\taria-haspopup=\"dialog\"\n\t\t\taria-label=\"Vergr\u00f6\u00dfern\"\n\t\t\tdata-wp-init=\"callbacks.initTriggerButton\"\n\t\t\tdata-wp-on--click=\"actions.showLightbox\"\n\t\t\tdata-wp-style--right=\"state.imageButtonRight\"\n\t\t\tdata-wp-style--top=\"state.imageButtonTop\"\n\t\t>\n\t\t\t<svg xmlns=\"http:\/\/www.w3.org\/2000\/svg\" width=\"12\" height=\"12\" fill=\"none\" viewBox=\"0 0 12 12\">\n\t\t\t\t<path fill=\"#fff\" d=\"M2 0a2 2 0 0 0-2 2v2h1.5V2a.5.5 0 0 1 .5-.5h2V0H2Zm2 10.5H2a.5.5 0 0 1-.5-.5V8H0v2a2 2 0 0 0 2 2h2v-1.5ZM8 12v-1.5h2a.5.5 0 0 0 .5-.5V8H12v2a2 2 0 0 1-2 2H8Zm2-12a2 2 0 0 1 2 2v2h-1.5V2a.5.5 0 0 0-.5-.5H8V0h2Z\" \/>\n\t\t\t<\/svg>\n\t\t<\/button><\/figure>\n<\/div>\n\n\n\n<div class=\"wp-block-column is-vertically-aligned-center is-layout-flow wp-block-column-is-layout-flow\">\n<h3 class=\"wp-block-heading\" style=\"margin-bottom:var(--wp--preset--spacing--h-3-bottom)\"><strong>Pr\u00e4zision in Perfektion<\/strong><\/h3>\n\n\n\n<p><strong><em>Der aktuelle Stand der Technik<\/em><\/strong><\/p>\n\n\n\n<p>Die Evolve-Hantelscheiben sind mit vier Griffen und abgerundeten H\u00fclsen ausgestattet, wodurch sie leicht zu handhaben und auf die Hantelstangen zu laden sind. Ihr ergonomisches Design gew\u00e4hrleistet einen sicheren Griff und erleichtert den Gewichtswechsel, was besonders bei dynamischen und schweren Hebesitzungen von Vorteil ist. Die Platten sind au\u00dferdem so gefertigt, dass sie auf alle olympischen 50-mm-Stangen passen, was ihre Vielseitigkeit noch erh\u00f6ht.<br\/><br\/>Dar\u00fcber hinaus gew\u00e4hrleistet der Pr\u00e4zisionsguss dieser Platten ein H\u00f6chstma\u00df an Ausgewogenheit und Ma\u00dfgenauigkeit, was zu ihrer au\u00dfergew\u00f6hnlichen Haltbarkeit beitr\u00e4gt. Diese Funktion ist besonders wichtig, um ein gleichm\u00e4\u00dfiges und ausgewogenes Gewicht w\u00e4hrend des Trainings zu gew\u00e4hrleisten.<\/p>\n<\/div>\n<\/div>\n<\/section>\n","protected":false},"excerpt":{"rendered":"<p>Evolve Ultra Series CPU Urethan Gewichtsplatten. Diese hochwertigen Platten bieten eine au\u00dfergew\u00f6hnliche Haltbarkeit mit einer UV- und verschlei\u00dffesten Urethanbeschichtung. Sie sind pr\u00e4zise kalibriert und verf\u00fcgen \u00fcber lasergeschnittene Gewichtszahlen und Logos, die mit Urethan \u00fcberzogen sind, um eine dauerhafte Lebendigkeit zu gew\u00e4hrleisten. Die Evolve CPU Urethane Hantelscheiben sind ideal f\u00fcr private und gewerbliche Fitnessstudios und stellen eine wirtschaftliche, langfristige Investition in Leistung und Haltbarkeit dar.<\/p>\n","protected":false},"featured_media":13939,"template":"","meta":{"_acf_changed":false,"inline_featured_image":false},"product_brand":[],"product_cat":[385,386],"product_tag":[],"class_list":{"0":"post-13935","1":"product","2":"type-product","3":"status-publish","4":"has-post-thumbnail","6":"product_cat-freie-gewichte","7":"product_cat-hantelscheiben","9":"first","10":"instock","11":"shipping-taxable","12":"purchasable","13":"product-type-variable"},"acf":{"long_title":"Ultra Series Urethan CPU-Platte 1,25-25 kg (WP-CP)","subtitle":"","specifications":[{"label":"SKU","text_value":"EV-WP-CP","icon":"x"},{"label":"Lasergeschnittenes, in Urethan eingebettetes Logo und Gewichtsangabe","text_value":"","icon":"v"},{"label":"Einteilige Stahlnabe ohne Bolzen oder Schwei\u00dfn\u00e4hte","text_value":"","icon":"v"},{"label":"Urethanbeschichtung f\u00fcr maximale Haltbarkeit","text_value":"","icon":"v"},{"label":"Pr\u00e4zisionsguss mit einer Gewichtstoleranz von +\/- 2 g","text_value":"","icon":"v"},{"label":"Gewichte","text_value":"1,25 - 25 kg","icon":"x"},{"label":"Garantie","text_value":"5 Jahre","icon":"x"}],"product_frequently_asked_questions":null},"yoast_head":"<!-- This site is optimized with the Yoast SEO plugin v27.4 - https:\/\/yoast.com\/product\/yoast-seo-wordpress\/ -->\n<title>Ultra Series Urethan CPU-Platte 1,25-25 kg - Evolve<\/title>\n<meta name=\"description\" content=\"Langlebige Evolve Ultra Series CPU Urethan-Hantelscheiben 1,25-25 kg. UV-best\u00e4ndig, pr\u00e4zise kalibriert und perfekt f\u00fcr private oder kommerzielle Fitnessstudios.\" \/>\n<meta name=\"robots\" content=\"index, follow, max-snippet:-1, max-image-preview:large, max-video-preview:-1\" \/>\n<link rel=\"canonical\" href=\"https:\/\/evolve-fitness.eu\/de\/produkt\/evolve-ultra-series-cpu-urethan-hantelscheibe-125-25-kg\/\" \/>\n<meta property=\"og:locale\" content=\"de_DE\" \/>\n<meta property=\"og:type\" content=\"article\" \/>\n<meta property=\"og:title\" content=\"Ultra Series Urethan CPU-Platte 1,25-25 kg - Evolve\" \/>\n<meta property=\"og:description\" content=\"Langlebige Evolve Ultra Series CPU Urethan-Hantelscheiben 1,25-25 kg. UV-best\u00e4ndig, pr\u00e4zise kalibriert und perfekt f\u00fcr private oder kommerzielle Fitnessstudios.\" \/>\n<meta property=\"og:url\" content=\"https:\/\/evolve-fitness.eu\/de\/produkt\/evolve-ultra-series-cpu-urethan-hantelscheibe-125-25-kg\/\" \/>\n<meta property=\"og:site_name\" content=\"Evolve\" \/>\n<meta property=\"article:publisher\" content=\"https:\/\/www.facebook.com\/EvolveFitnessEurope\" \/>\n<meta property=\"article:modified_time\" content=\"2026-04-13T07:17:36+00:00\" \/>\n<meta property=\"og:image\" content=\"https:\/\/evolve-fitness.eu\/wp-content\/uploads\/2024\/01\/EV-WP-CP-1-25.png\" \/>\n\t<meta property=\"og:image:width\" content=\"680\" \/>\n\t<meta property=\"og:image:height\" content=\"600\" \/>\n\t<meta property=\"og:image:type\" content=\"image\/png\" \/>\n<meta name=\"twitter:card\" content=\"summary_large_image\" \/>\n<script type=\"application\/ld+json\" class=\"yoast-schema-graph\">{\"@context\":\"https:\\\/\\\/schema.org\",\"@graph\":[{\"@type\":\"WebPage\",\"@id\":\"https:\\\/\\\/evolve-fitness.eu\\\/de\\\/produkt\\\/evolve-ultra-series-cpu-urethan-hantelscheibe-125-25-kg\\\/\",\"url\":\"https:\\\/\\\/evolve-fitness.eu\\\/de\\\/produkt\\\/evolve-ultra-series-cpu-urethan-hantelscheibe-125-25-kg\\\/\",\"name\":\"Ultra Series Urethan CPU-Platte 1,25-25 kg - Evolve\",\"isPartOf\":{\"@id\":\"https:\\\/\\\/evolve-fitness.eu\\\/de\\\/#website\"},\"primaryImageOfPage\":{\"@id\":\"https:\\\/\\\/evolve-fitness.eu\\\/de\\\/produkt\\\/evolve-ultra-series-cpu-urethan-hantelscheibe-125-25-kg\\\/#primaryimage\"},\"image\":{\"@id\":\"https:\\\/\\\/evolve-fitness.eu\\\/de\\\/produkt\\\/evolve-ultra-series-cpu-urethan-hantelscheibe-125-25-kg\\\/#primaryimage\"},\"thumbnailUrl\":\"https:\\\/\\\/evolve-fitness.eu\\\/wp-content\\\/uploads\\\/2024\\\/01\\\/EV-WP-CP-1-25.png\",\"datePublished\":\"2024-01-12T06:46:57+00:00\",\"dateModified\":\"2026-04-13T07:17:36+00:00\",\"description\":\"Langlebige Evolve Ultra Series CPU Urethan-Hantelscheiben 1,25-25 kg. UV-best\u00e4ndig, pr\u00e4zise kalibriert und perfekt f\u00fcr private oder kommerzielle Fitnessstudios.\",\"breadcrumb\":{\"@id\":\"https:\\\/\\\/evolve-fitness.eu\\\/de\\\/produkt\\\/evolve-ultra-series-cpu-urethan-hantelscheibe-125-25-kg\\\/#breadcrumb\"},\"inLanguage\":\"de\",\"potentialAction\":[{\"@type\":\"ReadAction\",\"target\":[\"https:\\\/\\\/evolve-fitness.eu\\\/de\\\/produkt\\\/evolve-ultra-series-cpu-urethan-hantelscheibe-125-25-kg\\\/\"]}]},{\"@type\":\"ImageObject\",\"inLanguage\":\"de\",\"@id\":\"https:\\\/\\\/evolve-fitness.eu\\\/de\\\/produkt\\\/evolve-ultra-series-cpu-urethan-hantelscheibe-125-25-kg\\\/#primaryimage\",\"url\":\"https:\\\/\\\/evolve-fitness.eu\\\/wp-content\\\/uploads\\\/2024\\\/01\\\/EV-WP-CP-1-25.png\",\"contentUrl\":\"https:\\\/\\\/evolve-fitness.eu\\\/wp-content\\\/uploads\\\/2024\\\/01\\\/EV-WP-CP-1-25.png\",\"width\":680,\"height\":600,\"caption\":\"EV-WP-CP-1.25-25\"},{\"@type\":\"BreadcrumbList\",\"@id\":\"https:\\\/\\\/evolve-fitness.eu\\\/de\\\/produkt\\\/evolve-ultra-series-cpu-urethan-hantelscheibe-125-25-kg\\\/#breadcrumb\",\"itemListElement\":[{\"@type\":\"ListItem\",\"position\":1,\"name\":\"Home\",\"item\":\"https:\\\/\\\/evolve-fitness.eu\\\/de\\\/\"},{\"@type\":\"ListItem\",\"position\":2,\"name\":\"Produkte\",\"item\":\"https:\\\/\\\/evolve-fitness.eu\\\/de\\\/shop\\\/\"},{\"@type\":\"ListItem\",\"position\":3,\"name\":\"Ultra Series Urethan CPU-Platte 1,25-25 kg (WP-CP)\"}]},{\"@type\":\"WebSite\",\"@id\":\"https:\\\/\\\/evolve-fitness.eu\\\/de\\\/#website\",\"url\":\"https:\\\/\\\/evolve-fitness.eu\\\/de\\\/\",\"name\":\"Evolve\",\"description\":\"Your Evolved Gear Arrived\",\"publisher\":{\"@id\":\"https:\\\/\\\/evolve-fitness.eu\\\/de\\\/#organization\"},\"potentialAction\":[{\"@type\":\"SearchAction\",\"target\":{\"@type\":\"EntryPoint\",\"urlTemplate\":\"https:\\\/\\\/evolve-fitness.eu\\\/de\\\/?s={search_term_string}\"},\"query-input\":{\"@type\":\"PropertyValueSpecification\",\"valueRequired\":true,\"valueName\":\"search_term_string\"}}],\"inLanguage\":\"de\"},{\"@type\":\"Organization\",\"@id\":\"https:\\\/\\\/evolve-fitness.eu\\\/de\\\/#organization\",\"name\":\"Evolve\",\"url\":\"https:\\\/\\\/evolve-fitness.eu\\\/de\\\/\",\"logo\":{\"@type\":\"ImageObject\",\"inLanguage\":\"de\",\"@id\":\"https:\\\/\\\/evolve-fitness.eu\\\/de\\\/#\\\/schema\\\/logo\\\/image\\\/\",\"url\":\"https:\\\/\\\/evolve-fitness.eu\\\/wp-content\\\/uploads\\\/2023\\\/05\\\/Evolve-logo.svg\",\"contentUrl\":\"https:\\\/\\\/evolve-fitness.eu\\\/wp-content\\\/uploads\\\/2023\\\/05\\\/Evolve-logo.svg\",\"width\":176,\"height\":20,\"caption\":\"Evolve\"},\"image\":{\"@id\":\"https:\\\/\\\/evolve-fitness.eu\\\/de\\\/#\\\/schema\\\/logo\\\/image\\\/\"},\"sameAs\":[\"https:\\\/\\\/www.facebook.com\\\/EvolveFitnessEurope\"]}]}<\/script>\n<!-- \/ Yoast SEO plugin. -->","yoast_head_json":{"title":"Ultra Series Urethan CPU-Platte 1,25-25 kg - Evolve","description":"Langlebige Evolve Ultra Series CPU Urethan-Hantelscheiben 1,25-25 kg. UV-best\u00e4ndig, pr\u00e4zise kalibriert und perfekt f\u00fcr private oder kommerzielle Fitnessstudios.","robots":{"index":"index","follow":"follow","max-snippet":"max-snippet:-1","max-image-preview":"max-image-preview:large","max-video-preview":"max-video-preview:-1"},"canonical":"https:\/\/evolve-fitness.eu\/de\/produkt\/evolve-ultra-series-cpu-urethan-hantelscheibe-125-25-kg\/","og_locale":"de_DE","og_type":"article","og_title":"Ultra Series Urethan CPU-Platte 1,25-25 kg - Evolve","og_description":"Langlebige Evolve Ultra Series CPU Urethan-Hantelscheiben 1,25-25 kg. UV-best\u00e4ndig, pr\u00e4zise kalibriert und perfekt f\u00fcr private oder kommerzielle Fitnessstudios.","og_url":"https:\/\/evolve-fitness.eu\/de\/produkt\/evolve-ultra-series-cpu-urethan-hantelscheibe-125-25-kg\/","og_site_name":"Evolve","article_publisher":"https:\/\/www.facebook.com\/EvolveFitnessEurope","article_modified_time":"2026-04-13T07:17:36+00:00","og_image":[{"width":680,"height":600,"url":"https:\/\/evolve-fitness.eu\/wp-content\/uploads\/2024\/01\/EV-WP-CP-1-25.png","type":"image\/png"}],"twitter_card":"summary_large_image","schema":{"@context":"https:\/\/schema.org","@graph":[{"@type":"WebPage","@id":"https:\/\/evolve-fitness.eu\/de\/produkt\/evolve-ultra-series-cpu-urethan-hantelscheibe-125-25-kg\/","url":"https:\/\/evolve-fitness.eu\/de\/produkt\/evolve-ultra-series-cpu-urethan-hantelscheibe-125-25-kg\/","name":"Ultra Series Urethan CPU-Platte 1,25-25 kg - Evolve","isPartOf":{"@id":"https:\/\/evolve-fitness.eu\/de\/#website"},"primaryImageOfPage":{"@id":"https:\/\/evolve-fitness.eu\/de\/produkt\/evolve-ultra-series-cpu-urethan-hantelscheibe-125-25-kg\/#primaryimage"},"image":{"@id":"https:\/\/evolve-fitness.eu\/de\/produkt\/evolve-ultra-series-cpu-urethan-hantelscheibe-125-25-kg\/#primaryimage"},"thumbnailUrl":"https:\/\/evolve-fitness.eu\/wp-content\/uploads\/2024\/01\/EV-WP-CP-1-25.png","datePublished":"2024-01-12T06:46:57+00:00","dateModified":"2026-04-13T07:17:36+00:00","description":"Langlebige Evolve Ultra Series CPU Urethan-Hantelscheiben 1,25-25 kg. UV-best\u00e4ndig, pr\u00e4zise kalibriert und perfekt f\u00fcr private oder kommerzielle Fitnessstudios.","breadcrumb":{"@id":"https:\/\/evolve-fitness.eu\/de\/produkt\/evolve-ultra-series-cpu-urethan-hantelscheibe-125-25-kg\/#breadcrumb"},"inLanguage":"de","potentialAction":[{"@type":"ReadAction","target":["https:\/\/evolve-fitness.eu\/de\/produkt\/evolve-ultra-series-cpu-urethan-hantelscheibe-125-25-kg\/"]}]},{"@type":"ImageObject","inLanguage":"de","@id":"https:\/\/evolve-fitness.eu\/de\/produkt\/evolve-ultra-series-cpu-urethan-hantelscheibe-125-25-kg\/#primaryimage","url":"https:\/\/evolve-fitness.eu\/wp-content\/uploads\/2024\/01\/EV-WP-CP-1-25.png","contentUrl":"https:\/\/evolve-fitness.eu\/wp-content\/uploads\/2024\/01\/EV-WP-CP-1-25.png","width":680,"height":600,"caption":"EV-WP-CP-1.25-25"},{"@type":"BreadcrumbList","@id":"https:\/\/evolve-fitness.eu\/de\/produkt\/evolve-ultra-series-cpu-urethan-hantelscheibe-125-25-kg\/#breadcrumb","itemListElement":[{"@type":"ListItem","position":1,"name":"Home","item":"https:\/\/evolve-fitness.eu\/de\/"},{"@type":"ListItem","position":2,"name":"Produkte","item":"https:\/\/evolve-fitness.eu\/de\/shop\/"},{"@type":"ListItem","position":3,"name":"Ultra Series Urethan CPU-Platte 1,25-25 kg (WP-CP)"}]},{"@type":"WebSite","@id":"https:\/\/evolve-fitness.eu\/de\/#website","url":"https:\/\/evolve-fitness.eu\/de\/","name":"Evolve","description":"Your Evolved Gear Arrived","publisher":{"@id":"https:\/\/evolve-fitness.eu\/de\/#organization"},"potentialAction":[{"@type":"SearchAction","target":{"@type":"EntryPoint","urlTemplate":"https:\/\/evolve-fitness.eu\/de\/?s={search_term_string}"},"query-input":{"@type":"PropertyValueSpecification","valueRequired":true,"valueName":"search_term_string"}}],"inLanguage":"de"},{"@type":"Organization","@id":"https:\/\/evolve-fitness.eu\/de\/#organization","name":"Evolve","url":"https:\/\/evolve-fitness.eu\/de\/","logo":{"@type":"ImageObject","inLanguage":"de","@id":"https:\/\/evolve-fitness.eu\/de\/#\/schema\/logo\/image\/","url":"https:\/\/evolve-fitness.eu\/wp-content\/uploads\/2023\/05\/Evolve-logo.svg","contentUrl":"https:\/\/evolve-fitness.eu\/wp-content\/uploads\/2023\/05\/Evolve-logo.svg","width":176,"height":20,"caption":"Evolve"},"image":{"@id":"https:\/\/evolve-fitness.eu\/de\/#\/schema\/logo\/image\/"},"sameAs":["https:\/\/www.facebook.com\/EvolveFitnessEurope"]}]}},"_links":{"self":[{"href":"https:\/\/evolve-fitness.eu\/de\/wp-json\/wp\/v2\/product\/13935","targetHints":{"allow":["GET"]}}],"collection":[{"href":"https:\/\/evolve-fitness.eu\/de\/wp-json\/wp\/v2\/product"}],"about":[{"href":"https:\/\/evolve-fitness.eu\/de\/wp-json\/wp\/v2\/types\/product"}],"wp:featuredmedia":[{"embeddable":true,"href":"https:\/\/evolve-fitness.eu\/de\/wp-json\/wp\/v2\/media\/13939"}],"wp:attachment":[{"href":"https:\/\/evolve-fitness.eu\/de\/wp-json\/wp\/v2\/media?parent=13935"}],"wp:term":[{"taxonomy":"product_brand","embeddable":true,"href":"https:\/\/evolve-fitness.eu\/de\/wp-json\/wp\/v2\/product_brand?post=13935"},{"taxonomy":"product_cat","embeddable":true,"href":"https:\/\/evolve-fitness.eu\/de\/wp-json\/wp\/v2\/product_cat?post=13935"},{"taxonomy":"product_tag","embeddable":true,"href":"https:\/\/evolve-fitness.eu\/de\/wp-json\/wp\/v2\/product_tag?post=13935"}],"curies":[{"name":"wp","href":"https:\/\/api.w.org\/{rel}","templated":true}]}}