{"id":14076,"date":"2023-12-29T11:16:33","date_gmt":"2023-12-29T11:16:33","guid":{"rendered":"https:\/\/evolve-fitness.eu\/product\/evolve-ultra-series-serie-selectorized-5-stack-multigym\/"},"modified":"2026-03-26T13:43:50","modified_gmt":"2026-03-26T11:43:50","slug":"evolve-ultra-series-serie-selectorized-5-stack-multigym","status":"publish","type":"product","link":"https:\/\/evolve-fitness.eu\/de\/produkt\/evolve-ultra-series-serie-selectorized-5-stack-multigym\/","title":{"rendered":"Evolve Ultra Series Serie Selectorized 5 Stack Multigym"},"content":{"rendered":"\n<section class=\"wp-block-group alignfull has-lightgray-background-color has-background is-layout-constrained wp-block-group-is-layout-constrained\">\n<div class=\"wp-block-columns alignwide is-layout-flex wp-container-core-columns-is-layout-2edb0647 wp-block-columns-is-layout-flex\" style=\"margin-top:0;margin-bottom:0\">\n<div class=\"wp-block-column is-layout-flow wp-block-column-is-layout-flow\" style=\"flex-basis:33.33%\"><\/div>\n\n\n\n<div class=\"wp-block-column is-layout-flow wp-block-column-is-layout-flow\" style=\"flex-basis:66.66%\"><\/div>\n<\/div>\n<\/section>\n\n<section class=\"wp-block-group alignfull black-content has-white-color has-darkgray-background-color has-text-color has-background is-layout-constrained wp-block-group-is-layout-constrained\" style=\"padding-top:var(--wp--preset--spacing--section-bottom);padding-bottom:var(--wp--preset--spacing--section-bottom)\">\n<div class=\"wp-block-columns alignwide mobile-reverse is-layout-flex wp-container-core-columns-is-layout-ca64bf2d wp-block-columns-is-layout-flex\" style=\"margin-bottom:var(--wp--preset--spacing--side-padding)\">\n<div class=\"wp-block-column is-vertically-aligned-center is-layout-flow wp-block-column-is-layout-flow\">\n<h3 class=\"wp-block-heading\" style=\"margin-bottom:var(--wp--preset--spacing--h-3-bottom)\">  Evolve Ultra Serie<\/h3>\n\n\n\n<p style=\"margin-bottom:var(--wp--preset--spacing--tb-section-padding)\">Willkommen bei der Evolve Ultra-Serie, mit der wir Spitzenleistungen neu definieren. Unsere Ultra Series wurde f\u00fcr Fitnessstudiobesitzer, potenzielle Fitnessstudiobesitzer und Fitnesseinrichtungen jeder Gr\u00f6\u00dfe entwickelt und bietet eine Reihe von kosteneffizienten, selektiven Ger\u00e4ten, bei denen Qualit\u00e4t und Leistung im Vordergrund stehen. Sehen wir uns die einzigartigen Merkmale an, die die Ultra-Serie zu einer au\u00dfergew\u00f6hnlichen Wahl f\u00fcr alle machen, die ein preisg\u00fcnstiges und dennoch hochwertiges Fitnessger\u00e4t suchen.<\/p>\n\n\n\n<h3 class=\"wp-block-heading\" style=\"margin-bottom:var(--wp--preset--spacing--h-3-bottom)\">Sicherheit trifft auf Stil<\/h3>\n\n\n\n<p><strong><em>Vollst\u00e4ndig abgedeckte Gewichtsstapelabdeckung<\/em><\/strong><\/p>\n\n\n\n<p>F\u00fcr Fitnessstudiobesitzer und -unternehmer sind Sicherheit und \u00c4sthetik von gr\u00f6\u00dfter Bedeutung. Die Evolve Ultra Series verf\u00fcgt \u00fcber eine vollst\u00e4ndig abgedeckte Gewichtsstapelabdeckung, die Sicherheit und Stil nahtlos miteinander verbindet. Durch die Verbesserung der Sicherheit und die Vermeidung von Unf\u00e4llen bei gleichzeitiger Reinhaltung des Fitnessraums ist diese Abdeckhaube eine unverzichtbare Erg\u00e4nzung f\u00fcr jede Fitnesseinrichtung. Erh\u00f6hen Sie die visuelle Attraktivit\u00e4t Ihres Fitnessstudios und achten Sie gleichzeitig auf die Sicherheit Ihrer Kunden bei jeder Trainingseinheit.<\/p>\n<\/div>\n\n\n\n<div class=\"wp-block-column is-vertically-aligned-center is-layout-flow wp-block-column-is-layout-flow\">\n<figure class=\"wp-block-image alignright size-full is-resized is-style-rounded\"><img loading=\"lazy\" decoding=\"async\" width=\"2060\" height=\"1373\" src=\"https:\/\/evolve-fitness.eu\/wp-content\/uploads\/2023\/12\/EV-SC-UL-500-1.jpg\" alt=\"\" class=\"wp-image-159711\" style=\"object-fit:cover;width:680px;height:600px\" srcset=\"https:\/\/evolve-fitness.eu\/wp-content\/uploads\/2023\/12\/EV-SC-UL-500-1.jpg 2060w, https:\/\/evolve-fitness.eu\/wp-content\/uploads\/2023\/12\/EV-SC-UL-500-1-300x200.jpg 300w, https:\/\/evolve-fitness.eu\/wp-content\/uploads\/2023\/12\/EV-SC-UL-500-1-1024x683.jpg 1024w, https:\/\/evolve-fitness.eu\/wp-content\/uploads\/2023\/12\/EV-SC-UL-500-1-150x100.jpg 150w, https:\/\/evolve-fitness.eu\/wp-content\/uploads\/2023\/12\/EV-SC-UL-500-1-768x512.jpg 768w, https:\/\/evolve-fitness.eu\/wp-content\/uploads\/2023\/12\/EV-SC-UL-500-1-1536x1024.jpg 1536w, https:\/\/evolve-fitness.eu\/wp-content\/uploads\/2023\/12\/EV-SC-UL-500-1-2048x1365.jpg 2048w, https:\/\/evolve-fitness.eu\/wp-content\/uploads\/2023\/12\/EV-SC-UL-500-1-600x400.jpg 600w, https:\/\/evolve-fitness.eu\/wp-content\/uploads\/2023\/12\/EV-SC-UL-500-1-225x150.jpg 225w\" sizes=\"auto, (max-width: 2060px) 100vw, 2060px\" \/><\/figure>\n<\/div>\n<\/div>\n\n\n\n<div class=\"wp-block-columns alignwide is-layout-flex wp-container-core-columns-is-layout-c45ee707 wp-block-columns-is-layout-flex\" style=\"margin-bottom:var(--wp--preset--spacing--side-padding);padding-top:var(--wp--preset--spacing--side-padding)\">\n<div class=\"wp-block-column is-vertically-aligned-center is-layout-flow wp-block-column-is-layout-flow\">\n<figure class=\"wp-block-image size-large is-resized is-style-rounded\"><img loading=\"lazy\" decoding=\"async\" width=\"683\" height=\"1024\" src=\"https:\/\/evolve-fitness.eu\/wp-content\/uploads\/2023\/12\/EV-SC-UL-500-3-683x1024.jpg\" alt=\"\" class=\"wp-image-159787\" style=\"object-fit:cover;width:680px;height:600px\" srcset=\"https:\/\/evolve-fitness.eu\/wp-content\/uploads\/2023\/12\/EV-SC-UL-500-3-683x1024.jpg 683w, https:\/\/evolve-fitness.eu\/wp-content\/uploads\/2023\/12\/EV-SC-UL-500-3-200x300.jpg 200w, https:\/\/evolve-fitness.eu\/wp-content\/uploads\/2023\/12\/EV-SC-UL-500-3-100x150.jpg 100w, https:\/\/evolve-fitness.eu\/wp-content\/uploads\/2023\/12\/EV-SC-UL-500-3-768x1152.jpg 768w, https:\/\/evolve-fitness.eu\/wp-content\/uploads\/2023\/12\/EV-SC-UL-500-3-1024x1536.jpg 1024w, https:\/\/evolve-fitness.eu\/wp-content\/uploads\/2023\/12\/EV-SC-UL-500-3-1365x2048.jpg 1365w, https:\/\/evolve-fitness.eu\/wp-content\/uploads\/2023\/12\/EV-SC-UL-500-3-300x450.jpg 300w, https:\/\/evolve-fitness.eu\/wp-content\/uploads\/2023\/12\/EV-SC-UL-500-3-600x900.jpg 600w, https:\/\/evolve-fitness.eu\/wp-content\/uploads\/2023\/12\/EV-SC-UL-500-3.jpg 1373w\" sizes=\"auto, (max-width: 683px) 100vw, 683px\" \/><\/figure>\n<\/div>\n\n\n\n<div class=\"wp-block-column is-vertically-aligned-center is-layout-flow wp-block-column-is-layout-flow\">\n<h3 class=\"wp-block-heading\"><strong>DOPPELT PULVERBESCHICHTET<\/strong><\/h3>\n\n\n\n<p><strong><em><strong><em>Elektrostatisch pulverbeschichtet<\/em><\/strong><\/em><\/strong><\/p>\n\n\n\n<p style=\"margin-bottom:var(--wp--preset--spacing--tb-section-padding)\">Die Evolve Ultra Series Kraftmaschinen mit einem elektrostatisch pulverbeschichteten, perlschwarzen, matten Rahmen sind ein Beispiel f\u00fcr Form und Funktion. Seine \u00c4sthetik wird durch die matte schwarze Oberfl\u00e4che unterstrichen, w\u00e4hrend seine praktischen Eigenschaften wie Reibungswiderstand, Korrosionsschutz und Kratzfestigkeit sicherstellen, dass er ein zuverl\u00e4ssiger und langlebiger Fitnessbegleiter ist.<\/p>\n\n\n\n<h3 class=\"wp-block-heading\" style=\"margin-bottom:var(--wp--preset--spacing--h-3-bottom)\">IHREN RAUM BEWAHREN<\/h3>\n\n\n\n<p><strong><em><strong><em>Gummipads f\u00fcr Bodenschutz<\/em><\/strong><\/em><\/strong><\/p>\n\n\n\n<p>Sorgen Sie mit Rubber Pads f\u00fcr eine saubere und besch\u00e4digungsfreie Trainingsumgebung. Fitnessstudiobesitzer wissen, wie wichtig es ist, den Boden ihres Studios zu erhalten. Unsere gummibeschichteten F\u00fc\u00dfe sch\u00fctzen Ihren Bodenbelag vor Kratzern und potenziellen Sch\u00e4den und machen die Ultra-Serie zur ersten Wahl f\u00fcr Fitnessstudiobesitzer, die ihren Raum sch\u00fctzen m\u00f6chten.<\/p>\n<\/div>\n<\/div>\n\n\n\n<div class=\"wp-block-columns alignwide are-vertically-aligned-center mobile-reverse is-layout-flex wp-container-core-columns-is-layout-e8158c2f wp-block-columns-is-layout-flex\" style=\"padding-top:var(--wp--preset--spacing--side-padding)\">\n<div class=\"wp-block-column is-vertically-aligned-center is-layout-flow wp-block-column-is-layout-flow\">\n<h3 class=\"wp-block-heading\" style=\"margin-bottom:var(--wp--preset--spacing--h-3-bottom)\"><strong>Optimale Griffe<\/strong><\/h3>\n\n\n\n<p><strong><em><strong><em>Das Fitnesserlebnis verbessern<\/em><\/strong><\/em><\/strong><\/p>\n\n\n\n<p style=\"margin-bottom:var(--wp--preset--spacing--tb-section-padding)\">Die Gewinnung und Bindung von Kunden ist f\u00fcr Fitnessstudiobesitzer und Leiter von Fitnesseinrichtungen von entscheidender Bedeutung. Die Evolve Ultra Serie bietet optimale Handgriffe, die sorgf\u00e4ltig f\u00fcr Komfort und Sicherheit entwickelt wurden. Verbessern Sie das Trainingserlebnis Ihrer Kunden und sorgen Sie daf\u00fcr, dass sie engagiert und motiviert bleiben, um ihre Fitnessziele in Ihrer Einrichtung zu erreichen.<\/p>\n<\/div>\n\n\n\n<div class=\"wp-block-column is-vertically-aligned-center is-layout-flow wp-block-column-is-layout-flow\">\n<figure class=\"wp-block-image alignright size-large is-resized is-style-rounded\"><img loading=\"lazy\" decoding=\"async\" width=\"683\" height=\"1024\" src=\"https:\/\/evolve-fitness.eu\/wp-content\/uploads\/2023\/12\/EV-SC-UL-500-7-683x1024.jpg\" alt=\"\" class=\"wp-image-159762\" style=\"object-fit:cover;width:680px;height:600px\" srcset=\"https:\/\/evolve-fitness.eu\/wp-content\/uploads\/2023\/12\/EV-SC-UL-500-7-683x1024.jpg 683w, https:\/\/evolve-fitness.eu\/wp-content\/uploads\/2023\/12\/EV-SC-UL-500-7-200x300.jpg 200w, https:\/\/evolve-fitness.eu\/wp-content\/uploads\/2023\/12\/EV-SC-UL-500-7-100x150.jpg 100w, https:\/\/evolve-fitness.eu\/wp-content\/uploads\/2023\/12\/EV-SC-UL-500-7-768x1152.jpg 768w, https:\/\/evolve-fitness.eu\/wp-content\/uploads\/2023\/12\/EV-SC-UL-500-7-1024x1536.jpg 1024w, https:\/\/evolve-fitness.eu\/wp-content\/uploads\/2023\/12\/EV-SC-UL-500-7-1365x2048.jpg 1365w, https:\/\/evolve-fitness.eu\/wp-content\/uploads\/2023\/12\/EV-SC-UL-500-7-300x450.jpg 300w, https:\/\/evolve-fitness.eu\/wp-content\/uploads\/2023\/12\/EV-SC-UL-500-7-600x900.jpg 600w, https:\/\/evolve-fitness.eu\/wp-content\/uploads\/2023\/12\/EV-SC-UL-500-7.jpg 1373w\" sizes=\"auto, (max-width: 683px) 100vw, 683px\" \/><\/figure>\n<\/div>\n<\/div>\n<\/section>\n","protected":false},"excerpt":{"rendered":"<p>Entdecken Sie das Evolve Ultra Series Selectorized 5 Stack Multigym, eine perfekte Mischung aus Sicherheit, Stil und Funktionalit\u00e4t f\u00fcr Fitnessstudiobesitzer und -enthusiasten. Die vollst\u00e4ndig abgedeckte Abdeckung des Gewichtsstapels sorgt f\u00fcr mehr Sicherheit und ein elegantes Aussehen. Der haltbare, elektrostatisch pulverbeschichtete Rahmen in Perlmuttschwarz ist sowohl elegant als auch langlebig. Ausgestattet mit Gummipads zum Schutz Ihrer B\u00f6den und optimalen Handgriffen f\u00fcr Komfort und Sicherheit, ist diese 1025 kg schwere Kraftstation die ideale Wahl f\u00fcr jede Fitnesseinrichtung. Mit einer 2-Jahres-Garantie und umfassenden Merkmalen wie Korrosionsschutz und langlebigen Bodensch\u00fctzern ist es eine Investition in Qualit\u00e4t und Eleganz f\u00fcr Ihren Fitnessraum.<\/p>\n","protected":false},"featured_media":119530,"template":"","meta":{"_acf_changed":false,"inline_featured_image":false},"product_brand":[],"product_cat":[366,742],"product_tag":[],"class_list":{"0":"post-14076","1":"product","2":"type-product","3":"status-publish","4":"has-post-thumbnail","6":"product_cat-selektierte-maschinen","7":"product_cat-ultra-serie-selektiert-2","9":"first","10":"instock","11":"virtual","12":"purchasable","13":"product-type-simple"},"acf":{"long_title":"Evolve Ultra Series Serie Selectorized 5 Stack Multigym","subtitle":"","specifications":[{"label":"SKU","text_value":"EV-SC-UL-500","icon":"x"},{"label":"Dimmensionen","text_value":"5185 x 3455 x 2420 mm","icon":"x"},{"label":"Gewicht","text_value":"1025 kg","icon":"x"},{"label":"Gewichtsstapel","text_value":"5 x 105 kg","icon":"x"},{"label":"Maximales Benutzergewicht","text_value":"180 kg","icon":"x"},{"label":"Dicke des Rahmens","text_value":"3 mm","icon":"x"},{"label":"Magnetischer Gewichtsstapel Stift","text_value":"","icon":"v"},{"label":"Plakat mit Schulungsanweisungen","text_value":"","icon":"v"},{"label":"Verdeckter Gewichtsstapel","text_value":"","icon":"v"},{"label":"Langlebige Bodenschoner","text_value":"","icon":"v"},{"label":"Korrosionsschutzfarbe","text_value":"","icon":"v"},{"label":"Dicke Polsterung mit PU-Leder bezogen","text_value":"","icon":"v"},{"label":"Nylon Kabel","text_value":"2 Jahre","icon":"v"},{"label":"Anti-Rutsch-Griffe","text_value":"","icon":"v"},{"label":"Garantie ","text_value":"2 Jahre","icon":"x"}],"product_frequently_asked_questions":null},"yoast_head":"<!-- This site is optimized with the Yoast SEO plugin v27.4 - https:\/\/yoast.com\/product\/yoast-seo-wordpress\/ -->\n<title>Evolve Ultra Series Serie Selectorized 5 Stack Multigym - Evolve<\/title>\n<meta name=\"robots\" content=\"index, follow, max-snippet:-1, max-image-preview:large, max-video-preview:-1\" \/>\n<link rel=\"canonical\" href=\"https:\/\/evolve-fitness.eu\/de\/produkt\/evolve-ultra-series-serie-selectorized-5-stack-multigym\/\" \/>\n<meta property=\"og:locale\" content=\"de_DE\" \/>\n<meta property=\"og:type\" content=\"article\" \/>\n<meta property=\"og:title\" content=\"Evolve Ultra Series Serie Selectorized 5 Stack Multigym - Evolve\" \/>\n<meta property=\"og:url\" content=\"https:\/\/evolve-fitness.eu\/de\/produkt\/evolve-ultra-series-serie-selectorized-5-stack-multigym\/\" \/>\n<meta property=\"og:site_name\" content=\"Evolve\" \/>\n<meta property=\"article:publisher\" content=\"https:\/\/www.facebook.com\/EvolveFitnessEurope\" \/>\n<meta property=\"article:modified_time\" content=\"2026-03-26T11:43:50+00:00\" \/>\n<meta property=\"og:image\" content=\"https:\/\/evolve-fitness.eu\/wp-content\/uploads\/2023\/12\/EV-SC-UL-500-Evolve-Ultra-Selectorized-5-Stack-Multigym-Adjustable-Cables-1.png\" \/>\n\t<meta property=\"og:image:width\" content=\"680\" \/>\n\t<meta property=\"og:image:height\" content=\"600\" \/>\n\t<meta property=\"og:image:type\" content=\"image\/png\" \/>\n<meta name=\"twitter:card\" content=\"summary_large_image\" \/>\n<script type=\"application\/ld+json\" class=\"yoast-schema-graph\">{\"@context\":\"https:\\\/\\\/schema.org\",\"@graph\":[{\"@type\":\"WebPage\",\"@id\":\"https:\\\/\\\/evolve-fitness.eu\\\/de\\\/produkt\\\/evolve-ultra-series-serie-selectorized-5-stack-multigym\\\/\",\"url\":\"https:\\\/\\\/evolve-fitness.eu\\\/de\\\/produkt\\\/evolve-ultra-series-serie-selectorized-5-stack-multigym\\\/\",\"name\":\"Evolve Ultra Series Serie Selectorized 5 Stack Multigym - Evolve\",\"isPartOf\":{\"@id\":\"https:\\\/\\\/evolve-fitness.eu\\\/de\\\/#website\"},\"primaryImageOfPage\":{\"@id\":\"https:\\\/\\\/evolve-fitness.eu\\\/de\\\/produkt\\\/evolve-ultra-series-serie-selectorized-5-stack-multigym\\\/#primaryimage\"},\"image\":{\"@id\":\"https:\\\/\\\/evolve-fitness.eu\\\/de\\\/produkt\\\/evolve-ultra-series-serie-selectorized-5-stack-multigym\\\/#primaryimage\"},\"thumbnailUrl\":\"https:\\\/\\\/evolve-fitness.eu\\\/wp-content\\\/uploads\\\/2023\\\/12\\\/EV-SC-UL-500-Evolve-Ultra-Selectorized-5-Stack-Multigym-Adjustable-Cables-1.png\",\"datePublished\":\"2023-12-29T11:16:33+00:00\",\"dateModified\":\"2026-03-26T11:43:50+00:00\",\"breadcrumb\":{\"@id\":\"https:\\\/\\\/evolve-fitness.eu\\\/de\\\/produkt\\\/evolve-ultra-series-serie-selectorized-5-stack-multigym\\\/#breadcrumb\"},\"inLanguage\":\"de\",\"potentialAction\":[{\"@type\":\"ReadAction\",\"target\":[\"https:\\\/\\\/evolve-fitness.eu\\\/de\\\/produkt\\\/evolve-ultra-series-serie-selectorized-5-stack-multigym\\\/\"]}]},{\"@type\":\"ImageObject\",\"inLanguage\":\"de\",\"@id\":\"https:\\\/\\\/evolve-fitness.eu\\\/de\\\/produkt\\\/evolve-ultra-series-serie-selectorized-5-stack-multigym\\\/#primaryimage\",\"url\":\"https:\\\/\\\/evolve-fitness.eu\\\/wp-content\\\/uploads\\\/2023\\\/12\\\/EV-SC-UL-500-Evolve-Ultra-Selectorized-5-Stack-Multigym-Adjustable-Cables-1.png\",\"contentUrl\":\"https:\\\/\\\/evolve-fitness.eu\\\/wp-content\\\/uploads\\\/2023\\\/12\\\/EV-SC-UL-500-Evolve-Ultra-Selectorized-5-Stack-Multigym-Adjustable-Cables-1.png\",\"width\":680,\"height\":600,\"caption\":\"EV-SC-UL-500\"},{\"@type\":\"BreadcrumbList\",\"@id\":\"https:\\\/\\\/evolve-fitness.eu\\\/de\\\/produkt\\\/evolve-ultra-series-serie-selectorized-5-stack-multigym\\\/#breadcrumb\",\"itemListElement\":[{\"@type\":\"ListItem\",\"position\":1,\"name\":\"Home\",\"item\":\"https:\\\/\\\/evolve-fitness.eu\\\/de\\\/\"},{\"@type\":\"ListItem\",\"position\":2,\"name\":\"Produkte\",\"item\":\"https:\\\/\\\/evolve-fitness.eu\\\/de\\\/shop\\\/\"},{\"@type\":\"ListItem\",\"position\":3,\"name\":\"Evolve Ultra Series Serie Selectorized 5 Stack Multigym\"}]},{\"@type\":\"WebSite\",\"@id\":\"https:\\\/\\\/evolve-fitness.eu\\\/de\\\/#website\",\"url\":\"https:\\\/\\\/evolve-fitness.eu\\\/de\\\/\",\"name\":\"Evolve\",\"description\":\"Your Evolved Gear Arrived\",\"publisher\":{\"@id\":\"https:\\\/\\\/evolve-fitness.eu\\\/de\\\/#organization\"},\"potentialAction\":[{\"@type\":\"SearchAction\",\"target\":{\"@type\":\"EntryPoint\",\"urlTemplate\":\"https:\\\/\\\/evolve-fitness.eu\\\/de\\\/?s={search_term_string}\"},\"query-input\":{\"@type\":\"PropertyValueSpecification\",\"valueRequired\":true,\"valueName\":\"search_term_string\"}}],\"inLanguage\":\"de\"},{\"@type\":\"Organization\",\"@id\":\"https:\\\/\\\/evolve-fitness.eu\\\/de\\\/#organization\",\"name\":\"Evolve\",\"url\":\"https:\\\/\\\/evolve-fitness.eu\\\/de\\\/\",\"logo\":{\"@type\":\"ImageObject\",\"inLanguage\":\"de\",\"@id\":\"https:\\\/\\\/evolve-fitness.eu\\\/de\\\/#\\\/schema\\\/logo\\\/image\\\/\",\"url\":\"https:\\\/\\\/evolve-fitness.eu\\\/wp-content\\\/uploads\\\/2023\\\/05\\\/Evolve-logo.svg\",\"contentUrl\":\"https:\\\/\\\/evolve-fitness.eu\\\/wp-content\\\/uploads\\\/2023\\\/05\\\/Evolve-logo.svg\",\"width\":176,\"height\":20,\"caption\":\"Evolve\"},\"image\":{\"@id\":\"https:\\\/\\\/evolve-fitness.eu\\\/de\\\/#\\\/schema\\\/logo\\\/image\\\/\"},\"sameAs\":[\"https:\\\/\\\/www.facebook.com\\\/EvolveFitnessEurope\"]}]}<\/script>\n<!-- \/ Yoast SEO plugin. -->","yoast_head_json":{"title":"Evolve Ultra Series Serie Selectorized 5 Stack Multigym - Evolve","robots":{"index":"index","follow":"follow","max-snippet":"max-snippet:-1","max-image-preview":"max-image-preview:large","max-video-preview":"max-video-preview:-1"},"canonical":"https:\/\/evolve-fitness.eu\/de\/produkt\/evolve-ultra-series-serie-selectorized-5-stack-multigym\/","og_locale":"de_DE","og_type":"article","og_title":"Evolve Ultra Series Serie Selectorized 5 Stack Multigym - Evolve","og_url":"https:\/\/evolve-fitness.eu\/de\/produkt\/evolve-ultra-series-serie-selectorized-5-stack-multigym\/","og_site_name":"Evolve","article_publisher":"https:\/\/www.facebook.com\/EvolveFitnessEurope","article_modified_time":"2026-03-26T11:43:50+00:00","og_image":[{"width":680,"height":600,"url":"https:\/\/evolve-fitness.eu\/wp-content\/uploads\/2023\/12\/EV-SC-UL-500-Evolve-Ultra-Selectorized-5-Stack-Multigym-Adjustable-Cables-1.png","type":"image\/png"}],"twitter_card":"summary_large_image","schema":{"@context":"https:\/\/schema.org","@graph":[{"@type":"WebPage","@id":"https:\/\/evolve-fitness.eu\/de\/produkt\/evolve-ultra-series-serie-selectorized-5-stack-multigym\/","url":"https:\/\/evolve-fitness.eu\/de\/produkt\/evolve-ultra-series-serie-selectorized-5-stack-multigym\/","name":"Evolve Ultra Series Serie Selectorized 5 Stack Multigym - Evolve","isPartOf":{"@id":"https:\/\/evolve-fitness.eu\/de\/#website"},"primaryImageOfPage":{"@id":"https:\/\/evolve-fitness.eu\/de\/produkt\/evolve-ultra-series-serie-selectorized-5-stack-multigym\/#primaryimage"},"image":{"@id":"https:\/\/evolve-fitness.eu\/de\/produkt\/evolve-ultra-series-serie-selectorized-5-stack-multigym\/#primaryimage"},"thumbnailUrl":"https:\/\/evolve-fitness.eu\/wp-content\/uploads\/2023\/12\/EV-SC-UL-500-Evolve-Ultra-Selectorized-5-Stack-Multigym-Adjustable-Cables-1.png","datePublished":"2023-12-29T11:16:33+00:00","dateModified":"2026-03-26T11:43:50+00:00","breadcrumb":{"@id":"https:\/\/evolve-fitness.eu\/de\/produkt\/evolve-ultra-series-serie-selectorized-5-stack-multigym\/#breadcrumb"},"inLanguage":"de","potentialAction":[{"@type":"ReadAction","target":["https:\/\/evolve-fitness.eu\/de\/produkt\/evolve-ultra-series-serie-selectorized-5-stack-multigym\/"]}]},{"@type":"ImageObject","inLanguage":"de","@id":"https:\/\/evolve-fitness.eu\/de\/produkt\/evolve-ultra-series-serie-selectorized-5-stack-multigym\/#primaryimage","url":"https:\/\/evolve-fitness.eu\/wp-content\/uploads\/2023\/12\/EV-SC-UL-500-Evolve-Ultra-Selectorized-5-Stack-Multigym-Adjustable-Cables-1.png","contentUrl":"https:\/\/evolve-fitness.eu\/wp-content\/uploads\/2023\/12\/EV-SC-UL-500-Evolve-Ultra-Selectorized-5-Stack-Multigym-Adjustable-Cables-1.png","width":680,"height":600,"caption":"EV-SC-UL-500"},{"@type":"BreadcrumbList","@id":"https:\/\/evolve-fitness.eu\/de\/produkt\/evolve-ultra-series-serie-selectorized-5-stack-multigym\/#breadcrumb","itemListElement":[{"@type":"ListItem","position":1,"name":"Home","item":"https:\/\/evolve-fitness.eu\/de\/"},{"@type":"ListItem","position":2,"name":"Produkte","item":"https:\/\/evolve-fitness.eu\/de\/shop\/"},{"@type":"ListItem","position":3,"name":"Evolve Ultra Series Serie Selectorized 5 Stack Multigym"}]},{"@type":"WebSite","@id":"https:\/\/evolve-fitness.eu\/de\/#website","url":"https:\/\/evolve-fitness.eu\/de\/","name":"Evolve","description":"Your Evolved Gear Arrived","publisher":{"@id":"https:\/\/evolve-fitness.eu\/de\/#organization"},"potentialAction":[{"@type":"SearchAction","target":{"@type":"EntryPoint","urlTemplate":"https:\/\/evolve-fitness.eu\/de\/?s={search_term_string}"},"query-input":{"@type":"PropertyValueSpecification","valueRequired":true,"valueName":"search_term_string"}}],"inLanguage":"de"},{"@type":"Organization","@id":"https:\/\/evolve-fitness.eu\/de\/#organization","name":"Evolve","url":"https:\/\/evolve-fitness.eu\/de\/","logo":{"@type":"ImageObject","inLanguage":"de","@id":"https:\/\/evolve-fitness.eu\/de\/#\/schema\/logo\/image\/","url":"https:\/\/evolve-fitness.eu\/wp-content\/uploads\/2023\/05\/Evolve-logo.svg","contentUrl":"https:\/\/evolve-fitness.eu\/wp-content\/uploads\/2023\/05\/Evolve-logo.svg","width":176,"height":20,"caption":"Evolve"},"image":{"@id":"https:\/\/evolve-fitness.eu\/de\/#\/schema\/logo\/image\/"},"sameAs":["https:\/\/www.facebook.com\/EvolveFitnessEurope"]}]}},"_links":{"self":[{"href":"https:\/\/evolve-fitness.eu\/de\/wp-json\/wp\/v2\/product\/14076","targetHints":{"allow":["GET"]}}],"collection":[{"href":"https:\/\/evolve-fitness.eu\/de\/wp-json\/wp\/v2\/product"}],"about":[{"href":"https:\/\/evolve-fitness.eu\/de\/wp-json\/wp\/v2\/types\/product"}],"wp:featuredmedia":[{"embeddable":true,"href":"https:\/\/evolve-fitness.eu\/de\/wp-json\/wp\/v2\/media\/119530"}],"wp:attachment":[{"href":"https:\/\/evolve-fitness.eu\/de\/wp-json\/wp\/v2\/media?parent=14076"}],"wp:term":[{"taxonomy":"product_brand","embeddable":true,"href":"https:\/\/evolve-fitness.eu\/de\/wp-json\/wp\/v2\/product_brand?post=14076"},{"taxonomy":"product_cat","embeddable":true,"href":"https:\/\/evolve-fitness.eu\/de\/wp-json\/wp\/v2\/product_cat?post=14076"},{"taxonomy":"product_tag","embeddable":true,"href":"https:\/\/evolve-fitness.eu\/de\/wp-json\/wp\/v2\/product_tag?post=14076"}],"curies":[{"name":"wp","href":"https:\/\/api.w.org\/{rel}","templated":true}]}}