{"id":14207,"date":"2023-12-22T09:18:14","date_gmt":"2023-12-22T09:18:14","guid":{"rendered":"https:\/\/evolve-fitness.eu\/product\/evolve-staender-fuer-lagersysteme-120-190-cm\/"},"modified":"2026-04-08T15:17:53","modified_gmt":"2026-04-08T12:17:53","slug":"evolve-staender-fuer-lagersysteme-120-190-cm","status":"publish","type":"product","link":"https:\/\/evolve-fitness.eu\/de\/produkt\/evolve-staender-fuer-lagersysteme-120-190-cm\/","title":{"rendered":"Evolve St\u00e4nder f\u00fcr Aufbewahrungssysteme 120 \/ 190 cm (ST-UP)"},"content":{"rendered":"\n<section class=\"wp-block-group alignfull has-lightgray-background-color has-background is-layout-constrained wp-block-group-is-layout-constrained\">\n<div class=\"wp-block-columns alignwide is-layout-flex wp-container-core-columns-is-layout-2edb0647 wp-block-columns-is-layout-flex\" style=\"margin-top:0;margin-bottom:0\">\n<div class=\"wp-block-column is-layout-flow wp-block-column-is-layout-flow\" style=\"flex-basis:33.33%\"><\/div>\n\n\n\n<div class=\"wp-block-column is-layout-flow wp-block-column-is-layout-flow\" style=\"flex-basis:66.66%\"><\/div>\n<\/div>\n<\/section>\n","protected":false},"excerpt":{"rendered":"<p>Optimieren Sie Ihren Stauraum mit Evolve Uprights for Storage Systems in den H\u00f6hen 120 cm und 190 cm. Diese robusten und vielseitigen St\u00fctzen wurden entwickelt, um die Funktionalit\u00e4t Ihres Aufbewahrungssystems zu verbessern und Regale und Zubeh\u00f6r zuverl\u00e4ssig zu unterst\u00fctzen. Die auf Langlebigkeit ausgelegten Evolve Uprights f\u00fcgen sich nahtlos in Ihre Fitnessumgebung ein und erm\u00f6glichen es Ihnen, einen gut organisierten und effizienten Raum f\u00fcr Ihre Fitnessger\u00e4te zu schaffen. Erweitern Sie Ihre Aufbewahrungsl\u00f6sungen mit den Evolve Uprights, die f\u00fcr die Anforderungen eines dynamischen und funktionalen Fitnessraums entwickelt wurden.<\/p>\n","protected":false},"featured_media":14213,"template":"","meta":{"_acf_changed":false,"inline_featured_image":false},"product_brand":[],"product_cat":[879,772,758],"product_tag":[],"class_list":{"0":"post-14207","1":"product","2":"type-product","3":"status-publish","4":"has-post-thumbnail","6":"product_cat-lagerung","7":"product_cat-rigg-komponenten","8":"product_cat-ubergreifend-funktional","10":"first","11":"instock","12":"shipping-taxable","13":"purchasable","14":"product-type-variable"},"acf":{"long_title":"  Evolve St\u00e4nder f\u00fcr Aufbewahrungssysteme 120 \/ 190 cm (ST-UP)","subtitle":"","specifications":[{"label":"SKU","text_value":"EV-ST-UP","icon":"x"}]},"yoast_head":"<!-- This site is optimized with the Yoast SEO plugin v27.4 - https:\/\/yoast.com\/product\/yoast-seo-wordpress\/ -->\n<title>Evolve St\u00e4nder f\u00fcr Aufbewahrungssysteme 120 \/ 190 cm (ST-UP) - Evolve<\/title>\n<meta name=\"robots\" content=\"index, follow, max-snippet:-1, max-image-preview:large, max-video-preview:-1\" \/>\n<link rel=\"canonical\" href=\"https:\/\/evolve-fitness.eu\/de\/produkt\/evolve-staender-fuer-lagersysteme-120-190-cm\/\" \/>\n<meta property=\"og:locale\" content=\"de_DE\" \/>\n<meta property=\"og:type\" content=\"article\" \/>\n<meta property=\"og:title\" content=\"Evolve St\u00e4nder f\u00fcr Aufbewahrungssysteme 120 \/ 190 cm (ST-UP) - Evolve\" \/>\n<meta property=\"og:url\" content=\"https:\/\/evolve-fitness.eu\/de\/produkt\/evolve-staender-fuer-lagersysteme-120-190-cm\/\" \/>\n<meta property=\"og:site_name\" content=\"Evolve\" \/>\n<meta property=\"article:publisher\" content=\"https:\/\/www.facebook.com\/EvolveFitnessEurope\" \/>\n<meta property=\"article:modified_time\" content=\"2026-04-08T12:17:53+00:00\" \/>\n<meta property=\"og:image\" content=\"https:\/\/evolve-fitness.eu\/wp-content\/uploads\/2023\/12\/Evolve-Uprights-For-Storage-Systems-120-190-cm-.png\" \/>\n\t<meta property=\"og:image:width\" content=\"680\" \/>\n\t<meta property=\"og:image:height\" content=\"600\" \/>\n\t<meta property=\"og:image:type\" content=\"image\/png\" \/>\n<meta name=\"twitter:card\" content=\"summary_large_image\" \/>\n<script type=\"application\/ld+json\" class=\"yoast-schema-graph\">{\"@context\":\"https:\\\/\\\/schema.org\",\"@graph\":[{\"@type\":\"WebPage\",\"@id\":\"https:\\\/\\\/evolve-fitness.eu\\\/de\\\/produkt\\\/evolve-staender-fuer-lagersysteme-120-190-cm\\\/\",\"url\":\"https:\\\/\\\/evolve-fitness.eu\\\/de\\\/produkt\\\/evolve-staender-fuer-lagersysteme-120-190-cm\\\/\",\"name\":\"Evolve St\u00e4nder f\u00fcr Aufbewahrungssysteme 120 \\\/ 190 cm (ST-UP) - Evolve\",\"isPartOf\":{\"@id\":\"https:\\\/\\\/evolve-fitness.eu\\\/de\\\/#website\"},\"primaryImageOfPage\":{\"@id\":\"https:\\\/\\\/evolve-fitness.eu\\\/de\\\/produkt\\\/evolve-staender-fuer-lagersysteme-120-190-cm\\\/#primaryimage\"},\"image\":{\"@id\":\"https:\\\/\\\/evolve-fitness.eu\\\/de\\\/produkt\\\/evolve-staender-fuer-lagersysteme-120-190-cm\\\/#primaryimage\"},\"thumbnailUrl\":\"https:\\\/\\\/evolve-fitness.eu\\\/wp-content\\\/uploads\\\/2023\\\/12\\\/Evolve-Uprights-For-Storage-Systems-120-190-cm-.png\",\"datePublished\":\"2023-12-22T09:18:14+00:00\",\"dateModified\":\"2026-04-08T12:17:53+00:00\",\"breadcrumb\":{\"@id\":\"https:\\\/\\\/evolve-fitness.eu\\\/de\\\/produkt\\\/evolve-staender-fuer-lagersysteme-120-190-cm\\\/#breadcrumb\"},\"inLanguage\":\"de\",\"potentialAction\":[{\"@type\":\"ReadAction\",\"target\":[\"https:\\\/\\\/evolve-fitness.eu\\\/de\\\/produkt\\\/evolve-staender-fuer-lagersysteme-120-190-cm\\\/\"]}]},{\"@type\":\"ImageObject\",\"inLanguage\":\"de\",\"@id\":\"https:\\\/\\\/evolve-fitness.eu\\\/de\\\/produkt\\\/evolve-staender-fuer-lagersysteme-120-190-cm\\\/#primaryimage\",\"url\":\"https:\\\/\\\/evolve-fitness.eu\\\/wp-content\\\/uploads\\\/2023\\\/12\\\/Evolve-Uprights-For-Storage-Systems-120-190-cm-.png\",\"contentUrl\":\"https:\\\/\\\/evolve-fitness.eu\\\/wp-content\\\/uploads\\\/2023\\\/12\\\/Evolve-Uprights-For-Storage-Systems-120-190-cm-.png\",\"width\":680,\"height\":600,\"caption\":\"ER-ST-UP\"},{\"@type\":\"BreadcrumbList\",\"@id\":\"https:\\\/\\\/evolve-fitness.eu\\\/de\\\/produkt\\\/evolve-staender-fuer-lagersysteme-120-190-cm\\\/#breadcrumb\",\"itemListElement\":[{\"@type\":\"ListItem\",\"position\":1,\"name\":\"Home\",\"item\":\"https:\\\/\\\/evolve-fitness.eu\\\/de\\\/\"},{\"@type\":\"ListItem\",\"position\":2,\"name\":\"Produkte\",\"item\":\"https:\\\/\\\/evolve-fitness.eu\\\/de\\\/shop\\\/\"},{\"@type\":\"ListItem\",\"position\":3,\"name\":\"Evolve St\u00e4nder f\u00fcr Aufbewahrungssysteme 120 \\\/ 190 cm (ST-UP)\"}]},{\"@type\":\"WebSite\",\"@id\":\"https:\\\/\\\/evolve-fitness.eu\\\/de\\\/#website\",\"url\":\"https:\\\/\\\/evolve-fitness.eu\\\/de\\\/\",\"name\":\"Evolve\",\"description\":\"Your Evolved Gear Arrived\",\"publisher\":{\"@id\":\"https:\\\/\\\/evolve-fitness.eu\\\/de\\\/#organization\"},\"potentialAction\":[{\"@type\":\"SearchAction\",\"target\":{\"@type\":\"EntryPoint\",\"urlTemplate\":\"https:\\\/\\\/evolve-fitness.eu\\\/de\\\/?s={search_term_string}\"},\"query-input\":{\"@type\":\"PropertyValueSpecification\",\"valueRequired\":true,\"valueName\":\"search_term_string\"}}],\"inLanguage\":\"de\"},{\"@type\":\"Organization\",\"@id\":\"https:\\\/\\\/evolve-fitness.eu\\\/de\\\/#organization\",\"name\":\"Evolve\",\"url\":\"https:\\\/\\\/evolve-fitness.eu\\\/de\\\/\",\"logo\":{\"@type\":\"ImageObject\",\"inLanguage\":\"de\",\"@id\":\"https:\\\/\\\/evolve-fitness.eu\\\/de\\\/#\\\/schema\\\/logo\\\/image\\\/\",\"url\":\"https:\\\/\\\/evolve-fitness.eu\\\/wp-content\\\/uploads\\\/2023\\\/05\\\/Evolve-logo.svg\",\"contentUrl\":\"https:\\\/\\\/evolve-fitness.eu\\\/wp-content\\\/uploads\\\/2023\\\/05\\\/Evolve-logo.svg\",\"width\":176,\"height\":20,\"caption\":\"Evolve\"},\"image\":{\"@id\":\"https:\\\/\\\/evolve-fitness.eu\\\/de\\\/#\\\/schema\\\/logo\\\/image\\\/\"},\"sameAs\":[\"https:\\\/\\\/www.facebook.com\\\/EvolveFitnessEurope\"]}]}<\/script>\n<!-- \/ Yoast SEO plugin. -->","yoast_head_json":{"title":"Evolve St\u00e4nder f\u00fcr Aufbewahrungssysteme 120 \/ 190 cm (ST-UP) - Evolve","robots":{"index":"index","follow":"follow","max-snippet":"max-snippet:-1","max-image-preview":"max-image-preview:large","max-video-preview":"max-video-preview:-1"},"canonical":"https:\/\/evolve-fitness.eu\/de\/produkt\/evolve-staender-fuer-lagersysteme-120-190-cm\/","og_locale":"de_DE","og_type":"article","og_title":"Evolve St\u00e4nder f\u00fcr Aufbewahrungssysteme 120 \/ 190 cm (ST-UP) - Evolve","og_url":"https:\/\/evolve-fitness.eu\/de\/produkt\/evolve-staender-fuer-lagersysteme-120-190-cm\/","og_site_name":"Evolve","article_publisher":"https:\/\/www.facebook.com\/EvolveFitnessEurope","article_modified_time":"2026-04-08T12:17:53+00:00","og_image":[{"width":680,"height":600,"url":"https:\/\/evolve-fitness.eu\/wp-content\/uploads\/2023\/12\/Evolve-Uprights-For-Storage-Systems-120-190-cm-.png","type":"image\/png"}],"twitter_card":"summary_large_image","schema":{"@context":"https:\/\/schema.org","@graph":[{"@type":"WebPage","@id":"https:\/\/evolve-fitness.eu\/de\/produkt\/evolve-staender-fuer-lagersysteme-120-190-cm\/","url":"https:\/\/evolve-fitness.eu\/de\/produkt\/evolve-staender-fuer-lagersysteme-120-190-cm\/","name":"Evolve St\u00e4nder f\u00fcr Aufbewahrungssysteme 120 \/ 190 cm (ST-UP) - Evolve","isPartOf":{"@id":"https:\/\/evolve-fitness.eu\/de\/#website"},"primaryImageOfPage":{"@id":"https:\/\/evolve-fitness.eu\/de\/produkt\/evolve-staender-fuer-lagersysteme-120-190-cm\/#primaryimage"},"image":{"@id":"https:\/\/evolve-fitness.eu\/de\/produkt\/evolve-staender-fuer-lagersysteme-120-190-cm\/#primaryimage"},"thumbnailUrl":"https:\/\/evolve-fitness.eu\/wp-content\/uploads\/2023\/12\/Evolve-Uprights-For-Storage-Systems-120-190-cm-.png","datePublished":"2023-12-22T09:18:14+00:00","dateModified":"2026-04-08T12:17:53+00:00","breadcrumb":{"@id":"https:\/\/evolve-fitness.eu\/de\/produkt\/evolve-staender-fuer-lagersysteme-120-190-cm\/#breadcrumb"},"inLanguage":"de","potentialAction":[{"@type":"ReadAction","target":["https:\/\/evolve-fitness.eu\/de\/produkt\/evolve-staender-fuer-lagersysteme-120-190-cm\/"]}]},{"@type":"ImageObject","inLanguage":"de","@id":"https:\/\/evolve-fitness.eu\/de\/produkt\/evolve-staender-fuer-lagersysteme-120-190-cm\/#primaryimage","url":"https:\/\/evolve-fitness.eu\/wp-content\/uploads\/2023\/12\/Evolve-Uprights-For-Storage-Systems-120-190-cm-.png","contentUrl":"https:\/\/evolve-fitness.eu\/wp-content\/uploads\/2023\/12\/Evolve-Uprights-For-Storage-Systems-120-190-cm-.png","width":680,"height":600,"caption":"ER-ST-UP"},{"@type":"BreadcrumbList","@id":"https:\/\/evolve-fitness.eu\/de\/produkt\/evolve-staender-fuer-lagersysteme-120-190-cm\/#breadcrumb","itemListElement":[{"@type":"ListItem","position":1,"name":"Home","item":"https:\/\/evolve-fitness.eu\/de\/"},{"@type":"ListItem","position":2,"name":"Produkte","item":"https:\/\/evolve-fitness.eu\/de\/shop\/"},{"@type":"ListItem","position":3,"name":"Evolve St\u00e4nder f\u00fcr Aufbewahrungssysteme 120 \/ 190 cm (ST-UP)"}]},{"@type":"WebSite","@id":"https:\/\/evolve-fitness.eu\/de\/#website","url":"https:\/\/evolve-fitness.eu\/de\/","name":"Evolve","description":"Your Evolved Gear Arrived","publisher":{"@id":"https:\/\/evolve-fitness.eu\/de\/#organization"},"potentialAction":[{"@type":"SearchAction","target":{"@type":"EntryPoint","urlTemplate":"https:\/\/evolve-fitness.eu\/de\/?s={search_term_string}"},"query-input":{"@type":"PropertyValueSpecification","valueRequired":true,"valueName":"search_term_string"}}],"inLanguage":"de"},{"@type":"Organization","@id":"https:\/\/evolve-fitness.eu\/de\/#organization","name":"Evolve","url":"https:\/\/evolve-fitness.eu\/de\/","logo":{"@type":"ImageObject","inLanguage":"de","@id":"https:\/\/evolve-fitness.eu\/de\/#\/schema\/logo\/image\/","url":"https:\/\/evolve-fitness.eu\/wp-content\/uploads\/2023\/05\/Evolve-logo.svg","contentUrl":"https:\/\/evolve-fitness.eu\/wp-content\/uploads\/2023\/05\/Evolve-logo.svg","width":176,"height":20,"caption":"Evolve"},"image":{"@id":"https:\/\/evolve-fitness.eu\/de\/#\/schema\/logo\/image\/"},"sameAs":["https:\/\/www.facebook.com\/EvolveFitnessEurope"]}]}},"_links":{"self":[{"href":"https:\/\/evolve-fitness.eu\/de\/wp-json\/wp\/v2\/product\/14207","targetHints":{"allow":["GET"]}}],"collection":[{"href":"https:\/\/evolve-fitness.eu\/de\/wp-json\/wp\/v2\/product"}],"about":[{"href":"https:\/\/evolve-fitness.eu\/de\/wp-json\/wp\/v2\/types\/product"}],"wp:featuredmedia":[{"embeddable":true,"href":"https:\/\/evolve-fitness.eu\/de\/wp-json\/wp\/v2\/media\/14213"}],"wp:attachment":[{"href":"https:\/\/evolve-fitness.eu\/de\/wp-json\/wp\/v2\/media?parent=14207"}],"wp:term":[{"taxonomy":"product_brand","embeddable":true,"href":"https:\/\/evolve-fitness.eu\/de\/wp-json\/wp\/v2\/product_brand?post=14207"},{"taxonomy":"product_cat","embeddable":true,"href":"https:\/\/evolve-fitness.eu\/de\/wp-json\/wp\/v2\/product_cat?post=14207"},{"taxonomy":"product_tag","embeddable":true,"href":"https:\/\/evolve-fitness.eu\/de\/wp-json\/wp\/v2\/product_tag?post=14207"}],"curies":[{"name":"wp","href":"https:\/\/api.w.org\/{rel}","templated":true}]}}