{"id":14596,"date":"2023-11-28T12:33:13","date_gmt":"2023-11-28T12:33:13","guid":{"rendered":"https:\/\/evolve-fitness.eu\/product\/evolve-hr-208-halbes-gestell\/"},"modified":"2026-04-08T14:06:32","modified_gmt":"2026-04-08T11:06:32","slug":"evolve-hr-208-halbes-gestell","status":"publish","type":"product","link":"https:\/\/evolve-fitness.eu\/de\/produkt\/evolve-hr-208-halbes-gestell\/","title":{"rendered":"Evolve Halbes Rack (HR-208)"},"content":{"rendered":"\n<section class=\"wp-block-group alignfull has-lightgray-background-color has-background is-layout-constrained wp-block-group-is-layout-constrained\">\n<div class=\"wp-block-columns alignwide is-layout-flex wp-container-core-columns-is-layout-2edb0647 wp-block-columns-is-layout-flex\" style=\"margin-top:0;margin-bottom:0\">\n<div class=\"wp-block-column is-layout-flow wp-block-column-is-layout-flow\" style=\"flex-basis:33.33%\"><\/div>\n\n\n\n<div class=\"wp-block-column is-layout-flow wp-block-column-is-layout-flow\" style=\"flex-basis:66.66%\"><\/div>\n<\/div>\n<\/section>\n\n<section class=\"wp-block-group alignfull black-content has-white-color has-darkgray-background-color has-text-color has-background is-layout-constrained wp-block-group-is-layout-constrained\" style=\"padding-top:var(--wp--preset--spacing--section-bottom);padding-bottom:var(--wp--preset--spacing--section-bottom)\">\n<div class=\"wp-block-columns alignwide mobile-reverse is-layout-flex wp-container-core-columns-is-layout-ca64bf2d wp-block-columns-is-layout-flex\" style=\"margin-bottom:var(--wp--preset--spacing--side-padding)\">\n<div class=\"wp-block-column is-vertically-aligned-center is-layout-flow wp-block-column-is-layout-flow\">\n<h3 class=\"wp-block-heading\" style=\"margin-bottom:var(--wp--preset--spacing--h-3-bottom)\"><strong><strong><strong><strong><strong><strong><strong>robust und vielseitig Konstruktion<\/strong><\/strong><\/strong><\/strong><\/strong><\/strong><\/strong><\/h3>\n\n\n\n<p>Das Evolve HR-208 Half Rack ist ein robustes und vielseitiges Krafttrainingsger\u00e4t, ideal f\u00fcr kommerzielle Fitnessstudios. Diese Eigenschaften machen ihn zu einer ausgezeichneten Wahl f\u00fcr eine Reihe von Kraft\u00fcbungen, die verschiedene Trainingsroutinen unterst\u00fctzen und gleichzeitig auf langfristige Zuverl\u00e4ssigkeit setzen. Das Evolve HR-208 Half Rack ist f\u00fcr eine breite Palette von Krafttrainings\u00fcbungen ausgelegt. Die verstellbaren Funktionen, einschlie\u00dflich J-Haken und Sicherheitsstangen, bieten Vielseitigkeit f\u00fcr \u00dcbungen wie Kniebeugen, Bankdr\u00fccken und Kreuzheben. Dieses Rack enth\u00e4lt auch eine Klimmzugstange mit mehreren Griffen, die die Trainingsm\u00f6glichkeiten f\u00fcr den Oberk\u00f6rper verbessert.<\/p>\n<\/div>\n\n\n\n<div class=\"wp-block-column is-vertically-aligned-center is-layout-flow wp-block-column-is-layout-flow\">\n<figure class=\"wp-block-video\"><video height=\"2160\" style=\"aspect-ratio: 3840 \/ 2160;\" width=\"3840\" autoplay=\"\" controls=\"\" loop=\"\" muted=\"\" src=\"https:\/\/evolve-fitness.eu\/wp-content\/uploads\/2023\/12\/3.mp4\"><\/video><\/figure>\n<\/div>\n<\/div>\n\n\n\n<div class=\"wp-block-columns alignwide mobile-reverse is-layout-flex wp-container-core-columns-is-layout-ca64bf2d wp-block-columns-is-layout-flex\" style=\"margin-bottom:var(--wp--preset--spacing--side-padding)\">\n<div class=\"wp-block-column is-vertically-aligned-center is-layout-flow wp-block-column-is-layout-flow\">\n<figure class=\"wp-block-video\"><video height=\"1080\" style=\"aspect-ratio: 1920 \/ 1080;\" width=\"1920\" autoplay=\"\" controls=\"\" loop=\"\" muted=\"\" src=\"https:\/\/evolve-fitness.eu\/wp-content\/uploads\/2024\/02\/ER-PR-HR-208-3D.mp4\"><\/video><\/figure>\n<\/div>\n\n\n\n<div class=\"wp-block-column is-vertically-aligned-center is-layout-flow wp-block-column-is-layout-flow\">\n<h3 class=\"wp-block-heading\" style=\"margin-bottom:var(--wp--preset--spacing--h-3-bottom)\"><strong><strong><strong><strong><strong><strong><strong>3D-Montagevideo f\u00fcr das Evolve HR-208 Half Rack<\/strong><\/strong><\/strong><\/strong><\/strong><\/strong><\/strong><\/h3>\n\n\n\n<p>In diesem 3D-Montagevideo bieten wir Ihnen die einmalige Gelegenheit, zu verstehen und zu sehen, wie Ihr Evolve HR-208 Half Rack aus einzelnen Komponenten zu seiner endg\u00fcltigen, stabilen Form zusammengesetzt wird. Unsere fortschrittliche 3D-Rendering-Technologie bietet Ihnen eine unvergleichliche Perspektive, die es Ihnen erm\u00f6glicht, genau zu sehen, wie die einzelnen Teile miteinander verbunden sind und zur Gesamtstruktur beitragen. W\u00e4hrend des Zusammenbaus werden Sie Zeuge, wie sich Ihr halbes Rack direkt vor Ihren Augen verwandelt. Am Ende des Videos haben Sie ein umfassendes Verst\u00e4ndnis seines endg\u00fcltigen Aussehens, das sicherstellt, dass es sich nahtlos in Ihren Fitnessraum einf\u00fcgt und gleichzeitig eine erstklassige Leistung erbringt.<\/p>\n<\/div>\n<\/div>\n\n\n\n<div class=\"wp-block-columns alignwide is-layout-flex wp-container-core-columns-is-layout-c45ee707 wp-block-columns-is-layout-flex\" style=\"margin-bottom:var(--wp--preset--spacing--side-padding);padding-top:var(--wp--preset--spacing--side-padding)\">\n<div class=\"wp-block-column is-vertically-aligned-center is-layout-constrained wp-block-column-is-layout-constrained\">\n<h3 class=\"wp-block-heading\" style=\"margin-bottom:var(--wp--preset--spacing--h-3-bottom)\"><strong><strong><strong><strong><strong><strong><strong><strong>KOMPAKT <\/strong><\/strong><\/strong><\/strong><\/strong><\/strong><\/strong><\/strong>UND stabiles Design<\/h3>\n\n\n\n<p>Der robuste, 3 mm dicke, pulverbeschichtete Rahmen kann bis zu 1000 kg tragen und garantiert Langlebigkeit und Sicherheit. Durch die kompakte Bauweise ist er auch f\u00fcr kleinere R\u00e4ume geeignet und bietet dennoch die n\u00f6tige Robustheit f\u00fcr schwere Lasten. Das Design des Racks ist auf Stabilit\u00e4t ausgelegt, so dass es auch bei intensiven Trainingseinheiten sicher steht. Das macht ihn zu einer sicheren und zuverl\u00e4ssigen Wahl f\u00fcr Anf\u00e4nger und erfahrene Heber und tr\u00e4gt zu einem effektiven und effizienten Training bei. Das integrierte Gewichtsaufbewahrungssystem sorgt f\u00fcr einen aufger\u00e4umten und sicheren Trainingsbereich.<\/p>\n<\/div>\n\n\n\n<div class=\"wp-block-column is-vertically-aligned-center is-layout-flow wp-block-column-is-layout-flow\">\n<figure class=\"wp-block-image size-large\"><img loading=\"lazy\" decoding=\"async\" width=\"683\" height=\"1024\" src=\"https:\/\/evolve-fitness.eu\/wp-content\/uploads\/2023\/11\/A7_06155-683x1024.jpg\" alt=\"\" class=\"wp-image-8010\" srcset=\"https:\/\/evolve-fitness.eu\/wp-content\/uploads\/2023\/11\/A7_06155-683x1024.jpg 683w, https:\/\/evolve-fitness.eu\/wp-content\/uploads\/2023\/11\/A7_06155-300x450.jpg 300w, https:\/\/evolve-fitness.eu\/wp-content\/uploads\/2023\/11\/A7_06155-100x150.jpg 100w, https:\/\/evolve-fitness.eu\/wp-content\/uploads\/2023\/11\/A7_06155-600x900.jpg 600w, https:\/\/evolve-fitness.eu\/wp-content\/uploads\/2023\/11\/A7_06155-200x300.jpg 200w, https:\/\/evolve-fitness.eu\/wp-content\/uploads\/2023\/11\/A7_06155-768x1152.jpg 768w, https:\/\/evolve-fitness.eu\/wp-content\/uploads\/2023\/11\/A7_06155-1024x1536.jpg 1024w, https:\/\/evolve-fitness.eu\/wp-content\/uploads\/2023\/11\/A7_06155.jpg 1280w\" sizes=\"auto, (max-width: 683px) 100vw, 683px\" \/><\/figure>\n<\/div>\n<\/div>\n\n\n\n<div class=\"wp-block-columns alignwide is-layout-flex wp-container-core-columns-is-layout-c45ee707 wp-block-columns-is-layout-flex\" style=\"margin-bottom:var(--wp--preset--spacing--side-padding);padding-top:var(--wp--preset--spacing--side-padding)\">\n<div class=\"wp-block-column is-vertically-aligned-center is-layout-flow wp-block-column-is-layout-flow\">\n<figure class=\"wp-block-video\"><video height=\"2160\" style=\"aspect-ratio: 3840 \/ 2160;\" width=\"3840\" autoplay=\"\" controls=\"\" loop=\"\" muted=\"\" src=\"https:\/\/evolve-fitness.eu\/wp-content\/uploads\/2023\/12\/2-6.mp4\"><\/video><\/figure>\n<\/div>\n\n\n\n<div class=\"wp-block-column is-vertically-aligned-center is-layout-constrained wp-block-column-is-layout-constrained\">\n<h3 class=\"wp-block-heading\" style=\"margin-bottom:var(--wp--preset--spacing--h-3-bottom)\"><strong><strong><strong><strong><strong><strong><strong>Pr\u00e4zision und Funktionalit\u00e4t<\/strong><\/strong><\/strong><\/strong><\/strong><\/strong><\/strong><\/h3>\n\n\n\n<p>Die pr\u00e4zisen lasergeschnittenen L\u00f6cher und Zahlen auf dem Evolve HR-208 Half Rack erh\u00f6hen seine Funktionalit\u00e4t und Benutzerfreundlichkeit. Diese Funktionen erm\u00f6glichen eine schnelle und genaue Einstellung der J-Haken und Sicherheitsstangen und gew\u00e4hrleisten eine effiziente Einrichtung f\u00fcr verschiedene \u00dcbungen. Die deutlich markierten Zahlen helfen auch dabei, die Symmetrie bei der Platzierung der Stange zu gew\u00e4hrleisten, was f\u00fcr ein ausgewogenes Training und die Vermeidung von Verletzungen von entscheidender Bedeutung ist.<\/p>\n<\/div>\n<\/div>\n<\/section>\n","protected":false},"excerpt":{"rendered":"<p>Erh\u00f6hen Sie Ihr Krafttraining auf neue H\u00f6hen mit dem Evolve Half Rack, das f\u00fcr den kommerziellen Einsatz konzipiert wurde. Dieses robuste Regal verf\u00fcgt \u00fcber einen 3 mm dicken pulverbeschichteten Rahmen, der eine lange Lebensdauer und eine maximale Tragf\u00e4higkeit von bis zu 1000 kg gew\u00e4hrleistet. Lasergeschnittene L\u00f6cher und Nummern sowie robotergeschwei\u00dfte N\u00e4hte garantieren Pr\u00e4zision und Langlebigkeit. Das Paket enth\u00e4lt acht Hantelhalterungen, Sicherheitsstangen f\u00fcr Kniebeugen, eine horizontale Langhantelhalterung, eine vertikale Langhantelhalterung und eine Querstange. Bitte beachten Sie, dass die abgebildete Langhantel nicht im Lieferumfang enthalten ist. Erleben Sie ein intensives Krafttraining mit dem Evolve Half Rack, bei dem nicht nur auf Effizienz, sondern auch auf langfristige Zuverl\u00e4ssigkeit Wert gelegt wird.<\/p>\n","protected":false},"featured_media":14610,"template":"","meta":{"_acf_changed":false,"inline_featured_image":false},"product_brand":[],"product_cat":[884,758],"product_tag":[],"class_list":{"0":"post-14596","1":"product","2":"type-product","3":"status-publish","4":"has-post-thumbnail","6":"product_cat-power-racks-de","7":"product_cat-ubergreifend-funktional","9":"first","10":"instock","11":"shipping-taxable","12":"purchasable","13":"product-type-simple"},"acf":{"long_title":"Evolve Halbes Rack (HR-208)","subtitle":"","specifications":[{"label":"SKU","text_value":"EV-PR-HR-208","icon":"x"},{"label":"Abmessungen","text_value":"1480 x 1600 x 2380 mm","icon":"x"},{"label":"Gewicht","text_value":"200 kg","icon":"x"},{"label":"Maximale Belastung","text_value":"1000 kg","icon":"x"},{"label":"Durchmesser der Bohrung","text_value":"21 mm","icon":"x"},{"label":"Abstand zwischen den L\u00f6chern","text_value":"50 mm","icon":"x"},{"label":"Abmessungen des Rahmens","text_value":"75 x 75 mm","icon":"x"},{"label":"Dicke des Rahmens","text_value":"3 mm","icon":"x"},{"label":"Stifte f\u00fcr die Aufbewahrung von Hantelscheiben","text_value":"8 (zur Aufnahme von Hantelscheiben mit einer 51 mm gro\u00dfen H\u00fclsen\u00f6ffnung)","icon":"v"},{"label":"Lasergeschnittene Zahlen","text_value":"","icon":"v"},{"label":"Korrosionsschutzfarbe","text_value":"3 Jahre","icon":"v"},{"label":"Im Set enthalten: h\u00f6henverstellbare Squat Safety Spotter Arme, horizontale, h\u00f6henverstellbare Langhantelhalter (J-Cups) und eine Klimmzugstange","text_value":"","icon":"v"},{"label":"Die Oberfl\u00e4che der Langhantelhalter und der Squat Safety Spotter Arme ist mit hochdichtem Kunststoff beschichtet, um die Stange vor Besch\u00e4digungen zu sch\u00fctzen.","text_value":"","icon":"v"},{"label":"Langlebige Bodenschoner","text_value":"","icon":"v"},{"label":"Garantie","text_value":"3 Jahre","icon":"x"}],"product_frequently_asked_questions":null},"yoast_head":"<!-- This site is optimized with the Yoast SEO plugin v27.4 - https:\/\/yoast.com\/product\/yoast-seo-wordpress\/ -->\n<title>Evolve Halbes Rack (HR-208) - Evolve<\/title>\n<meta name=\"robots\" content=\"index, follow, max-snippet:-1, max-image-preview:large, max-video-preview:-1\" \/>\n<link rel=\"canonical\" href=\"https:\/\/evolve-fitness.eu\/de\/produkt\/evolve-hr-208-halbes-gestell\/\" \/>\n<meta property=\"og:locale\" content=\"de_DE\" \/>\n<meta property=\"og:type\" content=\"article\" \/>\n<meta property=\"og:title\" content=\"Evolve Halbes Rack (HR-208) - Evolve\" \/>\n<meta property=\"og:url\" content=\"https:\/\/evolve-fitness.eu\/de\/produkt\/evolve-hr-208-halbes-gestell\/\" \/>\n<meta property=\"og:site_name\" content=\"Evolve\" \/>\n<meta property=\"article:publisher\" content=\"https:\/\/www.facebook.com\/EvolveFitnessEurope\" \/>\n<meta property=\"article:modified_time\" content=\"2026-04-08T11:06:32+00:00\" \/>\n<meta property=\"og:image\" content=\"https:\/\/evolve-fitness.eu\/wp-content\/uploads\/2023\/11\/Evolve-208-HALF-RACK.png\" \/>\n\t<meta property=\"og:image:width\" content=\"680\" \/>\n\t<meta property=\"og:image:height\" content=\"600\" \/>\n\t<meta property=\"og:image:type\" content=\"image\/png\" \/>\n<meta name=\"twitter:card\" content=\"summary_large_image\" \/>\n<script type=\"application\/ld+json\" class=\"yoast-schema-graph\">{\"@context\":\"https:\\\/\\\/schema.org\",\"@graph\":[{\"@type\":\"WebPage\",\"@id\":\"https:\\\/\\\/evolve-fitness.eu\\\/de\\\/produkt\\\/evolve-hr-208-halbes-gestell\\\/\",\"url\":\"https:\\\/\\\/evolve-fitness.eu\\\/de\\\/produkt\\\/evolve-hr-208-halbes-gestell\\\/\",\"name\":\"Evolve Halbes Rack (HR-208) - Evolve\",\"isPartOf\":{\"@id\":\"https:\\\/\\\/evolve-fitness.eu\\\/de\\\/#website\"},\"primaryImageOfPage\":{\"@id\":\"https:\\\/\\\/evolve-fitness.eu\\\/de\\\/produkt\\\/evolve-hr-208-halbes-gestell\\\/#primaryimage\"},\"image\":{\"@id\":\"https:\\\/\\\/evolve-fitness.eu\\\/de\\\/produkt\\\/evolve-hr-208-halbes-gestell\\\/#primaryimage\"},\"thumbnailUrl\":\"https:\\\/\\\/evolve-fitness.eu\\\/wp-content\\\/uploads\\\/2023\\\/11\\\/Evolve-208-HALF-RACK.png\",\"datePublished\":\"2023-11-28T12:33:13+00:00\",\"dateModified\":\"2026-04-08T11:06:32+00:00\",\"breadcrumb\":{\"@id\":\"https:\\\/\\\/evolve-fitness.eu\\\/de\\\/produkt\\\/evolve-hr-208-halbes-gestell\\\/#breadcrumb\"},\"inLanguage\":\"de\",\"potentialAction\":[{\"@type\":\"ReadAction\",\"target\":[\"https:\\\/\\\/evolve-fitness.eu\\\/de\\\/produkt\\\/evolve-hr-208-halbes-gestell\\\/\"]}]},{\"@type\":\"ImageObject\",\"inLanguage\":\"de\",\"@id\":\"https:\\\/\\\/evolve-fitness.eu\\\/de\\\/produkt\\\/evolve-hr-208-halbes-gestell\\\/#primaryimage\",\"url\":\"https:\\\/\\\/evolve-fitness.eu\\\/wp-content\\\/uploads\\\/2023\\\/11\\\/Evolve-208-HALF-RACK.png\",\"contentUrl\":\"https:\\\/\\\/evolve-fitness.eu\\\/wp-content\\\/uploads\\\/2023\\\/11\\\/Evolve-208-HALF-RACK.png\",\"width\":680,\"height\":600,\"caption\":\"ER-PR-HR-208\"},{\"@type\":\"BreadcrumbList\",\"@id\":\"https:\\\/\\\/evolve-fitness.eu\\\/de\\\/produkt\\\/evolve-hr-208-halbes-gestell\\\/#breadcrumb\",\"itemListElement\":[{\"@type\":\"ListItem\",\"position\":1,\"name\":\"Home\",\"item\":\"https:\\\/\\\/evolve-fitness.eu\\\/de\\\/\"},{\"@type\":\"ListItem\",\"position\":2,\"name\":\"Produkte\",\"item\":\"https:\\\/\\\/evolve-fitness.eu\\\/de\\\/shop\\\/\"},{\"@type\":\"ListItem\",\"position\":3,\"name\":\"Evolve Halbes Rack (HR-208)\"}]},{\"@type\":\"WebSite\",\"@id\":\"https:\\\/\\\/evolve-fitness.eu\\\/de\\\/#website\",\"url\":\"https:\\\/\\\/evolve-fitness.eu\\\/de\\\/\",\"name\":\"Evolve\",\"description\":\"Your Evolved Gear Arrived\",\"publisher\":{\"@id\":\"https:\\\/\\\/evolve-fitness.eu\\\/de\\\/#organization\"},\"potentialAction\":[{\"@type\":\"SearchAction\",\"target\":{\"@type\":\"EntryPoint\",\"urlTemplate\":\"https:\\\/\\\/evolve-fitness.eu\\\/de\\\/?s={search_term_string}\"},\"query-input\":{\"@type\":\"PropertyValueSpecification\",\"valueRequired\":true,\"valueName\":\"search_term_string\"}}],\"inLanguage\":\"de\"},{\"@type\":\"Organization\",\"@id\":\"https:\\\/\\\/evolve-fitness.eu\\\/de\\\/#organization\",\"name\":\"Evolve\",\"url\":\"https:\\\/\\\/evolve-fitness.eu\\\/de\\\/\",\"logo\":{\"@type\":\"ImageObject\",\"inLanguage\":\"de\",\"@id\":\"https:\\\/\\\/evolve-fitness.eu\\\/de\\\/#\\\/schema\\\/logo\\\/image\\\/\",\"url\":\"https:\\\/\\\/evolve-fitness.eu\\\/wp-content\\\/uploads\\\/2023\\\/05\\\/Evolve-logo.svg\",\"contentUrl\":\"https:\\\/\\\/evolve-fitness.eu\\\/wp-content\\\/uploads\\\/2023\\\/05\\\/Evolve-logo.svg\",\"width\":176,\"height\":20,\"caption\":\"Evolve\"},\"image\":{\"@id\":\"https:\\\/\\\/evolve-fitness.eu\\\/de\\\/#\\\/schema\\\/logo\\\/image\\\/\"},\"sameAs\":[\"https:\\\/\\\/www.facebook.com\\\/EvolveFitnessEurope\"]}]}<\/script>\n<!-- \/ Yoast SEO plugin. -->","yoast_head_json":{"title":"Evolve Halbes Rack (HR-208) - Evolve","robots":{"index":"index","follow":"follow","max-snippet":"max-snippet:-1","max-image-preview":"max-image-preview:large","max-video-preview":"max-video-preview:-1"},"canonical":"https:\/\/evolve-fitness.eu\/de\/produkt\/evolve-hr-208-halbes-gestell\/","og_locale":"de_DE","og_type":"article","og_title":"Evolve Halbes Rack (HR-208) - Evolve","og_url":"https:\/\/evolve-fitness.eu\/de\/produkt\/evolve-hr-208-halbes-gestell\/","og_site_name":"Evolve","article_publisher":"https:\/\/www.facebook.com\/EvolveFitnessEurope","article_modified_time":"2026-04-08T11:06:32+00:00","og_image":[{"width":680,"height":600,"url":"https:\/\/evolve-fitness.eu\/wp-content\/uploads\/2023\/11\/Evolve-208-HALF-RACK.png","type":"image\/png"}],"twitter_card":"summary_large_image","schema":{"@context":"https:\/\/schema.org","@graph":[{"@type":"WebPage","@id":"https:\/\/evolve-fitness.eu\/de\/produkt\/evolve-hr-208-halbes-gestell\/","url":"https:\/\/evolve-fitness.eu\/de\/produkt\/evolve-hr-208-halbes-gestell\/","name":"Evolve Halbes Rack (HR-208) - Evolve","isPartOf":{"@id":"https:\/\/evolve-fitness.eu\/de\/#website"},"primaryImageOfPage":{"@id":"https:\/\/evolve-fitness.eu\/de\/produkt\/evolve-hr-208-halbes-gestell\/#primaryimage"},"image":{"@id":"https:\/\/evolve-fitness.eu\/de\/produkt\/evolve-hr-208-halbes-gestell\/#primaryimage"},"thumbnailUrl":"https:\/\/evolve-fitness.eu\/wp-content\/uploads\/2023\/11\/Evolve-208-HALF-RACK.png","datePublished":"2023-11-28T12:33:13+00:00","dateModified":"2026-04-08T11:06:32+00:00","breadcrumb":{"@id":"https:\/\/evolve-fitness.eu\/de\/produkt\/evolve-hr-208-halbes-gestell\/#breadcrumb"},"inLanguage":"de","potentialAction":[{"@type":"ReadAction","target":["https:\/\/evolve-fitness.eu\/de\/produkt\/evolve-hr-208-halbes-gestell\/"]}]},{"@type":"ImageObject","inLanguage":"de","@id":"https:\/\/evolve-fitness.eu\/de\/produkt\/evolve-hr-208-halbes-gestell\/#primaryimage","url":"https:\/\/evolve-fitness.eu\/wp-content\/uploads\/2023\/11\/Evolve-208-HALF-RACK.png","contentUrl":"https:\/\/evolve-fitness.eu\/wp-content\/uploads\/2023\/11\/Evolve-208-HALF-RACK.png","width":680,"height":600,"caption":"ER-PR-HR-208"},{"@type":"BreadcrumbList","@id":"https:\/\/evolve-fitness.eu\/de\/produkt\/evolve-hr-208-halbes-gestell\/#breadcrumb","itemListElement":[{"@type":"ListItem","position":1,"name":"Home","item":"https:\/\/evolve-fitness.eu\/de\/"},{"@type":"ListItem","position":2,"name":"Produkte","item":"https:\/\/evolve-fitness.eu\/de\/shop\/"},{"@type":"ListItem","position":3,"name":"Evolve Halbes Rack (HR-208)"}]},{"@type":"WebSite","@id":"https:\/\/evolve-fitness.eu\/de\/#website","url":"https:\/\/evolve-fitness.eu\/de\/","name":"Evolve","description":"Your Evolved Gear Arrived","publisher":{"@id":"https:\/\/evolve-fitness.eu\/de\/#organization"},"potentialAction":[{"@type":"SearchAction","target":{"@type":"EntryPoint","urlTemplate":"https:\/\/evolve-fitness.eu\/de\/?s={search_term_string}"},"query-input":{"@type":"PropertyValueSpecification","valueRequired":true,"valueName":"search_term_string"}}],"inLanguage":"de"},{"@type":"Organization","@id":"https:\/\/evolve-fitness.eu\/de\/#organization","name":"Evolve","url":"https:\/\/evolve-fitness.eu\/de\/","logo":{"@type":"ImageObject","inLanguage":"de","@id":"https:\/\/evolve-fitness.eu\/de\/#\/schema\/logo\/image\/","url":"https:\/\/evolve-fitness.eu\/wp-content\/uploads\/2023\/05\/Evolve-logo.svg","contentUrl":"https:\/\/evolve-fitness.eu\/wp-content\/uploads\/2023\/05\/Evolve-logo.svg","width":176,"height":20,"caption":"Evolve"},"image":{"@id":"https:\/\/evolve-fitness.eu\/de\/#\/schema\/logo\/image\/"},"sameAs":["https:\/\/www.facebook.com\/EvolveFitnessEurope"]}]}},"_links":{"self":[{"href":"https:\/\/evolve-fitness.eu\/de\/wp-json\/wp\/v2\/product\/14596","targetHints":{"allow":["GET"]}}],"collection":[{"href":"https:\/\/evolve-fitness.eu\/de\/wp-json\/wp\/v2\/product"}],"about":[{"href":"https:\/\/evolve-fitness.eu\/de\/wp-json\/wp\/v2\/types\/product"}],"wp:featuredmedia":[{"embeddable":true,"href":"https:\/\/evolve-fitness.eu\/de\/wp-json\/wp\/v2\/media\/14610"}],"wp:attachment":[{"href":"https:\/\/evolve-fitness.eu\/de\/wp-json\/wp\/v2\/media?parent=14596"}],"wp:term":[{"taxonomy":"product_brand","embeddable":true,"href":"https:\/\/evolve-fitness.eu\/de\/wp-json\/wp\/v2\/product_brand?post=14596"},{"taxonomy":"product_cat","embeddable":true,"href":"https:\/\/evolve-fitness.eu\/de\/wp-json\/wp\/v2\/product_cat?post=14596"},{"taxonomy":"product_tag","embeddable":true,"href":"https:\/\/evolve-fitness.eu\/de\/wp-json\/wp\/v2\/product_tag?post=14596"}],"curies":[{"name":"wp","href":"https:\/\/api.w.org\/{rel}","templated":true}]}}