{"id":14613,"date":"2023-11-20T10:09:44","date_gmt":"2023-11-20T10:09:44","guid":{"rendered":"https:\/\/evolve-fitness.eu\/product\/evolve-olympische-curl-stange-120-cm\/"},"modified":"2026-04-09T15:33:49","modified_gmt":"2026-04-09T12:33:49","slug":"evolve-olympische-curl-stange-120-cm","status":"publish","type":"product","link":"https:\/\/evolve-fitness.eu\/de\/produkt\/evolve-olympische-curl-stange-120-cm\/","title":{"rendered":"Evolve Olympische Curlstange &#8211; 120 cm (CB-120)"},"content":{"rendered":"\n<section class=\"wp-block-group alignfull has-lightgray-background-color has-background is-layout-constrained wp-block-group-is-layout-constrained\">\n<div class=\"wp-block-columns alignwide is-layout-flex wp-container-core-columns-is-layout-2edb0647 wp-block-columns-is-layout-flex\" style=\"margin-top:0;margin-bottom:0\">\n<div class=\"wp-block-column is-layout-flow wp-block-column-is-layout-flow\" style=\"flex-basis:33.33%\"><\/div>\n\n\n\n<div class=\"wp-block-column is-layout-flow wp-block-column-is-layout-flow\" style=\"flex-basis:66.66%\"><\/div>\n<\/div>\n<\/section>\n\n<section class=\"wp-block-group alignfull black-content has-white-color has-darkgray-background-color has-text-color has-background is-layout-constrained wp-block-group-is-layout-constrained\" style=\"padding-top:var(--wp--preset--spacing--section-bottom);padding-bottom:var(--wp--preset--spacing--section-bottom)\">\n<section class=\"wp-block-group alignfull black-content has-white-color has-darkgray-background-color has-text-color has-background is-layout-constrained wp-block-group-is-layout-constrained\" style=\"padding-top:var(--wp--preset--spacing--section-bottom);padding-bottom:var(--wp--preset--spacing--section-bottom)\">\n<section class=\"wp-block-group alignfull black-content has-white-color has-darkgray-background-color has-text-color has-background is-layout-constrained wp-block-group-is-layout-constrained\" style=\"padding-top:var(--wp--preset--spacing--section-bottom);padding-bottom:var(--wp--preset--spacing--section-bottom)\">\n<div class=\"wp-block-columns alignwide mobile-reverse is-layout-flex wp-container-core-columns-is-layout-ca64bf2d wp-block-columns-is-layout-flex\" style=\"margin-bottom:var(--wp--preset--spacing--side-padding)\">\n<div class=\"wp-block-column is-vertically-aligned-center is-layout-flow wp-block-column-is-layout-flow\">\n<h3 class=\"wp-block-heading\" style=\"margin-bottom:var(--wp--preset--spacing--h-3-bottom)\">Evolve Olympische Curlstange &#8211; 120 cm<\/h3>\n\n\n\n<p><strong><em><strong><em>120 cm<\/em><\/strong><\/em><\/strong><\/p>\n\n\n\n<p style=\"margin-bottom:var(--wp--preset--spacing--tb-section-padding)\">Erleben Sie den Gipfel des Krafttrainings mit der Evolve Olympic Curl Bar (EV-OB-CB-120) &#8211; einer erstklassigen 1200 mm langen, 10 kg schweren und 50 mm dicken Curlstange, die sowohl f\u00fcr intensive Trainingseinheiten zu Hause als auch f\u00fcr den harten kommerziellen Einsatz konzipiert wurde.<\/p>\n<\/div>\n\n\n\n<div class=\"wp-block-column is-vertically-aligned-center is-layout-flow wp-block-column-is-layout-flow\">\n<figure class=\"wp-block-image size-large\"><img decoding=\"async\" src=\"https:\/\/store.evolve-fitness.eu\/wp-content\/uploads\/2024\/07\/A7_06078-683x1024.jpg\" alt=\"\" class=\"wp-image-92188\"\/><\/figure>\n<\/div>\n<\/div>\n<\/section>\n<\/section>\n<\/section>\n","protected":false},"excerpt":{"rendered":"<p>Erleben Sie den Gipfel des Krafttrainings mit der Evolve Olympic Curl Bar (EV-OB-CB-120) &#8211; einer Premium-Curlstange mit 1200 mm, 10 kg und 50 mm Durchmesser, die sowohl f\u00fcr intensive Trainingseinheiten zu Hause als auch f\u00fcr den harten kommerziellen Einsatz entwickelt wurde. Diese Langhantel-Curl-Stange hat eine robuste Konstruktion mit einem inneren Stangendurchmesser von \u00d828 mm und einer verchromten Innenfl\u00e4che und ist f\u00fcr eine lange Lebensdauer ausgelegt. Die Buchsen sorgen f\u00fcr einen reibungslosen Betrieb und eine au\u00dfergew\u00f6hnliche Langlebigkeit, die einer maximalen Belastung von 360 kg standhalten kann. Mit einer 2-Jahres-Garantie und \u00d850 mm Hantelscheibenbuchsen erf\u00fcllt diese olympische Curlstange die h\u00f6chsten Qualit\u00e4ts- und Leistungsstandards. Ganz gleich, ob Sie Ihr Fitnessstudio zu Hause verbessern oder ein kommerzielles Fitnesscenter ausstatten m\u00f6chten, die Evolve Olympic Curl Bar ist die ultimative Wahl f\u00fcr alle, die das Beste verlangen.<\/p>\n","protected":false},"featured_media":14633,"template":"","meta":{"_acf_changed":false,"inline_featured_image":false},"product_brand":[],"product_cat":[866,385,13033],"product_tag":[],"class_list":{"0":"post-14613","1":"product","2":"type-product","3":"status-publish","4":"has-post-thumbnail","6":"product_cat-bars-und-zubehor","7":"product_cat-freie-gewichte","8":"product_cat-hyrox-getriebe","10":"first","11":"instock","12":"shipping-taxable","13":"purchasable","14":"product-type-simple"},"acf":{"long_title":"Evolve Olympische Curlstange - 120 cm (CB-120)","subtitle":"","specifications":[{"label":"SKU","text_value":"EV-OB-CB-120","icon":"x"},{"label":"L\u00e4nge","text_value":"1200 mm","icon":"v"},{"label":"Gewicht","text_value":"10 kg","icon":"x"},{"label":"Maximale Belastung","text_value":"360 kg","icon":"v"},{"label":"Durchmesser der Gewichtsscheibenbuchse","text_value":"\u00d8 50 mm","icon":"v"},{"label":"Innendurchmesser der Stange","text_value":"\u00d8 28 mm","icon":"v"},{"label":"Innenfl\u00e4che der Stange","text_value":"Chrom","icon":"v"},{"label":"Garantie","text_value":"2 Jahre","icon":"v"}],"product_frequently_asked_questions":null},"yoast_head":"<!-- This site is optimized with the Yoast SEO plugin v27.4 - https:\/\/yoast.com\/product\/yoast-seo-wordpress\/ -->\n<title>Evolve Olympische Curlstange - 120 cm (CB-120) - Evolve<\/title>\n<meta name=\"robots\" content=\"index, follow, max-snippet:-1, max-image-preview:large, max-video-preview:-1\" \/>\n<link rel=\"canonical\" href=\"https:\/\/evolve-fitness.eu\/de\/produkt\/evolve-olympische-curl-stange-120-cm\/\" \/>\n<meta property=\"og:locale\" content=\"de_DE\" \/>\n<meta property=\"og:type\" content=\"article\" \/>\n<meta property=\"og:title\" content=\"Evolve Olympische Curlstange - 120 cm (CB-120) - Evolve\" \/>\n<meta property=\"og:url\" content=\"https:\/\/evolve-fitness.eu\/de\/produkt\/evolve-olympische-curl-stange-120-cm\/\" \/>\n<meta property=\"og:site_name\" content=\"Evolve\" \/>\n<meta property=\"article:publisher\" content=\"https:\/\/www.facebook.com\/EvolveFitnessEurope\" \/>\n<meta property=\"article:modified_time\" content=\"2026-04-09T12:33:49+00:00\" \/>\n<meta property=\"og:image\" content=\"https:\/\/evolve-fitness.eu\/wp-content\/uploads\/2023\/11\/Evolve-Olympic-Curl-Bar-120-cm.png\" \/>\n\t<meta property=\"og:image:width\" content=\"680\" \/>\n\t<meta property=\"og:image:height\" content=\"600\" \/>\n\t<meta property=\"og:image:type\" content=\"image\/png\" \/>\n<meta name=\"twitter:card\" content=\"summary_large_image\" \/>\n<script type=\"application\/ld+json\" class=\"yoast-schema-graph\">{\"@context\":\"https:\\\/\\\/schema.org\",\"@graph\":[{\"@type\":\"WebPage\",\"@id\":\"https:\\\/\\\/evolve-fitness.eu\\\/de\\\/produkt\\\/evolve-olympische-curl-stange-120-cm\\\/\",\"url\":\"https:\\\/\\\/evolve-fitness.eu\\\/de\\\/produkt\\\/evolve-olympische-curl-stange-120-cm\\\/\",\"name\":\"Evolve Olympische Curlstange - 120 cm (CB-120) - Evolve\",\"isPartOf\":{\"@id\":\"https:\\\/\\\/evolve-fitness.eu\\\/de\\\/#website\"},\"primaryImageOfPage\":{\"@id\":\"https:\\\/\\\/evolve-fitness.eu\\\/de\\\/produkt\\\/evolve-olympische-curl-stange-120-cm\\\/#primaryimage\"},\"image\":{\"@id\":\"https:\\\/\\\/evolve-fitness.eu\\\/de\\\/produkt\\\/evolve-olympische-curl-stange-120-cm\\\/#primaryimage\"},\"thumbnailUrl\":\"https:\\\/\\\/evolve-fitness.eu\\\/wp-content\\\/uploads\\\/2023\\\/11\\\/Evolve-Olympic-Curl-Bar-120-cm.png\",\"datePublished\":\"2023-11-20T10:09:44+00:00\",\"dateModified\":\"2026-04-09T12:33:49+00:00\",\"breadcrumb\":{\"@id\":\"https:\\\/\\\/evolve-fitness.eu\\\/de\\\/produkt\\\/evolve-olympische-curl-stange-120-cm\\\/#breadcrumb\"},\"inLanguage\":\"de\",\"potentialAction\":[{\"@type\":\"ReadAction\",\"target\":[\"https:\\\/\\\/evolve-fitness.eu\\\/de\\\/produkt\\\/evolve-olympische-curl-stange-120-cm\\\/\"]}]},{\"@type\":\"ImageObject\",\"inLanguage\":\"de\",\"@id\":\"https:\\\/\\\/evolve-fitness.eu\\\/de\\\/produkt\\\/evolve-olympische-curl-stange-120-cm\\\/#primaryimage\",\"url\":\"https:\\\/\\\/evolve-fitness.eu\\\/wp-content\\\/uploads\\\/2023\\\/11\\\/Evolve-Olympic-Curl-Bar-120-cm.png\",\"contentUrl\":\"https:\\\/\\\/evolve-fitness.eu\\\/wp-content\\\/uploads\\\/2023\\\/11\\\/Evolve-Olympic-Curl-Bar-120-cm.png\",\"width\":680,\"height\":600,\"caption\":\"EV-OB-CB-120\"},{\"@type\":\"BreadcrumbList\",\"@id\":\"https:\\\/\\\/evolve-fitness.eu\\\/de\\\/produkt\\\/evolve-olympische-curl-stange-120-cm\\\/#breadcrumb\",\"itemListElement\":[{\"@type\":\"ListItem\",\"position\":1,\"name\":\"Home\",\"item\":\"https:\\\/\\\/evolve-fitness.eu\\\/de\\\/\"},{\"@type\":\"ListItem\",\"position\":2,\"name\":\"Produkte\",\"item\":\"https:\\\/\\\/evolve-fitness.eu\\\/de\\\/shop\\\/\"},{\"@type\":\"ListItem\",\"position\":3,\"name\":\"Evolve Olympische Curlstange &#8211; 120 cm (CB-120)\"}]},{\"@type\":\"WebSite\",\"@id\":\"https:\\\/\\\/evolve-fitness.eu\\\/de\\\/#website\",\"url\":\"https:\\\/\\\/evolve-fitness.eu\\\/de\\\/\",\"name\":\"Evolve\",\"description\":\"Your Evolved Gear Arrived\",\"publisher\":{\"@id\":\"https:\\\/\\\/evolve-fitness.eu\\\/de\\\/#organization\"},\"potentialAction\":[{\"@type\":\"SearchAction\",\"target\":{\"@type\":\"EntryPoint\",\"urlTemplate\":\"https:\\\/\\\/evolve-fitness.eu\\\/de\\\/?s={search_term_string}\"},\"query-input\":{\"@type\":\"PropertyValueSpecification\",\"valueRequired\":true,\"valueName\":\"search_term_string\"}}],\"inLanguage\":\"de\"},{\"@type\":\"Organization\",\"@id\":\"https:\\\/\\\/evolve-fitness.eu\\\/de\\\/#organization\",\"name\":\"Evolve\",\"url\":\"https:\\\/\\\/evolve-fitness.eu\\\/de\\\/\",\"logo\":{\"@type\":\"ImageObject\",\"inLanguage\":\"de\",\"@id\":\"https:\\\/\\\/evolve-fitness.eu\\\/de\\\/#\\\/schema\\\/logo\\\/image\\\/\",\"url\":\"https:\\\/\\\/evolve-fitness.eu\\\/wp-content\\\/uploads\\\/2023\\\/05\\\/Evolve-logo.svg\",\"contentUrl\":\"https:\\\/\\\/evolve-fitness.eu\\\/wp-content\\\/uploads\\\/2023\\\/05\\\/Evolve-logo.svg\",\"width\":176,\"height\":20,\"caption\":\"Evolve\"},\"image\":{\"@id\":\"https:\\\/\\\/evolve-fitness.eu\\\/de\\\/#\\\/schema\\\/logo\\\/image\\\/\"},\"sameAs\":[\"https:\\\/\\\/www.facebook.com\\\/EvolveFitnessEurope\"]}]}<\/script>\n<!-- \/ Yoast SEO plugin. -->","yoast_head_json":{"title":"Evolve Olympische Curlstange - 120 cm (CB-120) - Evolve","robots":{"index":"index","follow":"follow","max-snippet":"max-snippet:-1","max-image-preview":"max-image-preview:large","max-video-preview":"max-video-preview:-1"},"canonical":"https:\/\/evolve-fitness.eu\/de\/produkt\/evolve-olympische-curl-stange-120-cm\/","og_locale":"de_DE","og_type":"article","og_title":"Evolve Olympische Curlstange - 120 cm (CB-120) - Evolve","og_url":"https:\/\/evolve-fitness.eu\/de\/produkt\/evolve-olympische-curl-stange-120-cm\/","og_site_name":"Evolve","article_publisher":"https:\/\/www.facebook.com\/EvolveFitnessEurope","article_modified_time":"2026-04-09T12:33:49+00:00","og_image":[{"width":680,"height":600,"url":"https:\/\/evolve-fitness.eu\/wp-content\/uploads\/2023\/11\/Evolve-Olympic-Curl-Bar-120-cm.png","type":"image\/png"}],"twitter_card":"summary_large_image","schema":{"@context":"https:\/\/schema.org","@graph":[{"@type":"WebPage","@id":"https:\/\/evolve-fitness.eu\/de\/produkt\/evolve-olympische-curl-stange-120-cm\/","url":"https:\/\/evolve-fitness.eu\/de\/produkt\/evolve-olympische-curl-stange-120-cm\/","name":"Evolve Olympische Curlstange - 120 cm (CB-120) - Evolve","isPartOf":{"@id":"https:\/\/evolve-fitness.eu\/de\/#website"},"primaryImageOfPage":{"@id":"https:\/\/evolve-fitness.eu\/de\/produkt\/evolve-olympische-curl-stange-120-cm\/#primaryimage"},"image":{"@id":"https:\/\/evolve-fitness.eu\/de\/produkt\/evolve-olympische-curl-stange-120-cm\/#primaryimage"},"thumbnailUrl":"https:\/\/evolve-fitness.eu\/wp-content\/uploads\/2023\/11\/Evolve-Olympic-Curl-Bar-120-cm.png","datePublished":"2023-11-20T10:09:44+00:00","dateModified":"2026-04-09T12:33:49+00:00","breadcrumb":{"@id":"https:\/\/evolve-fitness.eu\/de\/produkt\/evolve-olympische-curl-stange-120-cm\/#breadcrumb"},"inLanguage":"de","potentialAction":[{"@type":"ReadAction","target":["https:\/\/evolve-fitness.eu\/de\/produkt\/evolve-olympische-curl-stange-120-cm\/"]}]},{"@type":"ImageObject","inLanguage":"de","@id":"https:\/\/evolve-fitness.eu\/de\/produkt\/evolve-olympische-curl-stange-120-cm\/#primaryimage","url":"https:\/\/evolve-fitness.eu\/wp-content\/uploads\/2023\/11\/Evolve-Olympic-Curl-Bar-120-cm.png","contentUrl":"https:\/\/evolve-fitness.eu\/wp-content\/uploads\/2023\/11\/Evolve-Olympic-Curl-Bar-120-cm.png","width":680,"height":600,"caption":"EV-OB-CB-120"},{"@type":"BreadcrumbList","@id":"https:\/\/evolve-fitness.eu\/de\/produkt\/evolve-olympische-curl-stange-120-cm\/#breadcrumb","itemListElement":[{"@type":"ListItem","position":1,"name":"Home","item":"https:\/\/evolve-fitness.eu\/de\/"},{"@type":"ListItem","position":2,"name":"Produkte","item":"https:\/\/evolve-fitness.eu\/de\/shop\/"},{"@type":"ListItem","position":3,"name":"Evolve Olympische Curlstange &#8211; 120 cm (CB-120)"}]},{"@type":"WebSite","@id":"https:\/\/evolve-fitness.eu\/de\/#website","url":"https:\/\/evolve-fitness.eu\/de\/","name":"Evolve","description":"Your Evolved Gear Arrived","publisher":{"@id":"https:\/\/evolve-fitness.eu\/de\/#organization"},"potentialAction":[{"@type":"SearchAction","target":{"@type":"EntryPoint","urlTemplate":"https:\/\/evolve-fitness.eu\/de\/?s={search_term_string}"},"query-input":{"@type":"PropertyValueSpecification","valueRequired":true,"valueName":"search_term_string"}}],"inLanguage":"de"},{"@type":"Organization","@id":"https:\/\/evolve-fitness.eu\/de\/#organization","name":"Evolve","url":"https:\/\/evolve-fitness.eu\/de\/","logo":{"@type":"ImageObject","inLanguage":"de","@id":"https:\/\/evolve-fitness.eu\/de\/#\/schema\/logo\/image\/","url":"https:\/\/evolve-fitness.eu\/wp-content\/uploads\/2023\/05\/Evolve-logo.svg","contentUrl":"https:\/\/evolve-fitness.eu\/wp-content\/uploads\/2023\/05\/Evolve-logo.svg","width":176,"height":20,"caption":"Evolve"},"image":{"@id":"https:\/\/evolve-fitness.eu\/de\/#\/schema\/logo\/image\/"},"sameAs":["https:\/\/www.facebook.com\/EvolveFitnessEurope"]}]}},"_links":{"self":[{"href":"https:\/\/evolve-fitness.eu\/de\/wp-json\/wp\/v2\/product\/14613","targetHints":{"allow":["GET"]}}],"collection":[{"href":"https:\/\/evolve-fitness.eu\/de\/wp-json\/wp\/v2\/product"}],"about":[{"href":"https:\/\/evolve-fitness.eu\/de\/wp-json\/wp\/v2\/types\/product"}],"wp:featuredmedia":[{"embeddable":true,"href":"https:\/\/evolve-fitness.eu\/de\/wp-json\/wp\/v2\/media\/14633"}],"wp:attachment":[{"href":"https:\/\/evolve-fitness.eu\/de\/wp-json\/wp\/v2\/media?parent=14613"}],"wp:term":[{"taxonomy":"product_brand","embeddable":true,"href":"https:\/\/evolve-fitness.eu\/de\/wp-json\/wp\/v2\/product_brand?post=14613"},{"taxonomy":"product_cat","embeddable":true,"href":"https:\/\/evolve-fitness.eu\/de\/wp-json\/wp\/v2\/product_cat?post=14613"},{"taxonomy":"product_tag","embeddable":true,"href":"https:\/\/evolve-fitness.eu\/de\/wp-json\/wp\/v2\/product_tag?post=14613"}],"curies":[{"name":"wp","href":"https:\/\/api.w.org\/{rel}","templated":true}]}}