{"id":14666,"date":"2023-11-21T07:20:07","date_gmt":"2023-11-21T07:20:07","guid":{"rendered":"https:\/\/evolve-fitness.eu\/product\/evolve-cerakote-serie-olympic-man-bar-220-cm-20-kg\/"},"modified":"2026-04-09T15:24:18","modified_gmt":"2026-04-09T12:24:18","slug":"evolve-cerakote-serie-olympic-man-bar-220-cm-20-kg","status":"publish","type":"product","link":"https:\/\/evolve-fitness.eu\/de\/produkt\/evolve-cerakote-serie-olympic-man-bar-220-cm-20-kg\/","title":{"rendered":"Evolve Cerakote Serie Olympische Hantelstange &#8211; 220 cm \/ 20 kg (CK-220)"},"content":{"rendered":"\n<section class=\"wp-block-group alignfull has-lightgray-background-color has-background is-layout-constrained wp-block-group-is-layout-constrained\">\n<div class=\"wp-block-columns alignwide is-layout-flex wp-container-core-columns-is-layout-2edb0647 wp-block-columns-is-layout-flex\" style=\"margin-top:0;margin-bottom:0\">\n<div class=\"wp-block-column is-layout-flow wp-block-column-is-layout-flow\" style=\"flex-basis:33.33%\"><\/div>\n\n\n\n<div class=\"wp-block-column is-layout-flow wp-block-column-is-layout-flow\" style=\"flex-basis:66.66%\"><\/div>\n<\/div>\n<\/section>\n","protected":false},"excerpt":{"rendered":"<p>Entdecken Sie die ultimative St\u00e4rke und Haltbarkeit mit der Evolve Cerakote Olympic Bar, einer erstklassigen Wahl f\u00fcr professionelles Training und Heimsportler gleicherma\u00dfen. Mit einer beeindruckenden L\u00e4nge von 220 cm und einem Gewicht von 20 kg ist diese Langhantel f\u00fcr eine maximale Belastung von 1043 kg ausgelegt und damit ideal f\u00fcr schweres Heben. Ausgestattet mit 8 Nadellagern und 2 Kupferbuchsen sorgt er f\u00fcr eine reibungslose Rotation und Stabilit\u00e4t w\u00e4hrend des Gebrauchs. Der Buchsendurchmesser von \u00d850 mm eignet sich f\u00fcr Standardgewichte, w\u00e4hrend der Durchmesser von \u00d828 mm des inneren Teils der Stange die Griffigkeit und Kontrolle verbessert. Die Verchromung sowohl der Grifffl\u00e4che als auch der Innenseite der Stange tr\u00e4gt nicht nur zu ihrem eleganten Aussehen, sondern auch zu ihrer Langlebigkeit bei. Mit einer H\u00fclsenl\u00e4nge von 415 mm f\u00fcr die Gewichte und einer Griffbrettrautiefe von 1,5 mm ist diese Langhantel auf maximale Effizienz und Komfort ausgelegt. Die Evolve Cerakote Olympic Bar ist nach den IMF-Rauheitsstandards zertifiziert und mit einer 2-Jahres-Garantie versehen. Sie ist die perfekte Mischung aus Leistung und Qualit\u00e4t f\u00fcr ernsthafte Athleten.<\/p>\n","protected":false},"featured_media":14585,"template":"","meta":{"_acf_changed":false,"inline_featured_image":false},"product_brand":[],"product_cat":[866,385,13033],"product_tag":[],"class_list":{"0":"post-14666","1":"product","2":"type-product","3":"status-publish","4":"has-post-thumbnail","6":"product_cat-bars-und-zubehor","7":"product_cat-freie-gewichte","8":"product_cat-hyrox-getriebe","10":"first","11":"instock","12":"shipping-taxable","13":"purchasable","14":"product-type-simple"},"acf":{"long_title":"Evolve Cerakote Serie Olympische Hantelstange - 220 cm \/ 20 kg (CK-220)","subtitle":"","specifications":[{"label":"SKU","text_value":"EV-OB-CK-220","icon":"x"},{"label":"Gewicht","text_value":"20 kg","icon":"v"},{"label":"Garantie","text_value":"2 Jahre","icon":"v"},{"label":"Maximale Belastung","text_value":"1043 kg","icon":"v"},{"label":"Durchmesser der Gewichtsscheibenbuchse","text_value":"\u00d8 50 mm","icon":"v"},{"label":"L\u00e4nge","text_value":"2200 mm","icon":"v"},{"label":"Innendurchmesser der Stange","text_value":"\u00d8 28 mm","icon":"v"},{"label":"Lager und Buchsen","text_value":"8 Nadellager, 2 Kupferbuchsen","icon":"v"},{"label":"Die Oberfl\u00e4che des inneren Teils des Griffbretts","text_value":"Chrom","icon":"v"},{"label":"Grifffl\u00e4che der Gewichte","text_value":"Chrom","icon":"v"},{"label":"\u00c4rmell\u00e4nge f\u00fcr Gewichte","text_value":"415 mm","icon":"v"},{"label":"Tiefe der Griffbrett-Rauheit","text_value":"1,5 mm","icon":"v"},{"label":"Art der Rauhigkeit des Griffbretts","text_value":"IMF","icon":"v"}],"product_frequently_asked_questions":null},"yoast_head":"<!-- This site is optimized with the Yoast SEO plugin v27.4 - https:\/\/yoast.com\/product\/yoast-seo-wordpress\/ -->\n<title>Evolve Cerakote Serie Olympische Hantelstange - 220 cm \/ 20 kg (CK-220) - Evolve<\/title>\n<meta name=\"robots\" content=\"index, follow, max-snippet:-1, max-image-preview:large, max-video-preview:-1\" \/>\n<link rel=\"canonical\" href=\"https:\/\/evolve-fitness.eu\/de\/produkt\/evolve-cerakote-serie-olympic-man-bar-220-cm-20-kg\/\" \/>\n<meta property=\"og:locale\" content=\"de_DE\" \/>\n<meta property=\"og:type\" content=\"article\" \/>\n<meta property=\"og:title\" content=\"Evolve Cerakote Serie Olympische Hantelstange - 220 cm \/ 20 kg (CK-220) - Evolve\" \/>\n<meta property=\"og:url\" content=\"https:\/\/evolve-fitness.eu\/de\/produkt\/evolve-cerakote-serie-olympic-man-bar-220-cm-20-kg\/\" \/>\n<meta property=\"og:site_name\" content=\"Evolve\" \/>\n<meta property=\"article:publisher\" content=\"https:\/\/www.facebook.com\/EvolveFitnessEurope\" \/>\n<meta property=\"article:modified_time\" content=\"2026-04-09T12:24:18+00:00\" \/>\n<meta property=\"og:image\" content=\"https:\/\/evolve-fitness.eu\/wp-content\/uploads\/2023\/11\/Evolve-Cerakote-Olympic-Womens-Grip-201-cm.png\" \/>\n\t<meta property=\"og:image:width\" content=\"680\" \/>\n\t<meta property=\"og:image:height\" content=\"600\" \/>\n\t<meta property=\"og:image:type\" content=\"image\/png\" \/>\n<meta name=\"twitter:card\" content=\"summary_large_image\" \/>\n<script type=\"application\/ld+json\" class=\"yoast-schema-graph\">{\"@context\":\"https:\\\/\\\/schema.org\",\"@graph\":[{\"@type\":\"WebPage\",\"@id\":\"https:\\\/\\\/evolve-fitness.eu\\\/de\\\/produkt\\\/evolve-cerakote-serie-olympic-man-bar-220-cm-20-kg\\\/\",\"url\":\"https:\\\/\\\/evolve-fitness.eu\\\/de\\\/produkt\\\/evolve-cerakote-serie-olympic-man-bar-220-cm-20-kg\\\/\",\"name\":\"Evolve Cerakote Serie Olympische Hantelstange - 220 cm \\\/ 20 kg (CK-220) - Evolve\",\"isPartOf\":{\"@id\":\"https:\\\/\\\/evolve-fitness.eu\\\/de\\\/#website\"},\"primaryImageOfPage\":{\"@id\":\"https:\\\/\\\/evolve-fitness.eu\\\/de\\\/produkt\\\/evolve-cerakote-serie-olympic-man-bar-220-cm-20-kg\\\/#primaryimage\"},\"image\":{\"@id\":\"https:\\\/\\\/evolve-fitness.eu\\\/de\\\/produkt\\\/evolve-cerakote-serie-olympic-man-bar-220-cm-20-kg\\\/#primaryimage\"},\"thumbnailUrl\":\"https:\\\/\\\/evolve-fitness.eu\\\/wp-content\\\/uploads\\\/2023\\\/11\\\/Evolve-Cerakote-Olympic-Womens-Grip-201-cm.png\",\"datePublished\":\"2023-11-21T07:20:07+00:00\",\"dateModified\":\"2026-04-09T12:24:18+00:00\",\"breadcrumb\":{\"@id\":\"https:\\\/\\\/evolve-fitness.eu\\\/de\\\/produkt\\\/evolve-cerakote-serie-olympic-man-bar-220-cm-20-kg\\\/#breadcrumb\"},\"inLanguage\":\"de\",\"potentialAction\":[{\"@type\":\"ReadAction\",\"target\":[\"https:\\\/\\\/evolve-fitness.eu\\\/de\\\/produkt\\\/evolve-cerakote-serie-olympic-man-bar-220-cm-20-kg\\\/\"]}]},{\"@type\":\"ImageObject\",\"inLanguage\":\"de\",\"@id\":\"https:\\\/\\\/evolve-fitness.eu\\\/de\\\/produkt\\\/evolve-cerakote-serie-olympic-man-bar-220-cm-20-kg\\\/#primaryimage\",\"url\":\"https:\\\/\\\/evolve-fitness.eu\\\/wp-content\\\/uploads\\\/2023\\\/11\\\/Evolve-Cerakote-Olympic-Womens-Grip-201-cm.png\",\"contentUrl\":\"https:\\\/\\\/evolve-fitness.eu\\\/wp-content\\\/uploads\\\/2023\\\/11\\\/Evolve-Cerakote-Olympic-Womens-Grip-201-cm.png\",\"width\":680,\"height\":600,\"caption\":\"EV-OB-CK-201\"},{\"@type\":\"BreadcrumbList\",\"@id\":\"https:\\\/\\\/evolve-fitness.eu\\\/de\\\/produkt\\\/evolve-cerakote-serie-olympic-man-bar-220-cm-20-kg\\\/#breadcrumb\",\"itemListElement\":[{\"@type\":\"ListItem\",\"position\":1,\"name\":\"Home\",\"item\":\"https:\\\/\\\/evolve-fitness.eu\\\/de\\\/\"},{\"@type\":\"ListItem\",\"position\":2,\"name\":\"Produkte\",\"item\":\"https:\\\/\\\/evolve-fitness.eu\\\/de\\\/shop\\\/\"},{\"@type\":\"ListItem\",\"position\":3,\"name\":\"Evolve Cerakote Serie Olympische Hantelstange &#8211; 220 cm \\\/ 20 kg (CK-220)\"}]},{\"@type\":\"WebSite\",\"@id\":\"https:\\\/\\\/evolve-fitness.eu\\\/de\\\/#website\",\"url\":\"https:\\\/\\\/evolve-fitness.eu\\\/de\\\/\",\"name\":\"Evolve\",\"description\":\"Your Evolved Gear Arrived\",\"publisher\":{\"@id\":\"https:\\\/\\\/evolve-fitness.eu\\\/de\\\/#organization\"},\"potentialAction\":[{\"@type\":\"SearchAction\",\"target\":{\"@type\":\"EntryPoint\",\"urlTemplate\":\"https:\\\/\\\/evolve-fitness.eu\\\/de\\\/?s={search_term_string}\"},\"query-input\":{\"@type\":\"PropertyValueSpecification\",\"valueRequired\":true,\"valueName\":\"search_term_string\"}}],\"inLanguage\":\"de\"},{\"@type\":\"Organization\",\"@id\":\"https:\\\/\\\/evolve-fitness.eu\\\/de\\\/#organization\",\"name\":\"Evolve\",\"url\":\"https:\\\/\\\/evolve-fitness.eu\\\/de\\\/\",\"logo\":{\"@type\":\"ImageObject\",\"inLanguage\":\"de\",\"@id\":\"https:\\\/\\\/evolve-fitness.eu\\\/de\\\/#\\\/schema\\\/logo\\\/image\\\/\",\"url\":\"https:\\\/\\\/evolve-fitness.eu\\\/wp-content\\\/uploads\\\/2023\\\/05\\\/Evolve-logo.svg\",\"contentUrl\":\"https:\\\/\\\/evolve-fitness.eu\\\/wp-content\\\/uploads\\\/2023\\\/05\\\/Evolve-logo.svg\",\"width\":176,\"height\":20,\"caption\":\"Evolve\"},\"image\":{\"@id\":\"https:\\\/\\\/evolve-fitness.eu\\\/de\\\/#\\\/schema\\\/logo\\\/image\\\/\"},\"sameAs\":[\"https:\\\/\\\/www.facebook.com\\\/EvolveFitnessEurope\"]}]}<\/script>\n<!-- \/ Yoast SEO plugin. -->","yoast_head_json":{"title":"Evolve Cerakote Serie Olympische Hantelstange - 220 cm \/ 20 kg (CK-220) - Evolve","robots":{"index":"index","follow":"follow","max-snippet":"max-snippet:-1","max-image-preview":"max-image-preview:large","max-video-preview":"max-video-preview:-1"},"canonical":"https:\/\/evolve-fitness.eu\/de\/produkt\/evolve-cerakote-serie-olympic-man-bar-220-cm-20-kg\/","og_locale":"de_DE","og_type":"article","og_title":"Evolve Cerakote Serie Olympische Hantelstange - 220 cm \/ 20 kg (CK-220) - Evolve","og_url":"https:\/\/evolve-fitness.eu\/de\/produkt\/evolve-cerakote-serie-olympic-man-bar-220-cm-20-kg\/","og_site_name":"Evolve","article_publisher":"https:\/\/www.facebook.com\/EvolveFitnessEurope","article_modified_time":"2026-04-09T12:24:18+00:00","og_image":[{"width":680,"height":600,"url":"https:\/\/evolve-fitness.eu\/wp-content\/uploads\/2023\/11\/Evolve-Cerakote-Olympic-Womens-Grip-201-cm.png","type":"image\/png"}],"twitter_card":"summary_large_image","schema":{"@context":"https:\/\/schema.org","@graph":[{"@type":"WebPage","@id":"https:\/\/evolve-fitness.eu\/de\/produkt\/evolve-cerakote-serie-olympic-man-bar-220-cm-20-kg\/","url":"https:\/\/evolve-fitness.eu\/de\/produkt\/evolve-cerakote-serie-olympic-man-bar-220-cm-20-kg\/","name":"Evolve Cerakote Serie Olympische Hantelstange - 220 cm \/ 20 kg (CK-220) - Evolve","isPartOf":{"@id":"https:\/\/evolve-fitness.eu\/de\/#website"},"primaryImageOfPage":{"@id":"https:\/\/evolve-fitness.eu\/de\/produkt\/evolve-cerakote-serie-olympic-man-bar-220-cm-20-kg\/#primaryimage"},"image":{"@id":"https:\/\/evolve-fitness.eu\/de\/produkt\/evolve-cerakote-serie-olympic-man-bar-220-cm-20-kg\/#primaryimage"},"thumbnailUrl":"https:\/\/evolve-fitness.eu\/wp-content\/uploads\/2023\/11\/Evolve-Cerakote-Olympic-Womens-Grip-201-cm.png","datePublished":"2023-11-21T07:20:07+00:00","dateModified":"2026-04-09T12:24:18+00:00","breadcrumb":{"@id":"https:\/\/evolve-fitness.eu\/de\/produkt\/evolve-cerakote-serie-olympic-man-bar-220-cm-20-kg\/#breadcrumb"},"inLanguage":"de","potentialAction":[{"@type":"ReadAction","target":["https:\/\/evolve-fitness.eu\/de\/produkt\/evolve-cerakote-serie-olympic-man-bar-220-cm-20-kg\/"]}]},{"@type":"ImageObject","inLanguage":"de","@id":"https:\/\/evolve-fitness.eu\/de\/produkt\/evolve-cerakote-serie-olympic-man-bar-220-cm-20-kg\/#primaryimage","url":"https:\/\/evolve-fitness.eu\/wp-content\/uploads\/2023\/11\/Evolve-Cerakote-Olympic-Womens-Grip-201-cm.png","contentUrl":"https:\/\/evolve-fitness.eu\/wp-content\/uploads\/2023\/11\/Evolve-Cerakote-Olympic-Womens-Grip-201-cm.png","width":680,"height":600,"caption":"EV-OB-CK-201"},{"@type":"BreadcrumbList","@id":"https:\/\/evolve-fitness.eu\/de\/produkt\/evolve-cerakote-serie-olympic-man-bar-220-cm-20-kg\/#breadcrumb","itemListElement":[{"@type":"ListItem","position":1,"name":"Home","item":"https:\/\/evolve-fitness.eu\/de\/"},{"@type":"ListItem","position":2,"name":"Produkte","item":"https:\/\/evolve-fitness.eu\/de\/shop\/"},{"@type":"ListItem","position":3,"name":"Evolve Cerakote Serie Olympische Hantelstange &#8211; 220 cm \/ 20 kg (CK-220)"}]},{"@type":"WebSite","@id":"https:\/\/evolve-fitness.eu\/de\/#website","url":"https:\/\/evolve-fitness.eu\/de\/","name":"Evolve","description":"Your Evolved Gear Arrived","publisher":{"@id":"https:\/\/evolve-fitness.eu\/de\/#organization"},"potentialAction":[{"@type":"SearchAction","target":{"@type":"EntryPoint","urlTemplate":"https:\/\/evolve-fitness.eu\/de\/?s={search_term_string}"},"query-input":{"@type":"PropertyValueSpecification","valueRequired":true,"valueName":"search_term_string"}}],"inLanguage":"de"},{"@type":"Organization","@id":"https:\/\/evolve-fitness.eu\/de\/#organization","name":"Evolve","url":"https:\/\/evolve-fitness.eu\/de\/","logo":{"@type":"ImageObject","inLanguage":"de","@id":"https:\/\/evolve-fitness.eu\/de\/#\/schema\/logo\/image\/","url":"https:\/\/evolve-fitness.eu\/wp-content\/uploads\/2023\/05\/Evolve-logo.svg","contentUrl":"https:\/\/evolve-fitness.eu\/wp-content\/uploads\/2023\/05\/Evolve-logo.svg","width":176,"height":20,"caption":"Evolve"},"image":{"@id":"https:\/\/evolve-fitness.eu\/de\/#\/schema\/logo\/image\/"},"sameAs":["https:\/\/www.facebook.com\/EvolveFitnessEurope"]}]}},"_links":{"self":[{"href":"https:\/\/evolve-fitness.eu\/de\/wp-json\/wp\/v2\/product\/14666","targetHints":{"allow":["GET"]}}],"collection":[{"href":"https:\/\/evolve-fitness.eu\/de\/wp-json\/wp\/v2\/product"}],"about":[{"href":"https:\/\/evolve-fitness.eu\/de\/wp-json\/wp\/v2\/types\/product"}],"wp:featuredmedia":[{"embeddable":true,"href":"https:\/\/evolve-fitness.eu\/de\/wp-json\/wp\/v2\/media\/14585"}],"wp:attachment":[{"href":"https:\/\/evolve-fitness.eu\/de\/wp-json\/wp\/v2\/media?parent=14666"}],"wp:term":[{"taxonomy":"product_brand","embeddable":true,"href":"https:\/\/evolve-fitness.eu\/de\/wp-json\/wp\/v2\/product_brand?post=14666"},{"taxonomy":"product_cat","embeddable":true,"href":"https:\/\/evolve-fitness.eu\/de\/wp-json\/wp\/v2\/product_cat?post=14666"},{"taxonomy":"product_tag","embeddable":true,"href":"https:\/\/evolve-fitness.eu\/de\/wp-json\/wp\/v2\/product_tag?post=14666"}],"curies":[{"name":"wp","href":"https:\/\/api.w.org\/{rel}","templated":true}]}}