{"id":15316,"date":"2023-11-06T11:45:50","date_gmt":"2023-11-06T11:45:50","guid":{"rendered":"https:\/\/evolve-fitness.eu\/product\/evolve-cpu-urethan-hanteln-set-2-x-1-10-kg\/"},"modified":"2026-04-09T15:46:08","modified_gmt":"2026-04-09T12:46:08","slug":"evolve-cpu-urethan-hanteln-set-2-x-1-10-kg","status":"publish","type":"product","link":"https:\/\/evolve-fitness.eu\/de\/produkt\/evolve-cpu-urethan-hanteln-set-2-x-1-10-kg\/","title":{"rendered":"Evolve CPU Urethan Kurzhantelset 1-10 kg (CP-1-10)"},"content":{"rendered":"\n<section class=\"wp-block-group alignfull has-lightgray-background-color has-background is-layout-constrained wp-block-group-is-layout-constrained\">\n<div class=\"wp-block-columns alignwide is-layout-flex wp-container-core-columns-is-layout-2edb0647 wp-block-columns-is-layout-flex\" style=\"margin-top:0;margin-bottom:0\">\n<div class=\"wp-block-column is-layout-flow wp-block-column-is-layout-flow\" style=\"flex-basis:33.33%\"><\/div>\n\n\n\n<div class=\"wp-block-column is-layout-flow wp-block-column-is-layout-flow\" style=\"flex-basis:66.66%\"><\/div>\n<\/div>\n<\/section>\n\n<section class=\"wp-block-group alignfull black-content has-white-color has-darkgray-background-color has-text-color has-background is-layout-constrained wp-block-group-is-layout-constrained\" style=\"padding-top:var(--wp--preset--spacing--section-bottom);padding-bottom:var(--wp--preset--spacing--section-bottom)\">\n<div class=\"wp-block-columns alignwide mobile-reverse is-layout-flex wp-container-core-columns-is-layout-ca64bf2d wp-block-columns-is-layout-flex\" style=\"margin-bottom:var(--wp--preset--spacing--side-padding)\">\n<div class=\"wp-block-column is-vertically-aligned-center is-layout-flow wp-block-column-is-layout-flow\">\n<h3 class=\"wp-block-heading\" style=\"margin-bottom:var(--wp--preset--spacing--h-3-bottom)\"><strong>EXTREM HALTBARES URETHAN<\/strong><\/h3>\n\n\n\n<p><em><strong>Langlebig und schlank<\/strong><\/em><\/p>\n\n\n\n<p style=\"margin-bottom:var(--wp--preset--spacing--tb-section-padding)\">Die Urethanbeschichtung ist \u00e4u\u00dferst sto\u00dffest und doppelt so haltbar wie eine Gummibeschichtung. Lackierte Oberfl\u00e4chen k\u00f6nnen abplatzen und rosten, Gummi kann mit der Zeit abbl\u00e4ttern oder rei\u00dfen. Urethan hat keinen spezifischen Geruch, ist best\u00e4ndig gegen Hitze, UV-Strahlen und sogar gegen nat\u00fcrliche Abnutzung. Evolve Urethan-Hanteln sind extrem langlebig und zersetzen sich nicht, so dass sie auch nach Jahren intensiver Nutzung ihr perfektes Aussehen behalten. Diese Hanteln sind eine perfekte Investition f\u00fcr Heim- und Fitnessstudiobesitzer, denn sie sind auf lange Sicht g\u00fcnstiger und bleiben l\u00e4nger intakt als Gummi- oder Stahlhanteln. Sie behalten ein Leben lang eine kr\u00e4ftige, einheitliche Farbe. Die Urethan-Beschichtung sch\u00fctzt den Boden auch vor Kratzern und Besch\u00e4digungen und absorbiert den Schall beim Training.<\/p>\n<\/div>\n\n\n\n<div class=\"wp-block-column is-vertically-aligned-center is-layout-flow wp-block-column-is-layout-flow\">\n<figure class=\"wp-block-image alignright size-large is-resized is-style-rounded\"><img loading=\"lazy\" decoding=\"async\" width=\"1024\" height=\"1024\" src=\"https:\/\/evolve-fitness.eu\/wp-content\/uploads\/2023\/11\/Evolve-CPU-Urethane-Dumbbells-1-1024x1024.png\" alt=\"\" class=\"wp-image-4910\" style=\"object-fit:cover;width:680px;height:600px\" srcset=\"https:\/\/evolve-fitness.eu\/wp-content\/uploads\/2023\/11\/Evolve-CPU-Urethane-Dumbbells-1-1024x1024.png 1024w, https:\/\/evolve-fitness.eu\/wp-content\/uploads\/2023\/11\/Evolve-CPU-Urethane-Dumbbells-1-300x300.png 300w, https:\/\/evolve-fitness.eu\/wp-content\/uploads\/2023\/11\/Evolve-CPU-Urethane-Dumbbells-1-150x150.png 150w, https:\/\/evolve-fitness.eu\/wp-content\/uploads\/2023\/11\/Evolve-CPU-Urethane-Dumbbells-1-600x600.png 600w, https:\/\/evolve-fitness.eu\/wp-content\/uploads\/2023\/11\/Evolve-CPU-Urethane-Dumbbells-1-768x768.png 768w, https:\/\/evolve-fitness.eu\/wp-content\/uploads\/2023\/11\/Evolve-CPU-Urethane-Dumbbells-1.png 1080w\" sizes=\"auto, (max-width: 1024px) 100vw, 1024px\" \/><\/figure>\n<\/div>\n<\/div>\n\n\n\n<div class=\"wp-block-columns alignwide is-layout-flex wp-container-core-columns-is-layout-c45ee707 wp-block-columns-is-layout-flex\" style=\"margin-bottom:var(--wp--preset--spacing--side-padding);padding-top:var(--wp--preset--spacing--side-padding)\">\n<div class=\"wp-block-column is-vertically-aligned-center is-layout-flow wp-block-column-is-layout-flow\">\n<figure class=\"wp-block-image size-large is-resized\"><img loading=\"lazy\" decoding=\"async\" width=\"1024\" height=\"1024\" src=\"https:\/\/evolve-fitness.eu\/wp-content\/uploads\/2023\/11\/Evolve-CPU-Urethane-Dumbbells-2-1024x1024.png\" alt=\"\" class=\"wp-image-4912\" style=\"object-fit:cover;width:680px;height:600px\" srcset=\"https:\/\/evolve-fitness.eu\/wp-content\/uploads\/2023\/11\/Evolve-CPU-Urethane-Dumbbells-2-1024x1024.png 1024w, https:\/\/evolve-fitness.eu\/wp-content\/uploads\/2023\/11\/Evolve-CPU-Urethane-Dumbbells-2-300x300.png 300w, https:\/\/evolve-fitness.eu\/wp-content\/uploads\/2023\/11\/Evolve-CPU-Urethane-Dumbbells-2-150x150.png 150w, https:\/\/evolve-fitness.eu\/wp-content\/uploads\/2023\/11\/Evolve-CPU-Urethane-Dumbbells-2-600x600.png 600w, https:\/\/evolve-fitness.eu\/wp-content\/uploads\/2023\/11\/Evolve-CPU-Urethane-Dumbbells-2-768x768.png 768w, https:\/\/evolve-fitness.eu\/wp-content\/uploads\/2023\/11\/Evolve-CPU-Urethane-Dumbbells-2.png 1080w\" sizes=\"auto, (max-width: 1024px) 100vw, 1024px\" \/><\/figure>\n<\/div>\n\n\n\n<div class=\"wp-block-column is-vertically-aligned-center is-layout-constrained wp-block-column-is-layout-constrained\">\n<h3 class=\"wp-block-heading\" style=\"margin-bottom:var(--wp--preset--spacing--h-3-bottom)\">EINE GUTE WAHL F\u00dcR DEN PROFESSIONELLEN EINSATZ<\/h3>\n\n\n\n<p><strong><em><strong><em>Evolve Custom Fit Kurzhanteln<\/em><\/strong><\/em><\/strong><\/p>\n\n\n\n<p>Werten Sie Ihre Fitnesseinrichtung mit den individuell anpassbaren Fitnessger\u00e4ten von Evolve auf, die auf die Pr\u00e4senz Ihrer Marke zugeschnitten sind. Unsere Evolve-Hanteln der Spitzenklasse sind nicht nur auf Leistung ausgelegt, sondern auch \u00e4sthetisch ansprechend gestaltet. Wir bieten einen Farbanpassungsservice, der sich nahtlos in Ihre Inneneinrichtung einf\u00fcgt. Auf Wunsch liefern wir mit Laserschnitt und Urethan-Infusion in den von Ihnen gew\u00e4hlten Markenfarben ein individuelles Flair. Mit einer leicht zu reinigenden, strukturierten Oberfl\u00e4che, die einen rutschfesten Griff bietet, garantieren die Evolve-Hanteln Komfort und Sicherheit f\u00fcr die h\u00e4rtesten Trainingseinheiten. Setzen Sie ein Zeichen und t\u00e4tigen Sie eine kluge Investition: W\u00e4hlen Sie Evolve f\u00fcr Ger\u00e4te, die dem Image Ihres Fitnessstudios ebenso verpflichtet sind wie der professionellen Haltbarkeit und der Sicherheit der Benutzer.<\/p>\n<\/div>\n<\/div>\n\n\n\n<div class=\"wp-block-columns alignwide is-layout-flex wp-container-core-columns-is-layout-c45ee707 wp-block-columns-is-layout-flex\" style=\"margin-bottom:var(--wp--preset--spacing--side-padding);padding-top:var(--wp--preset--spacing--side-padding)\">\n<div class=\"wp-block-column is-vertically-aligned-center is-layout-flow wp-block-column-is-layout-flow\">\n<h3 class=\"wp-block-heading\" style=\"margin-bottom:var(--wp--preset--spacing--h-3-bottom)\">FUNKTIONALIT\u00c4T<\/h3>\n\n\n\n<p><strong><em><strong><em>Ultimative Leistung Urethan Hanteln<\/em><\/strong><\/em><\/strong><\/p>\n\n\n\n<p style=\"margin-bottom:var(--wp--preset--spacing--tb-section-padding)\">Verbessern Sie Ihr Trainingsprogramm mit unseren hochwertigen Kurzhanteln mit Urethanumh\u00fcllung, die f\u00fcr \u00fcberragende Haltbarkeit und Bodenschonung entwickelt wurden. Unsere hochmodernen Hanteln wurden entwickelt, um jede Trainingseinheit zu verbessern &#8211; sei es f\u00fcr hochintensives CrossFit oder vielseitige funktionelle \u00dcbungen. Das einzigartige Anti-Roll-Design sorgt f\u00fcr einen aufger\u00e4umten und effizienten Trainingsbereich, w\u00e4hrend die Urethan-Beschichtung St\u00f6\u00dfe absorbiert, Ger\u00e4usche reduziert und Sch\u00e4den an Ihren Ger\u00e4ten verhindert. Mit ihren ergonomisch geformten, rutschfesten Griffen bieten diese Hanteln einen sicheren Halt, um die Sicherheit und die Leistung w\u00e4hrend der intensivsten Trainingseinheiten zu maximieren. Perfekt f\u00fcr den engagierten Sportler, der die Grenzen des Kraft- und Ausdauertrainings ausreizen m\u00f6chte.<\/p>\n<\/div>\n\n\n\n<div class=\"wp-block-column is-vertically-aligned-center is-layout-flow wp-block-column-is-layout-flow\">\n<div class=\"wp-block-columns is-layout-flex wp-container-core-columns-is-layout-9d6595d7 wp-block-columns-is-layout-flex\">\n<div class=\"wp-block-column is-layout-flow wp-block-column-is-layout-flow\">\n<figure class=\"wp-block-image size-large\"><img loading=\"lazy\" decoding=\"async\" width=\"683\" height=\"1024\" src=\"https:\/\/evolve-fitness.eu\/wp-content\/uploads\/2023\/11\/A7_08315-683x1024.jpg\" alt=\"\" class=\"wp-image-8760\" srcset=\"https:\/\/evolve-fitness.eu\/wp-content\/uploads\/2023\/11\/A7_08315-683x1024.jpg 683w, https:\/\/evolve-fitness.eu\/wp-content\/uploads\/2023\/11\/A7_08315-300x450.jpg 300w, https:\/\/evolve-fitness.eu\/wp-content\/uploads\/2023\/11\/A7_08315-100x150.jpg 100w, https:\/\/evolve-fitness.eu\/wp-content\/uploads\/2023\/11\/A7_08315-600x900.jpg 600w, https:\/\/evolve-fitness.eu\/wp-content\/uploads\/2023\/11\/A7_08315-200x300.jpg 200w, https:\/\/evolve-fitness.eu\/wp-content\/uploads\/2023\/11\/A7_08315-768x1152.jpg 768w, https:\/\/evolve-fitness.eu\/wp-content\/uploads\/2023\/11\/A7_08315-1024x1536.jpg 1024w, https:\/\/evolve-fitness.eu\/wp-content\/uploads\/2023\/11\/A7_08315.jpg 1320w\" sizes=\"auto, (max-width: 683px) 100vw, 683px\" \/><\/figure>\n<\/div>\n<\/div>\n<\/div>\n<\/div>\n\n\n\n<div class=\"wp-block-columns alignwide is-layout-flex wp-container-core-columns-is-layout-c45ee707 wp-block-columns-is-layout-flex\" style=\"margin-bottom:var(--wp--preset--spacing--side-padding);padding-top:var(--wp--preset--spacing--side-padding)\">\n<div class=\"wp-block-column is-vertically-aligned-center is-layout-flow wp-block-column-is-layout-flow\">\n<div class=\"wp-block-columns is-layout-flex wp-container-core-columns-is-layout-9d6595d7 wp-block-columns-is-layout-flex\">\n<div class=\"wp-block-column is-layout-flow wp-block-column-is-layout-flow\">\n<figure class=\"wp-block-image size-full is-style-rounded\"><img loading=\"lazy\" decoding=\"async\" width=\"680\" height=\"600\" src=\"https:\/\/evolve-fitness.eu\/wp-content\/uploads\/2023\/11\/Evolve-CPU-Urethane-Dumbbells-5-handle-1.png\" alt=\"\" class=\"wp-image-4949\" srcset=\"https:\/\/evolve-fitness.eu\/wp-content\/uploads\/2023\/11\/Evolve-CPU-Urethane-Dumbbells-5-handle-1.png 680w, https:\/\/evolve-fitness.eu\/wp-content\/uploads\/2023\/11\/Evolve-CPU-Urethane-Dumbbells-5-handle-1-300x265.png 300w, https:\/\/evolve-fitness.eu\/wp-content\/uploads\/2023\/11\/Evolve-CPU-Urethane-Dumbbells-5-handle-1-170x150.png 170w, https:\/\/evolve-fitness.eu\/wp-content\/uploads\/2023\/11\/Evolve-CPU-Urethane-Dumbbells-5-handle-1-600x529.png 600w, https:\/\/evolve-fitness.eu\/wp-content\/uploads\/2023\/11\/Evolve-CPU-Urethane-Dumbbells-5-handle-1-150x132.png 150w\" sizes=\"auto, (max-width: 680px) 100vw, 680px\" \/><\/figure>\n<\/div>\n<\/div>\n<\/div>\n\n\n\n<div class=\"wp-block-column is-vertically-aligned-center is-layout-flow wp-block-column-is-layout-flow\">\n<h3 class=\"wp-block-heading\" style=\"margin-bottom:var(--wp--preset--spacing--h-3-bottom)\">FUNKTIONALIT\u00c4T<\/h3>\n\n\n\n<p><strong><em><strong><em>Ultimative Leistung Urethan Hanteln<\/em><\/strong><\/em><\/strong><\/p>\n\n\n\n<p style=\"margin-bottom:var(--wp--preset--spacing--tb-section-padding)\">Evolve Chrom Hantel Griff hat eine L\u00e4nge von 120 mm, und die Dicke an der breitesten Stelle ist 30 mm, mit einem ergonomisch gestalteten Anti-Rutsch-Griffe,. Die gesamte Hantel ist mit einer haltbaren und verschlei\u00dffesten Urethanschicht \u00fcberzogen.<\/p>\n<\/div>\n<\/div>\n\n\n\n<div class=\"wp-block-columns alignwide is-layout-flex wp-container-core-columns-is-layout-c45ee707 wp-block-columns-is-layout-flex\" style=\"margin-bottom:var(--wp--preset--spacing--side-padding);padding-top:var(--wp--preset--spacing--side-padding)\">\n<div class=\"wp-block-column is-vertically-aligned-center is-layout-flow wp-block-column-is-layout-flow\">\n<h3 class=\"wp-block-heading\" style=\"margin-bottom:var(--wp--preset--spacing--h-3-bottom)\"><strong>AUSSERGEW\u00d6HNLICHE HALTBARKEIT<\/strong><\/h3>\n\n\n\n<p><strong><em><strong>Dauerhafte Leistung<\/strong><\/em><\/strong><\/p>\n\n\n\n<p>Entschl\u00fcsseln Sie das Geheimnis eines ausdauernden Krafttrainings mit Evolve Urethan-Hanteln. Diese pr\u00e4zisionsgefertigten Gewichte werden aus einer hochwertigen Metalllegierung gegossen, die die typische Belastbarkeit von Eisengewichten \u00fcbertrifft. Die Evolve-Hanteln wurden speziell f\u00fcr pr\u00e4zises Gleichgewicht und Genauigkeit entwickelt und sind die erste Wahl, wenn es um Langlebigkeit in anspruchsvollen Fitnessumgebungen geht &#8211; vom harten Training beim Milit\u00e4r bis hin zum st\u00e4ndigen Einsatz in Hotels und Rehabilitationszentren. Die Evolve Urethan-Hanteln eignen sich perfekt f\u00fcr ernsthafte Fitness-Enthusiasten zu Hause oder f\u00fcr kommerzielle Fitnessstudios und garantieren dauerhaft hervorragende Leistung und Nutzen.<\/p>\n<\/div>\n\n\n\n<div class=\"wp-block-column is-vertically-aligned-center is-layout-flow wp-block-column-is-layout-flow\">\n<div class=\"wp-block-columns is-layout-flex wp-container-core-columns-is-layout-9d6595d7 wp-block-columns-is-layout-flex\">\n<div class=\"wp-block-column is-layout-flow wp-block-column-is-layout-flow\">\n<figure class=\"wp-block-video\"><video height=\"2160\" style=\"aspect-ratio: 3840 \/ 2160;\" width=\"3840\" autoplay=\"\" controls=\"\" loop=\"\" muted=\"\" src=\"https:\/\/evolve-fitness.eu\/wp-content\/uploads\/2023\/12\/1-5.mp4\"><\/video><\/figure>\n<\/div>\n<\/div>\n<\/div>\n<\/div>\n<\/section>\n","protected":false},"excerpt":{"rendered":"<p>Erleben Sie dauerhafte Widerstandsf\u00e4higkeit mit dem Evolve CPU Urethane Hantelset (2 x 1-10 kg), das f\u00fcr ernsthafte Fitness-Enthusiasten und professionelle Fitnessstudios entwickelt wurde. Diese Hanteln sind mit einer hochwertigen Urethanbeschichtung versehen, die f\u00fcr ihre Hitze-, UV- und Verschlei\u00dfbest\u00e4ndigkeit bekannt ist und Gummi in puncto Haltbarkeit und Erhaltung des Aussehens \u00fcbertrifft. Evolve eignet sich ideal f\u00fcr verschiedene Trainingsumgebungen, vom Milit\u00e4r bis hin zu Fitnessr\u00e4umen im Gastgewerbe, und l\u00e4sst sich individuell an die \u00c4sthetik Ihrer Marke anpassen. Das ergonomische, rollfeste Design und die ger\u00e4uschd\u00e4mpfenden Eigenschaften verbessern die Funktionalit\u00e4t und Sicherheit des Trainings und machen sie zu einer soliden, langfristigen Investition f\u00fcr jedes Fitnessstudio.   <\/p>\n","protected":false},"featured_media":15317,"template":"","meta":{"_acf_changed":false,"inline_featured_image":false},"product_brand":[],"product_cat":[385,762],"product_tag":[],"class_list":{"0":"post-15316","1":"product","2":"type-product","3":"status-publish","4":"has-post-thumbnail","6":"product_cat-freie-gewichte","7":"product_cat-kurzhanteln","9":"first","10":"instock","11":"shipping-taxable","12":"purchasable","13":"product-type-simple"},"acf":{"long_title":"Evolve CPU Urethan Kurzhantelset 1-10 kg (CP-1-10)","subtitle":"","specifications":[{"label":"SKU","text_value":"EV-DS-CP-1-10","icon":"x"},{"label":"L\u00e4nge des Griffs","text_value":"120 mm","icon":"v"},{"label":"Dicke des Griffs","text_value":"30 mm","icon":"x"},{"label":"Lasergeschnittenes, in Urethan eingegossenes Logo und Gewichtsangabe","text_value":"","icon":"v"},{"label":"Wir k\u00f6nnen die Farben Ihrer Fitnessstudio-Marke einflie\u00dfen lassen","text_value":"","icon":"v"},{"label":"Urethanbeschichtung f\u00fcr maximale Haltbarkeit","text_value":"","icon":"v"},{"label":"Flache Seiten f\u00fcr Gleichgewicht und Stabilit\u00e4t","text_value":"3 Jahre","icon":"v"},{"label":"Anti-Rutsch-Griffe","text_value":"","icon":"v"},{"label":"Anpassungsm\u00f6glichkeiten","text_value":"Wahl des Logos und der Zahlenfarben \/ Anpassung an die gew\u00fcnschte Innenausstattung \/ M\u00f6glichkeit, ein individuelles Logo zu gravieren","icon":"x"},{"label":"Garantie","text_value":"3 Jahre","icon":"x"}],"product_frequently_asked_questions":null},"yoast_head":"<!-- This site is optimized with the Yoast SEO plugin v27.4 - https:\/\/yoast.com\/product\/yoast-seo-wordpress\/ -->\n<title>Evolve CPU Urethan Kurzhantelset 1-10 kg (CP-1-10) - Evolve<\/title>\n<meta name=\"robots\" content=\"index, follow, max-snippet:-1, max-image-preview:large, max-video-preview:-1\" \/>\n<link rel=\"canonical\" href=\"https:\/\/evolve-fitness.eu\/de\/produkt\/evolve-cpu-urethan-hanteln-set-2-x-1-10-kg\/\" \/>\n<meta property=\"og:locale\" content=\"de_DE\" \/>\n<meta property=\"og:type\" content=\"article\" \/>\n<meta property=\"og:title\" content=\"Evolve CPU Urethan Kurzhantelset 1-10 kg (CP-1-10) - Evolve\" \/>\n<meta property=\"og:url\" content=\"https:\/\/evolve-fitness.eu\/de\/produkt\/evolve-cpu-urethan-hanteln-set-2-x-1-10-kg\/\" \/>\n<meta property=\"og:site_name\" content=\"Evolve\" \/>\n<meta property=\"article:publisher\" content=\"https:\/\/www.facebook.com\/EvolveFitnessEurope\" \/>\n<meta property=\"article:modified_time\" content=\"2026-04-09T12:46:08+00:00\" \/>\n<meta property=\"og:image\" content=\"https:\/\/evolve-fitness.eu\/wp-content\/uploads\/2023\/11\/Evolve-CPU-Urethane-Dumbbells-Set-1.png\" \/>\n\t<meta property=\"og:image:width\" content=\"680\" \/>\n\t<meta property=\"og:image:height\" content=\"600\" \/>\n\t<meta property=\"og:image:type\" content=\"image\/png\" \/>\n<meta name=\"twitter:card\" content=\"summary_large_image\" \/>\n<script type=\"application\/ld+json\" class=\"yoast-schema-graph\">{\"@context\":\"https:\\\/\\\/schema.org\",\"@graph\":[{\"@type\":\"WebPage\",\"@id\":\"https:\\\/\\\/evolve-fitness.eu\\\/de\\\/produkt\\\/evolve-cpu-urethan-hanteln-set-2-x-1-10-kg\\\/\",\"url\":\"https:\\\/\\\/evolve-fitness.eu\\\/de\\\/produkt\\\/evolve-cpu-urethan-hanteln-set-2-x-1-10-kg\\\/\",\"name\":\"Evolve CPU Urethan Kurzhantelset 1-10 kg (CP-1-10) - Evolve\",\"isPartOf\":{\"@id\":\"https:\\\/\\\/evolve-fitness.eu\\\/de\\\/#website\"},\"primaryImageOfPage\":{\"@id\":\"https:\\\/\\\/evolve-fitness.eu\\\/de\\\/produkt\\\/evolve-cpu-urethan-hanteln-set-2-x-1-10-kg\\\/#primaryimage\"},\"image\":{\"@id\":\"https:\\\/\\\/evolve-fitness.eu\\\/de\\\/produkt\\\/evolve-cpu-urethan-hanteln-set-2-x-1-10-kg\\\/#primaryimage\"},\"thumbnailUrl\":\"https:\\\/\\\/evolve-fitness.eu\\\/wp-content\\\/uploads\\\/2023\\\/11\\\/Evolve-CPU-Urethane-Dumbbells-Set-1.png\",\"datePublished\":\"2023-11-06T11:45:50+00:00\",\"dateModified\":\"2026-04-09T12:46:08+00:00\",\"breadcrumb\":{\"@id\":\"https:\\\/\\\/evolve-fitness.eu\\\/de\\\/produkt\\\/evolve-cpu-urethan-hanteln-set-2-x-1-10-kg\\\/#breadcrumb\"},\"inLanguage\":\"de\",\"potentialAction\":[{\"@type\":\"ReadAction\",\"target\":[\"https:\\\/\\\/evolve-fitness.eu\\\/de\\\/produkt\\\/evolve-cpu-urethan-hanteln-set-2-x-1-10-kg\\\/\"]}]},{\"@type\":\"ImageObject\",\"inLanguage\":\"de\",\"@id\":\"https:\\\/\\\/evolve-fitness.eu\\\/de\\\/produkt\\\/evolve-cpu-urethan-hanteln-set-2-x-1-10-kg\\\/#primaryimage\",\"url\":\"https:\\\/\\\/evolve-fitness.eu\\\/wp-content\\\/uploads\\\/2023\\\/11\\\/Evolve-CPU-Urethane-Dumbbells-Set-1.png\",\"contentUrl\":\"https:\\\/\\\/evolve-fitness.eu\\\/wp-content\\\/uploads\\\/2023\\\/11\\\/Evolve-CPU-Urethane-Dumbbells-Set-1.png\",\"width\":680,\"height\":600,\"caption\":\"EV-DS-CP-1-10\"},{\"@type\":\"BreadcrumbList\",\"@id\":\"https:\\\/\\\/evolve-fitness.eu\\\/de\\\/produkt\\\/evolve-cpu-urethan-hanteln-set-2-x-1-10-kg\\\/#breadcrumb\",\"itemListElement\":[{\"@type\":\"ListItem\",\"position\":1,\"name\":\"Home\",\"item\":\"https:\\\/\\\/evolve-fitness.eu\\\/de\\\/\"},{\"@type\":\"ListItem\",\"position\":2,\"name\":\"Produkte\",\"item\":\"https:\\\/\\\/evolve-fitness.eu\\\/de\\\/shop\\\/\"},{\"@type\":\"ListItem\",\"position\":3,\"name\":\"Evolve CPU Urethan Kurzhantelset 1-10 kg (CP-1-10)\"}]},{\"@type\":\"WebSite\",\"@id\":\"https:\\\/\\\/evolve-fitness.eu\\\/de\\\/#website\",\"url\":\"https:\\\/\\\/evolve-fitness.eu\\\/de\\\/\",\"name\":\"Evolve\",\"description\":\"Your Evolved Gear Arrived\",\"publisher\":{\"@id\":\"https:\\\/\\\/evolve-fitness.eu\\\/de\\\/#organization\"},\"potentialAction\":[{\"@type\":\"SearchAction\",\"target\":{\"@type\":\"EntryPoint\",\"urlTemplate\":\"https:\\\/\\\/evolve-fitness.eu\\\/de\\\/?s={search_term_string}\"},\"query-input\":{\"@type\":\"PropertyValueSpecification\",\"valueRequired\":true,\"valueName\":\"search_term_string\"}}],\"inLanguage\":\"de\"},{\"@type\":\"Organization\",\"@id\":\"https:\\\/\\\/evolve-fitness.eu\\\/de\\\/#organization\",\"name\":\"Evolve\",\"url\":\"https:\\\/\\\/evolve-fitness.eu\\\/de\\\/\",\"logo\":{\"@type\":\"ImageObject\",\"inLanguage\":\"de\",\"@id\":\"https:\\\/\\\/evolve-fitness.eu\\\/de\\\/#\\\/schema\\\/logo\\\/image\\\/\",\"url\":\"https:\\\/\\\/evolve-fitness.eu\\\/wp-content\\\/uploads\\\/2023\\\/05\\\/Evolve-logo.svg\",\"contentUrl\":\"https:\\\/\\\/evolve-fitness.eu\\\/wp-content\\\/uploads\\\/2023\\\/05\\\/Evolve-logo.svg\",\"width\":176,\"height\":20,\"caption\":\"Evolve\"},\"image\":{\"@id\":\"https:\\\/\\\/evolve-fitness.eu\\\/de\\\/#\\\/schema\\\/logo\\\/image\\\/\"},\"sameAs\":[\"https:\\\/\\\/www.facebook.com\\\/EvolveFitnessEurope\"]}]}<\/script>\n<!-- \/ Yoast SEO plugin. -->","yoast_head_json":{"title":"Evolve CPU Urethan Kurzhantelset 1-10 kg (CP-1-10) - Evolve","robots":{"index":"index","follow":"follow","max-snippet":"max-snippet:-1","max-image-preview":"max-image-preview:large","max-video-preview":"max-video-preview:-1"},"canonical":"https:\/\/evolve-fitness.eu\/de\/produkt\/evolve-cpu-urethan-hanteln-set-2-x-1-10-kg\/","og_locale":"de_DE","og_type":"article","og_title":"Evolve CPU Urethan Kurzhantelset 1-10 kg (CP-1-10) - Evolve","og_url":"https:\/\/evolve-fitness.eu\/de\/produkt\/evolve-cpu-urethan-hanteln-set-2-x-1-10-kg\/","og_site_name":"Evolve","article_publisher":"https:\/\/www.facebook.com\/EvolveFitnessEurope","article_modified_time":"2026-04-09T12:46:08+00:00","og_image":[{"width":680,"height":600,"url":"https:\/\/evolve-fitness.eu\/wp-content\/uploads\/2023\/11\/Evolve-CPU-Urethane-Dumbbells-Set-1.png","type":"image\/png"}],"twitter_card":"summary_large_image","schema":{"@context":"https:\/\/schema.org","@graph":[{"@type":"WebPage","@id":"https:\/\/evolve-fitness.eu\/de\/produkt\/evolve-cpu-urethan-hanteln-set-2-x-1-10-kg\/","url":"https:\/\/evolve-fitness.eu\/de\/produkt\/evolve-cpu-urethan-hanteln-set-2-x-1-10-kg\/","name":"Evolve CPU Urethan Kurzhantelset 1-10 kg (CP-1-10) - Evolve","isPartOf":{"@id":"https:\/\/evolve-fitness.eu\/de\/#website"},"primaryImageOfPage":{"@id":"https:\/\/evolve-fitness.eu\/de\/produkt\/evolve-cpu-urethan-hanteln-set-2-x-1-10-kg\/#primaryimage"},"image":{"@id":"https:\/\/evolve-fitness.eu\/de\/produkt\/evolve-cpu-urethan-hanteln-set-2-x-1-10-kg\/#primaryimage"},"thumbnailUrl":"https:\/\/evolve-fitness.eu\/wp-content\/uploads\/2023\/11\/Evolve-CPU-Urethane-Dumbbells-Set-1.png","datePublished":"2023-11-06T11:45:50+00:00","dateModified":"2026-04-09T12:46:08+00:00","breadcrumb":{"@id":"https:\/\/evolve-fitness.eu\/de\/produkt\/evolve-cpu-urethan-hanteln-set-2-x-1-10-kg\/#breadcrumb"},"inLanguage":"de","potentialAction":[{"@type":"ReadAction","target":["https:\/\/evolve-fitness.eu\/de\/produkt\/evolve-cpu-urethan-hanteln-set-2-x-1-10-kg\/"]}]},{"@type":"ImageObject","inLanguage":"de","@id":"https:\/\/evolve-fitness.eu\/de\/produkt\/evolve-cpu-urethan-hanteln-set-2-x-1-10-kg\/#primaryimage","url":"https:\/\/evolve-fitness.eu\/wp-content\/uploads\/2023\/11\/Evolve-CPU-Urethane-Dumbbells-Set-1.png","contentUrl":"https:\/\/evolve-fitness.eu\/wp-content\/uploads\/2023\/11\/Evolve-CPU-Urethane-Dumbbells-Set-1.png","width":680,"height":600,"caption":"EV-DS-CP-1-10"},{"@type":"BreadcrumbList","@id":"https:\/\/evolve-fitness.eu\/de\/produkt\/evolve-cpu-urethan-hanteln-set-2-x-1-10-kg\/#breadcrumb","itemListElement":[{"@type":"ListItem","position":1,"name":"Home","item":"https:\/\/evolve-fitness.eu\/de\/"},{"@type":"ListItem","position":2,"name":"Produkte","item":"https:\/\/evolve-fitness.eu\/de\/shop\/"},{"@type":"ListItem","position":3,"name":"Evolve CPU Urethan Kurzhantelset 1-10 kg (CP-1-10)"}]},{"@type":"WebSite","@id":"https:\/\/evolve-fitness.eu\/de\/#website","url":"https:\/\/evolve-fitness.eu\/de\/","name":"Evolve","description":"Your Evolved Gear Arrived","publisher":{"@id":"https:\/\/evolve-fitness.eu\/de\/#organization"},"potentialAction":[{"@type":"SearchAction","target":{"@type":"EntryPoint","urlTemplate":"https:\/\/evolve-fitness.eu\/de\/?s={search_term_string}"},"query-input":{"@type":"PropertyValueSpecification","valueRequired":true,"valueName":"search_term_string"}}],"inLanguage":"de"},{"@type":"Organization","@id":"https:\/\/evolve-fitness.eu\/de\/#organization","name":"Evolve","url":"https:\/\/evolve-fitness.eu\/de\/","logo":{"@type":"ImageObject","inLanguage":"de","@id":"https:\/\/evolve-fitness.eu\/de\/#\/schema\/logo\/image\/","url":"https:\/\/evolve-fitness.eu\/wp-content\/uploads\/2023\/05\/Evolve-logo.svg","contentUrl":"https:\/\/evolve-fitness.eu\/wp-content\/uploads\/2023\/05\/Evolve-logo.svg","width":176,"height":20,"caption":"Evolve"},"image":{"@id":"https:\/\/evolve-fitness.eu\/de\/#\/schema\/logo\/image\/"},"sameAs":["https:\/\/www.facebook.com\/EvolveFitnessEurope"]}]}},"_links":{"self":[{"href":"https:\/\/evolve-fitness.eu\/de\/wp-json\/wp\/v2\/product\/15316","targetHints":{"allow":["GET"]}}],"collection":[{"href":"https:\/\/evolve-fitness.eu\/de\/wp-json\/wp\/v2\/product"}],"about":[{"href":"https:\/\/evolve-fitness.eu\/de\/wp-json\/wp\/v2\/types\/product"}],"wp:featuredmedia":[{"embeddable":true,"href":"https:\/\/evolve-fitness.eu\/de\/wp-json\/wp\/v2\/media\/15317"}],"wp:attachment":[{"href":"https:\/\/evolve-fitness.eu\/de\/wp-json\/wp\/v2\/media?parent=15316"}],"wp:term":[{"taxonomy":"product_brand","embeddable":true,"href":"https:\/\/evolve-fitness.eu\/de\/wp-json\/wp\/v2\/product_brand?post=15316"},{"taxonomy":"product_cat","embeddable":true,"href":"https:\/\/evolve-fitness.eu\/de\/wp-json\/wp\/v2\/product_cat?post=15316"},{"taxonomy":"product_tag","embeddable":true,"href":"https:\/\/evolve-fitness.eu\/de\/wp-json\/wp\/v2\/product_tag?post=15316"}],"curies":[{"name":"wp","href":"https:\/\/api.w.org\/{rel}","templated":true}]}}