{"id":173333,"date":"2025-01-14T08:59:38","date_gmt":"2025-01-14T08:59:38","guid":{"rendered":"https:\/\/evolve-fitness.eu\/product\/evolve-powerlifiting-bar-220-cm-20-kg\/"},"modified":"2026-04-09T15:23:29","modified_gmt":"2026-04-09T12:23:29","slug":"evolve-powerlifiting-bar-220-cm-20-kg","status":"publish","type":"product","link":"https:\/\/evolve-fitness.eu\/de\/produkt\/evolve-powerlifiting-bar-220-cm-20-kg\/","title":{"rendered":"Evolve Powerlfting Bar &#8211; 220 cm \/ 20 kg (PL-220)"},"content":{"rendered":"\n<section class=\"wp-block-group alignfull has-lightgray-background-color has-background is-layout-constrained wp-block-group-is-layout-constrained\">\n<div class=\"wp-block-columns alignwide is-layout-flex wp-container-core-columns-is-layout-2edb0647 wp-block-columns-is-layout-flex\" style=\"margin-top:0;margin-bottom:0\">\n<div class=\"wp-block-column is-layout-flow wp-block-column-is-layout-flow\" style=\"flex-basis:33.33%\"><\/div>\n\n\n\n<div class=\"wp-block-column is-layout-flow wp-block-column-is-layout-flow\" style=\"flex-basis:66.66%\"><\/div>\n<\/div>\n<\/section>\n\n<section class=\"wp-block-group alignfull black-content has-white-color has-darkgray-background-color has-text-color has-background is-layout-constrained wp-block-group-is-layout-constrained\" style=\"padding-top:var(--wp--preset--spacing--section-bottom);padding-bottom:var(--wp--preset--spacing--section-bottom)\">\n<h3 class=\"wp-block-heading has-text-align-center\" style=\"margin-bottom:var(--wp--preset--spacing--tb-section-padding)\">Technische KARTE<\/h3>\n\n\n\n<div class=\"wp-block-columns alignwide mobile-reverse is-layout-flex wp-container-core-columns-is-layout-ca64bf2d wp-block-columns-is-layout-flex\" style=\"margin-bottom:var(--wp--preset--spacing--side-padding)\">\n<div class=\"wp-block-column is-layout-flow wp-block-column-is-layout-flow\">\n<figure class=\"wp-block-image aligncenter size-large is-style-rounded\"><img loading=\"lazy\" decoding=\"async\" width=\"1024\" height=\"683\" src=\"https:\/\/evolve-fitness.eu\/wp-content\/uploads\/2025\/01\/Evolve-Powerlifiting-Bar-spec-3-1024x683.jpg\" alt=\"EV-OB-PL-220\" class=\"wp-image-174067\" srcset=\"https:\/\/evolve-fitness.eu\/wp-content\/uploads\/2025\/01\/Evolve-Powerlifiting-Bar-spec-3-1024x683.jpg 1024w, https:\/\/evolve-fitness.eu\/wp-content\/uploads\/2025\/01\/Evolve-Powerlifiting-Bar-spec-3-300x200.jpg 300w, https:\/\/evolve-fitness.eu\/wp-content\/uploads\/2025\/01\/Evolve-Powerlifiting-Bar-spec-3-150x100.jpg 150w, https:\/\/evolve-fitness.eu\/wp-content\/uploads\/2025\/01\/Evolve-Powerlifiting-Bar-spec-3-768x512.jpg 768w, https:\/\/evolve-fitness.eu\/wp-content\/uploads\/2025\/01\/Evolve-Powerlifiting-Bar-spec-3-1536x1024.jpg 1536w, https:\/\/evolve-fitness.eu\/wp-content\/uploads\/2025\/01\/Evolve-Powerlifiting-Bar-spec-3-2048x1365.jpg 2048w, https:\/\/evolve-fitness.eu\/wp-content\/uploads\/2025\/01\/Evolve-Powerlifiting-Bar-spec-3-600x400.jpg 600w, https:\/\/evolve-fitness.eu\/wp-content\/uploads\/2025\/01\/Evolve-Powerlifiting-Bar-spec-3-225x150.jpg 225w\" sizes=\"auto, (max-width: 1024px) 100vw, 1024px\" \/><\/figure>\n<\/div>\n<\/div>\n\n\n\n<div class=\"wp-block-columns alignwide mobile-reverse is-layout-flex wp-container-core-columns-is-layout-ca64bf2d wp-block-columns-is-layout-flex\" style=\"margin-bottom:var(--wp--preset--spacing--side-padding)\">\n<div class=\"wp-block-column is-vertically-aligned-center is-layout-flow wp-block-column-is-layout-flow\">\n<h3 class=\"wp-block-heading\" style=\"margin-bottom:var(--wp--preset--spacing--h-3-bottom)\"><strong><strong><strong><strong><strong><strong>Hochwertige Qualit\u00e4t<\/strong><\/strong><\/strong><\/strong><\/strong><\/strong><\/h3>\n\n\n\n<p><strong><em><strong><strong><strong><strong>Langlebiges Design<\/strong><\/strong><\/strong><\/strong><\/em><\/strong><\/p>\n\n\n\n<p style=\"margin-bottom:var(--wp--preset--spacing--tb-section-padding)\">Unsere Fitnessb\u00e4nke sind mit einem soliden Metallrahmen aus geschwei\u00dften Rundrohren f\u00fcr eine lange Lebensdauer ausgelegt. Die fortschrittliche elektrostatische Spr\u00fchtechnologie f\u00fcr duroplastische Pulver verleiht der Oberfl\u00e4che nicht nur ein glattes Aussehen, sondern bietet auch einen hervorragenden Rostschutz. Ganz gleich, ob Sie zu Hause oder in einem professionellen Fitnessstudio trainieren, unsere Evolve-B\u00e4nke sind auf Ihre Bed\u00fcrfnisse abgestimmt. Sie eignen sich auch hervorragend f\u00fcr kommerzielle Fitnesseinrichtungen in Milit\u00e4rst\u00fctzpunkten, Hotels, Herbergen und Rehabilitationszentren.<\/p>\n\n\n\n<h3 class=\"wp-block-heading\" style=\"margin-bottom:var(--wp--preset--spacing--h-3-bottom)\"><strong><strong><strong><strong><strong><strong><strong><strong>\u00dcberlegener Grip und Kontrolle<\/strong><\/strong><\/strong><\/strong><\/strong><\/strong><\/strong><\/strong><\/h3>\n\n\n\n<p><strong><em><strong><strong><strong><strong><strong>R\u00e4ndelung f\u00fcr verbesserte Stabilit\u00e4t<\/strong><\/strong><\/strong><\/strong><\/strong><\/em><\/strong><\/p>\n\n\n\n<p>Diese Kraftdreikampf-Hantelstange verf\u00fcgt \u00fcber aggressive R\u00e4ndelungen, die f\u00fcr einen sicheren und festen Griff bei intensiven Hebungen sorgen. Die pr\u00e4zise platzierten R\u00e4ndelmarkierungen helfen dem Heber, die H\u00e4nde bei Kniebeugen, Bankdr\u00fccken und Kreuzheben richtig zu positionieren. Die Hantelstange verf\u00fcgt au\u00dferdem \u00fcber eine mittlere R\u00e4ndelung f\u00fcr zus\u00e4tzliche Stabilit\u00e4t bei Kniebeugen, die ein Abrutschen der Stange verhindert und die Sicherheit erh\u00f6ht.  <\/p>\n<\/div>\n\n\n\n<div class=\"wp-block-column is-vertically-aligned-center is-layout-flow wp-block-column-is-layout-flow\">\n<figure class=\"wp-block-image size-full is-style-rounded\"><img loading=\"lazy\" decoding=\"async\" width=\"2060\" height=\"1373\" src=\"https:\/\/evolve-fitness.eu\/wp-content\/uploads\/2025\/01\/Evolve-Powerlifiting-Bar-3.jpg\" alt=\"EV-OB-PL-220\" class=\"wp-image-173253\" style=\"object-fit:cover\" srcset=\"https:\/\/evolve-fitness.eu\/wp-content\/uploads\/2025\/01\/Evolve-Powerlifiting-Bar-3.jpg 2060w, https:\/\/evolve-fitness.eu\/wp-content\/uploads\/2025\/01\/Evolve-Powerlifiting-Bar-3-300x200.jpg 300w, https:\/\/evolve-fitness.eu\/wp-content\/uploads\/2025\/01\/Evolve-Powerlifiting-Bar-3-1024x683.jpg 1024w, https:\/\/evolve-fitness.eu\/wp-content\/uploads\/2025\/01\/Evolve-Powerlifiting-Bar-3-150x100.jpg 150w, https:\/\/evolve-fitness.eu\/wp-content\/uploads\/2025\/01\/Evolve-Powerlifiting-Bar-3-768x512.jpg 768w, https:\/\/evolve-fitness.eu\/wp-content\/uploads\/2025\/01\/Evolve-Powerlifiting-Bar-3-1536x1024.jpg 1536w, https:\/\/evolve-fitness.eu\/wp-content\/uploads\/2025\/01\/Evolve-Powerlifiting-Bar-3-2048x1365.jpg 2048w, https:\/\/evolve-fitness.eu\/wp-content\/uploads\/2025\/01\/Evolve-Powerlifiting-Bar-3-600x400.jpg 600w, https:\/\/evolve-fitness.eu\/wp-content\/uploads\/2025\/01\/Evolve-Powerlifiting-Bar-3-225x150.jpg 225w\" sizes=\"auto, (max-width: 2060px) 100vw, 2060px\" \/><\/figure>\n<\/div>\n<\/div>\n\n\n\n<div class=\"wp-block-columns alignwide mobile-reverse is-layout-flex wp-container-core-columns-is-layout-ca64bf2d wp-block-columns-is-layout-flex\" style=\"margin-bottom:var(--wp--preset--spacing--side-padding)\">\n<div class=\"wp-block-column is-vertically-aligned-center is-layout-flow wp-block-column-is-layout-flow\">\n<figure class=\"wp-block-image size-full is-style-rounded\"><img loading=\"lazy\" decoding=\"async\" width=\"2060\" height=\"1373\" src=\"https:\/\/evolve-fitness.eu\/wp-content\/uploads\/2025\/01\/Evolve-Powerlifiting-Bar-6.jpg\" alt=\"EV-OB-PL-220\" class=\"wp-image-174016\" style=\"object-fit:cover\" srcset=\"https:\/\/evolve-fitness.eu\/wp-content\/uploads\/2025\/01\/Evolve-Powerlifiting-Bar-6.jpg 2060w, https:\/\/evolve-fitness.eu\/wp-content\/uploads\/2025\/01\/Evolve-Powerlifiting-Bar-6-300x200.jpg 300w, https:\/\/evolve-fitness.eu\/wp-content\/uploads\/2025\/01\/Evolve-Powerlifiting-Bar-6-1024x683.jpg 1024w, https:\/\/evolve-fitness.eu\/wp-content\/uploads\/2025\/01\/Evolve-Powerlifiting-Bar-6-150x100.jpg 150w, https:\/\/evolve-fitness.eu\/wp-content\/uploads\/2025\/01\/Evolve-Powerlifiting-Bar-6-768x512.jpg 768w, https:\/\/evolve-fitness.eu\/wp-content\/uploads\/2025\/01\/Evolve-Powerlifiting-Bar-6-1536x1024.jpg 1536w, https:\/\/evolve-fitness.eu\/wp-content\/uploads\/2025\/01\/Evolve-Powerlifiting-Bar-6-2048x1365.jpg 2048w, https:\/\/evolve-fitness.eu\/wp-content\/uploads\/2025\/01\/Evolve-Powerlifiting-Bar-6-600x400.jpg 600w, https:\/\/evolve-fitness.eu\/wp-content\/uploads\/2025\/01\/Evolve-Powerlifiting-Bar-6-225x150.jpg 225w\" sizes=\"auto, (max-width: 2060px) 100vw, 2060px\" \/><\/figure>\n<\/div>\n\n\n\n<div class=\"wp-block-column is-vertically-aligned-center is-layout-flow wp-block-column-is-layout-flow\">\n<h3 class=\"wp-block-heading\" style=\"margin-bottom:var(--wp--preset--spacing--h-3-bottom)\"><strong><strong><strong><strong><strong><strong><strong>Optimale Belastbarkeit und Steifigkeit<\/strong><\/strong><\/strong><\/strong><\/strong><\/strong><\/strong><\/h3>\n\n\n\n<p><strong><em><strong><strong><strong><strong><strong>Entwickelt f\u00fcr schwere Gewichte<\/strong><\/strong><\/strong><\/strong><\/strong><\/em><\/strong><\/p>\n\n\n\n<p style=\"margin-bottom:var(--wp--preset--spacing--tb-section-padding)\">Die Evolve Powerlifting Bar ist f\u00fcr eine maximale Gewichtskapazit\u00e4t von bis zu 900 kg (2000 lbs) ausgelegt und erf\u00fcllt damit die Bed\u00fcrfnisse von fortgeschrittenen und Elite-Kraftdreik\u00e4mpfern. Die reduzierte Peitsche und die optimale Steifigkeit sorgen f\u00fcr kontrollierte Bewegungen und erm\u00f6glichen eine verbesserte Form und Kraft\u00fcbertragung bei maximalen Anstrengungen. <\/p>\n\n\n\n<h3 class=\"wp-block-heading\" style=\"margin-bottom:var(--wp--preset--spacing--h-3-bottom)\"><strong><strong><strong><strong><strong><strong><strong><strong><strong>H\u00fclsendesign und Haltbarkeit<\/strong><\/strong><\/strong><\/strong><\/strong><\/strong><\/strong><\/strong><\/strong><\/h3>\n\n\n\n<p><strong><em><strong><strong><strong><strong><strong><strong>Sanfte Rotation f\u00fcr langanhaltende Leistung<\/strong><\/strong><\/strong><\/strong><\/strong><\/strong><\/em><\/strong><\/p>\n\n\n\n<p>Ausgestattet mit robusten Buchsenh\u00fclsen sorgt die Stange f\u00fcr eine reibungslose und zuverl\u00e4ssige Drehung der Platte. Die Buchsen sind mit einer Hartchrom-Beschichtung versehen, die eine hervorragende Best\u00e4ndigkeit gegen Verschlei\u00df und Korrosion bietet und die Stange zu einer langlebigen Investition f\u00fcr jede Kraftdreikampfeinrichtung macht. <\/p>\n<\/div>\n<\/div>\n<\/section>\n","protected":false},"excerpt":{"rendered":"<p>Die Evolve Powerlifting Bar (EV-OB-PL-220) ist eine erstklassige Langhantel, die f\u00fcr Krafttrainingsenthusiasten und professionelle Athleten gleicherma\u00dfen entwickelt wurde. Diese 220 cm lange, 20 kg schwere Hantelstange wurde mit Blick auf Langlebigkeit und Pr\u00e4zision entwickelt und bietet Leistung f\u00fcr schweres Heben. Ihr hervorragender Griff und ihre robuste Bauweise sorgen f\u00fcr Stabilit\u00e4t und Kontrolle und machen sie zur idealen Wahl f\u00fcr Kniebeugen, Kreuzheben und Bankdr\u00fccken. Diese Hantelstange ist perfekt f\u00fcr alle Fitnessniveaus und bietet Zuverl\u00e4ssigkeit und Konsistenz.  <\/p>\n","protected":false},"featured_media":173187,"template":"","meta":{"_acf_changed":false,"inline_featured_image":false},"product_brand":[],"product_cat":[866,385,13033],"product_tag":[],"class_list":{"0":"post-173333","1":"product","2":"type-product","3":"status-publish","4":"has-post-thumbnail","6":"product_cat-bars-und-zubehor","7":"product_cat-freie-gewichte","8":"product_cat-hyrox-getriebe","10":"first","11":"instock","12":"shipping-taxable","13":"purchasable","14":"product-type-simple"},"acf":{"long_title":"Evolve Kraftdreikampfstange - 220 cm \/ 20 kg (PL-220)","subtitle":"","specifications":[{"label":"SKU","text_value":"EV-OB-PL-220","icon":"x"},{"label":"Gewicht","text_value":"20 kg","icon":"x"},{"label":"Maximale Belastung","text_value":"900 kg","icon":"x"},{"label":"Durchmesser der Gewichtsscheibenbuchse","text_value":"\u00d8 50 mm","icon":"x"},{"label":"L\u00e4nge","text_value":"2200 mm","icon":"x"},{"label":"Innendurchmesser der Stange","text_value":"\u00d8 29 mm","icon":"x"},{"label":"Die Oberfl\u00e4che des inneren Teils des Griffbretts","text_value":"Hartverchromt","icon":"x"},{"label":"Grifffl\u00e4che der Gewichte","text_value":"Hartverchromt","icon":"x"},{"label":"\u00c4rmell\u00e4nge f\u00fcr Gewichte","text_value":"430 mm","icon":"x"},{"label":"Art der Rauhigkeit des Griffbretts","text_value":"IMF","icon":"x"},{"label":"Garantie","text_value":"2 Jahre","icon":"x"}],"product_frequently_asked_questions":null},"yoast_head":"<!-- This site is optimized with the Yoast SEO plugin v27.4 - https:\/\/yoast.com\/product\/yoast-seo-wordpress\/ -->\n<title>Evolve Powerlfting Bar - 220 cm \/ 20 kg (PL-220) - Evolve<\/title>\n<meta name=\"robots\" content=\"index, follow, max-snippet:-1, max-image-preview:large, max-video-preview:-1\" \/>\n<link rel=\"canonical\" href=\"https:\/\/evolve-fitness.eu\/de\/produkt\/evolve-powerlifiting-bar-220-cm-20-kg\/\" \/>\n<meta property=\"og:locale\" content=\"de_DE\" \/>\n<meta property=\"og:type\" content=\"article\" \/>\n<meta property=\"og:title\" content=\"Evolve Powerlfting Bar - 220 cm \/ 20 kg (PL-220) - Evolve\" \/>\n<meta property=\"og:url\" content=\"https:\/\/evolve-fitness.eu\/de\/produkt\/evolve-powerlifiting-bar-220-cm-20-kg\/\" \/>\n<meta property=\"og:site_name\" content=\"Evolve\" \/>\n<meta property=\"article:publisher\" content=\"https:\/\/www.facebook.com\/EvolveFitnessEurope\" \/>\n<meta property=\"article:modified_time\" content=\"2026-04-09T12:23:29+00:00\" \/>\n<meta property=\"og:image\" content=\"https:\/\/evolve-fitness.eu\/wp-content\/uploads\/2025\/01\/Evolve-Powerlifiting-Bar-1-1.png\" \/>\n\t<meta property=\"og:image:width\" content=\"2060\" \/>\n\t<meta property=\"og:image:height\" content=\"1373\" \/>\n\t<meta property=\"og:image:type\" content=\"image\/png\" \/>\n<meta name=\"twitter:card\" content=\"summary_large_image\" \/>\n<script type=\"application\/ld+json\" class=\"yoast-schema-graph\">{\"@context\":\"https:\\\/\\\/schema.org\",\"@graph\":[{\"@type\":\"WebPage\",\"@id\":\"https:\\\/\\\/evolve-fitness.eu\\\/de\\\/produkt\\\/evolve-powerlifiting-bar-220-cm-20-kg\\\/\",\"url\":\"https:\\\/\\\/evolve-fitness.eu\\\/de\\\/produkt\\\/evolve-powerlifiting-bar-220-cm-20-kg\\\/\",\"name\":\"Evolve Powerlfting Bar - 220 cm \\\/ 20 kg (PL-220) - Evolve\",\"isPartOf\":{\"@id\":\"https:\\\/\\\/evolve-fitness.eu\\\/de\\\/#website\"},\"primaryImageOfPage\":{\"@id\":\"https:\\\/\\\/evolve-fitness.eu\\\/de\\\/produkt\\\/evolve-powerlifiting-bar-220-cm-20-kg\\\/#primaryimage\"},\"image\":{\"@id\":\"https:\\\/\\\/evolve-fitness.eu\\\/de\\\/produkt\\\/evolve-powerlifiting-bar-220-cm-20-kg\\\/#primaryimage\"},\"thumbnailUrl\":\"https:\\\/\\\/evolve-fitness.eu\\\/wp-content\\\/uploads\\\/2025\\\/01\\\/Evolve-Powerlifiting-Bar-1-1.png\",\"datePublished\":\"2025-01-14T08:59:38+00:00\",\"dateModified\":\"2026-04-09T12:23:29+00:00\",\"breadcrumb\":{\"@id\":\"https:\\\/\\\/evolve-fitness.eu\\\/de\\\/produkt\\\/evolve-powerlifiting-bar-220-cm-20-kg\\\/#breadcrumb\"},\"inLanguage\":\"de\",\"potentialAction\":[{\"@type\":\"ReadAction\",\"target\":[\"https:\\\/\\\/evolve-fitness.eu\\\/de\\\/produkt\\\/evolve-powerlifiting-bar-220-cm-20-kg\\\/\"]}]},{\"@type\":\"ImageObject\",\"inLanguage\":\"de\",\"@id\":\"https:\\\/\\\/evolve-fitness.eu\\\/de\\\/produkt\\\/evolve-powerlifiting-bar-220-cm-20-kg\\\/#primaryimage\",\"url\":\"https:\\\/\\\/evolve-fitness.eu\\\/wp-content\\\/uploads\\\/2025\\\/01\\\/Evolve-Powerlifiting-Bar-1-1.png\",\"contentUrl\":\"https:\\\/\\\/evolve-fitness.eu\\\/wp-content\\\/uploads\\\/2025\\\/01\\\/Evolve-Powerlifiting-Bar-1-1.png\",\"width\":2060,\"height\":1373},{\"@type\":\"BreadcrumbList\",\"@id\":\"https:\\\/\\\/evolve-fitness.eu\\\/de\\\/produkt\\\/evolve-powerlifiting-bar-220-cm-20-kg\\\/#breadcrumb\",\"itemListElement\":[{\"@type\":\"ListItem\",\"position\":1,\"name\":\"Home\",\"item\":\"https:\\\/\\\/evolve-fitness.eu\\\/de\\\/\"},{\"@type\":\"ListItem\",\"position\":2,\"name\":\"Produkte\",\"item\":\"https:\\\/\\\/evolve-fitness.eu\\\/de\\\/shop\\\/\"},{\"@type\":\"ListItem\",\"position\":3,\"name\":\"Evolve Powerlfting Bar &#8211; 220 cm \\\/ 20 kg (PL-220)\"}]},{\"@type\":\"WebSite\",\"@id\":\"https:\\\/\\\/evolve-fitness.eu\\\/de\\\/#website\",\"url\":\"https:\\\/\\\/evolve-fitness.eu\\\/de\\\/\",\"name\":\"Evolve\",\"description\":\"Your Evolved Gear Arrived\",\"publisher\":{\"@id\":\"https:\\\/\\\/evolve-fitness.eu\\\/de\\\/#organization\"},\"potentialAction\":[{\"@type\":\"SearchAction\",\"target\":{\"@type\":\"EntryPoint\",\"urlTemplate\":\"https:\\\/\\\/evolve-fitness.eu\\\/de\\\/?s={search_term_string}\"},\"query-input\":{\"@type\":\"PropertyValueSpecification\",\"valueRequired\":true,\"valueName\":\"search_term_string\"}}],\"inLanguage\":\"de\"},{\"@type\":\"Organization\",\"@id\":\"https:\\\/\\\/evolve-fitness.eu\\\/de\\\/#organization\",\"name\":\"Evolve\",\"url\":\"https:\\\/\\\/evolve-fitness.eu\\\/de\\\/\",\"logo\":{\"@type\":\"ImageObject\",\"inLanguage\":\"de\",\"@id\":\"https:\\\/\\\/evolve-fitness.eu\\\/de\\\/#\\\/schema\\\/logo\\\/image\\\/\",\"url\":\"https:\\\/\\\/evolve-fitness.eu\\\/wp-content\\\/uploads\\\/2023\\\/05\\\/Evolve-logo.svg\",\"contentUrl\":\"https:\\\/\\\/evolve-fitness.eu\\\/wp-content\\\/uploads\\\/2023\\\/05\\\/Evolve-logo.svg\",\"width\":176,\"height\":20,\"caption\":\"Evolve\"},\"image\":{\"@id\":\"https:\\\/\\\/evolve-fitness.eu\\\/de\\\/#\\\/schema\\\/logo\\\/image\\\/\"},\"sameAs\":[\"https:\\\/\\\/www.facebook.com\\\/EvolveFitnessEurope\"]}]}<\/script>\n<!-- \/ Yoast SEO plugin. -->","yoast_head_json":{"title":"Evolve Powerlfting Bar - 220 cm \/ 20 kg (PL-220) - Evolve","robots":{"index":"index","follow":"follow","max-snippet":"max-snippet:-1","max-image-preview":"max-image-preview:large","max-video-preview":"max-video-preview:-1"},"canonical":"https:\/\/evolve-fitness.eu\/de\/produkt\/evolve-powerlifiting-bar-220-cm-20-kg\/","og_locale":"de_DE","og_type":"article","og_title":"Evolve Powerlfting Bar - 220 cm \/ 20 kg (PL-220) - Evolve","og_url":"https:\/\/evolve-fitness.eu\/de\/produkt\/evolve-powerlifiting-bar-220-cm-20-kg\/","og_site_name":"Evolve","article_publisher":"https:\/\/www.facebook.com\/EvolveFitnessEurope","article_modified_time":"2026-04-09T12:23:29+00:00","og_image":[{"width":2060,"height":1373,"url":"https:\/\/evolve-fitness.eu\/wp-content\/uploads\/2025\/01\/Evolve-Powerlifiting-Bar-1-1.png","type":"image\/png"}],"twitter_card":"summary_large_image","schema":{"@context":"https:\/\/schema.org","@graph":[{"@type":"WebPage","@id":"https:\/\/evolve-fitness.eu\/de\/produkt\/evolve-powerlifiting-bar-220-cm-20-kg\/","url":"https:\/\/evolve-fitness.eu\/de\/produkt\/evolve-powerlifiting-bar-220-cm-20-kg\/","name":"Evolve Powerlfting Bar - 220 cm \/ 20 kg (PL-220) - Evolve","isPartOf":{"@id":"https:\/\/evolve-fitness.eu\/de\/#website"},"primaryImageOfPage":{"@id":"https:\/\/evolve-fitness.eu\/de\/produkt\/evolve-powerlifiting-bar-220-cm-20-kg\/#primaryimage"},"image":{"@id":"https:\/\/evolve-fitness.eu\/de\/produkt\/evolve-powerlifiting-bar-220-cm-20-kg\/#primaryimage"},"thumbnailUrl":"https:\/\/evolve-fitness.eu\/wp-content\/uploads\/2025\/01\/Evolve-Powerlifiting-Bar-1-1.png","datePublished":"2025-01-14T08:59:38+00:00","dateModified":"2026-04-09T12:23:29+00:00","breadcrumb":{"@id":"https:\/\/evolve-fitness.eu\/de\/produkt\/evolve-powerlifiting-bar-220-cm-20-kg\/#breadcrumb"},"inLanguage":"de","potentialAction":[{"@type":"ReadAction","target":["https:\/\/evolve-fitness.eu\/de\/produkt\/evolve-powerlifiting-bar-220-cm-20-kg\/"]}]},{"@type":"ImageObject","inLanguage":"de","@id":"https:\/\/evolve-fitness.eu\/de\/produkt\/evolve-powerlifiting-bar-220-cm-20-kg\/#primaryimage","url":"https:\/\/evolve-fitness.eu\/wp-content\/uploads\/2025\/01\/Evolve-Powerlifiting-Bar-1-1.png","contentUrl":"https:\/\/evolve-fitness.eu\/wp-content\/uploads\/2025\/01\/Evolve-Powerlifiting-Bar-1-1.png","width":2060,"height":1373},{"@type":"BreadcrumbList","@id":"https:\/\/evolve-fitness.eu\/de\/produkt\/evolve-powerlifiting-bar-220-cm-20-kg\/#breadcrumb","itemListElement":[{"@type":"ListItem","position":1,"name":"Home","item":"https:\/\/evolve-fitness.eu\/de\/"},{"@type":"ListItem","position":2,"name":"Produkte","item":"https:\/\/evolve-fitness.eu\/de\/shop\/"},{"@type":"ListItem","position":3,"name":"Evolve Powerlfting Bar &#8211; 220 cm \/ 20 kg (PL-220)"}]},{"@type":"WebSite","@id":"https:\/\/evolve-fitness.eu\/de\/#website","url":"https:\/\/evolve-fitness.eu\/de\/","name":"Evolve","description":"Your Evolved Gear Arrived","publisher":{"@id":"https:\/\/evolve-fitness.eu\/de\/#organization"},"potentialAction":[{"@type":"SearchAction","target":{"@type":"EntryPoint","urlTemplate":"https:\/\/evolve-fitness.eu\/de\/?s={search_term_string}"},"query-input":{"@type":"PropertyValueSpecification","valueRequired":true,"valueName":"search_term_string"}}],"inLanguage":"de"},{"@type":"Organization","@id":"https:\/\/evolve-fitness.eu\/de\/#organization","name":"Evolve","url":"https:\/\/evolve-fitness.eu\/de\/","logo":{"@type":"ImageObject","inLanguage":"de","@id":"https:\/\/evolve-fitness.eu\/de\/#\/schema\/logo\/image\/","url":"https:\/\/evolve-fitness.eu\/wp-content\/uploads\/2023\/05\/Evolve-logo.svg","contentUrl":"https:\/\/evolve-fitness.eu\/wp-content\/uploads\/2023\/05\/Evolve-logo.svg","width":176,"height":20,"caption":"Evolve"},"image":{"@id":"https:\/\/evolve-fitness.eu\/de\/#\/schema\/logo\/image\/"},"sameAs":["https:\/\/www.facebook.com\/EvolveFitnessEurope"]}]}},"_links":{"self":[{"href":"https:\/\/evolve-fitness.eu\/de\/wp-json\/wp\/v2\/product\/173333","targetHints":{"allow":["GET"]}}],"collection":[{"href":"https:\/\/evolve-fitness.eu\/de\/wp-json\/wp\/v2\/product"}],"about":[{"href":"https:\/\/evolve-fitness.eu\/de\/wp-json\/wp\/v2\/types\/product"}],"wp:featuredmedia":[{"embeddable":true,"href":"https:\/\/evolve-fitness.eu\/de\/wp-json\/wp\/v2\/media\/173187"}],"wp:attachment":[{"href":"https:\/\/evolve-fitness.eu\/de\/wp-json\/wp\/v2\/media?parent=173333"}],"wp:term":[{"taxonomy":"product_brand","embeddable":true,"href":"https:\/\/evolve-fitness.eu\/de\/wp-json\/wp\/v2\/product_brand?post=173333"},{"taxonomy":"product_cat","embeddable":true,"href":"https:\/\/evolve-fitness.eu\/de\/wp-json\/wp\/v2\/product_cat?post=173333"},{"taxonomy":"product_tag","embeddable":true,"href":"https:\/\/evolve-fitness.eu\/de\/wp-json\/wp\/v2\/product_tag?post=173333"}],"curies":[{"name":"wp","href":"https:\/\/api.w.org\/{rel}","templated":true}]}}