{"id":208770,"date":"2025-09-24T07:42:33","date_gmt":"2025-09-24T07:42:33","guid":{"rendered":"https:\/\/evolve-fitness.eu\/?post_type=product&#038;p=208770"},"modified":"2026-04-09T15:50:22","modified_gmt":"2026-04-09T12:50:22","slug":"evolve-fixed-barbells-rack-10-stuck-copy-copy-copy","status":"publish","type":"product","link":"https:\/\/evolve-fitness.eu\/de\/produkt\/evolve-fixed-barbells-rack-10-stuck-copy-copy-copy\/","title":{"rendered":"Evolve Band- und G\u00fcrtelaufh\u00e4nger (BB-005)"},"content":{"rendered":"\n<section class=\"wp-block-group alignfull black-content has-white-color has-darkgray-background-color has-text-color has-background is-layout-constrained wp-block-group-is-layout-constrained\" style=\"padding-top:var(--wp--preset--spacing--section-bottom);padding-bottom:var(--wp--preset--spacing--section-bottom)\">\n<div class=\"wp-block-columns alignwide mobile-reverse is-layout-flex wp-container-core-columns-is-layout-ca64bf2d wp-block-columns-is-layout-flex\" style=\"margin-bottom:var(--wp--preset--spacing--side-padding)\">\n<div class=\"wp-block-column is-vertically-aligned-center is-layout-flow wp-block-column-is-layout-flow\">\n<h3 class=\"wp-block-heading\" style=\"margin-bottom:var(--wp--preset--spacing--h-3-bottom)\"><strong><strong><strong><strong><strong><strong><strong><strong><strong>KOMPAKTE UND PRAKTISCHE AUFBEWAHRUNGSL\u00d6SUNG<\/strong><\/strong><\/strong><\/strong><\/strong><\/strong><\/strong><\/strong><\/strong><\/h3>\n\n\n\n<p>Der Evolve Band- und G\u00fcrtelaufh\u00e4nger wurde entwickelt, um eine einfache und effiziente M\u00f6glichkeit zu bieten, Widerstandsb\u00e4nder, Hebeg\u00fcrtel und anderes Fitnessstudiozubeh\u00f6r zu organisieren. Mit seinem wandmontierten Design und mehreren abgewinkelten Haken h\u00e4lt er die Ausr\u00fcstung vom Boden fern und sorgt f\u00fcr einen sauberen und besser zug\u00e4nglichen Trainingsbereich. <\/p>\n<\/div>\n\n\n\n<div class=\"wp-block-column is-vertically-aligned-center is-layout-flow wp-block-column-is-layout-flow\">\n<figure class=\"wp-block-image size-full is-resized\"><img loading=\"lazy\" decoding=\"async\" width=\"600\" height=\"450\" src=\"https:\/\/evolve-fitness.eu\/wp-content\/uploads\/2025\/09\/Dizainas-be-pavadinimo-6-1.png\" alt=\"\" class=\"wp-image-208815\" style=\"width:660px;height:auto\" srcset=\"https:\/\/evolve-fitness.eu\/wp-content\/uploads\/2025\/09\/Dizainas-be-pavadinimo-6-1.png 600w, https:\/\/evolve-fitness.eu\/wp-content\/uploads\/2025\/09\/Dizainas-be-pavadinimo-6-1-300x225.png 300w, https:\/\/evolve-fitness.eu\/wp-content\/uploads\/2025\/09\/Dizainas-be-pavadinimo-6-1-150x113.png 150w, https:\/\/evolve-fitness.eu\/wp-content\/uploads\/2025\/09\/Dizainas-be-pavadinimo-6-1-200x150.png 200w\" sizes=\"auto, (max-width: 600px) 100vw, 600px\" \/><\/figure>\n<\/div>\n<\/div>\n\n\n\n<div class=\"wp-block-columns alignwide is-layout-flex wp-container-core-columns-is-layout-c45ee707 wp-block-columns-is-layout-flex\" style=\"margin-bottom:var(--wp--preset--spacing--side-padding);padding-top:var(--wp--preset--spacing--side-padding)\">\n<div class=\"wp-block-column is-vertically-aligned-center is-layout-flow wp-block-column-is-layout-flow\">\n<figure class=\"wp-block-image size-full\"><img loading=\"lazy\" decoding=\"async\" width=\"600\" height=\"450\" src=\"https:\/\/evolve-fitness.eu\/wp-content\/uploads\/2025\/09\/Dizainas-be-pavadinimo-6-2.png\" alt=\"\" class=\"wp-image-208840\" srcset=\"https:\/\/evolve-fitness.eu\/wp-content\/uploads\/2025\/09\/Dizainas-be-pavadinimo-6-2.png 600w, https:\/\/evolve-fitness.eu\/wp-content\/uploads\/2025\/09\/Dizainas-be-pavadinimo-6-2-300x225.png 300w, https:\/\/evolve-fitness.eu\/wp-content\/uploads\/2025\/09\/Dizainas-be-pavadinimo-6-2-150x113.png 150w, https:\/\/evolve-fitness.eu\/wp-content\/uploads\/2025\/09\/Dizainas-be-pavadinimo-6-2-200x150.png 200w\" sizes=\"auto, (max-width: 600px) 100vw, 600px\" \/><\/figure>\n<\/div>\n\n\n\n<div class=\"wp-block-column is-vertically-aligned-center is-layout-constrained wp-block-column-is-layout-constrained\">\n<h3 class=\"wp-block-heading\" style=\"margin-bottom:var(--wp--preset--spacing--h-3-bottom)\"><strong><strong><strong><strong><strong><strong><strong><strong><strong>LANGLEBIGER STAHL MIT FUNKTIONELLEM DESIGN<\/strong><\/strong><\/strong><\/strong><\/strong><\/strong><\/strong><\/strong><\/strong><\/h3>\n\n\n\n<p>Der aus robustem Stahl gefertigte und mit einer sch\u00fctzenden schwarzen Pulverbeschichtung versehene Kleiderb\u00fcgel ist f\u00fcr den regelm\u00e4\u00dfigen Gebrauch ausgelegt und beh\u00e4lt dabei sein elegantes Aussehen. Seine abgewinkelten Haken bieten zuverl\u00e4ssigen Halt f\u00fcr verschiedenes Zubeh\u00f6r, w\u00e4hrend die vorgebohrten L\u00f6cher eine schnelle und sichere Wandmontage erm\u00f6glichen. Durch die Kombination von St\u00e4rke und Zweckm\u00e4\u00dfigkeit ist er eine ideale L\u00f6sung f\u00fcr die professionelle Organisation des Fitnessstudios.  <br\/><\/p>\n<\/div>\n<\/div>\n\n\n\n<p class=\"has-text-align-center has-medium-2-font-size\" style=\"padding-top:var(--wp--preset--spacing--tb-padding);padding-bottom:var(--wp--preset--spacing--tb-padding)\"><\/p>\n<\/section>\n","protected":false},"excerpt":{"rendered":"<p>Der Evolve Band- und G\u00fcrtelaufh\u00e4nger, EV- ST-BB-005, bietet eine praktische und platzsparende M\u00f6glichkeit, wichtiges Trainingszubeh\u00f6r in jedem Fitnessstudio aufzubewahren. Er ist aus hochwertigem, pulverbeschichtetem Stahl gefertigt und garantiert Langlebigkeit und langfristige Widerstandsf\u00e4higkeit. Der Kleiderb\u00fcgel ist mit mehreren Haken ausgestattet und bietet Platz f\u00fcr Widerstandsb\u00e4nder, Hebegurte und andere Trainingsutensilien, so dass diese geordnet und leicht erreichbar sind. Sein schlankes Design mit dem Evolve-Logo verleiht ihm ein professionelles Aussehen und tr\u00e4gt zu einer aufger\u00e4umten und effizienten Trainingsumgebung bei.  <\/p>\n","protected":false},"featured_media":208799,"template":"","meta":{"_acf_changed":false,"inline_featured_image":false},"product_brand":[],"product_cat":[385,826],"product_tag":[],"class_list":{"0":"post-208770","1":"product","2":"type-product","3":"status-publish","4":"has-post-thumbnail","6":"product_cat-freie-gewichte","7":"product_cat-regale-und-lagerlosungen","9":"first","10":"instock","11":"shipping-taxable","12":"purchasable","13":"product-type-simple"},"acf":{"long_title":"Evolve Band- und G\u00fcrtelaufh\u00e4nger (BB-005)","subtitle":"","specifications":[{"label":"SKU","text_value":"EV-ST-BB-005","icon":"x"},{"label":"Abmessungen","text_value":"600 x 160 x 90 mm","icon":"x"},{"label":"Gewicht","text_value":"2,40 kg","icon":"x"},{"label":"Garantie","text_value":"2 Jahre","icon":"x"}]},"yoast_head":"<!-- This site is optimized with the Yoast SEO plugin v27.4 - https:\/\/yoast.com\/product\/yoast-seo-wordpress\/ -->\n<title>Evolve Band- und G\u00fcrtelaufh\u00e4nger (BB-005) - Evolve<\/title>\n<meta name=\"description\" content=\"Der Evolve Band- und G\u00fcrtelaufh\u00e4nger, EV- ST-BB-005, bietet eine praktische und platzsparende M\u00f6glichkeit, wichtiges Trainingszubeh\u00f6r in jedem Fitnessstudio aufzubewahren.\" \/>\n<meta name=\"robots\" content=\"index, follow, max-snippet:-1, max-image-preview:large, max-video-preview:-1\" \/>\n<link rel=\"canonical\" href=\"https:\/\/evolve-fitness.eu\/de\/produkt\/evolve-fixed-barbells-rack-10-stuck-copy-copy-copy\/\" \/>\n<meta property=\"og:locale\" content=\"de_DE\" \/>\n<meta property=\"og:type\" content=\"article\" \/>\n<meta property=\"og:title\" content=\"Evolve Band- und G\u00fcrtelaufh\u00e4nger (BB-005) - Evolve\" \/>\n<meta property=\"og:description\" content=\"Der Evolve Band- und G\u00fcrtelaufh\u00e4nger, EV- ST-BB-005, bietet eine praktische und platzsparende M\u00f6glichkeit, wichtiges Trainingszubeh\u00f6r in jedem Fitnessstudio aufzubewahren.\" \/>\n<meta property=\"og:url\" content=\"https:\/\/evolve-fitness.eu\/de\/produkt\/evolve-fixed-barbells-rack-10-stuck-copy-copy-copy\/\" \/>\n<meta property=\"og:site_name\" content=\"Evolve\" \/>\n<meta property=\"article:publisher\" content=\"https:\/\/www.facebook.com\/EvolveFitnessEurope\" \/>\n<meta property=\"article:modified_time\" content=\"2026-04-09T12:50:22+00:00\" \/>\n<meta property=\"og:image\" content=\"https:\/\/evolve-fitness.eu\/wp-content\/uploads\/2025\/09\/Dizainas-be-pavadinimo-6.png\" \/>\n\t<meta property=\"og:image:width\" content=\"600\" \/>\n\t<meta property=\"og:image:height\" content=\"450\" \/>\n\t<meta property=\"og:image:type\" content=\"image\/png\" \/>\n<meta name=\"twitter:card\" content=\"summary_large_image\" \/>\n<script type=\"application\/ld+json\" class=\"yoast-schema-graph\">{\"@context\":\"https:\\\/\\\/schema.org\",\"@graph\":[{\"@type\":\"WebPage\",\"@id\":\"https:\\\/\\\/evolve-fitness.eu\\\/de\\\/produkt\\\/evolve-fixed-barbells-rack-10-stuck-copy-copy-copy\\\/\",\"url\":\"https:\\\/\\\/evolve-fitness.eu\\\/de\\\/produkt\\\/evolve-fixed-barbells-rack-10-stuck-copy-copy-copy\\\/\",\"name\":\"Evolve Band- und G\u00fcrtelaufh\u00e4nger (BB-005) - Evolve\",\"isPartOf\":{\"@id\":\"https:\\\/\\\/evolve-fitness.eu\\\/de\\\/#website\"},\"primaryImageOfPage\":{\"@id\":\"https:\\\/\\\/evolve-fitness.eu\\\/de\\\/produkt\\\/evolve-fixed-barbells-rack-10-stuck-copy-copy-copy\\\/#primaryimage\"},\"image\":{\"@id\":\"https:\\\/\\\/evolve-fitness.eu\\\/de\\\/produkt\\\/evolve-fixed-barbells-rack-10-stuck-copy-copy-copy\\\/#primaryimage\"},\"thumbnailUrl\":\"https:\\\/\\\/evolve-fitness.eu\\\/wp-content\\\/uploads\\\/2025\\\/09\\\/Dizainas-be-pavadinimo-6.png\",\"datePublished\":\"2025-09-24T07:42:33+00:00\",\"dateModified\":\"2026-04-09T12:50:22+00:00\",\"description\":\"Der Evolve Band- und G\u00fcrtelaufh\u00e4nger, EV- ST-BB-005, bietet eine praktische und platzsparende M\u00f6glichkeit, wichtiges Trainingszubeh\u00f6r in jedem Fitnessstudio aufzubewahren.\",\"breadcrumb\":{\"@id\":\"https:\\\/\\\/evolve-fitness.eu\\\/de\\\/produkt\\\/evolve-fixed-barbells-rack-10-stuck-copy-copy-copy\\\/#breadcrumb\"},\"inLanguage\":\"de\",\"potentialAction\":[{\"@type\":\"ReadAction\",\"target\":[\"https:\\\/\\\/evolve-fitness.eu\\\/de\\\/produkt\\\/evolve-fixed-barbells-rack-10-stuck-copy-copy-copy\\\/\"]}]},{\"@type\":\"ImageObject\",\"inLanguage\":\"de\",\"@id\":\"https:\\\/\\\/evolve-fitness.eu\\\/de\\\/produkt\\\/evolve-fixed-barbells-rack-10-stuck-copy-copy-copy\\\/#primaryimage\",\"url\":\"https:\\\/\\\/evolve-fitness.eu\\\/wp-content\\\/uploads\\\/2025\\\/09\\\/Dizainas-be-pavadinimo-6.png\",\"contentUrl\":\"https:\\\/\\\/evolve-fitness.eu\\\/wp-content\\\/uploads\\\/2025\\\/09\\\/Dizainas-be-pavadinimo-6.png\",\"width\":600,\"height\":450},{\"@type\":\"BreadcrumbList\",\"@id\":\"https:\\\/\\\/evolve-fitness.eu\\\/de\\\/produkt\\\/evolve-fixed-barbells-rack-10-stuck-copy-copy-copy\\\/#breadcrumb\",\"itemListElement\":[{\"@type\":\"ListItem\",\"position\":1,\"name\":\"Home\",\"item\":\"https:\\\/\\\/evolve-fitness.eu\\\/de\\\/\"},{\"@type\":\"ListItem\",\"position\":2,\"name\":\"Produkte\",\"item\":\"https:\\\/\\\/evolve-fitness.eu\\\/de\\\/shop\\\/\"},{\"@type\":\"ListItem\",\"position\":3,\"name\":\"Evolve Band- und G\u00fcrtelaufh\u00e4nger (BB-005)\"}]},{\"@type\":\"WebSite\",\"@id\":\"https:\\\/\\\/evolve-fitness.eu\\\/de\\\/#website\",\"url\":\"https:\\\/\\\/evolve-fitness.eu\\\/de\\\/\",\"name\":\"Evolve\",\"description\":\"Your Evolved Gear Arrived\",\"publisher\":{\"@id\":\"https:\\\/\\\/evolve-fitness.eu\\\/de\\\/#organization\"},\"potentialAction\":[{\"@type\":\"SearchAction\",\"target\":{\"@type\":\"EntryPoint\",\"urlTemplate\":\"https:\\\/\\\/evolve-fitness.eu\\\/de\\\/?s={search_term_string}\"},\"query-input\":{\"@type\":\"PropertyValueSpecification\",\"valueRequired\":true,\"valueName\":\"search_term_string\"}}],\"inLanguage\":\"de\"},{\"@type\":\"Organization\",\"@id\":\"https:\\\/\\\/evolve-fitness.eu\\\/de\\\/#organization\",\"name\":\"Evolve\",\"url\":\"https:\\\/\\\/evolve-fitness.eu\\\/de\\\/\",\"logo\":{\"@type\":\"ImageObject\",\"inLanguage\":\"de\",\"@id\":\"https:\\\/\\\/evolve-fitness.eu\\\/de\\\/#\\\/schema\\\/logo\\\/image\\\/\",\"url\":\"https:\\\/\\\/evolve-fitness.eu\\\/wp-content\\\/uploads\\\/2023\\\/05\\\/Evolve-logo.svg\",\"contentUrl\":\"https:\\\/\\\/evolve-fitness.eu\\\/wp-content\\\/uploads\\\/2023\\\/05\\\/Evolve-logo.svg\",\"width\":176,\"height\":20,\"caption\":\"Evolve\"},\"image\":{\"@id\":\"https:\\\/\\\/evolve-fitness.eu\\\/de\\\/#\\\/schema\\\/logo\\\/image\\\/\"},\"sameAs\":[\"https:\\\/\\\/www.facebook.com\\\/EvolveFitnessEurope\"]}]}<\/script>\n<!-- \/ Yoast SEO plugin. -->","yoast_head_json":{"title":"Evolve Band- und G\u00fcrtelaufh\u00e4nger (BB-005) - Evolve","description":"Der Evolve Band- und G\u00fcrtelaufh\u00e4nger, EV- ST-BB-005, bietet eine praktische und platzsparende M\u00f6glichkeit, wichtiges Trainingszubeh\u00f6r in jedem Fitnessstudio aufzubewahren.","robots":{"index":"index","follow":"follow","max-snippet":"max-snippet:-1","max-image-preview":"max-image-preview:large","max-video-preview":"max-video-preview:-1"},"canonical":"https:\/\/evolve-fitness.eu\/de\/produkt\/evolve-fixed-barbells-rack-10-stuck-copy-copy-copy\/","og_locale":"de_DE","og_type":"article","og_title":"Evolve Band- und G\u00fcrtelaufh\u00e4nger (BB-005) - Evolve","og_description":"Der Evolve Band- und G\u00fcrtelaufh\u00e4nger, EV- ST-BB-005, bietet eine praktische und platzsparende M\u00f6glichkeit, wichtiges Trainingszubeh\u00f6r in jedem Fitnessstudio aufzubewahren.","og_url":"https:\/\/evolve-fitness.eu\/de\/produkt\/evolve-fixed-barbells-rack-10-stuck-copy-copy-copy\/","og_site_name":"Evolve","article_publisher":"https:\/\/www.facebook.com\/EvolveFitnessEurope","article_modified_time":"2026-04-09T12:50:22+00:00","og_image":[{"width":600,"height":450,"url":"https:\/\/evolve-fitness.eu\/wp-content\/uploads\/2025\/09\/Dizainas-be-pavadinimo-6.png","type":"image\/png"}],"twitter_card":"summary_large_image","schema":{"@context":"https:\/\/schema.org","@graph":[{"@type":"WebPage","@id":"https:\/\/evolve-fitness.eu\/de\/produkt\/evolve-fixed-barbells-rack-10-stuck-copy-copy-copy\/","url":"https:\/\/evolve-fitness.eu\/de\/produkt\/evolve-fixed-barbells-rack-10-stuck-copy-copy-copy\/","name":"Evolve Band- und G\u00fcrtelaufh\u00e4nger (BB-005) - Evolve","isPartOf":{"@id":"https:\/\/evolve-fitness.eu\/de\/#website"},"primaryImageOfPage":{"@id":"https:\/\/evolve-fitness.eu\/de\/produkt\/evolve-fixed-barbells-rack-10-stuck-copy-copy-copy\/#primaryimage"},"image":{"@id":"https:\/\/evolve-fitness.eu\/de\/produkt\/evolve-fixed-barbells-rack-10-stuck-copy-copy-copy\/#primaryimage"},"thumbnailUrl":"https:\/\/evolve-fitness.eu\/wp-content\/uploads\/2025\/09\/Dizainas-be-pavadinimo-6.png","datePublished":"2025-09-24T07:42:33+00:00","dateModified":"2026-04-09T12:50:22+00:00","description":"Der Evolve Band- und G\u00fcrtelaufh\u00e4nger, EV- ST-BB-005, bietet eine praktische und platzsparende M\u00f6glichkeit, wichtiges Trainingszubeh\u00f6r in jedem Fitnessstudio aufzubewahren.","breadcrumb":{"@id":"https:\/\/evolve-fitness.eu\/de\/produkt\/evolve-fixed-barbells-rack-10-stuck-copy-copy-copy\/#breadcrumb"},"inLanguage":"de","potentialAction":[{"@type":"ReadAction","target":["https:\/\/evolve-fitness.eu\/de\/produkt\/evolve-fixed-barbells-rack-10-stuck-copy-copy-copy\/"]}]},{"@type":"ImageObject","inLanguage":"de","@id":"https:\/\/evolve-fitness.eu\/de\/produkt\/evolve-fixed-barbells-rack-10-stuck-copy-copy-copy\/#primaryimage","url":"https:\/\/evolve-fitness.eu\/wp-content\/uploads\/2025\/09\/Dizainas-be-pavadinimo-6.png","contentUrl":"https:\/\/evolve-fitness.eu\/wp-content\/uploads\/2025\/09\/Dizainas-be-pavadinimo-6.png","width":600,"height":450},{"@type":"BreadcrumbList","@id":"https:\/\/evolve-fitness.eu\/de\/produkt\/evolve-fixed-barbells-rack-10-stuck-copy-copy-copy\/#breadcrumb","itemListElement":[{"@type":"ListItem","position":1,"name":"Home","item":"https:\/\/evolve-fitness.eu\/de\/"},{"@type":"ListItem","position":2,"name":"Produkte","item":"https:\/\/evolve-fitness.eu\/de\/shop\/"},{"@type":"ListItem","position":3,"name":"Evolve Band- und G\u00fcrtelaufh\u00e4nger (BB-005)"}]},{"@type":"WebSite","@id":"https:\/\/evolve-fitness.eu\/de\/#website","url":"https:\/\/evolve-fitness.eu\/de\/","name":"Evolve","description":"Your Evolved Gear Arrived","publisher":{"@id":"https:\/\/evolve-fitness.eu\/de\/#organization"},"potentialAction":[{"@type":"SearchAction","target":{"@type":"EntryPoint","urlTemplate":"https:\/\/evolve-fitness.eu\/de\/?s={search_term_string}"},"query-input":{"@type":"PropertyValueSpecification","valueRequired":true,"valueName":"search_term_string"}}],"inLanguage":"de"},{"@type":"Organization","@id":"https:\/\/evolve-fitness.eu\/de\/#organization","name":"Evolve","url":"https:\/\/evolve-fitness.eu\/de\/","logo":{"@type":"ImageObject","inLanguage":"de","@id":"https:\/\/evolve-fitness.eu\/de\/#\/schema\/logo\/image\/","url":"https:\/\/evolve-fitness.eu\/wp-content\/uploads\/2023\/05\/Evolve-logo.svg","contentUrl":"https:\/\/evolve-fitness.eu\/wp-content\/uploads\/2023\/05\/Evolve-logo.svg","width":176,"height":20,"caption":"Evolve"},"image":{"@id":"https:\/\/evolve-fitness.eu\/de\/#\/schema\/logo\/image\/"},"sameAs":["https:\/\/www.facebook.com\/EvolveFitnessEurope"]}]}},"_links":{"self":[{"href":"https:\/\/evolve-fitness.eu\/de\/wp-json\/wp\/v2\/product\/208770","targetHints":{"allow":["GET"]}}],"collection":[{"href":"https:\/\/evolve-fitness.eu\/de\/wp-json\/wp\/v2\/product"}],"about":[{"href":"https:\/\/evolve-fitness.eu\/de\/wp-json\/wp\/v2\/types\/product"}],"wp:featuredmedia":[{"embeddable":true,"href":"https:\/\/evolve-fitness.eu\/de\/wp-json\/wp\/v2\/media\/208799"}],"wp:attachment":[{"href":"https:\/\/evolve-fitness.eu\/de\/wp-json\/wp\/v2\/media?parent=208770"}],"wp:term":[{"taxonomy":"product_brand","embeddable":true,"href":"https:\/\/evolve-fitness.eu\/de\/wp-json\/wp\/v2\/product_brand?post=208770"},{"taxonomy":"product_cat","embeddable":true,"href":"https:\/\/evolve-fitness.eu\/de\/wp-json\/wp\/v2\/product_cat?post=208770"},{"taxonomy":"product_tag","embeddable":true,"href":"https:\/\/evolve-fitness.eu\/de\/wp-json\/wp\/v2\/product_tag?post=208770"}],"curies":[{"name":"wp","href":"https:\/\/api.w.org\/{rel}","templated":true}]}}