{"id":227707,"date":"2025-10-24T14:27:58","date_gmt":"2025-10-24T11:27:58","guid":{"rendered":"https:\/\/evolve-fitness.eu\/product\/evolve-prime-serie-pilates-reformer-pr-020\/"},"modified":"2026-04-01T09:15:39","modified_gmt":"2026-04-01T06:15:39","slug":"evolve-prime-serie-pilates-reformer-pr-020","status":"publish","type":"product","link":"https:\/\/evolve-fitness.eu\/de\/produkt\/evolve-prime-serie-pilates-reformer-pr-020\/","title":{"rendered":"Evolve Prime Serie Pilates-Reformer (PR-020)"},"content":{"rendered":"\n<section class=\"wp-block-group alignfull black-content has-white-color has-darkgray-background-color has-text-color has-background is-layout-constrained wp-block-group-is-layout-constrained\" style=\"padding-top:var(--wp--preset--spacing--section-bottom);padding-bottom:var(--wp--preset--spacing--section-bottom)\">\n<section class=\"wp-block-group alignfull black-content has-white-color has-darkgray-background-color has-text-color has-background is-layout-constrained wp-block-group-is-layout-constrained\" style=\"margin-bottom:0;padding-top:var(--wp--preset--spacing--tb-padding);padding-bottom:var(--wp--preset--spacing--tb-padding)\">\n<div class=\"wp-block-columns alignwide mobile-reverse is-layout-flex wp-container-core-columns-is-layout-7a02faa9 wp-block-columns-is-layout-flex\" style=\"margin-bottom:var(--wp--preset--spacing--tb-section-padding)\">\n<div class=\"wp-block-column is-vertically-aligned-center is-layout-flow wp-block-column-is-layout-flow\">\n<h3 class=\"wp-block-heading\" style=\"margin-bottom:var(--wp--preset--spacing--h-3-bottom)\"><strong><strong><strong><strong><strong><strong><strong><strong>Pr\u00e4zisionstechnik f\u00fcr professionelle Pilates-Studios und hochwertige Fitnessstudios f\u00fcr zu Hause<\/strong><\/strong><\/strong><\/strong><\/strong><\/strong><\/strong><\/strong><\/h3>\n\n\n\n<p>Der Evolve Prime Series Pilates Reformer wurde f\u00fcr diejenigen entwickelt, die bei jedem Training Wert auf reibungslose Bewegungen, pr\u00e4zise Kontrolle und lange Haltbarkeit legen. Mit seinem robusten Stahlrahmen und den ausgefeilten mechanischen Komponenten bietet dieser Reformer Anf\u00e4ngern und Fortgeschrittenen gleicherma\u00dfen ein stabiles, leises und reaktionsschnelles Trainingserlebnis. <\/p>\n\n\n\n<p>Jedes Detail wurde entwickelt, um eine fl\u00fcssige Bewegung, eine korrekte Ausrichtung und eine vollst\u00e4ndige K\u00f6rperanpassung zu unterst\u00fctzen &#8211; vom ultra-glatten Schlitten bis hin zum sorgf\u00e4ltig kalibrierten Federsystem.<\/p>\n<\/div>\n\n\n\n<div class=\"wp-block-column is-vertically-aligned-center is-layout-flow wp-block-column-is-layout-flow\">\n<figure class=\"wp-block-image size-full\"><img loading=\"lazy\" decoding=\"async\" width=\"810\" height=\"1013\" src=\"https:\/\/evolve-fitness.eu\/wp-content\/uploads\/2025\/10\/EV-PR-PR-020-3.png\" alt=\"\" class=\"wp-image-227599\" srcset=\"https:\/\/evolve-fitness.eu\/wp-content\/uploads\/2025\/10\/EV-PR-PR-020-3.png 810w, https:\/\/evolve-fitness.eu\/wp-content\/uploads\/2025\/10\/EV-PR-PR-020-3-240x300.png 240w, https:\/\/evolve-fitness.eu\/wp-content\/uploads\/2025\/10\/EV-PR-PR-020-3-120x150.png 120w, https:\/\/evolve-fitness.eu\/wp-content\/uploads\/2025\/10\/EV-PR-PR-020-3-768x960.png 768w, https:\/\/evolve-fitness.eu\/wp-content\/uploads\/2025\/10\/EV-PR-PR-020-3-300x375.png 300w, https:\/\/evolve-fitness.eu\/wp-content\/uploads\/2025\/10\/EV-PR-PR-020-3-600x750.png 600w\" sizes=\"auto, (max-width: 810px) 100vw, 810px\" \/><\/figure>\n<\/div>\n<\/div>\n\n\n\n<div class=\"wp-block-columns alignwide mobile-reverse is-layout-flex wp-container-core-columns-is-layout-035fa626 wp-block-columns-is-layout-flex\" style=\"margin-bottom:var(--wp--preset--spacing--side-padding);padding-top:var(--wp--preset--spacing--tb-padding);padding-bottom:var(--wp--preset--spacing--tb-padding)\">\n<div class=\"wp-block-column is-vertically-aligned-center is-layout-flow wp-block-column-is-layout-flow\">\n<figure class=\"wp-block-image size-full\"><img loading=\"lazy\" decoding=\"async\" width=\"810\" height=\"1013\" src=\"https:\/\/evolve-fitness.eu\/wp-content\/uploads\/2025\/10\/EV-PR-PR-020-4.png\" alt=\"\" class=\"wp-image-227600\" srcset=\"https:\/\/evolve-fitness.eu\/wp-content\/uploads\/2025\/10\/EV-PR-PR-020-4.png 810w, https:\/\/evolve-fitness.eu\/wp-content\/uploads\/2025\/10\/EV-PR-PR-020-4-240x300.png 240w, https:\/\/evolve-fitness.eu\/wp-content\/uploads\/2025\/10\/EV-PR-PR-020-4-120x150.png 120w, https:\/\/evolve-fitness.eu\/wp-content\/uploads\/2025\/10\/EV-PR-PR-020-4-768x960.png 768w, https:\/\/evolve-fitness.eu\/wp-content\/uploads\/2025\/10\/EV-PR-PR-020-4-300x375.png 300w, https:\/\/evolve-fitness.eu\/wp-content\/uploads\/2025\/10\/EV-PR-PR-020-4-600x750.png 600w\" sizes=\"auto, (max-width: 810px) 100vw, 810px\" \/><\/figure>\n<\/div>\n\n\n\n<div class=\"wp-block-column is-vertically-aligned-center is-layout-flow wp-block-column-is-layout-flow\">\n<h3 class=\"wp-block-heading\" style=\"margin-bottom:var(--wp--preset--spacing--h-3-bottom)\"><strong><strong><strong><strong><strong><strong><strong><strong><strong>Sanfte, leise und kontrollierte Bewegung<\/strong><\/strong><\/strong><\/strong><\/strong><\/strong><\/strong><\/strong><\/strong><\/h3>\n\n\n\n<p>Der Reformer ist mit einem <strong>pr\u00e4zisionsgef\u00fchrten Schlittensystem<\/strong> ausgestattet, das m\u00fchelos am Rahmen entlang gleitet und f\u00fcr einen gleichm\u00e4\u00dfigen Widerstand und einen ununterbrochenen Trainingsfluss sorgt. So k\u00f6nnen Sie sich voll und ganz auf die Form, die Atmung und die Muskelaktivierung konzentrieren, ohne durch Ger\u00e4usche oder Vibrationen abgelenkt zu werden. <\/p>\n\n\n\n<p>Die <strong>hochverdichtete Polsterung des Schlittens und der Kopfst\u00fctze<\/strong> sorgt f\u00fcr Komfort und Stabilit\u00e4t, auch bei l\u00e4ngeren Trainingseinheiten, w\u00e4hrend die ergonomischen Schulterbl\u00f6cke den K\u00f6rper perfekt ausrichten.<\/p>\n<\/div>\n<\/div>\n\n\n\n<div class=\"wp-block-columns alignwide mobile-reverse is-layout-flex wp-container-core-columns-is-layout-7a02faa9 wp-block-columns-is-layout-flex\" style=\"margin-bottom:var(--wp--preset--spacing--tb-section-padding)\">\n<div class=\"wp-block-column is-vertically-aligned-center is-layout-flow wp-block-column-is-layout-flow\">\n<h3 class=\"wp-block-heading\" style=\"margin-bottom:var(--wp--preset--spacing--h-3-bottom)\"><strong><strong><strong><strong><strong><strong><strong><strong><strong>Einstellbarer Widerstand f\u00fcr progressives Training<\/strong><\/strong><\/strong><\/strong><\/strong><\/strong><\/strong><\/strong><\/strong><\/h3>\n\n\n\n<p>Mit einem <strong>farbcodierten Federsystem<\/strong> erm\u00f6glicht der Evolve Prime Series Reformer eine sofortige Anpassung des Widerstands an unterschiedliche Trainingsziele:<\/p>\n\n\n\n<ul class=\"wp-block-list\">\n<li>Leichter Widerstand f\u00fcr Rehabilitation und Mobilit\u00e4t<\/li>\n\n\n\n<li>Mittlerer Widerstand f\u00fcr Kernstabilit\u00e4t und Kontrolle<\/li>\n\n\n\n<li>Schwerer Widerstand f\u00fcr die Entwicklung von Kraft und Leistung<\/li>\n<\/ul>\n\n\n\n<p>Das macht den Reformer ideal f\u00fcr <strong>Personal Training, Gruppenkurse, Physiotherapie und sportliche Konditionierung<\/strong>.<\/p>\n<\/div>\n\n\n\n<div class=\"wp-block-column is-vertically-aligned-center is-layout-flow wp-block-column-is-layout-flow\">\n<figure class=\"wp-block-image size-full\"><img loading=\"lazy\" decoding=\"async\" width=\"810\" height=\"1013\" src=\"https:\/\/evolve-fitness.eu\/wp-content\/uploads\/2025\/10\/EV-PR-PR-020-5.png\" alt=\"\" class=\"wp-image-227601\" srcset=\"https:\/\/evolve-fitness.eu\/wp-content\/uploads\/2025\/10\/EV-PR-PR-020-5.png 810w, https:\/\/evolve-fitness.eu\/wp-content\/uploads\/2025\/10\/EV-PR-PR-020-5-240x300.png 240w, https:\/\/evolve-fitness.eu\/wp-content\/uploads\/2025\/10\/EV-PR-PR-020-5-120x150.png 120w, https:\/\/evolve-fitness.eu\/wp-content\/uploads\/2025\/10\/EV-PR-PR-020-5-768x960.png 768w, https:\/\/evolve-fitness.eu\/wp-content\/uploads\/2025\/10\/EV-PR-PR-020-5-300x375.png 300w, https:\/\/evolve-fitness.eu\/wp-content\/uploads\/2025\/10\/EV-PR-PR-020-5-600x750.png 600w\" sizes=\"auto, (max-width: 810px) 100vw, 810px\" \/><\/figure>\n<\/div>\n<\/div>\n\n\n\n<div class=\"wp-block-columns alignwide mobile-reverse is-layout-flex wp-container-core-columns-is-layout-ca64bf2d wp-block-columns-is-layout-flex\" style=\"margin-bottom:var(--wp--preset--spacing--side-padding)\">\n<div class=\"wp-block-column is-vertically-aligned-center is-layout-flow wp-block-column-is-layout-flow\">\n<div class=\"wp-block-columns is-layout-flex wp-container-core-columns-is-layout-9d6595d7 wp-block-columns-is-layout-flex\">\n<div class=\"wp-block-column is-layout-flow wp-block-column-is-layout-flow\">\n<div class=\"wp-block-columns is-layout-flex wp-container-core-columns-is-layout-9d6595d7 wp-block-columns-is-layout-flex\">\n<div class=\"wp-block-column is-layout-flow wp-block-column-is-layout-flow\"><\/div>\n\n\n\n<div class=\"wp-block-column is-layout-flow wp-block-column-is-layout-flow\"><\/div>\n<\/div>\n\n\n\n<figure class=\"wp-block-image size-full\"><img loading=\"lazy\" decoding=\"async\" width=\"810\" height=\"1013\" src=\"https:\/\/evolve-fitness.eu\/wp-content\/uploads\/2025\/10\/EV-PR-PR-020-7.png\" alt=\"\" class=\"wp-image-227603\" srcset=\"https:\/\/evolve-fitness.eu\/wp-content\/uploads\/2025\/10\/EV-PR-PR-020-7.png 810w, https:\/\/evolve-fitness.eu\/wp-content\/uploads\/2025\/10\/EV-PR-PR-020-7-240x300.png 240w, https:\/\/evolve-fitness.eu\/wp-content\/uploads\/2025\/10\/EV-PR-PR-020-7-120x150.png 120w, https:\/\/evolve-fitness.eu\/wp-content\/uploads\/2025\/10\/EV-PR-PR-020-7-768x960.png 768w, https:\/\/evolve-fitness.eu\/wp-content\/uploads\/2025\/10\/EV-PR-PR-020-7-300x375.png 300w, https:\/\/evolve-fitness.eu\/wp-content\/uploads\/2025\/10\/EV-PR-PR-020-7-600x750.png 600w\" sizes=\"auto, (max-width: 810px) 100vw, 810px\" \/><\/figure>\n<\/div>\n\n\n\n<div class=\"wp-block-column is-vertically-aligned-center is-layout-flow wp-block-column-is-layout-flow\">\n<h3 class=\"wp-block-heading\" style=\"margin-bottom:var(--wp--preset--spacing--h-3-bottom)\"><strong><strong><strong><strong><strong><strong><strong><strong><strong>Entwickelt f\u00fcr Vielseitigkeit<\/strong><\/strong><\/strong><\/strong><\/strong><\/strong><\/strong><\/strong><\/strong><\/h3>\n\n\n\n<p>Der Reformer enth\u00e4lt mehrere verstellbare Elemente, die die \u00dcbungsvielfalt erweitern:<\/p>\n\n\n\n<ul class=\"wp-block-list\">\n<li>Verstellbarer Fu\u00dfb\u00fcgel f\u00fcr verschiedene K\u00f6rperpositionen und Bewegungsmuster<\/li>\n\n\n\n<li>Abnehmbares Sprungbrett f\u00fcr kardio-orientierte Pilates-Sitzungen<\/li>\n\n\n\n<li>Verstellbare Seile und Griffe f\u00fcr \u00dcbungen f\u00fcr den oberen und unteren K\u00f6rperbereich<\/li>\n\n\n\n<li>Box-Zubeh\u00f6r f\u00fcr sitzende, kniende und liegende Bewegungen<\/li>\n<\/ul>\n\n\n\n<p>Mit diesen Optionen unterst\u00fctzt ein Ger\u00e4t <strong>Hunderte von \u00dcbungen<\/strong>, von der sanften Rehabilitation bis zum hochintensiven Training.<\/p>\n<\/div>\n<\/div>\n<\/div>\n<\/div>\n\n\n\n<div class=\"wp-block-columns is-layout-flex wp-container-core-columns-is-layout-9d6595d7 wp-block-columns-is-layout-flex\">\n<div class=\"wp-block-column is-layout-flow wp-block-column-is-layout-flow\"><\/div>\n<\/div>\n\n\n\n<div class=\"wp-block-columns alignwide mobile-reverse is-layout-flex wp-container-core-columns-is-layout-7a02faa9 wp-block-columns-is-layout-flex\" style=\"margin-bottom:var(--wp--preset--spacing--tb-section-padding)\">\n<div class=\"wp-block-column is-vertically-aligned-center is-layout-flow wp-block-column-is-layout-flow\">\n<h3 class=\"wp-block-heading\" style=\"margin-bottom:var(--wp--preset--spacing--h-3-bottom)\"><strong><strong><strong><strong><strong><strong><strong><strong><strong>F\u00fcr Studios gebaut, perfekt f\u00fcr den Gebrauch zu Hause<\/strong><\/strong><\/strong><\/strong><\/strong><\/strong><\/strong><\/strong><\/strong><\/h3>\n\n\n\n<p>Dank seines <strong>aufrechten Aufbewahrungssystems und der integrierten Transportrollen<\/strong> l\u00e4sst sich der Reformer bei Nichtgebrauch leicht bewegen und verstauen. Das macht ihn zu einer ausgezeichneten Wahl f\u00fcr Studios mit begrenztem Platzangebot oder f\u00fcr Premium-Heimtrainingsstudios, die Flexibilit\u00e4t ohne Qualit\u00e4tseinbu\u00dfen ben\u00f6tigen. <\/p>\n\n\n\n<p>Die solide Konstruktion sorgt f\u00fcr Stabilit\u00e4t auch bei intensiver t\u00e4glicher Nutzung und eignet sich daher auch f\u00fcr den Einsatz in <strong>gewerblichen Umgebungen<\/strong><strong>.tionierung<\/strong>.<\/p>\n<\/div>\n\n\n\n<div class=\"wp-block-column is-vertically-aligned-center is-layout-flow wp-block-column-is-layout-flow\">\n<figure class=\"wp-block-image size-full\"><img loading=\"lazy\" decoding=\"async\" width=\"810\" height=\"1013\" src=\"https:\/\/evolve-fitness.eu\/wp-content\/uploads\/2025\/10\/EV-PR-PR-020-8.png\" alt=\"\" class=\"wp-image-227604\" srcset=\"https:\/\/evolve-fitness.eu\/wp-content\/uploads\/2025\/10\/EV-PR-PR-020-8.png 810w, https:\/\/evolve-fitness.eu\/wp-content\/uploads\/2025\/10\/EV-PR-PR-020-8-240x300.png 240w, https:\/\/evolve-fitness.eu\/wp-content\/uploads\/2025\/10\/EV-PR-PR-020-8-120x150.png 120w, https:\/\/evolve-fitness.eu\/wp-content\/uploads\/2025\/10\/EV-PR-PR-020-8-768x960.png 768w, https:\/\/evolve-fitness.eu\/wp-content\/uploads\/2025\/10\/EV-PR-PR-020-8-300x375.png 300w, https:\/\/evolve-fitness.eu\/wp-content\/uploads\/2025\/10\/EV-PR-PR-020-8-600x750.png 600w\" sizes=\"auto, (max-width: 810px) 100vw, 810px\" \/><\/figure>\n<\/div>\n<\/div>\n<\/section>\n<\/section>\n","protected":false},"excerpt":{"rendered":"<p>Erleben Sie Pr\u00e4zision, Kontrolle und Komfort mit dem Evolve Prime Series Pilates Reformer. Er wurde f\u00fcr professionelle Studios und den Heimgebrauch entwickelt und bietet einen einstellbaren Federwiderstand, ergonomisches Design und sanfte Bewegungen f\u00fcr ein sicheres und effektives Ganzk\u00f6rpertraining. Gebaut f\u00fcr Langlebigkeit, Leistung und einfache aufrechte Lagerung.  <\/p>\n","protected":false},"featured_media":227708,"template":"","meta":{"_acf_changed":false,"inline_featured_image":false},"product_brand":[],"product_cat":[757],"product_tag":[],"class_list":{"0":"post-227707","1":"product","2":"type-product","3":"status-publish","4":"has-post-thumbnail","6":"product_cat-studio-de","8":"first","9":"instock","10":"shipping-taxable","11":"purchasable","12":"product-type-simple"},"acf":{"long_title":"Evolve Prime Serie Pilates-Reformer (PR-020)","subtitle":"","specifications":[{"label":"SKU","text_value":"EV-PR-PR-020","icon":"x"},{"label":"Produktgewicht","text_value":"70 kg","icon":"x"},{"label":"Bruttogewicht","text_value":"102 kg","icon":"x"},{"label":"Maximales Benutzergewicht","text_value":"150 kg","icon":"x"},{"label":"Abmessungen des Produkts","text_value":"2445 x 695 x 370 mm","icon":"x"},{"label":"Abmessungen der Verpackung","text_value":"2590 x 740 x 400 mm","icon":"x"},{"label":"Rahmen","text_value":"Aluminiumlegierung","icon":"x"},{"label":"Polsterung aus Leder","text_value":"1 mm PU-Leder","icon":"x"},{"label":"Interne Polsterung","text_value":"Umweltfreundliche 5D Rebound-Baumwolle innen","icon":"x"},{"label":"Kopfst\u00fctze","text_value":"PU-Leder","icon":"x"},{"label":"Schulterst\u00fctzen","text_value":"2 Schulterpolster aus PU-Leder","icon":"x"},{"label":"Fu\u00dfleiste","text_value":"Rostfreier Stahl mit gepolsterter Au\u00dfenschicht","icon":"x"},{"label":"Federsystem","text_value":"6 deutsche Federn (2 rote, 2 gr\u00fcne, 2 gelbe)","icon":"x"},{"label":"Positionen der Griffe","text_value":"6-fach einstellbar","icon":"x"},{"label":"Steigleitungen","text_value":"2 F\u00fchrungsgurte aus Metall, 2 externe Segelboot-D\u00e4mpfer, 2 Schrauben","icon":"x"},{"label":"Seilsystem","text_value":"2 dicke Nylonseile mit Doppelschlaufen","icon":"x"},{"label":"Hakenband","text_value":"","icon":"v"},{"label":"Sprungbrett","text_value":"Oberfl\u00e4che aus PU-Leder","icon":"x"},{"label":"R\u00e4der","text_value":"10 importierte R\u00e4der - darunter: 2 verschiebbare Bettrollen am Kopfteil 4 elastische und ger\u00e4uscharme l\u00e4ngslaufende Gegengewichtsrollen 4 leise, verschlei\u00dffeste querlaufende Trainingsrollen","icon":"x"},{"label":"Garantie","text_value":"2 Jahre","icon":"x"}],"product_frequently_asked_questions":null},"yoast_head":"<!-- This site is optimized with the Yoast SEO plugin v27.4 - https:\/\/yoast.com\/product\/yoast-seo-wordpress\/ -->\n<title>Evolve Prime Serie Pilates-Reformer (PR-020) - Evolve<\/title>\n<meta name=\"description\" content=\"Erleben Sie Pr\u00e4zision, Kontrolle und Komfort mit dem Evolve Prime Series Pilates Reformer. Entwickelt f\u00fcr professionelle Studios und zu Hause\" \/>\n<meta name=\"robots\" content=\"index, follow, max-snippet:-1, max-image-preview:large, max-video-preview:-1\" \/>\n<link rel=\"canonical\" href=\"https:\/\/evolve-fitness.eu\/de\/produkt\/evolve-prime-serie-pilates-reformer-pr-020\/\" \/>\n<meta property=\"og:locale\" content=\"de_DE\" \/>\n<meta property=\"og:type\" content=\"article\" \/>\n<meta property=\"og:title\" content=\"Evolve Prime Serie Pilates-Reformer (PR-020) - Evolve\" \/>\n<meta property=\"og:description\" content=\"Erleben Sie Pr\u00e4zision, Kontrolle und Komfort mit dem Evolve Prime Series Pilates Reformer. Entwickelt f\u00fcr professionelle Studios und zu Hause\" \/>\n<meta property=\"og:url\" content=\"https:\/\/evolve-fitness.eu\/de\/produkt\/evolve-prime-serie-pilates-reformer-pr-020\/\" \/>\n<meta property=\"og:site_name\" content=\"Evolve\" \/>\n<meta property=\"article:publisher\" content=\"https:\/\/www.facebook.com\/EvolveFitnessEurope\" \/>\n<meta property=\"article:modified_time\" content=\"2026-04-01T06:15:39+00:00\" \/>\n<meta property=\"og:image\" content=\"https:\/\/evolve-fitness.eu\/wp-content\/uploads\/2025\/10\/EV-PR-PR-020.png\" \/>\n\t<meta property=\"og:image:width\" content=\"810\" \/>\n\t<meta property=\"og:image:height\" content=\"1013\" \/>\n\t<meta property=\"og:image:type\" content=\"image\/png\" \/>\n<meta name=\"twitter:card\" content=\"summary_large_image\" \/>\n<script type=\"application\/ld+json\" class=\"yoast-schema-graph\">{\"@context\":\"https:\\\/\\\/schema.org\",\"@graph\":[{\"@type\":\"WebPage\",\"@id\":\"https:\\\/\\\/evolve-fitness.eu\\\/de\\\/produkt\\\/evolve-prime-serie-pilates-reformer-pr-020\\\/\",\"url\":\"https:\\\/\\\/evolve-fitness.eu\\\/de\\\/produkt\\\/evolve-prime-serie-pilates-reformer-pr-020\\\/\",\"name\":\"Evolve Prime Serie Pilates-Reformer (PR-020) - Evolve\",\"isPartOf\":{\"@id\":\"https:\\\/\\\/evolve-fitness.eu\\\/de\\\/#website\"},\"primaryImageOfPage\":{\"@id\":\"https:\\\/\\\/evolve-fitness.eu\\\/de\\\/produkt\\\/evolve-prime-serie-pilates-reformer-pr-020\\\/#primaryimage\"},\"image\":{\"@id\":\"https:\\\/\\\/evolve-fitness.eu\\\/de\\\/produkt\\\/evolve-prime-serie-pilates-reformer-pr-020\\\/#primaryimage\"},\"thumbnailUrl\":\"https:\\\/\\\/evolve-fitness.eu\\\/wp-content\\\/uploads\\\/2025\\\/10\\\/EV-PR-PR-020.png\",\"datePublished\":\"2025-10-24T11:27:58+00:00\",\"dateModified\":\"2026-04-01T06:15:39+00:00\",\"description\":\"Erleben Sie Pr\u00e4zision, Kontrolle und Komfort mit dem Evolve Prime Series Pilates Reformer. Entwickelt f\u00fcr professionelle Studios und zu Hause\",\"breadcrumb\":{\"@id\":\"https:\\\/\\\/evolve-fitness.eu\\\/de\\\/produkt\\\/evolve-prime-serie-pilates-reformer-pr-020\\\/#breadcrumb\"},\"inLanguage\":\"de\",\"potentialAction\":[{\"@type\":\"ReadAction\",\"target\":[\"https:\\\/\\\/evolve-fitness.eu\\\/de\\\/produkt\\\/evolve-prime-serie-pilates-reformer-pr-020\\\/\"]}]},{\"@type\":\"ImageObject\",\"inLanguage\":\"de\",\"@id\":\"https:\\\/\\\/evolve-fitness.eu\\\/de\\\/produkt\\\/evolve-prime-serie-pilates-reformer-pr-020\\\/#primaryimage\",\"url\":\"https:\\\/\\\/evolve-fitness.eu\\\/wp-content\\\/uploads\\\/2025\\\/10\\\/EV-PR-PR-020.png\",\"contentUrl\":\"https:\\\/\\\/evolve-fitness.eu\\\/wp-content\\\/uploads\\\/2025\\\/10\\\/EV-PR-PR-020.png\",\"width\":810,\"height\":1013},{\"@type\":\"BreadcrumbList\",\"@id\":\"https:\\\/\\\/evolve-fitness.eu\\\/de\\\/produkt\\\/evolve-prime-serie-pilates-reformer-pr-020\\\/#breadcrumb\",\"itemListElement\":[{\"@type\":\"ListItem\",\"position\":1,\"name\":\"Home\",\"item\":\"https:\\\/\\\/evolve-fitness.eu\\\/de\\\/\"},{\"@type\":\"ListItem\",\"position\":2,\"name\":\"Produkte\",\"item\":\"https:\\\/\\\/evolve-fitness.eu\\\/de\\\/shop\\\/\"},{\"@type\":\"ListItem\",\"position\":3,\"name\":\"Evolve Prime Serie Pilates-Reformer (PR-020)\"}]},{\"@type\":\"WebSite\",\"@id\":\"https:\\\/\\\/evolve-fitness.eu\\\/de\\\/#website\",\"url\":\"https:\\\/\\\/evolve-fitness.eu\\\/de\\\/\",\"name\":\"Evolve\",\"description\":\"Your Evolved Gear Arrived\",\"publisher\":{\"@id\":\"https:\\\/\\\/evolve-fitness.eu\\\/de\\\/#organization\"},\"potentialAction\":[{\"@type\":\"SearchAction\",\"target\":{\"@type\":\"EntryPoint\",\"urlTemplate\":\"https:\\\/\\\/evolve-fitness.eu\\\/de\\\/?s={search_term_string}\"},\"query-input\":{\"@type\":\"PropertyValueSpecification\",\"valueRequired\":true,\"valueName\":\"search_term_string\"}}],\"inLanguage\":\"de\"},{\"@type\":\"Organization\",\"@id\":\"https:\\\/\\\/evolve-fitness.eu\\\/de\\\/#organization\",\"name\":\"Evolve\",\"url\":\"https:\\\/\\\/evolve-fitness.eu\\\/de\\\/\",\"logo\":{\"@type\":\"ImageObject\",\"inLanguage\":\"de\",\"@id\":\"https:\\\/\\\/evolve-fitness.eu\\\/de\\\/#\\\/schema\\\/logo\\\/image\\\/\",\"url\":\"https:\\\/\\\/evolve-fitness.eu\\\/wp-content\\\/uploads\\\/2023\\\/05\\\/Evolve-logo.svg\",\"contentUrl\":\"https:\\\/\\\/evolve-fitness.eu\\\/wp-content\\\/uploads\\\/2023\\\/05\\\/Evolve-logo.svg\",\"width\":176,\"height\":20,\"caption\":\"Evolve\"},\"image\":{\"@id\":\"https:\\\/\\\/evolve-fitness.eu\\\/de\\\/#\\\/schema\\\/logo\\\/image\\\/\"},\"sameAs\":[\"https:\\\/\\\/www.facebook.com\\\/EvolveFitnessEurope\"]}]}<\/script>\n<!-- \/ Yoast SEO plugin. -->","yoast_head_json":{"title":"Evolve Prime Serie Pilates-Reformer (PR-020) - Evolve","description":"Erleben Sie Pr\u00e4zision, Kontrolle und Komfort mit dem Evolve Prime Series Pilates Reformer. Entwickelt f\u00fcr professionelle Studios und zu Hause","robots":{"index":"index","follow":"follow","max-snippet":"max-snippet:-1","max-image-preview":"max-image-preview:large","max-video-preview":"max-video-preview:-1"},"canonical":"https:\/\/evolve-fitness.eu\/de\/produkt\/evolve-prime-serie-pilates-reformer-pr-020\/","og_locale":"de_DE","og_type":"article","og_title":"Evolve Prime Serie Pilates-Reformer (PR-020) - Evolve","og_description":"Erleben Sie Pr\u00e4zision, Kontrolle und Komfort mit dem Evolve Prime Series Pilates Reformer. Entwickelt f\u00fcr professionelle Studios und zu Hause","og_url":"https:\/\/evolve-fitness.eu\/de\/produkt\/evolve-prime-serie-pilates-reformer-pr-020\/","og_site_name":"Evolve","article_publisher":"https:\/\/www.facebook.com\/EvolveFitnessEurope","article_modified_time":"2026-04-01T06:15:39+00:00","og_image":[{"width":810,"height":1013,"url":"https:\/\/evolve-fitness.eu\/wp-content\/uploads\/2025\/10\/EV-PR-PR-020.png","type":"image\/png"}],"twitter_card":"summary_large_image","schema":{"@context":"https:\/\/schema.org","@graph":[{"@type":"WebPage","@id":"https:\/\/evolve-fitness.eu\/de\/produkt\/evolve-prime-serie-pilates-reformer-pr-020\/","url":"https:\/\/evolve-fitness.eu\/de\/produkt\/evolve-prime-serie-pilates-reformer-pr-020\/","name":"Evolve Prime Serie Pilates-Reformer (PR-020) - Evolve","isPartOf":{"@id":"https:\/\/evolve-fitness.eu\/de\/#website"},"primaryImageOfPage":{"@id":"https:\/\/evolve-fitness.eu\/de\/produkt\/evolve-prime-serie-pilates-reformer-pr-020\/#primaryimage"},"image":{"@id":"https:\/\/evolve-fitness.eu\/de\/produkt\/evolve-prime-serie-pilates-reformer-pr-020\/#primaryimage"},"thumbnailUrl":"https:\/\/evolve-fitness.eu\/wp-content\/uploads\/2025\/10\/EV-PR-PR-020.png","datePublished":"2025-10-24T11:27:58+00:00","dateModified":"2026-04-01T06:15:39+00:00","description":"Erleben Sie Pr\u00e4zision, Kontrolle und Komfort mit dem Evolve Prime Series Pilates Reformer. Entwickelt f\u00fcr professionelle Studios und zu Hause","breadcrumb":{"@id":"https:\/\/evolve-fitness.eu\/de\/produkt\/evolve-prime-serie-pilates-reformer-pr-020\/#breadcrumb"},"inLanguage":"de","potentialAction":[{"@type":"ReadAction","target":["https:\/\/evolve-fitness.eu\/de\/produkt\/evolve-prime-serie-pilates-reformer-pr-020\/"]}]},{"@type":"ImageObject","inLanguage":"de","@id":"https:\/\/evolve-fitness.eu\/de\/produkt\/evolve-prime-serie-pilates-reformer-pr-020\/#primaryimage","url":"https:\/\/evolve-fitness.eu\/wp-content\/uploads\/2025\/10\/EV-PR-PR-020.png","contentUrl":"https:\/\/evolve-fitness.eu\/wp-content\/uploads\/2025\/10\/EV-PR-PR-020.png","width":810,"height":1013},{"@type":"BreadcrumbList","@id":"https:\/\/evolve-fitness.eu\/de\/produkt\/evolve-prime-serie-pilates-reformer-pr-020\/#breadcrumb","itemListElement":[{"@type":"ListItem","position":1,"name":"Home","item":"https:\/\/evolve-fitness.eu\/de\/"},{"@type":"ListItem","position":2,"name":"Produkte","item":"https:\/\/evolve-fitness.eu\/de\/shop\/"},{"@type":"ListItem","position":3,"name":"Evolve Prime Serie Pilates-Reformer (PR-020)"}]},{"@type":"WebSite","@id":"https:\/\/evolve-fitness.eu\/de\/#website","url":"https:\/\/evolve-fitness.eu\/de\/","name":"Evolve","description":"Your Evolved Gear Arrived","publisher":{"@id":"https:\/\/evolve-fitness.eu\/de\/#organization"},"potentialAction":[{"@type":"SearchAction","target":{"@type":"EntryPoint","urlTemplate":"https:\/\/evolve-fitness.eu\/de\/?s={search_term_string}"},"query-input":{"@type":"PropertyValueSpecification","valueRequired":true,"valueName":"search_term_string"}}],"inLanguage":"de"},{"@type":"Organization","@id":"https:\/\/evolve-fitness.eu\/de\/#organization","name":"Evolve","url":"https:\/\/evolve-fitness.eu\/de\/","logo":{"@type":"ImageObject","inLanguage":"de","@id":"https:\/\/evolve-fitness.eu\/de\/#\/schema\/logo\/image\/","url":"https:\/\/evolve-fitness.eu\/wp-content\/uploads\/2023\/05\/Evolve-logo.svg","contentUrl":"https:\/\/evolve-fitness.eu\/wp-content\/uploads\/2023\/05\/Evolve-logo.svg","width":176,"height":20,"caption":"Evolve"},"image":{"@id":"https:\/\/evolve-fitness.eu\/de\/#\/schema\/logo\/image\/"},"sameAs":["https:\/\/www.facebook.com\/EvolveFitnessEurope"]}]}},"_links":{"self":[{"href":"https:\/\/evolve-fitness.eu\/de\/wp-json\/wp\/v2\/product\/227707","targetHints":{"allow":["GET"]}}],"collection":[{"href":"https:\/\/evolve-fitness.eu\/de\/wp-json\/wp\/v2\/product"}],"about":[{"href":"https:\/\/evolve-fitness.eu\/de\/wp-json\/wp\/v2\/types\/product"}],"wp:featuredmedia":[{"embeddable":true,"href":"https:\/\/evolve-fitness.eu\/de\/wp-json\/wp\/v2\/media\/227708"}],"wp:attachment":[{"href":"https:\/\/evolve-fitness.eu\/de\/wp-json\/wp\/v2\/media?parent=227707"}],"wp:term":[{"taxonomy":"product_brand","embeddable":true,"href":"https:\/\/evolve-fitness.eu\/de\/wp-json\/wp\/v2\/product_brand?post=227707"},{"taxonomy":"product_cat","embeddable":true,"href":"https:\/\/evolve-fitness.eu\/de\/wp-json\/wp\/v2\/product_cat?post=227707"},{"taxonomy":"product_tag","embeddable":true,"href":"https:\/\/evolve-fitness.eu\/de\/wp-json\/wp\/v2\/product_tag?post=227707"}],"curies":[{"name":"wp","href":"https:\/\/api.w.org\/{rel}","templated":true}]}}