{"id":228070,"date":"2024-01-10T12:25:49","date_gmt":"2024-01-10T10:25:49","guid":{"rendered":"https:\/\/evolve-fitness.eu\/product\/evolve-laufband-mit-185-tft-konsole-ht-500-tft\/"},"modified":"2026-04-07T13:47:03","modified_gmt":"2026-04-07T10:47:03","slug":"evolve-laufband-mit-185-tft-konsole-ht-500-tft","status":"publish","type":"product","link":"https:\/\/evolve-fitness.eu\/de\/produkt\/evolve-laufband-mit-185-tft-konsole-ht-500-tft\/","title":{"rendered":"Evolve Laufband mit 18,5&#8220; TFT-Konsole (HT-500-TFT)"},"content":{"rendered":"\n<section class=\"wp-block-group alignfull has-lightgray-background-color has-background is-layout-constrained wp-block-group-is-layout-constrained\">\n<div class=\"wp-block-columns alignwide is-layout-flex wp-container-core-columns-is-layout-2edb0647 wp-block-columns-is-layout-flex\" style=\"margin-top:0;margin-bottom:0\">\n<div class=\"wp-block-column is-layout-flow wp-block-column-is-layout-flow\" style=\"flex-basis:33.33%\"><\/div>\n\n\n\n<div class=\"wp-block-column is-layout-flow wp-block-column-is-layout-flow\" style=\"flex-basis:66.66%\"><\/div>\n<\/div>\n<\/section>\n\n<section class=\"wp-block-group alignfull black-content has-white-color has-darkgray-background-color has-text-color has-background is-layout-constrained wp-block-group-is-layout-constrained\" style=\"padding-top:var(--wp--preset--spacing--section-bottom);padding-bottom:var(--wp--preset--spacing--section-bottom)\">\n<div class=\"wp-block-columns alignwide mobile-reverse is-layout-flex wp-container-core-columns-is-layout-ca64bf2d wp-block-columns-is-layout-flex\" style=\"margin-bottom:var(--wp--preset--spacing--side-padding)\">\n<div class=\"wp-block-column is-vertically-aligned-center is-layout-flow wp-block-column-is-layout-flow\">\n<h3 class=\"wp-block-heading\" style=\"margin-bottom:var(--wp--preset--spacing--h-3-bottom)\"><strong><strong><strong>Evolve HT-500-TFT Laufband<\/strong><\/strong><\/strong><\/h3>\n\n\n\n<p>Das Evolve HT-500-TFT Laufband wurde f\u00fcr Fitnessbegeisterte zu Hause entwickelt. Es bietet eine robuste Leistung mit einem 5,0 PS Wechselstrommotor, einem 18,5&#8243; TFT-Touchscreen und verschiedenen integrierten Trainingsprogrammen.<\/p>\n<\/div>\n\n\n\n<div class=\"wp-block-column is-vertically-aligned-center is-layout-flow wp-block-column-is-layout-flow\">\n<figure class=\"wp-block-video\"><video height=\"2160\" style=\"aspect-ratio: 3840 \/ 2160;\" width=\"3840\" autoplay=\"\" controls=\"\" loop=\"\" muted=\"\" src=\"https:\/\/evolve-fitness.eu\/wp-content\/uploads\/2024\/06\/6.mp4\"><\/video><\/figure>\n<\/div>\n<\/div>\n\n\n\n<div class=\"wp-block-columns alignwide mobile-reverse is-layout-flex wp-container-core-columns-is-layout-ca64bf2d wp-block-columns-is-layout-flex\" style=\"margin-bottom:var(--wp--preset--spacing--side-padding)\">\n<div class=\"wp-block-column is-vertically-aligned-center is-layout-flow wp-block-column-is-layout-flow\">\n<figure class=\"wp-block-video\"><video height=\"1080\" style=\"aspect-ratio: 1920 \/ 1080;\" width=\"1920\" autoplay=\"\" controls=\"\" loop=\"\" muted=\"\" src=\"https:\/\/evolve-fitness.eu\/wp-content\/uploads\/2024\/07\/EV-HT-500-TFT.mp4\"><\/video><\/figure>\n<\/div>\n\n\n\n<div class=\"wp-block-column is-vertically-aligned-center is-layout-flow wp-block-column-is-layout-flow\">\n<h3 class=\"wp-block-heading\" style=\"margin-bottom:var(--wp--preset--spacing--h-3-bottom)\"><strong><strong><strong>Starke Leistung<\/strong><\/strong><\/strong><\/h3>\n\n\n\n<p>Der Evolve HT-500-TFT ist mit einem 5,0-PS-AC-Motor ausgestattet und liefert eine gleichm\u00e4\u00dfige, konstante Leistung. Egal, ob Sie gehen oder sprinten, der gro\u00dfe Geschwindigkeitsbereich von 1-22 km\/h ist f\u00fcr alle Intensit\u00e4tsstufen geeignet.<\/p>\n<\/div>\n<\/div>\n\n\n\n<div class=\"wp-block-columns alignwide mobile-reverse is-layout-flex wp-container-core-columns-is-layout-ca64bf2d wp-block-columns-is-layout-flex\" style=\"margin-bottom:var(--wp--preset--spacing--side-padding)\">\n<div class=\"wp-block-column is-vertically-aligned-center is-layout-flow wp-block-column-is-layout-flow\">\n<h3 class=\"wp-block-heading\" style=\"margin-bottom:var(--wp--preset--spacing--h-3-bottom)\"><strong><strong><strong><strong>Langlebigkeit und Verl\u00e4sslichkeit<\/strong><\/strong><\/strong><\/strong><\/h3>\n\n\n\n<p>Das Evolve HT-500-TFT ist aus hochwertigen Materialien gefertigt und gew\u00e4hrleistet langfristige Zuverl\u00e4ssigkeit und Haltbarkeit bei h\u00e4ufigem Gebrauch.<\/p>\n<\/div>\n\n\n\n<div class=\"wp-block-column is-vertically-aligned-center is-layout-flow wp-block-column-is-layout-flow\">\n<figure class=\"wp-block-image size-large is-resized\"><img loading=\"lazy\" decoding=\"async\" width=\"1024\" height=\"683\" src=\"https:\/\/evolve-fitness.eu\/wp-content\/uploads\/2024\/01\/EV-HT-500-TFT-Evolve-Treadmill-18-43-9-1024x683.jpg\" alt=\"EV-HT-500-TFT\" class=\"wp-image-136458\" style=\"width:766px;height:auto\" srcset=\"https:\/\/evolve-fitness.eu\/wp-content\/uploads\/2024\/01\/EV-HT-500-TFT-Evolve-Treadmill-18-43-9-1024x683.jpg 1024w, https:\/\/evolve-fitness.eu\/wp-content\/uploads\/2024\/01\/EV-HT-500-TFT-Evolve-Treadmill-18-43-9-300x200.jpg 300w, https:\/\/evolve-fitness.eu\/wp-content\/uploads\/2024\/01\/EV-HT-500-TFT-Evolve-Treadmill-18-43-9-225x150.jpg 225w, https:\/\/evolve-fitness.eu\/wp-content\/uploads\/2024\/01\/EV-HT-500-TFT-Evolve-Treadmill-18-43-9-600x400.jpg 600w, https:\/\/evolve-fitness.eu\/wp-content\/uploads\/2024\/01\/EV-HT-500-TFT-Evolve-Treadmill-18-43-9-150x100.jpg 150w, https:\/\/evolve-fitness.eu\/wp-content\/uploads\/2024\/01\/EV-HT-500-TFT-Evolve-Treadmill-18-43-9-768x512.jpg 768w, https:\/\/evolve-fitness.eu\/wp-content\/uploads\/2024\/01\/EV-HT-500-TFT-Evolve-Treadmill-18-43-9-1536x1024.jpg 1536w, https:\/\/evolve-fitness.eu\/wp-content\/uploads\/2024\/01\/EV-HT-500-TFT-Evolve-Treadmill-18-43-9-2048x1365.jpg 2048w\" sizes=\"auto, (max-width: 1024px) 100vw, 1024px\" \/><\/figure>\n<\/div>\n<\/div>\n\n\n\n<div class=\"wp-block-columns alignwide mobile-reverse is-layout-flex wp-container-core-columns-is-layout-ca64bf2d wp-block-columns-is-layout-flex\" style=\"margin-bottom:var(--wp--preset--spacing--side-padding)\">\n<div class=\"wp-block-column is-vertically-aligned-center is-layout-flow wp-block-column-is-layout-flow\">\n<figure class=\"wp-block-video\"><video height=\"2160\" style=\"aspect-ratio: 3840 \/ 2160;\" width=\"3840\" autoplay=\"\" controls=\"\" loop=\"\" muted=\"\" src=\"https:\/\/evolve-fitness.eu\/wp-content\/uploads\/2024\/06\/5.mp4\"><\/video><\/figure>\n<\/div>\n\n\n\n<div class=\"wp-block-column is-vertically-aligned-center is-layout-flow wp-block-column-is-layout-flow\">\n<h3 class=\"wp-block-heading\" style=\"margin-bottom:var(--wp--preset--spacing--h-3-bottom)\"><strong><strong><strong>Erweiterte Touchscreen-Konsole<\/strong><\/strong><\/strong><\/h3>\n\n\n\n<p>Die 18,5-Zoll-TFT-Touchscreen-Konsole bietet ein interaktives Trainingserlebnis, zeigt den Fortschritt an und bietet mehrere Fitnessprogramme.<\/p>\n<\/div>\n<\/div>\n\n\n\n<div class=\"wp-block-columns alignwide mobile-reverse is-layout-flex wp-container-core-columns-is-layout-ca64bf2d wp-block-columns-is-layout-flex\" style=\"margin-bottom:var(--wp--preset--spacing--side-padding)\">\n<div class=\"wp-block-column is-vertically-aligned-center is-layout-flow wp-block-column-is-layout-flow\">\n<h3 class=\"wp-block-heading\" style=\"margin-bottom:var(--wp--preset--spacing--h-3-bottom)\"><strong><strong>Technologie<\/strong><\/strong><\/h3>\n\n\n\n<p>Verfolgen Sie Ihre Fortschritte, erkunden Sie verschiedene Sportmodi, und w\u00e4hlen Sie aus einer Vielzahl von Fitnessprogrammen, die auf Ihre Ziele zugeschnitten sind. Mit den MP3\/USB-Schnittstellen machen Sie Ihr Training noch angenehmer. H\u00f6ren Sie Ihre Lieblingsmusik oder Podcasts, w\u00e4hrend Sie trainieren.<\/p>\n<\/div>\n\n\n\n<div class=\"wp-block-column is-vertically-aligned-center is-layout-flow wp-block-column-is-layout-flow\">\n<figure class=\"wp-block-image size-full\"><img loading=\"lazy\" decoding=\"async\" width=\"2060\" height=\"1159\" src=\"https:\/\/evolve-fitness.eu\/wp-content\/uploads\/2024\/01\/EV-HT-500-TFT-4-1.jpg\" alt=\"\" class=\"wp-image-150386\" srcset=\"https:\/\/evolve-fitness.eu\/wp-content\/uploads\/2024\/01\/EV-HT-500-TFT-4-1.jpg 2060w, https:\/\/evolve-fitness.eu\/wp-content\/uploads\/2024\/01\/EV-HT-500-TFT-4-1-300x169.jpg 300w, https:\/\/evolve-fitness.eu\/wp-content\/uploads\/2024\/01\/EV-HT-500-TFT-4-1-267x150.jpg 267w, https:\/\/evolve-fitness.eu\/wp-content\/uploads\/2024\/01\/EV-HT-500-TFT-4-1-600x338.jpg 600w, https:\/\/evolve-fitness.eu\/wp-content\/uploads\/2024\/01\/EV-HT-500-TFT-4-1-1024x576.jpg 1024w, https:\/\/evolve-fitness.eu\/wp-content\/uploads\/2024\/01\/EV-HT-500-TFT-4-1-150x84.jpg 150w, https:\/\/evolve-fitness.eu\/wp-content\/uploads\/2024\/01\/EV-HT-500-TFT-4-1-768x432.jpg 768w, https:\/\/evolve-fitness.eu\/wp-content\/uploads\/2024\/01\/EV-HT-500-TFT-4-1-1536x864.jpg 1536w, https:\/\/evolve-fitness.eu\/wp-content\/uploads\/2024\/01\/EV-HT-500-TFT-4-1-2048x1152.jpg 2048w\" sizes=\"auto, (max-width: 2060px) 100vw, 2060px\" \/><\/figure>\n<\/div>\n<\/div>\n\n\n\n<div class=\"wp-block-columns alignwide is-layout-flex wp-container-core-columns-is-layout-c45ee707 wp-block-columns-is-layout-flex\" style=\"margin-bottom:var(--wp--preset--spacing--side-padding);padding-top:var(--wp--preset--spacing--side-padding)\">\n<div class=\"wp-block-column is-vertically-aligned-center is-layout-flow wp-block-column-is-layout-flow\">\n<figure class=\"wp-block-image size-large\"><img loading=\"lazy\" decoding=\"async\" width=\"1024\" height=\"683\" src=\"https:\/\/evolve-fitness.eu\/wp-content\/uploads\/2024\/06\/EV-HT-500-TFT-Evolve-Treadmill-18-43-2-1024x683.jpg\" alt=\"\" class=\"wp-image-132417\" srcset=\"https:\/\/evolve-fitness.eu\/wp-content\/uploads\/2024\/06\/EV-HT-500-TFT-Evolve-Treadmill-18-43-2-1024x683.jpg 1024w, https:\/\/evolve-fitness.eu\/wp-content\/uploads\/2024\/06\/EV-HT-500-TFT-Evolve-Treadmill-18-43-2-300x200.jpg 300w, https:\/\/evolve-fitness.eu\/wp-content\/uploads\/2024\/06\/EV-HT-500-TFT-Evolve-Treadmill-18-43-2-225x150.jpg 225w, https:\/\/evolve-fitness.eu\/wp-content\/uploads\/2024\/06\/EV-HT-500-TFT-Evolve-Treadmill-18-43-2-600x400.jpg 600w, https:\/\/evolve-fitness.eu\/wp-content\/uploads\/2024\/06\/EV-HT-500-TFT-Evolve-Treadmill-18-43-2-150x100.jpg 150w, https:\/\/evolve-fitness.eu\/wp-content\/uploads\/2024\/06\/EV-HT-500-TFT-Evolve-Treadmill-18-43-2-768x512.jpg 768w, https:\/\/evolve-fitness.eu\/wp-content\/uploads\/2024\/06\/EV-HT-500-TFT-Evolve-Treadmill-18-43-2-1536x1024.jpg 1536w, https:\/\/evolve-fitness.eu\/wp-content\/uploads\/2024\/06\/EV-HT-500-TFT-Evolve-Treadmill-18-43-2-2048x1365.jpg 2048w\" sizes=\"auto, (max-width: 1024px) 100vw, 1024px\" \/><\/figure>\n<\/div>\n\n\n\n<div class=\"wp-block-column is-vertically-aligned-center is-layout-flow wp-block-column-is-layout-flow\">\n<h3 class=\"wp-block-heading\" style=\"margin-bottom:var(--wp--preset--spacing--h-3-bottom)\"><strong><strong><strong>Benutzerfreundliches Design<\/strong><\/strong><\/strong><\/h3>\n\n\n\n<p>Das benutzerfreundliche Design des Laufbands, einschlie\u00dflich der leicht zu bedienenden Konsole und der robusten Bauweise, macht es zu einer ausgezeichneten Erg\u00e4nzung f\u00fcr jedes Fitnessstudio zu Hause.<\/p>\n<\/div>\n<\/div>\n\n\n\n<div class=\"wp-block-columns alignwide is-layout-flex wp-container-core-columns-is-layout-c45ee707 wp-block-columns-is-layout-flex\" style=\"margin-bottom:var(--wp--preset--spacing--side-padding);padding-top:var(--wp--preset--spacing--side-padding)\">\n<div class=\"wp-block-column is-vertically-aligned-center is-layout-flow wp-block-column-is-layout-flow\">\n<h3 class=\"wp-block-heading\" style=\"margin-bottom:var(--wp--preset--spacing--h-3-bottom)\"><strong><strong><strong>Komfort und Sicherheit<\/strong><\/strong><\/strong><\/h3>\n\n\n\n<p>Mit einem Benutzergewicht von 150 kg ist die Evolve HT-500-TFT f\u00fcr eine gro\u00dfe Anzahl von Benutzern geeignet. Die gro\u00dfz\u00fcgige Lauffl\u00e4che sorgt f\u00fcr ein komfortables und sicheres Trainingserlebnis.<\/p>\n<\/div>\n\n\n\n<div class=\"wp-block-column is-vertically-aligned-center is-layout-flow wp-block-column-is-layout-flow\">\n<figure class=\"wp-block-image size-full\"><img loading=\"lazy\" decoding=\"async\" width=\"1080\" height=\"1080\" src=\"https:\/\/evolve-fitness.eu\/wp-content\/uploads\/2024\/06\/1.png\" alt=\"\" class=\"wp-image-142384\" srcset=\"https:\/\/evolve-fitness.eu\/wp-content\/uploads\/2024\/06\/1.png 1080w, https:\/\/evolve-fitness.eu\/wp-content\/uploads\/2024\/06\/1-300x300.png 300w, https:\/\/evolve-fitness.eu\/wp-content\/uploads\/2024\/06\/1-150x150.png 150w, https:\/\/evolve-fitness.eu\/wp-content\/uploads\/2024\/06\/1-600x600.png 600w, https:\/\/evolve-fitness.eu\/wp-content\/uploads\/2024\/06\/1-1024x1024.png 1024w, https:\/\/evolve-fitness.eu\/wp-content\/uploads\/2024\/06\/1-768x768.png 768w\" sizes=\"auto, (max-width: 1080px) 100vw, 1080px\" \/><\/figure>\n<\/div>\n<\/div>\n\n\n\n<div class=\"wp-block-columns alignwide is-layout-flex wp-container-core-columns-is-layout-c45ee707 wp-block-columns-is-layout-flex\" style=\"margin-bottom:var(--wp--preset--spacing--side-padding);padding-top:var(--wp--preset--spacing--side-padding)\">\n<div class=\"wp-block-column is-vertically-aligned-center is-layout-flow wp-block-column-is-layout-flow\">\n<figure class=\"wp-block-image size-large\"><img loading=\"lazy\" decoding=\"async\" width=\"1024\" height=\"683\" src=\"https:\/\/evolve-fitness.eu\/wp-content\/uploads\/2024\/06\/VIRTUAL-1024x683.png\" alt=\"\" class=\"wp-image-142410\" srcset=\"https:\/\/evolve-fitness.eu\/wp-content\/uploads\/2024\/06\/VIRTUAL-1024x683.png 1024w, https:\/\/evolve-fitness.eu\/wp-content\/uploads\/2024\/06\/VIRTUAL-300x200.png 300w, https:\/\/evolve-fitness.eu\/wp-content\/uploads\/2024\/06\/VIRTUAL-225x150.png 225w, https:\/\/evolve-fitness.eu\/wp-content\/uploads\/2024\/06\/VIRTUAL-600x400.png 600w, https:\/\/evolve-fitness.eu\/wp-content\/uploads\/2024\/06\/VIRTUAL-150x100.png 150w, https:\/\/evolve-fitness.eu\/wp-content\/uploads\/2024\/06\/VIRTUAL-768x512.png 768w, https:\/\/evolve-fitness.eu\/wp-content\/uploads\/2024\/06\/VIRTUAL-1536x1024.png 1536w, https:\/\/evolve-fitness.eu\/wp-content\/uploads\/2024\/06\/VIRTUAL-2048x1365.png 2048w\" sizes=\"auto, (max-width: 1024px) 100vw, 1024px\" \/><\/figure>\n<\/div>\n\n\n\n<div class=\"wp-block-column is-vertically-aligned-center is-layout-flow wp-block-column-is-layout-flow\">\n<h3 class=\"wp-block-heading\" style=\"margin-bottom:var(--wp--preset--spacing--h-3-bottom)\"><strong><strong><strong><strong>INTERAKTIVES TRAINING<\/strong><\/strong><\/strong><\/strong><\/h3>\n\n\n\n<p>Holen Sie mehr aus Ihrem Training heraus mit integriertem Zugang zu virtuellen Herausforderungen und laufen Sie in simulierten Umgebungen, auf echten Strecken aus der ganzen Welt. Virtuelle Trainingseinheiten bieten ein lebensechtes Lauferlebnis, das Sie bequem von zu Hause oder im Fitnessstudio absolvieren k\u00f6nnen.<\/p>\n<\/div>\n<\/div>\n<\/section>\n","protected":false},"excerpt":{"rendered":"<p>Das motorisierte Laufband Evolve HT-500-TFT ist ein Meilenstein in der Heimfitness. Dieses Laufband wurde f\u00fcr die Bed\u00fcrfnisse von Anf\u00e4ngern und erfahrenen Sportlern entwickelt und kombiniert robuste Technik mit benutzerfreundlichen Funktionen. Ganz gleich, ob Sie Ihre Pfunde loswerden, Ihre Herz-Kreislauf-Gesundheit verbessern oder einfach nur aktiv bleiben m\u00f6chten, das Evolve HT-500-TFT Laufband ist Ihr perfekter Partner. Seine Mischung aus Leistung, Technologie und Langlebigkeit macht ihn zur idealen Wahl f\u00fcr ein erf\u00fclltes Workout-Erlebnis zu Hause. Beginnen Sie Ihre Fitnessreise noch heute mit dem Evolve HT-500-TFT Laufband &#8211; wo jeder Schritt zu einer ges\u00fcnderen Lebensweise z\u00e4hlt!<\/p>\n","protected":false},"featured_media":13969,"template":"","meta":{"_acf_changed":false,"inline_featured_image":false},"product_brand":[],"product_cat":[417,414],"product_tag":[420],"class_list":{"0":"post-228070","1":"product","2":"type-product","3":"status-publish","4":"has-post-thumbnail","6":"product_cat-cardio-gerate-fur-zu-hause","7":"product_cat-kardiogerate","8":"product_tag-cardiogerate","10":"first","11":"instock","12":"shipping-taxable","13":"purchasable","14":"product-type-simple"},"acf":{"long_title":"Evolve Laufband mit 18,5'' TFT-Konsole (HT-500-TFT)","subtitle":"","specifications":[{"label":"SKU","text_value":"EV-HT-500-TFT","icon":"x"},{"label":"Abmessungen","text_value":"1695 x 860 x 1485 mm","icon":"x"},{"label":"AC-Motor","text_value":"5.0HP","icon":"x"},{"label":"Gewicht","text_value":"125 kg","icon":"x"},{"label":"Geschwindigkeitsbereich","text_value":"1-22km\/h","icon":"x"},{"label":"Konsole","text_value":"LED\/18,5''-TFT-Touchscreen","icon":"x"},{"label":"Abmessungen des G\u00fcrtels","text_value":"1550 x 560 mm","icon":"x"},{"label":"Maximales Benutzergewicht","text_value":"150 kg","icon":"x"},{"label":"Modi und Programme","text_value":"8 integrierte Sportmodi und mehr als 20 Programme in jedem Sportmodus","icon":"x"},{"label":"Neigung","text_value":"0-18%","icon":"x"},{"label":"Andere Termingesch\u00e4fte","text_value":"MP3\/USB-Schnittstelle, Bluetooth-Verbindung zum Musikger\u00e4t","icon":"x"},{"label":"Schmierung","text_value":"Handbuch","icon":"x"}],"product_frequently_asked_questions":null},"yoast_head":"<!-- This site is optimized with the Yoast SEO plugin v27.4 - https:\/\/yoast.com\/product\/yoast-seo-wordpress\/ -->\n<title>Evolve Laufband mit 18,5&#039;&#039; TFT-Konsole (HT-500-TFT) - Evolve<\/title>\n<meta name=\"robots\" content=\"index, follow, max-snippet:-1, max-image-preview:large, max-video-preview:-1\" \/>\n<link rel=\"canonical\" href=\"https:\/\/evolve-fitness.eu\/de\/produkt\/evolve-laufband-mit-185-tft-konsole-ht-500-tft\/\" \/>\n<meta property=\"og:locale\" content=\"de_DE\" \/>\n<meta property=\"og:type\" content=\"article\" \/>\n<meta property=\"og:title\" content=\"Evolve Laufband mit 18,5&#039;&#039; TFT-Konsole (HT-500-TFT) - Evolve\" \/>\n<meta property=\"og:url\" content=\"https:\/\/evolve-fitness.eu\/de\/produkt\/evolve-laufband-mit-185-tft-konsole-ht-500-tft\/\" \/>\n<meta property=\"og:site_name\" content=\"Evolve\" \/>\n<meta property=\"article:publisher\" content=\"https:\/\/www.facebook.com\/EvolveFitnessEurope\" \/>\n<meta property=\"article:modified_time\" content=\"2026-04-07T10:47:03+00:00\" \/>\n<meta property=\"og:image\" content=\"https:\/\/evolve-fitness.eu\/wp-content\/uploads\/2024\/01\/V-HT-500-TFT.png\" \/>\n\t<meta property=\"og:image:width\" content=\"680\" \/>\n\t<meta property=\"og:image:height\" content=\"600\" \/>\n\t<meta property=\"og:image:type\" content=\"image\/png\" \/>\n<meta name=\"twitter:card\" content=\"summary_large_image\" \/>\n<script type=\"application\/ld+json\" class=\"yoast-schema-graph\">{\"@context\":\"https:\\\/\\\/schema.org\",\"@graph\":[{\"@type\":\"WebPage\",\"@id\":\"https:\\\/\\\/evolve-fitness.eu\\\/de\\\/produkt\\\/evolve-laufband-mit-185-tft-konsole-ht-500-tft\\\/\",\"url\":\"https:\\\/\\\/evolve-fitness.eu\\\/de\\\/produkt\\\/evolve-laufband-mit-185-tft-konsole-ht-500-tft\\\/\",\"name\":\"Evolve Laufband mit 18,5'' TFT-Konsole (HT-500-TFT) - Evolve\",\"isPartOf\":{\"@id\":\"https:\\\/\\\/evolve-fitness.eu\\\/de\\\/#website\"},\"primaryImageOfPage\":{\"@id\":\"https:\\\/\\\/evolve-fitness.eu\\\/de\\\/produkt\\\/evolve-laufband-mit-185-tft-konsole-ht-500-tft\\\/#primaryimage\"},\"image\":{\"@id\":\"https:\\\/\\\/evolve-fitness.eu\\\/de\\\/produkt\\\/evolve-laufband-mit-185-tft-konsole-ht-500-tft\\\/#primaryimage\"},\"thumbnailUrl\":\"https:\\\/\\\/evolve-fitness.eu\\\/wp-content\\\/uploads\\\/2024\\\/01\\\/V-HT-500-TFT.png\",\"datePublished\":\"2024-01-10T10:25:49+00:00\",\"dateModified\":\"2026-04-07T10:47:03+00:00\",\"breadcrumb\":{\"@id\":\"https:\\\/\\\/evolve-fitness.eu\\\/de\\\/produkt\\\/evolve-laufband-mit-185-tft-konsole-ht-500-tft\\\/#breadcrumb\"},\"inLanguage\":\"de\",\"potentialAction\":[{\"@type\":\"ReadAction\",\"target\":[\"https:\\\/\\\/evolve-fitness.eu\\\/de\\\/produkt\\\/evolve-laufband-mit-185-tft-konsole-ht-500-tft\\\/\"]}]},{\"@type\":\"ImageObject\",\"inLanguage\":\"de\",\"@id\":\"https:\\\/\\\/evolve-fitness.eu\\\/de\\\/produkt\\\/evolve-laufband-mit-185-tft-konsole-ht-500-tft\\\/#primaryimage\",\"url\":\"https:\\\/\\\/evolve-fitness.eu\\\/wp-content\\\/uploads\\\/2024\\\/01\\\/V-HT-500-TFT.png\",\"contentUrl\":\"https:\\\/\\\/evolve-fitness.eu\\\/wp-content\\\/uploads\\\/2024\\\/01\\\/V-HT-500-TFT.png\",\"width\":680,\"height\":600,\"caption\":\"EV-HT-500-TFT\"},{\"@type\":\"BreadcrumbList\",\"@id\":\"https:\\\/\\\/evolve-fitness.eu\\\/de\\\/produkt\\\/evolve-laufband-mit-185-tft-konsole-ht-500-tft\\\/#breadcrumb\",\"itemListElement\":[{\"@type\":\"ListItem\",\"position\":1,\"name\":\"Home\",\"item\":\"https:\\\/\\\/evolve-fitness.eu\\\/de\\\/\"},{\"@type\":\"ListItem\",\"position\":2,\"name\":\"Produkte\",\"item\":\"https:\\\/\\\/evolve-fitness.eu\\\/de\\\/shop\\\/\"},{\"@type\":\"ListItem\",\"position\":3,\"name\":\"Evolve Laufband mit 18,5&#8221; TFT-Konsole (HT-500-TFT)\"}]},{\"@type\":\"WebSite\",\"@id\":\"https:\\\/\\\/evolve-fitness.eu\\\/de\\\/#website\",\"url\":\"https:\\\/\\\/evolve-fitness.eu\\\/de\\\/\",\"name\":\"Evolve\",\"description\":\"Your Evolved Gear Arrived\",\"publisher\":{\"@id\":\"https:\\\/\\\/evolve-fitness.eu\\\/de\\\/#organization\"},\"potentialAction\":[{\"@type\":\"SearchAction\",\"target\":{\"@type\":\"EntryPoint\",\"urlTemplate\":\"https:\\\/\\\/evolve-fitness.eu\\\/de\\\/?s={search_term_string}\"},\"query-input\":{\"@type\":\"PropertyValueSpecification\",\"valueRequired\":true,\"valueName\":\"search_term_string\"}}],\"inLanguage\":\"de\"},{\"@type\":\"Organization\",\"@id\":\"https:\\\/\\\/evolve-fitness.eu\\\/de\\\/#organization\",\"name\":\"Evolve\",\"url\":\"https:\\\/\\\/evolve-fitness.eu\\\/de\\\/\",\"logo\":{\"@type\":\"ImageObject\",\"inLanguage\":\"de\",\"@id\":\"https:\\\/\\\/evolve-fitness.eu\\\/de\\\/#\\\/schema\\\/logo\\\/image\\\/\",\"url\":\"https:\\\/\\\/evolve-fitness.eu\\\/wp-content\\\/uploads\\\/2023\\\/05\\\/Evolve-logo.svg\",\"contentUrl\":\"https:\\\/\\\/evolve-fitness.eu\\\/wp-content\\\/uploads\\\/2023\\\/05\\\/Evolve-logo.svg\",\"width\":176,\"height\":20,\"caption\":\"Evolve\"},\"image\":{\"@id\":\"https:\\\/\\\/evolve-fitness.eu\\\/de\\\/#\\\/schema\\\/logo\\\/image\\\/\"},\"sameAs\":[\"https:\\\/\\\/www.facebook.com\\\/EvolveFitnessEurope\"]}]}<\/script>\n<!-- \/ Yoast SEO plugin. -->","yoast_head_json":{"title":"Evolve Laufband mit 18,5'' TFT-Konsole (HT-500-TFT) - Evolve","robots":{"index":"index","follow":"follow","max-snippet":"max-snippet:-1","max-image-preview":"max-image-preview:large","max-video-preview":"max-video-preview:-1"},"canonical":"https:\/\/evolve-fitness.eu\/de\/produkt\/evolve-laufband-mit-185-tft-konsole-ht-500-tft\/","og_locale":"de_DE","og_type":"article","og_title":"Evolve Laufband mit 18,5'' TFT-Konsole (HT-500-TFT) - Evolve","og_url":"https:\/\/evolve-fitness.eu\/de\/produkt\/evolve-laufband-mit-185-tft-konsole-ht-500-tft\/","og_site_name":"Evolve","article_publisher":"https:\/\/www.facebook.com\/EvolveFitnessEurope","article_modified_time":"2026-04-07T10:47:03+00:00","og_image":[{"width":680,"height":600,"url":"https:\/\/evolve-fitness.eu\/wp-content\/uploads\/2024\/01\/V-HT-500-TFT.png","type":"image\/png"}],"twitter_card":"summary_large_image","schema":{"@context":"https:\/\/schema.org","@graph":[{"@type":"WebPage","@id":"https:\/\/evolve-fitness.eu\/de\/produkt\/evolve-laufband-mit-185-tft-konsole-ht-500-tft\/","url":"https:\/\/evolve-fitness.eu\/de\/produkt\/evolve-laufband-mit-185-tft-konsole-ht-500-tft\/","name":"Evolve Laufband mit 18,5'' TFT-Konsole (HT-500-TFT) - Evolve","isPartOf":{"@id":"https:\/\/evolve-fitness.eu\/de\/#website"},"primaryImageOfPage":{"@id":"https:\/\/evolve-fitness.eu\/de\/produkt\/evolve-laufband-mit-185-tft-konsole-ht-500-tft\/#primaryimage"},"image":{"@id":"https:\/\/evolve-fitness.eu\/de\/produkt\/evolve-laufband-mit-185-tft-konsole-ht-500-tft\/#primaryimage"},"thumbnailUrl":"https:\/\/evolve-fitness.eu\/wp-content\/uploads\/2024\/01\/V-HT-500-TFT.png","datePublished":"2024-01-10T10:25:49+00:00","dateModified":"2026-04-07T10:47:03+00:00","breadcrumb":{"@id":"https:\/\/evolve-fitness.eu\/de\/produkt\/evolve-laufband-mit-185-tft-konsole-ht-500-tft\/#breadcrumb"},"inLanguage":"de","potentialAction":[{"@type":"ReadAction","target":["https:\/\/evolve-fitness.eu\/de\/produkt\/evolve-laufband-mit-185-tft-konsole-ht-500-tft\/"]}]},{"@type":"ImageObject","inLanguage":"de","@id":"https:\/\/evolve-fitness.eu\/de\/produkt\/evolve-laufband-mit-185-tft-konsole-ht-500-tft\/#primaryimage","url":"https:\/\/evolve-fitness.eu\/wp-content\/uploads\/2024\/01\/V-HT-500-TFT.png","contentUrl":"https:\/\/evolve-fitness.eu\/wp-content\/uploads\/2024\/01\/V-HT-500-TFT.png","width":680,"height":600,"caption":"EV-HT-500-TFT"},{"@type":"BreadcrumbList","@id":"https:\/\/evolve-fitness.eu\/de\/produkt\/evolve-laufband-mit-185-tft-konsole-ht-500-tft\/#breadcrumb","itemListElement":[{"@type":"ListItem","position":1,"name":"Home","item":"https:\/\/evolve-fitness.eu\/de\/"},{"@type":"ListItem","position":2,"name":"Produkte","item":"https:\/\/evolve-fitness.eu\/de\/shop\/"},{"@type":"ListItem","position":3,"name":"Evolve Laufband mit 18,5&#8221; TFT-Konsole (HT-500-TFT)"}]},{"@type":"WebSite","@id":"https:\/\/evolve-fitness.eu\/de\/#website","url":"https:\/\/evolve-fitness.eu\/de\/","name":"Evolve","description":"Your Evolved Gear Arrived","publisher":{"@id":"https:\/\/evolve-fitness.eu\/de\/#organization"},"potentialAction":[{"@type":"SearchAction","target":{"@type":"EntryPoint","urlTemplate":"https:\/\/evolve-fitness.eu\/de\/?s={search_term_string}"},"query-input":{"@type":"PropertyValueSpecification","valueRequired":true,"valueName":"search_term_string"}}],"inLanguage":"de"},{"@type":"Organization","@id":"https:\/\/evolve-fitness.eu\/de\/#organization","name":"Evolve","url":"https:\/\/evolve-fitness.eu\/de\/","logo":{"@type":"ImageObject","inLanguage":"de","@id":"https:\/\/evolve-fitness.eu\/de\/#\/schema\/logo\/image\/","url":"https:\/\/evolve-fitness.eu\/wp-content\/uploads\/2023\/05\/Evolve-logo.svg","contentUrl":"https:\/\/evolve-fitness.eu\/wp-content\/uploads\/2023\/05\/Evolve-logo.svg","width":176,"height":20,"caption":"Evolve"},"image":{"@id":"https:\/\/evolve-fitness.eu\/de\/#\/schema\/logo\/image\/"},"sameAs":["https:\/\/www.facebook.com\/EvolveFitnessEurope"]}]}},"_links":{"self":[{"href":"https:\/\/evolve-fitness.eu\/de\/wp-json\/wp\/v2\/product\/228070","targetHints":{"allow":["GET"]}}],"collection":[{"href":"https:\/\/evolve-fitness.eu\/de\/wp-json\/wp\/v2\/product"}],"about":[{"href":"https:\/\/evolve-fitness.eu\/de\/wp-json\/wp\/v2\/types\/product"}],"wp:featuredmedia":[{"embeddable":true,"href":"https:\/\/evolve-fitness.eu\/de\/wp-json\/wp\/v2\/media\/13969"}],"wp:attachment":[{"href":"https:\/\/evolve-fitness.eu\/de\/wp-json\/wp\/v2\/media?parent=228070"}],"wp:term":[{"taxonomy":"product_brand","embeddable":true,"href":"https:\/\/evolve-fitness.eu\/de\/wp-json\/wp\/v2\/product_brand?post=228070"},{"taxonomy":"product_cat","embeddable":true,"href":"https:\/\/evolve-fitness.eu\/de\/wp-json\/wp\/v2\/product_cat?post=228070"},{"taxonomy":"product_tag","embeddable":true,"href":"https:\/\/evolve-fitness.eu\/de\/wp-json\/wp\/v2\/product_tag?post=228070"}],"curies":[{"name":"wp","href":"https:\/\/api.w.org\/{rel}","templated":true}]}}