{"id":232309,"date":"2025-10-22T14:35:04","date_gmt":"2025-10-22T11:35:04","guid":{"rendered":"https:\/\/evolve-fitness.eu\/product\/evolve-prime-series-plate-loaded-double-function-chest-press-lat-pull-down-pr-050\/"},"modified":"2026-04-21T13:53:38","modified_gmt":"2026-04-21T10:53:38","slug":"evolve-prime-series-plate-loaded-double-function-chest-press-lat-pull-down-pr-050","status":"publish","type":"product","link":"https:\/\/evolve-fitness.eu\/de\/produkt\/evolve-prime-series-plate-loaded-double-function-chest-press-lat-pull-down-pr-050\/","title":{"rendered":"Evolve Prime Series Plate Loaded Double Function Chest Press &amp; Lat Pull Down (PR-050)"},"content":{"rendered":"\n<section class=\"wp-block-group alignfull black-content has-white-color has-darkgray-background-color has-text-color has-background is-layout-constrained wp-block-group-is-layout-constrained\" style=\"padding-top:var(--wp--preset--spacing--section-bottom);padding-bottom:var(--wp--preset--spacing--section-bottom)\">\n<h3 class=\"wp-block-heading has-text-align-center\"><strong><strong>EVOLVE PLATE LOADED PRIME SERIES<\/strong><\/strong><\/h3>\n\n\n\n<p>Bei der Evolve Plate Loaded Prime Serie ist Exzellenz der Standard. Verbessern Sie Ihr Krafttraining mit Ger\u00e4ten, die auf Komfort, Haltbarkeit und Leistung ausgelegt sind. Entdecken Sie noch heute die gesamte Produktlinie und definieren Sie Ihre Fitness neu.  <\/p>\n\n\n\n<section class=\"wp-block-group alignfull black-content has-white-color has-darkgray-background-color has-text-color has-background is-layout-constrained wp-block-group-is-layout-constrained\" style=\"padding-top:var(--wp--preset--spacing--section-bottom);padding-bottom:var(--wp--preset--spacing--section-bottom)\">\n<div class=\"wp-block-columns alignwide mobile-reverse is-layout-flex wp-container-core-columns-is-layout-ca64bf2d wp-block-columns-is-layout-flex\" style=\"margin-bottom:var(--wp--preset--spacing--side-padding)\">\n<div class=\"wp-block-column is-vertically-aligned-center is-layout-flow wp-block-column-is-layout-flow\">\n<h3 class=\"wp-block-heading\" style=\"margin-bottom:var(--wp--preset--spacing--h-3-bottom)\"><strong><strong><strong><strong>Evolve Prime Series Plate Loaded Double Function Chest Press &amp; Lat Pulldown<\/strong><\/strong><\/strong><\/strong><\/h3>\n\n\n\n<p><strong><strong>Vielseitiges Krafttraining f\u00fcr die Kraft des Oberk\u00f6rpers<\/strong><\/strong><\/p>\n\n\n\n<p style=\"margin-bottom:var(--wp--preset--spacing--tb-section-padding)\">Das <strong>Evolve Prime Series Plate Loaded Double Function Chest Press &amp; Lat Pulldown<\/strong> ist ein multifunktionales Ger\u00e4t, das sowohl die Druck- als auch die Zugkraft in einem kompakten, effizienten Design maximiert. Mit diesem Doppelfunktionssystem k\u00f6nnen Sie mit der Brustpresse Brust, Schultern und Trizeps trainieren, w\u00e4hrend Sie mit dem Lat Pulldown auch die Lendenmuskeln, den Bizeps und den oberen R\u00fccken beanspruchen. Mit seinem ergonomischen Sitz, den verstellbaren Einstellungen und dem sanften, mit Platten best\u00fcckten Widerstandssystem gew\u00e4hrleistet dieses Ger\u00e4t einen nat\u00fcrlichen Bewegungsumfang und eine optimale Muskelanspannung f\u00fcr ein komplettes Oberk\u00f6rpertraining.  <\/p>\n\n\n\n<h3 class=\"wp-block-heading\" style=\"margin-bottom:var(--wp--preset--spacing--h-3-bottom)\"><strong><strong><strong><strong><strong>Zwei leistungsstarke \u00dcbungen in einem Ger\u00e4t<\/strong><\/strong><\/strong><\/strong><\/strong><\/h3>\n\n\n\n<p><strong>Effizientes Design f\u00fcr ausgewogene Kraft im Oberk\u00f6rper<\/strong><\/p>\n\n\n\n<p>Die <strong>Evolve Prime Series Plate Loaded Double Function Chest Press &amp; Lat Pulldown<\/strong> bietet den Komfort von zwei wichtigen \u00dcbungen in einem platzsparenden Ger\u00e4t. Die Brustpressenfunktion sorgt f\u00fcr eine kontrollierte Druckbewegung, um die Kraft des Oberk\u00f6rpers zu entwickeln, w\u00e4hrend die Latzugfunktion eine effiziente St\u00e4rkung des R\u00fcckens mit einem sanften, anpassbaren Widerstand erm\u00f6glicht. Die unabh\u00e4ngige Armbewegung sorgt f\u00fcr eine ausgewogene Muskelentwicklung, w\u00e4hrend der robuste Rahmen die Stabilit\u00e4t und Haltbarkeit erh\u00f6ht. Dieses Ger\u00e4t ist sowohl f\u00fcr Anf\u00e4nger als auch f\u00fcr Fortgeschrittene geeignet und bietet ein komplettes Krafttraining f\u00fcr den Oberk\u00f6rper.   <\/p>\n<\/div>\n\n\n\n<div class=\"wp-block-column is-vertically-aligned-center is-layout-flow wp-block-column-is-layout-flow\">\n<figure class=\"wp-block-image size-large is-resized is-style-rounded\"><img decoding=\"async\" src=\"https:\/\/store.evolve-fitness.eu\/wp-content\/uploads\/2025\/03\/EV-PL-PR-050-Evolve-Prime-Series-Plate-Loaded-Double-Function-Chest-Press-Lat-Pull-Down-3-1024x1024.png\" alt=\"\" class=\"wp-image-121336\" style=\"width:643px;height:706px\"\/><\/figure>\n<\/div>\n<\/div>\n<\/section>\n<\/section>\n","protected":false},"excerpt":{"rendered":"<p>Das Evolve Prime Series Plate Loaded Double Function Chest Press &amp; Lat Pulldown (EV-PL-PR-050) ist ein multifunktionales Ger\u00e4t, das sowohl die Druck- als auch die Zugkraft in einem kompakten, effizienten Design maximiert. Mit diesem Doppelfunktionssystem k\u00f6nnen Sie mit der Brustpresse Brust, Schultern und Trizeps trainieren, w\u00e4hrend Sie mit dem Lat Pulldown die Lendenmuskeln, den Bizeps und den oberen R\u00fccken beanspruchen. Mit seinem ergonomischen Sitz, den verstellbaren Einstellungen und dem sanften, mit Platten best\u00fcckten Widerstandssystem gew\u00e4hrleistet dieses Ger\u00e4t einen nat\u00fcrlichen Bewegungsumfang und eine optimale Muskelanspannung f\u00fcr ein komplettes Oberk\u00f6rpertraining.  <\/p>\n","protected":false},"featured_media":232310,"template":"","meta":{"_acf_changed":false,"inline_featured_image":false},"product_brand":[],"product_cat":[743,751],"product_tag":[],"class_list":{"0":"post-232309","1":"product","2":"type-product","3":"status-publish","4":"has-post-thumbnail","6":"product_cat-maschinen-mit-plattenbeladung","7":"product_cat-prime-serie-platte-geladen","9":"first","10":"instock","11":"shipping-taxable","12":"purchasable","13":"product-type-simple"},"acf":{"long_title":"Evolve Prime Series Plate Loaded Double Function Chest Press & Lat Pull Down (PR-050)","subtitle":"","specifications":[{"label":"SKU","text_value":"EV-PL-PR-050","icon":"x"},{"label":"Abmessungen","text_value":"2150\u00d71690\u00d72030 mm","icon":"x"},{"label":"Gewicht","text_value":"192 kg","icon":"x"},{"label":"Maximales Benutzergewicht","text_value":"180 kg","icon":"x"},{"label":"Aufbewahrung der Hantelscheiben","text_value":"","icon":"v"},{"label":"\u00dcbergro\u00dfe, abgewinkelte und rutschfeste Fu\u00dfst\u00fctze","text_value":"","icon":"v"},{"label":"Dick gepolstert","text_value":"","icon":"v"},{"label":"Langlebige Bodenschoner","text_value":"","icon":"v"},{"label":"Anti-Rutsch-Griffe","text_value":"","icon":"v"},{"label":"Korrosionsschutzfarbe","text_value":"","icon":"v"},{"label":"Metallrahmen ohne scharfe Kanten","text_value":"","icon":"v"},{"label":"Garantie","text_value":"2 Jahre","icon":"x"}],"product_frequently_asked_questions":null},"yoast_head":"<!-- This site is optimized with the Yoast SEO plugin v27.4 - https:\/\/yoast.com\/product\/yoast-seo-wordpress\/ -->\n<title>Evolve Prime Series Plate Loaded Double Function Chest Press &amp; Lat Pull Down (PR-050) - Evolve<\/title>\n<meta name=\"description\" content=\"Das Evolve Prime Series Plate Loaded Double Function Chest Press &amp; Lat Pulldown (EV-PL-PR-050) ist ein multifunktionales Ger\u00e4t, das sowohl f\u00fcr das\" \/>\n<meta name=\"robots\" content=\"index, follow, max-snippet:-1, max-image-preview:large, max-video-preview:-1\" \/>\n<link rel=\"canonical\" href=\"https:\/\/evolve-fitness.eu\/de\/produkt\/evolve-prime-series-plate-loaded-double-function-chest-press-lat-pull-down-pr-050\/\" \/>\n<meta property=\"og:locale\" content=\"de_DE\" \/>\n<meta property=\"og:type\" content=\"article\" \/>\n<meta property=\"og:title\" content=\"Evolve Prime Series Plate Loaded Double Function Chest Press &amp; Lat Pull Down (PR-050) - Evolve\" \/>\n<meta property=\"og:description\" content=\"Das Evolve Prime Series Plate Loaded Double Function Chest Press &amp; Lat Pulldown (EV-PL-PR-050) ist ein multifunktionales Ger\u00e4t, das sowohl f\u00fcr das\" \/>\n<meta property=\"og:url\" content=\"https:\/\/evolve-fitness.eu\/de\/produkt\/evolve-prime-series-plate-loaded-double-function-chest-press-lat-pull-down-pr-050\/\" \/>\n<meta property=\"og:site_name\" content=\"Evolve\" \/>\n<meta property=\"article:publisher\" content=\"https:\/\/www.facebook.com\/EvolveFitnessEurope\" \/>\n<meta property=\"article:modified_time\" content=\"2026-04-21T10:53:38+00:00\" \/>\n<meta property=\"og:image\" content=\"https:\/\/evolve-fitness.eu\/wp-content\/uploads\/2025\/10\/EV-PL-PR-050-Evolve-Prime-Series-Plate-Loaded-Double-Function-Chest-Press-Lat-Pull-Down-1.png\" \/>\n\t<meta property=\"og:image:width\" content=\"675\" \/>\n\t<meta property=\"og:image:height\" content=\"844\" \/>\n\t<meta property=\"og:image:type\" content=\"image\/png\" \/>\n<meta name=\"twitter:card\" content=\"summary_large_image\" \/>\n<script type=\"application\/ld+json\" class=\"yoast-schema-graph\">{\"@context\":\"https:\\\/\\\/schema.org\",\"@graph\":[{\"@type\":\"WebPage\",\"@id\":\"https:\\\/\\\/evolve-fitness.eu\\\/de\\\/produkt\\\/evolve-prime-series-plate-loaded-double-function-chest-press-lat-pull-down-pr-050\\\/\",\"url\":\"https:\\\/\\\/evolve-fitness.eu\\\/de\\\/produkt\\\/evolve-prime-series-plate-loaded-double-function-chest-press-lat-pull-down-pr-050\\\/\",\"name\":\"Evolve Prime Series Plate Loaded Double Function Chest Press &amp; Lat Pull Down (PR-050) - Evolve\",\"isPartOf\":{\"@id\":\"https:\\\/\\\/evolve-fitness.eu\\\/de\\\/#website\"},\"primaryImageOfPage\":{\"@id\":\"https:\\\/\\\/evolve-fitness.eu\\\/de\\\/produkt\\\/evolve-prime-series-plate-loaded-double-function-chest-press-lat-pull-down-pr-050\\\/#primaryimage\"},\"image\":{\"@id\":\"https:\\\/\\\/evolve-fitness.eu\\\/de\\\/produkt\\\/evolve-prime-series-plate-loaded-double-function-chest-press-lat-pull-down-pr-050\\\/#primaryimage\"},\"thumbnailUrl\":\"https:\\\/\\\/evolve-fitness.eu\\\/wp-content\\\/uploads\\\/2025\\\/10\\\/EV-PL-PR-050-Evolve-Prime-Series-Plate-Loaded-Double-Function-Chest-Press-Lat-Pull-Down-1.png\",\"datePublished\":\"2025-10-22T11:35:04+00:00\",\"dateModified\":\"2026-04-21T10:53:38+00:00\",\"description\":\"Das Evolve Prime Series Plate Loaded Double Function Chest Press & Lat Pulldown (EV-PL-PR-050) ist ein multifunktionales Ger\u00e4t, das sowohl f\u00fcr das\",\"breadcrumb\":{\"@id\":\"https:\\\/\\\/evolve-fitness.eu\\\/de\\\/produkt\\\/evolve-prime-series-plate-loaded-double-function-chest-press-lat-pull-down-pr-050\\\/#breadcrumb\"},\"inLanguage\":\"de\",\"potentialAction\":[{\"@type\":\"ReadAction\",\"target\":[\"https:\\\/\\\/evolve-fitness.eu\\\/de\\\/produkt\\\/evolve-prime-series-plate-loaded-double-function-chest-press-lat-pull-down-pr-050\\\/\"]}]},{\"@type\":\"ImageObject\",\"inLanguage\":\"de\",\"@id\":\"https:\\\/\\\/evolve-fitness.eu\\\/de\\\/produkt\\\/evolve-prime-series-plate-loaded-double-function-chest-press-lat-pull-down-pr-050\\\/#primaryimage\",\"url\":\"https:\\\/\\\/evolve-fitness.eu\\\/wp-content\\\/uploads\\\/2025\\\/10\\\/EV-PL-PR-050-Evolve-Prime-Series-Plate-Loaded-Double-Function-Chest-Press-Lat-Pull-Down-1.png\",\"contentUrl\":\"https:\\\/\\\/evolve-fitness.eu\\\/wp-content\\\/uploads\\\/2025\\\/10\\\/EV-PL-PR-050-Evolve-Prime-Series-Plate-Loaded-Double-Function-Chest-Press-Lat-Pull-Down-1.png\",\"width\":675,\"height\":844},{\"@type\":\"BreadcrumbList\",\"@id\":\"https:\\\/\\\/evolve-fitness.eu\\\/de\\\/produkt\\\/evolve-prime-series-plate-loaded-double-function-chest-press-lat-pull-down-pr-050\\\/#breadcrumb\",\"itemListElement\":[{\"@type\":\"ListItem\",\"position\":1,\"name\":\"Home\",\"item\":\"https:\\\/\\\/evolve-fitness.eu\\\/de\\\/\"},{\"@type\":\"ListItem\",\"position\":2,\"name\":\"Produkte\",\"item\":\"https:\\\/\\\/evolve-fitness.eu\\\/de\\\/shop\\\/\"},{\"@type\":\"ListItem\",\"position\":3,\"name\":\"Evolve Prime Series Plate Loaded Double Function Chest Press &amp; Lat Pull Down (PR-050)\"}]},{\"@type\":\"WebSite\",\"@id\":\"https:\\\/\\\/evolve-fitness.eu\\\/de\\\/#website\",\"url\":\"https:\\\/\\\/evolve-fitness.eu\\\/de\\\/\",\"name\":\"Evolve\",\"description\":\"Your Evolved Gear Arrived\",\"publisher\":{\"@id\":\"https:\\\/\\\/evolve-fitness.eu\\\/de\\\/#organization\"},\"potentialAction\":[{\"@type\":\"SearchAction\",\"target\":{\"@type\":\"EntryPoint\",\"urlTemplate\":\"https:\\\/\\\/evolve-fitness.eu\\\/de\\\/?s={search_term_string}\"},\"query-input\":{\"@type\":\"PropertyValueSpecification\",\"valueRequired\":true,\"valueName\":\"search_term_string\"}}],\"inLanguage\":\"de\"},{\"@type\":\"Organization\",\"@id\":\"https:\\\/\\\/evolve-fitness.eu\\\/de\\\/#organization\",\"name\":\"Evolve\",\"url\":\"https:\\\/\\\/evolve-fitness.eu\\\/de\\\/\",\"logo\":{\"@type\":\"ImageObject\",\"inLanguage\":\"de\",\"@id\":\"https:\\\/\\\/evolve-fitness.eu\\\/de\\\/#\\\/schema\\\/logo\\\/image\\\/\",\"url\":\"https:\\\/\\\/evolve-fitness.eu\\\/wp-content\\\/uploads\\\/2023\\\/05\\\/Evolve-logo.svg\",\"contentUrl\":\"https:\\\/\\\/evolve-fitness.eu\\\/wp-content\\\/uploads\\\/2023\\\/05\\\/Evolve-logo.svg\",\"width\":176,\"height\":20,\"caption\":\"Evolve\"},\"image\":{\"@id\":\"https:\\\/\\\/evolve-fitness.eu\\\/de\\\/#\\\/schema\\\/logo\\\/image\\\/\"},\"sameAs\":[\"https:\\\/\\\/www.facebook.com\\\/EvolveFitnessEurope\"]}]}<\/script>\n<!-- \/ Yoast SEO plugin. -->","yoast_head_json":{"title":"Evolve Prime Series Plate Loaded Double Function Chest Press &amp; Lat Pull Down (PR-050) - Evolve","description":"Das Evolve Prime Series Plate Loaded Double Function Chest Press & Lat Pulldown (EV-PL-PR-050) ist ein multifunktionales Ger\u00e4t, das sowohl f\u00fcr das","robots":{"index":"index","follow":"follow","max-snippet":"max-snippet:-1","max-image-preview":"max-image-preview:large","max-video-preview":"max-video-preview:-1"},"canonical":"https:\/\/evolve-fitness.eu\/de\/produkt\/evolve-prime-series-plate-loaded-double-function-chest-press-lat-pull-down-pr-050\/","og_locale":"de_DE","og_type":"article","og_title":"Evolve Prime Series Plate Loaded Double Function Chest Press &amp; Lat Pull Down (PR-050) - Evolve","og_description":"Das Evolve Prime Series Plate Loaded Double Function Chest Press & Lat Pulldown (EV-PL-PR-050) ist ein multifunktionales Ger\u00e4t, das sowohl f\u00fcr das","og_url":"https:\/\/evolve-fitness.eu\/de\/produkt\/evolve-prime-series-plate-loaded-double-function-chest-press-lat-pull-down-pr-050\/","og_site_name":"Evolve","article_publisher":"https:\/\/www.facebook.com\/EvolveFitnessEurope","article_modified_time":"2026-04-21T10:53:38+00:00","og_image":[{"width":675,"height":844,"url":"https:\/\/evolve-fitness.eu\/wp-content\/uploads\/2025\/10\/EV-PL-PR-050-Evolve-Prime-Series-Plate-Loaded-Double-Function-Chest-Press-Lat-Pull-Down-1.png","type":"image\/png"}],"twitter_card":"summary_large_image","schema":{"@context":"https:\/\/schema.org","@graph":[{"@type":"WebPage","@id":"https:\/\/evolve-fitness.eu\/de\/produkt\/evolve-prime-series-plate-loaded-double-function-chest-press-lat-pull-down-pr-050\/","url":"https:\/\/evolve-fitness.eu\/de\/produkt\/evolve-prime-series-plate-loaded-double-function-chest-press-lat-pull-down-pr-050\/","name":"Evolve Prime Series Plate Loaded Double Function Chest Press &amp; Lat Pull Down (PR-050) - Evolve","isPartOf":{"@id":"https:\/\/evolve-fitness.eu\/de\/#website"},"primaryImageOfPage":{"@id":"https:\/\/evolve-fitness.eu\/de\/produkt\/evolve-prime-series-plate-loaded-double-function-chest-press-lat-pull-down-pr-050\/#primaryimage"},"image":{"@id":"https:\/\/evolve-fitness.eu\/de\/produkt\/evolve-prime-series-plate-loaded-double-function-chest-press-lat-pull-down-pr-050\/#primaryimage"},"thumbnailUrl":"https:\/\/evolve-fitness.eu\/wp-content\/uploads\/2025\/10\/EV-PL-PR-050-Evolve-Prime-Series-Plate-Loaded-Double-Function-Chest-Press-Lat-Pull-Down-1.png","datePublished":"2025-10-22T11:35:04+00:00","dateModified":"2026-04-21T10:53:38+00:00","description":"Das Evolve Prime Series Plate Loaded Double Function Chest Press & Lat Pulldown (EV-PL-PR-050) ist ein multifunktionales Ger\u00e4t, das sowohl f\u00fcr das","breadcrumb":{"@id":"https:\/\/evolve-fitness.eu\/de\/produkt\/evolve-prime-series-plate-loaded-double-function-chest-press-lat-pull-down-pr-050\/#breadcrumb"},"inLanguage":"de","potentialAction":[{"@type":"ReadAction","target":["https:\/\/evolve-fitness.eu\/de\/produkt\/evolve-prime-series-plate-loaded-double-function-chest-press-lat-pull-down-pr-050\/"]}]},{"@type":"ImageObject","inLanguage":"de","@id":"https:\/\/evolve-fitness.eu\/de\/produkt\/evolve-prime-series-plate-loaded-double-function-chest-press-lat-pull-down-pr-050\/#primaryimage","url":"https:\/\/evolve-fitness.eu\/wp-content\/uploads\/2025\/10\/EV-PL-PR-050-Evolve-Prime-Series-Plate-Loaded-Double-Function-Chest-Press-Lat-Pull-Down-1.png","contentUrl":"https:\/\/evolve-fitness.eu\/wp-content\/uploads\/2025\/10\/EV-PL-PR-050-Evolve-Prime-Series-Plate-Loaded-Double-Function-Chest-Press-Lat-Pull-Down-1.png","width":675,"height":844},{"@type":"BreadcrumbList","@id":"https:\/\/evolve-fitness.eu\/de\/produkt\/evolve-prime-series-plate-loaded-double-function-chest-press-lat-pull-down-pr-050\/#breadcrumb","itemListElement":[{"@type":"ListItem","position":1,"name":"Home","item":"https:\/\/evolve-fitness.eu\/de\/"},{"@type":"ListItem","position":2,"name":"Produkte","item":"https:\/\/evolve-fitness.eu\/de\/shop\/"},{"@type":"ListItem","position":3,"name":"Evolve Prime Series Plate Loaded Double Function Chest Press &amp; Lat Pull Down (PR-050)"}]},{"@type":"WebSite","@id":"https:\/\/evolve-fitness.eu\/de\/#website","url":"https:\/\/evolve-fitness.eu\/de\/","name":"Evolve","description":"Your Evolved Gear Arrived","publisher":{"@id":"https:\/\/evolve-fitness.eu\/de\/#organization"},"potentialAction":[{"@type":"SearchAction","target":{"@type":"EntryPoint","urlTemplate":"https:\/\/evolve-fitness.eu\/de\/?s={search_term_string}"},"query-input":{"@type":"PropertyValueSpecification","valueRequired":true,"valueName":"search_term_string"}}],"inLanguage":"de"},{"@type":"Organization","@id":"https:\/\/evolve-fitness.eu\/de\/#organization","name":"Evolve","url":"https:\/\/evolve-fitness.eu\/de\/","logo":{"@type":"ImageObject","inLanguage":"de","@id":"https:\/\/evolve-fitness.eu\/de\/#\/schema\/logo\/image\/","url":"https:\/\/evolve-fitness.eu\/wp-content\/uploads\/2023\/05\/Evolve-logo.svg","contentUrl":"https:\/\/evolve-fitness.eu\/wp-content\/uploads\/2023\/05\/Evolve-logo.svg","width":176,"height":20,"caption":"Evolve"},"image":{"@id":"https:\/\/evolve-fitness.eu\/de\/#\/schema\/logo\/image\/"},"sameAs":["https:\/\/www.facebook.com\/EvolveFitnessEurope"]}]}},"_links":{"self":[{"href":"https:\/\/evolve-fitness.eu\/de\/wp-json\/wp\/v2\/product\/232309","targetHints":{"allow":["GET"]}}],"collection":[{"href":"https:\/\/evolve-fitness.eu\/de\/wp-json\/wp\/v2\/product"}],"about":[{"href":"https:\/\/evolve-fitness.eu\/de\/wp-json\/wp\/v2\/types\/product"}],"wp:featuredmedia":[{"embeddable":true,"href":"https:\/\/evolve-fitness.eu\/de\/wp-json\/wp\/v2\/media\/232310"}],"wp:attachment":[{"href":"https:\/\/evolve-fitness.eu\/de\/wp-json\/wp\/v2\/media?parent=232309"}],"wp:term":[{"taxonomy":"product_brand","embeddable":true,"href":"https:\/\/evolve-fitness.eu\/de\/wp-json\/wp\/v2\/product_brand?post=232309"},{"taxonomy":"product_cat","embeddable":true,"href":"https:\/\/evolve-fitness.eu\/de\/wp-json\/wp\/v2\/product_cat?post=232309"},{"taxonomy":"product_tag","embeddable":true,"href":"https:\/\/evolve-fitness.eu\/de\/wp-json\/wp\/v2\/product_tag?post=232309"}],"curies":[{"name":"wp","href":"https:\/\/api.w.org\/{rel}","templated":true}]}}