{"id":235107,"date":"2025-10-14T16:01:04","date_gmt":"2025-10-14T13:01:04","guid":{"rendered":"https:\/\/evolve-fitness.eu\/product\/evolve-econ-series-plate-loaded-hack-squat-leg-press-ec-220\/"},"modified":"2025-10-14T16:01:04","modified_gmt":"2025-10-14T13:01:04","slug":"evolve-econ-series-plate-loaded-hack-squat-leg-press-ec-220","status":"publish","type":"product","link":"https:\/\/evolve-fitness.eu\/de\/produkt\/evolve-econ-series-plate-loaded-hack-squat-leg-press-ec-220\/","title":{"rendered":"Evolve Econ Series Plate Loaded Hack Squat &amp; Leg Press (EC-220)"},"content":{"rendered":"","protected":false},"excerpt":{"rendered":"<p>Die Evolve Econ Series Plate Loaded Hack Squat &amp; Leg Press kombiniert zwei wichtige \u00dcbungen f\u00fcr den unteren K\u00f6rperbereich in einem vielseitigen Ger\u00e4t und trainiert Quadrizeps, Kniesehnen und Ges\u00e4\u00dfmuskulatur mit Pr\u00e4zision und Kontrolle. Das plattengest\u00fctzte System bietet einen gleichm\u00e4\u00dfigen und einstellbaren Widerstand, w\u00e4hrend die ergonomische R\u00fcckenlehne und die Fu\u00dfplatte f\u00fcr Komfort und eine korrekte Ausrichtung sorgen. Das Ger\u00e4t besteht aus strapazierf\u00e4higen Materialien f\u00fcr eine lange Lebensdauer und ist ideal f\u00fcr kommerzielle und professionelle Fitnessstudios, die eine platzsparende Leistung ben\u00f6tigen.  <\/p>\n","protected":false},"featured_media":235110,"template":"","meta":{"_acf_changed":false,"inline_featured_image":false},"product_brand":[],"product_cat":[744,743],"product_tag":[13195,13160],"class_list":{"0":"post-235107","1":"product","2":"type-product","3":"status-publish","4":"has-post-thumbnail","6":"product_cat-econ-serie-platte-geladen","7":"product_cat-maschinen-mit-plattenbeladung","8":"product_tag-beinpresse","9":"product_tag-kniebeuge","11":"first","12":"instock","13":"shipping-taxable","14":"purchasable","15":"product-type-simple"},"acf":{"long_title":"Evolve Econ Series Plate Loaded Hack Squat & Leg Press (EC-220)","subtitle":"","specifications":[{"label":"SKU","text_value":"EV-PL-EC-220","icon":"x"},{"label":"Abmessungen","text_value":"2634 x 1020 x 1373 mm","icon":"x"},{"label":"Gewicht","text_value":"150,5 kg","icon":"x"},{"label":"Max. laden","text_value":"2 x 175 kg","icon":"x"},{"label":"Max. Benutzergewicht","text_value":"150 kg","icon":"x"},{"label":"Korrosionsschutzfarbe","text_value":"","icon":"v"},{"label":"Metallrahmen ohne scharfe Kanten","text_value":"","icon":"v"},{"label":"Langlebige Bodenschoner","text_value":"","icon":"v"},{"label":"Garantie","text_value":"2 Jahre","icon":"x"}],"product_frequently_asked_questions":null},"yoast_head":"<!-- This site is optimized with the Yoast SEO plugin v27.4 - https:\/\/yoast.com\/product\/yoast-seo-wordpress\/ -->\n<title>Evolve Econ Series Plate Loaded Hack Squat &amp; Leg Press (EC-220) - Evolve<\/title>\n<meta name=\"description\" content=\"Die Evolve Econ Series Plate Loaded Hack Squat &amp; Leg Press kombiniert zwei wichtige \u00dcbungen f\u00fcr den unteren K\u00f6rperbereich in einem vielseitigen Ger\u00e4t\" \/>\n<meta name=\"robots\" content=\"index, follow, max-snippet:-1, max-image-preview:large, max-video-preview:-1\" \/>\n<link rel=\"canonical\" href=\"https:\/\/evolve-fitness.eu\/de\/produkt\/evolve-econ-series-plate-loaded-hack-squat-leg-press-ec-220\/\" \/>\n<meta property=\"og:locale\" content=\"de_DE\" \/>\n<meta property=\"og:type\" content=\"article\" \/>\n<meta property=\"og:title\" content=\"Evolve Econ Series Plate Loaded Hack Squat &amp; Leg Press (EC-220) - Evolve\" \/>\n<meta property=\"og:description\" content=\"Die Evolve Econ Series Plate Loaded Hack Squat &amp; Leg Press kombiniert zwei wichtige \u00dcbungen f\u00fcr den unteren K\u00f6rperbereich in einem vielseitigen Ger\u00e4t\" \/>\n<meta property=\"og:url\" content=\"https:\/\/evolve-fitness.eu\/de\/produkt\/evolve-econ-series-plate-loaded-hack-squat-leg-press-ec-220\/\" \/>\n<meta property=\"og:site_name\" content=\"Evolve\" \/>\n<meta property=\"article:publisher\" content=\"https:\/\/www.facebook.com\/EvolveFitnessEurope\" \/>\n<meta property=\"og:image\" content=\"https:\/\/evolve-fitness.eu\/wp-content\/uploads\/2025\/10\/ev-pl-ec-2201.png\" \/>\n\t<meta property=\"og:image:width\" content=\"675\" \/>\n\t<meta property=\"og:image:height\" content=\"675\" \/>\n\t<meta property=\"og:image:type\" content=\"image\/png\" \/>\n<meta name=\"twitter:card\" content=\"summary_large_image\" \/>\n<script type=\"application\/ld+json\" class=\"yoast-schema-graph\">{\"@context\":\"https:\\\/\\\/schema.org\",\"@graph\":[{\"@type\":\"WebPage\",\"@id\":\"https:\\\/\\\/evolve-fitness.eu\\\/de\\\/produkt\\\/evolve-econ-series-plate-loaded-hack-squat-leg-press-ec-220\\\/\",\"url\":\"https:\\\/\\\/evolve-fitness.eu\\\/de\\\/produkt\\\/evolve-econ-series-plate-loaded-hack-squat-leg-press-ec-220\\\/\",\"name\":\"Evolve Econ Series Plate Loaded Hack Squat &amp; Leg Press (EC-220) - Evolve\",\"isPartOf\":{\"@id\":\"https:\\\/\\\/evolve-fitness.eu\\\/de\\\/#website\"},\"primaryImageOfPage\":{\"@id\":\"https:\\\/\\\/evolve-fitness.eu\\\/de\\\/produkt\\\/evolve-econ-series-plate-loaded-hack-squat-leg-press-ec-220\\\/#primaryimage\"},\"image\":{\"@id\":\"https:\\\/\\\/evolve-fitness.eu\\\/de\\\/produkt\\\/evolve-econ-series-plate-loaded-hack-squat-leg-press-ec-220\\\/#primaryimage\"},\"thumbnailUrl\":\"https:\\\/\\\/evolve-fitness.eu\\\/wp-content\\\/uploads\\\/2025\\\/10\\\/ev-pl-ec-2201.png\",\"datePublished\":\"2025-10-14T13:01:04+00:00\",\"description\":\"Die Evolve Econ Series Plate Loaded Hack Squat & Leg Press kombiniert zwei wichtige \u00dcbungen f\u00fcr den unteren K\u00f6rperbereich in einem vielseitigen Ger\u00e4t\",\"breadcrumb\":{\"@id\":\"https:\\\/\\\/evolve-fitness.eu\\\/de\\\/produkt\\\/evolve-econ-series-plate-loaded-hack-squat-leg-press-ec-220\\\/#breadcrumb\"},\"inLanguage\":\"de\",\"potentialAction\":[{\"@type\":\"ReadAction\",\"target\":[\"https:\\\/\\\/evolve-fitness.eu\\\/de\\\/produkt\\\/evolve-econ-series-plate-loaded-hack-squat-leg-press-ec-220\\\/\"]}]},{\"@type\":\"ImageObject\",\"inLanguage\":\"de\",\"@id\":\"https:\\\/\\\/evolve-fitness.eu\\\/de\\\/produkt\\\/evolve-econ-series-plate-loaded-hack-squat-leg-press-ec-220\\\/#primaryimage\",\"url\":\"https:\\\/\\\/evolve-fitness.eu\\\/wp-content\\\/uploads\\\/2025\\\/10\\\/ev-pl-ec-2201.png\",\"contentUrl\":\"https:\\\/\\\/evolve-fitness.eu\\\/wp-content\\\/uploads\\\/2025\\\/10\\\/ev-pl-ec-2201.png\",\"width\":675,\"height\":675},{\"@type\":\"BreadcrumbList\",\"@id\":\"https:\\\/\\\/evolve-fitness.eu\\\/de\\\/produkt\\\/evolve-econ-series-plate-loaded-hack-squat-leg-press-ec-220\\\/#breadcrumb\",\"itemListElement\":[{\"@type\":\"ListItem\",\"position\":1,\"name\":\"Home\",\"item\":\"https:\\\/\\\/evolve-fitness.eu\\\/de\\\/\"},{\"@type\":\"ListItem\",\"position\":2,\"name\":\"Produkte\",\"item\":\"https:\\\/\\\/evolve-fitness.eu\\\/de\\\/shop\\\/\"},{\"@type\":\"ListItem\",\"position\":3,\"name\":\"Evolve Econ Series Plate Loaded Hack Squat &amp; Leg Press (EC-220)\"}]},{\"@type\":\"WebSite\",\"@id\":\"https:\\\/\\\/evolve-fitness.eu\\\/de\\\/#website\",\"url\":\"https:\\\/\\\/evolve-fitness.eu\\\/de\\\/\",\"name\":\"Evolve\",\"description\":\"Your Evolved Gear Arrived\",\"publisher\":{\"@id\":\"https:\\\/\\\/evolve-fitness.eu\\\/de\\\/#organization\"},\"potentialAction\":[{\"@type\":\"SearchAction\",\"target\":{\"@type\":\"EntryPoint\",\"urlTemplate\":\"https:\\\/\\\/evolve-fitness.eu\\\/de\\\/?s={search_term_string}\"},\"query-input\":{\"@type\":\"PropertyValueSpecification\",\"valueRequired\":true,\"valueName\":\"search_term_string\"}}],\"inLanguage\":\"de\"},{\"@type\":\"Organization\",\"@id\":\"https:\\\/\\\/evolve-fitness.eu\\\/de\\\/#organization\",\"name\":\"Evolve\",\"url\":\"https:\\\/\\\/evolve-fitness.eu\\\/de\\\/\",\"logo\":{\"@type\":\"ImageObject\",\"inLanguage\":\"de\",\"@id\":\"https:\\\/\\\/evolve-fitness.eu\\\/de\\\/#\\\/schema\\\/logo\\\/image\\\/\",\"url\":\"https:\\\/\\\/evolve-fitness.eu\\\/wp-content\\\/uploads\\\/2023\\\/05\\\/Evolve-logo.svg\",\"contentUrl\":\"https:\\\/\\\/evolve-fitness.eu\\\/wp-content\\\/uploads\\\/2023\\\/05\\\/Evolve-logo.svg\",\"width\":176,\"height\":20,\"caption\":\"Evolve\"},\"image\":{\"@id\":\"https:\\\/\\\/evolve-fitness.eu\\\/de\\\/#\\\/schema\\\/logo\\\/image\\\/\"},\"sameAs\":[\"https:\\\/\\\/www.facebook.com\\\/EvolveFitnessEurope\"]}]}<\/script>\n<!-- \/ Yoast SEO plugin. -->","yoast_head_json":{"title":"Evolve Econ Series Plate Loaded Hack Squat &amp; Leg Press (EC-220) - Evolve","description":"Die Evolve Econ Series Plate Loaded Hack Squat & Leg Press kombiniert zwei wichtige \u00dcbungen f\u00fcr den unteren K\u00f6rperbereich in einem vielseitigen Ger\u00e4t","robots":{"index":"index","follow":"follow","max-snippet":"max-snippet:-1","max-image-preview":"max-image-preview:large","max-video-preview":"max-video-preview:-1"},"canonical":"https:\/\/evolve-fitness.eu\/de\/produkt\/evolve-econ-series-plate-loaded-hack-squat-leg-press-ec-220\/","og_locale":"de_DE","og_type":"article","og_title":"Evolve Econ Series Plate Loaded Hack Squat &amp; Leg Press (EC-220) - Evolve","og_description":"Die Evolve Econ Series Plate Loaded Hack Squat & Leg Press kombiniert zwei wichtige \u00dcbungen f\u00fcr den unteren K\u00f6rperbereich in einem vielseitigen Ger\u00e4t","og_url":"https:\/\/evolve-fitness.eu\/de\/produkt\/evolve-econ-series-plate-loaded-hack-squat-leg-press-ec-220\/","og_site_name":"Evolve","article_publisher":"https:\/\/www.facebook.com\/EvolveFitnessEurope","og_image":[{"width":675,"height":675,"url":"https:\/\/evolve-fitness.eu\/wp-content\/uploads\/2025\/10\/ev-pl-ec-2201.png","type":"image\/png"}],"twitter_card":"summary_large_image","schema":{"@context":"https:\/\/schema.org","@graph":[{"@type":"WebPage","@id":"https:\/\/evolve-fitness.eu\/de\/produkt\/evolve-econ-series-plate-loaded-hack-squat-leg-press-ec-220\/","url":"https:\/\/evolve-fitness.eu\/de\/produkt\/evolve-econ-series-plate-loaded-hack-squat-leg-press-ec-220\/","name":"Evolve Econ Series Plate Loaded Hack Squat &amp; Leg Press (EC-220) - Evolve","isPartOf":{"@id":"https:\/\/evolve-fitness.eu\/de\/#website"},"primaryImageOfPage":{"@id":"https:\/\/evolve-fitness.eu\/de\/produkt\/evolve-econ-series-plate-loaded-hack-squat-leg-press-ec-220\/#primaryimage"},"image":{"@id":"https:\/\/evolve-fitness.eu\/de\/produkt\/evolve-econ-series-plate-loaded-hack-squat-leg-press-ec-220\/#primaryimage"},"thumbnailUrl":"https:\/\/evolve-fitness.eu\/wp-content\/uploads\/2025\/10\/ev-pl-ec-2201.png","datePublished":"2025-10-14T13:01:04+00:00","description":"Die Evolve Econ Series Plate Loaded Hack Squat & Leg Press kombiniert zwei wichtige \u00dcbungen f\u00fcr den unteren K\u00f6rperbereich in einem vielseitigen Ger\u00e4t","breadcrumb":{"@id":"https:\/\/evolve-fitness.eu\/de\/produkt\/evolve-econ-series-plate-loaded-hack-squat-leg-press-ec-220\/#breadcrumb"},"inLanguage":"de","potentialAction":[{"@type":"ReadAction","target":["https:\/\/evolve-fitness.eu\/de\/produkt\/evolve-econ-series-plate-loaded-hack-squat-leg-press-ec-220\/"]}]},{"@type":"ImageObject","inLanguage":"de","@id":"https:\/\/evolve-fitness.eu\/de\/produkt\/evolve-econ-series-plate-loaded-hack-squat-leg-press-ec-220\/#primaryimage","url":"https:\/\/evolve-fitness.eu\/wp-content\/uploads\/2025\/10\/ev-pl-ec-2201.png","contentUrl":"https:\/\/evolve-fitness.eu\/wp-content\/uploads\/2025\/10\/ev-pl-ec-2201.png","width":675,"height":675},{"@type":"BreadcrumbList","@id":"https:\/\/evolve-fitness.eu\/de\/produkt\/evolve-econ-series-plate-loaded-hack-squat-leg-press-ec-220\/#breadcrumb","itemListElement":[{"@type":"ListItem","position":1,"name":"Home","item":"https:\/\/evolve-fitness.eu\/de\/"},{"@type":"ListItem","position":2,"name":"Produkte","item":"https:\/\/evolve-fitness.eu\/de\/shop\/"},{"@type":"ListItem","position":3,"name":"Evolve Econ Series Plate Loaded Hack Squat &amp; Leg Press (EC-220)"}]},{"@type":"WebSite","@id":"https:\/\/evolve-fitness.eu\/de\/#website","url":"https:\/\/evolve-fitness.eu\/de\/","name":"Evolve","description":"Your Evolved Gear Arrived","publisher":{"@id":"https:\/\/evolve-fitness.eu\/de\/#organization"},"potentialAction":[{"@type":"SearchAction","target":{"@type":"EntryPoint","urlTemplate":"https:\/\/evolve-fitness.eu\/de\/?s={search_term_string}"},"query-input":{"@type":"PropertyValueSpecification","valueRequired":true,"valueName":"search_term_string"}}],"inLanguage":"de"},{"@type":"Organization","@id":"https:\/\/evolve-fitness.eu\/de\/#organization","name":"Evolve","url":"https:\/\/evolve-fitness.eu\/de\/","logo":{"@type":"ImageObject","inLanguage":"de","@id":"https:\/\/evolve-fitness.eu\/de\/#\/schema\/logo\/image\/","url":"https:\/\/evolve-fitness.eu\/wp-content\/uploads\/2023\/05\/Evolve-logo.svg","contentUrl":"https:\/\/evolve-fitness.eu\/wp-content\/uploads\/2023\/05\/Evolve-logo.svg","width":176,"height":20,"caption":"Evolve"},"image":{"@id":"https:\/\/evolve-fitness.eu\/de\/#\/schema\/logo\/image\/"},"sameAs":["https:\/\/www.facebook.com\/EvolveFitnessEurope"]}]}},"_links":{"self":[{"href":"https:\/\/evolve-fitness.eu\/de\/wp-json\/wp\/v2\/product\/235107","targetHints":{"allow":["GET"]}}],"collection":[{"href":"https:\/\/evolve-fitness.eu\/de\/wp-json\/wp\/v2\/product"}],"about":[{"href":"https:\/\/evolve-fitness.eu\/de\/wp-json\/wp\/v2\/types\/product"}],"wp:featuredmedia":[{"embeddable":true,"href":"https:\/\/evolve-fitness.eu\/de\/wp-json\/wp\/v2\/media\/235110"}],"wp:attachment":[{"href":"https:\/\/evolve-fitness.eu\/de\/wp-json\/wp\/v2\/media?parent=235107"}],"wp:term":[{"taxonomy":"product_brand","embeddable":true,"href":"https:\/\/evolve-fitness.eu\/de\/wp-json\/wp\/v2\/product_brand?post=235107"},{"taxonomy":"product_cat","embeddable":true,"href":"https:\/\/evolve-fitness.eu\/de\/wp-json\/wp\/v2\/product_cat?post=235107"},{"taxonomy":"product_tag","embeddable":true,"href":"https:\/\/evolve-fitness.eu\/de\/wp-json\/wp\/v2\/product_tag?post=235107"}],"curies":[{"name":"wp","href":"https:\/\/api.w.org\/{rel}","templated":true}]}}