{"id":236121,"date":"2025-03-24T06:40:46","date_gmt":"2025-03-24T04:40:46","guid":{"rendered":"https:\/\/evolve-fitness.eu\/product\/evolve-prime-series-plate-loaded-v-squat-pr-071\/"},"modified":"2026-04-23T09:07:14","modified_gmt":"2026-04-23T06:07:14","slug":"evolve-prime-series-plate-loaded-v-squat-pr-071","status":"publish","type":"product","link":"https:\/\/evolve-fitness.eu\/de\/produkt\/evolve-prime-series-plate-loaded-v-squat-pr-071\/","title":{"rendered":"Evolve Prime Series Plate Loaded V Squat (PR-071)"},"content":{"rendered":"\n<section class=\"wp-block-group alignfull has-lightgray-background-color has-background is-layout-constrained wp-block-group-is-layout-constrained\">\n<div class=\"wp-block-columns alignwide is-layout-flex wp-container-core-columns-is-layout-2edb0647 wp-block-columns-is-layout-flex\" style=\"margin-top:0;margin-bottom:0\">\n<div class=\"wp-block-column is-layout-flow wp-block-column-is-layout-flow\" style=\"flex-basis:33.33%\"><\/div>\n\n\n\n<div class=\"wp-block-column is-layout-flow wp-block-column-is-layout-flow\" style=\"flex-basis:66.66%\"><\/div>\n<\/div>\n<\/section>\n\n<section class=\"wp-block-group alignfull black-content has-white-color has-darkgray-background-color has-text-color has-background is-layout-constrained wp-block-group-is-layout-constrained\" style=\"padding-top:var(--wp--preset--spacing--section-bottom);padding-bottom:var(--wp--preset--spacing--section-bottom)\">\n<h3 class=\"wp-block-heading has-text-align-center\"><strong><strong>EVOLVE PLATE LOADED PRIME SERIES<\/strong><\/strong><\/h3>\n\n\n\n<p>Bei der Evolve Plate Loaded Prime Serie ist Exzellenz der Standard. Verbessern Sie Ihr Krafttraining mit Ger\u00e4ten, die auf Komfort, Haltbarkeit und Leistung ausgelegt sind. Entdecken Sie noch heute die gesamte Produktlinie und definieren Sie Ihre Fitness neu.  <\/p>\n\n\n\n<section class=\"wp-block-group alignfull black-content has-white-color has-darkgray-background-color has-text-color has-background is-layout-constrained wp-block-group-is-layout-constrained\" style=\"padding-top:var(--wp--preset--spacing--section-bottom);padding-bottom:var(--wp--preset--spacing--section-bottom)\">\n<div class=\"wp-block-columns alignwide mobile-reverse is-layout-flex wp-container-core-columns-is-layout-ca64bf2d wp-block-columns-is-layout-flex\" style=\"margin-bottom:var(--wp--preset--spacing--side-padding)\">\n<div class=\"wp-block-column is-vertically-aligned-center is-layout-flow wp-block-column-is-layout-flow\">\n<h3 class=\"wp-block-heading\" style=\"margin-bottom:var(--wp--preset--spacing--h-3-bottom)\"><strong><strong><strong>Umfassende Aus\u00fcbungsoptionen<\/strong><\/strong><\/strong><\/h3>\n\n\n\n<p><strong><em><strong>Gezielte Workouts f\u00fcr den Unterk\u00f6rper<\/strong><\/em><\/strong><\/p>\n\n\n\n<p style=\"margin-bottom:var(--wp--preset--spacing--tb-section-padding)\">Die Evolve Prime Series Plate Loaded V Squat wurde entwickelt, um Quadrizeps, Kniesehnen, Ges\u00e4\u00dfmuskeln und Waden effektiv zu trainieren. Das intuitive Einstellsystem des Ger\u00e4ts erm\u00f6glicht eine einfache Einrichtung und einen einfachen Wechsel zwischen den \u00dcbungen und bietet ein vielseitiges Trainingserlebnis. <\/p>\n\n\n\n<h3 class=\"wp-block-heading\" style=\"margin-bottom:var(--wp--preset--spacing--h-3-bottom)\"><strong><strong><strong><strong><strong>Erweiterte Funktionen<\/strong><\/strong><\/strong><\/strong><\/strong><\/h3>\n\n\n\n<p><strong><em>Langlebigkeit und Effizienz<\/em><\/strong><\/p>\n\n\n\n<p>Dieses V Squat-Ger\u00e4t ist aus hochwertigem, strapazierf\u00e4higem Gewebe und Edelstahlbeschl\u00e4gen gefertigt und f\u00fcr eine lange Lebensdauer ausgelegt. Die elektrostatische Spr\u00fchtechnologie mit w\u00e4rmeh\u00e4rtendem Pulver sorgt f\u00fcr eine widerstandsf\u00e4hige Oberfl\u00e4che, die ihre \u00c4sthetik \u00fcber lange Zeit beibeh\u00e4lt. Integrierte Ablagefl\u00e4chen f\u00fcr Hantelscheiben sorgen f\u00fcr mehr Platz und ein aufger\u00e4umtes Trainingsumfeld.  <\/p>\n<\/div>\n\n\n\n<div class=\"wp-block-column is-vertically-aligned-center is-layout-flow wp-block-column-is-layout-flow\">\n<figure class=\"wp-block-image size-large\"><img loading=\"lazy\" decoding=\"async\" width=\"1024\" height=\"1024\" src=\"https:\/\/evolve-fitness.eu\/wp-content\/uploads\/2025\/03\/EV-PL-PR-071-Evolve-Prime-Series-Plate-Loaded-V-Squat-Recovered-1024x1024.png\" alt=\"\" class=\"wp-image-188502\" srcset=\"https:\/\/evolve-fitness.eu\/wp-content\/uploads\/2025\/03\/EV-PL-PR-071-Evolve-Prime-Series-Plate-Loaded-V-Squat-Recovered-1024x1024.png 1024w, https:\/\/evolve-fitness.eu\/wp-content\/uploads\/2025\/03\/EV-PL-PR-071-Evolve-Prime-Series-Plate-Loaded-V-Squat-Recovered-300x300.png 300w, https:\/\/evolve-fitness.eu\/wp-content\/uploads\/2025\/03\/EV-PL-PR-071-Evolve-Prime-Series-Plate-Loaded-V-Squat-Recovered-150x150.png 150w, https:\/\/evolve-fitness.eu\/wp-content\/uploads\/2025\/03\/EV-PL-PR-071-Evolve-Prime-Series-Plate-Loaded-V-Squat-Recovered-768x768.png 768w, https:\/\/evolve-fitness.eu\/wp-content\/uploads\/2025\/03\/EV-PL-PR-071-Evolve-Prime-Series-Plate-Loaded-V-Squat-Recovered-1536x1536.png 1536w, https:\/\/evolve-fitness.eu\/wp-content\/uploads\/2025\/03\/EV-PL-PR-071-Evolve-Prime-Series-Plate-Loaded-V-Squat-Recovered-2048x2048.png 2048w, https:\/\/evolve-fitness.eu\/wp-content\/uploads\/2025\/03\/EV-PL-PR-071-Evolve-Prime-Series-Plate-Loaded-V-Squat-Recovered-600x600.png 600w\" sizes=\"auto, (max-width: 1024px) 100vw, 1024px\" \/><\/figure>\n<\/div>\n<\/div>\n<\/section>\n<\/section>\n","protected":false},"excerpt":{"rendered":"<p>Der Evolve Prime Series Plate Loaded V Squat ist ein erstklassiges Krafttrainingsger\u00e4t, das f\u00fcr das Training der unteren K\u00f6rpermuskeln, insbesondere der Quads, Ges\u00e4\u00dfmuskeln und Kniesehnen, entwickelt wurde. Das robuste, plattenbeladene Design erm\u00f6glicht sanfte und effektive Hockbewegungen. Die V-f\u00f6rmige Plattform sorgt f\u00fcr eine optimale K\u00f6rperpositionierung und bietet sowohl Komfort als auch Sicherheit bei schweren Hebungen. Dieses V-Squat-Ger\u00e4t eignet sich sowohl f\u00fcr kommerzielle Fitnessstudios als auch f\u00fcr Fitnessstudios zu Hause. Es ist so konstruiert, dass es intensiver Nutzung standh\u00e4lt und dabei au\u00dfergew\u00f6hnliche Leistungen erbringt.   <\/p>\n","protected":false},"featured_media":188511,"template":"","meta":{"_acf_changed":false,"inline_featured_image":false},"product_brand":[],"product_cat":[743,751],"product_tag":[],"class_list":{"0":"post-236121","1":"product","2":"type-product","3":"status-publish","4":"has-post-thumbnail","6":"product_cat-maschinen-mit-plattenbeladung","7":"product_cat-prime-serie-platte-geladen","9":"first","10":"instock","11":"shipping-taxable","12":"purchasable","13":"product-type-simple"},"acf":{"long_title":"Evolve Prime Series Plate Loaded V Squat (PR-071)","subtitle":"","specifications":[{"label":"SKU","text_value":"EV-PL-PR-071","icon":"x"},{"label":"Abmessungen","text_value":"2200 x 1290 x 1840 mm","icon":"x"},{"label":"Gewicht","text_value":"210 kg","icon":"x"},{"label":"Maximales Benutzergewicht","text_value":"180 kg","icon":"x"},{"label":"\u00dcbergro\u00dfe, abgewinkelte und rutschfeste Fu\u00dfst\u00fctze","text_value":"","icon":"v"},{"label":"Langlebige Bodenschoner","text_value":"","icon":"v"},{"label":"Metallrahmen ohne scharfe Kanten","text_value":"","icon":"v"},{"label":"Anti-Rutsch-Griffe","text_value":"","icon":"x"},{"label":"Korrosionsschutzfarbe","text_value":"","icon":"v"},{"label":"Dick gepolstert","text_value":"","icon":"v"},{"label":"Garantie","text_value":"2 Jahre","icon":"x"}],"product_frequently_asked_questions":null},"yoast_head":"<!-- This site is optimized with the Yoast SEO plugin v27.4 - https:\/\/yoast.com\/product\/yoast-seo-wordpress\/ -->\n<title>Evolve Prime Series Plate Loaded V Squat (PR-071) - Evolve<\/title>\n<meta name=\"description\" content=\"Evolve Plate Loaded V Squat ist ein Krafttrainingsger\u00e4t, das f\u00fcr das Training der unteren K\u00f6rpermuskulatur, insbesondere der Quads, Ges\u00e4\u00dfmuskeln und Kniesehnen, entwickelt wurde.\" \/>\n<meta name=\"robots\" content=\"index, follow, max-snippet:-1, max-image-preview:large, max-video-preview:-1\" \/>\n<link rel=\"canonical\" href=\"https:\/\/evolve-fitness.eu\/de\/produkt\/evolve-prime-series-plate-loaded-v-squat-pr-071\/\" \/>\n<meta property=\"og:locale\" content=\"de_DE\" \/>\n<meta property=\"og:type\" content=\"article\" \/>\n<meta property=\"og:title\" content=\"Evolve Prime Series Plate Loaded V Squat (PR-071) - Evolve\" \/>\n<meta property=\"og:description\" content=\"Evolve Plate Loaded V Squat ist ein Krafttrainingsger\u00e4t, das f\u00fcr das Training der unteren K\u00f6rpermuskulatur, insbesondere der Quads, Ges\u00e4\u00dfmuskeln und Kniesehnen, entwickelt wurde.\" \/>\n<meta property=\"og:url\" content=\"https:\/\/evolve-fitness.eu\/de\/produkt\/evolve-prime-series-plate-loaded-v-squat-pr-071\/\" \/>\n<meta property=\"og:site_name\" content=\"Evolve\" \/>\n<meta property=\"article:publisher\" content=\"https:\/\/www.facebook.com\/EvolveFitnessEurope\" \/>\n<meta property=\"article:modified_time\" content=\"2026-04-23T06:07:14+00:00\" \/>\n<meta property=\"og:image\" content=\"https:\/\/evolve-fitness.eu\/wp-content\/uploads\/2025\/03\/EV-PL-PR-071-Evolve-Prime-Series-Plate-Loaded-V-Squat-Recovered.png\" \/>\n\t<meta property=\"og:image:width\" content=\"3000\" \/>\n\t<meta property=\"og:image:height\" content=\"3000\" \/>\n\t<meta property=\"og:image:type\" content=\"image\/png\" \/>\n<meta name=\"twitter:card\" content=\"summary_large_image\" \/>\n<script type=\"application\/ld+json\" class=\"yoast-schema-graph\">{\"@context\":\"https:\\\/\\\/schema.org\",\"@graph\":[{\"@type\":\"WebPage\",\"@id\":\"https:\\\/\\\/evolve-fitness.eu\\\/de\\\/produkt\\\/evolve-prime-series-plate-loaded-v-squat-pr-071\\\/\",\"url\":\"https:\\\/\\\/evolve-fitness.eu\\\/de\\\/produkt\\\/evolve-prime-series-plate-loaded-v-squat-pr-071\\\/\",\"name\":\"Evolve Prime Series Plate Loaded V Squat (PR-071) - Evolve\",\"isPartOf\":{\"@id\":\"https:\\\/\\\/evolve-fitness.eu\\\/de\\\/#website\"},\"primaryImageOfPage\":{\"@id\":\"https:\\\/\\\/evolve-fitness.eu\\\/de\\\/produkt\\\/evolve-prime-series-plate-loaded-v-squat-pr-071\\\/#primaryimage\"},\"image\":{\"@id\":\"https:\\\/\\\/evolve-fitness.eu\\\/de\\\/produkt\\\/evolve-prime-series-plate-loaded-v-squat-pr-071\\\/#primaryimage\"},\"thumbnailUrl\":\"https:\\\/\\\/evolve-fitness.eu\\\/wp-content\\\/uploads\\\/2025\\\/03\\\/EV-PL-PR-071-Evolve-Prime-Series-Plate-Loaded-V-Squat-Recovered.png\",\"datePublished\":\"2025-03-24T04:40:46+00:00\",\"dateModified\":\"2026-04-23T06:07:14+00:00\",\"description\":\"Evolve Plate Loaded V Squat ist ein Krafttrainingsger\u00e4t, das f\u00fcr das Training der unteren K\u00f6rpermuskulatur, insbesondere der Quads, Ges\u00e4\u00dfmuskeln und Kniesehnen, entwickelt wurde.\",\"breadcrumb\":{\"@id\":\"https:\\\/\\\/evolve-fitness.eu\\\/de\\\/produkt\\\/evolve-prime-series-plate-loaded-v-squat-pr-071\\\/#breadcrumb\"},\"inLanguage\":\"de\",\"potentialAction\":[{\"@type\":\"ReadAction\",\"target\":[\"https:\\\/\\\/evolve-fitness.eu\\\/de\\\/produkt\\\/evolve-prime-series-plate-loaded-v-squat-pr-071\\\/\"]}]},{\"@type\":\"ImageObject\",\"inLanguage\":\"de\",\"@id\":\"https:\\\/\\\/evolve-fitness.eu\\\/de\\\/produkt\\\/evolve-prime-series-plate-loaded-v-squat-pr-071\\\/#primaryimage\",\"url\":\"https:\\\/\\\/evolve-fitness.eu\\\/wp-content\\\/uploads\\\/2025\\\/03\\\/EV-PL-PR-071-Evolve-Prime-Series-Plate-Loaded-V-Squat-Recovered.png\",\"contentUrl\":\"https:\\\/\\\/evolve-fitness.eu\\\/wp-content\\\/uploads\\\/2025\\\/03\\\/EV-PL-PR-071-Evolve-Prime-Series-Plate-Loaded-V-Squat-Recovered.png\",\"width\":3000,\"height\":3000},{\"@type\":\"BreadcrumbList\",\"@id\":\"https:\\\/\\\/evolve-fitness.eu\\\/de\\\/produkt\\\/evolve-prime-series-plate-loaded-v-squat-pr-071\\\/#breadcrumb\",\"itemListElement\":[{\"@type\":\"ListItem\",\"position\":1,\"name\":\"Home\",\"item\":\"https:\\\/\\\/evolve-fitness.eu\\\/de\\\/\"},{\"@type\":\"ListItem\",\"position\":2,\"name\":\"Produkte\",\"item\":\"https:\\\/\\\/evolve-fitness.eu\\\/de\\\/shop\\\/\"},{\"@type\":\"ListItem\",\"position\":3,\"name\":\"Evolve Prime Series Plate Loaded V Squat (PR-071)\"}]},{\"@type\":\"WebSite\",\"@id\":\"https:\\\/\\\/evolve-fitness.eu\\\/de\\\/#website\",\"url\":\"https:\\\/\\\/evolve-fitness.eu\\\/de\\\/\",\"name\":\"Evolve\",\"description\":\"Your Evolved Gear Arrived\",\"publisher\":{\"@id\":\"https:\\\/\\\/evolve-fitness.eu\\\/de\\\/#organization\"},\"potentialAction\":[{\"@type\":\"SearchAction\",\"target\":{\"@type\":\"EntryPoint\",\"urlTemplate\":\"https:\\\/\\\/evolve-fitness.eu\\\/de\\\/?s={search_term_string}\"},\"query-input\":{\"@type\":\"PropertyValueSpecification\",\"valueRequired\":true,\"valueName\":\"search_term_string\"}}],\"inLanguage\":\"de\"},{\"@type\":\"Organization\",\"@id\":\"https:\\\/\\\/evolve-fitness.eu\\\/de\\\/#organization\",\"name\":\"Evolve\",\"url\":\"https:\\\/\\\/evolve-fitness.eu\\\/de\\\/\",\"logo\":{\"@type\":\"ImageObject\",\"inLanguage\":\"de\",\"@id\":\"https:\\\/\\\/evolve-fitness.eu\\\/de\\\/#\\\/schema\\\/logo\\\/image\\\/\",\"url\":\"https:\\\/\\\/evolve-fitness.eu\\\/wp-content\\\/uploads\\\/2023\\\/05\\\/Evolve-logo.svg\",\"contentUrl\":\"https:\\\/\\\/evolve-fitness.eu\\\/wp-content\\\/uploads\\\/2023\\\/05\\\/Evolve-logo.svg\",\"width\":176,\"height\":20,\"caption\":\"Evolve\"},\"image\":{\"@id\":\"https:\\\/\\\/evolve-fitness.eu\\\/de\\\/#\\\/schema\\\/logo\\\/image\\\/\"},\"sameAs\":[\"https:\\\/\\\/www.facebook.com\\\/EvolveFitnessEurope\"]}]}<\/script>\n<!-- \/ Yoast SEO plugin. -->","yoast_head_json":{"title":"Evolve Prime Series Plate Loaded V Squat (PR-071) - Evolve","description":"Evolve Plate Loaded V Squat ist ein Krafttrainingsger\u00e4t, das f\u00fcr das Training der unteren K\u00f6rpermuskulatur, insbesondere der Quads, Ges\u00e4\u00dfmuskeln und Kniesehnen, entwickelt wurde.","robots":{"index":"index","follow":"follow","max-snippet":"max-snippet:-1","max-image-preview":"max-image-preview:large","max-video-preview":"max-video-preview:-1"},"canonical":"https:\/\/evolve-fitness.eu\/de\/produkt\/evolve-prime-series-plate-loaded-v-squat-pr-071\/","og_locale":"de_DE","og_type":"article","og_title":"Evolve Prime Series Plate Loaded V Squat (PR-071) - Evolve","og_description":"Evolve Plate Loaded V Squat ist ein Krafttrainingsger\u00e4t, das f\u00fcr das Training der unteren K\u00f6rpermuskulatur, insbesondere der Quads, Ges\u00e4\u00dfmuskeln und Kniesehnen, entwickelt wurde.","og_url":"https:\/\/evolve-fitness.eu\/de\/produkt\/evolve-prime-series-plate-loaded-v-squat-pr-071\/","og_site_name":"Evolve","article_publisher":"https:\/\/www.facebook.com\/EvolveFitnessEurope","article_modified_time":"2026-04-23T06:07:14+00:00","og_image":[{"width":3000,"height":3000,"url":"https:\/\/evolve-fitness.eu\/wp-content\/uploads\/2025\/03\/EV-PL-PR-071-Evolve-Prime-Series-Plate-Loaded-V-Squat-Recovered.png","type":"image\/png"}],"twitter_card":"summary_large_image","schema":{"@context":"https:\/\/schema.org","@graph":[{"@type":"WebPage","@id":"https:\/\/evolve-fitness.eu\/de\/produkt\/evolve-prime-series-plate-loaded-v-squat-pr-071\/","url":"https:\/\/evolve-fitness.eu\/de\/produkt\/evolve-prime-series-plate-loaded-v-squat-pr-071\/","name":"Evolve Prime Series Plate Loaded V Squat (PR-071) - Evolve","isPartOf":{"@id":"https:\/\/evolve-fitness.eu\/de\/#website"},"primaryImageOfPage":{"@id":"https:\/\/evolve-fitness.eu\/de\/produkt\/evolve-prime-series-plate-loaded-v-squat-pr-071\/#primaryimage"},"image":{"@id":"https:\/\/evolve-fitness.eu\/de\/produkt\/evolve-prime-series-plate-loaded-v-squat-pr-071\/#primaryimage"},"thumbnailUrl":"https:\/\/evolve-fitness.eu\/wp-content\/uploads\/2025\/03\/EV-PL-PR-071-Evolve-Prime-Series-Plate-Loaded-V-Squat-Recovered.png","datePublished":"2025-03-24T04:40:46+00:00","dateModified":"2026-04-23T06:07:14+00:00","description":"Evolve Plate Loaded V Squat ist ein Krafttrainingsger\u00e4t, das f\u00fcr das Training der unteren K\u00f6rpermuskulatur, insbesondere der Quads, Ges\u00e4\u00dfmuskeln und Kniesehnen, entwickelt wurde.","breadcrumb":{"@id":"https:\/\/evolve-fitness.eu\/de\/produkt\/evolve-prime-series-plate-loaded-v-squat-pr-071\/#breadcrumb"},"inLanguage":"de","potentialAction":[{"@type":"ReadAction","target":["https:\/\/evolve-fitness.eu\/de\/produkt\/evolve-prime-series-plate-loaded-v-squat-pr-071\/"]}]},{"@type":"ImageObject","inLanguage":"de","@id":"https:\/\/evolve-fitness.eu\/de\/produkt\/evolve-prime-series-plate-loaded-v-squat-pr-071\/#primaryimage","url":"https:\/\/evolve-fitness.eu\/wp-content\/uploads\/2025\/03\/EV-PL-PR-071-Evolve-Prime-Series-Plate-Loaded-V-Squat-Recovered.png","contentUrl":"https:\/\/evolve-fitness.eu\/wp-content\/uploads\/2025\/03\/EV-PL-PR-071-Evolve-Prime-Series-Plate-Loaded-V-Squat-Recovered.png","width":3000,"height":3000},{"@type":"BreadcrumbList","@id":"https:\/\/evolve-fitness.eu\/de\/produkt\/evolve-prime-series-plate-loaded-v-squat-pr-071\/#breadcrumb","itemListElement":[{"@type":"ListItem","position":1,"name":"Home","item":"https:\/\/evolve-fitness.eu\/de\/"},{"@type":"ListItem","position":2,"name":"Produkte","item":"https:\/\/evolve-fitness.eu\/de\/shop\/"},{"@type":"ListItem","position":3,"name":"Evolve Prime Series Plate Loaded V Squat (PR-071)"}]},{"@type":"WebSite","@id":"https:\/\/evolve-fitness.eu\/de\/#website","url":"https:\/\/evolve-fitness.eu\/de\/","name":"Evolve","description":"Your Evolved Gear Arrived","publisher":{"@id":"https:\/\/evolve-fitness.eu\/de\/#organization"},"potentialAction":[{"@type":"SearchAction","target":{"@type":"EntryPoint","urlTemplate":"https:\/\/evolve-fitness.eu\/de\/?s={search_term_string}"},"query-input":{"@type":"PropertyValueSpecification","valueRequired":true,"valueName":"search_term_string"}}],"inLanguage":"de"},{"@type":"Organization","@id":"https:\/\/evolve-fitness.eu\/de\/#organization","name":"Evolve","url":"https:\/\/evolve-fitness.eu\/de\/","logo":{"@type":"ImageObject","inLanguage":"de","@id":"https:\/\/evolve-fitness.eu\/de\/#\/schema\/logo\/image\/","url":"https:\/\/evolve-fitness.eu\/wp-content\/uploads\/2023\/05\/Evolve-logo.svg","contentUrl":"https:\/\/evolve-fitness.eu\/wp-content\/uploads\/2023\/05\/Evolve-logo.svg","width":176,"height":20,"caption":"Evolve"},"image":{"@id":"https:\/\/evolve-fitness.eu\/de\/#\/schema\/logo\/image\/"},"sameAs":["https:\/\/www.facebook.com\/EvolveFitnessEurope"]}]}},"_links":{"self":[{"href":"https:\/\/evolve-fitness.eu\/de\/wp-json\/wp\/v2\/product\/236121","targetHints":{"allow":["GET"]}}],"collection":[{"href":"https:\/\/evolve-fitness.eu\/de\/wp-json\/wp\/v2\/product"}],"about":[{"href":"https:\/\/evolve-fitness.eu\/de\/wp-json\/wp\/v2\/types\/product"}],"wp:featuredmedia":[{"embeddable":true,"href":"https:\/\/evolve-fitness.eu\/de\/wp-json\/wp\/v2\/media\/188511"}],"wp:attachment":[{"href":"https:\/\/evolve-fitness.eu\/de\/wp-json\/wp\/v2\/media?parent=236121"}],"wp:term":[{"taxonomy":"product_brand","embeddable":true,"href":"https:\/\/evolve-fitness.eu\/de\/wp-json\/wp\/v2\/product_brand?post=236121"},{"taxonomy":"product_cat","embeddable":true,"href":"https:\/\/evolve-fitness.eu\/de\/wp-json\/wp\/v2\/product_cat?post=236121"},{"taxonomy":"product_tag","embeddable":true,"href":"https:\/\/evolve-fitness.eu\/de\/wp-json\/wp\/v2\/product_tag?post=236121"}],"curies":[{"name":"wp","href":"https:\/\/api.w.org\/{rel}","templated":true}]}}