{"id":236136,"date":"2025-06-26T12:16:41","date_gmt":"2025-06-26T09:16:41","guid":{"rendered":"https:\/\/evolve-fitness.eu\/product\/evolve-ultra-series-plate-loaded-smith-flat-decline-chest-press\/"},"modified":"2026-04-23T09:08:23","modified_gmt":"2026-04-23T06:08:23","slug":"evolve-ultra-series-plate-loaded-smith-flat-decline-chest-press","status":"publish","type":"product","link":"https:\/\/evolve-fitness.eu\/de\/produkt\/evolve-ultra-series-plate-loaded-smith-flat-decline-chest-press\/","title":{"rendered":"Evolve Ultra Series Plate-Loaded Smith Flat &amp; Decline Chest Press"},"content":{"rendered":"\n<section class=\"wp-block-group alignfull has-lightgray-background-color has-background is-layout-constrained wp-block-group-is-layout-constrained\">\n<div class=\"wp-block-columns alignwide is-layout-flex wp-container-core-columns-is-layout-2edb0647 wp-block-columns-is-layout-flex\" style=\"margin-top:0;margin-bottom:0\">\n<div class=\"wp-block-column is-layout-flow wp-block-column-is-layout-flow\" style=\"flex-basis:33.33%\"><\/div>\n\n\n\n<div class=\"wp-block-column is-layout-flow wp-block-column-is-layout-flow\" style=\"flex-basis:66.66%\"><\/div>\n<\/div>\n<\/section>\n\n<section class=\"wp-block-group alignfull black-content has-white-color has-darkgray-background-color has-text-color has-background is-layout-constrained wp-block-group-is-layout-constrained\" style=\"padding-top:var(--wp--preset--spacing--section-bottom);padding-bottom:var(--wp--preset--spacing--section-bottom)\">\n<div class=\"wp-block-columns alignwide mobile-reverse is-layout-flex wp-container-core-columns-is-layout-ca64bf2d wp-block-columns-is-layout-flex\" style=\"margin-bottom:var(--wp--preset--spacing--side-padding)\">\n<div class=\"wp-block-column is-vertically-aligned-center is-layout-flow wp-block-column-is-layout-flow\">\n<h3 class=\"wp-block-heading\" style=\"margin-bottom:var(--wp--preset--spacing--h-3-bottom)\"><strong><strong><strong><strong><strong><strong><strong><strong><strong><strong><strong>Evolve Ultra Series Plate-Loaded Smith Flat &amp; Decline Chest Press<\/strong><\/strong><\/strong><\/strong><\/strong><\/strong><\/strong><\/strong><\/strong><\/strong><\/strong><\/h3>\n\n\n\n<p style=\"margin-bottom:var(--wp--preset--spacing--tb-section-padding)\"><strong>Doppelfunktionalit\u00e4t (flach &amp; dekliniert)<\/strong> Wechseln Sie m\u00fchelos zwischen flachen und deklinierten Winkeln, um sowohl die oberen als auch die unteren Brustmuskeln zu aktivieren. Diese Vielseitigkeit unterst\u00fctzt die umfassende Entwicklung der Brust, ohne dass Sie mehrere Ger\u00e4te ben\u00f6tigen. <strong>Das Plate-Loaded Resistance System<\/strong> verwendet Standard-Gewichtsplatten f\u00fcr einen individuell anpassbaren Widerstand &#8211; ideal f\u00fcr Anf\u00e4nger und Fortgeschrittene. Integrierte Plattenstangen sorgen f\u00fcr Ordnung und Effizienz. <strong>Ergonomisches und sicheres Design<\/strong> Ausgestattet mit rutschfesten Griffen und einer robusten Smith-F\u00fchrung f\u00fcr eine reibungslose und sichere Steuerung der Hantelbahn. Der leicht verstellbare Sitz und die R\u00fcckenlehne sorgen f\u00fcr eine optimale Positionierung und Unterst\u00fctzung der Gelenke. <strong>Robuste Konstruktion<\/strong> Der verst\u00e4rkte Stahlrahmen ist mit einer korrosionsbest\u00e4ndigen Pulverbeschichtung versehen. Dies sorgt f\u00fcr au\u00dfergew\u00f6hnliche Langlebigkeit und Stabilit\u00e4t, ideal f\u00fcr den harten kommerziellen Einsatz oder intensives Heimtraining. <strong>Platzsparende Grundfl\u00e4che<\/strong> Entwickelt, um den Nutzen auf einer kompakten Grundfl\u00e4che zu maximieren. Ideal f\u00fcr Einrichtungen, in denen sowohl Flach- als auch Stehpressen ben\u00f6tigt werden, der Platz aber begrenzt ist.     <\/p>\n<\/div>\n\n\n\n<div class=\"wp-block-column is-vertically-aligned-center is-layout-flow wp-block-column-is-layout-flow\">\n<figure class=\"wp-block-image size-full is-style-rounded\"><img loading=\"lazy\" decoding=\"async\" width=\"2200\" height=\"2200\" src=\"https:\/\/evolve-fitness.eu\/wp-content\/uploads\/2025\/06\/Evolve-Ultra-Series-Plate-Loaded-Smith-Flat-Decline-Chest-Press.png\" alt=\"\" class=\"wp-image-200086\" srcset=\"https:\/\/evolve-fitness.eu\/wp-content\/uploads\/2025\/06\/Evolve-Ultra-Series-Plate-Loaded-Smith-Flat-Decline-Chest-Press.png 2200w, https:\/\/evolve-fitness.eu\/wp-content\/uploads\/2025\/06\/Evolve-Ultra-Series-Plate-Loaded-Smith-Flat-Decline-Chest-Press-300x300.png 300w, https:\/\/evolve-fitness.eu\/wp-content\/uploads\/2025\/06\/Evolve-Ultra-Series-Plate-Loaded-Smith-Flat-Decline-Chest-Press-1024x1024.png 1024w, https:\/\/evolve-fitness.eu\/wp-content\/uploads\/2025\/06\/Evolve-Ultra-Series-Plate-Loaded-Smith-Flat-Decline-Chest-Press-150x150.png 150w, https:\/\/evolve-fitness.eu\/wp-content\/uploads\/2025\/06\/Evolve-Ultra-Series-Plate-Loaded-Smith-Flat-Decline-Chest-Press-768x768.png 768w, https:\/\/evolve-fitness.eu\/wp-content\/uploads\/2025\/06\/Evolve-Ultra-Series-Plate-Loaded-Smith-Flat-Decline-Chest-Press-1536x1536.png 1536w, https:\/\/evolve-fitness.eu\/wp-content\/uploads\/2025\/06\/Evolve-Ultra-Series-Plate-Loaded-Smith-Flat-Decline-Chest-Press-2048x2048.png 2048w, https:\/\/evolve-fitness.eu\/wp-content\/uploads\/2025\/06\/Evolve-Ultra-Series-Plate-Loaded-Smith-Flat-Decline-Chest-Press-600x600.png 600w\" sizes=\"auto, (max-width: 2200px) 100vw, 2200px\" \/><\/figure>\n<\/div>\n<\/div>\n\n\n\n<h3 class=\"wp-block-heading\" style=\"margin-bottom:var(--wp--preset--spacing--h-3-bottom)\"><\/h3>\n<\/section>\n","protected":false},"excerpt":{"rendered":"<p>Verbessern Sie Ihr Brusttraining mit der vielseitigen Evolve Ultra Series Plate-Loaded Smith Flat &amp; Decline Chest Press. Dieses Ger\u00e4t wurde f\u00fcr Pr\u00e4zision und Kraft entwickelt und bietet ein effektives Training mit flachen und absteigenden Brustpressen in einem platzsparenden Design. <\/p>\n","protected":false},"featured_media":200147,"template":"","meta":{"_acf_changed":false,"inline_featured_image":false},"product_brand":[],"product_cat":[743,746],"product_tag":[],"class_list":{"0":"post-236136","1":"product","2":"type-product","3":"status-publish","4":"has-post-thumbnail","6":"product_cat-maschinen-mit-plattenbeladung","7":"product_cat-ultra-serie-platte-geladen","9":"first","10":"instock","11":"shipping-taxable","12":"purchasable","13":"product-type-simple"},"acf":{"long_title":"Evolve Ultra Series Plate-Loaded Smith Flat & Decline Chest Press","subtitle":"","specifications":[{"label":"SKU","text_value":"EV-PL-UL-570","icon":"x"},{"label":"Dimension","text_value":"2142 x 1625 x 1632 mm","icon":"x"},{"label":"Maximales Benutzergewicht","text_value":"180 kg","icon":"x"},{"label":"Gewicht","text_value":"225 kg","icon":"x"},{"label":"Korrosionsschutzfarbe","text_value":"","icon":"v"},{"label":"Metallrahmen ohne scharfe Kanten","text_value":"","icon":"v"},{"label":"Langlebige Bodenschoner","text_value":"","icon":"v"},{"label":"Anti-Rutsch-Griffe","text_value":"","icon":"v"},{"label":"Dick gepolstert","text_value":"","icon":"v"},{"label":"Garantie","text_value":"2 Jahre","icon":"x"}],"product_frequently_asked_questions":null},"yoast_head":"<!-- This site is optimized with the Yoast SEO plugin v27.4 - https:\/\/yoast.com\/product\/yoast-seo-wordpress\/ -->\n<title>Evolve Ultra Series Plate-Loaded Smith Flat &amp; Decline Chest Press - Evolve<\/title>\n<meta name=\"description\" content=\"Verbessern Sie Ihr Brusttraining mit der vielseitigen Evolve Ultra Series Plate-Loaded Smith Flat &amp; Decline Chest Press. Entwickelt f\u00fcr Pr\u00e4zision und Kraft\" \/>\n<meta name=\"robots\" content=\"index, follow, max-snippet:-1, max-image-preview:large, max-video-preview:-1\" \/>\n<link rel=\"canonical\" href=\"https:\/\/evolve-fitness.eu\/de\/produkt\/evolve-ultra-series-plate-loaded-smith-flat-decline-chest-press\/\" \/>\n<meta property=\"og:locale\" content=\"de_DE\" \/>\n<meta property=\"og:type\" content=\"article\" \/>\n<meta property=\"og:title\" content=\"Evolve Ultra Series Plate-Loaded Smith Flat &amp; Decline Chest Press - Evolve\" \/>\n<meta property=\"og:description\" content=\"Verbessern Sie Ihr Brusttraining mit der vielseitigen Evolve Ultra Series Plate-Loaded Smith Flat &amp; Decline Chest Press. Entwickelt f\u00fcr Pr\u00e4zision und Kraft\" \/>\n<meta property=\"og:url\" content=\"https:\/\/evolve-fitness.eu\/de\/produkt\/evolve-ultra-series-plate-loaded-smith-flat-decline-chest-press\/\" \/>\n<meta property=\"og:site_name\" content=\"Evolve\" \/>\n<meta property=\"article:publisher\" content=\"https:\/\/www.facebook.com\/EvolveFitnessEurope\" \/>\n<meta property=\"article:modified_time\" content=\"2026-04-23T06:08:23+00:00\" \/>\n<meta property=\"og:image\" content=\"https:\/\/evolve-fitness.eu\/wp-content\/uploads\/2025\/06\/Evolve-Ultra-Series-Plate-Loaded-Smith-Flat-Decline-Chest-Press-1-1024x1024.png\" \/>\n\t<meta property=\"og:image:width\" content=\"1024\" \/>\n\t<meta property=\"og:image:height\" content=\"1024\" \/>\n\t<meta property=\"og:image:type\" content=\"image\/png\" \/>\n<meta name=\"twitter:card\" content=\"summary_large_image\" \/>\n<script type=\"application\/ld+json\" class=\"yoast-schema-graph\">{\"@context\":\"https:\\\/\\\/schema.org\",\"@graph\":[{\"@type\":\"WebPage\",\"@id\":\"https:\\\/\\\/evolve-fitness.eu\\\/de\\\/produkt\\\/evolve-ultra-series-plate-loaded-smith-flat-decline-chest-press\\\/\",\"url\":\"https:\\\/\\\/evolve-fitness.eu\\\/de\\\/produkt\\\/evolve-ultra-series-plate-loaded-smith-flat-decline-chest-press\\\/\",\"name\":\"Evolve Ultra Series Plate-Loaded Smith Flat &amp; Decline Chest Press - Evolve\",\"isPartOf\":{\"@id\":\"https:\\\/\\\/evolve-fitness.eu\\\/de\\\/#website\"},\"primaryImageOfPage\":{\"@id\":\"https:\\\/\\\/evolve-fitness.eu\\\/de\\\/produkt\\\/evolve-ultra-series-plate-loaded-smith-flat-decline-chest-press\\\/#primaryimage\"},\"image\":{\"@id\":\"https:\\\/\\\/evolve-fitness.eu\\\/de\\\/produkt\\\/evolve-ultra-series-plate-loaded-smith-flat-decline-chest-press\\\/#primaryimage\"},\"thumbnailUrl\":\"https:\\\/\\\/evolve-fitness.eu\\\/wp-content\\\/uploads\\\/2025\\\/06\\\/Evolve-Ultra-Series-Plate-Loaded-Smith-Flat-Decline-Chest-Press-1.png\",\"datePublished\":\"2025-06-26T09:16:41+00:00\",\"dateModified\":\"2026-04-23T06:08:23+00:00\",\"description\":\"Verbessern Sie Ihr Brusttraining mit der vielseitigen Evolve Ultra Series Plate-Loaded Smith Flat & Decline Chest Press. Entwickelt f\u00fcr Pr\u00e4zision und Kraft\",\"breadcrumb\":{\"@id\":\"https:\\\/\\\/evolve-fitness.eu\\\/de\\\/produkt\\\/evolve-ultra-series-plate-loaded-smith-flat-decline-chest-press\\\/#breadcrumb\"},\"inLanguage\":\"de\",\"potentialAction\":[{\"@type\":\"ReadAction\",\"target\":[\"https:\\\/\\\/evolve-fitness.eu\\\/de\\\/produkt\\\/evolve-ultra-series-plate-loaded-smith-flat-decline-chest-press\\\/\"]}]},{\"@type\":\"ImageObject\",\"inLanguage\":\"de\",\"@id\":\"https:\\\/\\\/evolve-fitness.eu\\\/de\\\/produkt\\\/evolve-ultra-series-plate-loaded-smith-flat-decline-chest-press\\\/#primaryimage\",\"url\":\"https:\\\/\\\/evolve-fitness.eu\\\/wp-content\\\/uploads\\\/2025\\\/06\\\/Evolve-Ultra-Series-Plate-Loaded-Smith-Flat-Decline-Chest-Press-1.png\",\"contentUrl\":\"https:\\\/\\\/evolve-fitness.eu\\\/wp-content\\\/uploads\\\/2025\\\/06\\\/Evolve-Ultra-Series-Plate-Loaded-Smith-Flat-Decline-Chest-Press-1.png\",\"width\":2200,\"height\":2200},{\"@type\":\"BreadcrumbList\",\"@id\":\"https:\\\/\\\/evolve-fitness.eu\\\/de\\\/produkt\\\/evolve-ultra-series-plate-loaded-smith-flat-decline-chest-press\\\/#breadcrumb\",\"itemListElement\":[{\"@type\":\"ListItem\",\"position\":1,\"name\":\"Home\",\"item\":\"https:\\\/\\\/evolve-fitness.eu\\\/de\\\/\"},{\"@type\":\"ListItem\",\"position\":2,\"name\":\"Produkte\",\"item\":\"https:\\\/\\\/evolve-fitness.eu\\\/de\\\/shop\\\/\"},{\"@type\":\"ListItem\",\"position\":3,\"name\":\"Evolve Ultra Series Plate-Loaded Smith Flat &amp; Decline Chest Press\"}]},{\"@type\":\"WebSite\",\"@id\":\"https:\\\/\\\/evolve-fitness.eu\\\/de\\\/#website\",\"url\":\"https:\\\/\\\/evolve-fitness.eu\\\/de\\\/\",\"name\":\"Evolve\",\"description\":\"Your Evolved Gear Arrived\",\"publisher\":{\"@id\":\"https:\\\/\\\/evolve-fitness.eu\\\/de\\\/#organization\"},\"potentialAction\":[{\"@type\":\"SearchAction\",\"target\":{\"@type\":\"EntryPoint\",\"urlTemplate\":\"https:\\\/\\\/evolve-fitness.eu\\\/de\\\/?s={search_term_string}\"},\"query-input\":{\"@type\":\"PropertyValueSpecification\",\"valueRequired\":true,\"valueName\":\"search_term_string\"}}],\"inLanguage\":\"de\"},{\"@type\":\"Organization\",\"@id\":\"https:\\\/\\\/evolve-fitness.eu\\\/de\\\/#organization\",\"name\":\"Evolve\",\"url\":\"https:\\\/\\\/evolve-fitness.eu\\\/de\\\/\",\"logo\":{\"@type\":\"ImageObject\",\"inLanguage\":\"de\",\"@id\":\"https:\\\/\\\/evolve-fitness.eu\\\/de\\\/#\\\/schema\\\/logo\\\/image\\\/\",\"url\":\"https:\\\/\\\/evolve-fitness.eu\\\/wp-content\\\/uploads\\\/2023\\\/05\\\/Evolve-logo.svg\",\"contentUrl\":\"https:\\\/\\\/evolve-fitness.eu\\\/wp-content\\\/uploads\\\/2023\\\/05\\\/Evolve-logo.svg\",\"width\":176,\"height\":20,\"caption\":\"Evolve\"},\"image\":{\"@id\":\"https:\\\/\\\/evolve-fitness.eu\\\/de\\\/#\\\/schema\\\/logo\\\/image\\\/\"},\"sameAs\":[\"https:\\\/\\\/www.facebook.com\\\/EvolveFitnessEurope\"]}]}<\/script>\n<!-- \/ Yoast SEO plugin. -->","yoast_head_json":{"title":"Evolve Ultra Series Plate-Loaded Smith Flat &amp; Decline Chest Press - Evolve","description":"Verbessern Sie Ihr Brusttraining mit der vielseitigen Evolve Ultra Series Plate-Loaded Smith Flat & Decline Chest Press. Entwickelt f\u00fcr Pr\u00e4zision und Kraft","robots":{"index":"index","follow":"follow","max-snippet":"max-snippet:-1","max-image-preview":"max-image-preview:large","max-video-preview":"max-video-preview:-1"},"canonical":"https:\/\/evolve-fitness.eu\/de\/produkt\/evolve-ultra-series-plate-loaded-smith-flat-decline-chest-press\/","og_locale":"de_DE","og_type":"article","og_title":"Evolve Ultra Series Plate-Loaded Smith Flat &amp; Decline Chest Press - Evolve","og_description":"Verbessern Sie Ihr Brusttraining mit der vielseitigen Evolve Ultra Series Plate-Loaded Smith Flat & Decline Chest Press. Entwickelt f\u00fcr Pr\u00e4zision und Kraft","og_url":"https:\/\/evolve-fitness.eu\/de\/produkt\/evolve-ultra-series-plate-loaded-smith-flat-decline-chest-press\/","og_site_name":"Evolve","article_publisher":"https:\/\/www.facebook.com\/EvolveFitnessEurope","article_modified_time":"2026-04-23T06:08:23+00:00","og_image":[{"width":1024,"height":1024,"url":"https:\/\/evolve-fitness.eu\/wp-content\/uploads\/2025\/06\/Evolve-Ultra-Series-Plate-Loaded-Smith-Flat-Decline-Chest-Press-1-1024x1024.png","type":"image\/png"}],"twitter_card":"summary_large_image","schema":{"@context":"https:\/\/schema.org","@graph":[{"@type":"WebPage","@id":"https:\/\/evolve-fitness.eu\/de\/produkt\/evolve-ultra-series-plate-loaded-smith-flat-decline-chest-press\/","url":"https:\/\/evolve-fitness.eu\/de\/produkt\/evolve-ultra-series-plate-loaded-smith-flat-decline-chest-press\/","name":"Evolve Ultra Series Plate-Loaded Smith Flat &amp; Decline Chest Press - Evolve","isPartOf":{"@id":"https:\/\/evolve-fitness.eu\/de\/#website"},"primaryImageOfPage":{"@id":"https:\/\/evolve-fitness.eu\/de\/produkt\/evolve-ultra-series-plate-loaded-smith-flat-decline-chest-press\/#primaryimage"},"image":{"@id":"https:\/\/evolve-fitness.eu\/de\/produkt\/evolve-ultra-series-plate-loaded-smith-flat-decline-chest-press\/#primaryimage"},"thumbnailUrl":"https:\/\/evolve-fitness.eu\/wp-content\/uploads\/2025\/06\/Evolve-Ultra-Series-Plate-Loaded-Smith-Flat-Decline-Chest-Press-1.png","datePublished":"2025-06-26T09:16:41+00:00","dateModified":"2026-04-23T06:08:23+00:00","description":"Verbessern Sie Ihr Brusttraining mit der vielseitigen Evolve Ultra Series Plate-Loaded Smith Flat & Decline Chest Press. Entwickelt f\u00fcr Pr\u00e4zision und Kraft","breadcrumb":{"@id":"https:\/\/evolve-fitness.eu\/de\/produkt\/evolve-ultra-series-plate-loaded-smith-flat-decline-chest-press\/#breadcrumb"},"inLanguage":"de","potentialAction":[{"@type":"ReadAction","target":["https:\/\/evolve-fitness.eu\/de\/produkt\/evolve-ultra-series-plate-loaded-smith-flat-decline-chest-press\/"]}]},{"@type":"ImageObject","inLanguage":"de","@id":"https:\/\/evolve-fitness.eu\/de\/produkt\/evolve-ultra-series-plate-loaded-smith-flat-decline-chest-press\/#primaryimage","url":"https:\/\/evolve-fitness.eu\/wp-content\/uploads\/2025\/06\/Evolve-Ultra-Series-Plate-Loaded-Smith-Flat-Decline-Chest-Press-1.png","contentUrl":"https:\/\/evolve-fitness.eu\/wp-content\/uploads\/2025\/06\/Evolve-Ultra-Series-Plate-Loaded-Smith-Flat-Decline-Chest-Press-1.png","width":2200,"height":2200},{"@type":"BreadcrumbList","@id":"https:\/\/evolve-fitness.eu\/de\/produkt\/evolve-ultra-series-plate-loaded-smith-flat-decline-chest-press\/#breadcrumb","itemListElement":[{"@type":"ListItem","position":1,"name":"Home","item":"https:\/\/evolve-fitness.eu\/de\/"},{"@type":"ListItem","position":2,"name":"Produkte","item":"https:\/\/evolve-fitness.eu\/de\/shop\/"},{"@type":"ListItem","position":3,"name":"Evolve Ultra Series Plate-Loaded Smith Flat &amp; Decline Chest Press"}]},{"@type":"WebSite","@id":"https:\/\/evolve-fitness.eu\/de\/#website","url":"https:\/\/evolve-fitness.eu\/de\/","name":"Evolve","description":"Your Evolved Gear Arrived","publisher":{"@id":"https:\/\/evolve-fitness.eu\/de\/#organization"},"potentialAction":[{"@type":"SearchAction","target":{"@type":"EntryPoint","urlTemplate":"https:\/\/evolve-fitness.eu\/de\/?s={search_term_string}"},"query-input":{"@type":"PropertyValueSpecification","valueRequired":true,"valueName":"search_term_string"}}],"inLanguage":"de"},{"@type":"Organization","@id":"https:\/\/evolve-fitness.eu\/de\/#organization","name":"Evolve","url":"https:\/\/evolve-fitness.eu\/de\/","logo":{"@type":"ImageObject","inLanguage":"de","@id":"https:\/\/evolve-fitness.eu\/de\/#\/schema\/logo\/image\/","url":"https:\/\/evolve-fitness.eu\/wp-content\/uploads\/2023\/05\/Evolve-logo.svg","contentUrl":"https:\/\/evolve-fitness.eu\/wp-content\/uploads\/2023\/05\/Evolve-logo.svg","width":176,"height":20,"caption":"Evolve"},"image":{"@id":"https:\/\/evolve-fitness.eu\/de\/#\/schema\/logo\/image\/"},"sameAs":["https:\/\/www.facebook.com\/EvolveFitnessEurope"]}]}},"_links":{"self":[{"href":"https:\/\/evolve-fitness.eu\/de\/wp-json\/wp\/v2\/product\/236136","targetHints":{"allow":["GET"]}}],"collection":[{"href":"https:\/\/evolve-fitness.eu\/de\/wp-json\/wp\/v2\/product"}],"about":[{"href":"https:\/\/evolve-fitness.eu\/de\/wp-json\/wp\/v2\/types\/product"}],"wp:featuredmedia":[{"embeddable":true,"href":"https:\/\/evolve-fitness.eu\/de\/wp-json\/wp\/v2\/media\/200147"}],"wp:attachment":[{"href":"https:\/\/evolve-fitness.eu\/de\/wp-json\/wp\/v2\/media?parent=236136"}],"wp:term":[{"taxonomy":"product_brand","embeddable":true,"href":"https:\/\/evolve-fitness.eu\/de\/wp-json\/wp\/v2\/product_brand?post=236136"},{"taxonomy":"product_cat","embeddable":true,"href":"https:\/\/evolve-fitness.eu\/de\/wp-json\/wp\/v2\/product_cat?post=236136"},{"taxonomy":"product_tag","embeddable":true,"href":"https:\/\/evolve-fitness.eu\/de\/wp-json\/wp\/v2\/product_tag?post=236136"}],"curies":[{"name":"wp","href":"https:\/\/api.w.org\/{rel}","templated":true}]}}