{"id":236914,"date":"2025-10-14T07:39:03","date_gmt":"2025-10-14T07:39:03","guid":{"rendered":"https:\/\/evolve-fitness.eu\/product\/evolve-econ-series-plate-loaded-chest-press-ec-035\/"},"modified":"2025-10-14T07:39:03","modified_gmt":"2025-10-14T04:39:03","slug":"evolve-econ-series-plate-loaded-chest-press-ec-035","status":"publish","type":"product","link":"https:\/\/evolve-fitness.eu\/de\/produkt\/evolve-econ-series-plate-loaded-chest-press-ec-035\/","title":{"rendered":"Evolve Econ Series Plate Loaded Chest Press (EC-035)"},"content":{"rendered":"","protected":false},"excerpt":{"rendered":"<p>Die Evolve Econ Series Plate Loaded Chest Press wurde f\u00fcr ein effektives Krafttraining des Oberk\u00f6rpers mit Schwerpunkt auf den Brust-, Trizeps- und Schultermuskeln entwickelt. Das plattenbest\u00fcckte Design sorgt f\u00fcr eine sanfte und nat\u00fcrliche Pressbewegung, w\u00e4hrend der ergonomische Sitz und die Ausrichtung der Griffe f\u00fcr optimalen Komfort und Stabilit\u00e4t sorgen. Das Ger\u00e4t ist auf Langlebigkeit und gleichbleibende Leistung ausgelegt und eignet sich sowohl f\u00fcr den kommerziellen als auch f\u00fcr den Heimgebrauch.  <\/p>\n","protected":false},"featured_media":236919,"template":"","meta":{"_acf_changed":false,"inline_featured_image":false},"product_brand":[],"product_cat":[744,743],"product_tag":[],"class_list":{"0":"post-236914","1":"product","2":"type-product","3":"status-publish","4":"has-post-thumbnail","6":"product_cat-econ-serie-platte-geladen","7":"product_cat-maschinen-mit-plattenbeladung","9":"first","10":"instock","11":"shipping-taxable","12":"purchasable","13":"product-type-simple"},"acf":{"long_title":"Evolve Econ Series Plate Loaded Chest Press (EC-035)","subtitle":"","specifications":[{"label":"SKU","text_value":"EV-PL-EC-035","icon":"x"},{"label":"Abmessungen","text_value":"1276 x 984 x 1248 mm","icon":"x"},{"label":"Gewicht","text_value":"64,2 kg","icon":"x"},{"label":"Max. Benutzergewicht","text_value":"150 kg","icon":"x"},{"label":"Max. laden","text_value":"2 x 100 kg","icon":"x"},{"label":"Korrosionsschutzfarbe","text_value":"","icon":"v"},{"label":"Metallrahmen ohne scharfe Kanten","text_value":"","icon":"v"},{"label":"Langlebige Bodenschoner","text_value":"","icon":"v"},{"label":"Garantie","text_value":"2 Jahre","icon":"x"}],"product_frequently_asked_questions":null},"yoast_head":"<!-- This site is optimized with the Yoast SEO plugin v27.4 - https:\/\/yoast.com\/product\/yoast-seo-wordpress\/ -->\n<title>Evolve Econ Series Plate Loaded Chest Press (EC-035) - Evolve<\/title>\n<meta name=\"description\" content=\"Die Evolve Econ Series Plate Loaded Chest Press wurde f\u00fcr ein effektives Krafttraining des Oberk\u00f6rpers mit Schwerpunkt auf den Brustmuskeln entwickelt.\" \/>\n<meta name=\"robots\" content=\"index, follow, max-snippet:-1, max-image-preview:large, max-video-preview:-1\" \/>\n<link rel=\"canonical\" href=\"https:\/\/evolve-fitness.eu\/de\/produkt\/evolve-econ-series-plate-loaded-chest-press-ec-035\/\" \/>\n<meta property=\"og:locale\" content=\"de_DE\" \/>\n<meta property=\"og:type\" content=\"article\" \/>\n<meta property=\"og:title\" content=\"Evolve Econ Series Plate Loaded Chest Press (EC-035) - Evolve\" \/>\n<meta property=\"og:description\" content=\"Die Evolve Econ Series Plate Loaded Chest Press wurde f\u00fcr ein effektives Krafttraining des Oberk\u00f6rpers mit Schwerpunkt auf den Brustmuskeln entwickelt.\" \/>\n<meta property=\"og:url\" content=\"https:\/\/evolve-fitness.eu\/de\/produkt\/evolve-econ-series-plate-loaded-chest-press-ec-035\/\" \/>\n<meta property=\"og:site_name\" content=\"Evolve\" \/>\n<meta property=\"article:publisher\" content=\"https:\/\/www.facebook.com\/EvolveFitnessEurope\" \/>\n<meta property=\"og:image\" content=\"https:\/\/evolve-fitness.eu\/wp-content\/uploads\/2025\/10\/EV-PL-EC-0305.png\" \/>\n\t<meta property=\"og:image:width\" content=\"1200\" \/>\n\t<meta property=\"og:image:height\" content=\"1200\" \/>\n\t<meta property=\"og:image:type\" content=\"image\/png\" \/>\n<meta name=\"twitter:card\" content=\"summary_large_image\" \/>\n<script type=\"application\/ld+json\" class=\"yoast-schema-graph\">{\"@context\":\"https:\\\/\\\/schema.org\",\"@graph\":[{\"@type\":\"WebPage\",\"@id\":\"https:\\\/\\\/evolve-fitness.eu\\\/de\\\/produkt\\\/evolve-econ-series-plate-loaded-chest-press-ec-035\\\/\",\"url\":\"https:\\\/\\\/evolve-fitness.eu\\\/de\\\/produkt\\\/evolve-econ-series-plate-loaded-chest-press-ec-035\\\/\",\"name\":\"Evolve Econ Series Plate Loaded Chest Press (EC-035) - Evolve\",\"isPartOf\":{\"@id\":\"https:\\\/\\\/evolve-fitness.eu\\\/de\\\/#website\"},\"primaryImageOfPage\":{\"@id\":\"https:\\\/\\\/evolve-fitness.eu\\\/de\\\/produkt\\\/evolve-econ-series-plate-loaded-chest-press-ec-035\\\/#primaryimage\"},\"image\":{\"@id\":\"https:\\\/\\\/evolve-fitness.eu\\\/de\\\/produkt\\\/evolve-econ-series-plate-loaded-chest-press-ec-035\\\/#primaryimage\"},\"thumbnailUrl\":\"https:\\\/\\\/evolve-fitness.eu\\\/wp-content\\\/uploads\\\/2025\\\/10\\\/EV-PL-EC-0305.png\",\"datePublished\":\"2025-10-14T07:39:03+00:00\",\"description\":\"Die Evolve Econ Series Plate Loaded Chest Press wurde f\u00fcr ein effektives Krafttraining des Oberk\u00f6rpers mit Schwerpunkt auf den Brustmuskeln entwickelt.\",\"breadcrumb\":{\"@id\":\"https:\\\/\\\/evolve-fitness.eu\\\/de\\\/produkt\\\/evolve-econ-series-plate-loaded-chest-press-ec-035\\\/#breadcrumb\"},\"inLanguage\":\"de\",\"potentialAction\":[{\"@type\":\"ReadAction\",\"target\":[\"https:\\\/\\\/evolve-fitness.eu\\\/de\\\/produkt\\\/evolve-econ-series-plate-loaded-chest-press-ec-035\\\/\"]}]},{\"@type\":\"ImageObject\",\"inLanguage\":\"de\",\"@id\":\"https:\\\/\\\/evolve-fitness.eu\\\/de\\\/produkt\\\/evolve-econ-series-plate-loaded-chest-press-ec-035\\\/#primaryimage\",\"url\":\"https:\\\/\\\/evolve-fitness.eu\\\/wp-content\\\/uploads\\\/2025\\\/10\\\/EV-PL-EC-0305.png\",\"contentUrl\":\"https:\\\/\\\/evolve-fitness.eu\\\/wp-content\\\/uploads\\\/2025\\\/10\\\/EV-PL-EC-0305.png\",\"width\":1200,\"height\":1200},{\"@type\":\"BreadcrumbList\",\"@id\":\"https:\\\/\\\/evolve-fitness.eu\\\/de\\\/produkt\\\/evolve-econ-series-plate-loaded-chest-press-ec-035\\\/#breadcrumb\",\"itemListElement\":[{\"@type\":\"ListItem\",\"position\":1,\"name\":\"Home\",\"item\":\"https:\\\/\\\/evolve-fitness.eu\\\/de\\\/\"},{\"@type\":\"ListItem\",\"position\":2,\"name\":\"Produkte\",\"item\":\"https:\\\/\\\/evolve-fitness.eu\\\/de\\\/shop\\\/\"},{\"@type\":\"ListItem\",\"position\":3,\"name\":\"Evolve Econ Series Plate Loaded Chest Press (EC-035)\"}]},{\"@type\":\"WebSite\",\"@id\":\"https:\\\/\\\/evolve-fitness.eu\\\/de\\\/#website\",\"url\":\"https:\\\/\\\/evolve-fitness.eu\\\/de\\\/\",\"name\":\"Evolve\",\"description\":\"Your Evolved Gear Arrived\",\"publisher\":{\"@id\":\"https:\\\/\\\/evolve-fitness.eu\\\/de\\\/#organization\"},\"potentialAction\":[{\"@type\":\"SearchAction\",\"target\":{\"@type\":\"EntryPoint\",\"urlTemplate\":\"https:\\\/\\\/evolve-fitness.eu\\\/de\\\/?s={search_term_string}\"},\"query-input\":{\"@type\":\"PropertyValueSpecification\",\"valueRequired\":true,\"valueName\":\"search_term_string\"}}],\"inLanguage\":\"de\"},{\"@type\":\"Organization\",\"@id\":\"https:\\\/\\\/evolve-fitness.eu\\\/de\\\/#organization\",\"name\":\"Evolve\",\"url\":\"https:\\\/\\\/evolve-fitness.eu\\\/de\\\/\",\"logo\":{\"@type\":\"ImageObject\",\"inLanguage\":\"de\",\"@id\":\"https:\\\/\\\/evolve-fitness.eu\\\/de\\\/#\\\/schema\\\/logo\\\/image\\\/\",\"url\":\"https:\\\/\\\/evolve-fitness.eu\\\/wp-content\\\/uploads\\\/2023\\\/05\\\/Evolve-logo.svg\",\"contentUrl\":\"https:\\\/\\\/evolve-fitness.eu\\\/wp-content\\\/uploads\\\/2023\\\/05\\\/Evolve-logo.svg\",\"width\":176,\"height\":20,\"caption\":\"Evolve\"},\"image\":{\"@id\":\"https:\\\/\\\/evolve-fitness.eu\\\/de\\\/#\\\/schema\\\/logo\\\/image\\\/\"},\"sameAs\":[\"https:\\\/\\\/www.facebook.com\\\/EvolveFitnessEurope\"]}]}<\/script>\n<!-- \/ Yoast SEO plugin. -->","yoast_head_json":{"title":"Evolve Econ Series Plate Loaded Chest Press (EC-035) - Evolve","description":"Die Evolve Econ Series Plate Loaded Chest Press wurde f\u00fcr ein effektives Krafttraining des Oberk\u00f6rpers mit Schwerpunkt auf den Brustmuskeln entwickelt.","robots":{"index":"index","follow":"follow","max-snippet":"max-snippet:-1","max-image-preview":"max-image-preview:large","max-video-preview":"max-video-preview:-1"},"canonical":"https:\/\/evolve-fitness.eu\/de\/produkt\/evolve-econ-series-plate-loaded-chest-press-ec-035\/","og_locale":"de_DE","og_type":"article","og_title":"Evolve Econ Series Plate Loaded Chest Press (EC-035) - Evolve","og_description":"Die Evolve Econ Series Plate Loaded Chest Press wurde f\u00fcr ein effektives Krafttraining des Oberk\u00f6rpers mit Schwerpunkt auf den Brustmuskeln entwickelt.","og_url":"https:\/\/evolve-fitness.eu\/de\/produkt\/evolve-econ-series-plate-loaded-chest-press-ec-035\/","og_site_name":"Evolve","article_publisher":"https:\/\/www.facebook.com\/EvolveFitnessEurope","og_image":[{"width":1200,"height":1200,"url":"https:\/\/evolve-fitness.eu\/wp-content\/uploads\/2025\/10\/EV-PL-EC-0305.png","type":"image\/png"}],"twitter_card":"summary_large_image","schema":{"@context":"https:\/\/schema.org","@graph":[{"@type":"WebPage","@id":"https:\/\/evolve-fitness.eu\/de\/produkt\/evolve-econ-series-plate-loaded-chest-press-ec-035\/","url":"https:\/\/evolve-fitness.eu\/de\/produkt\/evolve-econ-series-plate-loaded-chest-press-ec-035\/","name":"Evolve Econ Series Plate Loaded Chest Press (EC-035) - Evolve","isPartOf":{"@id":"https:\/\/evolve-fitness.eu\/de\/#website"},"primaryImageOfPage":{"@id":"https:\/\/evolve-fitness.eu\/de\/produkt\/evolve-econ-series-plate-loaded-chest-press-ec-035\/#primaryimage"},"image":{"@id":"https:\/\/evolve-fitness.eu\/de\/produkt\/evolve-econ-series-plate-loaded-chest-press-ec-035\/#primaryimage"},"thumbnailUrl":"https:\/\/evolve-fitness.eu\/wp-content\/uploads\/2025\/10\/EV-PL-EC-0305.png","datePublished":"2025-10-14T07:39:03+00:00","description":"Die Evolve Econ Series Plate Loaded Chest Press wurde f\u00fcr ein effektives Krafttraining des Oberk\u00f6rpers mit Schwerpunkt auf den Brustmuskeln entwickelt.","breadcrumb":{"@id":"https:\/\/evolve-fitness.eu\/de\/produkt\/evolve-econ-series-plate-loaded-chest-press-ec-035\/#breadcrumb"},"inLanguage":"de","potentialAction":[{"@type":"ReadAction","target":["https:\/\/evolve-fitness.eu\/de\/produkt\/evolve-econ-series-plate-loaded-chest-press-ec-035\/"]}]},{"@type":"ImageObject","inLanguage":"de","@id":"https:\/\/evolve-fitness.eu\/de\/produkt\/evolve-econ-series-plate-loaded-chest-press-ec-035\/#primaryimage","url":"https:\/\/evolve-fitness.eu\/wp-content\/uploads\/2025\/10\/EV-PL-EC-0305.png","contentUrl":"https:\/\/evolve-fitness.eu\/wp-content\/uploads\/2025\/10\/EV-PL-EC-0305.png","width":1200,"height":1200},{"@type":"BreadcrumbList","@id":"https:\/\/evolve-fitness.eu\/de\/produkt\/evolve-econ-series-plate-loaded-chest-press-ec-035\/#breadcrumb","itemListElement":[{"@type":"ListItem","position":1,"name":"Home","item":"https:\/\/evolve-fitness.eu\/de\/"},{"@type":"ListItem","position":2,"name":"Produkte","item":"https:\/\/evolve-fitness.eu\/de\/shop\/"},{"@type":"ListItem","position":3,"name":"Evolve Econ Series Plate Loaded Chest Press (EC-035)"}]},{"@type":"WebSite","@id":"https:\/\/evolve-fitness.eu\/de\/#website","url":"https:\/\/evolve-fitness.eu\/de\/","name":"Evolve","description":"Your Evolved Gear Arrived","publisher":{"@id":"https:\/\/evolve-fitness.eu\/de\/#organization"},"potentialAction":[{"@type":"SearchAction","target":{"@type":"EntryPoint","urlTemplate":"https:\/\/evolve-fitness.eu\/de\/?s={search_term_string}"},"query-input":{"@type":"PropertyValueSpecification","valueRequired":true,"valueName":"search_term_string"}}],"inLanguage":"de"},{"@type":"Organization","@id":"https:\/\/evolve-fitness.eu\/de\/#organization","name":"Evolve","url":"https:\/\/evolve-fitness.eu\/de\/","logo":{"@type":"ImageObject","inLanguage":"de","@id":"https:\/\/evolve-fitness.eu\/de\/#\/schema\/logo\/image\/","url":"https:\/\/evolve-fitness.eu\/wp-content\/uploads\/2023\/05\/Evolve-logo.svg","contentUrl":"https:\/\/evolve-fitness.eu\/wp-content\/uploads\/2023\/05\/Evolve-logo.svg","width":176,"height":20,"caption":"Evolve"},"image":{"@id":"https:\/\/evolve-fitness.eu\/de\/#\/schema\/logo\/image\/"},"sameAs":["https:\/\/www.facebook.com\/EvolveFitnessEurope"]}]}},"_links":{"self":[{"href":"https:\/\/evolve-fitness.eu\/de\/wp-json\/wp\/v2\/product\/236914","targetHints":{"allow":["GET"]}}],"collection":[{"href":"https:\/\/evolve-fitness.eu\/de\/wp-json\/wp\/v2\/product"}],"about":[{"href":"https:\/\/evolve-fitness.eu\/de\/wp-json\/wp\/v2\/types\/product"}],"wp:featuredmedia":[{"embeddable":true,"href":"https:\/\/evolve-fitness.eu\/de\/wp-json\/wp\/v2\/media\/236919"}],"wp:attachment":[{"href":"https:\/\/evolve-fitness.eu\/de\/wp-json\/wp\/v2\/media?parent=236914"}],"wp:term":[{"taxonomy":"product_brand","embeddable":true,"href":"https:\/\/evolve-fitness.eu\/de\/wp-json\/wp\/v2\/product_brand?post=236914"},{"taxonomy":"product_cat","embeddable":true,"href":"https:\/\/evolve-fitness.eu\/de\/wp-json\/wp\/v2\/product_cat?post=236914"},{"taxonomy":"product_tag","embeddable":true,"href":"https:\/\/evolve-fitness.eu\/de\/wp-json\/wp\/v2\/product_tag?post=236914"}],"curies":[{"name":"wp","href":"https:\/\/api.w.org\/{rel}","templated":true}]}}