{"id":101944,"date":"2023-11-21T06:08:31","date_gmt":"2023-11-21T06:08:31","guid":{"rendered":"https:\/\/evolve-fitness.eu\/product\/barra-de-sentadillas-evolve-220-cm\/"},"modified":"2025-01-17T08:40:22","modified_gmt":"2025-01-17T08:40:22","slug":"barra-de-sentadillas-evolve-220-cm","status":"publish","type":"product","link":"https:\/\/evolve-fitness.eu\/es\/producto\/barra-de-sentadillas-evolve-220-cm\/","title":{"rendered":"Barra de sentadillas Evolve &#8211; 220 cm"},"content":{"rendered":"\n<section class=\"wp-block-group alignfull has-lightgray-background-color has-background is-layout-constrained wp-block-group-is-layout-constrained\">\n<div class=\"wp-block-columns alignwide is-layout-flex wp-container-core-columns-is-layout-2edb0647 wp-block-columns-is-layout-flex\" style=\"margin-top:0;margin-bottom:0\">\n<div class=\"wp-block-column is-layout-flow wp-block-column-is-layout-flow\" style=\"flex-basis:33.33%\"><\/div>\n\n\n\n<div class=\"wp-block-column is-layout-flow wp-block-column-is-layout-flow\" style=\"flex-basis:66.66%\"><\/div>\n<\/div>\n<\/section>\n","protected":false},"excerpt":{"rendered":"<p>Maximice su entrenamiento de fuerza con la barra ol\u00edmpica de seguridad para sentadillas Evolve (c\u00f3digo del producto: EV-OB-SQ-220), una adici\u00f3n robusta e innovadora a su arsenal de fitness. Esta barra de sentadillas de primera calidad est\u00e1 dise\u00f1ada por expertos para satisfacer a atletas y entusiastas del fitness, con un peso considerable de 24 kg para un entrenamiento exigente. La barra cuenta con una importante capacidad de carga m\u00e1xima de 350 kg, lo que la hace ideal para levantadores pesados. Con una longitud total de 2200 mm y una parte interior del diapas\u00f3n de 1390 mm, garantiza un agarre c\u00f3modo y seguro para distintos tipos de cuerpo. Los 30 mm de di\u00e1metro de la parte interior del diapas\u00f3n y los 51 mm de di\u00e1metro del casquillo para las pesas admiten pesas ol\u00edmpicas est\u00e1ndar, lo que aumenta su versatilidad. Su garant\u00eda de un a\u00f1o subraya el compromiso con la calidad y la durabilidad. Si su objetivo es aumentar la fuerza, mejorar la postura o desarrollar la musculatura, la barra de seguridad para sentadillas ol\u00edmpicas Evolve es el equipo que necesita para alcanzar sus objetivos de fitness.<\/p>\n","protected":false},"featured_media":101959,"template":"","meta":{"_acf_changed":false,"inline_featured_image":false},"product_brand":[],"product_cat":[1454,3824],"product_tag":[],"class_list":{"0":"post-101944","1":"product","2":"type-product","3":"status-publish","4":"has-post-thumbnail","6":"product_cat-pesos-libres","7":"product_cat-bares-y-accesorios","9":"first","10":"instock","11":"shipping-taxable","12":"purchasable","13":"product-type-simple"},"acf":{"long_title":"Barra de sentadillas Evolve - 220 cm","subtitle":"","specifications":[{"label":"SKU","text_value":"EV-OB-SQ-220","icon":"x"},{"label":"Peso","text_value":"24 kg","icon":"v"},{"label":"Garant\u00eda","text_value":"1 a\u00f1o","icon":"v"},{"label":"Carga m\u00e1xima","text_value":"350 kg","icon":"v"},{"label":"Di\u00e1metro del casquillo para pesos","text_value":"\u00d8 51 mm","icon":"v"},{"label":"Longitud","text_value":"2200 mm","icon":"v"},{"label":"La longitud de la parte interior del diapas\u00f3n","text_value":"1390 mm","icon":"v"},{"label":"El di\u00e1metro de la parte interior del diapas\u00f3n","text_value":"\u00d830 mm","icon":"v"}]},"yoast_head":"<!-- This site is optimized with the Yoast SEO plugin v26.6 - https:\/\/yoast.com\/wordpress\/plugins\/seo\/ -->\n<title>Barra de sentadillas Evolve - 220 cm - Evolve<\/title>\n<meta name=\"robots\" content=\"index, follow, max-snippet:-1, max-image-preview:large, max-video-preview:-1\" \/>\n<link rel=\"canonical\" href=\"https:\/\/evolve-fitness.eu\/es\/producto\/barra-de-sentadillas-evolve-220-cm\/\" \/>\n<meta property=\"og:locale\" content=\"es_ES\" \/>\n<meta property=\"og:type\" content=\"article\" \/>\n<meta property=\"og:title\" content=\"Barra de sentadillas Evolve - 220 cm - Evolve\" \/>\n<meta property=\"og:url\" content=\"https:\/\/evolve-fitness.eu\/es\/producto\/barra-de-sentadillas-evolve-220-cm\/\" \/>\n<meta property=\"og:site_name\" content=\"Evolve\" \/>\n<meta property=\"article:publisher\" content=\"https:\/\/www.facebook.com\/EvolveFitnessEurope\" \/>\n<meta property=\"article:modified_time\" content=\"2025-01-17T08:40:22+00:00\" \/>\n<meta property=\"og:image\" content=\"https:\/\/evolve-fitness.eu\/wp-content\/uploads\/2023\/11\/Evolve-OLYMPIC-SAFETY-SQUAT-BAR.png\" \/>\n\t<meta property=\"og:image:width\" content=\"680\" \/>\n\t<meta property=\"og:image:height\" content=\"600\" \/>\n\t<meta property=\"og:image:type\" content=\"image\/png\" \/>\n<meta name=\"twitter:card\" content=\"summary_large_image\" \/>\n<script type=\"application\/ld+json\" class=\"yoast-schema-graph\">{\"@context\":\"https:\/\/schema.org\",\"@graph\":[{\"@type\":\"WebPage\",\"@id\":\"https:\/\/evolve-fitness.eu\/es\/producto\/barra-de-sentadillas-evolve-220-cm\/\",\"url\":\"https:\/\/evolve-fitness.eu\/es\/producto\/barra-de-sentadillas-evolve-220-cm\/\",\"name\":\"Barra de sentadillas Evolve - 220 cm - Evolve\",\"isPartOf\":{\"@id\":\"https:\/\/evolve-fitness.eu\/es\/#website\"},\"primaryImageOfPage\":{\"@id\":\"https:\/\/evolve-fitness.eu\/es\/producto\/barra-de-sentadillas-evolve-220-cm\/#primaryimage\"},\"image\":{\"@id\":\"https:\/\/evolve-fitness.eu\/es\/producto\/barra-de-sentadillas-evolve-220-cm\/#primaryimage\"},\"thumbnailUrl\":\"https:\/\/evolve-fitness.eu\/wp-content\/uploads\/2023\/11\/Evolve-OLYMPIC-SAFETY-SQUAT-BAR.png\",\"datePublished\":\"2023-11-21T06:08:31+00:00\",\"dateModified\":\"2025-01-17T08:40:22+00:00\",\"breadcrumb\":{\"@id\":\"https:\/\/evolve-fitness.eu\/es\/producto\/barra-de-sentadillas-evolve-220-cm\/#breadcrumb\"},\"inLanguage\":\"es\",\"potentialAction\":[{\"@type\":\"ReadAction\",\"target\":[\"https:\/\/evolve-fitness.eu\/es\/producto\/barra-de-sentadillas-evolve-220-cm\/\"]}]},{\"@type\":\"ImageObject\",\"inLanguage\":\"es\",\"@id\":\"https:\/\/evolve-fitness.eu\/es\/producto\/barra-de-sentadillas-evolve-220-cm\/#primaryimage\",\"url\":\"https:\/\/evolve-fitness.eu\/wp-content\/uploads\/2023\/11\/Evolve-OLYMPIC-SAFETY-SQUAT-BAR.png\",\"contentUrl\":\"https:\/\/evolve-fitness.eu\/wp-content\/uploads\/2023\/11\/Evolve-OLYMPIC-SAFETY-SQUAT-BAR.png\",\"width\":680,\"height\":600,\"caption\":\"EV-OB-SQ-220\"},{\"@type\":\"BreadcrumbList\",\"@id\":\"https:\/\/evolve-fitness.eu\/es\/producto\/barra-de-sentadillas-evolve-220-cm\/#breadcrumb\",\"itemListElement\":[{\"@type\":\"ListItem\",\"position\":1,\"name\":\"Home\",\"item\":\"https:\/\/evolve-fitness.eu\/es\/\"},{\"@type\":\"ListItem\",\"position\":2,\"name\":\"Productos\",\"item\":\"https:\/\/evolve-fitness.eu\/es\/shop\/\"},{\"@type\":\"ListItem\",\"position\":3,\"name\":\"Barra de sentadillas Evolve &#8211; 220 cm\"}]},{\"@type\":\"WebSite\",\"@id\":\"https:\/\/evolve-fitness.eu\/es\/#website\",\"url\":\"https:\/\/evolve-fitness.eu\/es\/\",\"name\":\"Evolve\",\"description\":\"Your Evolved Gear Arrived\",\"publisher\":{\"@id\":\"https:\/\/evolve-fitness.eu\/es\/#organization\"},\"potentialAction\":[{\"@type\":\"SearchAction\",\"target\":{\"@type\":\"EntryPoint\",\"urlTemplate\":\"https:\/\/evolve-fitness.eu\/es\/?s={search_term_string}\"},\"query-input\":{\"@type\":\"PropertyValueSpecification\",\"valueRequired\":true,\"valueName\":\"search_term_string\"}}],\"inLanguage\":\"es\"},{\"@type\":\"Organization\",\"@id\":\"https:\/\/evolve-fitness.eu\/es\/#organization\",\"name\":\"Evolve\",\"url\":\"https:\/\/evolve-fitness.eu\/es\/\",\"logo\":{\"@type\":\"ImageObject\",\"inLanguage\":\"es\",\"@id\":\"https:\/\/evolve-fitness.eu\/es\/#\/schema\/logo\/image\/\",\"url\":\"https:\/\/evolve-fitness.eu\/wp-content\/uploads\/2023\/05\/Evolve-logo.svg\",\"contentUrl\":\"https:\/\/evolve-fitness.eu\/wp-content\/uploads\/2023\/05\/Evolve-logo.svg\",\"width\":176,\"height\":20,\"caption\":\"Evolve\"},\"image\":{\"@id\":\"https:\/\/evolve-fitness.eu\/es\/#\/schema\/logo\/image\/\"},\"sameAs\":[\"https:\/\/www.facebook.com\/EvolveFitnessEurope\"]}]}<\/script>\n<!-- \/ Yoast SEO plugin. -->","yoast_head_json":{"title":"Barra de sentadillas Evolve - 220 cm - Evolve","robots":{"index":"index","follow":"follow","max-snippet":"max-snippet:-1","max-image-preview":"max-image-preview:large","max-video-preview":"max-video-preview:-1"},"canonical":"https:\/\/evolve-fitness.eu\/es\/producto\/barra-de-sentadillas-evolve-220-cm\/","og_locale":"es_ES","og_type":"article","og_title":"Barra de sentadillas Evolve - 220 cm - Evolve","og_url":"https:\/\/evolve-fitness.eu\/es\/producto\/barra-de-sentadillas-evolve-220-cm\/","og_site_name":"Evolve","article_publisher":"https:\/\/www.facebook.com\/EvolveFitnessEurope","article_modified_time":"2025-01-17T08:40:22+00:00","og_image":[{"width":680,"height":600,"url":"https:\/\/evolve-fitness.eu\/wp-content\/uploads\/2023\/11\/Evolve-OLYMPIC-SAFETY-SQUAT-BAR.png","type":"image\/png"}],"twitter_card":"summary_large_image","schema":{"@context":"https:\/\/schema.org","@graph":[{"@type":"WebPage","@id":"https:\/\/evolve-fitness.eu\/es\/producto\/barra-de-sentadillas-evolve-220-cm\/","url":"https:\/\/evolve-fitness.eu\/es\/producto\/barra-de-sentadillas-evolve-220-cm\/","name":"Barra de sentadillas Evolve - 220 cm - Evolve","isPartOf":{"@id":"https:\/\/evolve-fitness.eu\/es\/#website"},"primaryImageOfPage":{"@id":"https:\/\/evolve-fitness.eu\/es\/producto\/barra-de-sentadillas-evolve-220-cm\/#primaryimage"},"image":{"@id":"https:\/\/evolve-fitness.eu\/es\/producto\/barra-de-sentadillas-evolve-220-cm\/#primaryimage"},"thumbnailUrl":"https:\/\/evolve-fitness.eu\/wp-content\/uploads\/2023\/11\/Evolve-OLYMPIC-SAFETY-SQUAT-BAR.png","datePublished":"2023-11-21T06:08:31+00:00","dateModified":"2025-01-17T08:40:22+00:00","breadcrumb":{"@id":"https:\/\/evolve-fitness.eu\/es\/producto\/barra-de-sentadillas-evolve-220-cm\/#breadcrumb"},"inLanguage":"es","potentialAction":[{"@type":"ReadAction","target":["https:\/\/evolve-fitness.eu\/es\/producto\/barra-de-sentadillas-evolve-220-cm\/"]}]},{"@type":"ImageObject","inLanguage":"es","@id":"https:\/\/evolve-fitness.eu\/es\/producto\/barra-de-sentadillas-evolve-220-cm\/#primaryimage","url":"https:\/\/evolve-fitness.eu\/wp-content\/uploads\/2023\/11\/Evolve-OLYMPIC-SAFETY-SQUAT-BAR.png","contentUrl":"https:\/\/evolve-fitness.eu\/wp-content\/uploads\/2023\/11\/Evolve-OLYMPIC-SAFETY-SQUAT-BAR.png","width":680,"height":600,"caption":"EV-OB-SQ-220"},{"@type":"BreadcrumbList","@id":"https:\/\/evolve-fitness.eu\/es\/producto\/barra-de-sentadillas-evolve-220-cm\/#breadcrumb","itemListElement":[{"@type":"ListItem","position":1,"name":"Home","item":"https:\/\/evolve-fitness.eu\/es\/"},{"@type":"ListItem","position":2,"name":"Productos","item":"https:\/\/evolve-fitness.eu\/es\/shop\/"},{"@type":"ListItem","position":3,"name":"Barra de sentadillas Evolve &#8211; 220 cm"}]},{"@type":"WebSite","@id":"https:\/\/evolve-fitness.eu\/es\/#website","url":"https:\/\/evolve-fitness.eu\/es\/","name":"Evolve","description":"Your Evolved Gear Arrived","publisher":{"@id":"https:\/\/evolve-fitness.eu\/es\/#organization"},"potentialAction":[{"@type":"SearchAction","target":{"@type":"EntryPoint","urlTemplate":"https:\/\/evolve-fitness.eu\/es\/?s={search_term_string}"},"query-input":{"@type":"PropertyValueSpecification","valueRequired":true,"valueName":"search_term_string"}}],"inLanguage":"es"},{"@type":"Organization","@id":"https:\/\/evolve-fitness.eu\/es\/#organization","name":"Evolve","url":"https:\/\/evolve-fitness.eu\/es\/","logo":{"@type":"ImageObject","inLanguage":"es","@id":"https:\/\/evolve-fitness.eu\/es\/#\/schema\/logo\/image\/","url":"https:\/\/evolve-fitness.eu\/wp-content\/uploads\/2023\/05\/Evolve-logo.svg","contentUrl":"https:\/\/evolve-fitness.eu\/wp-content\/uploads\/2023\/05\/Evolve-logo.svg","width":176,"height":20,"caption":"Evolve"},"image":{"@id":"https:\/\/evolve-fitness.eu\/es\/#\/schema\/logo\/image\/"},"sameAs":["https:\/\/www.facebook.com\/EvolveFitnessEurope"]}]}},"_links":{"self":[{"href":"https:\/\/evolve-fitness.eu\/es\/wp-json\/wp\/v2\/product\/101944","targetHints":{"allow":["GET"]}}],"collection":[{"href":"https:\/\/evolve-fitness.eu\/es\/wp-json\/wp\/v2\/product"}],"about":[{"href":"https:\/\/evolve-fitness.eu\/es\/wp-json\/wp\/v2\/types\/product"}],"wp:featuredmedia":[{"embeddable":true,"href":"https:\/\/evolve-fitness.eu\/es\/wp-json\/wp\/v2\/media\/101959"}],"wp:attachment":[{"href":"https:\/\/evolve-fitness.eu\/es\/wp-json\/wp\/v2\/media?parent=101944"}],"wp:term":[{"taxonomy":"product_brand","embeddable":true,"href":"https:\/\/evolve-fitness.eu\/es\/wp-json\/wp\/v2\/product_brand?post=101944"},{"taxonomy":"product_cat","embeddable":true,"href":"https:\/\/evolve-fitness.eu\/es\/wp-json\/wp\/v2\/product_cat?post=101944"},{"taxonomy":"product_tag","embeddable":true,"href":"https:\/\/evolve-fitness.eu\/es\/wp-json\/wp\/v2\/product_tag?post=101944"}],"curies":[{"name":"wp","href":"https:\/\/api.w.org\/{rel}","templated":true}]}}