{"id":103805,"date":"2023-11-16T10:52:46","date_gmt":"2023-11-16T10:52:46","guid":{"rendered":"https:\/\/evolve-fitness.eu\/product\/evolve-ultra-series-placa-pendular-sentadilla-cargada\/"},"modified":"2024-03-25T13:44:26","modified_gmt":"2024-03-25T13:44:26","slug":"evolve-ultra-series-placa-pendular-sentadilla-cargada","status":"publish","type":"product","link":"https:\/\/evolve-fitness.eu\/es\/producto\/evolve-ultra-series-placa-pendular-sentadilla-cargada\/","title":{"rendered":"Evolve Ultra Series Placa Pendular Sentadilla Cargada"},"content":{"rendered":"\n<section class=\"wp-block-group alignfull has-lightgray-background-color has-background is-layout-constrained wp-block-group-is-layout-constrained\">\n<div class=\"wp-block-columns alignwide is-layout-flex wp-container-core-columns-is-layout-2edb0647 wp-block-columns-is-layout-flex\" style=\"margin-top:0;margin-bottom:0\">\n<div class=\"wp-block-column is-layout-flow wp-block-column-is-layout-flow\" style=\"flex-basis:33.33%\"><\/div>\n\n\n\n<div class=\"wp-block-column is-layout-flow wp-block-column-is-layout-flow\" style=\"flex-basis:66.66%\"><\/div>\n<\/div>\n<\/section>\n\n<section class=\"wp-block-group alignfull black-content has-white-color has-darkgray-background-color has-text-color has-background is-layout-constrained wp-block-group-is-layout-constrained\" style=\"padding-top:var(--wp--preset--spacing--section-bottom);padding-bottom:var(--wp--preset--spacing--section-bottom)\">\n<section class=\"wp-block-group alignfull black-content has-white-color has-darkgray-background-color has-text-color has-background is-layout-constrained wp-block-group-is-layout-constrained\" style=\"margin-bottom:0;padding-top:var(--wp--preset--spacing--tb-padding);padding-bottom:var(--wp--preset--spacing--tb-padding)\">\n<div class=\"wp-block-columns alignwide mobile-reverse is-layout-flex wp-container-core-columns-is-layout-7a02faa9 wp-block-columns-is-layout-flex\" style=\"margin-bottom:var(--wp--preset--spacing--tb-section-padding)\">\n<div class=\"wp-block-column is-vertically-aligned-center is-layout-flow wp-block-column-is-layout-flow\">\n<h3 class=\"wp-block-heading\" style=\"margin-bottom:var(--wp--preset--spacing--h-3-bottom)\"><strong><strong><strong><strong><strong><strong><strong>Compromiso muscular espec\u00edfico<\/strong><\/strong><\/strong><\/strong><\/strong><\/strong><\/strong><\/h3>\n\n\n\n<p><strong><em><strong><strong><strong><strong><strong>Movimiento unilateral de brazos (disponible en algunas m\u00e1quinas)<\/strong><\/strong><\/strong><\/strong><\/strong><\/em><\/strong><\/p>\n\n\n\n<p>El Evolve Ultra Series Plate Loaded Pendulum Squat est\u00e1 dise\u00f1ado para ofrecer un entrenamiento completo de la parte inferior del cuerpo, centr\u00e1ndose espec\u00edficamente en los cu\u00e1driceps, isquiotibiales, gl\u00fateos y pantorrillas. Con su exclusivo dise\u00f1o de carga pendular, esta m\u00e1quina proporciona una amplitud de movimiento fluida y controlada, lo que permite a los usuarios realizar sentadillas con una forma y eficacia \u00f3ptimas. Su reposapi\u00e9s y asiento ajustables se adaptan a usuarios de distintas alturas y preferencias, garantizando una alineaci\u00f3n y estabilidad adecuadas durante el ejercicio. Los niveles de resistencia personalizables permiten a los usuarios adaptar sus entrenamientos a sus objetivos de fuerza y forma f\u00edsica, para personas de todos los niveles de experiencia. Al hacer hincapi\u00e9 en la forma y la t\u00e9cnica adecuadas, la m\u00e1quina Pendulum Squat ayuda a mejorar la fuerza, la estabilidad y la funci\u00f3n general de la parte inferior del cuerpo. Tanto si los usuarios pretenden desarrollar masa muscular, aumentar la fuerza o mejorar la resistencia muscular, la sentadilla oscilante ofrece una soluci\u00f3n c\u00f3moda y eficaz para alcanzar sus objetivos de fitness.<\/p>\n<\/div>\n\n\n\n<div class=\"wp-block-column is-vertically-aligned-center is-layout-flow wp-block-column-is-layout-flow\">\n<figure class=\"wp-block-video\"><video height=\"2000\" style=\"aspect-ratio: 2000 \/ 2000;\" width=\"2000\" autoplay=\"\" controls=\"\" loop=\"\" muted=\"\" src=\"https:\/\/evolve-fitness.eu\/wp-content\/uploads\/2024\/03\/EV-PL-UL-330-Evolve-Ultra-Series-Plate-Pendulum-Loaded-Squat-1.mp4\"><\/video><\/figure>\n<\/div>\n<\/div>\n\n\n\n<div class=\"wp-block-columns alignwide mobile-reverse is-layout-flex wp-container-core-columns-is-layout-035fa626 wp-block-columns-is-layout-flex\" style=\"margin-bottom:var(--wp--preset--spacing--side-padding);padding-top:var(--wp--preset--spacing--tb-padding);padding-bottom:var(--wp--preset--spacing--tb-padding)\">\n<div class=\"wp-block-column is-vertically-aligned-center is-layout-flow wp-block-column-is-layout-flow\">\n<figure class=\"wp-block-image size-large\"><img loading=\"lazy\" decoding=\"async\" width=\"1024\" height=\"1024\" src=\"https:\/\/evolve-fitness.eu\/wp-content\/uploads\/2024\/03\/EV-PL-UL-330-Evolve-Ultra-Series-Plate-Pendulum-Loaded-Squat-7-1024x1024.jpg\" alt=\"\" class=\"wp-image-116259\" srcset=\"https:\/\/evolve-fitness.eu\/wp-content\/uploads\/2024\/03\/EV-PL-UL-330-Evolve-Ultra-Series-Plate-Pendulum-Loaded-Squat-7-1024x1024.jpg 1024w, https:\/\/evolve-fitness.eu\/wp-content\/uploads\/2024\/03\/EV-PL-UL-330-Evolve-Ultra-Series-Plate-Pendulum-Loaded-Squat-7-300x300.jpg 300w, https:\/\/evolve-fitness.eu\/wp-content\/uploads\/2024\/03\/EV-PL-UL-330-Evolve-Ultra-Series-Plate-Pendulum-Loaded-Squat-7-150x150.jpg 150w, https:\/\/evolve-fitness.eu\/wp-content\/uploads\/2024\/03\/EV-PL-UL-330-Evolve-Ultra-Series-Plate-Pendulum-Loaded-Squat-7-600x600.jpg 600w, https:\/\/evolve-fitness.eu\/wp-content\/uploads\/2024\/03\/EV-PL-UL-330-Evolve-Ultra-Series-Plate-Pendulum-Loaded-Squat-7-768x768.jpg 768w, https:\/\/evolve-fitness.eu\/wp-content\/uploads\/2024\/03\/EV-PL-UL-330-Evolve-Ultra-Series-Plate-Pendulum-Loaded-Squat-7-1536x1536.jpg 1536w, https:\/\/evolve-fitness.eu\/wp-content\/uploads\/2024\/03\/EV-PL-UL-330-Evolve-Ultra-Series-Plate-Pendulum-Loaded-Squat-7.jpg 2000w\" sizes=\"auto, (max-width: 1024px) 100vw, 1024px\" \/><\/figure>\n<\/div>\n\n\n\n<div class=\"wp-block-column is-vertically-aligned-center is-layout-flow wp-block-column-is-layout-flow\">\n<h3 class=\"wp-block-heading\" style=\"margin-bottom:var(--wp--preset--spacing--h-3-bottom)\"><strong><strong><strong><strong><strong><strong><strong><strong><strong>Resistencia ajustable<\/strong><\/strong><\/strong><\/strong><\/strong><\/strong><\/strong><\/strong><\/strong><\/h3>\n\n\n\n<p><strong><em><strong><strong><strong><strong><strong><strong>Pilas de pesas personalizables<\/strong><\/strong><\/strong><\/strong><\/strong><\/strong><\/em><\/strong><\/p>\n\n\n\n<p>Los usuarios pueden ajustar f\u00e1cilmente los niveles de resistencia a\u00f1adiendo o quitando placas de peso, lo que permite realizar entrenamientos a medida que se adaptan a los niveles de fuerza y progresi\u00f3n individuales de la pantorrilla. Ya sea para aumentar la resistencia o la fuerza de las pantorrillas, la resistencia ajustable proporciona versatilidad para adaptarse a diversos objetivos de entrenamiento.<\/p>\n\n\n\n<p><\/p>\n\n\n\n<h3 class=\"wp-block-heading\" style=\"margin-bottom:var(--wp--preset--spacing--h-3-bottom)\"><strong><strong><strong><strong><strong><strong><strong><strong>Dise\u00f1o c\u00f3modo<\/strong><\/strong><\/strong><\/strong><\/strong><\/strong><\/strong><\/strong><\/h3>\n\n\n\n<p><strong><em><strong><strong><strong><strong><strong><strong>Acolchado y asas ergon\u00f3micos<\/strong><\/strong><\/strong><\/strong><\/strong><\/strong><\/em><\/strong><\/p>\n\n\n\n<p>Dise\u00f1ada pensando en la comodidad del usuario, la m\u00e1quina de elevaci\u00f3n de pantorrillas en posici\u00f3n sentada cuenta con almohadillas y asas ergon\u00f3micas que favorecen la correcta colocaci\u00f3n de las piernas y el apoyo durante los ejercicios.<\/p>\n<\/div>\n<\/div>\n\n\n\n<div class=\"wp-block-columns alignwide mobile-reverse is-layout-flex wp-container-core-columns-is-layout-7a02faa9 wp-block-columns-is-layout-flex\" style=\"margin-bottom:var(--wp--preset--spacing--tb-section-padding)\">\n<div class=\"wp-block-column is-vertically-aligned-center is-layout-flow wp-block-column-is-layout-flow\">\n<h3 class=\"wp-block-heading\" style=\"margin-bottom:var(--wp--preset--spacing--h-3-bottom)\"><strong><strong><strong><strong><strong><strong><strong><strong><strong>Tama\u00f1o compacto<\/strong><\/strong><\/strong><\/strong><\/strong><\/strong><\/strong><\/strong><\/strong><\/h3>\n\n\n\n<p><strong><em><strong><strong><strong><strong><strong><strong>Dise\u00f1o que ahorra espacio<\/strong><\/strong><\/strong><\/strong><\/strong><\/strong><\/em><\/strong><\/p>\n\n\n\n<p>A pesar de su funcionalidad, la m\u00e1quina Standing Leg Curl ocupa poco espacio, por lo que es adecuada para personas con un espacio de entrenamiento limitado. Su dise\u00f1o aerodin\u00e1mico maximiza la eficiencia del espacio sin comprometer la funcionalidad, garantizando un \u00e1rea de entrenamiento optimizada dedicada al entrenamiento eficaz de los isquiotibiales.<\/p>\n\n\n\n<p><\/p>\n\n\n\n<h3 class=\"wp-block-heading\" style=\"margin-bottom:var(--wp--preset--spacing--h-3-bottom)\"><strong><strong><strong><strong><strong><strong><strong><strong><strong>Acabado duradero<\/strong><\/strong><\/strong><\/strong><\/strong><\/strong><\/strong><\/strong><\/strong><\/h3>\n\n\n\n<p><strong><em><strong><strong><strong><strong><strong><strong>Tecnolog\u00eda de pulverizaci\u00f3n electrost\u00e1tica de polvos termoestables<\/strong><\/strong><\/strong><\/strong><\/strong><\/strong><\/em><\/strong><\/p>\n\n\n\n<p>Nuestras m\u00e1quinas cuentan con tecnolog\u00eda de pulverizaci\u00f3n electrost\u00e1tica de polvo termoendurecible que garantiza un acabado duradero. Este revestimiento avanzado mantiene el atractivo visual del equipo a lo largo del tiempo.<\/p>\n<\/div>\n\n\n\n<div class=\"wp-block-column is-vertically-aligned-center is-layout-flow wp-block-column-is-layout-flow\">\n<figure class=\"wp-block-image size-large\"><img loading=\"lazy\" decoding=\"async\" width=\"1024\" height=\"1024\" src=\"https:\/\/evolve-fitness.eu\/wp-content\/uploads\/2024\/03\/EV-PL-UL-330-Evolve-Ultra-Series-Plate-Pendulum-Loaded-Squat-4-1024x1024.jpg\" alt=\"\" class=\"wp-image-116284\" srcset=\"https:\/\/evolve-fitness.eu\/wp-content\/uploads\/2024\/03\/EV-PL-UL-330-Evolve-Ultra-Series-Plate-Pendulum-Loaded-Squat-4-1024x1024.jpg 1024w, https:\/\/evolve-fitness.eu\/wp-content\/uploads\/2024\/03\/EV-PL-UL-330-Evolve-Ultra-Series-Plate-Pendulum-Loaded-Squat-4-300x300.jpg 300w, https:\/\/evolve-fitness.eu\/wp-content\/uploads\/2024\/03\/EV-PL-UL-330-Evolve-Ultra-Series-Plate-Pendulum-Loaded-Squat-4-150x150.jpg 150w, https:\/\/evolve-fitness.eu\/wp-content\/uploads\/2024\/03\/EV-PL-UL-330-Evolve-Ultra-Series-Plate-Pendulum-Loaded-Squat-4-600x600.jpg 600w, https:\/\/evolve-fitness.eu\/wp-content\/uploads\/2024\/03\/EV-PL-UL-330-Evolve-Ultra-Series-Plate-Pendulum-Loaded-Squat-4-768x768.jpg 768w, https:\/\/evolve-fitness.eu\/wp-content\/uploads\/2024\/03\/EV-PL-UL-330-Evolve-Ultra-Series-Plate-Pendulum-Loaded-Squat-4-1536x1536.jpg 1536w, https:\/\/evolve-fitness.eu\/wp-content\/uploads\/2024\/03\/EV-PL-UL-330-Evolve-Ultra-Series-Plate-Pendulum-Loaded-Squat-4.jpg 2000w\" sizes=\"auto, (max-width: 1024px) 100vw, 1024px\" \/><\/figure>\n<\/div>\n<\/div>\n\n\n\n<div class=\"wp-block-columns alignwide mobile-reverse is-layout-flex wp-container-core-columns-is-layout-ca64bf2d wp-block-columns-is-layout-flex\" style=\"margin-bottom:var(--wp--preset--spacing--side-padding)\">\n<div class=\"wp-block-column is-vertically-aligned-center is-layout-flow wp-block-column-is-layout-flow\"><\/div>\n<\/div>\n<\/section>\n<\/section>\n","protected":false},"excerpt":{"rendered":"<p>La sentadilla con p\u00e9ndulo de placas Evolve Ultra Series, UL-330, es un paradigma de robustez y sofisticaci\u00f3n en equipos de gimnasio. Dise\u00f1ado con meticulosa atenci\u00f3n al detalle, cuenta con pernos y tuercas de acero inoxidable para una durabilidad sin igual. Su tecnolog\u00eda de pulverizaci\u00f3n electrost\u00e1tica de polvo termoendurecible garantiza un acabado duradero y visualmente atractivo. La m\u00e1quina incluye protectores de suelo duraderos para evitar da\u00f1os en el suelo del gimnasio y pr\u00e1cticas clavijas para un almacenamiento eficaz de los platos de pesas. La tapicer\u00eda de cuero PU de alta calidad y resistencia combina confort y resistencia, mejorando la experiencia de entrenamiento en general. Adem\u00e1s, las empu\u00f1aduras antideslizantes ofrecen un agarre seguro para mayor seguridad y confianza durante los ejercicios intensos. Este equipo de alta calidad, con un peso de 248 kg, cuenta con una garant\u00eda de 2 a\u00f1os, lo que garantiza un rendimiento y una fiabilidad duraderos en cualquier entorno de fitness.<\/p>\n","protected":false},"featured_media":116031,"template":"","meta":{"_acf_changed":false,"inline_featured_image":false},"product_brand":[],"product_cat":[2949,2950],"product_tag":[],"class_list":{"0":"post-103805","1":"product","2":"type-product","3":"status-publish","4":"has-post-thumbnail","6":"product_cat-maquinas-de-carga-de-placas","7":"product_cat-maquinas-de-placas-ultra-series","9":"first","10":"instock","11":"virtual","12":"purchasable","13":"product-type-simple"},"acf":{"long_title":"Evolve Ultra Series Placa P\u00e9ndulo Cargado Squat, UL-330","subtitle":"","specifications":[{"label":"SKU","text_value":"EV-PL-UL-330","icon":"x"},{"label":"Dimensiones","text_value":"2366 x 1475 x 1790 mm","icon":"x"},{"label":"Peso","text_value":"210 kg","icon":"x"},{"label":"Garant\u00eda  ","text_value":"2 a\u00f1os","icon":"x"},{"label":"Max. carga","text_value":"248 kg","icon":"x"},{"label":"Asas antideslizantes","text_value":"","icon":"v"},{"label":"Tapicer\u00eda gruesa revestida de cuero PU","text_value":"","icon":"v"},{"label":"Protectores de suelo duraderos","text_value":"","icon":"v"},{"label":"Pinzas para guardar los platos de pesas","text_value":"","icon":"v"},{"label":"","text_value":"","icon":"v"},{"label":"","text_value":"","icon":"v"},{"label":"","text_value":"","icon":"x"}]},"yoast_head":"<!-- This site is optimized with the Yoast SEO plugin v26.6 - https:\/\/yoast.com\/wordpress\/plugins\/seo\/ -->\n<title>Evolve Ultra Series Placa Pendular Sentadilla Cargada - Evolve<\/title>\n<meta name=\"robots\" content=\"index, follow, max-snippet:-1, max-image-preview:large, max-video-preview:-1\" \/>\n<link rel=\"canonical\" href=\"https:\/\/evolve-fitness.eu\/es\/producto\/evolve-ultra-series-placa-pendular-sentadilla-cargada\/\" \/>\n<meta property=\"og:locale\" content=\"es_ES\" \/>\n<meta property=\"og:type\" content=\"article\" \/>\n<meta property=\"og:title\" content=\"Evolve Ultra Series Placa Pendular Sentadilla Cargada - Evolve\" \/>\n<meta property=\"og:url\" content=\"https:\/\/evolve-fitness.eu\/es\/producto\/evolve-ultra-series-placa-pendular-sentadilla-cargada\/\" \/>\n<meta property=\"og:site_name\" content=\"Evolve\" \/>\n<meta property=\"article:publisher\" content=\"https:\/\/www.facebook.com\/EvolveFitnessEurope\" \/>\n<meta property=\"article:modified_time\" content=\"2024-03-25T13:44:26+00:00\" \/>\n<meta property=\"og:image\" content=\"https:\/\/evolve-fitness.eu\/wp-content\/uploads\/2023\/11\/EV-PL-UL-330-Evolve-Ultra-Series-Plate-Pendulum-Loaded-Squat-1.jpg\" \/>\n\t<meta property=\"og:image:width\" content=\"2000\" \/>\n\t<meta property=\"og:image:height\" content=\"2000\" \/>\n\t<meta property=\"og:image:type\" content=\"image\/jpeg\" \/>\n<meta name=\"twitter:card\" content=\"summary_large_image\" \/>\n<script type=\"application\/ld+json\" class=\"yoast-schema-graph\">{\"@context\":\"https:\/\/schema.org\",\"@graph\":[{\"@type\":\"WebPage\",\"@id\":\"https:\/\/evolve-fitness.eu\/es\/producto\/evolve-ultra-series-placa-pendular-sentadilla-cargada\/\",\"url\":\"https:\/\/evolve-fitness.eu\/es\/producto\/evolve-ultra-series-placa-pendular-sentadilla-cargada\/\",\"name\":\"Evolve Ultra Series Placa Pendular Sentadilla Cargada - Evolve\",\"isPartOf\":{\"@id\":\"https:\/\/evolve-fitness.eu\/es\/#website\"},\"primaryImageOfPage\":{\"@id\":\"https:\/\/evolve-fitness.eu\/es\/producto\/evolve-ultra-series-placa-pendular-sentadilla-cargada\/#primaryimage\"},\"image\":{\"@id\":\"https:\/\/evolve-fitness.eu\/es\/producto\/evolve-ultra-series-placa-pendular-sentadilla-cargada\/#primaryimage\"},\"thumbnailUrl\":\"https:\/\/evolve-fitness.eu\/wp-content\/uploads\/2023\/11\/EV-PL-UL-330-Evolve-Ultra-Series-Plate-Pendulum-Loaded-Squat-1.jpg\",\"datePublished\":\"2023-11-16T10:52:46+00:00\",\"dateModified\":\"2024-03-25T13:44:26+00:00\",\"breadcrumb\":{\"@id\":\"https:\/\/evolve-fitness.eu\/es\/producto\/evolve-ultra-series-placa-pendular-sentadilla-cargada\/#breadcrumb\"},\"inLanguage\":\"es\",\"potentialAction\":[{\"@type\":\"ReadAction\",\"target\":[\"https:\/\/evolve-fitness.eu\/es\/producto\/evolve-ultra-series-placa-pendular-sentadilla-cargada\/\"]}]},{\"@type\":\"ImageObject\",\"inLanguage\":\"es\",\"@id\":\"https:\/\/evolve-fitness.eu\/es\/producto\/evolve-ultra-series-placa-pendular-sentadilla-cargada\/#primaryimage\",\"url\":\"https:\/\/evolve-fitness.eu\/wp-content\/uploads\/2023\/11\/EV-PL-UL-330-Evolve-Ultra-Series-Plate-Pendulum-Loaded-Squat-1.jpg\",\"contentUrl\":\"https:\/\/evolve-fitness.eu\/wp-content\/uploads\/2023\/11\/EV-PL-UL-330-Evolve-Ultra-Series-Plate-Pendulum-Loaded-Squat-1.jpg\",\"width\":2000,\"height\":2000,\"caption\":\"EV-PL-UL-330\"},{\"@type\":\"BreadcrumbList\",\"@id\":\"https:\/\/evolve-fitness.eu\/es\/producto\/evolve-ultra-series-placa-pendular-sentadilla-cargada\/#breadcrumb\",\"itemListElement\":[{\"@type\":\"ListItem\",\"position\":1,\"name\":\"Home\",\"item\":\"https:\/\/evolve-fitness.eu\/es\/\"},{\"@type\":\"ListItem\",\"position\":2,\"name\":\"Productos\",\"item\":\"https:\/\/evolve-fitness.eu\/es\/shop\/\"},{\"@type\":\"ListItem\",\"position\":3,\"name\":\"Evolve Ultra Series Placa Pendular Sentadilla Cargada\"}]},{\"@type\":\"WebSite\",\"@id\":\"https:\/\/evolve-fitness.eu\/es\/#website\",\"url\":\"https:\/\/evolve-fitness.eu\/es\/\",\"name\":\"Evolve\",\"description\":\"Your Evolved Gear Arrived\",\"publisher\":{\"@id\":\"https:\/\/evolve-fitness.eu\/es\/#organization\"},\"potentialAction\":[{\"@type\":\"SearchAction\",\"target\":{\"@type\":\"EntryPoint\",\"urlTemplate\":\"https:\/\/evolve-fitness.eu\/es\/?s={search_term_string}\"},\"query-input\":{\"@type\":\"PropertyValueSpecification\",\"valueRequired\":true,\"valueName\":\"search_term_string\"}}],\"inLanguage\":\"es\"},{\"@type\":\"Organization\",\"@id\":\"https:\/\/evolve-fitness.eu\/es\/#organization\",\"name\":\"Evolve\",\"url\":\"https:\/\/evolve-fitness.eu\/es\/\",\"logo\":{\"@type\":\"ImageObject\",\"inLanguage\":\"es\",\"@id\":\"https:\/\/evolve-fitness.eu\/es\/#\/schema\/logo\/image\/\",\"url\":\"https:\/\/evolve-fitness.eu\/wp-content\/uploads\/2023\/05\/Evolve-logo.svg\",\"contentUrl\":\"https:\/\/evolve-fitness.eu\/wp-content\/uploads\/2023\/05\/Evolve-logo.svg\",\"width\":176,\"height\":20,\"caption\":\"Evolve\"},\"image\":{\"@id\":\"https:\/\/evolve-fitness.eu\/es\/#\/schema\/logo\/image\/\"},\"sameAs\":[\"https:\/\/www.facebook.com\/EvolveFitnessEurope\"]}]}<\/script>\n<!-- \/ Yoast SEO plugin. -->","yoast_head_json":{"title":"Evolve Ultra Series Placa Pendular Sentadilla Cargada - Evolve","robots":{"index":"index","follow":"follow","max-snippet":"max-snippet:-1","max-image-preview":"max-image-preview:large","max-video-preview":"max-video-preview:-1"},"canonical":"https:\/\/evolve-fitness.eu\/es\/producto\/evolve-ultra-series-placa-pendular-sentadilla-cargada\/","og_locale":"es_ES","og_type":"article","og_title":"Evolve Ultra Series Placa Pendular Sentadilla Cargada - Evolve","og_url":"https:\/\/evolve-fitness.eu\/es\/producto\/evolve-ultra-series-placa-pendular-sentadilla-cargada\/","og_site_name":"Evolve","article_publisher":"https:\/\/www.facebook.com\/EvolveFitnessEurope","article_modified_time":"2024-03-25T13:44:26+00:00","og_image":[{"width":2000,"height":2000,"url":"https:\/\/evolve-fitness.eu\/wp-content\/uploads\/2023\/11\/EV-PL-UL-330-Evolve-Ultra-Series-Plate-Pendulum-Loaded-Squat-1.jpg","type":"image\/jpeg"}],"twitter_card":"summary_large_image","schema":{"@context":"https:\/\/schema.org","@graph":[{"@type":"WebPage","@id":"https:\/\/evolve-fitness.eu\/es\/producto\/evolve-ultra-series-placa-pendular-sentadilla-cargada\/","url":"https:\/\/evolve-fitness.eu\/es\/producto\/evolve-ultra-series-placa-pendular-sentadilla-cargada\/","name":"Evolve Ultra Series Placa Pendular Sentadilla Cargada - Evolve","isPartOf":{"@id":"https:\/\/evolve-fitness.eu\/es\/#website"},"primaryImageOfPage":{"@id":"https:\/\/evolve-fitness.eu\/es\/producto\/evolve-ultra-series-placa-pendular-sentadilla-cargada\/#primaryimage"},"image":{"@id":"https:\/\/evolve-fitness.eu\/es\/producto\/evolve-ultra-series-placa-pendular-sentadilla-cargada\/#primaryimage"},"thumbnailUrl":"https:\/\/evolve-fitness.eu\/wp-content\/uploads\/2023\/11\/EV-PL-UL-330-Evolve-Ultra-Series-Plate-Pendulum-Loaded-Squat-1.jpg","datePublished":"2023-11-16T10:52:46+00:00","dateModified":"2024-03-25T13:44:26+00:00","breadcrumb":{"@id":"https:\/\/evolve-fitness.eu\/es\/producto\/evolve-ultra-series-placa-pendular-sentadilla-cargada\/#breadcrumb"},"inLanguage":"es","potentialAction":[{"@type":"ReadAction","target":["https:\/\/evolve-fitness.eu\/es\/producto\/evolve-ultra-series-placa-pendular-sentadilla-cargada\/"]}]},{"@type":"ImageObject","inLanguage":"es","@id":"https:\/\/evolve-fitness.eu\/es\/producto\/evolve-ultra-series-placa-pendular-sentadilla-cargada\/#primaryimage","url":"https:\/\/evolve-fitness.eu\/wp-content\/uploads\/2023\/11\/EV-PL-UL-330-Evolve-Ultra-Series-Plate-Pendulum-Loaded-Squat-1.jpg","contentUrl":"https:\/\/evolve-fitness.eu\/wp-content\/uploads\/2023\/11\/EV-PL-UL-330-Evolve-Ultra-Series-Plate-Pendulum-Loaded-Squat-1.jpg","width":2000,"height":2000,"caption":"EV-PL-UL-330"},{"@type":"BreadcrumbList","@id":"https:\/\/evolve-fitness.eu\/es\/producto\/evolve-ultra-series-placa-pendular-sentadilla-cargada\/#breadcrumb","itemListElement":[{"@type":"ListItem","position":1,"name":"Home","item":"https:\/\/evolve-fitness.eu\/es\/"},{"@type":"ListItem","position":2,"name":"Productos","item":"https:\/\/evolve-fitness.eu\/es\/shop\/"},{"@type":"ListItem","position":3,"name":"Evolve Ultra Series Placa Pendular Sentadilla Cargada"}]},{"@type":"WebSite","@id":"https:\/\/evolve-fitness.eu\/es\/#website","url":"https:\/\/evolve-fitness.eu\/es\/","name":"Evolve","description":"Your Evolved Gear Arrived","publisher":{"@id":"https:\/\/evolve-fitness.eu\/es\/#organization"},"potentialAction":[{"@type":"SearchAction","target":{"@type":"EntryPoint","urlTemplate":"https:\/\/evolve-fitness.eu\/es\/?s={search_term_string}"},"query-input":{"@type":"PropertyValueSpecification","valueRequired":true,"valueName":"search_term_string"}}],"inLanguage":"es"},{"@type":"Organization","@id":"https:\/\/evolve-fitness.eu\/es\/#organization","name":"Evolve","url":"https:\/\/evolve-fitness.eu\/es\/","logo":{"@type":"ImageObject","inLanguage":"es","@id":"https:\/\/evolve-fitness.eu\/es\/#\/schema\/logo\/image\/","url":"https:\/\/evolve-fitness.eu\/wp-content\/uploads\/2023\/05\/Evolve-logo.svg","contentUrl":"https:\/\/evolve-fitness.eu\/wp-content\/uploads\/2023\/05\/Evolve-logo.svg","width":176,"height":20,"caption":"Evolve"},"image":{"@id":"https:\/\/evolve-fitness.eu\/es\/#\/schema\/logo\/image\/"},"sameAs":["https:\/\/www.facebook.com\/EvolveFitnessEurope"]}]}},"_links":{"self":[{"href":"https:\/\/evolve-fitness.eu\/es\/wp-json\/wp\/v2\/product\/103805","targetHints":{"allow":["GET"]}}],"collection":[{"href":"https:\/\/evolve-fitness.eu\/es\/wp-json\/wp\/v2\/product"}],"about":[{"href":"https:\/\/evolve-fitness.eu\/es\/wp-json\/wp\/v2\/types\/product"}],"wp:featuredmedia":[{"embeddable":true,"href":"https:\/\/evolve-fitness.eu\/es\/wp-json\/wp\/v2\/media\/116031"}],"wp:attachment":[{"href":"https:\/\/evolve-fitness.eu\/es\/wp-json\/wp\/v2\/media?parent=103805"}],"wp:term":[{"taxonomy":"product_brand","embeddable":true,"href":"https:\/\/evolve-fitness.eu\/es\/wp-json\/wp\/v2\/product_brand?post=103805"},{"taxonomy":"product_cat","embeddable":true,"href":"https:\/\/evolve-fitness.eu\/es\/wp-json\/wp\/v2\/product_cat?post=103805"},{"taxonomy":"product_tag","embeddable":true,"href":"https:\/\/evolve-fitness.eu\/es\/wp-json\/wp\/v2\/product_tag?post=103805"}],"curies":[{"name":"wp","href":"https:\/\/api.w.org\/{rel}","templated":true}]}}