{"id":104118,"date":"2023-11-21T06:39:11","date_gmt":"2023-11-21T06:39:11","guid":{"rendered":"https:\/\/evolve-fitness.eu\/product\/barra-olimpica-evolve-econ-series-220-cm-20-kg\/"},"modified":"2025-01-17T08:36:27","modified_gmt":"2025-01-17T08:36:27","slug":"barra-olimpica-evolve-econ-series-220-cm-20-kg","status":"publish","type":"product","link":"https:\/\/evolve-fitness.eu\/es\/producto\/barra-olimpica-evolve-econ-series-220-cm-20-kg\/","title":{"rendered":"Barra ol\u00edmpica Evolve Econ Series &#8211; 220 cm \/ 20 kg"},"content":{"rendered":"\n<section class=\"wp-block-group alignfull has-lightgray-background-color has-background is-layout-constrained wp-block-group-is-layout-constrained\">\n<div class=\"wp-block-columns alignwide is-layout-flex wp-container-core-columns-is-layout-2edb0647 wp-block-columns-is-layout-flex\" style=\"margin-top:0;margin-bottom:0\">\n<div class=\"wp-block-column is-layout-flow wp-block-column-is-layout-flow\" style=\"flex-basis:33.33%\"><\/div>\n\n\n\n<div class=\"wp-block-column is-layout-flow wp-block-column-is-layout-flow\" style=\"flex-basis:66.66%\"><\/div>\n<\/div>\n<\/section>\n","protected":false},"excerpt":{"rendered":"<p>Mejore su experiencia de levantamiento de pesas con la barra ol\u00edmpica Evolve Econ Series, que mide unos impresionantes 220 cm y pesa 20 kg (c\u00f3digo del art\u00edculo: EV-OB-EC-220).<br \/>\nEsta barra ol\u00edmpica de primera calidad est\u00e1 fabricada por expertos para satisfacer las rigurosas exigencias tanto del uso comercial intensivo como de los usuarios dom\u00e9sticos m\u00e1s exigentes.<br \/>\nDe construcci\u00f3n robusta con rodamientos de agujas y bolas, garantiza una rotaci\u00f3n suave y uniforme para mejorar la experiencia de elevaci\u00f3n.<br \/>\nCon una capacidad de carga m\u00e1xima de 400 kg y un di\u00e1metro de barra de \u00d828 mm, esta barra est\u00e1 dise\u00f1ada para quienes se toman en serio su entrenamiento.<br \/>\nEl acabado cromado de las superficies de la barra interior y del manguito de las pesas a\u00f1ade durabilidad y un aspecto elegante.<br \/>\nEl di\u00e1metro del casquillo del plato de pesas de \u00d8 50 mm lo hace compatible con una amplia gama de platos de pesas.     <\/p>\n","protected":false},"featured_media":104120,"template":"","meta":{"_acf_changed":false,"inline_featured_image":false},"product_brand":[],"product_cat":[1454,3824],"product_tag":[],"class_list":{"0":"post-104118","1":"product","2":"type-product","3":"status-publish","4":"has-post-thumbnail","6":"product_cat-pesos-libres","7":"product_cat-bares-y-accesorios","9":"first","10":"instock","11":"shipping-taxable","12":"purchasable","13":"product-type-simple"},"acf":{"long_title":"Barra ol\u00edmpica Evolve Econ Series - 220 cm \/ 20 kg","subtitle":"","specifications":[{"label":"SKU","text_value":"EV-OB-EC-220","icon":"x"},{"label":"Peso","text_value":"20 kg","icon":"v"},{"label":"Garant\u00eda","text_value":"2 a\u00f1os","icon":"v"},{"label":"Carga m\u00e1xima","text_value":"400 kg","icon":"v"},{"label":"Di\u00e1metro del casquillo del plato de contrapeso","text_value":"\u00d8 50 mm","icon":"v"},{"label":"Longitud","text_value":"2200 mm","icon":"v"},{"label":"Di\u00e1metro interior de la barra","text_value":"\u00d8 28 mm","icon":"v"},{"label":"Rodamientos y bujes","text_value":"Rodamientos de agujas y bolas","icon":"v"},{"label":"Superficie interior de la barra","text_value":"Cromo","icon":"v"},{"label":"Superficie del manguito del peso de la barra","text_value":"Cromo","icon":"v"}]},"yoast_head":"<!-- This site is optimized with the Yoast SEO plugin v26.6 - https:\/\/yoast.com\/wordpress\/plugins\/seo\/ -->\n<title>Barra ol\u00edmpica Evolve Econ Series - 220 cm \/ 20 kg - Evolve<\/title>\n<meta name=\"robots\" content=\"index, follow, max-snippet:-1, max-image-preview:large, max-video-preview:-1\" \/>\n<link rel=\"canonical\" href=\"https:\/\/evolve-fitness.eu\/es\/producto\/barra-olimpica-evolve-econ-series-220-cm-20-kg\/\" \/>\n<meta property=\"og:locale\" content=\"es_ES\" \/>\n<meta property=\"og:type\" content=\"article\" \/>\n<meta property=\"og:title\" content=\"Barra ol\u00edmpica Evolve Econ Series - 220 cm \/ 20 kg - Evolve\" \/>\n<meta property=\"og:url\" content=\"https:\/\/evolve-fitness.eu\/es\/producto\/barra-olimpica-evolve-econ-series-220-cm-20-kg\/\" \/>\n<meta property=\"og:site_name\" content=\"Evolve\" \/>\n<meta property=\"article:publisher\" content=\"https:\/\/www.facebook.com\/EvolveFitnessEurope\" \/>\n<meta property=\"article:modified_time\" content=\"2025-01-17T08:36:27+00:00\" \/>\n<meta property=\"og:image\" content=\"https:\/\/evolve-fitness.eu\/wp-content\/uploads\/2023\/11\/Evolve-Econ-Series-Olympic-Bar-220-cm.png\" \/>\n\t<meta property=\"og:image:width\" content=\"680\" \/>\n\t<meta property=\"og:image:height\" content=\"600\" \/>\n\t<meta property=\"og:image:type\" content=\"image\/png\" \/>\n<meta name=\"twitter:card\" content=\"summary_large_image\" \/>\n<script type=\"application\/ld+json\" class=\"yoast-schema-graph\">{\"@context\":\"https:\/\/schema.org\",\"@graph\":[{\"@type\":\"WebPage\",\"@id\":\"https:\/\/evolve-fitness.eu\/es\/producto\/barra-olimpica-evolve-econ-series-220-cm-20-kg\/\",\"url\":\"https:\/\/evolve-fitness.eu\/es\/producto\/barra-olimpica-evolve-econ-series-220-cm-20-kg\/\",\"name\":\"Barra ol\u00edmpica Evolve Econ Series - 220 cm \/ 20 kg - Evolve\",\"isPartOf\":{\"@id\":\"https:\/\/evolve-fitness.eu\/es\/#website\"},\"primaryImageOfPage\":{\"@id\":\"https:\/\/evolve-fitness.eu\/es\/producto\/barra-olimpica-evolve-econ-series-220-cm-20-kg\/#primaryimage\"},\"image\":{\"@id\":\"https:\/\/evolve-fitness.eu\/es\/producto\/barra-olimpica-evolve-econ-series-220-cm-20-kg\/#primaryimage\"},\"thumbnailUrl\":\"https:\/\/evolve-fitness.eu\/wp-content\/uploads\/2023\/11\/Evolve-Econ-Series-Olympic-Bar-220-cm.png\",\"datePublished\":\"2023-11-21T06:39:11+00:00\",\"dateModified\":\"2025-01-17T08:36:27+00:00\",\"breadcrumb\":{\"@id\":\"https:\/\/evolve-fitness.eu\/es\/producto\/barra-olimpica-evolve-econ-series-220-cm-20-kg\/#breadcrumb\"},\"inLanguage\":\"es\",\"potentialAction\":[{\"@type\":\"ReadAction\",\"target\":[\"https:\/\/evolve-fitness.eu\/es\/producto\/barra-olimpica-evolve-econ-series-220-cm-20-kg\/\"]}]},{\"@type\":\"ImageObject\",\"inLanguage\":\"es\",\"@id\":\"https:\/\/evolve-fitness.eu\/es\/producto\/barra-olimpica-evolve-econ-series-220-cm-20-kg\/#primaryimage\",\"url\":\"https:\/\/evolve-fitness.eu\/wp-content\/uploads\/2023\/11\/Evolve-Econ-Series-Olympic-Bar-220-cm.png\",\"contentUrl\":\"https:\/\/evolve-fitness.eu\/wp-content\/uploads\/2023\/11\/Evolve-Econ-Series-Olympic-Bar-220-cm.png\",\"width\":680,\"height\":600,\"caption\":\"EV-OB-EC-220\"},{\"@type\":\"BreadcrumbList\",\"@id\":\"https:\/\/evolve-fitness.eu\/es\/producto\/barra-olimpica-evolve-econ-series-220-cm-20-kg\/#breadcrumb\",\"itemListElement\":[{\"@type\":\"ListItem\",\"position\":1,\"name\":\"Home\",\"item\":\"https:\/\/evolve-fitness.eu\/es\/\"},{\"@type\":\"ListItem\",\"position\":2,\"name\":\"Productos\",\"item\":\"https:\/\/evolve-fitness.eu\/es\/shop\/\"},{\"@type\":\"ListItem\",\"position\":3,\"name\":\"Barra ol\u00edmpica Evolve Econ Series &#8211; 220 cm \/ 20 kg\"}]},{\"@type\":\"WebSite\",\"@id\":\"https:\/\/evolve-fitness.eu\/es\/#website\",\"url\":\"https:\/\/evolve-fitness.eu\/es\/\",\"name\":\"Evolve\",\"description\":\"Your Evolved Gear Arrived\",\"publisher\":{\"@id\":\"https:\/\/evolve-fitness.eu\/es\/#organization\"},\"potentialAction\":[{\"@type\":\"SearchAction\",\"target\":{\"@type\":\"EntryPoint\",\"urlTemplate\":\"https:\/\/evolve-fitness.eu\/es\/?s={search_term_string}\"},\"query-input\":{\"@type\":\"PropertyValueSpecification\",\"valueRequired\":true,\"valueName\":\"search_term_string\"}}],\"inLanguage\":\"es\"},{\"@type\":\"Organization\",\"@id\":\"https:\/\/evolve-fitness.eu\/es\/#organization\",\"name\":\"Evolve\",\"url\":\"https:\/\/evolve-fitness.eu\/es\/\",\"logo\":{\"@type\":\"ImageObject\",\"inLanguage\":\"es\",\"@id\":\"https:\/\/evolve-fitness.eu\/es\/#\/schema\/logo\/image\/\",\"url\":\"https:\/\/evolve-fitness.eu\/wp-content\/uploads\/2023\/05\/Evolve-logo.svg\",\"contentUrl\":\"https:\/\/evolve-fitness.eu\/wp-content\/uploads\/2023\/05\/Evolve-logo.svg\",\"width\":176,\"height\":20,\"caption\":\"Evolve\"},\"image\":{\"@id\":\"https:\/\/evolve-fitness.eu\/es\/#\/schema\/logo\/image\/\"},\"sameAs\":[\"https:\/\/www.facebook.com\/EvolveFitnessEurope\"]}]}<\/script>\n<!-- \/ Yoast SEO plugin. -->","yoast_head_json":{"title":"Barra ol\u00edmpica Evolve Econ Series - 220 cm \/ 20 kg - Evolve","robots":{"index":"index","follow":"follow","max-snippet":"max-snippet:-1","max-image-preview":"max-image-preview:large","max-video-preview":"max-video-preview:-1"},"canonical":"https:\/\/evolve-fitness.eu\/es\/producto\/barra-olimpica-evolve-econ-series-220-cm-20-kg\/","og_locale":"es_ES","og_type":"article","og_title":"Barra ol\u00edmpica Evolve Econ Series - 220 cm \/ 20 kg - Evolve","og_url":"https:\/\/evolve-fitness.eu\/es\/producto\/barra-olimpica-evolve-econ-series-220-cm-20-kg\/","og_site_name":"Evolve","article_publisher":"https:\/\/www.facebook.com\/EvolveFitnessEurope","article_modified_time":"2025-01-17T08:36:27+00:00","og_image":[{"width":680,"height":600,"url":"https:\/\/evolve-fitness.eu\/wp-content\/uploads\/2023\/11\/Evolve-Econ-Series-Olympic-Bar-220-cm.png","type":"image\/png"}],"twitter_card":"summary_large_image","schema":{"@context":"https:\/\/schema.org","@graph":[{"@type":"WebPage","@id":"https:\/\/evolve-fitness.eu\/es\/producto\/barra-olimpica-evolve-econ-series-220-cm-20-kg\/","url":"https:\/\/evolve-fitness.eu\/es\/producto\/barra-olimpica-evolve-econ-series-220-cm-20-kg\/","name":"Barra ol\u00edmpica Evolve Econ Series - 220 cm \/ 20 kg - Evolve","isPartOf":{"@id":"https:\/\/evolve-fitness.eu\/es\/#website"},"primaryImageOfPage":{"@id":"https:\/\/evolve-fitness.eu\/es\/producto\/barra-olimpica-evolve-econ-series-220-cm-20-kg\/#primaryimage"},"image":{"@id":"https:\/\/evolve-fitness.eu\/es\/producto\/barra-olimpica-evolve-econ-series-220-cm-20-kg\/#primaryimage"},"thumbnailUrl":"https:\/\/evolve-fitness.eu\/wp-content\/uploads\/2023\/11\/Evolve-Econ-Series-Olympic-Bar-220-cm.png","datePublished":"2023-11-21T06:39:11+00:00","dateModified":"2025-01-17T08:36:27+00:00","breadcrumb":{"@id":"https:\/\/evolve-fitness.eu\/es\/producto\/barra-olimpica-evolve-econ-series-220-cm-20-kg\/#breadcrumb"},"inLanguage":"es","potentialAction":[{"@type":"ReadAction","target":["https:\/\/evolve-fitness.eu\/es\/producto\/barra-olimpica-evolve-econ-series-220-cm-20-kg\/"]}]},{"@type":"ImageObject","inLanguage":"es","@id":"https:\/\/evolve-fitness.eu\/es\/producto\/barra-olimpica-evolve-econ-series-220-cm-20-kg\/#primaryimage","url":"https:\/\/evolve-fitness.eu\/wp-content\/uploads\/2023\/11\/Evolve-Econ-Series-Olympic-Bar-220-cm.png","contentUrl":"https:\/\/evolve-fitness.eu\/wp-content\/uploads\/2023\/11\/Evolve-Econ-Series-Olympic-Bar-220-cm.png","width":680,"height":600,"caption":"EV-OB-EC-220"},{"@type":"BreadcrumbList","@id":"https:\/\/evolve-fitness.eu\/es\/producto\/barra-olimpica-evolve-econ-series-220-cm-20-kg\/#breadcrumb","itemListElement":[{"@type":"ListItem","position":1,"name":"Home","item":"https:\/\/evolve-fitness.eu\/es\/"},{"@type":"ListItem","position":2,"name":"Productos","item":"https:\/\/evolve-fitness.eu\/es\/shop\/"},{"@type":"ListItem","position":3,"name":"Barra ol\u00edmpica Evolve Econ Series &#8211; 220 cm \/ 20 kg"}]},{"@type":"WebSite","@id":"https:\/\/evolve-fitness.eu\/es\/#website","url":"https:\/\/evolve-fitness.eu\/es\/","name":"Evolve","description":"Your Evolved Gear Arrived","publisher":{"@id":"https:\/\/evolve-fitness.eu\/es\/#organization"},"potentialAction":[{"@type":"SearchAction","target":{"@type":"EntryPoint","urlTemplate":"https:\/\/evolve-fitness.eu\/es\/?s={search_term_string}"},"query-input":{"@type":"PropertyValueSpecification","valueRequired":true,"valueName":"search_term_string"}}],"inLanguage":"es"},{"@type":"Organization","@id":"https:\/\/evolve-fitness.eu\/es\/#organization","name":"Evolve","url":"https:\/\/evolve-fitness.eu\/es\/","logo":{"@type":"ImageObject","inLanguage":"es","@id":"https:\/\/evolve-fitness.eu\/es\/#\/schema\/logo\/image\/","url":"https:\/\/evolve-fitness.eu\/wp-content\/uploads\/2023\/05\/Evolve-logo.svg","contentUrl":"https:\/\/evolve-fitness.eu\/wp-content\/uploads\/2023\/05\/Evolve-logo.svg","width":176,"height":20,"caption":"Evolve"},"image":{"@id":"https:\/\/evolve-fitness.eu\/es\/#\/schema\/logo\/image\/"},"sameAs":["https:\/\/www.facebook.com\/EvolveFitnessEurope"]}]}},"_links":{"self":[{"href":"https:\/\/evolve-fitness.eu\/es\/wp-json\/wp\/v2\/product\/104118","targetHints":{"allow":["GET"]}}],"collection":[{"href":"https:\/\/evolve-fitness.eu\/es\/wp-json\/wp\/v2\/product"}],"about":[{"href":"https:\/\/evolve-fitness.eu\/es\/wp-json\/wp\/v2\/types\/product"}],"wp:featuredmedia":[{"embeddable":true,"href":"https:\/\/evolve-fitness.eu\/es\/wp-json\/wp\/v2\/media\/104120"}],"wp:attachment":[{"href":"https:\/\/evolve-fitness.eu\/es\/wp-json\/wp\/v2\/media?parent=104118"}],"wp:term":[{"taxonomy":"product_brand","embeddable":true,"href":"https:\/\/evolve-fitness.eu\/es\/wp-json\/wp\/v2\/product_brand?post=104118"},{"taxonomy":"product_cat","embeddable":true,"href":"https:\/\/evolve-fitness.eu\/es\/wp-json\/wp\/v2\/product_cat?post=104118"},{"taxonomy":"product_tag","embeddable":true,"href":"https:\/\/evolve-fitness.eu\/es\/wp-json\/wp\/v2\/product_tag?post=104118"}],"curies":[{"name":"wp","href":"https:\/\/api.w.org\/{rel}","templated":true}]}}