{"id":105040,"date":"2023-12-13T13:48:14","date_gmt":"2023-12-13T13:48:14","guid":{"rendered":"https:\/\/evolve-fitness.eu\/product\/esfera-colgante-evolve-70-100-mm\/"},"modified":"2024-03-15T13:31:02","modified_gmt":"2024-03-15T13:31:02","slug":"esfera-colgante-evolve-70-100-mm","status":"publish","type":"product","link":"https:\/\/evolve-fitness.eu\/es\/producto\/esfera-colgante-evolve-70-100-mm\/","title":{"rendered":"Esfera colgante Evolve 70 &#8211; 100 mm"},"content":{"rendered":"\n<section class=\"wp-block-group alignfull has-lightgray-background-color has-background is-layout-constrained wp-block-group-is-layout-constrained\">\n<div class=\"wp-block-columns alignwide is-layout-flex wp-container-core-columns-is-layout-2edb0647 wp-block-columns-is-layout-flex\" style=\"margin-top:0;margin-bottom:0\">\n<div class=\"wp-block-column is-layout-flow wp-block-column-is-layout-flow\" style=\"flex-basis:33.33%\"><\/div>\n\n\n\n<div class=\"wp-block-column is-layout-flow wp-block-column-is-layout-flow\" style=\"flex-basis:66.66%\"><\/div>\n<\/div>\n<\/section>\n","protected":false},"excerpt":{"rendered":"<p>Eleva tu juego de dominadas con el set Evolve Hanging Pull-Up Sphere, que incluye bolas de 70 mm y 100 mm dise\u00f1adas para mejorar el agarre de la mano durante las dominadas. Espec\u00edficamente dise\u00f1adas para deportes que exigen un agarre fuerte, como la escalada y el levantamiento de pesas, estas esferas proporcionan una forma \u00fanica y eficaz de entrenar la fuerza de agarre y ejercitar los m\u00fasculos del antebrazo. Las bandas Evolve, aseguradas con robustos ganchos de hierro, hacen que la fijaci\u00f3n a la barra se realice sin esfuerzo. Al incorporar estas esferas a tu rutina de dominadas, no s\u00f3lo mejoras la fuerza de agarre, sino que tambi\u00e9n te diriges a los antebrazos de una manera distintiva, promoviendo una mayor fuerza y control. Para aquellos que buscan un m\u00e9todo eficaz para potenciar los m\u00fasculos de agarre y antebrazo, la Esfera de Pull-Up Colgante Evolve es la soluci\u00f3n de fitness ideal.<\/p>\n","protected":false},"featured_media":105059,"template":"","meta":{"_acf_changed":false,"inline_featured_image":false},"product_brand":[],"product_cat":[3597,2847,2846],"product_tag":[],"class_list":{"0":"post-105040","1":"product","2":"type-product","3":"status-publish","4":"has-post-thumbnail","6":"product_cat-accesorios","7":"product_cat-componentes-de-la-plataforma","8":"product_cat-transversal-y-funcional","10":"first","11":"instock","12":"shipping-taxable","13":"purchasable","14":"product-type-variable"},"acf":{"long_title":"Esfera colgante Evolve 70 - 100 mm","subtitle":"","specifications":[{"label":"SKU","text_value":"ER-AT-HS","icon":"x"},{"label":"Garant\u00eda","text_value":"2 a\u00f1os","icon":"x"},{"label":"Material","text_value":"Acero","icon":"x"}],"product_frequently_asked_questions":null},"yoast_head":"<!-- This site is optimized with the Yoast SEO plugin v27.4 - https:\/\/yoast.com\/product\/yoast-seo-wordpress\/ -->\n<title>Esfera colgante Evolve 70 - 100 mm - Evolve<\/title>\n<meta name=\"robots\" content=\"index, follow, max-snippet:-1, max-image-preview:large, max-video-preview:-1\" \/>\n<link rel=\"canonical\" href=\"https:\/\/evolve-fitness.eu\/es\/producto\/esfera-colgante-evolve-70-100-mm\/\" \/>\n<meta property=\"og:locale\" content=\"es_ES\" \/>\n<meta property=\"og:type\" content=\"article\" \/>\n<meta property=\"og:title\" content=\"Esfera colgante Evolve 70 - 100 mm - Evolve\" \/>\n<meta property=\"og:url\" content=\"https:\/\/evolve-fitness.eu\/es\/producto\/esfera-colgante-evolve-70-100-mm\/\" \/>\n<meta property=\"og:site_name\" content=\"Evolve\" \/>\n<meta property=\"article:publisher\" content=\"https:\/\/www.facebook.com\/EvolveFitnessEurope\" \/>\n<meta property=\"article:modified_time\" content=\"2024-03-15T13:31:02+00:00\" \/>\n<meta property=\"og:image\" content=\"https:\/\/evolve-fitness.eu\/wp-content\/uploads\/2023\/12\/Evolve-Hanging-Pull-Up-Sphere.png\" \/>\n\t<meta property=\"og:image:width\" content=\"680\" \/>\n\t<meta property=\"og:image:height\" content=\"600\" \/>\n\t<meta property=\"og:image:type\" content=\"image\/png\" \/>\n<meta name=\"twitter:card\" content=\"summary_large_image\" \/>\n<script type=\"application\/ld+json\" class=\"yoast-schema-graph\">{\"@context\":\"https:\\\/\\\/schema.org\",\"@graph\":[{\"@type\":\"WebPage\",\"@id\":\"https:\\\/\\\/evolve-fitness.eu\\\/es\\\/producto\\\/esfera-colgante-evolve-70-100-mm\\\/\",\"url\":\"https:\\\/\\\/evolve-fitness.eu\\\/es\\\/producto\\\/esfera-colgante-evolve-70-100-mm\\\/\",\"name\":\"Esfera colgante Evolve 70 - 100 mm - Evolve\",\"isPartOf\":{\"@id\":\"https:\\\/\\\/evolve-fitness.eu\\\/es\\\/#website\"},\"primaryImageOfPage\":{\"@id\":\"https:\\\/\\\/evolve-fitness.eu\\\/es\\\/producto\\\/esfera-colgante-evolve-70-100-mm\\\/#primaryimage\"},\"image\":{\"@id\":\"https:\\\/\\\/evolve-fitness.eu\\\/es\\\/producto\\\/esfera-colgante-evolve-70-100-mm\\\/#primaryimage\"},\"thumbnailUrl\":\"https:\\\/\\\/evolve-fitness.eu\\\/wp-content\\\/uploads\\\/2023\\\/12\\\/Evolve-Hanging-Pull-Up-Sphere.png\",\"datePublished\":\"2023-12-13T13:48:14+00:00\",\"dateModified\":\"2024-03-15T13:31:02+00:00\",\"breadcrumb\":{\"@id\":\"https:\\\/\\\/evolve-fitness.eu\\\/es\\\/producto\\\/esfera-colgante-evolve-70-100-mm\\\/#breadcrumb\"},\"inLanguage\":\"es\",\"potentialAction\":[{\"@type\":\"ReadAction\",\"target\":[\"https:\\\/\\\/evolve-fitness.eu\\\/es\\\/producto\\\/esfera-colgante-evolve-70-100-mm\\\/\"]}]},{\"@type\":\"ImageObject\",\"inLanguage\":\"es\",\"@id\":\"https:\\\/\\\/evolve-fitness.eu\\\/es\\\/producto\\\/esfera-colgante-evolve-70-100-mm\\\/#primaryimage\",\"url\":\"https:\\\/\\\/evolve-fitness.eu\\\/wp-content\\\/uploads\\\/2023\\\/12\\\/Evolve-Hanging-Pull-Up-Sphere.png\",\"contentUrl\":\"https:\\\/\\\/evolve-fitness.eu\\\/wp-content\\\/uploads\\\/2023\\\/12\\\/Evolve-Hanging-Pull-Up-Sphere.png\",\"width\":680,\"height\":600},{\"@type\":\"BreadcrumbList\",\"@id\":\"https:\\\/\\\/evolve-fitness.eu\\\/es\\\/producto\\\/esfera-colgante-evolve-70-100-mm\\\/#breadcrumb\",\"itemListElement\":[{\"@type\":\"ListItem\",\"position\":1,\"name\":\"Home\",\"item\":\"https:\\\/\\\/evolve-fitness.eu\\\/es\\\/\"},{\"@type\":\"ListItem\",\"position\":2,\"name\":\"Productos\",\"item\":\"https:\\\/\\\/evolve-fitness.eu\\\/es\\\/shop\\\/\"},{\"@type\":\"ListItem\",\"position\":3,\"name\":\"Esfera colgante Evolve 70 &#8211; 100 mm\"}]},{\"@type\":\"WebSite\",\"@id\":\"https:\\\/\\\/evolve-fitness.eu\\\/es\\\/#website\",\"url\":\"https:\\\/\\\/evolve-fitness.eu\\\/es\\\/\",\"name\":\"Evolve\",\"description\":\"Your Evolved Gear Arrived\",\"publisher\":{\"@id\":\"https:\\\/\\\/evolve-fitness.eu\\\/es\\\/#organization\"},\"potentialAction\":[{\"@type\":\"SearchAction\",\"target\":{\"@type\":\"EntryPoint\",\"urlTemplate\":\"https:\\\/\\\/evolve-fitness.eu\\\/es\\\/?s={search_term_string}\"},\"query-input\":{\"@type\":\"PropertyValueSpecification\",\"valueRequired\":true,\"valueName\":\"search_term_string\"}}],\"inLanguage\":\"es\"},{\"@type\":\"Organization\",\"@id\":\"https:\\\/\\\/evolve-fitness.eu\\\/es\\\/#organization\",\"name\":\"Evolve\",\"url\":\"https:\\\/\\\/evolve-fitness.eu\\\/es\\\/\",\"logo\":{\"@type\":\"ImageObject\",\"inLanguage\":\"es\",\"@id\":\"https:\\\/\\\/evolve-fitness.eu\\\/es\\\/#\\\/schema\\\/logo\\\/image\\\/\",\"url\":\"https:\\\/\\\/evolve-fitness.eu\\\/wp-content\\\/uploads\\\/2023\\\/05\\\/Evolve-logo.svg\",\"contentUrl\":\"https:\\\/\\\/evolve-fitness.eu\\\/wp-content\\\/uploads\\\/2023\\\/05\\\/Evolve-logo.svg\",\"width\":176,\"height\":20,\"caption\":\"Evolve\"},\"image\":{\"@id\":\"https:\\\/\\\/evolve-fitness.eu\\\/es\\\/#\\\/schema\\\/logo\\\/image\\\/\"},\"sameAs\":[\"https:\\\/\\\/www.facebook.com\\\/EvolveFitnessEurope\"]}]}<\/script>\n<!-- \/ Yoast SEO plugin. -->","yoast_head_json":{"title":"Esfera colgante Evolve 70 - 100 mm - Evolve","robots":{"index":"index","follow":"follow","max-snippet":"max-snippet:-1","max-image-preview":"max-image-preview:large","max-video-preview":"max-video-preview:-1"},"canonical":"https:\/\/evolve-fitness.eu\/es\/producto\/esfera-colgante-evolve-70-100-mm\/","og_locale":"es_ES","og_type":"article","og_title":"Esfera colgante Evolve 70 - 100 mm - Evolve","og_url":"https:\/\/evolve-fitness.eu\/es\/producto\/esfera-colgante-evolve-70-100-mm\/","og_site_name":"Evolve","article_publisher":"https:\/\/www.facebook.com\/EvolveFitnessEurope","article_modified_time":"2024-03-15T13:31:02+00:00","og_image":[{"width":680,"height":600,"url":"https:\/\/evolve-fitness.eu\/wp-content\/uploads\/2023\/12\/Evolve-Hanging-Pull-Up-Sphere.png","type":"image\/png"}],"twitter_card":"summary_large_image","schema":{"@context":"https:\/\/schema.org","@graph":[{"@type":"WebPage","@id":"https:\/\/evolve-fitness.eu\/es\/producto\/esfera-colgante-evolve-70-100-mm\/","url":"https:\/\/evolve-fitness.eu\/es\/producto\/esfera-colgante-evolve-70-100-mm\/","name":"Esfera colgante Evolve 70 - 100 mm - Evolve","isPartOf":{"@id":"https:\/\/evolve-fitness.eu\/es\/#website"},"primaryImageOfPage":{"@id":"https:\/\/evolve-fitness.eu\/es\/producto\/esfera-colgante-evolve-70-100-mm\/#primaryimage"},"image":{"@id":"https:\/\/evolve-fitness.eu\/es\/producto\/esfera-colgante-evolve-70-100-mm\/#primaryimage"},"thumbnailUrl":"https:\/\/evolve-fitness.eu\/wp-content\/uploads\/2023\/12\/Evolve-Hanging-Pull-Up-Sphere.png","datePublished":"2023-12-13T13:48:14+00:00","dateModified":"2024-03-15T13:31:02+00:00","breadcrumb":{"@id":"https:\/\/evolve-fitness.eu\/es\/producto\/esfera-colgante-evolve-70-100-mm\/#breadcrumb"},"inLanguage":"es","potentialAction":[{"@type":"ReadAction","target":["https:\/\/evolve-fitness.eu\/es\/producto\/esfera-colgante-evolve-70-100-mm\/"]}]},{"@type":"ImageObject","inLanguage":"es","@id":"https:\/\/evolve-fitness.eu\/es\/producto\/esfera-colgante-evolve-70-100-mm\/#primaryimage","url":"https:\/\/evolve-fitness.eu\/wp-content\/uploads\/2023\/12\/Evolve-Hanging-Pull-Up-Sphere.png","contentUrl":"https:\/\/evolve-fitness.eu\/wp-content\/uploads\/2023\/12\/Evolve-Hanging-Pull-Up-Sphere.png","width":680,"height":600},{"@type":"BreadcrumbList","@id":"https:\/\/evolve-fitness.eu\/es\/producto\/esfera-colgante-evolve-70-100-mm\/#breadcrumb","itemListElement":[{"@type":"ListItem","position":1,"name":"Home","item":"https:\/\/evolve-fitness.eu\/es\/"},{"@type":"ListItem","position":2,"name":"Productos","item":"https:\/\/evolve-fitness.eu\/es\/shop\/"},{"@type":"ListItem","position":3,"name":"Esfera colgante Evolve 70 &#8211; 100 mm"}]},{"@type":"WebSite","@id":"https:\/\/evolve-fitness.eu\/es\/#website","url":"https:\/\/evolve-fitness.eu\/es\/","name":"Evolve","description":"Your Evolved Gear Arrived","publisher":{"@id":"https:\/\/evolve-fitness.eu\/es\/#organization"},"potentialAction":[{"@type":"SearchAction","target":{"@type":"EntryPoint","urlTemplate":"https:\/\/evolve-fitness.eu\/es\/?s={search_term_string}"},"query-input":{"@type":"PropertyValueSpecification","valueRequired":true,"valueName":"search_term_string"}}],"inLanguage":"es"},{"@type":"Organization","@id":"https:\/\/evolve-fitness.eu\/es\/#organization","name":"Evolve","url":"https:\/\/evolve-fitness.eu\/es\/","logo":{"@type":"ImageObject","inLanguage":"es","@id":"https:\/\/evolve-fitness.eu\/es\/#\/schema\/logo\/image\/","url":"https:\/\/evolve-fitness.eu\/wp-content\/uploads\/2023\/05\/Evolve-logo.svg","contentUrl":"https:\/\/evolve-fitness.eu\/wp-content\/uploads\/2023\/05\/Evolve-logo.svg","width":176,"height":20,"caption":"Evolve"},"image":{"@id":"https:\/\/evolve-fitness.eu\/es\/#\/schema\/logo\/image\/"},"sameAs":["https:\/\/www.facebook.com\/EvolveFitnessEurope"]}]}},"_links":{"self":[{"href":"https:\/\/evolve-fitness.eu\/es\/wp-json\/wp\/v2\/product\/105040","targetHints":{"allow":["GET"]}}],"collection":[{"href":"https:\/\/evolve-fitness.eu\/es\/wp-json\/wp\/v2\/product"}],"about":[{"href":"https:\/\/evolve-fitness.eu\/es\/wp-json\/wp\/v2\/types\/product"}],"wp:featuredmedia":[{"embeddable":true,"href":"https:\/\/evolve-fitness.eu\/es\/wp-json\/wp\/v2\/media\/105059"}],"wp:attachment":[{"href":"https:\/\/evolve-fitness.eu\/es\/wp-json\/wp\/v2\/media?parent=105040"}],"wp:term":[{"taxonomy":"product_brand","embeddable":true,"href":"https:\/\/evolve-fitness.eu\/es\/wp-json\/wp\/v2\/product_brand?post=105040"},{"taxonomy":"product_cat","embeddable":true,"href":"https:\/\/evolve-fitness.eu\/es\/wp-json\/wp\/v2\/product_cat?post=105040"},{"taxonomy":"product_tag","embeddable":true,"href":"https:\/\/evolve-fitness.eu\/es\/wp-json\/wp\/v2\/product_tag?post=105040"}],"curies":[{"name":"wp","href":"https:\/\/api.w.org\/{rel}","templated":true}]}}