{"id":105191,"date":"2023-12-18T12:04:19","date_gmt":"2023-12-18T12:04:19","guid":{"rendered":"https:\/\/evolve-fitness.eu\/product\/evolve-uretano-body-pump-set\/"},"modified":"2026-04-08T17:46:59","modified_gmt":"2026-04-08T14:46:59","slug":"evolve-uretano-body-pump-set","status":"publish","type":"product","link":"https:\/\/evolve-fitness.eu\/es\/producto\/evolve-uretano-body-pump-set\/","title":{"rendered":"Juego de bombas de uretano para estudio Evolve (GT-UPS)"},"content":{"rendered":"\n<section class=\"wp-block-group alignfull has-lightgray-background-color has-background is-layout-constrained wp-block-group-is-layout-constrained\">\n<div class=\"wp-block-columns alignwide is-layout-flex wp-container-core-columns-is-layout-2edb0647 wp-block-columns-is-layout-flex\" style=\"margin-top:0;margin-bottom:0\">\n<div class=\"wp-block-column is-layout-flow wp-block-column-is-layout-flow\" style=\"flex-basis:33.33%\"><\/div>\n\n\n\n<div class=\"wp-block-column is-layout-flow wp-block-column-is-layout-flow\" style=\"flex-basis:66.66%\"><\/div>\n<\/div>\n<\/section>\n\n<section class=\"wp-block-group alignfull black-content has-white-color has-darkgray-background-color has-text-color has-background is-layout-constrained wp-block-group-is-layout-constrained\" style=\"padding-top:var(--wp--preset--spacing--section-bottom);padding-bottom:var(--wp--preset--spacing--section-bottom)\">\n<div class=\"wp-block-columns alignwide mobile-reverse is-layout-flex wp-container-core-columns-is-layout-ca64bf2d wp-block-columns-is-layout-flex\" style=\"margin-bottom:var(--wp--preset--spacing--side-padding)\">\n<div class=\"wp-block-column is-vertically-aligned-center is-layout-flow wp-block-column-is-layout-flow\">\n<h3 class=\"wp-block-heading\" style=\"margin-bottom:var(--wp--preset--spacing--h-3-bottom)\"><strong>Durabilidad y rendimiento inigualables<\/strong><\/h3>\n\n\n\n<p><em><strong>Dise\u00f1o superior para entrenamientos eficaces<\/strong><\/em><\/p>\n\n\n\n<p style=\"margin-bottom:var(--wp--preset--spacing--tb-section-padding)\">Descubre el pin\u00e1culo de la durabilidad con el Set de Bomba de Estudio de Uretano Evolve &#8211; 19,5 kg. Fabricado con material de uretano de primera calidad, este conjunto garantiza un rendimiento duradero, por lo que es una opci\u00f3n ideal tanto para gimnasios comerciales como para entrenamientos en casa. Su robusta construcci\u00f3n asegura la resistencia frente a ara\u00f1azos, desconchones o desconchones, conservando su aspecto impecable durante a\u00f1os sin necesidad de sustituciones frecuentes.  <\/p>\n\n\n\n<h3 class=\"wp-block-heading\" style=\"margin-bottom:var(--wp--preset--spacing--h-3-bottom)\">Pesas de uretano fabricadas con precisi\u00f3n<\/h3>\n\n\n\n<p><strong><em>Rendimiento constante para entrenamientos eficaces<\/em><\/strong><\/p>\n\n\n\n<p>Experimenta una carga y descarga suave de los platos con las puntas redondeadas de los manguitos del Juego de pesas de uretano para estudio Evolve. Cada pesa de uretano, que incluye 2 x 1,25 kg, 2 x 2,5 kg y 2 x 5 kg, est\u00e1 fabricada con precisi\u00f3n seg\u00fan las especificaciones exactas, proporcionando un peso y una sensaci\u00f3n constantes para entrenamientos precisos. <\/p>\n<\/div>\n\n\n\n<div class=\"wp-block-column is-vertically-aligned-center is-layout-flow wp-block-column-is-layout-flow\">\n<figure class=\"wp-block-video\"><video height=\"2160\" style=\"aspect-ratio: 3840 \/ 2160;\" width=\"3840\" autoplay=\"\" controls=\"\" loop=\"\" muted=\"\" src=\"https:\/\/evolve-fitness.eu\/wp-content\/uploads\/2023\/12\/1.mp4\"><\/video><\/figure>\n<\/div>\n<\/div>\n\n\n\n<div class=\"wp-block-columns alignwide is-layout-flex wp-container-core-columns-is-layout-c45ee707 wp-block-columns-is-layout-flex\" style=\"margin-bottom:var(--wp--preset--spacing--side-padding);padding-top:var(--wp--preset--spacing--side-padding)\">\n<div class=\"wp-block-column is-vertically-aligned-center is-layout-flow wp-block-column-is-layout-flow\">\n<figure class=\"wp-block-image size-full is-resized is-style-rounded\"><img loading=\"lazy\" decoding=\"async\" width=\"1000\" height=\"665\" src=\"https:\/\/evolve-fitness.eu\/wp-content\/uploads\/2023\/08\/TPU-urethane-weight-plates-6.jpg\" alt=\"\" class=\"wp-image-838\" style=\"object-fit:cover;width:680px;height:600px\" srcset=\"https:\/\/evolve-fitness.eu\/wp-content\/uploads\/2023\/08\/TPU-urethane-weight-plates-6.jpg 1000w, https:\/\/evolve-fitness.eu\/wp-content\/uploads\/2023\/08\/TPU-urethane-weight-plates-6-300x200.jpg 300w, https:\/\/evolve-fitness.eu\/wp-content\/uploads\/2023\/08\/TPU-urethane-weight-plates-6-226x150.jpg 226w, https:\/\/evolve-fitness.eu\/wp-content\/uploads\/2023\/08\/TPU-urethane-weight-plates-6-600x399.jpg 600w, https:\/\/evolve-fitness.eu\/wp-content\/uploads\/2023\/08\/TPU-urethane-weight-plates-6-150x100.jpg 150w, https:\/\/evolve-fitness.eu\/wp-content\/uploads\/2023\/08\/TPU-urethane-weight-plates-6-768x511.jpg 768w\" sizes=\"auto, (max-width: 1000px) 100vw, 1000px\" \/><\/figure>\n<\/div>\n\n\n\n<div class=\"wp-block-column is-vertically-aligned-center is-layout-flow wp-block-column-is-layout-flow\">\n<h3 class=\"wp-block-heading\" style=\"margin-bottom:var(--wp--preset--spacing--h-3-bottom)\">Personalizaci\u00f3n y estilo<\/h3>\n\n\n\n<p><strong><em><strong><em><strong><em>Eleva la imagen de marca de tu gimnasio con el set Studio Pump<\/em><\/strong><\/em><\/strong><\/em><\/strong><\/p>\n\n\n\n<p style=\"margin-bottom:var(--wp--preset--spacing--tb-section-padding)\">Al ofrecer opciones de personalizaci\u00f3n, puedes a\u00f1adir tu logotipo y seleccionar colores personalizados para crear una experiencia de entrenamiento \u00fanica que distinga a tu gimnasio de la competencia. El Set de Bombas de Uretano Evolve Studio ofrece un aspecto visualmente llamativo y cohesivo que complementa a la perfecci\u00f3n la identidad de una marca de fitness. La elecci\u00f3n de los colores desempe\u00f1a un papel fundamental para garantizar que el conjunto no s\u00f3lo destaque, sino que tambi\u00e9n resuene con la est\u00e9tica de la marca. Con un logotipo cortado con l\u00e1ser e infundido con uretano y una indicaci\u00f3n del peso que no se despega ni se desgasta con el tiempo, el juego de bombas de uretano Evolve Studio est\u00e1 hecho para durar.   <\/p>\n<\/div>\n<\/div>\n\n\n\n<div class=\"wp-block-columns alignwide mobile-reverse is-layout-flex wp-container-core-columns-is-layout-ca64bf2d wp-block-columns-is-layout-flex\" style=\"margin-bottom:var(--wp--preset--spacing--side-padding)\">\n<div class=\"wp-block-column is-vertically-aligned-center is-layout-flow wp-block-column-is-layout-flow\">\n<h3 class=\"wp-block-heading\" style=\"margin-bottom:var(--wp--preset--spacing--h-3-bottom)\">FUNCIONALIDAD<\/h3>\n\n\n\n<p>El dise\u00f1o \u00fanico no permite que el peso se atasque en la barra<\/p>\n\n\n\n<p style=\"margin-bottom:var(--wp--preset--spacing--tb-section-padding)\">Los platos de pesas Evolve tienen la superficie texturizada, que es f\u00e1cil de limpiar, antideslizante y proporciona un gran agarre para su manipulaci\u00f3n. Estas caracter\u00edsticas tambi\u00e9n garantizan la seguridad y reducen al m\u00ednimo la posibilidad de que los usuarios se pellizquen los dedos al subir y bajar las placas de la barra. <\/p>\n\n\n\n<h3 class=\"wp-block-heading\" style=\"margin-bottom:var(--wp--preset--spacing--h-3-bottom)\">Revestimiento de uretano<\/h3>\n\n\n\n<p>El revestimiento de uretano es muy resistente a los impactos y dos veces m\u00e1s duradero que el revestimiento de caucho<\/p>\n\n\n\n<p>Las superficies pintadas pueden desconcharse y oxidarse, y el caucho puede despegarse o agrietarse con el tiempo. Los platos de pesas de uretano Evolve son extremadamente duraderos y no se degradan. Estas pesas mantendr\u00e1n un color s\u00f3lido y llamativo durante toda la vida. <\/p>\n<\/div>\n\n\n\n<div class=\"wp-block-column is-vertically-aligned-center is-layout-flow wp-block-column-is-layout-flow\">\n<figure class=\"wp-block-image alignleft size-full is-resized is-style-rounded\"><img loading=\"lazy\" decoding=\"async\" width=\"1920\" height=\"1280\" src=\"https:\/\/evolve-fitness.eu\/wp-content\/uploads\/2023\/12\/A7_05432.jpg\" alt=\"\" class=\"wp-image-7840\" style=\"width:686px;height:652px\" srcset=\"https:\/\/evolve-fitness.eu\/wp-content\/uploads\/2023\/12\/A7_05432.jpg 1920w, https:\/\/evolve-fitness.eu\/wp-content\/uploads\/2023\/12\/A7_05432-300x200.jpg 300w, https:\/\/evolve-fitness.eu\/wp-content\/uploads\/2023\/12\/A7_05432-225x150.jpg 225w, https:\/\/evolve-fitness.eu\/wp-content\/uploads\/2023\/12\/A7_05432-600x400.jpg 600w, https:\/\/evolve-fitness.eu\/wp-content\/uploads\/2023\/12\/A7_05432-1024x683.jpg 1024w, https:\/\/evolve-fitness.eu\/wp-content\/uploads\/2023\/12\/A7_05432-150x100.jpg 150w, https:\/\/evolve-fitness.eu\/wp-content\/uploads\/2023\/12\/A7_05432-768x512.jpg 768w, https:\/\/evolve-fitness.eu\/wp-content\/uploads\/2023\/12\/A7_05432-1536x1024.jpg 1536w\" sizes=\"auto, (max-width: 1920px) 100vw, 1920px\" \/><\/figure>\n<\/div>\n<\/div>\n\n\n\n<div class=\"wp-block-columns alignwide is-layout-flex wp-container-core-columns-is-layout-c45ee707 wp-block-columns-is-layout-flex\" style=\"margin-bottom:var(--wp--preset--spacing--side-padding);padding-top:var(--wp--preset--spacing--side-padding)\">\n<div class=\"wp-block-column is-vertically-aligned-center is-layout-flow wp-block-column-is-layout-flow\">\n<figure class=\"wp-block-image size-large\"><img loading=\"lazy\" decoding=\"async\" width=\"1024\" height=\"768\" src=\"https:\/\/evolve-fitness.eu\/wp-content\/uploads\/2023\/12\/Lemon-Gym-Teika-3-1024x768.jpg\" alt=\"\" class=\"wp-image-8985\" srcset=\"https:\/\/evolve-fitness.eu\/wp-content\/uploads\/2023\/12\/Lemon-Gym-Teika-3-1024x768.jpg 1024w, https:\/\/evolve-fitness.eu\/wp-content\/uploads\/2023\/12\/Lemon-Gym-Teika-3-300x225.jpg 300w, https:\/\/evolve-fitness.eu\/wp-content\/uploads\/2023\/12\/Lemon-Gym-Teika-3-200x150.jpg 200w, https:\/\/evolve-fitness.eu\/wp-content\/uploads\/2023\/12\/Lemon-Gym-Teika-3-600x450.jpg 600w, https:\/\/evolve-fitness.eu\/wp-content\/uploads\/2023\/12\/Lemon-Gym-Teika-3-150x113.jpg 150w, https:\/\/evolve-fitness.eu\/wp-content\/uploads\/2023\/12\/Lemon-Gym-Teika-3-768x576.jpg 768w, https:\/\/evolve-fitness.eu\/wp-content\/uploads\/2023\/12\/Lemon-Gym-Teika-3-1536x1152.jpg 1536w, https:\/\/evolve-fitness.eu\/wp-content\/uploads\/2023\/12\/Lemon-Gym-Teika-3.jpg 2048w\" sizes=\"auto, (max-width: 1024px) 100vw, 1024px\" \/><\/figure>\n<\/div>\n\n\n\n<div class=\"wp-block-column is-vertically-aligned-center is-layout-flow wp-block-column-is-layout-flow\">\n<h3 class=\"wp-block-heading\" style=\"margin-bottom:var(--wp--preset--spacing--h-3-bottom)\">La seguridad ante todo<\/h3>\n\n\n\n<p><strong><em>Una experiencia de entrenamiento segura y de confianza<\/em><\/strong><\/p>\n\n\n\n<p>En Evolve, la seguridad es nuestra m\u00e1xima prioridad. Nuestros platos de pesas de uretano est\u00e1n fabricados con material de uretano de alta calidad, no t\u00f3xico e inodoro, lo que garantiza un entorno de entrenamiento seguro y saludable.<\/p>\n<\/div>\n<\/div>\n\n\n\n<div class=\"wp-block-columns alignwide is-layout-flex wp-container-core-columns-is-layout-c45ee707 wp-block-columns-is-layout-flex\" style=\"margin-bottom:var(--wp--preset--spacing--side-padding);padding-top:var(--wp--preset--spacing--side-padding)\">\n<div class=\"wp-block-column is-vertically-aligned-center is-layout-flow wp-block-column-is-layout-flow\">\n<h3 class=\"wp-block-heading\" style=\"margin-bottom:var(--wp--preset--spacing--h-3-bottom)\">Adi\u00f3s a los dedos pellizcados<\/h3>\n\n\n\n<p><strong><em>Con placas de peso de uretano Evolve<\/em><\/strong><\/p>\n\n\n\n<p>Los platos de pesas de uretano Evolve est\u00e1n dise\u00f1ados para que la carga y descarga sea m\u00e1s segura y eficiente para los usuarios del gimnasio. El conjunto incluye una barra de 140 cm de longitud y collares de muelle, que garantizan una experiencia de entrenamiento segura y fiable. La superficie texturizada y la forma redondeada de las placas tambi\u00e9n ayudan a evitar que se peguen entre s\u00ed o a otras superficies. Las placas pueden transportarse f\u00e1cilmente y utilizarse para una gran variedad de ejercicios.   Tanto si hace peso muerto como estocadas, las cuatro asas facilitan el transporte y el uso de los platos de pesas, haciendo que su entrenamiento sea m\u00e1s eficiente y eficaz.<\/p>\n<\/div>\n\n\n\n<div class=\"wp-block-column is-vertically-aligned-center is-layout-flow wp-block-column-is-layout-flow\">\n<div class=\"wp-block-columns is-layout-flex wp-container-core-columns-is-layout-9d6595d7 wp-block-columns-is-layout-flex\">\n<div class=\"wp-block-column is-layout-flow wp-block-column-is-layout-flow\"><\/div>\n<\/div>\n<\/div>\n<\/div>\n<\/section>\n","protected":false},"excerpt":{"rendered":"<p>Experimenta un entrenamiento excepcional con el Conjunto de Bomba de Estudio de Uretano Evolve &#8211; 19,5 kg, la c\u00faspide de la durabilidad y el rendimiento. Fabricado a partir de material de uretano de primera calidad, este conjunto ofrece una longevidad sin igual, por lo que es la mejor opci\u00f3n para gimnasios comerciales y entrenamientos en casa por igual. Diga adi\u00f3s a las preocupaciones por el desgaste, ya que la robusta construcci\u00f3n del conjunto garantiza la resistencia contra ara\u00f1azos y desconchones, preservando su aspecto impecable con el paso del tiempo. Eleve la identidad de su gimnasio con opciones personalizables, que le permiten a\u00f1adir su logotipo y elegir colores personalizados. Las pesas de uretano fabricadas con precisi\u00f3n garantizan una carga y descarga suave de las placas, lo que facilita unos entrenamientos consistentes y precisos. La seguridad y la comodidad son primordiales, gracias a la barra de 140 cm de longitud incluida y a los collares de muelle, que ofrecen sesiones de ejercicio seguras. Adopta un entrenamiento vers\u00e1til con el Set de Bomba de Estudio de Uretano Evolve, que se adapta a una amplia gama de ejercicios y niveles de forma f\u00edsica.<\/p>\n","protected":false},"featured_media":105193,"template":"","meta":{"_acf_changed":false,"inline_featured_image":false},"product_brand":[],"product_cat":[2927,13068],"product_tag":[],"class_list":{"0":"post-105191","1":"product","2":"type-product","3":"status-publish","4":"has-post-thumbnail","6":"product_cat-estudio","7":"product_cat-juegos-de-bar","9":"first","10":"instock","11":"shipping-taxable","12":"purchasable","13":"product-type-simple"},"acf":{"long_title":"Juego de bombas de uretano para estudio Evolve (GT-UPS)","subtitle":"","specifications":[{"label":"SKU","text_value":"EV-GT-UPS","icon":"x"}],"product_frequently_asked_questions":null},"yoast_head":"<!-- This site is optimized with the Yoast SEO plugin v27.4 - https:\/\/yoast.com\/product\/yoast-seo-wordpress\/ -->\n<title>Juego de bombas de uretano para estudio Evolve (GT-UPS) - Evolve<\/title>\n<meta name=\"description\" content=\"Experimenta un entrenamiento excepcional con el Conjunto de Bomba de Estudio de Uretano Evolve - 19,5 kg, la c\u00faspide de la durabilidad y el rendimiento.\" \/>\n<meta name=\"robots\" content=\"index, follow, max-snippet:-1, max-image-preview:large, max-video-preview:-1\" \/>\n<link rel=\"canonical\" href=\"https:\/\/evolve-fitness.eu\/es\/producto\/evolve-uretano-body-pump-set\/\" \/>\n<meta property=\"og:locale\" content=\"es_ES\" \/>\n<meta property=\"og:type\" content=\"article\" \/>\n<meta property=\"og:title\" content=\"Juego de bombas de uretano para estudio Evolve (GT-UPS) - Evolve\" \/>\n<meta property=\"og:description\" content=\"Experimenta un entrenamiento excepcional con el Conjunto de Bomba de Estudio de Uretano Evolve - 19,5 kg, la c\u00faspide de la durabilidad y el rendimiento.\" \/>\n<meta property=\"og:url\" content=\"https:\/\/evolve-fitness.eu\/es\/producto\/evolve-uretano-body-pump-set\/\" \/>\n<meta property=\"og:site_name\" content=\"Evolve\" \/>\n<meta property=\"article:publisher\" content=\"https:\/\/www.facebook.com\/EvolveFitnessEurope\" \/>\n<meta property=\"article:modified_time\" content=\"2026-04-08T14:46:59+00:00\" \/>\n<meta property=\"og:image\" content=\"https:\/\/evolve-fitness.eu\/wp-content\/uploads\/2023\/09\/Evolve-Body-Pump.png\" \/>\n\t<meta property=\"og:image:width\" content=\"680\" \/>\n\t<meta property=\"og:image:height\" content=\"600\" \/>\n\t<meta property=\"og:image:type\" content=\"image\/png\" \/>\n<meta name=\"twitter:card\" content=\"summary_large_image\" \/>\n<script type=\"application\/ld+json\" class=\"yoast-schema-graph\">{\"@context\":\"https:\\\/\\\/schema.org\",\"@graph\":[{\"@type\":\"WebPage\",\"@id\":\"https:\\\/\\\/evolve-fitness.eu\\\/es\\\/producto\\\/evolve-uretano-body-pump-set\\\/\",\"url\":\"https:\\\/\\\/evolve-fitness.eu\\\/es\\\/producto\\\/evolve-uretano-body-pump-set\\\/\",\"name\":\"Juego de bombas de uretano para estudio Evolve (GT-UPS) - Evolve\",\"isPartOf\":{\"@id\":\"https:\\\/\\\/evolve-fitness.eu\\\/es\\\/#website\"},\"primaryImageOfPage\":{\"@id\":\"https:\\\/\\\/evolve-fitness.eu\\\/es\\\/producto\\\/evolve-uretano-body-pump-set\\\/#primaryimage\"},\"image\":{\"@id\":\"https:\\\/\\\/evolve-fitness.eu\\\/es\\\/producto\\\/evolve-uretano-body-pump-set\\\/#primaryimage\"},\"thumbnailUrl\":\"https:\\\/\\\/evolve-fitness.eu\\\/wp-content\\\/uploads\\\/2023\\\/09\\\/Evolve-Body-Pump.png\",\"datePublished\":\"2023-12-18T12:04:19+00:00\",\"dateModified\":\"2026-04-08T14:46:59+00:00\",\"description\":\"Experimenta un entrenamiento excepcional con el Conjunto de Bomba de Estudio de Uretano Evolve - 19,5 kg, la c\u00faspide de la durabilidad y el rendimiento.\",\"breadcrumb\":{\"@id\":\"https:\\\/\\\/evolve-fitness.eu\\\/es\\\/producto\\\/evolve-uretano-body-pump-set\\\/#breadcrumb\"},\"inLanguage\":\"es\",\"potentialAction\":[{\"@type\":\"ReadAction\",\"target\":[\"https:\\\/\\\/evolve-fitness.eu\\\/es\\\/producto\\\/evolve-uretano-body-pump-set\\\/\"]}]},{\"@type\":\"ImageObject\",\"inLanguage\":\"es\",\"@id\":\"https:\\\/\\\/evolve-fitness.eu\\\/es\\\/producto\\\/evolve-uretano-body-pump-set\\\/#primaryimage\",\"url\":\"https:\\\/\\\/evolve-fitness.eu\\\/wp-content\\\/uploads\\\/2023\\\/09\\\/Evolve-Body-Pump.png\",\"contentUrl\":\"https:\\\/\\\/evolve-fitness.eu\\\/wp-content\\\/uploads\\\/2023\\\/09\\\/Evolve-Body-Pump.png\",\"width\":680,\"height\":600,\"caption\":\"EV-GT-UPS\"},{\"@type\":\"BreadcrumbList\",\"@id\":\"https:\\\/\\\/evolve-fitness.eu\\\/es\\\/producto\\\/evolve-uretano-body-pump-set\\\/#breadcrumb\",\"itemListElement\":[{\"@type\":\"ListItem\",\"position\":1,\"name\":\"Home\",\"item\":\"https:\\\/\\\/evolve-fitness.eu\\\/es\\\/\"},{\"@type\":\"ListItem\",\"position\":2,\"name\":\"Productos\",\"item\":\"https:\\\/\\\/evolve-fitness.eu\\\/es\\\/shop\\\/\"},{\"@type\":\"ListItem\",\"position\":3,\"name\":\"Juego de bombas de uretano para estudio Evolve (GT-UPS)\"}]},{\"@type\":\"WebSite\",\"@id\":\"https:\\\/\\\/evolve-fitness.eu\\\/es\\\/#website\",\"url\":\"https:\\\/\\\/evolve-fitness.eu\\\/es\\\/\",\"name\":\"Evolve\",\"description\":\"Your Evolved Gear Arrived\",\"publisher\":{\"@id\":\"https:\\\/\\\/evolve-fitness.eu\\\/es\\\/#organization\"},\"potentialAction\":[{\"@type\":\"SearchAction\",\"target\":{\"@type\":\"EntryPoint\",\"urlTemplate\":\"https:\\\/\\\/evolve-fitness.eu\\\/es\\\/?s={search_term_string}\"},\"query-input\":{\"@type\":\"PropertyValueSpecification\",\"valueRequired\":true,\"valueName\":\"search_term_string\"}}],\"inLanguage\":\"es\"},{\"@type\":\"Organization\",\"@id\":\"https:\\\/\\\/evolve-fitness.eu\\\/es\\\/#organization\",\"name\":\"Evolve\",\"url\":\"https:\\\/\\\/evolve-fitness.eu\\\/es\\\/\",\"logo\":{\"@type\":\"ImageObject\",\"inLanguage\":\"es\",\"@id\":\"https:\\\/\\\/evolve-fitness.eu\\\/es\\\/#\\\/schema\\\/logo\\\/image\\\/\",\"url\":\"https:\\\/\\\/evolve-fitness.eu\\\/wp-content\\\/uploads\\\/2023\\\/05\\\/Evolve-logo.svg\",\"contentUrl\":\"https:\\\/\\\/evolve-fitness.eu\\\/wp-content\\\/uploads\\\/2023\\\/05\\\/Evolve-logo.svg\",\"width\":176,\"height\":20,\"caption\":\"Evolve\"},\"image\":{\"@id\":\"https:\\\/\\\/evolve-fitness.eu\\\/es\\\/#\\\/schema\\\/logo\\\/image\\\/\"},\"sameAs\":[\"https:\\\/\\\/www.facebook.com\\\/EvolveFitnessEurope\"]}]}<\/script>\n<!-- \/ Yoast SEO plugin. -->","yoast_head_json":{"title":"Juego de bombas de uretano para estudio Evolve (GT-UPS) - Evolve","description":"Experimenta un entrenamiento excepcional con el Conjunto de Bomba de Estudio de Uretano Evolve - 19,5 kg, la c\u00faspide de la durabilidad y el rendimiento.","robots":{"index":"index","follow":"follow","max-snippet":"max-snippet:-1","max-image-preview":"max-image-preview:large","max-video-preview":"max-video-preview:-1"},"canonical":"https:\/\/evolve-fitness.eu\/es\/producto\/evolve-uretano-body-pump-set\/","og_locale":"es_ES","og_type":"article","og_title":"Juego de bombas de uretano para estudio Evolve (GT-UPS) - Evolve","og_description":"Experimenta un entrenamiento excepcional con el Conjunto de Bomba de Estudio de Uretano Evolve - 19,5 kg, la c\u00faspide de la durabilidad y el rendimiento.","og_url":"https:\/\/evolve-fitness.eu\/es\/producto\/evolve-uretano-body-pump-set\/","og_site_name":"Evolve","article_publisher":"https:\/\/www.facebook.com\/EvolveFitnessEurope","article_modified_time":"2026-04-08T14:46:59+00:00","og_image":[{"width":680,"height":600,"url":"https:\/\/evolve-fitness.eu\/wp-content\/uploads\/2023\/09\/Evolve-Body-Pump.png","type":"image\/png"}],"twitter_card":"summary_large_image","schema":{"@context":"https:\/\/schema.org","@graph":[{"@type":"WebPage","@id":"https:\/\/evolve-fitness.eu\/es\/producto\/evolve-uretano-body-pump-set\/","url":"https:\/\/evolve-fitness.eu\/es\/producto\/evolve-uretano-body-pump-set\/","name":"Juego de bombas de uretano para estudio Evolve (GT-UPS) - Evolve","isPartOf":{"@id":"https:\/\/evolve-fitness.eu\/es\/#website"},"primaryImageOfPage":{"@id":"https:\/\/evolve-fitness.eu\/es\/producto\/evolve-uretano-body-pump-set\/#primaryimage"},"image":{"@id":"https:\/\/evolve-fitness.eu\/es\/producto\/evolve-uretano-body-pump-set\/#primaryimage"},"thumbnailUrl":"https:\/\/evolve-fitness.eu\/wp-content\/uploads\/2023\/09\/Evolve-Body-Pump.png","datePublished":"2023-12-18T12:04:19+00:00","dateModified":"2026-04-08T14:46:59+00:00","description":"Experimenta un entrenamiento excepcional con el Conjunto de Bomba de Estudio de Uretano Evolve - 19,5 kg, la c\u00faspide de la durabilidad y el rendimiento.","breadcrumb":{"@id":"https:\/\/evolve-fitness.eu\/es\/producto\/evolve-uretano-body-pump-set\/#breadcrumb"},"inLanguage":"es","potentialAction":[{"@type":"ReadAction","target":["https:\/\/evolve-fitness.eu\/es\/producto\/evolve-uretano-body-pump-set\/"]}]},{"@type":"ImageObject","inLanguage":"es","@id":"https:\/\/evolve-fitness.eu\/es\/producto\/evolve-uretano-body-pump-set\/#primaryimage","url":"https:\/\/evolve-fitness.eu\/wp-content\/uploads\/2023\/09\/Evolve-Body-Pump.png","contentUrl":"https:\/\/evolve-fitness.eu\/wp-content\/uploads\/2023\/09\/Evolve-Body-Pump.png","width":680,"height":600,"caption":"EV-GT-UPS"},{"@type":"BreadcrumbList","@id":"https:\/\/evolve-fitness.eu\/es\/producto\/evolve-uretano-body-pump-set\/#breadcrumb","itemListElement":[{"@type":"ListItem","position":1,"name":"Home","item":"https:\/\/evolve-fitness.eu\/es\/"},{"@type":"ListItem","position":2,"name":"Productos","item":"https:\/\/evolve-fitness.eu\/es\/shop\/"},{"@type":"ListItem","position":3,"name":"Juego de bombas de uretano para estudio Evolve (GT-UPS)"}]},{"@type":"WebSite","@id":"https:\/\/evolve-fitness.eu\/es\/#website","url":"https:\/\/evolve-fitness.eu\/es\/","name":"Evolve","description":"Your Evolved Gear Arrived","publisher":{"@id":"https:\/\/evolve-fitness.eu\/es\/#organization"},"potentialAction":[{"@type":"SearchAction","target":{"@type":"EntryPoint","urlTemplate":"https:\/\/evolve-fitness.eu\/es\/?s={search_term_string}"},"query-input":{"@type":"PropertyValueSpecification","valueRequired":true,"valueName":"search_term_string"}}],"inLanguage":"es"},{"@type":"Organization","@id":"https:\/\/evolve-fitness.eu\/es\/#organization","name":"Evolve","url":"https:\/\/evolve-fitness.eu\/es\/","logo":{"@type":"ImageObject","inLanguage":"es","@id":"https:\/\/evolve-fitness.eu\/es\/#\/schema\/logo\/image\/","url":"https:\/\/evolve-fitness.eu\/wp-content\/uploads\/2023\/05\/Evolve-logo.svg","contentUrl":"https:\/\/evolve-fitness.eu\/wp-content\/uploads\/2023\/05\/Evolve-logo.svg","width":176,"height":20,"caption":"Evolve"},"image":{"@id":"https:\/\/evolve-fitness.eu\/es\/#\/schema\/logo\/image\/"},"sameAs":["https:\/\/www.facebook.com\/EvolveFitnessEurope"]}]}},"_links":{"self":[{"href":"https:\/\/evolve-fitness.eu\/es\/wp-json\/wp\/v2\/product\/105191","targetHints":{"allow":["GET"]}}],"collection":[{"href":"https:\/\/evolve-fitness.eu\/es\/wp-json\/wp\/v2\/product"}],"about":[{"href":"https:\/\/evolve-fitness.eu\/es\/wp-json\/wp\/v2\/types\/product"}],"wp:featuredmedia":[{"embeddable":true,"href":"https:\/\/evolve-fitness.eu\/es\/wp-json\/wp\/v2\/media\/105193"}],"wp:attachment":[{"href":"https:\/\/evolve-fitness.eu\/es\/wp-json\/wp\/v2\/media?parent=105191"}],"wp:term":[{"taxonomy":"product_brand","embeddable":true,"href":"https:\/\/evolve-fitness.eu\/es\/wp-json\/wp\/v2\/product_brand?post=105191"},{"taxonomy":"product_cat","embeddable":true,"href":"https:\/\/evolve-fitness.eu\/es\/wp-json\/wp\/v2\/product_cat?post=105191"},{"taxonomy":"product_tag","embeddable":true,"href":"https:\/\/evolve-fitness.eu\/es\/wp-json\/wp\/v2\/product_tag?post=105191"}],"curies":[{"name":"wp","href":"https:\/\/api.w.org\/{rel}","templated":true}]}}