{"id":151321,"date":"2024-08-01T10:53:40","date_gmt":"2024-08-01T10:53:40","guid":{"rendered":"https:\/\/evolve-fitness.eu\/product\/prensa-pectoral-con-carga-de-placas-evolve-prime-series\/"},"modified":"2025-02-12T12:04:08","modified_gmt":"2025-02-12T12:04:08","slug":"prensa-pectoral-con-carga-de-placas-evolve-prime-series","status":"publish","type":"product","link":"https:\/\/evolve-fitness.eu\/es\/producto\/prensa-pectoral-con-carga-de-placas-evolve-prime-series\/","title":{"rendered":"Prensa pectoral con carga de placas Evolve Prime Series"},"content":{"rendered":"\n<section class=\"wp-block-group alignfull has-lightgray-background-color has-background is-layout-constrained wp-block-group-is-layout-constrained\">\n<div class=\"wp-block-columns alignwide is-layout-flex wp-container-core-columns-is-layout-2edb0647 wp-block-columns-is-layout-flex\" style=\"margin-top:0;margin-bottom:0\">\n<div class=\"wp-block-column is-layout-flow wp-block-column-is-layout-flow\" style=\"flex-basis:33.33%\"><\/div>\n\n\n\n<div class=\"wp-block-column is-layout-flow wp-block-column-is-layout-flow\" style=\"flex-basis:66.66%\"><\/div>\n<\/div>\n<\/section>\n\n<section class=\"wp-block-group alignfull black-content has-white-color has-darkgray-background-color has-text-color has-background is-layout-constrained wp-block-group-is-layout-constrained\" style=\"padding-top:var(--wp--preset--spacing--section-bottom);padding-bottom:var(--wp--preset--spacing--section-bottom)\">\n<h3 class=\"wp-block-heading has-text-align-center\"><strong><strong>EVOLVE SERIE PRIME CARGADA CON PLACAS<\/strong><\/strong><\/h3>\n\n\n\n<p>Con la serie Evolve Plate Loaded Prime, la excelencia es la norma.\nEleva tu entrenamiento de fuerza con m\u00e1quinas dise\u00f1adas para ofrecer comodidad, durabilidad y rendimiento.\nExplora hoy toda la l\u00ednea y redefine tu camino hacia el fitness.  <\/p>\n\n\n\n<section class=\"wp-block-group alignfull black-content has-white-color has-darkgray-background-color has-text-color has-background is-layout-constrained wp-block-group-is-layout-constrained\" style=\"padding-top:var(--wp--preset--spacing--section-bottom);padding-bottom:var(--wp--preset--spacing--section-bottom)\">\n<div class=\"wp-block-columns alignwide mobile-reverse is-layout-flex wp-container-core-columns-is-layout-ca64bf2d wp-block-columns-is-layout-flex\" style=\"margin-bottom:var(--wp--preset--spacing--side-padding)\">\n<div class=\"wp-block-column is-vertically-aligned-center is-layout-flow wp-block-column-is-layout-flow\">\n<h3 class=\"wp-block-heading\" style=\"margin-bottom:var(--wp--preset--spacing--h-3-bottom)\"><strong><strong><strong>Entrenamientos eficaces para el pecho<\/strong><\/strong><\/strong><\/h3>\n\n\n\n<p><strong><em><strong>Compromiso muscular espec\u00edfico<\/strong><\/em><\/strong><\/p>\n\n\n\n<p style=\"margin-bottom:var(--wp--preset--spacing--tb-section-padding)\">La prensa pectoral con carga de placas Evolve Prime Series se dirige eficazmente al pecho, los hombros y los tr\u00edceps.\nSu sistema de ajuste f\u00e1cil de usar y sus componentes de color amarillo vibrante garantizan una configuraci\u00f3n y unas transiciones de ejercicio sencillas, ofreciendo una experiencia de entrenamiento vers\u00e1til. <\/p>\n\n\n\n<h3 class=\"wp-block-heading\" style=\"margin-bottom:var(--wp--preset--spacing--h-3-bottom)\"><strong><strong><strong><strong><strong>Caracter\u00edsticas de alta calidad<\/strong><\/strong><\/strong><\/strong><\/strong><\/h3>\n\n\n\n<p><strong><em>Durabilidad y eficiencia espacial<\/em><\/strong><\/p>\n\n\n\n<p>Fabricada con tejido resistente de alta calidad y herrajes de acero inoxidable, esta m\u00e1quina garantiza un uso duradero.\nLa tecnolog\u00eda de pulverizaci\u00f3n electrost\u00e1tica de polvo termoendurecible proporciona un acabado duradero, manteniendo el aspecto del equipo.  Las clavijas integradas para guardar los platos de pesas mejoran la eficiencia del espacio, manteniendo organizada tu zona de entrenamiento.<\/p>\n<\/div>\n\n\n\n<div class=\"wp-block-column is-vertically-aligned-center is-layout-flow wp-block-column-is-layout-flow\">\n<figure class=\"wp-block-image size-large\"><img loading=\"lazy\" decoding=\"async\" width=\"1024\" height=\"1024\" src=\"https:\/\/evolve-fitness.eu\/wp-content\/uploads\/2024\/08\/Dizainas-be-pavadinimo-29-1024x1024.png\" alt=\"\" class=\"wp-image-180599\" srcset=\"https:\/\/evolve-fitness.eu\/wp-content\/uploads\/2024\/08\/Dizainas-be-pavadinimo-29-1024x1024.png 1024w, https:\/\/evolve-fitness.eu\/wp-content\/uploads\/2024\/08\/Dizainas-be-pavadinimo-29-300x300.png 300w, https:\/\/evolve-fitness.eu\/wp-content\/uploads\/2024\/08\/Dizainas-be-pavadinimo-29-150x150.png 150w, https:\/\/evolve-fitness.eu\/wp-content\/uploads\/2024\/08\/Dizainas-be-pavadinimo-29-768x768.png 768w, https:\/\/evolve-fitness.eu\/wp-content\/uploads\/2024\/08\/Dizainas-be-pavadinimo-29-1536x1536.png 1536w, https:\/\/evolve-fitness.eu\/wp-content\/uploads\/2024\/08\/Dizainas-be-pavadinimo-29-600x600.png 600w, https:\/\/evolve-fitness.eu\/wp-content\/uploads\/2024\/08\/Dizainas-be-pavadinimo-29.png 1890w\" sizes=\"auto, (max-width: 1024px) 100vw, 1024px\" \/><\/figure>\n<\/div>\n<\/div>\n<\/section>\n<\/section>\n","protected":false},"excerpt":{"rendered":"<p>La prensa pectoral con carga de placas Evolve Prime Series (EV-PL-PR-004) es una m\u00e1quina de fitness dise\u00f1ada para maximizar tus entrenamientos de la parte superior del cuerpo.<br \/>\nConstruida con materiales de calidad comercial, esta m\u00e1quina garantiza una comodidad, durabilidad y rendimiento excepcionales.<br \/>\nSu dise\u00f1o ergon\u00f3mico y sus caracter\u00edsticas ajustables la hacen adecuada para usuarios de todos los niveles de forma f\u00edsica, perfecta para entornos de gimnasio profesionales.  <\/p>\n","protected":false},"featured_media":194618,"template":"","meta":{"_acf_changed":false,"inline_featured_image":false},"product_brand":[],"product_cat":[2949,5439],"product_tag":[],"class_list":{"0":"post-151321","1":"product","2":"type-product","3":"status-publish","4":"has-post-thumbnail","6":"product_cat-maquinas-de-carga-de-placas","7":"product_cat-prime-series-placa-cargada","9":"first","10":"instock","11":"shipping-taxable","12":"purchasable","13":"product-type-simple"},"acf":{"long_title":"Prensa pectoral con carga de placas Evolve Prime Series","subtitle":"","specifications":[{"label":"SKU","text_value":"EV-PL-PR-004","icon":"x"},{"label":"Longitud","text_value":"1300","icon":"x"},{"label":"Anchura","text_value":"1840","icon":"x"},{"label":"Altura","text_value":"1860","icon":"x"},{"label":"Peso","text_value":"152 kg","icon":"v"},{"label":"Peso m\u00e1ximo del usuario","text_value":"180 kg","icon":"v"},{"label":"Almacenamiento del plato de pesas","text_value":"","icon":"v"},{"label":"Tapicer\u00eda gruesa","text_value":"","icon":"v"},{"label":"Protectores de suelo duraderos","text_value":"","icon":"v"},{"label":"Construcci\u00f3n met\u00e1lica","text_value":"","icon":"v"},{"label":"Personalice los colores de la estructura y la tapicer\u00eda","text_value":"","icon":"x"}]},"yoast_head":"<!-- This site is optimized with the Yoast SEO plugin v26.6 - https:\/\/yoast.com\/wordpress\/plugins\/seo\/ -->\n<title>Prensa pectoral con carga de placas Evolve Prime Series - Evolve<\/title>\n<meta name=\"robots\" content=\"index, follow, max-snippet:-1, max-image-preview:large, max-video-preview:-1\" \/>\n<link rel=\"canonical\" href=\"https:\/\/evolve-fitness.eu\/es\/producto\/prensa-pectoral-con-carga-de-placas-evolve-prime-series\/\" \/>\n<meta property=\"og:locale\" content=\"es_ES\" \/>\n<meta property=\"og:type\" content=\"article\" \/>\n<meta property=\"og:title\" content=\"Prensa pectoral con carga de placas Evolve Prime Series - Evolve\" \/>\n<meta property=\"og:url\" content=\"https:\/\/evolve-fitness.eu\/es\/producto\/prensa-pectoral-con-carga-de-placas-evolve-prime-series\/\" \/>\n<meta property=\"og:site_name\" content=\"Evolve\" \/>\n<meta property=\"article:publisher\" content=\"https:\/\/www.facebook.com\/EvolveFitnessEurope\" \/>\n<meta property=\"article:modified_time\" content=\"2025-02-12T12:04:08+00:00\" \/>\n<meta property=\"og:image\" content=\"https:\/\/evolve-fitness.eu\/wp-content\/uploads\/2024\/08\/Dizainas-be-pavadinimo-29.png\" \/>\n\t<meta property=\"og:image:width\" content=\"1890\" \/>\n\t<meta property=\"og:image:height\" content=\"1890\" \/>\n\t<meta property=\"og:image:type\" content=\"image\/png\" \/>\n<meta name=\"twitter:card\" content=\"summary_large_image\" \/>\n<script type=\"application\/ld+json\" class=\"yoast-schema-graph\">{\"@context\":\"https:\/\/schema.org\",\"@graph\":[{\"@type\":\"WebPage\",\"@id\":\"https:\/\/evolve-fitness.eu\/es\/producto\/prensa-pectoral-con-carga-de-placas-evolve-prime-series\/\",\"url\":\"https:\/\/evolve-fitness.eu\/es\/producto\/prensa-pectoral-con-carga-de-placas-evolve-prime-series\/\",\"name\":\"Prensa pectoral con carga de placas Evolve Prime Series - Evolve\",\"isPartOf\":{\"@id\":\"https:\/\/evolve-fitness.eu\/es\/#website\"},\"primaryImageOfPage\":{\"@id\":\"https:\/\/evolve-fitness.eu\/es\/producto\/prensa-pectoral-con-carga-de-placas-evolve-prime-series\/#primaryimage\"},\"image\":{\"@id\":\"https:\/\/evolve-fitness.eu\/es\/producto\/prensa-pectoral-con-carga-de-placas-evolve-prime-series\/#primaryimage\"},\"thumbnailUrl\":\"https:\/\/evolve-fitness.eu\/wp-content\/uploads\/2024\/08\/EV-PL-PR-004-Evolve-Prime-Series-Plate-Loaded-Chest-Press-scaled.png\",\"datePublished\":\"2024-08-01T10:53:40+00:00\",\"dateModified\":\"2025-02-12T12:04:08+00:00\",\"breadcrumb\":{\"@id\":\"https:\/\/evolve-fitness.eu\/es\/producto\/prensa-pectoral-con-carga-de-placas-evolve-prime-series\/#breadcrumb\"},\"inLanguage\":\"es\",\"potentialAction\":[{\"@type\":\"ReadAction\",\"target\":[\"https:\/\/evolve-fitness.eu\/es\/producto\/prensa-pectoral-con-carga-de-placas-evolve-prime-series\/\"]}]},{\"@type\":\"ImageObject\",\"inLanguage\":\"es\",\"@id\":\"https:\/\/evolve-fitness.eu\/es\/producto\/prensa-pectoral-con-carga-de-placas-evolve-prime-series\/#primaryimage\",\"url\":\"https:\/\/evolve-fitness.eu\/wp-content\/uploads\/2024\/08\/EV-PL-PR-004-Evolve-Prime-Series-Plate-Loaded-Chest-Press-scaled.png\",\"contentUrl\":\"https:\/\/evolve-fitness.eu\/wp-content\/uploads\/2024\/08\/EV-PL-PR-004-Evolve-Prime-Series-Plate-Loaded-Chest-Press-scaled.png\",\"width\":2560,\"height\":2560},{\"@type\":\"BreadcrumbList\",\"@id\":\"https:\/\/evolve-fitness.eu\/es\/producto\/prensa-pectoral-con-carga-de-placas-evolve-prime-series\/#breadcrumb\",\"itemListElement\":[{\"@type\":\"ListItem\",\"position\":1,\"name\":\"Home\",\"item\":\"https:\/\/evolve-fitness.eu\/es\/\"},{\"@type\":\"ListItem\",\"position\":2,\"name\":\"Productos\",\"item\":\"https:\/\/evolve-fitness.eu\/es\/shop\/\"},{\"@type\":\"ListItem\",\"position\":3,\"name\":\"Prensa pectoral con carga de placas Evolve Prime Series\"}]},{\"@type\":\"WebSite\",\"@id\":\"https:\/\/evolve-fitness.eu\/es\/#website\",\"url\":\"https:\/\/evolve-fitness.eu\/es\/\",\"name\":\"Evolve\",\"description\":\"Your Evolved Gear Arrived\",\"publisher\":{\"@id\":\"https:\/\/evolve-fitness.eu\/es\/#organization\"},\"potentialAction\":[{\"@type\":\"SearchAction\",\"target\":{\"@type\":\"EntryPoint\",\"urlTemplate\":\"https:\/\/evolve-fitness.eu\/es\/?s={search_term_string}\"},\"query-input\":{\"@type\":\"PropertyValueSpecification\",\"valueRequired\":true,\"valueName\":\"search_term_string\"}}],\"inLanguage\":\"es\"},{\"@type\":\"Organization\",\"@id\":\"https:\/\/evolve-fitness.eu\/es\/#organization\",\"name\":\"Evolve\",\"url\":\"https:\/\/evolve-fitness.eu\/es\/\",\"logo\":{\"@type\":\"ImageObject\",\"inLanguage\":\"es\",\"@id\":\"https:\/\/evolve-fitness.eu\/es\/#\/schema\/logo\/image\/\",\"url\":\"https:\/\/evolve-fitness.eu\/wp-content\/uploads\/2023\/05\/Evolve-logo.svg\",\"contentUrl\":\"https:\/\/evolve-fitness.eu\/wp-content\/uploads\/2023\/05\/Evolve-logo.svg\",\"width\":176,\"height\":20,\"caption\":\"Evolve\"},\"image\":{\"@id\":\"https:\/\/evolve-fitness.eu\/es\/#\/schema\/logo\/image\/\"},\"sameAs\":[\"https:\/\/www.facebook.com\/EvolveFitnessEurope\"]}]}<\/script>\n<!-- \/ Yoast SEO plugin. -->","yoast_head_json":{"title":"Prensa pectoral con carga de placas Evolve Prime Series - Evolve","robots":{"index":"index","follow":"follow","max-snippet":"max-snippet:-1","max-image-preview":"max-image-preview:large","max-video-preview":"max-video-preview:-1"},"canonical":"https:\/\/evolve-fitness.eu\/es\/producto\/prensa-pectoral-con-carga-de-placas-evolve-prime-series\/","og_locale":"es_ES","og_type":"article","og_title":"Prensa pectoral con carga de placas Evolve Prime Series - Evolve","og_url":"https:\/\/evolve-fitness.eu\/es\/producto\/prensa-pectoral-con-carga-de-placas-evolve-prime-series\/","og_site_name":"Evolve","article_publisher":"https:\/\/www.facebook.com\/EvolveFitnessEurope","article_modified_time":"2025-02-12T12:04:08+00:00","og_image":[{"width":1890,"height":1890,"url":"https:\/\/evolve-fitness.eu\/wp-content\/uploads\/2024\/08\/Dizainas-be-pavadinimo-29.png","type":"image\/png"}],"twitter_card":"summary_large_image","schema":{"@context":"https:\/\/schema.org","@graph":[{"@type":"WebPage","@id":"https:\/\/evolve-fitness.eu\/es\/producto\/prensa-pectoral-con-carga-de-placas-evolve-prime-series\/","url":"https:\/\/evolve-fitness.eu\/es\/producto\/prensa-pectoral-con-carga-de-placas-evolve-prime-series\/","name":"Prensa pectoral con carga de placas Evolve Prime Series - Evolve","isPartOf":{"@id":"https:\/\/evolve-fitness.eu\/es\/#website"},"primaryImageOfPage":{"@id":"https:\/\/evolve-fitness.eu\/es\/producto\/prensa-pectoral-con-carga-de-placas-evolve-prime-series\/#primaryimage"},"image":{"@id":"https:\/\/evolve-fitness.eu\/es\/producto\/prensa-pectoral-con-carga-de-placas-evolve-prime-series\/#primaryimage"},"thumbnailUrl":"https:\/\/evolve-fitness.eu\/wp-content\/uploads\/2024\/08\/EV-PL-PR-004-Evolve-Prime-Series-Plate-Loaded-Chest-Press-scaled.png","datePublished":"2024-08-01T10:53:40+00:00","dateModified":"2025-02-12T12:04:08+00:00","breadcrumb":{"@id":"https:\/\/evolve-fitness.eu\/es\/producto\/prensa-pectoral-con-carga-de-placas-evolve-prime-series\/#breadcrumb"},"inLanguage":"es","potentialAction":[{"@type":"ReadAction","target":["https:\/\/evolve-fitness.eu\/es\/producto\/prensa-pectoral-con-carga-de-placas-evolve-prime-series\/"]}]},{"@type":"ImageObject","inLanguage":"es","@id":"https:\/\/evolve-fitness.eu\/es\/producto\/prensa-pectoral-con-carga-de-placas-evolve-prime-series\/#primaryimage","url":"https:\/\/evolve-fitness.eu\/wp-content\/uploads\/2024\/08\/EV-PL-PR-004-Evolve-Prime-Series-Plate-Loaded-Chest-Press-scaled.png","contentUrl":"https:\/\/evolve-fitness.eu\/wp-content\/uploads\/2024\/08\/EV-PL-PR-004-Evolve-Prime-Series-Plate-Loaded-Chest-Press-scaled.png","width":2560,"height":2560},{"@type":"BreadcrumbList","@id":"https:\/\/evolve-fitness.eu\/es\/producto\/prensa-pectoral-con-carga-de-placas-evolve-prime-series\/#breadcrumb","itemListElement":[{"@type":"ListItem","position":1,"name":"Home","item":"https:\/\/evolve-fitness.eu\/es\/"},{"@type":"ListItem","position":2,"name":"Productos","item":"https:\/\/evolve-fitness.eu\/es\/shop\/"},{"@type":"ListItem","position":3,"name":"Prensa pectoral con carga de placas Evolve Prime Series"}]},{"@type":"WebSite","@id":"https:\/\/evolve-fitness.eu\/es\/#website","url":"https:\/\/evolve-fitness.eu\/es\/","name":"Evolve","description":"Your Evolved Gear Arrived","publisher":{"@id":"https:\/\/evolve-fitness.eu\/es\/#organization"},"potentialAction":[{"@type":"SearchAction","target":{"@type":"EntryPoint","urlTemplate":"https:\/\/evolve-fitness.eu\/es\/?s={search_term_string}"},"query-input":{"@type":"PropertyValueSpecification","valueRequired":true,"valueName":"search_term_string"}}],"inLanguage":"es"},{"@type":"Organization","@id":"https:\/\/evolve-fitness.eu\/es\/#organization","name":"Evolve","url":"https:\/\/evolve-fitness.eu\/es\/","logo":{"@type":"ImageObject","inLanguage":"es","@id":"https:\/\/evolve-fitness.eu\/es\/#\/schema\/logo\/image\/","url":"https:\/\/evolve-fitness.eu\/wp-content\/uploads\/2023\/05\/Evolve-logo.svg","contentUrl":"https:\/\/evolve-fitness.eu\/wp-content\/uploads\/2023\/05\/Evolve-logo.svg","width":176,"height":20,"caption":"Evolve"},"image":{"@id":"https:\/\/evolve-fitness.eu\/es\/#\/schema\/logo\/image\/"},"sameAs":["https:\/\/www.facebook.com\/EvolveFitnessEurope"]}]}},"_links":{"self":[{"href":"https:\/\/evolve-fitness.eu\/es\/wp-json\/wp\/v2\/product\/151321","targetHints":{"allow":["GET"]}}],"collection":[{"href":"https:\/\/evolve-fitness.eu\/es\/wp-json\/wp\/v2\/product"}],"about":[{"href":"https:\/\/evolve-fitness.eu\/es\/wp-json\/wp\/v2\/types\/product"}],"wp:featuredmedia":[{"embeddable":true,"href":"https:\/\/evolve-fitness.eu\/es\/wp-json\/wp\/v2\/media\/194618"}],"wp:attachment":[{"href":"https:\/\/evolve-fitness.eu\/es\/wp-json\/wp\/v2\/media?parent=151321"}],"wp:term":[{"taxonomy":"product_brand","embeddable":true,"href":"https:\/\/evolve-fitness.eu\/es\/wp-json\/wp\/v2\/product_brand?post=151321"},{"taxonomy":"product_cat","embeddable":true,"href":"https:\/\/evolve-fitness.eu\/es\/wp-json\/wp\/v2\/product_cat?post=151321"},{"taxonomy":"product_tag","embeddable":true,"href":"https:\/\/evolve-fitness.eu\/es\/wp-json\/wp\/v2\/product_tag?post=151321"}],"curies":[{"name":"wp","href":"https:\/\/api.w.org\/{rel}","templated":true}]}}