{"id":157141,"date":"2024-10-09T08:37:26","date_gmt":"2024-10-09T08:37:26","guid":{"rendered":"https:\/\/evolve-fitness.eu\/product\/prensa-pectoral-ancha-con-carga-de-placas-evolve-prime-series\/"},"modified":"2025-02-12T11:22:46","modified_gmt":"2025-02-12T11:22:46","slug":"prensa-pectoral-ancha-con-carga-de-placas-evolve-prime-series","status":"publish","type":"product","link":"https:\/\/evolve-fitness.eu\/es\/producto\/prensa-pectoral-ancha-con-carga-de-placas-evolve-prime-series\/","title":{"rendered":"Prensa pectoral ancha con carga de placas Evolve Prime Series"},"content":{"rendered":"\n<section class=\"wp-block-group alignfull has-lightgray-background-color has-background is-layout-constrained wp-block-group-is-layout-constrained\">\n<div class=\"wp-block-columns alignwide is-layout-flex wp-container-core-columns-is-layout-2edb0647 wp-block-columns-is-layout-flex\" style=\"margin-top:0;margin-bottom:0\">\n<div class=\"wp-block-column is-layout-flow wp-block-column-is-layout-flow\" style=\"flex-basis:33.33%\"><\/div>\n\n\n\n<div class=\"wp-block-column is-layout-flow wp-block-column-is-layout-flow\" style=\"flex-basis:66.66%\"><\/div>\n<\/div>\n<\/section>\n\n<section class=\"wp-block-group alignfull black-content has-white-color has-darkgray-background-color has-text-color has-background is-layout-constrained wp-block-group-is-layout-constrained\" style=\"padding-top:var(--wp--preset--spacing--section-bottom);padding-bottom:var(--wp--preset--spacing--section-bottom)\">\n<h3 class=\"wp-block-heading has-text-align-center\"><strong><strong>EVOLVE SERIE PRIME CARGADA CON PLACAS<\/strong><\/strong><\/h3>\n\n\n\n<p>Con la serie Evolve Plate Loaded Prime, la excelencia es la norma.\nEleva tu entrenamiento de fuerza con m\u00e1quinas dise\u00f1adas para ofrecer comodidad, durabilidad y rendimiento.\nExplora hoy toda la l\u00ednea y redefine tu camino hacia el fitness.  <\/p>\n\n\n\n<section class=\"wp-block-group alignfull black-content has-white-color has-darkgray-background-color has-text-color has-background is-layout-constrained wp-block-group-is-layout-constrained\" style=\"padding-top:var(--wp--preset--spacing--section-bottom);padding-bottom:var(--wp--preset--spacing--section-bottom)\">\n<div class=\"wp-block-columns alignwide mobile-reverse is-layout-flex wp-container-core-columns-is-layout-ca64bf2d wp-block-columns-is-layout-flex\" style=\"margin-bottom:var(--wp--preset--spacing--side-padding)\">\n<div class=\"wp-block-column is-vertically-aligned-center is-layout-flow wp-block-column-is-layout-flow\">\n<h3 class=\"wp-block-heading\" style=\"margin-bottom:var(--wp--preset--spacing--h-3-bottom)\"><strong><strong><strong>Dise\u00f1o innovador para el m\u00e1ximo desarrollo del pecho<\/strong><\/strong><\/strong><\/h3>\n\n\n\n<p style=\"margin-bottom:var(--wp--preset--spacing--tb-section-padding)\">La prensa pectoral ancha con placas de la serie Evolve Prime est\u00e1 dise\u00f1ada para entrenar la parte superior del cuerpo, centr\u00e1ndose en los m\u00fasculos pectorales con precisi\u00f3n y eficacia. Sus empu\u00f1aduras ergon\u00f3micas de agarre ancho garantizan una trayectoria de movimiento natural que estimula los m\u00fasculos pectorales al tiempo que reduce la tensi\u00f3n en los hombros y las articulaciones. El dise\u00f1o con placas permite ajustar la resistencia, por lo que es ideal para usuarios de todos los niveles de forma f\u00edsica. Este robusto aparato tiene un armaz\u00f3n resistente con acolchado de primera calidad para ofrecer comodidad y durabilidad, lo que permite realizar entrenamientos intensos en el gimnasio o en casa.   <\/p>\n\n\n\n<h3 class=\"wp-block-heading\" style=\"margin-bottom:var(--wp--preset--spacing--h-3-bottom)\"><strong><strong><strong><strong><strong>Rendimiento y personalizaci\u00f3n mejorados<\/strong><\/strong><\/strong><\/strong><\/strong><\/h3>\n\n\n\n<p>Dise\u00f1ada para entrenadores de fuerza serios, la prensa pectoral Evolve Prime Series ofrece la libertad de personalizar la resistencia en funci\u00f3n de las necesidades individuales. El respaldo en \u00e1ngulo y el asiento ajustable garantizan una alineaci\u00f3n adecuada, ayudando a los usuarios a mantener una postura \u00f3ptima para un compromiso muscular espec\u00edfico y mejores resultados. Este equipo est\u00e1 construido con materiales de calidad comercial, que ofrecen una estabilidad y longevidad superiores incluso con un uso frecuente. Tanto si buscas aumentar la masa muscular como tonificar el pecho, la perfecta funcionalidad de esta m\u00e1quina, combinada con su moderna est\u00e9tica, la convierte en un complemento esencial para cualquier entorno de fitness.   <\/p>\n<\/div>\n\n\n\n<div class=\"wp-block-column is-vertically-aligned-center is-layout-flow wp-block-column-is-layout-flow\">\n<figure class=\"wp-block-image size-large is-resized is-style-rounded\"><img loading=\"lazy\" decoding=\"async\" width=\"1024\" height=\"1024\" src=\"https:\/\/evolve-fitness.eu\/wp-content\/uploads\/2024\/10\/EV-PL-PR-007-Evolve-Prime-Series-Plate-Loaded-Wide-Chest-Press-1024x1024.jpg\" alt=\"EV-PL-PR-007\" class=\"wp-image-157058\" style=\"width:643px;height:706px\" srcset=\"https:\/\/evolve-fitness.eu\/wp-content\/uploads\/2024\/10\/EV-PL-PR-007-Evolve-Prime-Series-Plate-Loaded-Wide-Chest-Press-1024x1024.jpg 1024w, https:\/\/evolve-fitness.eu\/wp-content\/uploads\/2024\/10\/EV-PL-PR-007-Evolve-Prime-Series-Plate-Loaded-Wide-Chest-Press-300x300.jpg 300w, https:\/\/evolve-fitness.eu\/wp-content\/uploads\/2024\/10\/EV-PL-PR-007-Evolve-Prime-Series-Plate-Loaded-Wide-Chest-Press-150x150.jpg 150w, https:\/\/evolve-fitness.eu\/wp-content\/uploads\/2024\/10\/EV-PL-PR-007-Evolve-Prime-Series-Plate-Loaded-Wide-Chest-Press-768x768.jpg 768w, https:\/\/evolve-fitness.eu\/wp-content\/uploads\/2024\/10\/EV-PL-PR-007-Evolve-Prime-Series-Plate-Loaded-Wide-Chest-Press-1536x1536.jpg 1536w, https:\/\/evolve-fitness.eu\/wp-content\/uploads\/2024\/10\/EV-PL-PR-007-Evolve-Prime-Series-Plate-Loaded-Wide-Chest-Press-600x600.jpg 600w, https:\/\/evolve-fitness.eu\/wp-content\/uploads\/2024\/10\/EV-PL-PR-007-Evolve-Prime-Series-Plate-Loaded-Wide-Chest-Press.jpg 1687w\" sizes=\"auto, (max-width: 1024px) 100vw, 1024px\" \/><\/figure>\n<\/div>\n<\/div>\n<\/section>\n<\/section>\n","protected":false},"excerpt":{"rendered":"<p>La prensa pectoral ancha cargada con placas de la serie Evolve Prime est\u00e1 dise\u00f1ada para fortalecer la parte superior del cuerpo, centr\u00e1ndose en los m\u00fasculos pectorales con un sistema de empu\u00f1adura ergon\u00f3mica de agarre ancho. Su resistencia ajustable cargada con placas la hace adecuada para todos los niveles de forma f\u00edsica. Construida pensando en la durabilidad, cuenta con un robusto armaz\u00f3n met\u00e1lico, acolchado de primera calidad y un asiento ajustable para una comodidad y un rendimiento \u00f3ptimos. El dise\u00f1o compacto de esta m\u00e1quina permite su uso tanto en casa como en el gimnasio, garantizando un compromiso muscular espec\u00edfico y una postura mejorada durante los entrenamientos.   <\/p>\n","protected":false},"featured_media":192429,"template":"","meta":{"_acf_changed":false,"inline_featured_image":false},"product_brand":[],"product_cat":[2949,5439],"product_tag":[],"class_list":{"0":"post-157141","1":"product","2":"type-product","3":"status-publish","4":"has-post-thumbnail","6":"product_cat-maquinas-de-carga-de-placas","7":"product_cat-prime-series-placa-cargada","9":"first","10":"instock","11":"shipping-taxable","12":"purchasable","13":"product-type-simple"},"acf":{"long_title":"Prensa pectoral ancha con carga de placas Evolve Prime Series","subtitle":"","specifications":[{"label":"SKU","text_value":"EV-PL-PR-007","icon":"x"},{"label":"Longitud","text_value":"1180 mm","icon":"x"},{"label":"Anchura","text_value":"2000 mm","icon":"x"},{"label":"Altura","text_value":"1720 mm","icon":"x"},{"label":"Peso","text_value":"158,5 kg","icon":"v"},{"label":"Peso m\u00e1ximo del usuario","text_value":"180 kg","icon":"v"},{"label":"Almacenamiento del plato de pesas","text_value":"","icon":"v"},{"label":"Protectores de suelo duraderos","text_value":"","icon":"v"},{"label":"Construcci\u00f3n met\u00e1lica","text_value":"","icon":"v"},{"label":"Personalice los colores de la estructura y la tapicer\u00eda","text_value":"","icon":"x"},{"label":"Tapicer\u00eda gruesa","text_value":"2 a\u00f1os","icon":"x"}]},"yoast_head":"<!-- This site is optimized with the Yoast SEO plugin v26.6 - https:\/\/yoast.com\/wordpress\/plugins\/seo\/ -->\n<title>Prensa pectoral ancha con carga de placas Evolve Prime Series - Evolve<\/title>\n<meta name=\"robots\" content=\"index, follow, max-snippet:-1, max-image-preview:large, max-video-preview:-1\" \/>\n<link rel=\"canonical\" href=\"https:\/\/evolve-fitness.eu\/es\/producto\/prensa-pectoral-ancha-con-carga-de-placas-evolve-prime-series\/\" \/>\n<meta property=\"og:locale\" content=\"es_ES\" \/>\n<meta property=\"og:type\" content=\"article\" \/>\n<meta property=\"og:title\" content=\"Prensa pectoral ancha con carga de placas Evolve Prime Series - Evolve\" \/>\n<meta property=\"og:url\" content=\"https:\/\/evolve-fitness.eu\/es\/producto\/prensa-pectoral-ancha-con-carga-de-placas-evolve-prime-series\/\" \/>\n<meta property=\"og:site_name\" content=\"Evolve\" \/>\n<meta property=\"article:publisher\" content=\"https:\/\/www.facebook.com\/EvolveFitnessEurope\" \/>\n<meta property=\"article:modified_time\" content=\"2025-02-12T11:22:46+00:00\" \/>\n<meta property=\"og:image\" content=\"https:\/\/evolve-fitness.eu\/wp-content\/uploads\/2024\/10\/Dizainas-be-pavadinimo-32.png\" \/>\n\t<meta property=\"og:image:width\" content=\"2565\" \/>\n\t<meta property=\"og:image:height\" content=\"2565\" \/>\n\t<meta property=\"og:image:type\" content=\"image\/png\" \/>\n<meta name=\"twitter:card\" content=\"summary_large_image\" \/>\n<script type=\"application\/ld+json\" class=\"yoast-schema-graph\">{\"@context\":\"https:\/\/schema.org\",\"@graph\":[{\"@type\":\"WebPage\",\"@id\":\"https:\/\/evolve-fitness.eu\/es\/producto\/prensa-pectoral-ancha-con-carga-de-placas-evolve-prime-series\/\",\"url\":\"https:\/\/evolve-fitness.eu\/es\/producto\/prensa-pectoral-ancha-con-carga-de-placas-evolve-prime-series\/\",\"name\":\"Prensa pectoral ancha con carga de placas Evolve Prime Series - Evolve\",\"isPartOf\":{\"@id\":\"https:\/\/evolve-fitness.eu\/es\/#website\"},\"primaryImageOfPage\":{\"@id\":\"https:\/\/evolve-fitness.eu\/es\/producto\/prensa-pectoral-ancha-con-carga-de-placas-evolve-prime-series\/#primaryimage\"},\"image\":{\"@id\":\"https:\/\/evolve-fitness.eu\/es\/producto\/prensa-pectoral-ancha-con-carga-de-placas-evolve-prime-series\/#primaryimage\"},\"thumbnailUrl\":\"https:\/\/evolve-fitness.eu\/wp-content\/uploads\/2024\/10\/EV-PL-PR-007-Evolve-Prime-Series-Plate-Loaded-Wide-Chest-Press.png\",\"datePublished\":\"2024-10-09T08:37:26+00:00\",\"dateModified\":\"2025-02-12T11:22:46+00:00\",\"breadcrumb\":{\"@id\":\"https:\/\/evolve-fitness.eu\/es\/producto\/prensa-pectoral-ancha-con-carga-de-placas-evolve-prime-series\/#breadcrumb\"},\"inLanguage\":\"es\",\"potentialAction\":[{\"@type\":\"ReadAction\",\"target\":[\"https:\/\/evolve-fitness.eu\/es\/producto\/prensa-pectoral-ancha-con-carga-de-placas-evolve-prime-series\/\"]}]},{\"@type\":\"ImageObject\",\"inLanguage\":\"es\",\"@id\":\"https:\/\/evolve-fitness.eu\/es\/producto\/prensa-pectoral-ancha-con-carga-de-placas-evolve-prime-series\/#primaryimage\",\"url\":\"https:\/\/evolve-fitness.eu\/wp-content\/uploads\/2024\/10\/EV-PL-PR-007-Evolve-Prime-Series-Plate-Loaded-Wide-Chest-Press.png\",\"contentUrl\":\"https:\/\/evolve-fitness.eu\/wp-content\/uploads\/2024\/10\/EV-PL-PR-007-Evolve-Prime-Series-Plate-Loaded-Wide-Chest-Press.png\",\"width\":3000,\"height\":3000},{\"@type\":\"BreadcrumbList\",\"@id\":\"https:\/\/evolve-fitness.eu\/es\/producto\/prensa-pectoral-ancha-con-carga-de-placas-evolve-prime-series\/#breadcrumb\",\"itemListElement\":[{\"@type\":\"ListItem\",\"position\":1,\"name\":\"Home\",\"item\":\"https:\/\/evolve-fitness.eu\/es\/\"},{\"@type\":\"ListItem\",\"position\":2,\"name\":\"Productos\",\"item\":\"https:\/\/evolve-fitness.eu\/es\/shop\/\"},{\"@type\":\"ListItem\",\"position\":3,\"name\":\"Prensa pectoral ancha con carga de placas Evolve Prime Series\"}]},{\"@type\":\"WebSite\",\"@id\":\"https:\/\/evolve-fitness.eu\/es\/#website\",\"url\":\"https:\/\/evolve-fitness.eu\/es\/\",\"name\":\"Evolve\",\"description\":\"Your Evolved Gear Arrived\",\"publisher\":{\"@id\":\"https:\/\/evolve-fitness.eu\/es\/#organization\"},\"potentialAction\":[{\"@type\":\"SearchAction\",\"target\":{\"@type\":\"EntryPoint\",\"urlTemplate\":\"https:\/\/evolve-fitness.eu\/es\/?s={search_term_string}\"},\"query-input\":{\"@type\":\"PropertyValueSpecification\",\"valueRequired\":true,\"valueName\":\"search_term_string\"}}],\"inLanguage\":\"es\"},{\"@type\":\"Organization\",\"@id\":\"https:\/\/evolve-fitness.eu\/es\/#organization\",\"name\":\"Evolve\",\"url\":\"https:\/\/evolve-fitness.eu\/es\/\",\"logo\":{\"@type\":\"ImageObject\",\"inLanguage\":\"es\",\"@id\":\"https:\/\/evolve-fitness.eu\/es\/#\/schema\/logo\/image\/\",\"url\":\"https:\/\/evolve-fitness.eu\/wp-content\/uploads\/2023\/05\/Evolve-logo.svg\",\"contentUrl\":\"https:\/\/evolve-fitness.eu\/wp-content\/uploads\/2023\/05\/Evolve-logo.svg\",\"width\":176,\"height\":20,\"caption\":\"Evolve\"},\"image\":{\"@id\":\"https:\/\/evolve-fitness.eu\/es\/#\/schema\/logo\/image\/\"},\"sameAs\":[\"https:\/\/www.facebook.com\/EvolveFitnessEurope\"]}]}<\/script>\n<!-- \/ Yoast SEO plugin. -->","yoast_head_json":{"title":"Prensa pectoral ancha con carga de placas Evolve Prime Series - Evolve","robots":{"index":"index","follow":"follow","max-snippet":"max-snippet:-1","max-image-preview":"max-image-preview:large","max-video-preview":"max-video-preview:-1"},"canonical":"https:\/\/evolve-fitness.eu\/es\/producto\/prensa-pectoral-ancha-con-carga-de-placas-evolve-prime-series\/","og_locale":"es_ES","og_type":"article","og_title":"Prensa pectoral ancha con carga de placas Evolve Prime Series - Evolve","og_url":"https:\/\/evolve-fitness.eu\/es\/producto\/prensa-pectoral-ancha-con-carga-de-placas-evolve-prime-series\/","og_site_name":"Evolve","article_publisher":"https:\/\/www.facebook.com\/EvolveFitnessEurope","article_modified_time":"2025-02-12T11:22:46+00:00","og_image":[{"width":2565,"height":2565,"url":"https:\/\/evolve-fitness.eu\/wp-content\/uploads\/2024\/10\/Dizainas-be-pavadinimo-32.png","type":"image\/png"}],"twitter_card":"summary_large_image","schema":{"@context":"https:\/\/schema.org","@graph":[{"@type":"WebPage","@id":"https:\/\/evolve-fitness.eu\/es\/producto\/prensa-pectoral-ancha-con-carga-de-placas-evolve-prime-series\/","url":"https:\/\/evolve-fitness.eu\/es\/producto\/prensa-pectoral-ancha-con-carga-de-placas-evolve-prime-series\/","name":"Prensa pectoral ancha con carga de placas Evolve Prime Series - Evolve","isPartOf":{"@id":"https:\/\/evolve-fitness.eu\/es\/#website"},"primaryImageOfPage":{"@id":"https:\/\/evolve-fitness.eu\/es\/producto\/prensa-pectoral-ancha-con-carga-de-placas-evolve-prime-series\/#primaryimage"},"image":{"@id":"https:\/\/evolve-fitness.eu\/es\/producto\/prensa-pectoral-ancha-con-carga-de-placas-evolve-prime-series\/#primaryimage"},"thumbnailUrl":"https:\/\/evolve-fitness.eu\/wp-content\/uploads\/2024\/10\/EV-PL-PR-007-Evolve-Prime-Series-Plate-Loaded-Wide-Chest-Press.png","datePublished":"2024-10-09T08:37:26+00:00","dateModified":"2025-02-12T11:22:46+00:00","breadcrumb":{"@id":"https:\/\/evolve-fitness.eu\/es\/producto\/prensa-pectoral-ancha-con-carga-de-placas-evolve-prime-series\/#breadcrumb"},"inLanguage":"es","potentialAction":[{"@type":"ReadAction","target":["https:\/\/evolve-fitness.eu\/es\/producto\/prensa-pectoral-ancha-con-carga-de-placas-evolve-prime-series\/"]}]},{"@type":"ImageObject","inLanguage":"es","@id":"https:\/\/evolve-fitness.eu\/es\/producto\/prensa-pectoral-ancha-con-carga-de-placas-evolve-prime-series\/#primaryimage","url":"https:\/\/evolve-fitness.eu\/wp-content\/uploads\/2024\/10\/EV-PL-PR-007-Evolve-Prime-Series-Plate-Loaded-Wide-Chest-Press.png","contentUrl":"https:\/\/evolve-fitness.eu\/wp-content\/uploads\/2024\/10\/EV-PL-PR-007-Evolve-Prime-Series-Plate-Loaded-Wide-Chest-Press.png","width":3000,"height":3000},{"@type":"BreadcrumbList","@id":"https:\/\/evolve-fitness.eu\/es\/producto\/prensa-pectoral-ancha-con-carga-de-placas-evolve-prime-series\/#breadcrumb","itemListElement":[{"@type":"ListItem","position":1,"name":"Home","item":"https:\/\/evolve-fitness.eu\/es\/"},{"@type":"ListItem","position":2,"name":"Productos","item":"https:\/\/evolve-fitness.eu\/es\/shop\/"},{"@type":"ListItem","position":3,"name":"Prensa pectoral ancha con carga de placas Evolve Prime Series"}]},{"@type":"WebSite","@id":"https:\/\/evolve-fitness.eu\/es\/#website","url":"https:\/\/evolve-fitness.eu\/es\/","name":"Evolve","description":"Your Evolved Gear Arrived","publisher":{"@id":"https:\/\/evolve-fitness.eu\/es\/#organization"},"potentialAction":[{"@type":"SearchAction","target":{"@type":"EntryPoint","urlTemplate":"https:\/\/evolve-fitness.eu\/es\/?s={search_term_string}"},"query-input":{"@type":"PropertyValueSpecification","valueRequired":true,"valueName":"search_term_string"}}],"inLanguage":"es"},{"@type":"Organization","@id":"https:\/\/evolve-fitness.eu\/es\/#organization","name":"Evolve","url":"https:\/\/evolve-fitness.eu\/es\/","logo":{"@type":"ImageObject","inLanguage":"es","@id":"https:\/\/evolve-fitness.eu\/es\/#\/schema\/logo\/image\/","url":"https:\/\/evolve-fitness.eu\/wp-content\/uploads\/2023\/05\/Evolve-logo.svg","contentUrl":"https:\/\/evolve-fitness.eu\/wp-content\/uploads\/2023\/05\/Evolve-logo.svg","width":176,"height":20,"caption":"Evolve"},"image":{"@id":"https:\/\/evolve-fitness.eu\/es\/#\/schema\/logo\/image\/"},"sameAs":["https:\/\/www.facebook.com\/EvolveFitnessEurope"]}]}},"_links":{"self":[{"href":"https:\/\/evolve-fitness.eu\/es\/wp-json\/wp\/v2\/product\/157141","targetHints":{"allow":["GET"]}}],"collection":[{"href":"https:\/\/evolve-fitness.eu\/es\/wp-json\/wp\/v2\/product"}],"about":[{"href":"https:\/\/evolve-fitness.eu\/es\/wp-json\/wp\/v2\/types\/product"}],"wp:featuredmedia":[{"embeddable":true,"href":"https:\/\/evolve-fitness.eu\/es\/wp-json\/wp\/v2\/media\/192429"}],"wp:attachment":[{"href":"https:\/\/evolve-fitness.eu\/es\/wp-json\/wp\/v2\/media?parent=157141"}],"wp:term":[{"taxonomy":"product_brand","embeddable":true,"href":"https:\/\/evolve-fitness.eu\/es\/wp-json\/wp\/v2\/product_brand?post=157141"},{"taxonomy":"product_cat","embeddable":true,"href":"https:\/\/evolve-fitness.eu\/es\/wp-json\/wp\/v2\/product_cat?post=157141"},{"taxonomy":"product_tag","embeddable":true,"href":"https:\/\/evolve-fitness.eu\/es\/wp-json\/wp\/v2\/product_tag?post=157141"}],"curies":[{"name":"wp","href":"https:\/\/api.w.org\/{rel}","templated":true}]}}