{"id":157156,"date":"2024-10-09T08:37:13","date_gmt":"2024-10-09T08:37:13","guid":{"rendered":"https:\/\/evolve-fitness.eu\/product\/evolve-prime-series-press-de-pecho-con-placa-y-tiron-lat-hacia-abajo-2\/"},"modified":"2025-02-12T11:22:21","modified_gmt":"2025-02-12T11:22:21","slug":"evolve-prime-series-press-de-pecho-con-placa-y-tiron-lat-hacia-abajo-2","status":"publish","type":"product","link":"https:\/\/evolve-fitness.eu\/es\/producto\/evolve-prime-series-press-de-pecho-con-placa-y-tiron-lat-hacia-abajo-2\/","title":{"rendered":"Evolve Prime Series Press de Pecho con Placa y Tir\u00f3n Lat Hacia Abajo"},"content":{"rendered":"\n<section class=\"wp-block-group alignfull has-lightgray-background-color has-background is-layout-constrained wp-block-group-is-layout-constrained\">\n<div class=\"wp-block-columns alignwide is-layout-flex wp-container-core-columns-is-layout-2edb0647 wp-block-columns-is-layout-flex\" style=\"margin-top:0;margin-bottom:0\">\n<div class=\"wp-block-column is-layout-flow wp-block-column-is-layout-flow\" style=\"flex-basis:33.33%\"><\/div>\n\n\n\n<div class=\"wp-block-column is-layout-flow wp-block-column-is-layout-flow\" style=\"flex-basis:66.66%\"><\/div>\n<\/div>\n<\/section>\n\n<section class=\"wp-block-group alignfull black-content has-white-color has-darkgray-background-color has-text-color has-background is-layout-constrained wp-block-group-is-layout-constrained\" style=\"padding-top:var(--wp--preset--spacing--section-bottom);padding-bottom:var(--wp--preset--spacing--section-bottom)\">\n<h3 class=\"wp-block-heading has-text-align-center\"><strong><strong>EVOLVE SERIE PRIME CARGADA CON PLACAS<\/strong><\/strong><\/h3>\n\n\n\n<p>Con la serie Evolve Plate Loaded Prime, la excelencia es la norma.\nEleva tu entrenamiento de fuerza con m\u00e1quinas dise\u00f1adas para ofrecer comodidad, durabilidad y rendimiento.\nExplora hoy toda la l\u00ednea y redefine tu camino hacia el fitness.  <\/p>\n\n\n\n<section class=\"wp-block-group alignfull black-content has-white-color has-darkgray-background-color has-text-color has-background is-layout-constrained wp-block-group-is-layout-constrained\" style=\"padding-top:var(--wp--preset--spacing--section-bottom);padding-bottom:var(--wp--preset--spacing--section-bottom)\">\n<div class=\"wp-block-columns alignwide mobile-reverse is-layout-flex wp-container-core-columns-is-layout-ca64bf2d wp-block-columns-is-layout-flex\" style=\"margin-bottom:var(--wp--preset--spacing--side-padding)\">\n<div class=\"wp-block-column is-vertically-aligned-center is-layout-flow wp-block-column-is-layout-flow\">\n<h3 class=\"wp-block-heading\" style=\"margin-bottom:var(--wp--preset--spacing--h-3-bottom)\"><strong><strong><strong>Doble funcionalidad vers\u00e1til<\/strong><\/strong><\/strong><\/h3>\n\n\n\n<p><strong><strong><strong><em>Para la fuerza de la parte superior del cuerpo<\/em><\/strong><\/strong><\/strong><\/p>\n\n\n\n<p style=\"margin-bottom:var(--wp--preset--spacing--tb-section-padding)\">La m\u00e1quina Evolve Prime Series de Press de Pecho con Placa y Descenso de Lats est\u00e1 dise\u00f1ada para ofrecer un entrenamiento completo de la parte superior del cuerpo, combinando dos movimientos esenciales en una sola m\u00e1quina. El press de pecho se dirige a los m\u00fasculos pectorales, al tiempo que garantiza la seguridad de las articulaciones gracias a su resistencia suave, cargada con placas, que puede ajustarse seg\u00fan los niveles de fuerza del usuario. Por su parte, la tracci\u00f3n lateral proporciona un entrenamiento completo de la espalda.  <\/p>\n\n\n\n<h3 class=\"wp-block-heading\" style=\"margin-bottom:var(--wp--preset--spacing--h-3-bottom)\"><strong><strong><strong><strong><strong>Ingenier\u00eda de precisi\u00f3n<\/strong><\/strong><\/strong><\/strong><\/strong><\/h3>\n\n\n\n<p><strong><strong><strong><strong><strong><em>Para un compromiso muscular \u00f3ptimo<\/em><\/strong><\/strong><\/strong><\/strong><\/strong><\/p>\n\n\n\n<p>Fabricado para satisfacer las demandas tanto de los profesionales como de los entusiastas del fitness dom\u00e9stico, el press de pecho y jal\u00f3n lateral Evolve Prime Series est\u00e1 equipado con empu\u00f1aduras de dise\u00f1o ergon\u00f3mico y ajustes regulables. Esto garantiza una postura y alineaci\u00f3n correctas, ayudando a los usuarios a maximizar la activaci\u00f3n muscular al tiempo que se minimiza la tensi\u00f3n en las articulaciones. El sistema de placas permite una sobrecarga progresiva, crucial para desarrollar fuerza y definici\u00f3n muscular. Fabricada con materiales comerciales de alta calidad, esta m\u00e1quina garantiza estabilidad y un rendimiento duradero, lo que la convierte en una valiosa inversi\u00f3n para cualquiera que desee mejorar su rutina de entrenamiento de fuerza de la parte superior del cuerpo.   <\/p>\n<\/div>\n\n\n\n<div class=\"wp-block-column is-vertically-aligned-center is-layout-flow wp-block-column-is-layout-flow\">\n<figure class=\"wp-block-image size-full is-resized is-style-rounded\"><img loading=\"lazy\" decoding=\"async\" width=\"838\" height=\"839\" src=\"https:\/\/evolve-fitness.eu\/wp-content\/uploads\/2024\/10\/EV-PL-PR-011-Evolve-Prime-Series-Plate-Loaded-Chest-Press-Lat-Pull-Down.jpg\" alt=\"EV-PL-PR-011\" class=\"wp-image-157083\" style=\"width:643px;height:706px\" srcset=\"https:\/\/evolve-fitness.eu\/wp-content\/uploads\/2024\/10\/EV-PL-PR-011-Evolve-Prime-Series-Plate-Loaded-Chest-Press-Lat-Pull-Down.jpg 838w, https:\/\/evolve-fitness.eu\/wp-content\/uploads\/2024\/10\/EV-PL-PR-011-Evolve-Prime-Series-Plate-Loaded-Chest-Press-Lat-Pull-Down-300x300.jpg 300w, https:\/\/evolve-fitness.eu\/wp-content\/uploads\/2024\/10\/EV-PL-PR-011-Evolve-Prime-Series-Plate-Loaded-Chest-Press-Lat-Pull-Down-150x150.jpg 150w, https:\/\/evolve-fitness.eu\/wp-content\/uploads\/2024\/10\/EV-PL-PR-011-Evolve-Prime-Series-Plate-Loaded-Chest-Press-Lat-Pull-Down-768x769.jpg 768w, https:\/\/evolve-fitness.eu\/wp-content\/uploads\/2024\/10\/EV-PL-PR-011-Evolve-Prime-Series-Plate-Loaded-Chest-Press-Lat-Pull-Down-600x601.jpg 600w\" sizes=\"auto, (max-width: 838px) 100vw, 838px\" \/><\/figure>\n<\/div>\n<\/div>\n<\/section>\n<\/section>\n","protected":false},"excerpt":{"rendered":"<p>La prensa pectoral y la m\u00e1quina de tracci\u00f3n de dorsales Evolve Prime Series es una m\u00e1quina de doble funci\u00f3n dise\u00f1ada para el entrenamiento de fuerza de la parte superior del cuerpo. Combina una prensa pectoral para el desarrollo de los m\u00fasculos pectorales con una tracci\u00f3n de los dorsales para trabajar los m\u00fasculos de la espalda. La m\u00e1quina cuenta con resistencia ajustable, empu\u00f1aduras ergon\u00f3micas y ajustes para una alineaci\u00f3n adecuada, lo que garantiza un compromiso muscular \u00f3ptimo y reduce la tensi\u00f3n articular. Construida con materiales duraderos de calidad comercial, ofrece estabilidad y longevidad tanto para el hogar como para el gimnasio.   <\/p>\n","protected":false},"featured_media":181074,"template":"","meta":{"_acf_changed":false,"inline_featured_image":false},"product_brand":[],"product_cat":[2949,5439],"product_tag":[],"class_list":{"0":"post-157156","1":"product","2":"type-product","3":"status-publish","4":"has-post-thumbnail","6":"product_cat-maquinas-de-carga-de-placas","7":"product_cat-prime-series-placa-cargada","9":"first","10":"instock","11":"shipping-taxable","12":"purchasable","13":"product-type-simple"},"acf":{"long_title":"Evolve Prime Series Press de Pecho con Placa y Tir\u00f3n Lat Hacia Abajo","subtitle":"","specifications":[{"label":"SKU","text_value":"EV-PL-PR-011","icon":"x"},{"label":"Longitud","text_value":"2150 mm","icon":"x"},{"label":"Anchura","text_value":"1690 mm","icon":"x"},{"label":"Altura","text_value":"2030 mm","icon":"x"},{"label":"Peso","text_value":"192 kg","icon":"v"},{"label":"Peso m\u00e1ximo del usuario","text_value":"180 kg","icon":"v"},{"label":"Almacenamiento del plato de pesas","text_value":"","icon":"v"},{"label":"Protectores de suelo duraderos","text_value":"","icon":"v"},{"label":"Construcci\u00f3n met\u00e1lica","text_value":"","icon":"v"},{"label":"Personalice los colores de la estructura y la tapicer\u00eda","text_value":"","icon":"v"},{"label":"Tapicer\u00eda gruesa","text_value":"","icon":"x"}]},"yoast_head":"<!-- This site is optimized with the Yoast SEO plugin v26.6 - https:\/\/yoast.com\/wordpress\/plugins\/seo\/ -->\n<title>Evolve Prime Series Press de Pecho con Placa y Tir\u00f3n Lat Hacia Abajo - Evolve<\/title>\n<meta name=\"robots\" content=\"index, follow, max-snippet:-1, max-image-preview:large, max-video-preview:-1\" \/>\n<link rel=\"canonical\" href=\"https:\/\/evolve-fitness.eu\/es\/producto\/evolve-prime-series-press-de-pecho-con-placa-y-tiron-lat-hacia-abajo-2\/\" \/>\n<meta property=\"og:locale\" content=\"es_ES\" \/>\n<meta property=\"og:type\" content=\"article\" \/>\n<meta property=\"og:title\" content=\"Evolve Prime Series Press de Pecho con Placa y Tir\u00f3n Lat Hacia Abajo - Evolve\" \/>\n<meta property=\"og:url\" content=\"https:\/\/evolve-fitness.eu\/es\/producto\/evolve-prime-series-press-de-pecho-con-placa-y-tiron-lat-hacia-abajo-2\/\" \/>\n<meta property=\"og:site_name\" content=\"Evolve\" \/>\n<meta property=\"article:publisher\" content=\"https:\/\/www.facebook.com\/EvolveFitnessEurope\" \/>\n<meta property=\"article:modified_time\" content=\"2025-02-12T11:22:21+00:00\" \/>\n<meta property=\"og:image\" content=\"https:\/\/evolve-fitness.eu\/wp-content\/uploads\/2024\/10\/Dizainas-be-pavadinimo-36-1024x1024.png\" \/>\n\t<meta property=\"og:image:width\" content=\"1024\" \/>\n\t<meta property=\"og:image:height\" content=\"1024\" \/>\n\t<meta property=\"og:image:type\" content=\"image\/png\" \/>\n<meta name=\"twitter:card\" content=\"summary_large_image\" \/>\n<script type=\"application\/ld+json\" class=\"yoast-schema-graph\">{\"@context\":\"https:\/\/schema.org\",\"@graph\":[{\"@type\":\"WebPage\",\"@id\":\"https:\/\/evolve-fitness.eu\/es\/producto\/evolve-prime-series-press-de-pecho-con-placa-y-tiron-lat-hacia-abajo-2\/\",\"url\":\"https:\/\/evolve-fitness.eu\/es\/producto\/evolve-prime-series-press-de-pecho-con-placa-y-tiron-lat-hacia-abajo-2\/\",\"name\":\"Evolve Prime Series Press de Pecho con Placa y Tir\u00f3n Lat Hacia Abajo - Evolve\",\"isPartOf\":{\"@id\":\"https:\/\/evolve-fitness.eu\/es\/#website\"},\"primaryImageOfPage\":{\"@id\":\"https:\/\/evolve-fitness.eu\/es\/producto\/evolve-prime-series-press-de-pecho-con-placa-y-tiron-lat-hacia-abajo-2\/#primaryimage\"},\"image\":{\"@id\":\"https:\/\/evolve-fitness.eu\/es\/producto\/evolve-prime-series-press-de-pecho-con-placa-y-tiron-lat-hacia-abajo-2\/#primaryimage\"},\"thumbnailUrl\":\"https:\/\/evolve-fitness.eu\/wp-content\/uploads\/2024\/10\/Dizainas-be-pavadinimo-36.png\",\"datePublished\":\"2024-10-09T08:37:13+00:00\",\"dateModified\":\"2025-02-12T11:22:21+00:00\",\"breadcrumb\":{\"@id\":\"https:\/\/evolve-fitness.eu\/es\/producto\/evolve-prime-series-press-de-pecho-con-placa-y-tiron-lat-hacia-abajo-2\/#breadcrumb\"},\"inLanguage\":\"es\",\"potentialAction\":[{\"@type\":\"ReadAction\",\"target\":[\"https:\/\/evolve-fitness.eu\/es\/producto\/evolve-prime-series-press-de-pecho-con-placa-y-tiron-lat-hacia-abajo-2\/\"]}]},{\"@type\":\"ImageObject\",\"inLanguage\":\"es\",\"@id\":\"https:\/\/evolve-fitness.eu\/es\/producto\/evolve-prime-series-press-de-pecho-con-placa-y-tiron-lat-hacia-abajo-2\/#primaryimage\",\"url\":\"https:\/\/evolve-fitness.eu\/wp-content\/uploads\/2024\/10\/Dizainas-be-pavadinimo-36.png\",\"contentUrl\":\"https:\/\/evolve-fitness.eu\/wp-content\/uploads\/2024\/10\/Dizainas-be-pavadinimo-36.png\",\"width\":3375,\"height\":3375},{\"@type\":\"BreadcrumbList\",\"@id\":\"https:\/\/evolve-fitness.eu\/es\/producto\/evolve-prime-series-press-de-pecho-con-placa-y-tiron-lat-hacia-abajo-2\/#breadcrumb\",\"itemListElement\":[{\"@type\":\"ListItem\",\"position\":1,\"name\":\"Home\",\"item\":\"https:\/\/evolve-fitness.eu\/es\/\"},{\"@type\":\"ListItem\",\"position\":2,\"name\":\"Productos\",\"item\":\"https:\/\/evolve-fitness.eu\/es\/shop\/\"},{\"@type\":\"ListItem\",\"position\":3,\"name\":\"Evolve Prime Series Press de Pecho con Placa y Tir\u00f3n Lat Hacia Abajo\"}]},{\"@type\":\"WebSite\",\"@id\":\"https:\/\/evolve-fitness.eu\/es\/#website\",\"url\":\"https:\/\/evolve-fitness.eu\/es\/\",\"name\":\"Evolve\",\"description\":\"Your Evolved Gear Arrived\",\"publisher\":{\"@id\":\"https:\/\/evolve-fitness.eu\/es\/#organization\"},\"potentialAction\":[{\"@type\":\"SearchAction\",\"target\":{\"@type\":\"EntryPoint\",\"urlTemplate\":\"https:\/\/evolve-fitness.eu\/es\/?s={search_term_string}\"},\"query-input\":{\"@type\":\"PropertyValueSpecification\",\"valueRequired\":true,\"valueName\":\"search_term_string\"}}],\"inLanguage\":\"es\"},{\"@type\":\"Organization\",\"@id\":\"https:\/\/evolve-fitness.eu\/es\/#organization\",\"name\":\"Evolve\",\"url\":\"https:\/\/evolve-fitness.eu\/es\/\",\"logo\":{\"@type\":\"ImageObject\",\"inLanguage\":\"es\",\"@id\":\"https:\/\/evolve-fitness.eu\/es\/#\/schema\/logo\/image\/\",\"url\":\"https:\/\/evolve-fitness.eu\/wp-content\/uploads\/2023\/05\/Evolve-logo.svg\",\"contentUrl\":\"https:\/\/evolve-fitness.eu\/wp-content\/uploads\/2023\/05\/Evolve-logo.svg\",\"width\":176,\"height\":20,\"caption\":\"Evolve\"},\"image\":{\"@id\":\"https:\/\/evolve-fitness.eu\/es\/#\/schema\/logo\/image\/\"},\"sameAs\":[\"https:\/\/www.facebook.com\/EvolveFitnessEurope\"]}]}<\/script>\n<!-- \/ Yoast SEO plugin. -->","yoast_head_json":{"title":"Evolve Prime Series Press de Pecho con Placa y Tir\u00f3n Lat Hacia Abajo - Evolve","robots":{"index":"index","follow":"follow","max-snippet":"max-snippet:-1","max-image-preview":"max-image-preview:large","max-video-preview":"max-video-preview:-1"},"canonical":"https:\/\/evolve-fitness.eu\/es\/producto\/evolve-prime-series-press-de-pecho-con-placa-y-tiron-lat-hacia-abajo-2\/","og_locale":"es_ES","og_type":"article","og_title":"Evolve Prime Series Press de Pecho con Placa y Tir\u00f3n Lat Hacia Abajo - Evolve","og_url":"https:\/\/evolve-fitness.eu\/es\/producto\/evolve-prime-series-press-de-pecho-con-placa-y-tiron-lat-hacia-abajo-2\/","og_site_name":"Evolve","article_publisher":"https:\/\/www.facebook.com\/EvolveFitnessEurope","article_modified_time":"2025-02-12T11:22:21+00:00","og_image":[{"width":1024,"height":1024,"url":"https:\/\/evolve-fitness.eu\/wp-content\/uploads\/2024\/10\/Dizainas-be-pavadinimo-36-1024x1024.png","type":"image\/png"}],"twitter_card":"summary_large_image","schema":{"@context":"https:\/\/schema.org","@graph":[{"@type":"WebPage","@id":"https:\/\/evolve-fitness.eu\/es\/producto\/evolve-prime-series-press-de-pecho-con-placa-y-tiron-lat-hacia-abajo-2\/","url":"https:\/\/evolve-fitness.eu\/es\/producto\/evolve-prime-series-press-de-pecho-con-placa-y-tiron-lat-hacia-abajo-2\/","name":"Evolve Prime Series Press de Pecho con Placa y Tir\u00f3n Lat Hacia Abajo - Evolve","isPartOf":{"@id":"https:\/\/evolve-fitness.eu\/es\/#website"},"primaryImageOfPage":{"@id":"https:\/\/evolve-fitness.eu\/es\/producto\/evolve-prime-series-press-de-pecho-con-placa-y-tiron-lat-hacia-abajo-2\/#primaryimage"},"image":{"@id":"https:\/\/evolve-fitness.eu\/es\/producto\/evolve-prime-series-press-de-pecho-con-placa-y-tiron-lat-hacia-abajo-2\/#primaryimage"},"thumbnailUrl":"https:\/\/evolve-fitness.eu\/wp-content\/uploads\/2024\/10\/Dizainas-be-pavadinimo-36.png","datePublished":"2024-10-09T08:37:13+00:00","dateModified":"2025-02-12T11:22:21+00:00","breadcrumb":{"@id":"https:\/\/evolve-fitness.eu\/es\/producto\/evolve-prime-series-press-de-pecho-con-placa-y-tiron-lat-hacia-abajo-2\/#breadcrumb"},"inLanguage":"es","potentialAction":[{"@type":"ReadAction","target":["https:\/\/evolve-fitness.eu\/es\/producto\/evolve-prime-series-press-de-pecho-con-placa-y-tiron-lat-hacia-abajo-2\/"]}]},{"@type":"ImageObject","inLanguage":"es","@id":"https:\/\/evolve-fitness.eu\/es\/producto\/evolve-prime-series-press-de-pecho-con-placa-y-tiron-lat-hacia-abajo-2\/#primaryimage","url":"https:\/\/evolve-fitness.eu\/wp-content\/uploads\/2024\/10\/Dizainas-be-pavadinimo-36.png","contentUrl":"https:\/\/evolve-fitness.eu\/wp-content\/uploads\/2024\/10\/Dizainas-be-pavadinimo-36.png","width":3375,"height":3375},{"@type":"BreadcrumbList","@id":"https:\/\/evolve-fitness.eu\/es\/producto\/evolve-prime-series-press-de-pecho-con-placa-y-tiron-lat-hacia-abajo-2\/#breadcrumb","itemListElement":[{"@type":"ListItem","position":1,"name":"Home","item":"https:\/\/evolve-fitness.eu\/es\/"},{"@type":"ListItem","position":2,"name":"Productos","item":"https:\/\/evolve-fitness.eu\/es\/shop\/"},{"@type":"ListItem","position":3,"name":"Evolve Prime Series Press de Pecho con Placa y Tir\u00f3n Lat Hacia Abajo"}]},{"@type":"WebSite","@id":"https:\/\/evolve-fitness.eu\/es\/#website","url":"https:\/\/evolve-fitness.eu\/es\/","name":"Evolve","description":"Your Evolved Gear Arrived","publisher":{"@id":"https:\/\/evolve-fitness.eu\/es\/#organization"},"potentialAction":[{"@type":"SearchAction","target":{"@type":"EntryPoint","urlTemplate":"https:\/\/evolve-fitness.eu\/es\/?s={search_term_string}"},"query-input":{"@type":"PropertyValueSpecification","valueRequired":true,"valueName":"search_term_string"}}],"inLanguage":"es"},{"@type":"Organization","@id":"https:\/\/evolve-fitness.eu\/es\/#organization","name":"Evolve","url":"https:\/\/evolve-fitness.eu\/es\/","logo":{"@type":"ImageObject","inLanguage":"es","@id":"https:\/\/evolve-fitness.eu\/es\/#\/schema\/logo\/image\/","url":"https:\/\/evolve-fitness.eu\/wp-content\/uploads\/2023\/05\/Evolve-logo.svg","contentUrl":"https:\/\/evolve-fitness.eu\/wp-content\/uploads\/2023\/05\/Evolve-logo.svg","width":176,"height":20,"caption":"Evolve"},"image":{"@id":"https:\/\/evolve-fitness.eu\/es\/#\/schema\/logo\/image\/"},"sameAs":["https:\/\/www.facebook.com\/EvolveFitnessEurope"]}]}},"_links":{"self":[{"href":"https:\/\/evolve-fitness.eu\/es\/wp-json\/wp\/v2\/product\/157156","targetHints":{"allow":["GET"]}}],"collection":[{"href":"https:\/\/evolve-fitness.eu\/es\/wp-json\/wp\/v2\/product"}],"about":[{"href":"https:\/\/evolve-fitness.eu\/es\/wp-json\/wp\/v2\/types\/product"}],"wp:featuredmedia":[{"embeddable":true,"href":"https:\/\/evolve-fitness.eu\/es\/wp-json\/wp\/v2\/media\/181074"}],"wp:attachment":[{"href":"https:\/\/evolve-fitness.eu\/es\/wp-json\/wp\/v2\/media?parent=157156"}],"wp:term":[{"taxonomy":"product_brand","embeddable":true,"href":"https:\/\/evolve-fitness.eu\/es\/wp-json\/wp\/v2\/product_brand?post=157156"},{"taxonomy":"product_cat","embeddable":true,"href":"https:\/\/evolve-fitness.eu\/es\/wp-json\/wp\/v2\/product_cat?post=157156"},{"taxonomy":"product_tag","embeddable":true,"href":"https:\/\/evolve-fitness.eu\/es\/wp-json\/wp\/v2\/product_tag?post=157156"}],"curies":[{"name":"wp","href":"https:\/\/api.w.org\/{rel}","templated":true}]}}