{"id":169069,"date":"2024-12-13T08:02:37","date_gmt":"2024-12-13T08:02:37","guid":{"rendered":"https:\/\/evolve-fitness.eu\/product\/juego-de-mangos-de-neopreno-para-gimnasio-evolve-prime-series\/"},"modified":"2026-03-27T10:19:25","modified_gmt":"2026-03-27T08:19:25","slug":"juego-de-mangos-de-neopreno-para-gimnasio-evolve-prime-series","status":"publish","type":"product","link":"https:\/\/evolve-fitness.eu\/es\/producto\/juego-de-mangos-de-neopreno-para-gimnasio-evolve-prime-series\/","title":{"rendered":"Juego de mangos de neopreno para gimnasio Evolve Prime Series"},"content":{"rendered":"\n<section class=\"wp-block-group alignfull black-content has-white-color has-darkgray-background-color has-text-color has-background is-layout-constrained wp-block-group-is-layout-constrained\" style=\"padding-top:var(--wp--preset--spacing--section-bottom);padding-bottom:var(--wp--preset--spacing--section-bottom)\">\n<div class=\"wp-block-columns alignwide mobile-reverse is-layout-flex wp-container-core-columns-is-layout-ca64bf2d wp-block-columns-is-layout-flex\" style=\"margin-bottom:var(--wp--preset--spacing--side-padding)\">\n<div class=\"wp-block-column is-vertically-aligned-center is-layout-flow wp-block-column-is-layout-flow\">\n<h3 class=\"wp-block-heading\" style=\"margin-bottom:var(--wp--preset--spacing--h-3-bottom)\">Agarre de primera para resultados potentes<\/h3>\n\n\n\n<p>Lleva tu entrenamiento al siguiente nivel con el <strong>juego de agarraderas de neopreno Evolve Prime Series<\/strong>: la combinaci\u00f3n definitiva de funcionalidad, comodidad y durabilidad. Tanto si est\u00e1s machacando los entrenamientos con m\u00e1quinas de cable en el gimnasio como marcando rutinas con bandas de resistencia en casa, estas empu\u00f1aduras te dan la ventaja que necesitas. El revestimiento de neopreno, suave pero resistente, ofrece un agarre antideslizante incluso durante las sesiones m\u00e1s sudorosas, minimizando la tensi\u00f3n en las manos y maximizando el rendimiento.  <\/p>\n<\/div>\n\n\n\n<div class=\"wp-block-column is-vertically-aligned-center is-layout-flow wp-block-column-is-layout-flow\">\n<figure class=\"wp-block-video\"><video height=\"2160\" style=\"aspect-ratio: 3840 \/ 2160;\" width=\"3840\" controls=\"\" src=\"https:\/\/evolve-fitness.eu\/wp-content\/uploads\/2024\/12\/VIDEO-EV-GH-PR-100-Evolve-Prime-Series-Neoprene-Gym-Handle-Set-2.mp4\"><\/video><\/figure>\n<\/div>\n<\/div>\n\n\n\n<div class=\"wp-block-columns is-layout-flex wp-container-core-columns-is-layout-9d6595d7 wp-block-columns-is-layout-flex\">\n<div class=\"wp-block-column is-layout-flow wp-block-column-is-layout-flow\">\n<div class=\"wp-block-columns is-layout-flex wp-container-core-columns-is-layout-9d6595d7 wp-block-columns-is-layout-flex\">\n<div class=\"wp-block-column is-layout-flow wp-block-column-is-layout-flow\">\n<figure class=\"wp-block-image size-large is-style-rounded\"><img loading=\"lazy\" decoding=\"async\" width=\"1024\" height=\"683\" src=\"https:\/\/evolve-fitness.eu\/wp-content\/uploads\/2025\/03\/EV-GH-PR-100-Evolve-Prime-Series-Neoprene-Gym-Handle-Set-10-3-1024x683.jpg\" alt=\"\" class=\"wp-image-189545\" srcset=\"https:\/\/evolve-fitness.eu\/wp-content\/uploads\/2025\/03\/EV-GH-PR-100-Evolve-Prime-Series-Neoprene-Gym-Handle-Set-10-3-1024x683.jpg 1024w, https:\/\/evolve-fitness.eu\/wp-content\/uploads\/2025\/03\/EV-GH-PR-100-Evolve-Prime-Series-Neoprene-Gym-Handle-Set-10-3-300x200.jpg 300w, https:\/\/evolve-fitness.eu\/wp-content\/uploads\/2025\/03\/EV-GH-PR-100-Evolve-Prime-Series-Neoprene-Gym-Handle-Set-10-3-150x100.jpg 150w, https:\/\/evolve-fitness.eu\/wp-content\/uploads\/2025\/03\/EV-GH-PR-100-Evolve-Prime-Series-Neoprene-Gym-Handle-Set-10-3-768x512.jpg 768w, https:\/\/evolve-fitness.eu\/wp-content\/uploads\/2025\/03\/EV-GH-PR-100-Evolve-Prime-Series-Neoprene-Gym-Handle-Set-10-3-1536x1024.jpg 1536w, https:\/\/evolve-fitness.eu\/wp-content\/uploads\/2025\/03\/EV-GH-PR-100-Evolve-Prime-Series-Neoprene-Gym-Handle-Set-10-3-2048x1365.jpg 2048w, https:\/\/evolve-fitness.eu\/wp-content\/uploads\/2025\/03\/EV-GH-PR-100-Evolve-Prime-Series-Neoprene-Gym-Handle-Set-10-3-600x400.jpg 600w, https:\/\/evolve-fitness.eu\/wp-content\/uploads\/2025\/03\/EV-GH-PR-100-Evolve-Prime-Series-Neoprene-Gym-Handle-Set-10-3-225x150.jpg 225w\" sizes=\"auto, (max-width: 1024px) 100vw, 1024px\" \/><\/figure>\n<\/div>\n\n\n\n<div class=\"wp-block-column is-layout-flow wp-block-column-is-layout-flow\">\n<h3 class=\"wp-block-heading\" style=\"margin-bottom:var(--wp--preset--spacing--h-3-bottom)\"><strong>Dise\u00f1ado para cada escenario de entrenamiento<\/strong><\/h3>\n\n\n\n<p>Compatible con una amplia variedad de equipos de fitness, este juego de asas se acopla f\u00e1cilmente a m\u00e1quinas de cable, bandas de resistencia y sistemas de poleas. Es el complemento perfecto para remos, curls, presses y flys. Dise\u00f1adas con costuras reforzadas y anillas en D de alta resistencia, estas asas est\u00e1n fabricadas para soportar entrenamientos intensos, a la vez que proporcionan un movimiento suave y uniforme.  <\/p>\n<\/div>\n<\/div>\n<\/div>\n<\/div>\n<\/section>\n","protected":false},"excerpt":{"rendered":"<p>Mejora tu entrenamiento con el Juego de Asas de Neopreno para Gimnasio Evolve Serie Prime, el accesorio definitivo para el entrenamiento de fuerza y los ejercicios de resistencia. Dise\u00f1adas pensando en la comodidad y el rendimiento, estas asas de neopreno de alta calidad proporcionan un agarre seguro y reducen la fatiga de las manos, permiti\u00e9ndote centrarte en alcanzar tus objetivos de fitness. Perfecto para m\u00e1quinas de cable, bandas de resistencia o instalaciones de gimnasio en casa, este duradero juego de asas garantiza la m\u00e1xima versatilidad y durabilidad para una amplia gama de ejercicios.  <\/p>\n","protected":false},"featured_media":169142,"template":"","meta":{"_acf_changed":false,"inline_featured_image":false},"product_brand":[],"product_cat":[5657,2598],"product_tag":[],"class_list":{"0":"post-169069","1":"product","2":"type-product","3":"status-publish","4":"has-post-thumbnail","6":"product_cat-accesorios-es","7":"product_cat-maquinas-selectorizadas","9":"first","10":"instock","11":"shipping-taxable","12":"purchasable","13":"product-type-simple"},"acf":{"long_title":"Juego de mangos de neopreno para gimnasio Evolve Prime Series","subtitle":"","specifications":[{"label":"SKU","text_value":"EV-GH-PR-100","icon":"x"},{"label":"Longitud","text_value":"33 \/ 55 \/ 30 \/ 60 \/ 80 cm","icon":"x"},{"label":"Anchura","text_value":"11,5 cm","icon":"x"},{"label":"Di\u00e1metro de agarre","text_value":"30 mm","icon":"x"},{"label":"Cantidad","text_value":"5 piezas \/ juego","icon":"x"},{"label":"N\u00facleo de acero con cubierta de espuma de neopreno","text_value":"","icon":"v"},{"label":"Empu\u00f1adura ergon\u00f3mica","text_value":"","icon":"v"},{"label":"Garant\u00eda","text_value":"2 a\u00f1os","icon":"x"}],"product_frequently_asked_questions":null},"yoast_head":"<!-- This site is optimized with the Yoast SEO plugin v27.4 - https:\/\/yoast.com\/product\/yoast-seo-wordpress\/ -->\n<title>Juego de mangos de neopreno para gimnasio Evolve Prime Series - Evolve<\/title>\n<meta name=\"robots\" content=\"index, follow, max-snippet:-1, max-image-preview:large, max-video-preview:-1\" \/>\n<link rel=\"canonical\" href=\"https:\/\/evolve-fitness.eu\/es\/producto\/juego-de-mangos-de-neopreno-para-gimnasio-evolve-prime-series\/\" \/>\n<meta property=\"og:locale\" content=\"es_ES\" \/>\n<meta property=\"og:type\" content=\"article\" \/>\n<meta property=\"og:title\" content=\"Juego de mangos de neopreno para gimnasio Evolve Prime Series - Evolve\" \/>\n<meta property=\"og:url\" content=\"https:\/\/evolve-fitness.eu\/es\/producto\/juego-de-mangos-de-neopreno-para-gimnasio-evolve-prime-series\/\" \/>\n<meta property=\"og:site_name\" content=\"Evolve\" \/>\n<meta property=\"article:publisher\" content=\"https:\/\/www.facebook.com\/EvolveFitnessEurope\" \/>\n<meta property=\"article:modified_time\" content=\"2026-03-27T08:19:25+00:00\" \/>\n<meta property=\"og:image\" content=\"https:\/\/evolve-fitness.eu\/wp-content\/uploads\/2024\/12\/EV-GH-PR-100-png.png\" \/>\n\t<meta property=\"og:image:width\" content=\"2060\" \/>\n\t<meta property=\"og:image:height\" content=\"1373\" \/>\n\t<meta property=\"og:image:type\" content=\"image\/png\" \/>\n<meta name=\"twitter:card\" content=\"summary_large_image\" \/>\n<script type=\"application\/ld+json\" class=\"yoast-schema-graph\">{\"@context\":\"https:\\\/\\\/schema.org\",\"@graph\":[{\"@type\":\"WebPage\",\"@id\":\"https:\\\/\\\/evolve-fitness.eu\\\/es\\\/producto\\\/juego-de-mangos-de-neopreno-para-gimnasio-evolve-prime-series\\\/\",\"url\":\"https:\\\/\\\/evolve-fitness.eu\\\/es\\\/producto\\\/juego-de-mangos-de-neopreno-para-gimnasio-evolve-prime-series\\\/\",\"name\":\"Juego de mangos de neopreno para gimnasio Evolve Prime Series - Evolve\",\"isPartOf\":{\"@id\":\"https:\\\/\\\/evolve-fitness.eu\\\/es\\\/#website\"},\"primaryImageOfPage\":{\"@id\":\"https:\\\/\\\/evolve-fitness.eu\\\/es\\\/producto\\\/juego-de-mangos-de-neopreno-para-gimnasio-evolve-prime-series\\\/#primaryimage\"},\"image\":{\"@id\":\"https:\\\/\\\/evolve-fitness.eu\\\/es\\\/producto\\\/juego-de-mangos-de-neopreno-para-gimnasio-evolve-prime-series\\\/#primaryimage\"},\"thumbnailUrl\":\"https:\\\/\\\/evolve-fitness.eu\\\/wp-content\\\/uploads\\\/2024\\\/12\\\/EV-GH-PR-100-png.png\",\"datePublished\":\"2024-12-13T08:02:37+00:00\",\"dateModified\":\"2026-03-27T08:19:25+00:00\",\"breadcrumb\":{\"@id\":\"https:\\\/\\\/evolve-fitness.eu\\\/es\\\/producto\\\/juego-de-mangos-de-neopreno-para-gimnasio-evolve-prime-series\\\/#breadcrumb\"},\"inLanguage\":\"es\",\"potentialAction\":[{\"@type\":\"ReadAction\",\"target\":[\"https:\\\/\\\/evolve-fitness.eu\\\/es\\\/producto\\\/juego-de-mangos-de-neopreno-para-gimnasio-evolve-prime-series\\\/\"]}]},{\"@type\":\"ImageObject\",\"inLanguage\":\"es\",\"@id\":\"https:\\\/\\\/evolve-fitness.eu\\\/es\\\/producto\\\/juego-de-mangos-de-neopreno-para-gimnasio-evolve-prime-series\\\/#primaryimage\",\"url\":\"https:\\\/\\\/evolve-fitness.eu\\\/wp-content\\\/uploads\\\/2024\\\/12\\\/EV-GH-PR-100-png.png\",\"contentUrl\":\"https:\\\/\\\/evolve-fitness.eu\\\/wp-content\\\/uploads\\\/2024\\\/12\\\/EV-GH-PR-100-png.png\",\"width\":2060,\"height\":1373,\"caption\":\"EV-GH-PR-100\"},{\"@type\":\"BreadcrumbList\",\"@id\":\"https:\\\/\\\/evolve-fitness.eu\\\/es\\\/producto\\\/juego-de-mangos-de-neopreno-para-gimnasio-evolve-prime-series\\\/#breadcrumb\",\"itemListElement\":[{\"@type\":\"ListItem\",\"position\":1,\"name\":\"Home\",\"item\":\"https:\\\/\\\/evolve-fitness.eu\\\/es\\\/\"},{\"@type\":\"ListItem\",\"position\":2,\"name\":\"Productos\",\"item\":\"https:\\\/\\\/evolve-fitness.eu\\\/es\\\/shop\\\/\"},{\"@type\":\"ListItem\",\"position\":3,\"name\":\"Juego de mangos de neopreno para gimnasio Evolve Prime Series\"}]},{\"@type\":\"WebSite\",\"@id\":\"https:\\\/\\\/evolve-fitness.eu\\\/es\\\/#website\",\"url\":\"https:\\\/\\\/evolve-fitness.eu\\\/es\\\/\",\"name\":\"Evolve\",\"description\":\"Your Evolved Gear Arrived\",\"publisher\":{\"@id\":\"https:\\\/\\\/evolve-fitness.eu\\\/es\\\/#organization\"},\"potentialAction\":[{\"@type\":\"SearchAction\",\"target\":{\"@type\":\"EntryPoint\",\"urlTemplate\":\"https:\\\/\\\/evolve-fitness.eu\\\/es\\\/?s={search_term_string}\"},\"query-input\":{\"@type\":\"PropertyValueSpecification\",\"valueRequired\":true,\"valueName\":\"search_term_string\"}}],\"inLanguage\":\"es\"},{\"@type\":\"Organization\",\"@id\":\"https:\\\/\\\/evolve-fitness.eu\\\/es\\\/#organization\",\"name\":\"Evolve\",\"url\":\"https:\\\/\\\/evolve-fitness.eu\\\/es\\\/\",\"logo\":{\"@type\":\"ImageObject\",\"inLanguage\":\"es\",\"@id\":\"https:\\\/\\\/evolve-fitness.eu\\\/es\\\/#\\\/schema\\\/logo\\\/image\\\/\",\"url\":\"https:\\\/\\\/evolve-fitness.eu\\\/wp-content\\\/uploads\\\/2023\\\/05\\\/Evolve-logo.svg\",\"contentUrl\":\"https:\\\/\\\/evolve-fitness.eu\\\/wp-content\\\/uploads\\\/2023\\\/05\\\/Evolve-logo.svg\",\"width\":176,\"height\":20,\"caption\":\"Evolve\"},\"image\":{\"@id\":\"https:\\\/\\\/evolve-fitness.eu\\\/es\\\/#\\\/schema\\\/logo\\\/image\\\/\"},\"sameAs\":[\"https:\\\/\\\/www.facebook.com\\\/EvolveFitnessEurope\"]}]}<\/script>\n<!-- \/ Yoast SEO plugin. -->","yoast_head_json":{"title":"Juego de mangos de neopreno para gimnasio Evolve Prime Series - Evolve","robots":{"index":"index","follow":"follow","max-snippet":"max-snippet:-1","max-image-preview":"max-image-preview:large","max-video-preview":"max-video-preview:-1"},"canonical":"https:\/\/evolve-fitness.eu\/es\/producto\/juego-de-mangos-de-neopreno-para-gimnasio-evolve-prime-series\/","og_locale":"es_ES","og_type":"article","og_title":"Juego de mangos de neopreno para gimnasio Evolve Prime Series - Evolve","og_url":"https:\/\/evolve-fitness.eu\/es\/producto\/juego-de-mangos-de-neopreno-para-gimnasio-evolve-prime-series\/","og_site_name":"Evolve","article_publisher":"https:\/\/www.facebook.com\/EvolveFitnessEurope","article_modified_time":"2026-03-27T08:19:25+00:00","og_image":[{"width":2060,"height":1373,"url":"https:\/\/evolve-fitness.eu\/wp-content\/uploads\/2024\/12\/EV-GH-PR-100-png.png","type":"image\/png"}],"twitter_card":"summary_large_image","schema":{"@context":"https:\/\/schema.org","@graph":[{"@type":"WebPage","@id":"https:\/\/evolve-fitness.eu\/es\/producto\/juego-de-mangos-de-neopreno-para-gimnasio-evolve-prime-series\/","url":"https:\/\/evolve-fitness.eu\/es\/producto\/juego-de-mangos-de-neopreno-para-gimnasio-evolve-prime-series\/","name":"Juego de mangos de neopreno para gimnasio Evolve Prime Series - Evolve","isPartOf":{"@id":"https:\/\/evolve-fitness.eu\/es\/#website"},"primaryImageOfPage":{"@id":"https:\/\/evolve-fitness.eu\/es\/producto\/juego-de-mangos-de-neopreno-para-gimnasio-evolve-prime-series\/#primaryimage"},"image":{"@id":"https:\/\/evolve-fitness.eu\/es\/producto\/juego-de-mangos-de-neopreno-para-gimnasio-evolve-prime-series\/#primaryimage"},"thumbnailUrl":"https:\/\/evolve-fitness.eu\/wp-content\/uploads\/2024\/12\/EV-GH-PR-100-png.png","datePublished":"2024-12-13T08:02:37+00:00","dateModified":"2026-03-27T08:19:25+00:00","breadcrumb":{"@id":"https:\/\/evolve-fitness.eu\/es\/producto\/juego-de-mangos-de-neopreno-para-gimnasio-evolve-prime-series\/#breadcrumb"},"inLanguage":"es","potentialAction":[{"@type":"ReadAction","target":["https:\/\/evolve-fitness.eu\/es\/producto\/juego-de-mangos-de-neopreno-para-gimnasio-evolve-prime-series\/"]}]},{"@type":"ImageObject","inLanguage":"es","@id":"https:\/\/evolve-fitness.eu\/es\/producto\/juego-de-mangos-de-neopreno-para-gimnasio-evolve-prime-series\/#primaryimage","url":"https:\/\/evolve-fitness.eu\/wp-content\/uploads\/2024\/12\/EV-GH-PR-100-png.png","contentUrl":"https:\/\/evolve-fitness.eu\/wp-content\/uploads\/2024\/12\/EV-GH-PR-100-png.png","width":2060,"height":1373,"caption":"EV-GH-PR-100"},{"@type":"BreadcrumbList","@id":"https:\/\/evolve-fitness.eu\/es\/producto\/juego-de-mangos-de-neopreno-para-gimnasio-evolve-prime-series\/#breadcrumb","itemListElement":[{"@type":"ListItem","position":1,"name":"Home","item":"https:\/\/evolve-fitness.eu\/es\/"},{"@type":"ListItem","position":2,"name":"Productos","item":"https:\/\/evolve-fitness.eu\/es\/shop\/"},{"@type":"ListItem","position":3,"name":"Juego de mangos de neopreno para gimnasio Evolve Prime Series"}]},{"@type":"WebSite","@id":"https:\/\/evolve-fitness.eu\/es\/#website","url":"https:\/\/evolve-fitness.eu\/es\/","name":"Evolve","description":"Your Evolved Gear Arrived","publisher":{"@id":"https:\/\/evolve-fitness.eu\/es\/#organization"},"potentialAction":[{"@type":"SearchAction","target":{"@type":"EntryPoint","urlTemplate":"https:\/\/evolve-fitness.eu\/es\/?s={search_term_string}"},"query-input":{"@type":"PropertyValueSpecification","valueRequired":true,"valueName":"search_term_string"}}],"inLanguage":"es"},{"@type":"Organization","@id":"https:\/\/evolve-fitness.eu\/es\/#organization","name":"Evolve","url":"https:\/\/evolve-fitness.eu\/es\/","logo":{"@type":"ImageObject","inLanguage":"es","@id":"https:\/\/evolve-fitness.eu\/es\/#\/schema\/logo\/image\/","url":"https:\/\/evolve-fitness.eu\/wp-content\/uploads\/2023\/05\/Evolve-logo.svg","contentUrl":"https:\/\/evolve-fitness.eu\/wp-content\/uploads\/2023\/05\/Evolve-logo.svg","width":176,"height":20,"caption":"Evolve"},"image":{"@id":"https:\/\/evolve-fitness.eu\/es\/#\/schema\/logo\/image\/"},"sameAs":["https:\/\/www.facebook.com\/EvolveFitnessEurope"]}]}},"_links":{"self":[{"href":"https:\/\/evolve-fitness.eu\/es\/wp-json\/wp\/v2\/product\/169069","targetHints":{"allow":["GET"]}}],"collection":[{"href":"https:\/\/evolve-fitness.eu\/es\/wp-json\/wp\/v2\/product"}],"about":[{"href":"https:\/\/evolve-fitness.eu\/es\/wp-json\/wp\/v2\/types\/product"}],"wp:featuredmedia":[{"embeddable":true,"href":"https:\/\/evolve-fitness.eu\/es\/wp-json\/wp\/v2\/media\/169142"}],"wp:attachment":[{"href":"https:\/\/evolve-fitness.eu\/es\/wp-json\/wp\/v2\/media?parent=169069"}],"wp:term":[{"taxonomy":"product_brand","embeddable":true,"href":"https:\/\/evolve-fitness.eu\/es\/wp-json\/wp\/v2\/product_brand?post=169069"},{"taxonomy":"product_cat","embeddable":true,"href":"https:\/\/evolve-fitness.eu\/es\/wp-json\/wp\/v2\/product_cat?post=169069"},{"taxonomy":"product_tag","embeddable":true,"href":"https:\/\/evolve-fitness.eu\/es\/wp-json\/wp\/v2\/product_tag?post=169069"}],"curies":[{"name":"wp","href":"https:\/\/api.w.org\/{rel}","templated":true}]}}